{"id":63,"date":"2024-02-16T09:59:24","date_gmt":"2024-02-16T08:59:24","guid":{"rendered":"https:\/\/www.monteescalier.net\/monteescalier\/?page_id=63"},"modified":"2024-05-15T16:58:24","modified_gmt":"2024-05-15T15:58:24","slug":"monte-escalier-orne","status":"publish","type":"page","link":"https:\/\/www.monteescalier.net\/france\/monte-escalier-orne\/","title":{"rendered":"Monte escalier Orne, Monte escalier Alen\u00e7on"},"content":{"rendered":"<div class='content-column one_half'><div style=\"padding-right:19px;\"><h1>Acheter un monte escalier dans l&rsquo;Orne<\/h1>\n<p><b>Les vendeurs et acheteurs proche de chez vous :<\/b><br \/>\n<a href=\"https:\/\/www.monteescalier.net\/france\/monte-escalier-alencon\/\">Monte escalier \u00e0 Alen\u00e7on<\/a><br \/>\n<a href=\"https:\/\/www.monteescalier.net\/france\/monte-escalier-argentan\/\">Monte escalier \u00e0 Argentan<\/a><br \/>\n<a href=\"https:\/\/www.monteescalier.net\/france\/monte-escalier-mortagne-au-perche\/\">Monte escalier \u00e0 Mortagne-au-Perche<\/a><\/p>\n<p style=\"text-align: justify;\">Vous habitez \u00e0 Alen\u00e7on, Flers, dans la r\u00e9gion d&rsquo;Argentan, l&rsquo;Aigle ou encore S\u00e9es ou la Fert\u00e9-Mac\u00e9 et vous avez besoin d&rsquo;un devis pour un monte escalier, alors nous avons plusieurs bonnes nouvelles pour vous (comme pour tous les habitants de l&rsquo;Orne d&rsquo;ailleurs).<\/p>\n<p style=\"text-align: justify;\">1) Gr\u00e2ce \u00e0 monteescalier.net sp\u00e9cialiste de la mise en relation vendeur\/acheteur de monte escalier, nous vous proposons de vous mettre directement en relation avec des professionnels du monte escalier s\u00e9lectionn\u00e9s dans tout le d\u00e9partement de l&rsquo;Orne et pr\u00eats \u00e0 se rendre chez vous pour installer le mod\u00e8le de monte escalier que vous aurez choisi.<br \/>\n2) Parce que pour faire un bon achat, il faut avoir le choix, nous vous garantissons plusieurs devis enti\u00e8rement gratuits et sans engagements avec des installateurs de monte escalier diff\u00e9rents.<br \/>\n3) Vous habitez \u00e0 Damigny, Vimoutiers, Mortagne-au-Perche, Tinchebray et Domfront, bonne nouvelle, pour vous aussi, les devis sont gratuits, tout comme les demandes de documentation de monte escalier et bien s\u00fbr les demandes de rappel pour obtenir les meilleurs conseils sur l&rsquo;installation de votre monte escalier dans l&rsquo;Orne<br \/>\n4) C&rsquo;est tr\u00e8s rapide : remplissez un de nos formulaires, et attendez les propositions !<\/p>\n<p style=\"text-align: justify;\">choix, prix, mis en concurrence, nous vous donnons tous les outils pour r\u00e9ussir votre investissement&#8230;et c&rsquo;est totalement gratuit ! Profitez-en !<\/p>\n<p>&nbsp;<\/p>\n<div class=\"bouton\">Cliquez ici pour obtenir des devis gratuitement<\/div><\/div><\/div><div class='content-column one_half last_column'><a href=\"https:\/\/www.monteescalier.net\/devis-gratuit.php\" target=\"_blank\" rel=\"noopener noreferrer\"><img loading=\"lazy\" decoding=\"async\" class=\"alignnone size-full img_region\" src=\"https:\/\/www.monteescalier.net\/france\/wp-content\/uploads\/2014\/10\/4devis-monte-escalier-photo-490.png\" alt=\"Orne\" width=\"507\" height=\"485\" \/><\/a><br \/>\n<img loading=\"lazy\" decoding=\"async\" class=\"alignnone size-full img_region_2\" src=\"https:\/\/www.monteescalier.net\/france\/wp-content\/uploads\/2013\/07\/orne.jpg\" alt=\"Orne\" width=\"507\" height=\"485\" \/><\/div><div class='clear_column'><\/div><\/p>\n","protected":false},"excerpt":{"rendered":"","protected":false},"author":1,"featured_media":0,"parent":0,"menu_order":0,"comment_status":"open","ping_status":"open","template":"template2.php","meta":{"_monsterinsights_skip_tracking":false,"_monsterinsights_sitenote_active":false,"_monsterinsights_sitenote_note":"","_monsterinsights_sitenote_category":0,"footnotes":""},"class_list":["post-63","page","type-page","status-publish","hentry"],"yoast_head":"<!-- This site is optimized with the Yoast SEO plugin v26.3 - https:\/\/yoast.com\/wordpress\/plugins\/seo\/ -->\n<title>Monte escalier Orne, Monte escalier Alen\u00e7on - Monte escalier<\/title>\n<meta name=\"description\" content=\"Vous recherchez un monte escalier dans l&#039;Orne? Voici notre liste : Alen\u00e7on, Argentan, Mortagne-au-Perche\" \/>\n<meta name=\"robots\" content=\"index, follow, max-snippet:-1, max-image-preview:large, max-video-preview:-1\" \/>\n<link rel=\"canonical\" href=\"https:\/\/www.monteescalier.net\/france\/monte-escalier-orne\/\" \/>\n<meta property=\"og:locale\" content=\"fr_FR\" \/>\n<meta property=\"og:type\" content=\"article\" \/>\n<meta property=\"og:title\" content=\"Monte escalier Orne, Monte escalier Alen\u00e7on - Monte escalier\" \/>\n<meta property=\"og:description\" content=\"Vous recherchez un monte escalier dans l&#039;Orne? Voici notre liste : Alen\u00e7on, Argentan, Mortagne-au-Perche\" \/>\n<meta property=\"og:url\" content=\"https:\/\/www.monteescalier.net\/france\/monte-escalier-orne\/\" \/>\n<meta property=\"og:site_name\" content=\"Monte escalier\" \/>\n<meta property=\"article:modified_time\" content=\"2024-05-15T15:58:24+00:00\" \/>\n<meta property=\"og:image\" content=\"https:\/\/www.monteescalier.net\/france\/wp-content\/uploads\/2014\/10\/4devis-monte-escalier-photo-490.png\" \/>\n<meta name=\"twitter:card\" content=\"summary_large_image\" \/>\n<meta name=\"twitter:label1\" content=\"Dur\u00e9e de lecture estim\u00e9e\" \/>\n\t<meta name=\"twitter:data1\" content=\"2 minutes\" \/>\n<script type=\"application\/ld+json\" class=\"yoast-schema-graph\">{\"@context\":\"https:\/\/schema.org\",\"@graph\":[{\"@type\":\"WebPage\",\"@id\":\"https:\/\/www.monteescalier.net\/france\/monte-escalier-orne\/\",\"url\":\"https:\/\/www.monteescalier.net\/france\/monte-escalier-orne\/\",\"name\":\"Monte escalier Orne, Monte escalier Alen\u00e7on - Monte escalier\",\"isPartOf\":{\"@id\":\"https:\/\/www.monteescalier.net\/france\/#website\"},\"primaryImageOfPage\":{\"@id\":\"https:\/\/www.monteescalier.net\/france\/monte-escalier-orne\/#primaryimage\"},\"image\":{\"@id\":\"https:\/\/www.monteescalier.net\/france\/monte-escalier-orne\/#primaryimage\"},\"thumbnailUrl\":\"https:\/\/www.monteescalier.net\/france\/wp-content\/uploads\/2014\/10\/4devis-monte-escalier-photo-490.png\",\"datePublished\":\"2024-02-16T08:59:24+00:00\",\"dateModified\":\"2024-05-15T15:58:24+00:00\",\"description\":\"Vous recherchez un monte escalier dans l'Orne? Voici notre liste : Alen\u00e7on, Argentan, Mortagne-au-Perche\",\"breadcrumb\":{\"@id\":\"https:\/\/www.monteescalier.net\/france\/monte-escalier-orne\/#breadcrumb\"},\"inLanguage\":\"fr-FR\",\"potentialAction\":[{\"@type\":\"ReadAction\",\"target\":[\"https:\/\/www.monteescalier.net\/france\/monte-escalier-orne\/\"]}]},{\"@type\":\"ImageObject\",\"inLanguage\":\"fr-FR\",\"@id\":\"https:\/\/www.monteescalier.net\/france\/monte-escalier-orne\/#primaryimage\",\"url\":\"https:\/\/www.monteescalier.net\/france\/wp-content\/uploads\/2014\/10\/4devis-monte-escalier-photo-490.png\",\"contentUrl\":\"https:\/\/www.monteescalier.net\/france\/wp-content\/uploads\/2014\/10\/4devis-monte-escalier-photo-490.png\",\"width\":490,\"height\":267},{\"@type\":\"BreadcrumbList\",\"@id\":\"https:\/\/www.monteescalier.net\/france\/monte-escalier-orne\/#breadcrumb\",\"itemListElement\":[{\"@type\":\"ListItem\",\"position\":1,\"name\":\"Accueil\",\"item\":\"https:\/\/www.monteescalier.net\/france\/\"},{\"@type\":\"ListItem\",\"position\":2,\"name\":\"Monte escalier Orne, Monte escalier Alen\u00e7on\"}]},{\"@type\":\"WebSite\",\"@id\":\"https:\/\/www.monteescalier.net\/france\/#website\",\"url\":\"https:\/\/www.monteescalier.net\/france\/\",\"name\":\"Monte escalier\",\"description\":\"\",\"publisher\":{\"@id\":\"https:\/\/www.monteescalier.net\/france\/#organization\"},\"potentialAction\":[{\"@type\":\"SearchAction\",\"target\":{\"@type\":\"EntryPoint\",\"urlTemplate\":\"https:\/\/www.monteescalier.net\/france\/?s={search_term_string}\"},\"query-input\":{\"@type\":\"PropertyValueSpecification\",\"valueRequired\":true,\"valueName\":\"search_term_string\"}}],\"inLanguage\":\"fr-FR\"},{\"@type\":\"Organization\",\"@id\":\"https:\/\/www.monteescalier.net\/france\/#organization\",\"name\":\"monte-escalier.net\",\"url\":\"https:\/\/www.monteescalier.net\/france\/\",\"logo\":{\"@type\":\"ImageObject\",\"inLanguage\":\"fr-FR\",\"@id\":\"https:\/\/www.monteescalier.net\/france\/#\/schema\/logo\/image\/\",\"url\":\"https:\/\/www.monteescalier.net\/france\/wp-content\/uploads\/2016\/10\/4devis-mont-escalier-500-500.gif\",\"contentUrl\":\"https:\/\/www.monteescalier.net\/france\/wp-content\/uploads\/2016\/10\/4devis-mont-escalier-500-500.gif\",\"width\":500,\"height\":500,\"caption\":\"monte-escalier.net\"},\"image\":{\"@id\":\"https:\/\/www.monteescalier.net\/france\/#\/schema\/logo\/image\/\"}}]}<\/script>\n<!-- \/ Yoast SEO plugin. -->","yoast_head_json":{"title":"Monte escalier Orne, Monte escalier Alen\u00e7on - Monte escalier","description":"Vous recherchez un monte escalier dans l'Orne? Voici notre liste : Alen\u00e7on, Argentan, Mortagne-au-Perche","robots":{"index":"index","follow":"follow","max-snippet":"max-snippet:-1","max-image-preview":"max-image-preview:large","max-video-preview":"max-video-preview:-1"},"canonical":"https:\/\/www.monteescalier.net\/france\/monte-escalier-orne\/","og_locale":"fr_FR","og_type":"article","og_title":"Monte escalier Orne, Monte escalier Alen\u00e7on - Monte escalier","og_description":"Vous recherchez un monte escalier dans l'Orne? Voici notre liste : Alen\u00e7on, Argentan, Mortagne-au-Perche","og_url":"https:\/\/www.monteescalier.net\/france\/monte-escalier-orne\/","og_site_name":"Monte escalier","article_modified_time":"2024-05-15T15:58:24+00:00","og_image":[{"url":"https:\/\/www.monteescalier.net\/france\/wp-content\/uploads\/2014\/10\/4devis-monte-escalier-photo-490.png","type":"","width":"","height":""}],"twitter_card":"summary_large_image","twitter_misc":{"Dur\u00e9e de lecture estim\u00e9e":"2 minutes"},"schema":{"@context":"https:\/\/schema.org","@graph":[{"@type":"WebPage","@id":"https:\/\/www.monteescalier.net\/france\/monte-escalier-orne\/","url":"https:\/\/www.monteescalier.net\/france\/monte-escalier-orne\/","name":"Monte escalier Orne, Monte escalier Alen\u00e7on - Monte escalier","isPartOf":{"@id":"https:\/\/www.monteescalier.net\/france\/#website"},"primaryImageOfPage":{"@id":"https:\/\/www.monteescalier.net\/france\/monte-escalier-orne\/#primaryimage"},"image":{"@id":"https:\/\/www.monteescalier.net\/france\/monte-escalier-orne\/#primaryimage"},"thumbnailUrl":"https:\/\/www.monteescalier.net\/france\/wp-content\/uploads\/2014\/10\/4devis-monte-escalier-photo-490.png","datePublished":"2024-02-16T08:59:24+00:00","dateModified":"2024-05-15T15:58:24+00:00","description":"Vous recherchez un monte escalier dans l'Orne? Voici notre liste : Alen\u00e7on, Argentan, Mortagne-au-Perche","breadcrumb":{"@id":"https:\/\/www.monteescalier.net\/france\/monte-escalier-orne\/#breadcrumb"},"inLanguage":"fr-FR","potentialAction":[{"@type":"ReadAction","target":["https:\/\/www.monteescalier.net\/france\/monte-escalier-orne\/"]}]},{"@type":"ImageObject","inLanguage":"fr-FR","@id":"https:\/\/www.monteescalier.net\/france\/monte-escalier-orne\/#primaryimage","url":"https:\/\/www.monteescalier.net\/france\/wp-content\/uploads\/2014\/10\/4devis-monte-escalier-photo-490.png","contentUrl":"https:\/\/www.monteescalier.net\/france\/wp-content\/uploads\/2014\/10\/4devis-monte-escalier-photo-490.png","width":490,"height":267},{"@type":"BreadcrumbList","@id":"https:\/\/www.monteescalier.net\/france\/monte-escalier-orne\/#breadcrumb","itemListElement":[{"@type":"ListItem","position":1,"name":"Accueil","item":"https:\/\/www.monteescalier.net\/france\/"},{"@type":"ListItem","position":2,"name":"Monte escalier Orne, Monte escalier Alen\u00e7on"}]},{"@type":"WebSite","@id":"https:\/\/www.monteescalier.net\/france\/#website","url":"https:\/\/www.monteescalier.net\/france\/","name":"Monte escalier","description":"","publisher":{"@id":"https:\/\/www.monteescalier.net\/france\/#organization"},"potentialAction":[{"@type":"SearchAction","target":{"@type":"EntryPoint","urlTemplate":"https:\/\/www.monteescalier.net\/france\/?s={search_term_string}"},"query-input":{"@type":"PropertyValueSpecification","valueRequired":true,"valueName":"search_term_string"}}],"inLanguage":"fr-FR"},{"@type":"Organization","@id":"https:\/\/www.monteescalier.net\/france\/#organization","name":"monte-escalier.net","url":"https:\/\/www.monteescalier.net\/france\/","logo":{"@type":"ImageObject","inLanguage":"fr-FR","@id":"https:\/\/www.monteescalier.net\/france\/#\/schema\/logo\/image\/","url":"https:\/\/www.monteescalier.net\/france\/wp-content\/uploads\/2016\/10\/4devis-mont-escalier-500-500.gif","contentUrl":"https:\/\/www.monteescalier.net\/france\/wp-content\/uploads\/2016\/10\/4devis-mont-escalier-500-500.gif","width":500,"height":500,"caption":"monte-escalier.net"},"image":{"@id":"https:\/\/www.monteescalier.net\/france\/#\/schema\/logo\/image\/"}}]}},"_links":{"self":[{"href":"https:\/\/www.monteescalier.net\/france\/wp-json\/wp\/v2\/pages\/63","targetHints":{"allow":["GET"]}}],"collection":[{"href":"https:\/\/www.monteescalier.net\/france\/wp-json\/wp\/v2\/pages"}],"about":[{"href":"https:\/\/www.monteescalier.net\/france\/wp-json\/wp\/v2\/types\/page"}],"author":[{"embeddable":true,"href":"https:\/\/www.monteescalier.net\/france\/wp-json\/wp\/v2\/users\/1"}],"replies":[{"embeddable":true,"href":"https:\/\/www.monteescalier.net\/france\/wp-json\/wp\/v2\/comments?post=63"}],"version-history":[{"count":5,"href":"https:\/\/www.monteescalier.net\/france\/wp-json\/wp\/v2\/pages\/63\/revisions"}],"predecessor-version":[{"id":9122,"href":"https:\/\/www.monteescalier.net\/france\/wp-json\/wp\/v2\/pages\/63\/revisions\/9122"}],"wp:attachment":[{"href":"https:\/\/www.monteescalier.net\/france\/wp-json\/wp\/v2\/media?parent=63"}],"curies":[{"name":"wp","href":"https:\/\/api.w.org\/{rel}","templated":true}]}}