{"id":68,"date":"2023-07-16T10:03:16","date_gmt":"2023-07-16T09:03:16","guid":{"rendered":"https:\/\/www.monteescalier.net\/monteescalier\/?page_id=68"},"modified":"2024-05-15T17:02:29","modified_gmt":"2024-05-15T16:02:29","slug":"monte-escalier-seine-maritime","status":"publish","type":"page","link":"https:\/\/www.monteescalier.net\/france\/monte-escalier-seine-maritime\/","title":{"rendered":"Monte escalier Seine maritime Rouen"},"content":{"rendered":"<div class='content-column one_half'><div style=\"padding-right:19px;\"><h1>Le choix d&rsquo;un installateur de monte escalier en Seine Maritime<\/h1>\n<p><b>S\u00e9lection de professionnels dans votre d\u00e9partement :<\/b><br \/>\n<a href=\"https:\/\/www.monteescalier.net\/france\/monte-escalier-rouen\/\">Monte escalier \u00e0 Rouen<\/a><br \/>\n<a href=\"https:\/\/www.monteescalier.net\/france\/monte-escalier-dieppe\/\">Monte escalier \u00e0 Dieppe<\/a><br \/>\n<a href=\"https:\/\/www.monteescalier.net\/france\/monte-escalier-le-havre\/\">Monte escalier \u00e0 Le Havre<\/a><\/p>\n<p style=\"text-align: justify;\">Plusieurs devis de monte escalier en Seine Maritime en quelques clics, c&rsquo;est facile avec monteescalier.net. Compl\u00e9tez un de nos formulaires en ligne et vous recevrez gratuitement les propositions de devis gratuit, demande de rappel et de documentation sur les monte escalier propos\u00e9s par notre s\u00e9lection d&rsquo;installateurs de Monte escaliers en Seine Maritime.<\/p>\n<p style=\"text-align: justify;\">Vous souhaitez faire installer un monte escalier au Havre, \u00e0 Rouen, Dieppe ou Sotteville, faites jouer la concurrence en testant notre s\u00e9lection d&rsquo;installateurs de monte escalier en Seine Maritime.<\/p>\n<p style=\"text-align: justify;\">Quel que soit votre projet de monte escalier, nos experts partenaires en Seine Maritime ont les r\u00e9ponses \u00e0 vos interrogations sur tous les mod\u00e8les de monte escalier et pourront vous offrir toutes les r\u00e9ponses n\u00e9cessaires en terme de prix, de co\u00fbt d&rsquo;installation et de choix de mat\u00e9riel.<\/p>\n<p style=\"text-align: justify;\">Au Grand Quevilly, \u00e0 F\u00e9camp, Canteleu, Bolbec, Mont Saint Aignan Elbeuf, Saint Etienne du Rouvray et dans toutes les autres villes et villages du d\u00e9partement, l&rsquo;installation d&rsquo;un monte escalier chez vous se fera en toute connaissance de cause. Nous avons s\u00e9lectionn\u00e9 pour vous des experts du monte escalier; \u00e0 vous de choisir celui qui saura le mieux r\u00e9pondre \u00e0 vos attentes.<\/p>\n<p style=\"text-align: justify;\">C&rsquo;est tout b\u00e9n\u00e9fice pour vous, car vous ne vous engagez en rien mais vous b\u00e9n\u00e9ficiez d&rsquo;une vue compl\u00e8te du march\u00e9 des monte escaliers en Seine Maritime. Vous n&rsquo;aurez en effet aucun mal, en les comparant, \u00e0 d\u00e9terminer quel est le meilleur installateur de monte escalier dans votre d\u00e9partement&#8230;alors foncez \u00a0! et cliquez sur le lien ci-dessus.<\/p>\n<p>&nbsp;<\/p>\n<div class=\"bouton\" onclick=\"location.href='https:\/\/www.monteescalier.net\/devis-gratuit.php'\">Cliquez ici pour obtenir des devis gratuitement<\/div>\n<p>&nbsp;<\/p><\/div><\/div><div class='content-column one_half last_column'><a href=\"https:\/\/www.monteescalier.net\/devis-gratuit.php\" target=\"_blank\" rel=\"noopener noreferrer\"><img loading=\"lazy\" decoding=\"async\" class=\"alignnone size-full img_region\" src=\"https:\/\/www.monteescalier.net\/france\/wp-content\/uploads\/2014\/10\/4devis-monte-escalier-photo-490.png\" alt=\"Seine Maritime\" width=\"507\" height=\"485\" \/><\/a><br \/>\n<img loading=\"lazy\" decoding=\"async\" class=\"alignnone size-full img_region_2\" src=\"https:\/\/www.monteescalier.net\/france\/wp-content\/uploads\/2013\/07\/seinemaritime.jpg\" alt=\"Seine Maritime\" width=\"507\" height=\"485\" \/><\/div><div class='clear_column'><\/div><\/p>\n","protected":false},"excerpt":{"rendered":"","protected":false},"author":1,"featured_media":0,"parent":0,"menu_order":0,"comment_status":"open","ping_status":"closed","template":"template1.php","meta":{"_monsterinsights_skip_tracking":false,"_monsterinsights_sitenote_active":false,"_monsterinsights_sitenote_note":"","_monsterinsights_sitenote_category":0,"footnotes":""},"class_list":["post-68","page","type-page","status-publish","hentry"],"yoast_head":"<!-- This site is optimized with the Yoast SEO plugin v26.3 - https:\/\/yoast.com\/wordpress\/plugins\/seo\/ -->\n<title>Monte escalier Seine maritime Rouen - Monte escalier<\/title>\n<meta name=\"description\" content=\"Monte-escalier de qualit\u00e9 en Seine-maritime, Rouen, Dieppe, Le Havre.\" \/>\n<meta name=\"robots\" content=\"index, follow, max-snippet:-1, max-image-preview:large, max-video-preview:-1\" \/>\n<link rel=\"canonical\" href=\"https:\/\/www.monteescalier.net\/france\/monte-escalier-seine-maritime\/\" \/>\n<meta property=\"og:locale\" content=\"fr_FR\" \/>\n<meta property=\"og:type\" content=\"article\" \/>\n<meta property=\"og:title\" content=\"Monte escalier Seine maritime Rouen - Monte escalier\" \/>\n<meta property=\"og:description\" content=\"Monte-escalier de qualit\u00e9 en Seine-maritime, Rouen, Dieppe, Le Havre.\" \/>\n<meta property=\"og:url\" content=\"https:\/\/www.monteescalier.net\/france\/monte-escalier-seine-maritime\/\" \/>\n<meta property=\"og:site_name\" content=\"Monte escalier\" \/>\n<meta property=\"article:modified_time\" content=\"2024-05-15T16:02:29+00:00\" \/>\n<meta property=\"og:image\" content=\"https:\/\/www.monteescalier.net\/france\/wp-content\/uploads\/2014\/10\/4devis-monte-escalier-photo-490.png\" \/>\n<meta name=\"twitter:card\" content=\"summary_large_image\" \/>\n<meta name=\"twitter:label1\" content=\"Dur\u00e9e de lecture estim\u00e9e\" \/>\n\t<meta name=\"twitter:data1\" content=\"2 minutes\" \/>\n<script type=\"application\/ld+json\" class=\"yoast-schema-graph\">{\"@context\":\"https:\/\/schema.org\",\"@graph\":[{\"@type\":\"WebPage\",\"@id\":\"https:\/\/www.monteescalier.net\/france\/monte-escalier-seine-maritime\/\",\"url\":\"https:\/\/www.monteescalier.net\/france\/monte-escalier-seine-maritime\/\",\"name\":\"Monte escalier Seine maritime Rouen - Monte escalier\",\"isPartOf\":{\"@id\":\"https:\/\/www.monteescalier.net\/france\/#website\"},\"primaryImageOfPage\":{\"@id\":\"https:\/\/www.monteescalier.net\/france\/monte-escalier-seine-maritime\/#primaryimage\"},\"image\":{\"@id\":\"https:\/\/www.monteescalier.net\/france\/monte-escalier-seine-maritime\/#primaryimage\"},\"thumbnailUrl\":\"https:\/\/www.monteescalier.net\/france\/wp-content\/uploads\/2014\/10\/4devis-monte-escalier-photo-490.png\",\"datePublished\":\"2023-07-16T09:03:16+00:00\",\"dateModified\":\"2024-05-15T16:02:29+00:00\",\"description\":\"Monte-escalier de qualit\u00e9 en Seine-maritime, Rouen, Dieppe, Le Havre.\",\"breadcrumb\":{\"@id\":\"https:\/\/www.monteescalier.net\/france\/monte-escalier-seine-maritime\/#breadcrumb\"},\"inLanguage\":\"fr-FR\",\"potentialAction\":[{\"@type\":\"ReadAction\",\"target\":[\"https:\/\/www.monteescalier.net\/france\/monte-escalier-seine-maritime\/\"]}]},{\"@type\":\"ImageObject\",\"inLanguage\":\"fr-FR\",\"@id\":\"https:\/\/www.monteescalier.net\/france\/monte-escalier-seine-maritime\/#primaryimage\",\"url\":\"https:\/\/www.monteescalier.net\/france\/wp-content\/uploads\/2014\/10\/4devis-monte-escalier-photo-490.png\",\"contentUrl\":\"https:\/\/www.monteescalier.net\/france\/wp-content\/uploads\/2014\/10\/4devis-monte-escalier-photo-490.png\",\"width\":490,\"height\":267},{\"@type\":\"BreadcrumbList\",\"@id\":\"https:\/\/www.monteescalier.net\/france\/monte-escalier-seine-maritime\/#breadcrumb\",\"itemListElement\":[{\"@type\":\"ListItem\",\"position\":1,\"name\":\"Accueil\",\"item\":\"https:\/\/www.monteescalier.net\/france\/\"},{\"@type\":\"ListItem\",\"position\":2,\"name\":\"Monte escalier Seine maritime Rouen\"}]},{\"@type\":\"WebSite\",\"@id\":\"https:\/\/www.monteescalier.net\/france\/#website\",\"url\":\"https:\/\/www.monteescalier.net\/france\/\",\"name\":\"Monte escalier\",\"description\":\"\",\"publisher\":{\"@id\":\"https:\/\/www.monteescalier.net\/france\/#organization\"},\"potentialAction\":[{\"@type\":\"SearchAction\",\"target\":{\"@type\":\"EntryPoint\",\"urlTemplate\":\"https:\/\/www.monteescalier.net\/france\/?s={search_term_string}\"},\"query-input\":{\"@type\":\"PropertyValueSpecification\",\"valueRequired\":true,\"valueName\":\"search_term_string\"}}],\"inLanguage\":\"fr-FR\"},{\"@type\":\"Organization\",\"@id\":\"https:\/\/www.monteescalier.net\/france\/#organization\",\"name\":\"monte-escalier.net\",\"url\":\"https:\/\/www.monteescalier.net\/france\/\",\"logo\":{\"@type\":\"ImageObject\",\"inLanguage\":\"fr-FR\",\"@id\":\"https:\/\/www.monteescalier.net\/france\/#\/schema\/logo\/image\/\",\"url\":\"https:\/\/www.monteescalier.net\/france\/wp-content\/uploads\/2016\/10\/4devis-mont-escalier-500-500.gif\",\"contentUrl\":\"https:\/\/www.monteescalier.net\/france\/wp-content\/uploads\/2016\/10\/4devis-mont-escalier-500-500.gif\",\"width\":500,\"height\":500,\"caption\":\"monte-escalier.net\"},\"image\":{\"@id\":\"https:\/\/www.monteescalier.net\/france\/#\/schema\/logo\/image\/\"}}]}<\/script>\n<!-- \/ Yoast SEO plugin. -->","yoast_head_json":{"title":"Monte escalier Seine maritime Rouen - Monte escalier","description":"Monte-escalier de qualit\u00e9 en Seine-maritime, Rouen, Dieppe, Le Havre.","robots":{"index":"index","follow":"follow","max-snippet":"max-snippet:-1","max-image-preview":"max-image-preview:large","max-video-preview":"max-video-preview:-1"},"canonical":"https:\/\/www.monteescalier.net\/france\/monte-escalier-seine-maritime\/","og_locale":"fr_FR","og_type":"article","og_title":"Monte escalier Seine maritime Rouen - Monte escalier","og_description":"Monte-escalier de qualit\u00e9 en Seine-maritime, Rouen, Dieppe, Le Havre.","og_url":"https:\/\/www.monteescalier.net\/france\/monte-escalier-seine-maritime\/","og_site_name":"Monte escalier","article_modified_time":"2024-05-15T16:02:29+00:00","og_image":[{"url":"https:\/\/www.monteescalier.net\/france\/wp-content\/uploads\/2014\/10\/4devis-monte-escalier-photo-490.png","type":"","width":"","height":""}],"twitter_card":"summary_large_image","twitter_misc":{"Dur\u00e9e de lecture estim\u00e9e":"2 minutes"},"schema":{"@context":"https:\/\/schema.org","@graph":[{"@type":"WebPage","@id":"https:\/\/www.monteescalier.net\/france\/monte-escalier-seine-maritime\/","url":"https:\/\/www.monteescalier.net\/france\/monte-escalier-seine-maritime\/","name":"Monte escalier Seine maritime Rouen - Monte escalier","isPartOf":{"@id":"https:\/\/www.monteescalier.net\/france\/#website"},"primaryImageOfPage":{"@id":"https:\/\/www.monteescalier.net\/france\/monte-escalier-seine-maritime\/#primaryimage"},"image":{"@id":"https:\/\/www.monteescalier.net\/france\/monte-escalier-seine-maritime\/#primaryimage"},"thumbnailUrl":"https:\/\/www.monteescalier.net\/france\/wp-content\/uploads\/2014\/10\/4devis-monte-escalier-photo-490.png","datePublished":"2023-07-16T09:03:16+00:00","dateModified":"2024-05-15T16:02:29+00:00","description":"Monte-escalier de qualit\u00e9 en Seine-maritime, Rouen, Dieppe, Le Havre.","breadcrumb":{"@id":"https:\/\/www.monteescalier.net\/france\/monte-escalier-seine-maritime\/#breadcrumb"},"inLanguage":"fr-FR","potentialAction":[{"@type":"ReadAction","target":["https:\/\/www.monteescalier.net\/france\/monte-escalier-seine-maritime\/"]}]},{"@type":"ImageObject","inLanguage":"fr-FR","@id":"https:\/\/www.monteescalier.net\/france\/monte-escalier-seine-maritime\/#primaryimage","url":"https:\/\/www.monteescalier.net\/france\/wp-content\/uploads\/2014\/10\/4devis-monte-escalier-photo-490.png","contentUrl":"https:\/\/www.monteescalier.net\/france\/wp-content\/uploads\/2014\/10\/4devis-monte-escalier-photo-490.png","width":490,"height":267},{"@type":"BreadcrumbList","@id":"https:\/\/www.monteescalier.net\/france\/monte-escalier-seine-maritime\/#breadcrumb","itemListElement":[{"@type":"ListItem","position":1,"name":"Accueil","item":"https:\/\/www.monteescalier.net\/france\/"},{"@type":"ListItem","position":2,"name":"Monte escalier Seine maritime Rouen"}]},{"@type":"WebSite","@id":"https:\/\/www.monteescalier.net\/france\/#website","url":"https:\/\/www.monteescalier.net\/france\/","name":"Monte escalier","description":"","publisher":{"@id":"https:\/\/www.monteescalier.net\/france\/#organization"},"potentialAction":[{"@type":"SearchAction","target":{"@type":"EntryPoint","urlTemplate":"https:\/\/www.monteescalier.net\/france\/?s={search_term_string}"},"query-input":{"@type":"PropertyValueSpecification","valueRequired":true,"valueName":"search_term_string"}}],"inLanguage":"fr-FR"},{"@type":"Organization","@id":"https:\/\/www.monteescalier.net\/france\/#organization","name":"monte-escalier.net","url":"https:\/\/www.monteescalier.net\/france\/","logo":{"@type":"ImageObject","inLanguage":"fr-FR","@id":"https:\/\/www.monteescalier.net\/france\/#\/schema\/logo\/image\/","url":"https:\/\/www.monteescalier.net\/france\/wp-content\/uploads\/2016\/10\/4devis-mont-escalier-500-500.gif","contentUrl":"https:\/\/www.monteescalier.net\/france\/wp-content\/uploads\/2016\/10\/4devis-mont-escalier-500-500.gif","width":500,"height":500,"caption":"monte-escalier.net"},"image":{"@id":"https:\/\/www.monteescalier.net\/france\/#\/schema\/logo\/image\/"}}]}},"_links":{"self":[{"href":"https:\/\/www.monteescalier.net\/france\/wp-json\/wp\/v2\/pages\/68","targetHints":{"allow":["GET"]}}],"collection":[{"href":"https:\/\/www.monteescalier.net\/france\/wp-json\/wp\/v2\/pages"}],"about":[{"href":"https:\/\/www.monteescalier.net\/france\/wp-json\/wp\/v2\/types\/page"}],"author":[{"embeddable":true,"href":"https:\/\/www.monteescalier.net\/france\/wp-json\/wp\/v2\/users\/1"}],"replies":[{"embeddable":true,"href":"https:\/\/www.monteescalier.net\/france\/wp-json\/wp\/v2\/comments?post=68"}],"version-history":[{"count":9,"href":"https:\/\/www.monteescalier.net\/france\/wp-json\/wp\/v2\/pages\/68\/revisions"}],"predecessor-version":[{"id":9129,"href":"https:\/\/www.monteescalier.net\/france\/wp-json\/wp\/v2\/pages\/68\/revisions\/9129"}],"wp:attachment":[{"href":"https:\/\/www.monteescalier.net\/france\/wp-json\/wp\/v2\/media?parent=68"}],"curies":[{"name":"wp","href":"https:\/\/api.w.org\/{rel}","templated":true}]}}