{"id":70,"date":"2023-07-16T10:05:21","date_gmt":"2023-07-16T09:05:21","guid":{"rendered":"https:\/\/www.monteescalier.net\/monteescalier\/?page_id=70"},"modified":"2024-05-15T16:22:10","modified_gmt":"2024-05-15T15:22:10","slug":"monte-escalier-eure-et-loir","status":"publish","type":"page","link":"https:\/\/www.monteescalier.net\/france\/monte-escalier-eure-et-loir\/","title":{"rendered":"Monte escalier Eure-et-Loir, Chartres"},"content":{"rendered":"<div class='content-column one_half'><div style=\"padding-right:19px;\"><h1>Les monte escalier dans l&rsquo;Eure et Loir<\/h1>\n<p><b>Proche de votre habitation :<\/b><br \/>\n<a href=\"https:\/\/www.monteescalier.net\/france\/monte-escalier-chartres\/\">Les monte escaliers vers Chartres<\/a><br \/>\n<a href=\"https:\/\/www.monteescalier.net\/france\/monte-escalier-dreux\/\">Les monte escaliers vers Dreux<\/a><br \/>\n<a href=\"https:\/\/www.monteescalier.net\/france\/monte-escalier-chateaudun\/\">Les monte escalier vers Ch\u00e2teaudun<\/a><\/p>\n<p style=\"text-align: justify;\">Vous avez besoin d&rsquo;un monte escalier dans le d\u00e9partement des C\u00f4tes d&rsquo;Armor ? avec notre site monteescalier.net, nous pouvons vous mettre en relation avec les plus performants revendeurs de monte escalier dans le d\u00e9partement de l&rsquo;Eure et Loir.<br \/>\nLes installateurs de monte escaliers que nous avons s\u00e9lectionn\u00e9s ont la capacit\u00e9 d&rsquo; intervenir dans les 4 arrondissements du d\u00e9partement de l&rsquo;Eure et Loir. Que votre installation de monte escalier soit pr\u00e9vue \u00e0 Chartres, Dreux, Vernouillet, Luc\u00e9 ou Chateaudun, nos professionnels partenaires du monte escalier interviendront dans les d\u00e9lais les plus brefs.<\/p>\n<p style=\"text-align: justify;\">besoin de comparer avant d&rsquo;acheter ? Au vu de l&rsquo;investissement \u00e0 r\u00e9aliser, le contraire serait une erreur ! Tous nos revendeurs de monte escalier dans l&rsquo;Eure et Loir sont l\u00e0 pour vous soumettre un devis totalement gratuit et sans quelconque engagement que ce soit pour un monte escalier droit ou tournant ou m\u00eame ext\u00e9rieur.<\/p>\n<p style=\"text-align: justify;\">Vous pouvez pr\u00e9f\u00e9rer au pr\u00e9alable recevoir de la documentation ou \u00eatre contact\u00e9 par t\u00e9l\u00e9phone gratuitement pour votre monte escalier en Eure et Loir.<\/p>\n<p style=\"text-align: justify;\">Nos vendeurs de monte escalier se d\u00e9placent dans toutes les communes du d\u00e9partement y compris Bonneval, Mainvilliers, Nogent le Rotrou, Auneau, Luisant, Epernon, Saint Lubin et L\u00e8ves. Ne tardez pas \u00e0 saisir vos coordonn\u00e9es dans un de nos formulaires en ligne pour obtenir gratuitement les infos que vous voulez avoir sur les monte escaliers.<\/p>\n<p>&nbsp;<br \/>\n<a class=\"bt_lien\" href=\"https:\/\/www.monteescalier.net\/france\/demande-de-devis\/\"><\/p>\n<div class=\"bouton\">Cliquez pour recevoir des devis gratuits !<\/div>\n<p><\/a><\/p><\/div><\/div><div class='content-column one_half last_column'><\/div><div class='clear_column'><\/div><br \/>\n<a href=\"https:\/\/www.monteescalier.net\/devis-gratuit.php\" target=\"_blank\" rel=\"noopener\"><img loading=\"lazy\" decoding=\"async\" class=\"alignnone size-full img_region\" src=\"https:\/\/www.monteescalier.net\/france\/wp-content\/uploads\/2014\/10\/4devis-monte-escalier-photo-490.png\" alt=\"Eure et Loir\" width=\"507\" height=\"485\" \/><\/a><br \/>\n<img loading=\"lazy\" decoding=\"async\" class=\"alignnone size-full img_region_2\" src=\"https:\/\/www.monteescalier.net\/france\/wp-content\/uploads\/2013\/07\/eureetloir.jpg\" alt=\"Eure et Loir\" width=\"507\" height=\"485\" \/><\/p>\n","protected":false},"excerpt":{"rendered":"","protected":false},"author":1,"featured_media":0,"parent":0,"menu_order":0,"comment_status":"open","ping_status":"closed","template":"template5.php","meta":{"_monsterinsights_skip_tracking":false,"_monsterinsights_sitenote_active":false,"_monsterinsights_sitenote_note":"","_monsterinsights_sitenote_category":0,"footnotes":""},"class_list":["post-70","page","type-page","status-publish","hentry"],"yoast_head":"<!-- This site is optimized with the Yoast SEO plugin v26.3 - https:\/\/yoast.com\/wordpress\/plugins\/seo\/ -->\n<title>Monte escalier Eure-et-Loir, Chartres - Monte escalier<\/title>\n<meta name=\"description\" content=\"Liste de nos monte escalier en Eure-et-Loire : Chartres, Dreux, Chateaudun.\" \/>\n<meta name=\"robots\" content=\"index, follow, max-snippet:-1, max-image-preview:large, max-video-preview:-1\" \/>\n<link rel=\"canonical\" href=\"https:\/\/www.monteescalier.net\/france\/monte-escalier-eure-et-loir\/\" \/>\n<meta property=\"og:locale\" content=\"fr_FR\" \/>\n<meta property=\"og:type\" content=\"article\" \/>\n<meta property=\"og:title\" content=\"Monte escalier Eure-et-Loir, Chartres - Monte escalier\" \/>\n<meta property=\"og:description\" content=\"Liste de nos monte escalier en Eure-et-Loire : Chartres, Dreux, Chateaudun.\" \/>\n<meta property=\"og:url\" content=\"https:\/\/www.monteescalier.net\/france\/monte-escalier-eure-et-loir\/\" \/>\n<meta property=\"og:site_name\" content=\"Monte escalier\" \/>\n<meta property=\"article:modified_time\" content=\"2024-05-15T15:22:10+00:00\" \/>\n<meta property=\"og:image\" content=\"https:\/\/www.monteescalier.net\/france\/wp-content\/uploads\/2014\/10\/4devis-monte-escalier-photo-490.png\" \/>\n<meta name=\"twitter:card\" content=\"summary_large_image\" \/>\n<meta name=\"twitter:label1\" content=\"Dur\u00e9e de lecture estim\u00e9e\" \/>\n\t<meta name=\"twitter:data1\" content=\"1 minute\" \/>\n<script type=\"application\/ld+json\" class=\"yoast-schema-graph\">{\"@context\":\"https:\/\/schema.org\",\"@graph\":[{\"@type\":\"WebPage\",\"@id\":\"https:\/\/www.monteescalier.net\/france\/monte-escalier-eure-et-loir\/\",\"url\":\"https:\/\/www.monteescalier.net\/france\/monte-escalier-eure-et-loir\/\",\"name\":\"Monte escalier Eure-et-Loir, Chartres - Monte escalier\",\"isPartOf\":{\"@id\":\"https:\/\/www.monteescalier.net\/france\/#website\"},\"primaryImageOfPage\":{\"@id\":\"https:\/\/www.monteescalier.net\/france\/monte-escalier-eure-et-loir\/#primaryimage\"},\"image\":{\"@id\":\"https:\/\/www.monteescalier.net\/france\/monte-escalier-eure-et-loir\/#primaryimage\"},\"thumbnailUrl\":\"https:\/\/www.monteescalier.net\/france\/wp-content\/uploads\/2014\/10\/4devis-monte-escalier-photo-490.png\",\"datePublished\":\"2023-07-16T09:05:21+00:00\",\"dateModified\":\"2024-05-15T15:22:10+00:00\",\"description\":\"Liste de nos monte escalier en Eure-et-Loire : Chartres, Dreux, Chateaudun.\",\"breadcrumb\":{\"@id\":\"https:\/\/www.monteescalier.net\/france\/monte-escalier-eure-et-loir\/#breadcrumb\"},\"inLanguage\":\"fr-FR\",\"potentialAction\":[{\"@type\":\"ReadAction\",\"target\":[\"https:\/\/www.monteescalier.net\/france\/monte-escalier-eure-et-loir\/\"]}]},{\"@type\":\"ImageObject\",\"inLanguage\":\"fr-FR\",\"@id\":\"https:\/\/www.monteescalier.net\/france\/monte-escalier-eure-et-loir\/#primaryimage\",\"url\":\"https:\/\/www.monteescalier.net\/france\/wp-content\/uploads\/2014\/10\/4devis-monte-escalier-photo-490.png\",\"contentUrl\":\"https:\/\/www.monteescalier.net\/france\/wp-content\/uploads\/2014\/10\/4devis-monte-escalier-photo-490.png\",\"width\":490,\"height\":267},{\"@type\":\"BreadcrumbList\",\"@id\":\"https:\/\/www.monteescalier.net\/france\/monte-escalier-eure-et-loir\/#breadcrumb\",\"itemListElement\":[{\"@type\":\"ListItem\",\"position\":1,\"name\":\"Accueil\",\"item\":\"https:\/\/www.monteescalier.net\/france\/\"},{\"@type\":\"ListItem\",\"position\":2,\"name\":\"Monte escalier Eure-et-Loir, Chartres\"}]},{\"@type\":\"WebSite\",\"@id\":\"https:\/\/www.monteescalier.net\/france\/#website\",\"url\":\"https:\/\/www.monteescalier.net\/france\/\",\"name\":\"Monte escalier\",\"description\":\"\",\"publisher\":{\"@id\":\"https:\/\/www.monteescalier.net\/france\/#organization\"},\"potentialAction\":[{\"@type\":\"SearchAction\",\"target\":{\"@type\":\"EntryPoint\",\"urlTemplate\":\"https:\/\/www.monteescalier.net\/france\/?s={search_term_string}\"},\"query-input\":{\"@type\":\"PropertyValueSpecification\",\"valueRequired\":true,\"valueName\":\"search_term_string\"}}],\"inLanguage\":\"fr-FR\"},{\"@type\":\"Organization\",\"@id\":\"https:\/\/www.monteescalier.net\/france\/#organization\",\"name\":\"monte-escalier.net\",\"url\":\"https:\/\/www.monteescalier.net\/france\/\",\"logo\":{\"@type\":\"ImageObject\",\"inLanguage\":\"fr-FR\",\"@id\":\"https:\/\/www.monteescalier.net\/france\/#\/schema\/logo\/image\/\",\"url\":\"https:\/\/www.monteescalier.net\/france\/wp-content\/uploads\/2016\/10\/4devis-mont-escalier-500-500.gif\",\"contentUrl\":\"https:\/\/www.monteescalier.net\/france\/wp-content\/uploads\/2016\/10\/4devis-mont-escalier-500-500.gif\",\"width\":500,\"height\":500,\"caption\":\"monte-escalier.net\"},\"image\":{\"@id\":\"https:\/\/www.monteescalier.net\/france\/#\/schema\/logo\/image\/\"}}]}<\/script>\n<!-- \/ Yoast SEO plugin. -->","yoast_head_json":{"title":"Monte escalier Eure-et-Loir, Chartres - Monte escalier","description":"Liste de nos monte escalier en Eure-et-Loire : Chartres, Dreux, Chateaudun.","robots":{"index":"index","follow":"follow","max-snippet":"max-snippet:-1","max-image-preview":"max-image-preview:large","max-video-preview":"max-video-preview:-1"},"canonical":"https:\/\/www.monteescalier.net\/france\/monte-escalier-eure-et-loir\/","og_locale":"fr_FR","og_type":"article","og_title":"Monte escalier Eure-et-Loir, Chartres - Monte escalier","og_description":"Liste de nos monte escalier en Eure-et-Loire : Chartres, Dreux, Chateaudun.","og_url":"https:\/\/www.monteescalier.net\/france\/monte-escalier-eure-et-loir\/","og_site_name":"Monte escalier","article_modified_time":"2024-05-15T15:22:10+00:00","og_image":[{"url":"https:\/\/www.monteescalier.net\/france\/wp-content\/uploads\/2014\/10\/4devis-monte-escalier-photo-490.png","type":"","width":"","height":""}],"twitter_card":"summary_large_image","twitter_misc":{"Dur\u00e9e de lecture estim\u00e9e":"1 minute"},"schema":{"@context":"https:\/\/schema.org","@graph":[{"@type":"WebPage","@id":"https:\/\/www.monteescalier.net\/france\/monte-escalier-eure-et-loir\/","url":"https:\/\/www.monteescalier.net\/france\/monte-escalier-eure-et-loir\/","name":"Monte escalier Eure-et-Loir, Chartres - Monte escalier","isPartOf":{"@id":"https:\/\/www.monteescalier.net\/france\/#website"},"primaryImageOfPage":{"@id":"https:\/\/www.monteescalier.net\/france\/monte-escalier-eure-et-loir\/#primaryimage"},"image":{"@id":"https:\/\/www.monteescalier.net\/france\/monte-escalier-eure-et-loir\/#primaryimage"},"thumbnailUrl":"https:\/\/www.monteescalier.net\/france\/wp-content\/uploads\/2014\/10\/4devis-monte-escalier-photo-490.png","datePublished":"2023-07-16T09:05:21+00:00","dateModified":"2024-05-15T15:22:10+00:00","description":"Liste de nos monte escalier en Eure-et-Loire : Chartres, Dreux, Chateaudun.","breadcrumb":{"@id":"https:\/\/www.monteescalier.net\/france\/monte-escalier-eure-et-loir\/#breadcrumb"},"inLanguage":"fr-FR","potentialAction":[{"@type":"ReadAction","target":["https:\/\/www.monteescalier.net\/france\/monte-escalier-eure-et-loir\/"]}]},{"@type":"ImageObject","inLanguage":"fr-FR","@id":"https:\/\/www.monteescalier.net\/france\/monte-escalier-eure-et-loir\/#primaryimage","url":"https:\/\/www.monteescalier.net\/france\/wp-content\/uploads\/2014\/10\/4devis-monte-escalier-photo-490.png","contentUrl":"https:\/\/www.monteescalier.net\/france\/wp-content\/uploads\/2014\/10\/4devis-monte-escalier-photo-490.png","width":490,"height":267},{"@type":"BreadcrumbList","@id":"https:\/\/www.monteescalier.net\/france\/monte-escalier-eure-et-loir\/#breadcrumb","itemListElement":[{"@type":"ListItem","position":1,"name":"Accueil","item":"https:\/\/www.monteescalier.net\/france\/"},{"@type":"ListItem","position":2,"name":"Monte escalier Eure-et-Loir, Chartres"}]},{"@type":"WebSite","@id":"https:\/\/www.monteescalier.net\/france\/#website","url":"https:\/\/www.monteescalier.net\/france\/","name":"Monte escalier","description":"","publisher":{"@id":"https:\/\/www.monteescalier.net\/france\/#organization"},"potentialAction":[{"@type":"SearchAction","target":{"@type":"EntryPoint","urlTemplate":"https:\/\/www.monteescalier.net\/france\/?s={search_term_string}"},"query-input":{"@type":"PropertyValueSpecification","valueRequired":true,"valueName":"search_term_string"}}],"inLanguage":"fr-FR"},{"@type":"Organization","@id":"https:\/\/www.monteescalier.net\/france\/#organization","name":"monte-escalier.net","url":"https:\/\/www.monteescalier.net\/france\/","logo":{"@type":"ImageObject","inLanguage":"fr-FR","@id":"https:\/\/www.monteescalier.net\/france\/#\/schema\/logo\/image\/","url":"https:\/\/www.monteescalier.net\/france\/wp-content\/uploads\/2016\/10\/4devis-mont-escalier-500-500.gif","contentUrl":"https:\/\/www.monteescalier.net\/france\/wp-content\/uploads\/2016\/10\/4devis-mont-escalier-500-500.gif","width":500,"height":500,"caption":"monte-escalier.net"},"image":{"@id":"https:\/\/www.monteescalier.net\/france\/#\/schema\/logo\/image\/"}}]}},"_links":{"self":[{"href":"https:\/\/www.monteescalier.net\/france\/wp-json\/wp\/v2\/pages\/70","targetHints":{"allow":["GET"]}}],"collection":[{"href":"https:\/\/www.monteescalier.net\/france\/wp-json\/wp\/v2\/pages"}],"about":[{"href":"https:\/\/www.monteescalier.net\/france\/wp-json\/wp\/v2\/types\/page"}],"author":[{"embeddable":true,"href":"https:\/\/www.monteescalier.net\/france\/wp-json\/wp\/v2\/users\/1"}],"replies":[{"embeddable":true,"href":"https:\/\/www.monteescalier.net\/france\/wp-json\/wp\/v2\/comments?post=70"}],"version-history":[{"count":6,"href":"https:\/\/www.monteescalier.net\/france\/wp-json\/wp\/v2\/pages\/70\/revisions"}],"predecessor-version":[{"id":9081,"href":"https:\/\/www.monteescalier.net\/france\/wp-json\/wp\/v2\/pages\/70\/revisions\/9081"}],"wp:attachment":[{"href":"https:\/\/www.monteescalier.net\/france\/wp-json\/wp\/v2\/media?parent=70"}],"curies":[{"name":"wp","href":"https:\/\/api.w.org\/{rel}","templated":true}]}}