{"id":72,"date":"2023-07-16T10:07:05","date_gmt":"2023-07-16T09:07:05","guid":{"rendered":"https:\/\/www.monteescalier.net\/monteescalier\/?page_id=72"},"modified":"2024-11-28T12:54:23","modified_gmt":"2024-11-28T11:54:23","slug":"monte-escalier-loiret","status":"publish","type":"page","link":"https:\/\/www.monteescalier.net\/france\/monte-escalier-loiret\/","title":{"rendered":"Monte escalier Loiret, Orl\u00e9ans"},"content":{"rendered":"<div class='content-column one_half'><div style=\"padding-right:19px;\"><h1>Les monte escalier dans le Loiret<\/h1>\n<p><b>Revendeurs\/fabricants \u00e0 proximit\u00e9 :<\/b><br \/>\n<a href=\"https:\/\/www.monteescalier.net\/france\/monte-escalier-orleans\/\">Monte escalier \u00e0 Orl\u00e9ans<\/a><br \/>\n<a href=\"https:\/\/www.monteescalier.net\/france\/monte-escalier-pithiviers\/\">Monte escalier \u00e0 Pithiviers<\/a><br \/>\n<a href=\"https:\/\/www.monteescalier.net\/france\/monte-escalier-montargis\/\">Monte escalier \u00e0 Montargis<\/a><\/p>\n<p style=\"text-align: justify;\">L&rsquo;\u00e9quipe de monteescalier.net vous aide pour vous mettre en relation de vous mettre en contact avec les vendeurs et installateurs de monte-escalier de tout prix, dans le d\u00e9partement du Loiret, en r\u00e9gion centre. Vous avez la n\u00e9cessit\u00e9 de faire installer un monte escalier dans votre r\u00e9sidence principale ou secondaire dans le Loiret,car vous ou l&rsquo;un de vos proches \u00e0 des probl\u00e8mes de mobilit\u00e9, tous nos experts revendeurs s&rsquo;engagent dans un vrai service local : pour un devis gratuit de monte escalier \u00e0 Orl\u00e9ans, Olivet, Saint Jean de Braye, Montargis ou encore Fleury les Aubrais, Gien, Chalette sur Loing, Saran er Amilly compl\u00e9tez tout simplement un formulaire en ligne sur ce site et vous recevrez gratuitement plusieurs devis enti\u00e8rement gratuits et sans aucune obligation d&rsquo;achat pour votre monte escalier dans le Loiret.<\/p>\n<p style=\"text-align: justify;\">Vous ne savez que choisir entre diff\u00e9rentes solutions techniques ou marques de monte escalier, optez pour notre formulaire de demande de documentation ou de rappel, nos pros partenaires vous rappelleront rapidement pour vous donner les infos n\u00e9cessaires. L&rsquo;ensemble des villes du Loiret sont \u00e9ligibles par nos services gratuits : de Pithiviers \u00e0 Ch\u00e9cy, de la Chapelle Saint Mesmin \u00e0 Ingr\u00e9 et de Beaugency en passant par Saint Denis en Val, contactez nous rapidement pour votre installation de monte escalier dans le Loiret.<\/p>\n<p style=\"text-align: justify;\">Les experts agr\u00e9\u00e9s, choisis par monteescalier.net, vous sugg\u00e9reront diff\u00e9rents mod\u00e8les de monte escalier, avec diff\u00e9rentes options possibles. Que vous ayez un budget super serr\u00e9, ou que vous attachiez une grande importance \u00e0 la s\u00e9curit\u00e9, au look ou \u00e0 tout autre crit\u00e8re distinctif, que l&rsquo;installation soit facile et rapide comme pour un monte escalier droit ou plus ardue avec un monte escalier tournant sur plusieurs \u00e9tages, nos sp\u00e9cialistes sauront vous donner les meilleurs conseils pour prendre la meilleure d\u00e9cision.<\/p>\n<p style=\"text-align: justify;\">Mettez gratuitement en concurrence nos installateurs de monte escalier sur le d\u00e9partement du Loiret, vous aurez au final, \u00e0 coup s\u00fbr le meilleur rapport prix\/qualit\u00e9.<\/p>\n<p>&nbsp;<\/p>\n<div class=\"bouton\">Cliquez ici pour obtenir des devis gratuitement<\/div><\/div><\/div><div class='content-column one_half last_column'><a href=\"https:\/\/www.monteescalier.net\/devis-gratuit.php\" target=\"_blank\" rel=\"noopener\"><img loading=\"lazy\" decoding=\"async\" class=\"alignnone size-full img_region\" src=\"https:\/\/www.monteescalier.net\/france\/wp-content\/uploads\/2014\/10\/4devis-monte-escalier-photo-490.png\" alt=\"Loiret monte escalier\" width=\"507\" height=\"485\" \/><\/a><br \/>\n<img loading=\"lazy\" decoding=\"async\" class=\"alignnone size-full img_region_2\" src=\"https:\/\/www.monteescalier.net\/france\/wp-content\/uploads\/2013\/07\/loiret.jpg\" alt=\"Loiret\" width=\"507\" height=\"485\" \/><br \/><\/div><div class='clear_column'><\/div><\/p>\n","protected":false},"excerpt":{"rendered":"","protected":false},"author":1,"featured_media":0,"parent":0,"menu_order":0,"comment_status":"open","ping_status":"closed","template":"","meta":{"_monsterinsights_skip_tracking":false,"_monsterinsights_sitenote_active":false,"_monsterinsights_sitenote_note":"","_monsterinsights_sitenote_category":0,"footnotes":""},"class_list":["post-72","page","type-page","status-publish","hentry"],"yoast_head":"<!-- This site is optimized with the Yoast SEO plugin v26.3 - https:\/\/yoast.com\/wordpress\/plugins\/seo\/ -->\n<title>Monte escalier Loiret, Orl\u00e9ans - Monte escalier<\/title>\n<meta name=\"description\" content=\"Monte-escalier de qualit\u00e9 valid\u00e9 par nos partenaires en Loiret, Orl\u00e9ans, Pithivier, Montargis.\" \/>\n<meta name=\"robots\" content=\"index, follow, max-snippet:-1, max-image-preview:large, max-video-preview:-1\" \/>\n<link rel=\"canonical\" href=\"https:\/\/www.monteescalier.net\/france\/monte-escalier-loiret\/\" \/>\n<meta property=\"og:locale\" content=\"fr_FR\" \/>\n<meta property=\"og:type\" content=\"article\" \/>\n<meta property=\"og:title\" content=\"Monte escalier Loiret, Orl\u00e9ans - Monte escalier\" \/>\n<meta property=\"og:description\" content=\"Monte-escalier de qualit\u00e9 valid\u00e9 par nos partenaires en Loiret, Orl\u00e9ans, Pithivier, Montargis.\" \/>\n<meta property=\"og:url\" content=\"https:\/\/www.monteescalier.net\/france\/monte-escalier-loiret\/\" \/>\n<meta property=\"og:site_name\" content=\"Monte escalier\" \/>\n<meta property=\"article:modified_time\" content=\"2024-11-28T11:54:23+00:00\" \/>\n<meta property=\"og:image\" content=\"https:\/\/www.monteescalier.net\/france\/wp-content\/uploads\/2014\/10\/4devis-monte-escalier-photo-490.png\" \/>\n<meta name=\"twitter:card\" content=\"summary_large_image\" \/>\n<meta name=\"twitter:label1\" content=\"Dur\u00e9e de lecture estim\u00e9e\" \/>\n\t<meta name=\"twitter:data1\" content=\"3 minutes\" \/>\n<script type=\"application\/ld+json\" class=\"yoast-schema-graph\">{\"@context\":\"https:\/\/schema.org\",\"@graph\":[{\"@type\":\"WebPage\",\"@id\":\"https:\/\/www.monteescalier.net\/france\/monte-escalier-loiret\/\",\"url\":\"https:\/\/www.monteescalier.net\/france\/monte-escalier-loiret\/\",\"name\":\"Monte escalier Loiret, Orl\u00e9ans - Monte escalier\",\"isPartOf\":{\"@id\":\"https:\/\/www.monteescalier.net\/france\/#website\"},\"primaryImageOfPage\":{\"@id\":\"https:\/\/www.monteescalier.net\/france\/monte-escalier-loiret\/#primaryimage\"},\"image\":{\"@id\":\"https:\/\/www.monteescalier.net\/france\/monte-escalier-loiret\/#primaryimage\"},\"thumbnailUrl\":\"https:\/\/www.monteescalier.net\/france\/wp-content\/uploads\/2014\/10\/4devis-monte-escalier-photo-490.png\",\"datePublished\":\"2023-07-16T09:07:05+00:00\",\"dateModified\":\"2024-11-28T11:54:23+00:00\",\"description\":\"Monte-escalier de qualit\u00e9 valid\u00e9 par nos partenaires en Loiret, Orl\u00e9ans, Pithivier, Montargis.\",\"breadcrumb\":{\"@id\":\"https:\/\/www.monteescalier.net\/france\/monte-escalier-loiret\/#breadcrumb\"},\"inLanguage\":\"fr-FR\",\"potentialAction\":[{\"@type\":\"ReadAction\",\"target\":[\"https:\/\/www.monteescalier.net\/france\/monte-escalier-loiret\/\"]}]},{\"@type\":\"ImageObject\",\"inLanguage\":\"fr-FR\",\"@id\":\"https:\/\/www.monteescalier.net\/france\/monte-escalier-loiret\/#primaryimage\",\"url\":\"https:\/\/www.monteescalier.net\/france\/wp-content\/uploads\/2014\/10\/4devis-monte-escalier-photo-490.png\",\"contentUrl\":\"https:\/\/www.monteescalier.net\/france\/wp-content\/uploads\/2014\/10\/4devis-monte-escalier-photo-490.png\",\"width\":490,\"height\":267},{\"@type\":\"BreadcrumbList\",\"@id\":\"https:\/\/www.monteescalier.net\/france\/monte-escalier-loiret\/#breadcrumb\",\"itemListElement\":[{\"@type\":\"ListItem\",\"position\":1,\"name\":\"Accueil\",\"item\":\"https:\/\/www.monteescalier.net\/france\/\"},{\"@type\":\"ListItem\",\"position\":2,\"name\":\"Monte escalier Loiret, Orl\u00e9ans\"}]},{\"@type\":\"WebSite\",\"@id\":\"https:\/\/www.monteescalier.net\/france\/#website\",\"url\":\"https:\/\/www.monteescalier.net\/france\/\",\"name\":\"Monte escalier\",\"description\":\"\",\"publisher\":{\"@id\":\"https:\/\/www.monteescalier.net\/france\/#organization\"},\"potentialAction\":[{\"@type\":\"SearchAction\",\"target\":{\"@type\":\"EntryPoint\",\"urlTemplate\":\"https:\/\/www.monteescalier.net\/france\/?s={search_term_string}\"},\"query-input\":{\"@type\":\"PropertyValueSpecification\",\"valueRequired\":true,\"valueName\":\"search_term_string\"}}],\"inLanguage\":\"fr-FR\"},{\"@type\":\"Organization\",\"@id\":\"https:\/\/www.monteescalier.net\/france\/#organization\",\"name\":\"monte-escalier.net\",\"url\":\"https:\/\/www.monteescalier.net\/france\/\",\"logo\":{\"@type\":\"ImageObject\",\"inLanguage\":\"fr-FR\",\"@id\":\"https:\/\/www.monteescalier.net\/france\/#\/schema\/logo\/image\/\",\"url\":\"https:\/\/www.monteescalier.net\/france\/wp-content\/uploads\/2016\/10\/4devis-mont-escalier-500-500.gif\",\"contentUrl\":\"https:\/\/www.monteescalier.net\/france\/wp-content\/uploads\/2016\/10\/4devis-mont-escalier-500-500.gif\",\"width\":500,\"height\":500,\"caption\":\"monte-escalier.net\"},\"image\":{\"@id\":\"https:\/\/www.monteescalier.net\/france\/#\/schema\/logo\/image\/\"}}]}<\/script>\n<!-- \/ Yoast SEO plugin. -->","yoast_head_json":{"title":"Monte escalier Loiret, Orl\u00e9ans - Monte escalier","description":"Monte-escalier de qualit\u00e9 valid\u00e9 par nos partenaires en Loiret, Orl\u00e9ans, Pithivier, Montargis.","robots":{"index":"index","follow":"follow","max-snippet":"max-snippet:-1","max-image-preview":"max-image-preview:large","max-video-preview":"max-video-preview:-1"},"canonical":"https:\/\/www.monteescalier.net\/france\/monte-escalier-loiret\/","og_locale":"fr_FR","og_type":"article","og_title":"Monte escalier Loiret, Orl\u00e9ans - Monte escalier","og_description":"Monte-escalier de qualit\u00e9 valid\u00e9 par nos partenaires en Loiret, Orl\u00e9ans, Pithivier, Montargis.","og_url":"https:\/\/www.monteescalier.net\/france\/monte-escalier-loiret\/","og_site_name":"Monte escalier","article_modified_time":"2024-11-28T11:54:23+00:00","og_image":[{"url":"https:\/\/www.monteescalier.net\/france\/wp-content\/uploads\/2014\/10\/4devis-monte-escalier-photo-490.png","type":"","width":"","height":""}],"twitter_card":"summary_large_image","twitter_misc":{"Dur\u00e9e de lecture estim\u00e9e":"3 minutes"},"schema":{"@context":"https:\/\/schema.org","@graph":[{"@type":"WebPage","@id":"https:\/\/www.monteescalier.net\/france\/monte-escalier-loiret\/","url":"https:\/\/www.monteescalier.net\/france\/monte-escalier-loiret\/","name":"Monte escalier Loiret, Orl\u00e9ans - Monte escalier","isPartOf":{"@id":"https:\/\/www.monteescalier.net\/france\/#website"},"primaryImageOfPage":{"@id":"https:\/\/www.monteescalier.net\/france\/monte-escalier-loiret\/#primaryimage"},"image":{"@id":"https:\/\/www.monteescalier.net\/france\/monte-escalier-loiret\/#primaryimage"},"thumbnailUrl":"https:\/\/www.monteescalier.net\/france\/wp-content\/uploads\/2014\/10\/4devis-monte-escalier-photo-490.png","datePublished":"2023-07-16T09:07:05+00:00","dateModified":"2024-11-28T11:54:23+00:00","description":"Monte-escalier de qualit\u00e9 valid\u00e9 par nos partenaires en Loiret, Orl\u00e9ans, Pithivier, Montargis.","breadcrumb":{"@id":"https:\/\/www.monteescalier.net\/france\/monte-escalier-loiret\/#breadcrumb"},"inLanguage":"fr-FR","potentialAction":[{"@type":"ReadAction","target":["https:\/\/www.monteescalier.net\/france\/monte-escalier-loiret\/"]}]},{"@type":"ImageObject","inLanguage":"fr-FR","@id":"https:\/\/www.monteescalier.net\/france\/monte-escalier-loiret\/#primaryimage","url":"https:\/\/www.monteescalier.net\/france\/wp-content\/uploads\/2014\/10\/4devis-monte-escalier-photo-490.png","contentUrl":"https:\/\/www.monteescalier.net\/france\/wp-content\/uploads\/2014\/10\/4devis-monte-escalier-photo-490.png","width":490,"height":267},{"@type":"BreadcrumbList","@id":"https:\/\/www.monteescalier.net\/france\/monte-escalier-loiret\/#breadcrumb","itemListElement":[{"@type":"ListItem","position":1,"name":"Accueil","item":"https:\/\/www.monteescalier.net\/france\/"},{"@type":"ListItem","position":2,"name":"Monte escalier Loiret, Orl\u00e9ans"}]},{"@type":"WebSite","@id":"https:\/\/www.monteescalier.net\/france\/#website","url":"https:\/\/www.monteescalier.net\/france\/","name":"Monte escalier","description":"","publisher":{"@id":"https:\/\/www.monteescalier.net\/france\/#organization"},"potentialAction":[{"@type":"SearchAction","target":{"@type":"EntryPoint","urlTemplate":"https:\/\/www.monteescalier.net\/france\/?s={search_term_string}"},"query-input":{"@type":"PropertyValueSpecification","valueRequired":true,"valueName":"search_term_string"}}],"inLanguage":"fr-FR"},{"@type":"Organization","@id":"https:\/\/www.monteescalier.net\/france\/#organization","name":"monte-escalier.net","url":"https:\/\/www.monteescalier.net\/france\/","logo":{"@type":"ImageObject","inLanguage":"fr-FR","@id":"https:\/\/www.monteescalier.net\/france\/#\/schema\/logo\/image\/","url":"https:\/\/www.monteescalier.net\/france\/wp-content\/uploads\/2016\/10\/4devis-mont-escalier-500-500.gif","contentUrl":"https:\/\/www.monteescalier.net\/france\/wp-content\/uploads\/2016\/10\/4devis-mont-escalier-500-500.gif","width":500,"height":500,"caption":"monte-escalier.net"},"image":{"@id":"https:\/\/www.monteescalier.net\/france\/#\/schema\/logo\/image\/"}}]}},"_links":{"self":[{"href":"https:\/\/www.monteescalier.net\/france\/wp-json\/wp\/v2\/pages\/72","targetHints":{"allow":["GET"]}}],"collection":[{"href":"https:\/\/www.monteescalier.net\/france\/wp-json\/wp\/v2\/pages"}],"about":[{"href":"https:\/\/www.monteescalier.net\/france\/wp-json\/wp\/v2\/types\/page"}],"author":[{"embeddable":true,"href":"https:\/\/www.monteescalier.net\/france\/wp-json\/wp\/v2\/users\/1"}],"replies":[{"embeddable":true,"href":"https:\/\/www.monteescalier.net\/france\/wp-json\/wp\/v2\/comments?post=72"}],"version-history":[{"count":6,"href":"https:\/\/www.monteescalier.net\/france\/wp-json\/wp\/v2\/pages\/72\/revisions"}],"predecessor-version":[{"id":9285,"href":"https:\/\/www.monteescalier.net\/france\/wp-json\/wp\/v2\/pages\/72\/revisions\/9285"}],"wp:attachment":[{"href":"https:\/\/www.monteescalier.net\/france\/wp-json\/wp\/v2\/media?parent=72"}],"curies":[{"name":"wp","href":"https:\/\/api.w.org\/{rel}","templated":true}]}}