{"id":74,"date":"2023-07-16T10:09:15","date_gmt":"2023-07-16T09:09:15","guid":{"rendered":"https:\/\/www.monteescalier.net\/monteescalier\/?page_id=74"},"modified":"2024-05-15T16:47:30","modified_gmt":"2024-05-15T15:47:30","slug":"monte-escalier-loir-et-cher","status":"publish","type":"page","link":"https:\/\/www.monteescalier.net\/france\/monte-escalier-loir-et-cher\/","title":{"rendered":"Monte escalier Loir et Cher, Blois"},"content":{"rendered":"<div class='content-column one_half'><div style=\"padding-right:19px;\"><h1>L&rsquo;achat d&rsquo;un monte escalier dans le Loir et Cher<\/h1>\n<p><b>Proche de chez vous :<\/b><br \/>\n<a href=\"https:\/\/www.monteescalier.net\/france\/monte-escalier-blois\/\">Monte escalier \u00e0 Blois<\/a><br \/>\n<a href=\"https:\/\/www.monteescalier.net\/france\/monte-escalier-vendome\/\">Monte escalier \u00e0 Vend\u00f4me<\/a><br \/>\n<a href=\"https:\/\/www.monteescalier.net\/france\/monte-escalier-romorantin-lanthenay\/\">Monte escalier \u00e0 Romorantin-Lanthenay<\/a><\/p>\n<p style=\"text-align: justify;\">Plusieurs propositions financi\u00e8res pour un monte escalier en Loir et Cher, c&rsquo;est possible et ais\u00e9 gr\u00e2ce \u00e0 monteescalier.net. Vous remplissez un des formulaires sur cette page et vous allez ainsi mettre en concurrence les meilleurs revendeurs et fabricants de monte escalier en dans le Loir et Cher. Les pros du monte escalier du Loir et Cher entreront rapidement en contact avec vous pour vous offrir leurs services et les marques et mod\u00e8les de monte escalier les plus adapt\u00e9s \u00e0 votre maison.<\/p>\n<p style=\"text-align: justify;\">Pour un devis gratuit, compl\u00e9tez notre formulaire de demande de devis : uniquement les pros du monte escalier travaillant dans le d\u00e9partement du Loir et Cher choisis par monteescalier.net seront mis en contact avec vous pour vous aider \u00e0 faire votre choix et vous faire b\u00e9n\u00e9ficier de la meilleure offre de monte escalier au meilleur prix sans faire de concession en terme de qualit\u00e9 et de service.<\/p>\n<p style=\"text-align: justify;\">A Blois, Vineuil, Mer, Vend\u00f4me, Selles sur Cher, Romorantin, la Chauss\u00e9e Saint Victor ou Salbris, nos pros du monte escalier en r\u00e9gion Centre vous feront des devis enti\u00e8rement gratuits et sans aucun engagement: vous comparerez ainsi les prix et les prestations fournies et en particulier le SAV (il faut y penser!) des principaux experts du monte escalier en r\u00e9gion Centre.<\/p>\n<p style=\"text-align: justify;\">Nos pros du monte escalier interviennent dans tout le d\u00e9partement que vous soyez \u00e0 Montrichard, Contres, Saint Laurent Nouan, Saint Aignan, Onzain, Saint Gervais la For\u00eat et Lamotte Beuvron.<\/p>\n<p style=\"text-align: justify;\">Vous souhaitez au pr\u00e9alable \u00eatre contact\u00e9 par email ou recevoir directement une documentation de monte escalier par la poste ? Pas de soucis ! Ecrivez le dans un nos formulaires en ligne. Investir dans un monte escalier n&rsquo;est pas simple, prenez le temps et comparer ! Faites un vrai choix parmi les offres de nos professionnels du monte escalier.<\/p>\n<div class=\"bouton\" onclick=\"location.href='https:\/\/www.monteescalier.net\/devis-gratuit.php'\">Cliquez ici pour obtenir des devis gratuitement<\/div><\/div><\/div><div class='content-column one_half last_column'>&nbsp;<br \/>\n[\/wpcol_1half] [wpcol_1half_end id=\u00a0\u00bb\u00a0\u00bb class=\u00a0\u00bb\u00a0\u00bb style=\u00a0\u00bb\u00a0\u00bb][\/wpcol_1half_end]<br \/>\n<a href=\"https:\/\/www.monteescalier.net\/devis-gratuit.php\" target=\"_blank\" rel=\"noopener\"><img loading=\"lazy\" decoding=\"async\" class=\"alignnone size-full img_region\" src=\"https:\/\/www.monteescalier.net\/france\/wp-content\/uploads\/2014\/10\/4devis-monte-escalier-photo-490.png\" alt=\"loir et cher monte escalier\" width=\"507\" height=\"485\" \/><\/a><br \/>\n<img loading=\"lazy\" decoding=\"async\" class=\"alignnone size-full img_region_2\" src=\"https:\/\/www.monteescalier.net\/france\/wp-content\/uploads\/2013\/07\/loiretcher.jpg\" alt=\"loir et cher\" width=\"507\" height=\"485\" \/><\/div><div class='clear_column'><\/div><\/p>\n","protected":false},"excerpt":{"rendered":"","protected":false},"author":1,"featured_media":0,"parent":0,"menu_order":0,"comment_status":"open","ping_status":"closed","template":"template2.php","meta":{"_monsterinsights_skip_tracking":false,"_monsterinsights_sitenote_active":false,"_monsterinsights_sitenote_note":"","_monsterinsights_sitenote_category":0,"footnotes":""},"class_list":["post-74","page","type-page","status-publish","hentry"],"yoast_head":"<!-- This site is optimized with the Yoast SEO plugin v26.3 - https:\/\/yoast.com\/wordpress\/plugins\/seo\/ -->\n<title>Monte escalier Loir et Cher, Blois - Monte escalier<\/title>\n<meta name=\"description\" content=\"Monte escalier dans le Loire et cher : Blois, Vendome,...\" \/>\n<meta name=\"robots\" content=\"index, follow, max-snippet:-1, max-image-preview:large, max-video-preview:-1\" \/>\n<link rel=\"canonical\" href=\"https:\/\/www.monteescalier.net\/france\/monte-escalier-loir-et-cher\/\" \/>\n<meta property=\"og:locale\" content=\"fr_FR\" \/>\n<meta property=\"og:type\" content=\"article\" \/>\n<meta property=\"og:title\" content=\"Monte escalier Loir et Cher, Blois - Monte escalier\" \/>\n<meta property=\"og:description\" content=\"Monte escalier dans le Loire et cher : Blois, Vendome,...\" \/>\n<meta property=\"og:url\" content=\"https:\/\/www.monteescalier.net\/france\/monte-escalier-loir-et-cher\/\" \/>\n<meta property=\"og:site_name\" content=\"Monte escalier\" \/>\n<meta property=\"article:modified_time\" content=\"2024-05-15T15:47:30+00:00\" \/>\n<meta property=\"og:image\" content=\"https:\/\/www.monteescalier.net\/france\/wp-content\/uploads\/2014\/10\/4devis-monte-escalier-photo-490.png\" \/>\n<meta name=\"twitter:card\" content=\"summary_large_image\" \/>\n<meta name=\"twitter:label1\" content=\"Dur\u00e9e de lecture estim\u00e9e\" \/>\n\t<meta name=\"twitter:data1\" content=\"2 minutes\" \/>\n<script type=\"application\/ld+json\" class=\"yoast-schema-graph\">{\"@context\":\"https:\/\/schema.org\",\"@graph\":[{\"@type\":\"WebPage\",\"@id\":\"https:\/\/www.monteescalier.net\/france\/monte-escalier-loir-et-cher\/\",\"url\":\"https:\/\/www.monteescalier.net\/france\/monte-escalier-loir-et-cher\/\",\"name\":\"Monte escalier Loir et Cher, Blois - Monte escalier\",\"isPartOf\":{\"@id\":\"https:\/\/www.monteescalier.net\/france\/#website\"},\"primaryImageOfPage\":{\"@id\":\"https:\/\/www.monteescalier.net\/france\/monte-escalier-loir-et-cher\/#primaryimage\"},\"image\":{\"@id\":\"https:\/\/www.monteescalier.net\/france\/monte-escalier-loir-et-cher\/#primaryimage\"},\"thumbnailUrl\":\"https:\/\/www.monteescalier.net\/france\/wp-content\/uploads\/2014\/10\/4devis-monte-escalier-photo-490.png\",\"datePublished\":\"2023-07-16T09:09:15+00:00\",\"dateModified\":\"2024-05-15T15:47:30+00:00\",\"description\":\"Monte escalier dans le Loire et cher : Blois, Vendome,...\",\"breadcrumb\":{\"@id\":\"https:\/\/www.monteescalier.net\/france\/monte-escalier-loir-et-cher\/#breadcrumb\"},\"inLanguage\":\"fr-FR\",\"potentialAction\":[{\"@type\":\"ReadAction\",\"target\":[\"https:\/\/www.monteescalier.net\/france\/monte-escalier-loir-et-cher\/\"]}]},{\"@type\":\"ImageObject\",\"inLanguage\":\"fr-FR\",\"@id\":\"https:\/\/www.monteescalier.net\/france\/monte-escalier-loir-et-cher\/#primaryimage\",\"url\":\"https:\/\/www.monteescalier.net\/france\/wp-content\/uploads\/2014\/10\/4devis-monte-escalier-photo-490.png\",\"contentUrl\":\"https:\/\/www.monteescalier.net\/france\/wp-content\/uploads\/2014\/10\/4devis-monte-escalier-photo-490.png\",\"width\":490,\"height\":267},{\"@type\":\"BreadcrumbList\",\"@id\":\"https:\/\/www.monteescalier.net\/france\/monte-escalier-loir-et-cher\/#breadcrumb\",\"itemListElement\":[{\"@type\":\"ListItem\",\"position\":1,\"name\":\"Accueil\",\"item\":\"https:\/\/www.monteescalier.net\/france\/\"},{\"@type\":\"ListItem\",\"position\":2,\"name\":\"Monte escalier Loir et Cher, Blois\"}]},{\"@type\":\"WebSite\",\"@id\":\"https:\/\/www.monteescalier.net\/france\/#website\",\"url\":\"https:\/\/www.monteescalier.net\/france\/\",\"name\":\"Monte escalier\",\"description\":\"\",\"publisher\":{\"@id\":\"https:\/\/www.monteescalier.net\/france\/#organization\"},\"potentialAction\":[{\"@type\":\"SearchAction\",\"target\":{\"@type\":\"EntryPoint\",\"urlTemplate\":\"https:\/\/www.monteescalier.net\/france\/?s={search_term_string}\"},\"query-input\":{\"@type\":\"PropertyValueSpecification\",\"valueRequired\":true,\"valueName\":\"search_term_string\"}}],\"inLanguage\":\"fr-FR\"},{\"@type\":\"Organization\",\"@id\":\"https:\/\/www.monteescalier.net\/france\/#organization\",\"name\":\"monte-escalier.net\",\"url\":\"https:\/\/www.monteescalier.net\/france\/\",\"logo\":{\"@type\":\"ImageObject\",\"inLanguage\":\"fr-FR\",\"@id\":\"https:\/\/www.monteescalier.net\/france\/#\/schema\/logo\/image\/\",\"url\":\"https:\/\/www.monteescalier.net\/france\/wp-content\/uploads\/2016\/10\/4devis-mont-escalier-500-500.gif\",\"contentUrl\":\"https:\/\/www.monteescalier.net\/france\/wp-content\/uploads\/2016\/10\/4devis-mont-escalier-500-500.gif\",\"width\":500,\"height\":500,\"caption\":\"monte-escalier.net\"},\"image\":{\"@id\":\"https:\/\/www.monteescalier.net\/france\/#\/schema\/logo\/image\/\"}}]}<\/script>\n<!-- \/ Yoast SEO plugin. -->","yoast_head_json":{"title":"Monte escalier Loir et Cher, Blois - Monte escalier","description":"Monte escalier dans le Loire et cher : Blois, Vendome,...","robots":{"index":"index","follow":"follow","max-snippet":"max-snippet:-1","max-image-preview":"max-image-preview:large","max-video-preview":"max-video-preview:-1"},"canonical":"https:\/\/www.monteescalier.net\/france\/monte-escalier-loir-et-cher\/","og_locale":"fr_FR","og_type":"article","og_title":"Monte escalier Loir et Cher, Blois - Monte escalier","og_description":"Monte escalier dans le Loire et cher : Blois, Vendome,...","og_url":"https:\/\/www.monteescalier.net\/france\/monte-escalier-loir-et-cher\/","og_site_name":"Monte escalier","article_modified_time":"2024-05-15T15:47:30+00:00","og_image":[{"url":"https:\/\/www.monteescalier.net\/france\/wp-content\/uploads\/2014\/10\/4devis-monte-escalier-photo-490.png","type":"","width":"","height":""}],"twitter_card":"summary_large_image","twitter_misc":{"Dur\u00e9e de lecture estim\u00e9e":"2 minutes"},"schema":{"@context":"https:\/\/schema.org","@graph":[{"@type":"WebPage","@id":"https:\/\/www.monteescalier.net\/france\/monte-escalier-loir-et-cher\/","url":"https:\/\/www.monteescalier.net\/france\/monte-escalier-loir-et-cher\/","name":"Monte escalier Loir et Cher, Blois - Monte escalier","isPartOf":{"@id":"https:\/\/www.monteescalier.net\/france\/#website"},"primaryImageOfPage":{"@id":"https:\/\/www.monteescalier.net\/france\/monte-escalier-loir-et-cher\/#primaryimage"},"image":{"@id":"https:\/\/www.monteescalier.net\/france\/monte-escalier-loir-et-cher\/#primaryimage"},"thumbnailUrl":"https:\/\/www.monteescalier.net\/france\/wp-content\/uploads\/2014\/10\/4devis-monte-escalier-photo-490.png","datePublished":"2023-07-16T09:09:15+00:00","dateModified":"2024-05-15T15:47:30+00:00","description":"Monte escalier dans le Loire et cher : Blois, Vendome,...","breadcrumb":{"@id":"https:\/\/www.monteescalier.net\/france\/monte-escalier-loir-et-cher\/#breadcrumb"},"inLanguage":"fr-FR","potentialAction":[{"@type":"ReadAction","target":["https:\/\/www.monteescalier.net\/france\/monte-escalier-loir-et-cher\/"]}]},{"@type":"ImageObject","inLanguage":"fr-FR","@id":"https:\/\/www.monteescalier.net\/france\/monte-escalier-loir-et-cher\/#primaryimage","url":"https:\/\/www.monteescalier.net\/france\/wp-content\/uploads\/2014\/10\/4devis-monte-escalier-photo-490.png","contentUrl":"https:\/\/www.monteescalier.net\/france\/wp-content\/uploads\/2014\/10\/4devis-monte-escalier-photo-490.png","width":490,"height":267},{"@type":"BreadcrumbList","@id":"https:\/\/www.monteescalier.net\/france\/monte-escalier-loir-et-cher\/#breadcrumb","itemListElement":[{"@type":"ListItem","position":1,"name":"Accueil","item":"https:\/\/www.monteescalier.net\/france\/"},{"@type":"ListItem","position":2,"name":"Monte escalier Loir et Cher, Blois"}]},{"@type":"WebSite","@id":"https:\/\/www.monteescalier.net\/france\/#website","url":"https:\/\/www.monteescalier.net\/france\/","name":"Monte escalier","description":"","publisher":{"@id":"https:\/\/www.monteescalier.net\/france\/#organization"},"potentialAction":[{"@type":"SearchAction","target":{"@type":"EntryPoint","urlTemplate":"https:\/\/www.monteescalier.net\/france\/?s={search_term_string}"},"query-input":{"@type":"PropertyValueSpecification","valueRequired":true,"valueName":"search_term_string"}}],"inLanguage":"fr-FR"},{"@type":"Organization","@id":"https:\/\/www.monteescalier.net\/france\/#organization","name":"monte-escalier.net","url":"https:\/\/www.monteescalier.net\/france\/","logo":{"@type":"ImageObject","inLanguage":"fr-FR","@id":"https:\/\/www.monteescalier.net\/france\/#\/schema\/logo\/image\/","url":"https:\/\/www.monteescalier.net\/france\/wp-content\/uploads\/2016\/10\/4devis-mont-escalier-500-500.gif","contentUrl":"https:\/\/www.monteescalier.net\/france\/wp-content\/uploads\/2016\/10\/4devis-mont-escalier-500-500.gif","width":500,"height":500,"caption":"monte-escalier.net"},"image":{"@id":"https:\/\/www.monteescalier.net\/france\/#\/schema\/logo\/image\/"}}]}},"_links":{"self":[{"href":"https:\/\/www.monteescalier.net\/france\/wp-json\/wp\/v2\/pages\/74","targetHints":{"allow":["GET"]}}],"collection":[{"href":"https:\/\/www.monteescalier.net\/france\/wp-json\/wp\/v2\/pages"}],"about":[{"href":"https:\/\/www.monteescalier.net\/france\/wp-json\/wp\/v2\/types\/page"}],"author":[{"embeddable":true,"href":"https:\/\/www.monteescalier.net\/france\/wp-json\/wp\/v2\/users\/1"}],"replies":[{"embeddable":true,"href":"https:\/\/www.monteescalier.net\/france\/wp-json\/wp\/v2\/comments?post=74"}],"version-history":[{"count":4,"href":"https:\/\/www.monteescalier.net\/france\/wp-json\/wp\/v2\/pages\/74\/revisions"}],"predecessor-version":[{"id":9096,"href":"https:\/\/www.monteescalier.net\/france\/wp-json\/wp\/v2\/pages\/74\/revisions\/9096"}],"wp:attachment":[{"href":"https:\/\/www.monteescalier.net\/france\/wp-json\/wp\/v2\/media?parent=74"}],"curies":[{"name":"wp","href":"https:\/\/api.w.org\/{rel}","templated":true}]}}