{"id":80,"date":"2023-07-16T10:16:22","date_gmt":"2023-07-16T09:16:22","guid":{"rendered":"https:\/\/www.monteescalier.net\/monteescalier\/?page_id=80"},"modified":"2024-05-15T16:44:59","modified_gmt":"2024-05-15T15:44:59","slug":"monte-escalier-indre","status":"publish","type":"page","link":"https:\/\/www.monteescalier.net\/france\/monte-escalier-indre\/","title":{"rendered":"Monte escalier Indre,  Ch\u00e2teauroux"},"content":{"rendered":"<p>[wpcol_1half id=\u00a0\u00bb\u00a0\u00bb class=\u00a0\u00bb\u00a0\u00bb style=\u00a0\u00bb\u00a0\u00bb]<\/p>\n<h1>Faire installer un monte escalier dans l&rsquo;Indre<\/h1>\n<p><b>Des vendeurs \u00e0 proximit\u00e9 :<\/b><br \/>\n<a href=\"https:\/\/www.monteescalier.net\/france\/monte-escalier-chateauroux\/\">Monte escalier vers Ch\u00e2teauroux<\/a><br \/>\n<a href=\"https:\/\/www.monteescalier.net\/france\/monte-escalier-le-blanc\/\">Monte escalier vers Le Blanc<\/a><br \/>\n<a href=\"https:\/\/www.monteescalier.net\/france\/monte-escalier-la-chatre\/\">Monte escalier vers La Ch\u00e2tre<\/a><\/p>\n<p style=\"text-align: justify;\">Vous habitez en r\u00e9gion centre \u00e0 Ch\u00e2teauroux, Le Blanc, Argenton sur Creuse, D\u00e9ols ou encore Issoudun et Buzan\u00e7ais et vous voulez un devis pour un monte escalier, alors nous avons plusieurs arguments \u00e0 faire valoir pour que vous nous choisissiez pour vous aider \u00e0 faire le bon choix (comme pour tous les habitants de l&rsquo;Indre \u00e9videmment).<\/p>\n<p style=\"text-align: justify;\">1) Gr\u00e2ce \u00e0 monteescalier.net expert reconnu de la mise en contact vendeur\/acheteur de monte escalier, nous vous offrons gratuitement de vous mettre en relation directe avec des pros du monte escalier choisis dans tout le d\u00e9partement de l&rsquo;Indre et dispos\u00e9s \u00e0 se rendre chez vous pour y installer le monte escalier de votre choix.<br \/>\n2) Pour faire un bon achat, il faut pouvoir choisir entre plusieurs propositions, nous vous promettons de recevoir plusieurs devis totalement gratuits et sans obligation d&rsquo;achat avec des revendeurs de monte escalier diff\u00e9rents.<br \/>\n3) Vous habitez \u00e0 Reuilly, Chabris, La Ch\u00e2tre, Ch\u00e2tillon sur Indre, Vatan ou le P\u00eachereau, excellente nouvelle, vous \u00eates aussi concern\u00e9s par nos offres: devis gratuits, demandes de documentation de monte escalier ainsi que les demandes de rappel pour obtenir les meilleures infos sur l&rsquo;installation de votre monte escalier dans l&rsquo;Indre.<br \/>\n4) \u00e7a va vite : compl\u00e9tez un de nos formulaires, et attendez les offres de service !<br \/>\nchoix, prix, mise en concurrence, nous vous offrons tous les outils pour faire votre investissement.en toute tranquillit\u00e9, totalement gratuitement alors il est plus que temps d&rsquo;en profiter !<\/p>\n<p>&nbsp;<\/p>\n<p>&nbsp;<br \/>\n<a class=\"bt_lien\" href=\"https:\/\/www.monteescalier.net\/france\/demande-de-devis\/\"><\/p>\n<div class=\"bouton\">Cliquez ici pour recevoir 4 devis<\/div>\n<p>&nbsp;<\/p>\n<p>[\/wpcol_1half] [wpcol_1half_end id=\u00a0\u00bb\u00a0\u00bb class=\u00a0\u00bb\u00a0\u00bb style=\u00a0\u00bb\u00a0\u00bb][\/wpcol_1half_end]<br \/>\n<a href=\"https:\/\/www.monteescalier.net\/devis-gratuit.php\" target=\"_blank\" rel=\"noopener\"><img loading=\"lazy\" decoding=\"async\" class=\"alignnone size-full img_region\" src=\"https:\/\/www.monteescalier.net\/france\/wp-content\/uploads\/2014\/10\/4devis-monte-escalier-photo-490.png\" alt=\"Indre\" width=\"507\" height=\"485\" \/><\/a><br \/>\n<img loading=\"lazy\" decoding=\"async\" class=\"alignnone size-full img_region_2\" src=\"https:\/\/www.monteescalier.net\/france\/wp-content\/uploads\/2013\/07\/indre.jpg\" alt=\"Monte Escalier Indre\" width=\"507\" height=\"485\" \/><\/p>\n","protected":false},"excerpt":{"rendered":"<p>[wpcol_1half id=\u00a0\u00bb\u00a0\u00bb class=\u00a0\u00bb\u00a0\u00bb style=\u00a0\u00bb\u00a0\u00bb] Faire installer un monte escalier dans l&rsquo;Indre Des vendeurs \u00e0 proximit\u00e9 : Monte escalier vers Ch\u00e2teauroux Monte escalier vers Le Blanc Monte escalier vers La Ch\u00e2tre Vous habitez en r\u00e9gion centre \u00e0 Ch\u00e2teauroux, Le Blanc, Argenton sur Creuse, D\u00e9ols ou encore Issoudun et Buzan\u00e7ais et vous voulez un devis pour un [&hellip;]<\/p>\n","protected":false},"author":1,"featured_media":0,"parent":0,"menu_order":0,"comment_status":"open","ping_status":"closed","template":"template3.php","meta":{"_monsterinsights_skip_tracking":false,"_monsterinsights_sitenote_active":false,"_monsterinsights_sitenote_note":"","_monsterinsights_sitenote_category":0,"footnotes":""},"class_list":["post-80","page","type-page","status-publish","hentry"],"yoast_head":"<!-- This site is optimized with the Yoast SEO plugin v26.3 - https:\/\/yoast.com\/wordpress\/plugins\/seo\/ -->\n<title>Monte escalier Indre, Ch\u00e2teauroux - Monte escalier<\/title>\n<meta name=\"description\" content=\"Liste de nos monte escalier pr\u00e9sent en Indre : Chateauroux, Le Blanc, La Chatre.\" \/>\n<meta name=\"robots\" content=\"index, follow, max-snippet:-1, max-image-preview:large, max-video-preview:-1\" \/>\n<link rel=\"canonical\" href=\"https:\/\/www.monteescalier.net\/france\/monte-escalier-indre\/\" \/>\n<meta property=\"og:locale\" content=\"fr_FR\" \/>\n<meta property=\"og:type\" content=\"article\" \/>\n<meta property=\"og:title\" content=\"Monte escalier Indre, Ch\u00e2teauroux - Monte escalier\" \/>\n<meta property=\"og:description\" content=\"Liste de nos monte escalier pr\u00e9sent en Indre : Chateauroux, Le Blanc, La Chatre.\" \/>\n<meta property=\"og:url\" content=\"https:\/\/www.monteescalier.net\/france\/monte-escalier-indre\/\" \/>\n<meta property=\"og:site_name\" content=\"Monte escalier\" \/>\n<meta property=\"article:modified_time\" content=\"2024-05-15T15:44:59+00:00\" \/>\n<meta property=\"og:image\" content=\"https:\/\/www.monteescalier.net\/france\/wp-content\/uploads\/2014\/10\/4devis-monte-escalier-photo-490.png\" \/>\n<meta name=\"twitter:card\" content=\"summary_large_image\" \/>\n<meta name=\"twitter:label1\" content=\"Dur\u00e9e de lecture estim\u00e9e\" \/>\n\t<meta name=\"twitter:data1\" content=\"1 minute\" \/>\n<script type=\"application\/ld+json\" class=\"yoast-schema-graph\">{\"@context\":\"https:\/\/schema.org\",\"@graph\":[{\"@type\":\"WebPage\",\"@id\":\"https:\/\/www.monteescalier.net\/france\/monte-escalier-indre\/\",\"url\":\"https:\/\/www.monteescalier.net\/france\/monte-escalier-indre\/\",\"name\":\"Monte escalier Indre, Ch\u00e2teauroux - Monte escalier\",\"isPartOf\":{\"@id\":\"https:\/\/www.monteescalier.net\/france\/#website\"},\"primaryImageOfPage\":{\"@id\":\"https:\/\/www.monteescalier.net\/france\/monte-escalier-indre\/#primaryimage\"},\"image\":{\"@id\":\"https:\/\/www.monteescalier.net\/france\/monte-escalier-indre\/#primaryimage\"},\"thumbnailUrl\":\"https:\/\/www.monteescalier.net\/france\/wp-content\/uploads\/2014\/10\/4devis-monte-escalier-photo-490.png\",\"datePublished\":\"2023-07-16T09:16:22+00:00\",\"dateModified\":\"2024-05-15T15:44:59+00:00\",\"description\":\"Liste de nos monte escalier pr\u00e9sent en Indre : Chateauroux, Le Blanc, La Chatre.\",\"breadcrumb\":{\"@id\":\"https:\/\/www.monteescalier.net\/france\/monte-escalier-indre\/#breadcrumb\"},\"inLanguage\":\"fr-FR\",\"potentialAction\":[{\"@type\":\"ReadAction\",\"target\":[\"https:\/\/www.monteescalier.net\/france\/monte-escalier-indre\/\"]}]},{\"@type\":\"ImageObject\",\"inLanguage\":\"fr-FR\",\"@id\":\"https:\/\/www.monteescalier.net\/france\/monte-escalier-indre\/#primaryimage\",\"url\":\"https:\/\/www.monteescalier.net\/france\/wp-content\/uploads\/2014\/10\/4devis-monte-escalier-photo-490.png\",\"contentUrl\":\"https:\/\/www.monteescalier.net\/france\/wp-content\/uploads\/2014\/10\/4devis-monte-escalier-photo-490.png\",\"width\":490,\"height\":267},{\"@type\":\"BreadcrumbList\",\"@id\":\"https:\/\/www.monteescalier.net\/france\/monte-escalier-indre\/#breadcrumb\",\"itemListElement\":[{\"@type\":\"ListItem\",\"position\":1,\"name\":\"Accueil\",\"item\":\"https:\/\/www.monteescalier.net\/france\/\"},{\"@type\":\"ListItem\",\"position\":2,\"name\":\"Monte escalier Indre, Ch\u00e2teauroux\"}]},{\"@type\":\"WebSite\",\"@id\":\"https:\/\/www.monteescalier.net\/france\/#website\",\"url\":\"https:\/\/www.monteescalier.net\/france\/\",\"name\":\"Monte escalier\",\"description\":\"\",\"publisher\":{\"@id\":\"https:\/\/www.monteescalier.net\/france\/#organization\"},\"potentialAction\":[{\"@type\":\"SearchAction\",\"target\":{\"@type\":\"EntryPoint\",\"urlTemplate\":\"https:\/\/www.monteescalier.net\/france\/?s={search_term_string}\"},\"query-input\":{\"@type\":\"PropertyValueSpecification\",\"valueRequired\":true,\"valueName\":\"search_term_string\"}}],\"inLanguage\":\"fr-FR\"},{\"@type\":\"Organization\",\"@id\":\"https:\/\/www.monteescalier.net\/france\/#organization\",\"name\":\"monte-escalier.net\",\"url\":\"https:\/\/www.monteescalier.net\/france\/\",\"logo\":{\"@type\":\"ImageObject\",\"inLanguage\":\"fr-FR\",\"@id\":\"https:\/\/www.monteescalier.net\/france\/#\/schema\/logo\/image\/\",\"url\":\"https:\/\/www.monteescalier.net\/france\/wp-content\/uploads\/2016\/10\/4devis-mont-escalier-500-500.gif\",\"contentUrl\":\"https:\/\/www.monteescalier.net\/france\/wp-content\/uploads\/2016\/10\/4devis-mont-escalier-500-500.gif\",\"width\":500,\"height\":500,\"caption\":\"monte-escalier.net\"},\"image\":{\"@id\":\"https:\/\/www.monteescalier.net\/france\/#\/schema\/logo\/image\/\"}}]}<\/script>\n<!-- \/ Yoast SEO plugin. -->","yoast_head_json":{"title":"Monte escalier Indre, Ch\u00e2teauroux - Monte escalier","description":"Liste de nos monte escalier pr\u00e9sent en Indre : Chateauroux, Le Blanc, La Chatre.","robots":{"index":"index","follow":"follow","max-snippet":"max-snippet:-1","max-image-preview":"max-image-preview:large","max-video-preview":"max-video-preview:-1"},"canonical":"https:\/\/www.monteescalier.net\/france\/monte-escalier-indre\/","og_locale":"fr_FR","og_type":"article","og_title":"Monte escalier Indre, Ch\u00e2teauroux - Monte escalier","og_description":"Liste de nos monte escalier pr\u00e9sent en Indre : Chateauroux, Le Blanc, La Chatre.","og_url":"https:\/\/www.monteescalier.net\/france\/monte-escalier-indre\/","og_site_name":"Monte escalier","article_modified_time":"2024-05-15T15:44:59+00:00","og_image":[{"url":"https:\/\/www.monteescalier.net\/france\/wp-content\/uploads\/2014\/10\/4devis-monte-escalier-photo-490.png","type":"","width":"","height":""}],"twitter_card":"summary_large_image","twitter_misc":{"Dur\u00e9e de lecture estim\u00e9e":"1 minute"},"schema":{"@context":"https:\/\/schema.org","@graph":[{"@type":"WebPage","@id":"https:\/\/www.monteescalier.net\/france\/monte-escalier-indre\/","url":"https:\/\/www.monteescalier.net\/france\/monte-escalier-indre\/","name":"Monte escalier Indre, Ch\u00e2teauroux - Monte escalier","isPartOf":{"@id":"https:\/\/www.monteescalier.net\/france\/#website"},"primaryImageOfPage":{"@id":"https:\/\/www.monteescalier.net\/france\/monte-escalier-indre\/#primaryimage"},"image":{"@id":"https:\/\/www.monteescalier.net\/france\/monte-escalier-indre\/#primaryimage"},"thumbnailUrl":"https:\/\/www.monteescalier.net\/france\/wp-content\/uploads\/2014\/10\/4devis-monte-escalier-photo-490.png","datePublished":"2023-07-16T09:16:22+00:00","dateModified":"2024-05-15T15:44:59+00:00","description":"Liste de nos monte escalier pr\u00e9sent en Indre : Chateauroux, Le Blanc, La Chatre.","breadcrumb":{"@id":"https:\/\/www.monteescalier.net\/france\/monte-escalier-indre\/#breadcrumb"},"inLanguage":"fr-FR","potentialAction":[{"@type":"ReadAction","target":["https:\/\/www.monteescalier.net\/france\/monte-escalier-indre\/"]}]},{"@type":"ImageObject","inLanguage":"fr-FR","@id":"https:\/\/www.monteescalier.net\/france\/monte-escalier-indre\/#primaryimage","url":"https:\/\/www.monteescalier.net\/france\/wp-content\/uploads\/2014\/10\/4devis-monte-escalier-photo-490.png","contentUrl":"https:\/\/www.monteescalier.net\/france\/wp-content\/uploads\/2014\/10\/4devis-monte-escalier-photo-490.png","width":490,"height":267},{"@type":"BreadcrumbList","@id":"https:\/\/www.monteescalier.net\/france\/monte-escalier-indre\/#breadcrumb","itemListElement":[{"@type":"ListItem","position":1,"name":"Accueil","item":"https:\/\/www.monteescalier.net\/france\/"},{"@type":"ListItem","position":2,"name":"Monte escalier Indre, Ch\u00e2teauroux"}]},{"@type":"WebSite","@id":"https:\/\/www.monteescalier.net\/france\/#website","url":"https:\/\/www.monteescalier.net\/france\/","name":"Monte escalier","description":"","publisher":{"@id":"https:\/\/www.monteescalier.net\/france\/#organization"},"potentialAction":[{"@type":"SearchAction","target":{"@type":"EntryPoint","urlTemplate":"https:\/\/www.monteescalier.net\/france\/?s={search_term_string}"},"query-input":{"@type":"PropertyValueSpecification","valueRequired":true,"valueName":"search_term_string"}}],"inLanguage":"fr-FR"},{"@type":"Organization","@id":"https:\/\/www.monteescalier.net\/france\/#organization","name":"monte-escalier.net","url":"https:\/\/www.monteescalier.net\/france\/","logo":{"@type":"ImageObject","inLanguage":"fr-FR","@id":"https:\/\/www.monteescalier.net\/france\/#\/schema\/logo\/image\/","url":"https:\/\/www.monteescalier.net\/france\/wp-content\/uploads\/2016\/10\/4devis-mont-escalier-500-500.gif","contentUrl":"https:\/\/www.monteescalier.net\/france\/wp-content\/uploads\/2016\/10\/4devis-mont-escalier-500-500.gif","width":500,"height":500,"caption":"monte-escalier.net"},"image":{"@id":"https:\/\/www.monteescalier.net\/france\/#\/schema\/logo\/image\/"}}]}},"_links":{"self":[{"href":"https:\/\/www.monteescalier.net\/france\/wp-json\/wp\/v2\/pages\/80","targetHints":{"allow":["GET"]}}],"collection":[{"href":"https:\/\/www.monteescalier.net\/france\/wp-json\/wp\/v2\/pages"}],"about":[{"href":"https:\/\/www.monteescalier.net\/france\/wp-json\/wp\/v2\/types\/page"}],"author":[{"embeddable":true,"href":"https:\/\/www.monteescalier.net\/france\/wp-json\/wp\/v2\/users\/1"}],"replies":[{"embeddable":true,"href":"https:\/\/www.monteescalier.net\/france\/wp-json\/wp\/v2\/comments?post=80"}],"version-history":[{"count":10,"href":"https:\/\/www.monteescalier.net\/france\/wp-json\/wp\/v2\/pages\/80\/revisions"}],"predecessor-version":[{"id":9091,"href":"https:\/\/www.monteescalier.net\/france\/wp-json\/wp\/v2\/pages\/80\/revisions\/9091"}],"wp:attachment":[{"href":"https:\/\/www.monteescalier.net\/france\/wp-json\/wp\/v2\/media?parent=80"}],"curies":[{"name":"wp","href":"https:\/\/api.w.org\/{rel}","templated":true}]}}