{"id":83,"date":"2024-01-16T10:19:59","date_gmt":"2024-01-16T09:19:59","guid":{"rendered":"https:\/\/www.monteescalier.net\/monteescalier\/?page_id=83"},"modified":"2024-05-15T16:17:48","modified_gmt":"2024-05-15T15:17:48","slug":"monte-escalier-cher","status":"publish","type":"page","link":"https:\/\/www.monteescalier.net\/france\/monte-escalier-cher\/","title":{"rendered":"Monte escalier Cher, Monte escalier Bourges"},"content":{"rendered":"<div class='content-column one_half'><div style=\"padding-right:19px;\"><h1>Votre monte escalier dans le Cher<\/h1>\n<p><b>Pr\u00e8s de chez vous :<\/b><br \/>\n<a href=\"https:\/\/www.monteescalier.net\/france\/monte-escalier-bourges\/\">Monte escalier \u00e0 Bourges<\/a><br \/>\n<a href=\"https:\/\/www.monteescalier.net\/france\/monte-escalier-vierzon\/\">Monte escalier \u00e0 Vierzon<\/a><br \/>\n<a href=\"https:\/\/www.monteescalier.net\/france\/monte-escalier-saint-amand-montrond\/\">Monte escalier \u00e0 Saint-Amand-Montrond<\/a><\/p>\n<p style=\"text-align: justify;\">Dans certaines R\u00e9gions et d\u00e9partement et pour certaines prestations, il est de temps en temps assez difficile d&rsquo;obtenir plusieurs devis pour une prestation de vente et d&rsquo;installation personnalis\u00e9e, en l&rsquo;absence d&rsquo;un nombre suffisant d&rsquo;installateurs \u00e0 proximit\u00e9. Gr\u00e2ce \u00e0 monteescalier.net, un pro de la mise en relation acheteur et vendeurs de monte escaliers, vous allez avoir plusieurs devis pour la mise en place d&rsquo;un monte escalier dans le d\u00e9partement du Cher.<\/p>\n<p style=\"text-align: justify;\">Vous r\u00e9sidez \u00e0 Bourges, Saint Doulchard, Aubigny sur N\u00e8re ou Dun sur Auron, vous souhaitez faire installer un monte escalier \u00e0 Vierzon, Mehun sur Yevre, Trouy, Sancoins ou Chateaumeillant. Nous vous permettrons en quelques clics d&rsquo;avoir plusieurs devis gratuits pour l&rsquo;installation et le Service Apr\u00e8s Vente de votre monte escalier dans votre r\u00e9sidence dans le Cher.<\/p>\n<p style=\"text-align: justify;\">C&rsquo;est facile et enti\u00e8rement gratuit: remplissez l&rsquo;un de nos formulaires sur cette page en entrant bien toutes vos coordonn\u00e9es et votre projet de monte escalier et vous serez tr\u00e8s rapidement mis en relation avec un certain nombre de prestataires desservant votre d\u00e9partement pour vous offrir aussi bien des devis gratuits mais aussi des documentations et des informations par t\u00e9l\u00e9phone sur le choix du meilleur mod\u00e8le de monte escalier pour votre maison ou votre appartement.<\/p>\n<p style=\"text-align: justify;\">Vous avez vraiment besoin de faire installer un monte escalier car vous n&rsquo;arrivez plus \u00e0 monter les escaliers en toute s\u00e9curit\u00e9? Vous ne savez pas comment faire le bon choix? remplissez notre formulaire, nous vous donnerons les bons contacts pour r\u00e9aliser la bonne installation d&rsquo;un monte escalier chez vous en quelques jours.<\/p>\n<p>&nbsp;<\/p>\n<div class=\"bouton\">Cliquez ici pour obtenir des devis gratuitement<\/div><\/div><\/div><div class='content-column one_half last_column'><a href=\"https:\/\/www.monteescalier.net\/devis-gratuit.php\" target=\"_blank\" rel=\"noopener noreferrer\"><img loading=\"lazy\" decoding=\"async\" class=\"alignnone size-full img_region\" src=\"https:\/\/www.monteescalier.net\/france\/wp-content\/uploads\/2014\/10\/4devis-monte-escalier-photo-490.png\" alt=\"Cher\" width=\"507\" height=\"485\" \/><\/a><br \/>\n<img loading=\"lazy\" decoding=\"async\" class=\"alignnone size-full img_region_2\" src=\"https:\/\/www.monteescalier.net\/france\/wp-content\/uploads\/2013\/07\/cher.jpg\" alt=\"cher\" width=\"507\" height=\"485\" \/><\/div><div class='clear_column'><\/div><\/p>\n","protected":false},"excerpt":{"rendered":"","protected":false},"author":1,"featured_media":0,"parent":0,"menu_order":0,"comment_status":"open","ping_status":"closed","template":"template5.php","meta":{"_monsterinsights_skip_tracking":false,"_monsterinsights_sitenote_active":false,"_monsterinsights_sitenote_note":"","_monsterinsights_sitenote_category":0,"footnotes":""},"class_list":["post-83","page","type-page","status-publish","hentry"],"yoast_head":"<!-- This site is optimized with the Yoast SEO plugin v26.3 - https:\/\/yoast.com\/wordpress\/plugins\/seo\/ -->\n<title>Monte escalier Cher, Monte escalier Bourges - Monte escalier<\/title>\n<meta name=\"description\" content=\"Monte escaliers dans le Cher : Bourges, Vierzon, Saint-Amand-Morond.\" \/>\n<meta name=\"robots\" content=\"index, follow, max-snippet:-1, max-image-preview:large, max-video-preview:-1\" \/>\n<link rel=\"canonical\" href=\"https:\/\/www.monteescalier.net\/france\/monte-escalier-cher\/\" \/>\n<meta property=\"og:locale\" content=\"fr_FR\" \/>\n<meta property=\"og:type\" content=\"article\" \/>\n<meta property=\"og:title\" content=\"Monte escalier Cher, Monte escalier Bourges - Monte escalier\" \/>\n<meta property=\"og:description\" content=\"Monte escaliers dans le Cher : Bourges, Vierzon, Saint-Amand-Morond.\" \/>\n<meta property=\"og:url\" content=\"https:\/\/www.monteescalier.net\/france\/monte-escalier-cher\/\" \/>\n<meta property=\"og:site_name\" content=\"Monte escalier\" \/>\n<meta property=\"article:modified_time\" content=\"2024-05-15T15:17:48+00:00\" \/>\n<meta property=\"og:image\" content=\"https:\/\/www.monteescalier.net\/france\/wp-content\/uploads\/2014\/10\/4devis-monte-escalier-photo-490.png\" \/>\n<meta name=\"twitter:card\" content=\"summary_large_image\" \/>\n<meta name=\"twitter:label1\" content=\"Dur\u00e9e de lecture estim\u00e9e\" \/>\n\t<meta name=\"twitter:data1\" content=\"2 minutes\" \/>\n<script type=\"application\/ld+json\" class=\"yoast-schema-graph\">{\"@context\":\"https:\/\/schema.org\",\"@graph\":[{\"@type\":\"WebPage\",\"@id\":\"https:\/\/www.monteescalier.net\/france\/monte-escalier-cher\/\",\"url\":\"https:\/\/www.monteescalier.net\/france\/monte-escalier-cher\/\",\"name\":\"Monte escalier Cher, Monte escalier Bourges - Monte escalier\",\"isPartOf\":{\"@id\":\"https:\/\/www.monteescalier.net\/france\/#website\"},\"primaryImageOfPage\":{\"@id\":\"https:\/\/www.monteescalier.net\/france\/monte-escalier-cher\/#primaryimage\"},\"image\":{\"@id\":\"https:\/\/www.monteescalier.net\/france\/monte-escalier-cher\/#primaryimage\"},\"thumbnailUrl\":\"https:\/\/www.monteescalier.net\/france\/wp-content\/uploads\/2014\/10\/4devis-monte-escalier-photo-490.png\",\"datePublished\":\"2024-01-16T09:19:59+00:00\",\"dateModified\":\"2024-05-15T15:17:48+00:00\",\"description\":\"Monte escaliers dans le Cher : Bourges, Vierzon, Saint-Amand-Morond.\",\"breadcrumb\":{\"@id\":\"https:\/\/www.monteescalier.net\/france\/monte-escalier-cher\/#breadcrumb\"},\"inLanguage\":\"fr-FR\",\"potentialAction\":[{\"@type\":\"ReadAction\",\"target\":[\"https:\/\/www.monteescalier.net\/france\/monte-escalier-cher\/\"]}]},{\"@type\":\"ImageObject\",\"inLanguage\":\"fr-FR\",\"@id\":\"https:\/\/www.monteescalier.net\/france\/monte-escalier-cher\/#primaryimage\",\"url\":\"https:\/\/www.monteescalier.net\/france\/wp-content\/uploads\/2014\/10\/4devis-monte-escalier-photo-490.png\",\"contentUrl\":\"https:\/\/www.monteescalier.net\/france\/wp-content\/uploads\/2014\/10\/4devis-monte-escalier-photo-490.png\",\"width\":490,\"height\":267},{\"@type\":\"BreadcrumbList\",\"@id\":\"https:\/\/www.monteescalier.net\/france\/monte-escalier-cher\/#breadcrumb\",\"itemListElement\":[{\"@type\":\"ListItem\",\"position\":1,\"name\":\"Accueil\",\"item\":\"https:\/\/www.monteescalier.net\/france\/\"},{\"@type\":\"ListItem\",\"position\":2,\"name\":\"Monte escalier Cher, Monte escalier Bourges\"}]},{\"@type\":\"WebSite\",\"@id\":\"https:\/\/www.monteescalier.net\/france\/#website\",\"url\":\"https:\/\/www.monteescalier.net\/france\/\",\"name\":\"Monte escalier\",\"description\":\"\",\"publisher\":{\"@id\":\"https:\/\/www.monteescalier.net\/france\/#organization\"},\"potentialAction\":[{\"@type\":\"SearchAction\",\"target\":{\"@type\":\"EntryPoint\",\"urlTemplate\":\"https:\/\/www.monteescalier.net\/france\/?s={search_term_string}\"},\"query-input\":{\"@type\":\"PropertyValueSpecification\",\"valueRequired\":true,\"valueName\":\"search_term_string\"}}],\"inLanguage\":\"fr-FR\"},{\"@type\":\"Organization\",\"@id\":\"https:\/\/www.monteescalier.net\/france\/#organization\",\"name\":\"monte-escalier.net\",\"url\":\"https:\/\/www.monteescalier.net\/france\/\",\"logo\":{\"@type\":\"ImageObject\",\"inLanguage\":\"fr-FR\",\"@id\":\"https:\/\/www.monteescalier.net\/france\/#\/schema\/logo\/image\/\",\"url\":\"https:\/\/www.monteescalier.net\/france\/wp-content\/uploads\/2016\/10\/4devis-mont-escalier-500-500.gif\",\"contentUrl\":\"https:\/\/www.monteescalier.net\/france\/wp-content\/uploads\/2016\/10\/4devis-mont-escalier-500-500.gif\",\"width\":500,\"height\":500,\"caption\":\"monte-escalier.net\"},\"image\":{\"@id\":\"https:\/\/www.monteescalier.net\/france\/#\/schema\/logo\/image\/\"}}]}<\/script>\n<!-- \/ Yoast SEO plugin. -->","yoast_head_json":{"title":"Monte escalier Cher, Monte escalier Bourges - Monte escalier","description":"Monte escaliers dans le Cher : Bourges, Vierzon, Saint-Amand-Morond.","robots":{"index":"index","follow":"follow","max-snippet":"max-snippet:-1","max-image-preview":"max-image-preview:large","max-video-preview":"max-video-preview:-1"},"canonical":"https:\/\/www.monteescalier.net\/france\/monte-escalier-cher\/","og_locale":"fr_FR","og_type":"article","og_title":"Monte escalier Cher, Monte escalier Bourges - Monte escalier","og_description":"Monte escaliers dans le Cher : Bourges, Vierzon, Saint-Amand-Morond.","og_url":"https:\/\/www.monteescalier.net\/france\/monte-escalier-cher\/","og_site_name":"Monte escalier","article_modified_time":"2024-05-15T15:17:48+00:00","og_image":[{"url":"https:\/\/www.monteescalier.net\/france\/wp-content\/uploads\/2014\/10\/4devis-monte-escalier-photo-490.png","type":"","width":"","height":""}],"twitter_card":"summary_large_image","twitter_misc":{"Dur\u00e9e de lecture estim\u00e9e":"2 minutes"},"schema":{"@context":"https:\/\/schema.org","@graph":[{"@type":"WebPage","@id":"https:\/\/www.monteescalier.net\/france\/monte-escalier-cher\/","url":"https:\/\/www.monteescalier.net\/france\/monte-escalier-cher\/","name":"Monte escalier Cher, Monte escalier Bourges - Monte escalier","isPartOf":{"@id":"https:\/\/www.monteescalier.net\/france\/#website"},"primaryImageOfPage":{"@id":"https:\/\/www.monteescalier.net\/france\/monte-escalier-cher\/#primaryimage"},"image":{"@id":"https:\/\/www.monteescalier.net\/france\/monte-escalier-cher\/#primaryimage"},"thumbnailUrl":"https:\/\/www.monteescalier.net\/france\/wp-content\/uploads\/2014\/10\/4devis-monte-escalier-photo-490.png","datePublished":"2024-01-16T09:19:59+00:00","dateModified":"2024-05-15T15:17:48+00:00","description":"Monte escaliers dans le Cher : Bourges, Vierzon, Saint-Amand-Morond.","breadcrumb":{"@id":"https:\/\/www.monteescalier.net\/france\/monte-escalier-cher\/#breadcrumb"},"inLanguage":"fr-FR","potentialAction":[{"@type":"ReadAction","target":["https:\/\/www.monteescalier.net\/france\/monte-escalier-cher\/"]}]},{"@type":"ImageObject","inLanguage":"fr-FR","@id":"https:\/\/www.monteescalier.net\/france\/monte-escalier-cher\/#primaryimage","url":"https:\/\/www.monteescalier.net\/france\/wp-content\/uploads\/2014\/10\/4devis-monte-escalier-photo-490.png","contentUrl":"https:\/\/www.monteescalier.net\/france\/wp-content\/uploads\/2014\/10\/4devis-monte-escalier-photo-490.png","width":490,"height":267},{"@type":"BreadcrumbList","@id":"https:\/\/www.monteescalier.net\/france\/monte-escalier-cher\/#breadcrumb","itemListElement":[{"@type":"ListItem","position":1,"name":"Accueil","item":"https:\/\/www.monteescalier.net\/france\/"},{"@type":"ListItem","position":2,"name":"Monte escalier Cher, Monte escalier Bourges"}]},{"@type":"WebSite","@id":"https:\/\/www.monteescalier.net\/france\/#website","url":"https:\/\/www.monteescalier.net\/france\/","name":"Monte escalier","description":"","publisher":{"@id":"https:\/\/www.monteescalier.net\/france\/#organization"},"potentialAction":[{"@type":"SearchAction","target":{"@type":"EntryPoint","urlTemplate":"https:\/\/www.monteescalier.net\/france\/?s={search_term_string}"},"query-input":{"@type":"PropertyValueSpecification","valueRequired":true,"valueName":"search_term_string"}}],"inLanguage":"fr-FR"},{"@type":"Organization","@id":"https:\/\/www.monteescalier.net\/france\/#organization","name":"monte-escalier.net","url":"https:\/\/www.monteescalier.net\/france\/","logo":{"@type":"ImageObject","inLanguage":"fr-FR","@id":"https:\/\/www.monteescalier.net\/france\/#\/schema\/logo\/image\/","url":"https:\/\/www.monteescalier.net\/france\/wp-content\/uploads\/2016\/10\/4devis-mont-escalier-500-500.gif","contentUrl":"https:\/\/www.monteescalier.net\/france\/wp-content\/uploads\/2016\/10\/4devis-mont-escalier-500-500.gif","width":500,"height":500,"caption":"monte-escalier.net"},"image":{"@id":"https:\/\/www.monteescalier.net\/france\/#\/schema\/logo\/image\/"}}]}},"_links":{"self":[{"href":"https:\/\/www.monteescalier.net\/france\/wp-json\/wp\/v2\/pages\/83","targetHints":{"allow":["GET"]}}],"collection":[{"href":"https:\/\/www.monteescalier.net\/france\/wp-json\/wp\/v2\/pages"}],"about":[{"href":"https:\/\/www.monteescalier.net\/france\/wp-json\/wp\/v2\/types\/page"}],"author":[{"embeddable":true,"href":"https:\/\/www.monteescalier.net\/france\/wp-json\/wp\/v2\/users\/1"}],"replies":[{"embeddable":true,"href":"https:\/\/www.monteescalier.net\/france\/wp-json\/wp\/v2\/comments?post=83"}],"version-history":[{"count":6,"href":"https:\/\/www.monteescalier.net\/france\/wp-json\/wp\/v2\/pages\/83\/revisions"}],"predecessor-version":[{"id":9073,"href":"https:\/\/www.monteescalier.net\/france\/wp-json\/wp\/v2\/pages\/83\/revisions\/9073"}],"wp:attachment":[{"href":"https:\/\/www.monteescalier.net\/france\/wp-json\/wp\/v2\/media?parent=83"}],"curies":[{"name":"wp","href":"https:\/\/api.w.org\/{rel}","templated":true}]}}