{"id":87,"date":"2021-02-16T10:24:45","date_gmt":"2021-02-16T09:24:45","guid":{"rendered":"https:\/\/www.monteescalier.net\/monteescalier\/?page_id=87"},"modified":"2021-11-10T15:02:54","modified_gmt":"2021-11-10T14:02:54","slug":"monte-escalie-vendee","status":"publish","type":"page","link":"https:\/\/www.monteescalier.net\/france\/monte-escalie-vendee\/","title":{"rendered":"Monte escalier Vend\u00e9e, Monte escalier La Roche-sur-Yon, Les Sables-d&rsquo;Olonne, Fontenay-le-Comte"},"content":{"rendered":"<div class='content-column one_half'><div style=\"padding-right:19px;\"><h1>Acheter un monte escalier en Vend\u00e9e<\/h1>\n<p><b>Dans les environs :<\/b><br \/>\n<a href=\"https:\/\/www.monteescalier.net\/france\/monte-escalier-la-roche-sur-yon\/\">Votre Monte escalier \u00e0 La Roche-sur-Yon<\/a><br \/>\n<a href=\"https:\/\/www.monteescalier.net\/france\/monte-escalier-challans\/\">Votre Monte escalier \u00e0 Challans<\/a><br \/>\n<a href=\"https:\/\/www.monteescalier.net\/france\/monte-escalier-fontenay-le-comte\/\">Votre Monte escalier \u00e0 Fontenay-le-Comte<\/a><\/p>\n<p style=\"text-align: justify;\">Pour faire installer un monte escalier en Vend\u00e9e, il est n\u00e9cessaire de trouver le bon prestataire: un installateur\/vendeur bien implant\u00e9 dans le d\u00e9partement et qui saura vous conseiller pour choisir le meilleur mod\u00e8le, c&rsquo;est \u00e0 dire le plus adapt\u00e9 \u00e0 votre habitation, et ce bien s\u00fbr, au bon prix.<\/p>\n<p style=\"text-align: justify;\">Monteescalier.net, le site sp\u00e9cialiste du monte escalier peut vous aider \u00e0 faire le choix de votre installateur de monte escalier en Vend\u00e9e en vous mettant en rapport avec une s\u00e9lection de revendeurs et installateurs op\u00e9rant dans le d\u00e9partement de la Vend\u00e9e : Aux Sables d&rsquo;Olonnes, Lu\u00e7on, Challans ou Olonne sur Mer, les installateurs agr\u00e9\u00e9s monteescalier.net sont pr\u00eats \u00e0 vous renseigner, vous conseiller et bien s\u00fbr vous installer votre Monte escalier.<\/p>\n<p style=\"text-align: justify;\">N&rsquo;h\u00e9sitez pas \u00e0 utiliser nos services de mise en relation totalement gratuits : comme pr\u00e9cis\u00e9 plus haut, les revendeurs de monte escalier desservent toutes les villes du d\u00e9partement y compris La Roche sur Yon, Les Herbiers, Fontenay le Comte, Chateau d&rsquo;Olonne, Chantonay et Saint Jean de Monts.<\/p>\n<p style=\"text-align: justify;\">Vous souhaitez d&rsquo;abord consulter une documentation papier ou une documentation \u00e9lectronique sur les monte escaliers, remplissez les formulaires appropri\u00e9es en saisissant vos informations de contacts et nos revendeurs se feront un plaisir de vous r\u00e9pondre. Si vous pr\u00e9f\u00e9rez \u00eatre rappel\u00e9, aucun probl\u00e8me, choisissez le formulaire de rappel et les professionnels du monte escalier vous rappelleront pour \u00e9changer sur votre projet.<\/p>\n<p style=\"text-align: justify;\">S&rsquo;\u00e9quipez d&rsquo;un monte escalier en Vend\u00e9e, de qualit\u00e9 et au meilleur prix n&rsquo;aura jamais \u00e9t\u00e9 aussi simple.<\/p>\n<p>&nbsp;<\/p>\n<div class=\"bouton\" onclick=\"location.href='https:\/\/www.monteescalier.net\/devis-gratuit.php'\">Cliquez ici pour obtenir des devis gratuitement<\/div><\/div><\/div><div class='content-column one_half last_column'><a href=\"https:\/\/www.monteescalier.net\/devis-gratuit.php\" target=\"_blank\" rel=\"noopener noreferrer\"><img loading=\"lazy\" decoding=\"async\" class=\"alignnone size-full img_region\" src=\"https:\/\/www.monteescalier.net\/france\/wp-content\/uploads\/2014\/10\/4devis-monte-escalier-photo-490.png\" alt=\"Vend\u00e9e\" width=\"507\" height=\"485\" \/><\/a><br \/>\n<img loading=\"lazy\" decoding=\"async\" class=\"alignnone size-full img_region_2\" src=\"https:\/\/www.monteescalier.net\/france\/wp-content\/uploads\/2013\/07\/vendee.jpg\" alt=\"vendee\" width=\"507\" height=\"485\" \/><\/div><div class='clear_column'><\/div><\/p>\n","protected":false},"excerpt":{"rendered":"","protected":false},"author":1,"featured_media":0,"parent":0,"menu_order":0,"comment_status":"open","ping_status":"closed","template":"","meta":{"_monsterinsights_skip_tracking":false,"_monsterinsights_sitenote_active":false,"_monsterinsights_sitenote_note":"","_monsterinsights_sitenote_category":0,"footnotes":""},"class_list":["post-87","page","type-page","status-publish","hentry"],"yoast_head":"<!-- This site is optimized with the Yoast SEO plugin v26.3 - https:\/\/yoast.com\/wordpress\/plugins\/seo\/ -->\n<title>Monte escalier Vend\u00e9e, Monte escalier La Roche-sur-Yon, Les Sables-d&#039;Olonne, Fontenay-le-Comte - Monte escalier<\/title>\n<meta name=\"description\" content=\"Notre liste de monte escalier en Vend\u00e9e : La Roche-sur-Yon, Les Sables-d&#039;Olonne, Fontenay-le-Comte.\" \/>\n<meta name=\"robots\" content=\"index, follow, max-snippet:-1, max-image-preview:large, max-video-preview:-1\" \/>\n<link rel=\"canonical\" href=\"https:\/\/www.monteescalier.net\/france\/monte-escalie-vendee\/\" \/>\n<meta property=\"og:locale\" content=\"fr_FR\" \/>\n<meta property=\"og:type\" content=\"article\" \/>\n<meta property=\"og:title\" content=\"Monte escalier Vend\u00e9e, Monte escalier La Roche-sur-Yon, Les Sables-d&#039;Olonne, Fontenay-le-Comte - Monte escalier\" \/>\n<meta property=\"og:description\" content=\"Notre liste de monte escalier en Vend\u00e9e : La Roche-sur-Yon, Les Sables-d&#039;Olonne, Fontenay-le-Comte.\" \/>\n<meta property=\"og:url\" content=\"https:\/\/www.monteescalier.net\/france\/monte-escalie-vendee\/\" \/>\n<meta property=\"og:site_name\" content=\"Monte escalier\" \/>\n<meta property=\"article:modified_time\" content=\"2021-11-10T14:02:54+00:00\" \/>\n<meta property=\"og:image\" content=\"https:\/\/www.monteescalier.net\/france\/wp-content\/uploads\/2014\/10\/4devis-monte-escalier-photo-490.png\" \/>\n<meta name=\"twitter:card\" content=\"summary_large_image\" \/>\n<meta name=\"twitter:label1\" content=\"Dur\u00e9e de lecture estim\u00e9e\" \/>\n\t<meta name=\"twitter:data1\" content=\"2 minutes\" \/>\n<script type=\"application\/ld+json\" class=\"yoast-schema-graph\">{\"@context\":\"https:\/\/schema.org\",\"@graph\":[{\"@type\":\"WebPage\",\"@id\":\"https:\/\/www.monteescalier.net\/france\/monte-escalie-vendee\/\",\"url\":\"https:\/\/www.monteescalier.net\/france\/monte-escalie-vendee\/\",\"name\":\"Monte escalier Vend\u00e9e, Monte escalier La Roche-sur-Yon, Les Sables-d'Olonne, Fontenay-le-Comte - Monte escalier\",\"isPartOf\":{\"@id\":\"https:\/\/www.monteescalier.net\/france\/#website\"},\"primaryImageOfPage\":{\"@id\":\"https:\/\/www.monteescalier.net\/france\/monte-escalie-vendee\/#primaryimage\"},\"image\":{\"@id\":\"https:\/\/www.monteescalier.net\/france\/monte-escalie-vendee\/#primaryimage\"},\"thumbnailUrl\":\"https:\/\/www.monteescalier.net\/france\/wp-content\/uploads\/2014\/10\/4devis-monte-escalier-photo-490.png\",\"datePublished\":\"2021-02-16T09:24:45+00:00\",\"dateModified\":\"2021-11-10T14:02:54+00:00\",\"description\":\"Notre liste de monte escalier en Vend\u00e9e : La Roche-sur-Yon, Les Sables-d'Olonne, Fontenay-le-Comte.\",\"breadcrumb\":{\"@id\":\"https:\/\/www.monteescalier.net\/france\/monte-escalie-vendee\/#breadcrumb\"},\"inLanguage\":\"fr-FR\",\"potentialAction\":[{\"@type\":\"ReadAction\",\"target\":[\"https:\/\/www.monteescalier.net\/france\/monte-escalie-vendee\/\"]}]},{\"@type\":\"ImageObject\",\"inLanguage\":\"fr-FR\",\"@id\":\"https:\/\/www.monteescalier.net\/france\/monte-escalie-vendee\/#primaryimage\",\"url\":\"https:\/\/www.monteescalier.net\/france\/wp-content\/uploads\/2014\/10\/4devis-monte-escalier-photo-490.png\",\"contentUrl\":\"https:\/\/www.monteescalier.net\/france\/wp-content\/uploads\/2014\/10\/4devis-monte-escalier-photo-490.png\",\"width\":490,\"height\":267},{\"@type\":\"BreadcrumbList\",\"@id\":\"https:\/\/www.monteescalier.net\/france\/monte-escalie-vendee\/#breadcrumb\",\"itemListElement\":[{\"@type\":\"ListItem\",\"position\":1,\"name\":\"Accueil\",\"item\":\"https:\/\/www.monteescalier.net\/france\/\"},{\"@type\":\"ListItem\",\"position\":2,\"name\":\"Monte escalier Vend\u00e9e, Monte escalier La Roche-sur-Yon, Les Sables-d&rsquo;Olonne, Fontenay-le-Comte\"}]},{\"@type\":\"WebSite\",\"@id\":\"https:\/\/www.monteescalier.net\/france\/#website\",\"url\":\"https:\/\/www.monteescalier.net\/france\/\",\"name\":\"Monte escalier\",\"description\":\"\",\"publisher\":{\"@id\":\"https:\/\/www.monteescalier.net\/france\/#organization\"},\"potentialAction\":[{\"@type\":\"SearchAction\",\"target\":{\"@type\":\"EntryPoint\",\"urlTemplate\":\"https:\/\/www.monteescalier.net\/france\/?s={search_term_string}\"},\"query-input\":{\"@type\":\"PropertyValueSpecification\",\"valueRequired\":true,\"valueName\":\"search_term_string\"}}],\"inLanguage\":\"fr-FR\"},{\"@type\":\"Organization\",\"@id\":\"https:\/\/www.monteescalier.net\/france\/#organization\",\"name\":\"monte-escalier.net\",\"url\":\"https:\/\/www.monteescalier.net\/france\/\",\"logo\":{\"@type\":\"ImageObject\",\"inLanguage\":\"fr-FR\",\"@id\":\"https:\/\/www.monteescalier.net\/france\/#\/schema\/logo\/image\/\",\"url\":\"https:\/\/www.monteescalier.net\/france\/wp-content\/uploads\/2016\/10\/4devis-mont-escalier-500-500.gif\",\"contentUrl\":\"https:\/\/www.monteescalier.net\/france\/wp-content\/uploads\/2016\/10\/4devis-mont-escalier-500-500.gif\",\"width\":500,\"height\":500,\"caption\":\"monte-escalier.net\"},\"image\":{\"@id\":\"https:\/\/www.monteescalier.net\/france\/#\/schema\/logo\/image\/\"}}]}<\/script>\n<!-- \/ Yoast SEO plugin. -->","yoast_head_json":{"title":"Monte escalier Vend\u00e9e, Monte escalier La Roche-sur-Yon, Les Sables-d'Olonne, Fontenay-le-Comte - Monte escalier","description":"Notre liste de monte escalier en Vend\u00e9e : La Roche-sur-Yon, Les Sables-d'Olonne, Fontenay-le-Comte.","robots":{"index":"index","follow":"follow","max-snippet":"max-snippet:-1","max-image-preview":"max-image-preview:large","max-video-preview":"max-video-preview:-1"},"canonical":"https:\/\/www.monteescalier.net\/france\/monte-escalie-vendee\/","og_locale":"fr_FR","og_type":"article","og_title":"Monte escalier Vend\u00e9e, Monte escalier La Roche-sur-Yon, Les Sables-d'Olonne, Fontenay-le-Comte - Monte escalier","og_description":"Notre liste de monte escalier en Vend\u00e9e : La Roche-sur-Yon, Les Sables-d'Olonne, Fontenay-le-Comte.","og_url":"https:\/\/www.monteescalier.net\/france\/monte-escalie-vendee\/","og_site_name":"Monte escalier","article_modified_time":"2021-11-10T14:02:54+00:00","og_image":[{"url":"https:\/\/www.monteescalier.net\/france\/wp-content\/uploads\/2014\/10\/4devis-monte-escalier-photo-490.png","type":"","width":"","height":""}],"twitter_card":"summary_large_image","twitter_misc":{"Dur\u00e9e de lecture estim\u00e9e":"2 minutes"},"schema":{"@context":"https:\/\/schema.org","@graph":[{"@type":"WebPage","@id":"https:\/\/www.monteescalier.net\/france\/monte-escalie-vendee\/","url":"https:\/\/www.monteescalier.net\/france\/monte-escalie-vendee\/","name":"Monte escalier Vend\u00e9e, Monte escalier La Roche-sur-Yon, Les Sables-d'Olonne, Fontenay-le-Comte - Monte escalier","isPartOf":{"@id":"https:\/\/www.monteescalier.net\/france\/#website"},"primaryImageOfPage":{"@id":"https:\/\/www.monteescalier.net\/france\/monte-escalie-vendee\/#primaryimage"},"image":{"@id":"https:\/\/www.monteescalier.net\/france\/monte-escalie-vendee\/#primaryimage"},"thumbnailUrl":"https:\/\/www.monteescalier.net\/france\/wp-content\/uploads\/2014\/10\/4devis-monte-escalier-photo-490.png","datePublished":"2021-02-16T09:24:45+00:00","dateModified":"2021-11-10T14:02:54+00:00","description":"Notre liste de monte escalier en Vend\u00e9e : La Roche-sur-Yon, Les Sables-d'Olonne, Fontenay-le-Comte.","breadcrumb":{"@id":"https:\/\/www.monteescalier.net\/france\/monte-escalie-vendee\/#breadcrumb"},"inLanguage":"fr-FR","potentialAction":[{"@type":"ReadAction","target":["https:\/\/www.monteescalier.net\/france\/monte-escalie-vendee\/"]}]},{"@type":"ImageObject","inLanguage":"fr-FR","@id":"https:\/\/www.monteescalier.net\/france\/monte-escalie-vendee\/#primaryimage","url":"https:\/\/www.monteescalier.net\/france\/wp-content\/uploads\/2014\/10\/4devis-monte-escalier-photo-490.png","contentUrl":"https:\/\/www.monteescalier.net\/france\/wp-content\/uploads\/2014\/10\/4devis-monte-escalier-photo-490.png","width":490,"height":267},{"@type":"BreadcrumbList","@id":"https:\/\/www.monteescalier.net\/france\/monte-escalie-vendee\/#breadcrumb","itemListElement":[{"@type":"ListItem","position":1,"name":"Accueil","item":"https:\/\/www.monteescalier.net\/france\/"},{"@type":"ListItem","position":2,"name":"Monte escalier Vend\u00e9e, Monte escalier La Roche-sur-Yon, Les Sables-d&rsquo;Olonne, Fontenay-le-Comte"}]},{"@type":"WebSite","@id":"https:\/\/www.monteescalier.net\/france\/#website","url":"https:\/\/www.monteescalier.net\/france\/","name":"Monte escalier","description":"","publisher":{"@id":"https:\/\/www.monteescalier.net\/france\/#organization"},"potentialAction":[{"@type":"SearchAction","target":{"@type":"EntryPoint","urlTemplate":"https:\/\/www.monteescalier.net\/france\/?s={search_term_string}"},"query-input":{"@type":"PropertyValueSpecification","valueRequired":true,"valueName":"search_term_string"}}],"inLanguage":"fr-FR"},{"@type":"Organization","@id":"https:\/\/www.monteescalier.net\/france\/#organization","name":"monte-escalier.net","url":"https:\/\/www.monteescalier.net\/france\/","logo":{"@type":"ImageObject","inLanguage":"fr-FR","@id":"https:\/\/www.monteescalier.net\/france\/#\/schema\/logo\/image\/","url":"https:\/\/www.monteescalier.net\/france\/wp-content\/uploads\/2016\/10\/4devis-mont-escalier-500-500.gif","contentUrl":"https:\/\/www.monteescalier.net\/france\/wp-content\/uploads\/2016\/10\/4devis-mont-escalier-500-500.gif","width":500,"height":500,"caption":"monte-escalier.net"},"image":{"@id":"https:\/\/www.monteescalier.net\/france\/#\/schema\/logo\/image\/"}}]}},"_links":{"self":[{"href":"https:\/\/www.monteescalier.net\/france\/wp-json\/wp\/v2\/pages\/87","targetHints":{"allow":["GET"]}}],"collection":[{"href":"https:\/\/www.monteescalier.net\/france\/wp-json\/wp\/v2\/pages"}],"about":[{"href":"https:\/\/www.monteescalier.net\/france\/wp-json\/wp\/v2\/types\/page"}],"author":[{"embeddable":true,"href":"https:\/\/www.monteescalier.net\/france\/wp-json\/wp\/v2\/users\/1"}],"replies":[{"embeddable":true,"href":"https:\/\/www.monteescalier.net\/france\/wp-json\/wp\/v2\/comments?post=87"}],"version-history":[{"count":6,"href":"https:\/\/www.monteescalier.net\/france\/wp-json\/wp\/v2\/pages\/87\/revisions"}],"predecessor-version":[{"id":8850,"href":"https:\/\/www.monteescalier.net\/france\/wp-json\/wp\/v2\/pages\/87\/revisions\/8850"}],"wp:attachment":[{"href":"https:\/\/www.monteescalier.net\/france\/wp-json\/wp\/v2\/media?parent=87"}],"curies":[{"name":"wp","href":"https:\/\/api.w.org\/{rel}","templated":true}]}}