{"id":913,"date":"2021-01-13T10:47:10","date_gmt":"2021-01-13T09:47:10","guid":{"rendered":"https:\/\/www.monteescalier.net\/france\/?page_id=913"},"modified":"2021-11-08T15:35:32","modified_gmt":"2021-11-08T14:35:32","slug":"monte-escalier-marseille","status":"publish","type":"page","link":"https:\/\/www.monteescalier.net\/france\/monte-escalier-marseille\/","title":{"rendered":"Monte escalier Marseille"},"content":{"rendered":"<h1>Un monte escalier \u00e0 Marseille : 4 devis gratuits<\/h1>\n<div class=\"boite_texte\">\n<div style=\"text-align: justify;\">Vous avez besoin d&rsquo;acheter un monte escalier \u00e0 Marseille,\u00a0profitez de nos services gratuits et sans engagements et recevez 4 devis gratuits d&rsquo;installateurs travaillant dans la r\u00e9gion marseillaise. Vous n&rsquo;auriez sans doute pas l&rsquo;id\u00e9e d&rsquo;acheter une voiture sans comparer au pr\u00e9alable les marques, les mod\u00e8les et les diff\u00e9rents endroits o\u00f9 vous pourriez l&rsquo;acheter. Pourquoi ce serait diff\u00e9rent avec un monte escalier ? Le prix est, h\u00e9las, \u00a0assez \u00e9lev\u00e9 et va engager une partie non n\u00e9gligeable de vos \u00e9conomies. Ne croyez-vous pas que c&rsquo;est une raison suffisante pour ne pas vous jeter sur le premier vendeur de monte escalier venu, m\u00eame si ce dernier est celui que vous avez vu dans un spot publicitaire \u00e0 la T\u00e9l\u00e9 derni\u00e8rement.<\/div>\n<\/div>\n<h2 style=\"text-align: justify;\">Des estimations gratuites pour votre monte escalier<\/h2>\n<div style=\"text-align: justify;\">Vous n&rsquo;avez peut-\u00eatre pas le temps (ou l&rsquo;envie) de faire le tour de Marseille pour trouver plusieurs revendeurs et installateurs de Monte Escalier et leur demander un devis et une \u00e9tude personnalis\u00e9e ? Je vous comprends, et j&rsquo;ai une tr\u00e8s bonne nouvelle pour vous : laissez-nous faire le travail ! Nous pouvons vous mettre en contact tr\u00e8s rapidement avec 4 installateurs de monte escalier dans les bouches du Rh\u00f4ne, sans aucun frais pour vous, ni m\u00eame d&rsquo;obligation d&rsquo;achat : notre service est donc absolument sans risque et vous auriez tort de vous passer. M\u00eame si, au final, vous d\u00e9cidez de travailler avec un installateur que nous ne vous avons pas recommand\u00e9, grand bien vous fasse ! Nous serons s\u00fbrement un peu d\u00e9\u00e7us mais cela s\u2019arr\u00eatera \u00a0l\u00e0 : jusqu&rsquo;\u00e0 la signature de votre engagement avec un installateur de monte escalier, vous \u00eates totalement libres, que ce soit vis \u00e0 vis de nous o\u00f9 des installateurs de monte escalier qui vous auront contact\u00e9.<\/div>\n<h2 style=\"text-align: justify;\">Pourquoi comparer les installateurs de monte escalier<\/h2>\n<div style=\"text-align: justify;\">La premi\u00e8re raison est \u00e9vidente : <span style=\"text-decoration: underline;\"><strong>le prix<\/strong><\/span> ! Les monte escalier sont des appareils relativement standardis\u00e9s. Certes certaines marques ou mod\u00e8les vont pr\u00e9senter des avantages, qui dans certains cas, peuvent influencer vos choix, parce qu&rsquo;ils am\u00e9liorent sensiblement le confort, la s\u00e9curit\u00e9 \u00e0 la mont\u00e9e ou \u00e0 la descente du monte escalier, ou encore parce qu&rsquo;ils sont esth\u00e9tiquement plus jolis que les autres et se fondront mieux dans votre int\u00e9rieur. Pour autant le prix va rester pour la majorit\u00e9 d&rsquo;entre nous un crit\u00e8re fondamental : avec 4 devis, on a 4 prix. Et donc, on sait o\u00f9 on va.<\/div>\n<div class=\"boite_texte\">\n<h2>Qui sommes-nous pour vous conseiller sur les monte escalier ?<\/h2>\n<div style=\"text-align: justify;\">Monteescalier.net est un portail mettant en contact les possibles acheteurs de monte escalier et les vendeurs de monte escalier. Nous nous appuyons sur un r\u00e9seau de professionnels partout en France \u00a0(et donc aussi \u00e0 Marseille); ces pros du monte escalier, nous les avons s\u00e9lectionn\u00e9 avec soin et nous pensons qu&rsquo;ils vous feront des propositions \u00e0 la hauteur de vos attentes.<\/div>\n<h2>Comment obtenir 4 ou 5 devis gratuits de monte escalier sans vous d\u00e9placer<\/h2>\n<div style=\"text-align: justify;\">\n<p>C&rsquo;est on ne peut plus simple, il vous suffit de remplir<a href=\"https:\/\/www.monteescalier.net\/devis-gratuit.php\"> ce formulaire<\/a>, ou celui figurant en haut de cette page et nous nous engageons \u00e0 transmettre vos coordonn\u00e9es \u00e0 4 soci\u00e9t\u00e9s de monte escalier. Pr\u00e9cision : \u00e0 elles et \u00e0 personne d&rsquo;autres, nous n&rsquo;utilisons pas vos donn\u00e9es personnelles pour d&rsquo;autres usages et nous les vendons encore moins ! Vous nous contactez pour des monte escalier, nous vous mettons en relation avec des entreprises de monte escalier, rien d&rsquo;autre !<\/p>\n<\/div>\n<div style=\"text-align: justify;\">\n<p>Votre d\u00e9cision d&rsquo;achat n&rsquo;est pas prise, vous pr\u00e9f\u00e9rez traiter au pr\u00e9alable avec les professionnels du monte escalier \u00e0 Marseille. Une seule demande de rappel sur notre site et ils vous rappelleront gratuitement pour r\u00e9pondre \u00e0 toutes vos questions.<\/p>\n<\/div>\n<div style=\"text-align: justify;\">Combien vont vous co\u00fbter nos services de mise en relation ? R\u00e9ponse, z\u00e9ro euro,&#8230; alors o\u00f9 est le pi\u00e8ge ? Il n&rsquo;y en a aucun, notre offre est totalement sans engagement. Si les propositions de nos partenaires ne vous conviennent pas, vous restez totalement libre d&rsquo;aller voir ailleurs ! Mais on vous recommande quand m\u00eame de travailler avec nos partenaires&#8230;apr\u00e8s c&rsquo;est vous qui voyez.<\/div>\n<div style=\"text-align: justify;\"><\/div>\n<\/div>\n<div class=\"titre_liens\">Dans la r\u00e9gion nous proposons \u00e9galement nos services \u00e0 :<\/div>\n<div class=\"boite_liens\"><a href=\"https:\/\/www.monteescalier.net\/france\/monte-escalier-aix-en-provence\">Aix-en-Provence<\/a><br \/>\n<a href=\"https:\/\/www.monteescalier.net\/france\/monte-escalier-arles\">Arles<\/a><br \/>\n<a href=\"https:\/\/www.monteescalier.net\/france\/monte-escalier-martigues\">Martigues<\/a><br \/>\n<a href=\"https:\/\/www.monteescalier.net\/france\/monte-escalier-aubagne\">Monte escalier Aubagne<\/a><br \/>\n<a href=\"https:\/\/www.monteescalier.net\/france\/monte-escalier-istres\">et\u00a0Istres<\/a><\/div>\n<div class=\"boite_liens\"><\/div>\n<div class=\"boite_liens\">Article mis \u00e0 jour le 21\/10\/2016<\/div>\n","protected":false},"excerpt":{"rendered":"<p>Un monte escalier \u00e0 Marseille : 4 devis gratuits Vous avez besoin d&rsquo;acheter un monte escalier \u00e0 Marseille,\u00a0profitez de nos services gratuits et sans engagements et recevez 4 devis gratuits d&rsquo;installateurs travaillant dans la r\u00e9gion marseillaise. Vous n&rsquo;auriez sans doute pas l&rsquo;id\u00e9e d&rsquo;acheter une voiture sans comparer au pr\u00e9alable les marques, les mod\u00e8les et les [&hellip;]<\/p>\n","protected":false},"author":1,"featured_media":0,"parent":0,"menu_order":0,"comment_status":"closed","ping_status":"open","template":"template_ville_1.php","meta":{"_monsterinsights_skip_tracking":false,"_monsterinsights_sitenote_active":false,"_monsterinsights_sitenote_note":"","_monsterinsights_sitenote_category":0,"footnotes":""},"class_list":["post-913","page","type-page","status-publish","hentry"],"yoast_head":"<!-- This site is optimized with the Yoast SEO plugin v26.3 - https:\/\/yoast.com\/wordpress\/plugins\/seo\/ -->\n<title>Monte escalier Marseille - Monte escalier<\/title>\n<meta name=\"description\" content=\"Monte escalier \u00e0 Marseille = : Trouvez facilement celui que vous recherchez en quelques clics\" \/>\n<meta name=\"robots\" content=\"index, follow, max-snippet:-1, max-image-preview:large, max-video-preview:-1\" \/>\n<link rel=\"canonical\" href=\"https:\/\/www.monteescalier.net\/france\/monte-escalier-marseille\/\" \/>\n<meta property=\"og:locale\" content=\"fr_FR\" \/>\n<meta property=\"og:type\" content=\"article\" \/>\n<meta property=\"og:title\" content=\"Monte escalier Marseille - Monte escalier\" \/>\n<meta property=\"og:description\" content=\"Monte escalier \u00e0 Marseille = : Trouvez facilement celui que vous recherchez en quelques clics\" \/>\n<meta property=\"og:url\" content=\"https:\/\/www.monteescalier.net\/france\/monte-escalier-marseille\/\" \/>\n<meta property=\"og:site_name\" content=\"Monte escalier\" \/>\n<meta property=\"article:modified_time\" content=\"2021-11-08T14:35:32+00:00\" \/>\n<meta name=\"twitter:card\" content=\"summary_large_image\" \/>\n<meta name=\"twitter:label1\" content=\"Dur\u00e9e de lecture estim\u00e9e\" \/>\n\t<meta name=\"twitter:data1\" content=\"4 minutes\" \/>\n<script type=\"application\/ld+json\" class=\"yoast-schema-graph\">{\"@context\":\"https:\/\/schema.org\",\"@graph\":[{\"@type\":\"WebPage\",\"@id\":\"https:\/\/www.monteescalier.net\/france\/monte-escalier-marseille\/\",\"url\":\"https:\/\/www.monteescalier.net\/france\/monte-escalier-marseille\/\",\"name\":\"Monte escalier Marseille - Monte escalier\",\"isPartOf\":{\"@id\":\"https:\/\/www.monteescalier.net\/france\/#website\"},\"datePublished\":\"2021-01-13T09:47:10+00:00\",\"dateModified\":\"2021-11-08T14:35:32+00:00\",\"description\":\"Monte escalier \u00e0 Marseille = : Trouvez facilement celui que vous recherchez en quelques clics\",\"breadcrumb\":{\"@id\":\"https:\/\/www.monteescalier.net\/france\/monte-escalier-marseille\/#breadcrumb\"},\"inLanguage\":\"fr-FR\",\"potentialAction\":[{\"@type\":\"ReadAction\",\"target\":[\"https:\/\/www.monteescalier.net\/france\/monte-escalier-marseille\/\"]}]},{\"@type\":\"BreadcrumbList\",\"@id\":\"https:\/\/www.monteescalier.net\/france\/monte-escalier-marseille\/#breadcrumb\",\"itemListElement\":[{\"@type\":\"ListItem\",\"position\":1,\"name\":\"Accueil\",\"item\":\"https:\/\/www.monteescalier.net\/france\/\"},{\"@type\":\"ListItem\",\"position\":2,\"name\":\"Monte escalier Marseille\"}]},{\"@type\":\"WebSite\",\"@id\":\"https:\/\/www.monteescalier.net\/france\/#website\",\"url\":\"https:\/\/www.monteescalier.net\/france\/\",\"name\":\"Monte escalier\",\"description\":\"\",\"publisher\":{\"@id\":\"https:\/\/www.monteescalier.net\/france\/#organization\"},\"potentialAction\":[{\"@type\":\"SearchAction\",\"target\":{\"@type\":\"EntryPoint\",\"urlTemplate\":\"https:\/\/www.monteescalier.net\/france\/?s={search_term_string}\"},\"query-input\":{\"@type\":\"PropertyValueSpecification\",\"valueRequired\":true,\"valueName\":\"search_term_string\"}}],\"inLanguage\":\"fr-FR\"},{\"@type\":\"Organization\",\"@id\":\"https:\/\/www.monteescalier.net\/france\/#organization\",\"name\":\"monte-escalier.net\",\"url\":\"https:\/\/www.monteescalier.net\/france\/\",\"logo\":{\"@type\":\"ImageObject\",\"inLanguage\":\"fr-FR\",\"@id\":\"https:\/\/www.monteescalier.net\/france\/#\/schema\/logo\/image\/\",\"url\":\"https:\/\/www.monteescalier.net\/france\/wp-content\/uploads\/2016\/10\/4devis-mont-escalier-500-500.gif\",\"contentUrl\":\"https:\/\/www.monteescalier.net\/france\/wp-content\/uploads\/2016\/10\/4devis-mont-escalier-500-500.gif\",\"width\":500,\"height\":500,\"caption\":\"monte-escalier.net\"},\"image\":{\"@id\":\"https:\/\/www.monteescalier.net\/france\/#\/schema\/logo\/image\/\"}}]}<\/script>\n<!-- \/ Yoast SEO plugin. -->","yoast_head_json":{"title":"Monte escalier Marseille - Monte escalier","description":"Monte escalier \u00e0 Marseille = : Trouvez facilement celui que vous recherchez en quelques clics","robots":{"index":"index","follow":"follow","max-snippet":"max-snippet:-1","max-image-preview":"max-image-preview:large","max-video-preview":"max-video-preview:-1"},"canonical":"https:\/\/www.monteescalier.net\/france\/monte-escalier-marseille\/","og_locale":"fr_FR","og_type":"article","og_title":"Monte escalier Marseille - Monte escalier","og_description":"Monte escalier \u00e0 Marseille = : Trouvez facilement celui que vous recherchez en quelques clics","og_url":"https:\/\/www.monteescalier.net\/france\/monte-escalier-marseille\/","og_site_name":"Monte escalier","article_modified_time":"2021-11-08T14:35:32+00:00","twitter_card":"summary_large_image","twitter_misc":{"Dur\u00e9e de lecture estim\u00e9e":"4 minutes"},"schema":{"@context":"https:\/\/schema.org","@graph":[{"@type":"WebPage","@id":"https:\/\/www.monteescalier.net\/france\/monte-escalier-marseille\/","url":"https:\/\/www.monteescalier.net\/france\/monte-escalier-marseille\/","name":"Monte escalier Marseille - Monte escalier","isPartOf":{"@id":"https:\/\/www.monteescalier.net\/france\/#website"},"datePublished":"2021-01-13T09:47:10+00:00","dateModified":"2021-11-08T14:35:32+00:00","description":"Monte escalier \u00e0 Marseille = : Trouvez facilement celui que vous recherchez en quelques clics","breadcrumb":{"@id":"https:\/\/www.monteescalier.net\/france\/monte-escalier-marseille\/#breadcrumb"},"inLanguage":"fr-FR","potentialAction":[{"@type":"ReadAction","target":["https:\/\/www.monteescalier.net\/france\/monte-escalier-marseille\/"]}]},{"@type":"BreadcrumbList","@id":"https:\/\/www.monteescalier.net\/france\/monte-escalier-marseille\/#breadcrumb","itemListElement":[{"@type":"ListItem","position":1,"name":"Accueil","item":"https:\/\/www.monteescalier.net\/france\/"},{"@type":"ListItem","position":2,"name":"Monte escalier Marseille"}]},{"@type":"WebSite","@id":"https:\/\/www.monteescalier.net\/france\/#website","url":"https:\/\/www.monteescalier.net\/france\/","name":"Monte escalier","description":"","publisher":{"@id":"https:\/\/www.monteescalier.net\/france\/#organization"},"potentialAction":[{"@type":"SearchAction","target":{"@type":"EntryPoint","urlTemplate":"https:\/\/www.monteescalier.net\/france\/?s={search_term_string}"},"query-input":{"@type":"PropertyValueSpecification","valueRequired":true,"valueName":"search_term_string"}}],"inLanguage":"fr-FR"},{"@type":"Organization","@id":"https:\/\/www.monteescalier.net\/france\/#organization","name":"monte-escalier.net","url":"https:\/\/www.monteescalier.net\/france\/","logo":{"@type":"ImageObject","inLanguage":"fr-FR","@id":"https:\/\/www.monteescalier.net\/france\/#\/schema\/logo\/image\/","url":"https:\/\/www.monteescalier.net\/france\/wp-content\/uploads\/2016\/10\/4devis-mont-escalier-500-500.gif","contentUrl":"https:\/\/www.monteescalier.net\/france\/wp-content\/uploads\/2016\/10\/4devis-mont-escalier-500-500.gif","width":500,"height":500,"caption":"monte-escalier.net"},"image":{"@id":"https:\/\/www.monteescalier.net\/france\/#\/schema\/logo\/image\/"}}]}},"_links":{"self":[{"href":"https:\/\/www.monteescalier.net\/france\/wp-json\/wp\/v2\/pages\/913","targetHints":{"allow":["GET"]}}],"collection":[{"href":"https:\/\/www.monteescalier.net\/france\/wp-json\/wp\/v2\/pages"}],"about":[{"href":"https:\/\/www.monteescalier.net\/france\/wp-json\/wp\/v2\/types\/page"}],"author":[{"embeddable":true,"href":"https:\/\/www.monteescalier.net\/france\/wp-json\/wp\/v2\/users\/1"}],"replies":[{"embeddable":true,"href":"https:\/\/www.monteescalier.net\/france\/wp-json\/wp\/v2\/comments?post=913"}],"version-history":[{"count":7,"href":"https:\/\/www.monteescalier.net\/france\/wp-json\/wp\/v2\/pages\/913\/revisions"}],"predecessor-version":[{"id":6282,"href":"https:\/\/www.monteescalier.net\/france\/wp-json\/wp\/v2\/pages\/913\/revisions\/6282"}],"wp:attachment":[{"href":"https:\/\/www.monteescalier.net\/france\/wp-json\/wp\/v2\/media?parent=913"}],"curies":[{"name":"wp","href":"https:\/\/api.w.org\/{rel}","templated":true}]}}