{"id":914,"date":"2024-03-26T10:47:10","date_gmt":"2024-03-26T09:47:10","guid":{"rendered":"https:\/\/www.monteescalier.net\/france\/?page_id=914"},"modified":"2024-05-14T15:55:21","modified_gmt":"2024-05-14T14:55:21","slug":"monte-escalier-lyon","status":"publish","type":"page","link":"https:\/\/www.monteescalier.net\/france\/monte-escalier-lyon\/","title":{"rendered":"Monte escalier Lyon"},"content":{"rendered":"<h1>Vous cherchez un monte escalier \u00e0 Lyon<\/h1>\n<div class=\"boite_texte\">\n<div style=\"text-align: justify;\">\n<p>C&rsquo;est d\u00e9cid\u00e9! Vous\u00a0voulez faire installer\u00a0un monte escalier \u00e0 Lyon,\u00a0dans votre maison, pour en finir avec l&rsquo;appr\u00e9hension de la chute dans l&rsquo;escalier, ou pour \u00e9viter la p\u00e9nibilit\u00e9 des mont\u00e9es et des descentes.<\/p>\n<p>En remplissant un formulaire de demande de devis sur cette page, vous allez pouvoir b\u00e9n\u00e9ficier \u00a0de 4 devis enti\u00e8rement gratuits et ainsi pouvoir comparer tranquillement des offres pr\u00e9cises et personnalis\u00e9es \u00e0 votre escalier et \u00e0 votre maison.<\/p>\n<\/div>\n<div style=\"text-align: justify;\">Monteescalier.net\u00a0est en contact avec plusieurs installateurs de monte escalier dans la r\u00e9gion et leur transmettra instantan\u00e9ment vos coordonn\u00e9es afin qu&rsquo;ils vous proposent dans les meilleurs d\u00e9lais, des propositions chiffr\u00e9es et une \u00e9tude d\u00e9taill\u00e9e et personnalis\u00e9e sur votre installation de monte escalier. Cela vous permettra bien s\u00fbr de comparer les prix mais pas seulement !<\/div>\n<h2><strong>Le prix du monte escalier<\/strong><\/h2>\n<p style=\"text-align: justify;\">Vous le savez certainement, ce n&rsquo;est pas un appareillage tr\u00e8s bon march\u00e9 ! M\u00eame si des aides publiques existent (sur cette question notre s\u00e9lection de revendeurs pourra aussi vous renseigner), l&rsquo;addition se montera quand m\u00eame \u00e0 plusieurs milliers d&rsquo;euros. Il s&rsquo;agit donc de faire le bon choix et de ne pas acheter trop cher !\u00a0Avec 4 devis en main, vous allez pouvoir faire jouer la concurrence et constater par vous m\u00eames qui est le moins cher et qui est le plus cher, parmi les installateurs de monte escalier, et pas pour un monte escalier lambda, mais sur une vraie simulation concernant votre installation de monte escalier.<\/p>\n<div style=\"text-align: justify;\">Vous savez exactement ce que voulez ? Vous avez besoin d&rsquo;un devis de monte escalier. Une seule demande de devis sur notre site vous permettra de recevoir entre 4 et 5 devis totalement gratuits.<\/div>\n<\/div>\n<div style=\"text-align: justify;\"><\/div>\n<h2 style=\"text-align: justify;\">L&rsquo;importance de l&rsquo;\u00e9tude pr\u00e9liminaire pour l&rsquo;installation de votre monte escalier<\/h2>\n<div style=\"text-align: justify;\"><\/div>\n<div style=\"text-align: justify;\">Chaque maison est diff\u00e9rente (heureusement), et cela ne facilite pas le travail des installateurs; c&rsquo;est pourquoi ils doivent collecter plusieurs informations avant de pouvoir vous proposer une solution technique : en les sollicitant pour un devis sans engagement, vous allez pouvoir constater par vous-m\u00eames, le s\u00e9rieux et l&rsquo;implication des diff\u00e9rents acteurs dans votre projet de monte escalier \u00e0 Lyon.<\/div>\n<div style=\"text-align: justify;\"><\/div>\n<h2 style=\"text-align: justify;\">Les garanties et le service apr\u00e8s vente<\/h2>\n<div style=\"text-align: justify;\">Vous le savez, en France, il y a une garantie d&rsquo;un an obligatoire sur le mat\u00e9riel neuf vendu par un professionnel. C&rsquo;est ce que l&rsquo;on appelle la garantie fabricant. Mais sachez qu&rsquo;en mati\u00e8re de monte escalier comme dans d&rsquo;autres secteurs, certains installateurs ou fabricants n&rsquo;h\u00e9sitent pas pour faire la diff\u00e9rence \u00e0 augmenter sensiblement la dur\u00e9e de ces garanties : C&rsquo;est ainsi que certains installateurs vous proposeront des garanties, de 2 ans, voire 3 ou m\u00eame 5 ans, parfois payantes, parfois sans surco\u00fbt. N&rsquo;oubliez pas que le monte escalier est un appareil \u00e9lectro-m\u00e9canique et qu&rsquo;il peut conna\u00eetre (m\u00eame si c&rsquo;est moins fr\u00e9quent qu&rsquo;avant, des pannes ou des d\u00e9fauts de fabrication.<\/div>\n<div style=\"text-align: justify;\"><\/div>\n<div style=\"text-align: justify;\">Regardez attentivement \u00e9galement les d\u00e9lais d&rsquo;intervention en cas de panne : les interventions et r\u00e9parations sont elles 24\/24 \u00a0? 7 jours sur 7 ? Ou au contraire un monte escalier qui tombe en panne le vendredi soir, c&rsquo;est pas de r\u00e9paration avant le lundi&#8230; En souhaitant qu&rsquo;il n&rsquo;y ait personne dessus au moment de l&rsquo;\u00e9ventuelle panne ! Tr\u00eave de plaisanterie, vous l&rsquo;avez compris c&rsquo;est un point tr\u00e8s important.<\/div>\n<div class=\"boite_texte\">\n<h2>Et mes 4 Devis ?<\/h2>\n<div style=\"text-align: justify;\"><\/div>\n<p>Vous \u00eates convaincus ? Il ne vous reste plus qu&rsquo;\u00e0 remplir <a href=\"https:\/\/www.monteescalier.net\/devis-gratuit.php\">le\u00a0formulaire<\/a>, et \u00e0 attendre tranquillement les appels des installateurs de monte escalier.<\/p>\n<div style=\"text-align: justify;\">Petite pr\u00e9cision importante : Avec notre site, pas de co\u00fbt et pas d&rsquo;engagements ! que vous signiez un contrat ou non avec un de nos partenaires, nous ne vous facturerons rien pour notre service de mise en relation. Si vous trouvez votre prestataire gr\u00e2ce \u00e0 nous tant mieux pour vous, alors testez nous !<\/div>\n<\/div>\n<p>&nbsp;<\/p>\n<div class=\"titre_liens\">Retrouvez les services monteescalier.net dans d&rsquo;autres villes du Rh\u00f4ne<\/div>\n<p>&nbsp;<\/p>\n<div class=\"boite_liens\"><a href=\"https:\/\/www.monteescalier.net\/france\/monte-escalier-villeurbanne\">Monte escalier Villeurbanne<\/a><br \/>\n<a href=\"https:\/\/www.monteescalier.net\/france\/monte-escalier-venissieux\">Monte escalier V\u00e9nissieux<\/a><br \/>\n<a href=\"https:\/\/www.monteescalier.net\/france\/monte-escalier-saint-priest\">Monte escalier Saint-Priest<\/a><br \/>\n<a href=\"https:\/\/www.monteescalier.net\/france\/monte-escalier-caluire-et-cuire\">Monte escalier Caluire-et-Cuire<\/a><br \/>\n<a href=\"https:\/\/www.monteescalier.net\/france\/monte-escalier-vaulx-en-velin\">Monte escalier Vaulx-en-Velin<\/a><\/div>\n","protected":false},"excerpt":{"rendered":"<p>Vous cherchez un monte escalier \u00e0 Lyon C&rsquo;est d\u00e9cid\u00e9! Vous\u00a0voulez faire installer\u00a0un monte escalier \u00e0 Lyon,\u00a0dans votre maison, pour en finir avec l&rsquo;appr\u00e9hension de la chute dans l&rsquo;escalier, ou pour \u00e9viter la p\u00e9nibilit\u00e9 des mont\u00e9es et des descentes. En remplissant un formulaire de demande de devis sur cette page, vous allez pouvoir b\u00e9n\u00e9ficier \u00a0de 4 [&hellip;]<\/p>\n","protected":false},"author":1,"featured_media":0,"parent":0,"menu_order":0,"comment_status":"closed","ping_status":"open","template":"template_ville_18.php","meta":{"_monsterinsights_skip_tracking":false,"_monsterinsights_sitenote_active":false,"_monsterinsights_sitenote_note":"","_monsterinsights_sitenote_category":0,"footnotes":""},"class_list":["post-914","page","type-page","status-publish","hentry"],"yoast_head":"<!-- This site is optimized with the Yoast SEO plugin v26.3 - https:\/\/yoast.com\/wordpress\/plugins\/seo\/ -->\n<title>Monte escalier Lyon - Monte escalier<\/title>\n<meta name=\"description\" content=\"Trouvez votre monte-escalier sur Lyon gr\u00e2ce a notre site et nos professionnels\" \/>\n<meta name=\"robots\" content=\"index, follow, max-snippet:-1, max-image-preview:large, max-video-preview:-1\" \/>\n<link rel=\"canonical\" href=\"https:\/\/www.monteescalier.net\/france\/monte-escalier-lyon\/\" \/>\n<meta property=\"og:locale\" content=\"fr_FR\" \/>\n<meta property=\"og:type\" content=\"article\" \/>\n<meta property=\"og:title\" content=\"Monte escalier Lyon - Monte escalier\" \/>\n<meta property=\"og:description\" content=\"Trouvez votre monte-escalier sur Lyon gr\u00e2ce a notre site et nos professionnels\" \/>\n<meta property=\"og:url\" content=\"https:\/\/www.monteescalier.net\/france\/monte-escalier-lyon\/\" \/>\n<meta property=\"og:site_name\" content=\"Monte escalier\" \/>\n<meta property=\"article:modified_time\" content=\"2024-05-14T14:55:21+00:00\" \/>\n<meta name=\"twitter:card\" content=\"summary_large_image\" \/>\n<meta name=\"twitter:label1\" content=\"Dur\u00e9e de lecture estim\u00e9e\" \/>\n\t<meta name=\"twitter:data1\" content=\"4 minutes\" \/>\n<script type=\"application\/ld+json\" class=\"yoast-schema-graph\">{\"@context\":\"https:\/\/schema.org\",\"@graph\":[{\"@type\":\"WebPage\",\"@id\":\"https:\/\/www.monteescalier.net\/france\/monte-escalier-lyon\/\",\"url\":\"https:\/\/www.monteescalier.net\/france\/monte-escalier-lyon\/\",\"name\":\"Monte escalier Lyon - Monte escalier\",\"isPartOf\":{\"@id\":\"https:\/\/www.monteescalier.net\/france\/#website\"},\"datePublished\":\"2024-03-26T09:47:10+00:00\",\"dateModified\":\"2024-05-14T14:55:21+00:00\",\"description\":\"Trouvez votre monte-escalier sur Lyon gr\u00e2ce a notre site et nos professionnels\",\"breadcrumb\":{\"@id\":\"https:\/\/www.monteescalier.net\/france\/monte-escalier-lyon\/#breadcrumb\"},\"inLanguage\":\"fr-FR\",\"potentialAction\":[{\"@type\":\"ReadAction\",\"target\":[\"https:\/\/www.monteescalier.net\/france\/monte-escalier-lyon\/\"]}]},{\"@type\":\"BreadcrumbList\",\"@id\":\"https:\/\/www.monteescalier.net\/france\/monte-escalier-lyon\/#breadcrumb\",\"itemListElement\":[{\"@type\":\"ListItem\",\"position\":1,\"name\":\"Accueil\",\"item\":\"https:\/\/www.monteescalier.net\/france\/\"},{\"@type\":\"ListItem\",\"position\":2,\"name\":\"Monte escalier Lyon\"}]},{\"@type\":\"WebSite\",\"@id\":\"https:\/\/www.monteescalier.net\/france\/#website\",\"url\":\"https:\/\/www.monteescalier.net\/france\/\",\"name\":\"Monte escalier\",\"description\":\"\",\"publisher\":{\"@id\":\"https:\/\/www.monteescalier.net\/france\/#organization\"},\"potentialAction\":[{\"@type\":\"SearchAction\",\"target\":{\"@type\":\"EntryPoint\",\"urlTemplate\":\"https:\/\/www.monteescalier.net\/france\/?s={search_term_string}\"},\"query-input\":{\"@type\":\"PropertyValueSpecification\",\"valueRequired\":true,\"valueName\":\"search_term_string\"}}],\"inLanguage\":\"fr-FR\"},{\"@type\":\"Organization\",\"@id\":\"https:\/\/www.monteescalier.net\/france\/#organization\",\"name\":\"monte-escalier.net\",\"url\":\"https:\/\/www.monteescalier.net\/france\/\",\"logo\":{\"@type\":\"ImageObject\",\"inLanguage\":\"fr-FR\",\"@id\":\"https:\/\/www.monteescalier.net\/france\/#\/schema\/logo\/image\/\",\"url\":\"https:\/\/www.monteescalier.net\/france\/wp-content\/uploads\/2016\/10\/4devis-mont-escalier-500-500.gif\",\"contentUrl\":\"https:\/\/www.monteescalier.net\/france\/wp-content\/uploads\/2016\/10\/4devis-mont-escalier-500-500.gif\",\"width\":500,\"height\":500,\"caption\":\"monte-escalier.net\"},\"image\":{\"@id\":\"https:\/\/www.monteescalier.net\/france\/#\/schema\/logo\/image\/\"}}]}<\/script>\n<!-- \/ Yoast SEO plugin. -->","yoast_head_json":{"title":"Monte escalier Lyon - Monte escalier","description":"Trouvez votre monte-escalier sur Lyon gr\u00e2ce a notre site et nos professionnels","robots":{"index":"index","follow":"follow","max-snippet":"max-snippet:-1","max-image-preview":"max-image-preview:large","max-video-preview":"max-video-preview:-1"},"canonical":"https:\/\/www.monteescalier.net\/france\/monte-escalier-lyon\/","og_locale":"fr_FR","og_type":"article","og_title":"Monte escalier Lyon - Monte escalier","og_description":"Trouvez votre monte-escalier sur Lyon gr\u00e2ce a notre site et nos professionnels","og_url":"https:\/\/www.monteescalier.net\/france\/monte-escalier-lyon\/","og_site_name":"Monte escalier","article_modified_time":"2024-05-14T14:55:21+00:00","twitter_card":"summary_large_image","twitter_misc":{"Dur\u00e9e de lecture estim\u00e9e":"4 minutes"},"schema":{"@context":"https:\/\/schema.org","@graph":[{"@type":"WebPage","@id":"https:\/\/www.monteescalier.net\/france\/monte-escalier-lyon\/","url":"https:\/\/www.monteescalier.net\/france\/monte-escalier-lyon\/","name":"Monte escalier Lyon - Monte escalier","isPartOf":{"@id":"https:\/\/www.monteescalier.net\/france\/#website"},"datePublished":"2024-03-26T09:47:10+00:00","dateModified":"2024-05-14T14:55:21+00:00","description":"Trouvez votre monte-escalier sur Lyon gr\u00e2ce a notre site et nos professionnels","breadcrumb":{"@id":"https:\/\/www.monteescalier.net\/france\/monte-escalier-lyon\/#breadcrumb"},"inLanguage":"fr-FR","potentialAction":[{"@type":"ReadAction","target":["https:\/\/www.monteescalier.net\/france\/monte-escalier-lyon\/"]}]},{"@type":"BreadcrumbList","@id":"https:\/\/www.monteescalier.net\/france\/monte-escalier-lyon\/#breadcrumb","itemListElement":[{"@type":"ListItem","position":1,"name":"Accueil","item":"https:\/\/www.monteescalier.net\/france\/"},{"@type":"ListItem","position":2,"name":"Monte escalier Lyon"}]},{"@type":"WebSite","@id":"https:\/\/www.monteescalier.net\/france\/#website","url":"https:\/\/www.monteescalier.net\/france\/","name":"Monte escalier","description":"","publisher":{"@id":"https:\/\/www.monteescalier.net\/france\/#organization"},"potentialAction":[{"@type":"SearchAction","target":{"@type":"EntryPoint","urlTemplate":"https:\/\/www.monteescalier.net\/france\/?s={search_term_string}"},"query-input":{"@type":"PropertyValueSpecification","valueRequired":true,"valueName":"search_term_string"}}],"inLanguage":"fr-FR"},{"@type":"Organization","@id":"https:\/\/www.monteescalier.net\/france\/#organization","name":"monte-escalier.net","url":"https:\/\/www.monteescalier.net\/france\/","logo":{"@type":"ImageObject","inLanguage":"fr-FR","@id":"https:\/\/www.monteescalier.net\/france\/#\/schema\/logo\/image\/","url":"https:\/\/www.monteescalier.net\/france\/wp-content\/uploads\/2016\/10\/4devis-mont-escalier-500-500.gif","contentUrl":"https:\/\/www.monteescalier.net\/france\/wp-content\/uploads\/2016\/10\/4devis-mont-escalier-500-500.gif","width":500,"height":500,"caption":"monte-escalier.net"},"image":{"@id":"https:\/\/www.monteescalier.net\/france\/#\/schema\/logo\/image\/"}}]}},"_links":{"self":[{"href":"https:\/\/www.monteescalier.net\/france\/wp-json\/wp\/v2\/pages\/914","targetHints":{"allow":["GET"]}}],"collection":[{"href":"https:\/\/www.monteescalier.net\/france\/wp-json\/wp\/v2\/pages"}],"about":[{"href":"https:\/\/www.monteescalier.net\/france\/wp-json\/wp\/v2\/types\/page"}],"author":[{"embeddable":true,"href":"https:\/\/www.monteescalier.net\/france\/wp-json\/wp\/v2\/users\/1"}],"replies":[{"embeddable":true,"href":"https:\/\/www.monteescalier.net\/france\/wp-json\/wp\/v2\/comments?post=914"}],"version-history":[{"count":4,"href":"https:\/\/www.monteescalier.net\/france\/wp-json\/wp\/v2\/pages\/914\/revisions"}],"predecessor-version":[{"id":7225,"href":"https:\/\/www.monteescalier.net\/france\/wp-json\/wp\/v2\/pages\/914\/revisions\/7225"}],"wp:attachment":[{"href":"https:\/\/www.monteescalier.net\/france\/wp-json\/wp\/v2\/media?parent=914"}],"curies":[{"name":"wp","href":"https:\/\/api.w.org\/{rel}","templated":true}]}}