{"id":916,"date":"2021-03-01T15:47:10","date_gmt":"2021-03-01T14:47:10","guid":{"rendered":"https:\/\/www.monteescalier.net\/france\/?page_id=916"},"modified":"2021-11-08T15:47:40","modified_gmt":"2021-11-08T14:47:40","slug":"monte-escalier-nice","status":"publish","type":"page","link":"https:\/\/www.monteescalier.net\/france\/monte-escalier-nice\/","title":{"rendered":"Monte escalier Nice"},"content":{"rendered":"<h1>Choisir un installateur de monte escalier \u00e0 Nice<\/h1>\n<div class=\"boite_texte\">\n<div style=\"text-align: justify;\">Investir dans un monte escalier pour votre maison \u00e0 Nice est une tr\u00e8s bonne id\u00e9e. Am\u00e9liorer votre s\u00e9curit\u00e9 et votre confort, ce sera \u00e0 terme, un r\u00e9el avantage \u00e0 la revente. Ce n&rsquo;est un secret pour personne, Nice est pl\u00e9biscit\u00e9 par les seniors qui sont nombreux \u00e0 vouloir y passer leurs vieux (et moins vieux!) jours. Une maison d\u00e9j\u00e0 \u00e9quip\u00e9e d&rsquo;un monte escalier \u00e0 Nice, ce sera donc un vrai plus !<\/div>\n<\/div>\n<h2 style=\"text-align: justify;\">Un monte escalier \u00e0 Nice, oui ! Mais qui pour l&rsquo;installer ?<\/h2>\n<div class=\"boite_texte\">\n<p>Dans le sud de la France, il ne vous sera pas difficile de trouver dans l&rsquo;annuaire un vendeur de monte escalier&#8230;Par contre, pour savoir s&rsquo;il a une bonne r\u00e9putation, s&rsquo;il pratique des tarifs corrects, si son service clients est de qualit\u00e9? et son service apr\u00e8s vente c&rsquo;est 7 jours sur 7? Vous aurez sans doute plus de mal \u00e0 trouver les r\u00e9ponses. En effet, on ach\u00e8te pas souvent un monte escalier et la plupart d&rsquo;entre nous, n&rsquo;ont pas de connaissances particuli\u00e8res sur les mat\u00e9riels et les prestataires qui les installent. \u00a0C&rsquo;est pourquoi nous avons cr\u00e9\u00e9 ce site sur lequel vous vous trouvez maintenant : Monteescalier.net.<\/p>\n<h2>Faire le tri entre les installateurs de monte escalier des alpes maritimes<\/h2>\n<p style=\"text-align: justify;\">Depuis plusieurs ann\u00e9es, nous aidons les acheteurs de monte escalier \u00e0 faire le choix. Comment? tout simplement en les mettant en relation avec une s\u00e9lection d&rsquo;installateurs de monte escalier qui travaillent dans la r\u00e9gion ni\u00e7oise afin de leur permettre de se faire une id\u00e9e r\u00e9elle du co\u00fbt d&rsquo;un monte escalier pour leur maison et des services qu&rsquo;ils peuvent attendre des prestataires installateurs. La m\u00e9thodologie est on ne peut plus simple : il vous suffit de remplir un formulaire avec vos coordonn\u00e9es et les prestataires que nous avons retenu pour leur professionnalisme, leur comp\u00e9titivit\u00e9 et la qualit\u00e9 de leurs prestations, vous recontacterons pour vous offrir leurs services : ils vous proposeront chacun, a minima, un devis d\u00e9taill\u00e9 pour l&rsquo;installation d&rsquo;un monte escalier \u00e0 votre domicile.<\/p>\n<\/div>\n<h2 style=\"text-align: justify;\">Pourquoi comparer les installateurs de monte escalier?<\/h2>\n<div style=\"text-align: justify;\">Vous pouvez choisir de passer outre nos conseils et d&rsquo;aller chez le premier installateur que vous trouverez. Avec un peu de chance vous en sortirez bien ! Vous pouvez aussi nous faire confiance et comparer les prix des uns et des autres&#8230;quelle diff\u00e9rence? \u00a0Tous nos services sont gratuits et sans engagement. Autrement dit, vous pouvez nous tester sans prendre le moindre risque et si notre service ne vous convient pas (ce que nous ne croyons pas, mais bon !) aller voir ailleurs si l&rsquo;herbe est plus verte.<\/div>\n<div style=\"text-align: justify;\"><\/div>\n<div style=\"text-align: justify;\">Alors il est temps de vous lancer : remplissez vite le formulaire de demande de devis et recevez rapidement 4 ou devis de diff\u00e9rents installateurs de monte escalier. C&rsquo;est gratuit et sans engagement ( le formulaire est en haut de cette page)<\/div>\n<div class=\"boite_texte\">\n<p>&nbsp;<\/p>\n<\/div>\n<div class=\"titre_liens\">Vous pourriez \u00e9galement \u00eatre int\u00e9ress\u00e9s par nos services dans les villes voisines du d\u00e9partement:<\/div>\n<div class=\"boite_liens\"><a href=\"https:\/\/www.monteescalier.net\/france\/monte-escalier-antibes\">Monte escalier Antibes<\/a><br \/>\n<a href=\"https:\/\/www.monteescalier.net\/france\/monte-escalier-cannes\">Monte escalier Cannes<\/a><br \/>\n<a href=\"https:\/\/www.monteescalier.net\/france\/monte-escalier-grasse\">Monte escalier Grasse<\/a><br \/>\n<a href=\"https:\/\/www.monteescalier.net\/france\/monte-escalier-cagnes-sur-mer\">Monte escalier Cagnes-sur-Mer<\/a><br \/>\n<a href=\"https:\/\/www.monteescalier.net\/france\/monte-escalier-le-cannet\">Monte escalier Cannet<\/a><\/div>\n","protected":false},"excerpt":{"rendered":"<p>Choisir un installateur de monte escalier \u00e0 Nice Investir dans un monte escalier pour votre maison \u00e0 Nice est une tr\u00e8s bonne id\u00e9e. Am\u00e9liorer votre s\u00e9curit\u00e9 et votre confort, ce sera \u00e0 terme, un r\u00e9el avantage \u00e0 la revente. Ce n&rsquo;est un secret pour personne, Nice est pl\u00e9biscit\u00e9 par les seniors qui sont nombreux \u00e0 [&hellip;]<\/p>\n","protected":false},"author":1,"featured_media":0,"parent":0,"menu_order":0,"comment_status":"closed","ping_status":"open","template":"template_ville_4.php","meta":{"_monsterinsights_skip_tracking":false,"_monsterinsights_sitenote_active":false,"_monsterinsights_sitenote_note":"","_monsterinsights_sitenote_category":0,"footnotes":""},"class_list":["post-916","page","type-page","status-publish","hentry"],"yoast_head":"<!-- This site is optimized with the Yoast SEO plugin v26.3 - https:\/\/yoast.com\/wordpress\/plugins\/seo\/ -->\n<title>Monte escalier Nice - Monte escalier<\/title>\n<meta name=\"description\" content=\"Trouvez facilement une entreprise pour r\u00e9aliser l&#039;installation de votre monte-escaliers \u00e0 Nice\" \/>\n<meta name=\"robots\" content=\"index, follow, max-snippet:-1, max-image-preview:large, max-video-preview:-1\" \/>\n<link rel=\"canonical\" href=\"https:\/\/www.monteescalier.net\/france\/monte-escalier-nice\/\" \/>\n<meta property=\"og:locale\" content=\"fr_FR\" \/>\n<meta property=\"og:type\" content=\"article\" \/>\n<meta property=\"og:title\" content=\"Monte escalier Nice - Monte escalier\" \/>\n<meta property=\"og:description\" content=\"Trouvez facilement une entreprise pour r\u00e9aliser l&#039;installation de votre monte-escaliers \u00e0 Nice\" \/>\n<meta property=\"og:url\" content=\"https:\/\/www.monteescalier.net\/france\/monte-escalier-nice\/\" \/>\n<meta property=\"og:site_name\" content=\"Monte escalier\" \/>\n<meta property=\"article:modified_time\" content=\"2021-11-08T14:47:40+00:00\" \/>\n<meta name=\"twitter:card\" content=\"summary_large_image\" \/>\n<meta name=\"twitter:label1\" content=\"Dur\u00e9e de lecture estim\u00e9e\" \/>\n\t<meta name=\"twitter:data1\" content=\"3 minutes\" \/>\n<script type=\"application\/ld+json\" class=\"yoast-schema-graph\">{\"@context\":\"https:\/\/schema.org\",\"@graph\":[{\"@type\":\"WebPage\",\"@id\":\"https:\/\/www.monteescalier.net\/france\/monte-escalier-nice\/\",\"url\":\"https:\/\/www.monteescalier.net\/france\/monte-escalier-nice\/\",\"name\":\"Monte escalier Nice - Monte escalier\",\"isPartOf\":{\"@id\":\"https:\/\/www.monteescalier.net\/france\/#website\"},\"datePublished\":\"2021-03-01T14:47:10+00:00\",\"dateModified\":\"2021-11-08T14:47:40+00:00\",\"description\":\"Trouvez facilement une entreprise pour r\u00e9aliser l'installation de votre monte-escaliers \u00e0 Nice\",\"breadcrumb\":{\"@id\":\"https:\/\/www.monteescalier.net\/france\/monte-escalier-nice\/#breadcrumb\"},\"inLanguage\":\"fr-FR\",\"potentialAction\":[{\"@type\":\"ReadAction\",\"target\":[\"https:\/\/www.monteescalier.net\/france\/monte-escalier-nice\/\"]}]},{\"@type\":\"BreadcrumbList\",\"@id\":\"https:\/\/www.monteescalier.net\/france\/monte-escalier-nice\/#breadcrumb\",\"itemListElement\":[{\"@type\":\"ListItem\",\"position\":1,\"name\":\"Accueil\",\"item\":\"https:\/\/www.monteescalier.net\/france\/\"},{\"@type\":\"ListItem\",\"position\":2,\"name\":\"Monte escalier Nice\"}]},{\"@type\":\"WebSite\",\"@id\":\"https:\/\/www.monteescalier.net\/france\/#website\",\"url\":\"https:\/\/www.monteescalier.net\/france\/\",\"name\":\"Monte escalier\",\"description\":\"\",\"publisher\":{\"@id\":\"https:\/\/www.monteescalier.net\/france\/#organization\"},\"potentialAction\":[{\"@type\":\"SearchAction\",\"target\":{\"@type\":\"EntryPoint\",\"urlTemplate\":\"https:\/\/www.monteescalier.net\/france\/?s={search_term_string}\"},\"query-input\":{\"@type\":\"PropertyValueSpecification\",\"valueRequired\":true,\"valueName\":\"search_term_string\"}}],\"inLanguage\":\"fr-FR\"},{\"@type\":\"Organization\",\"@id\":\"https:\/\/www.monteescalier.net\/france\/#organization\",\"name\":\"monte-escalier.net\",\"url\":\"https:\/\/www.monteescalier.net\/france\/\",\"logo\":{\"@type\":\"ImageObject\",\"inLanguage\":\"fr-FR\",\"@id\":\"https:\/\/www.monteescalier.net\/france\/#\/schema\/logo\/image\/\",\"url\":\"https:\/\/www.monteescalier.net\/france\/wp-content\/uploads\/2016\/10\/4devis-mont-escalier-500-500.gif\",\"contentUrl\":\"https:\/\/www.monteescalier.net\/france\/wp-content\/uploads\/2016\/10\/4devis-mont-escalier-500-500.gif\",\"width\":500,\"height\":500,\"caption\":\"monte-escalier.net\"},\"image\":{\"@id\":\"https:\/\/www.monteescalier.net\/france\/#\/schema\/logo\/image\/\"}}]}<\/script>\n<!-- \/ Yoast SEO plugin. -->","yoast_head_json":{"title":"Monte escalier Nice - Monte escalier","description":"Trouvez facilement une entreprise pour r\u00e9aliser l'installation de votre monte-escaliers \u00e0 Nice","robots":{"index":"index","follow":"follow","max-snippet":"max-snippet:-1","max-image-preview":"max-image-preview:large","max-video-preview":"max-video-preview:-1"},"canonical":"https:\/\/www.monteescalier.net\/france\/monte-escalier-nice\/","og_locale":"fr_FR","og_type":"article","og_title":"Monte escalier Nice - Monte escalier","og_description":"Trouvez facilement une entreprise pour r\u00e9aliser l'installation de votre monte-escaliers \u00e0 Nice","og_url":"https:\/\/www.monteescalier.net\/france\/monte-escalier-nice\/","og_site_name":"Monte escalier","article_modified_time":"2021-11-08T14:47:40+00:00","twitter_card":"summary_large_image","twitter_misc":{"Dur\u00e9e de lecture estim\u00e9e":"3 minutes"},"schema":{"@context":"https:\/\/schema.org","@graph":[{"@type":"WebPage","@id":"https:\/\/www.monteescalier.net\/france\/monte-escalier-nice\/","url":"https:\/\/www.monteescalier.net\/france\/monte-escalier-nice\/","name":"Monte escalier Nice - Monte escalier","isPartOf":{"@id":"https:\/\/www.monteescalier.net\/france\/#website"},"datePublished":"2021-03-01T14:47:10+00:00","dateModified":"2021-11-08T14:47:40+00:00","description":"Trouvez facilement une entreprise pour r\u00e9aliser l'installation de votre monte-escaliers \u00e0 Nice","breadcrumb":{"@id":"https:\/\/www.monteescalier.net\/france\/monte-escalier-nice\/#breadcrumb"},"inLanguage":"fr-FR","potentialAction":[{"@type":"ReadAction","target":["https:\/\/www.monteescalier.net\/france\/monte-escalier-nice\/"]}]},{"@type":"BreadcrumbList","@id":"https:\/\/www.monteescalier.net\/france\/monte-escalier-nice\/#breadcrumb","itemListElement":[{"@type":"ListItem","position":1,"name":"Accueil","item":"https:\/\/www.monteescalier.net\/france\/"},{"@type":"ListItem","position":2,"name":"Monte escalier Nice"}]},{"@type":"WebSite","@id":"https:\/\/www.monteescalier.net\/france\/#website","url":"https:\/\/www.monteescalier.net\/france\/","name":"Monte escalier","description":"","publisher":{"@id":"https:\/\/www.monteescalier.net\/france\/#organization"},"potentialAction":[{"@type":"SearchAction","target":{"@type":"EntryPoint","urlTemplate":"https:\/\/www.monteescalier.net\/france\/?s={search_term_string}"},"query-input":{"@type":"PropertyValueSpecification","valueRequired":true,"valueName":"search_term_string"}}],"inLanguage":"fr-FR"},{"@type":"Organization","@id":"https:\/\/www.monteescalier.net\/france\/#organization","name":"monte-escalier.net","url":"https:\/\/www.monteescalier.net\/france\/","logo":{"@type":"ImageObject","inLanguage":"fr-FR","@id":"https:\/\/www.monteescalier.net\/france\/#\/schema\/logo\/image\/","url":"https:\/\/www.monteescalier.net\/france\/wp-content\/uploads\/2016\/10\/4devis-mont-escalier-500-500.gif","contentUrl":"https:\/\/www.monteescalier.net\/france\/wp-content\/uploads\/2016\/10\/4devis-mont-escalier-500-500.gif","width":500,"height":500,"caption":"monte-escalier.net"},"image":{"@id":"https:\/\/www.monteescalier.net\/france\/#\/schema\/logo\/image\/"}}]}},"_links":{"self":[{"href":"https:\/\/www.monteescalier.net\/france\/wp-json\/wp\/v2\/pages\/916","targetHints":{"allow":["GET"]}}],"collection":[{"href":"https:\/\/www.monteescalier.net\/france\/wp-json\/wp\/v2\/pages"}],"about":[{"href":"https:\/\/www.monteescalier.net\/france\/wp-json\/wp\/v2\/types\/page"}],"author":[{"embeddable":true,"href":"https:\/\/www.monteescalier.net\/france\/wp-json\/wp\/v2\/users\/1"}],"replies":[{"embeddable":true,"href":"https:\/\/www.monteescalier.net\/france\/wp-json\/wp\/v2\/comments?post=916"}],"version-history":[{"count":4,"href":"https:\/\/www.monteescalier.net\/france\/wp-json\/wp\/v2\/pages\/916\/revisions"}],"predecessor-version":[{"id":8231,"href":"https:\/\/www.monteescalier.net\/france\/wp-json\/wp\/v2\/pages\/916\/revisions\/8231"}],"wp:attachment":[{"href":"https:\/\/www.monteescalier.net\/france\/wp-json\/wp\/v2\/media?parent=916"}],"curies":[{"name":"wp","href":"https:\/\/api.w.org\/{rel}","templated":true}]}}