{"id":917,"date":"2021-02-12T10:47:10","date_gmt":"2021-02-12T09:47:10","guid":{"rendered":"https:\/\/www.monteescalier.net\/france\/?page_id=917"},"modified":"2021-11-08T15:58:48","modified_gmt":"2021-11-08T14:58:48","slug":"monte-escalier-nantes","status":"publish","type":"page","link":"https:\/\/www.monteescalier.net\/france\/monte-escalier-nantes\/","title":{"rendered":"Monte escalier Nantes"},"content":{"rendered":"<h1>\u00a04 Devis de monte escalier \u00e0 Nantes gratuitement<\/h1>\n<div class=\"boite_texte\">\n<div style=\"text-align: justify;\">Vous avez\u00a0besoin d&rsquo;un monte escalier pour votre maison \u00e0 Nantes? Comme vous le savez certainement, il vous faudra passer par un installateur, car en mati\u00e8re de monte escalier, on est dans presque tous les cas sur du sur-mesure. Nous d\u00e9conseillons m\u00eame les bricoleurs de l&rsquo;installer par leurs propres moyens : ne jouez pas avec la s\u00e9curit\u00e9 de ceux qui vont l&rsquo;utiliser, ne vous passez pas des services d&rsquo;un professionnel !<\/div>\n<\/div>\n<div style=\"text-align: justify;\"><\/div>\n<h2 style=\"text-align: justify;\">Quel installateur de monte escalier choisir ?<\/h2>\n<div class=\"boite_texte\">\n<p style=\"text-align: justify;\">Il y a toutes sortes d&rsquo;installateurs de monte escalier. Des installateurs locaux, qui auront l&rsquo;avantage de se trouver \u00e0 c\u00f4t\u00e9 de chez vous et donc en principe plus aptes \u00e0 intervenir en cas de panne; des installateurs r\u00e9gionaux, v\u00e9ritables PME, avce des services techniques, administratifs et commerciaux, ils couvrent g\u00e9n\u00e9ralement sans difficult\u00e9s plusieurs d\u00e9partements : certains vont pouvoir intervenir dans tout l&rsquo;ouest de la France. Enfin les installateurs nationaux, qui soient directement, soit via des r\u00e9seaux de distribution et d&rsquo;installation , vont assurer le plus souvent l&rsquo;ensemble de la prestation : fabrication du monte escalier, vente, installation et service apr\u00e8s vente.<\/p>\n<p style=\"text-align: justify;\">Alors ? vers lesquels s&rsquo;orienter? Il n&rsquo;y a pas de r\u00e9ponse toute faite \u00e0 cette question : d&rsquo;abord parce que nous sommes tous diff\u00e9rents, donc nous n&rsquo;avons pas les m\u00eames attentes. Ensuite parce que chaque installation est diff\u00e9rente parce que chaque escalier est diff\u00e9rent. Notre recommandation est donc de comparer en sollicitant plusieurs installateurs pour un devis. Vous vous dites certainement que \u00e7a va \u00eatre fastidieux. Par forc\u00e9ment, car c&rsquo;est exactement la raison pour laquelle nous avons cr\u00e9\u00e9 ce site : monteescalier.net<\/p>\n<h2 style=\"text-align: justify;\">Mettre en relation les acheteurs et les vendeurs de monte escalier<\/h2>\n<p style=\"text-align: justify;\">C&rsquo;est la vocation de notre site : vous cherchez un monte escalier, les vendeurs cherchent des clients et veulent vous convaincre. Pour cela ils ont accept\u00e9 les r\u00e8gles de notre site : proposer \u00a0un devis personnalis\u00e9 \u00e0 toutes les demandes que nous leur transmettons et deuxi\u00e8me r\u00e8gle ce devis doit \u00eatre gratuit et sans engagement. C&rsquo;est comme cela que nous pouvons vous garantir 4 devis si vous remplissez le formulaire qui se trouve en haut de cette page.<\/p>\n<p style=\"text-align: justify;\">R\u00e9ussissez votre projet d&rsquo;achat de monte escalier sans vous d\u00e9placer, voil\u00e0 l&rsquo;objectif que nous nous sommes fix\u00e9s. Des centaines de personnes ont d\u00e9j\u00e0 adopt\u00e9 notre service. Et nous allons vous donner encore un argument pour vous convaincre. Nous ne d\u00e9pendons pas d&rsquo;un fabricant, d&rsquo;un groupement ou d&rsquo;un installateur : nous sommes ind\u00e9pendants. Et \u00e0 cet titre, nous ne communiquons pas vos donn\u00e9es dans d&rsquo;autres buts que de vous fournir des devis de monte escalier. <strong>C&rsquo;est pour des monte escalier et rien d&rsquo;autres !<\/strong><\/p>\n<div style=\"text-align: justify;\">Pour faire votre choix, vous pouvez aussi vouloir comparer les caract\u00e9ristiques d\u00e9taill\u00e9es des fauteuils monte escalier des diff\u00e9rentes marques disponibles \u00e0 la vente.le meilleur choix dans ce cas est de vous servir de notre formulaire de demande de documentation que vous trouverez sur notre site. Par courriel ou par courrier traditionnel, vous recevrez gratuitement toutes les infos n\u00e9cessaires qui vous permettront de comparer \u00e0 t\u00eate repos\u00e9e les diff\u00e9rents mod\u00e8les de monte escalier.<\/div>\n<div style=\"text-align: justify;\"><\/div>\n<\/div>\n<div style=\"text-align: justify;\">N&rsquo;attendez plus pour d\u00e9couvrir notre service : faites maintenant votre demande de devis sur notre site<\/div>\n<div class=\"boite_texte\">\n<p>&nbsp;<\/p>\n<\/div>\n<div class=\"titre_liens\">D\u00e9couvrez aussi nos services monte escalier pr\u00e8s de chez vous<\/div>\n<p>&nbsp;<\/p>\n<div class=\"boite_liens\"><a href=\"https:\/\/www.monteescalier.net\/france\/monte-escalier-saint-nazaire\">Monte escalier Saint-Nazaire<\/a><br \/>\n<a href=\"https:\/\/www.monteescalier.net\/france\/monte-escalier-saint-herblain\">Monte escalier Saint-Herblain<\/a><br \/>\n<a href=\"https:\/\/www.monteescalier.net\/france\/monte-escalier-reze\">Monte escalier Rez\u00e9<\/a><br \/>\n<a href=\"https:\/\/www.monteescalier.net\/france\/monte-escalier-saint-sebastien-sur-loire\">Monte escalier Saint-S\u00e9bastien-sur-Loire<\/a><br \/>\n<a href=\"https:\/\/www.monteescalier.net\/france\/monte-escalier-orvault\">Monte escalier Orvault<\/a><\/div>\n<div class=\"boite_liens\"><\/div>\n<div class=\"boite_liens\">Info mise \u00e0 jour le 31\/10\/2016<\/div>\n","protected":false},"excerpt":{"rendered":"<p>\u00a04 Devis de monte escalier \u00e0 Nantes gratuitement Vous avez\u00a0besoin d&rsquo;un monte escalier pour votre maison \u00e0 Nantes? Comme vous le savez certainement, il vous faudra passer par un installateur, car en mati\u00e8re de monte escalier, on est dans presque tous les cas sur du sur-mesure. Nous d\u00e9conseillons m\u00eame les bricoleurs de l&rsquo;installer par leurs [&hellip;]<\/p>\n","protected":false},"author":1,"featured_media":0,"parent":0,"menu_order":0,"comment_status":"closed","ping_status":"open","template":"template_ville_5.php","meta":{"_monsterinsights_skip_tracking":false,"_monsterinsights_sitenote_active":false,"_monsterinsights_sitenote_note":"","_monsterinsights_sitenote_category":0,"footnotes":""},"class_list":["post-917","page","type-page","status-publish","hentry"],"yoast_head":"<!-- This site is optimized with the Yoast SEO plugin v26.3 - https:\/\/yoast.com\/wordpress\/plugins\/seo\/ -->\n<title>Monte escalier Nantes - Monte escalier<\/title>\n<meta name=\"description\" content=\"Toute notre gamme de monte-escaliers disponible sur Nantes. A la recherche d&#039;un monte-escalier ?\" \/>\n<meta name=\"robots\" content=\"index, follow, max-snippet:-1, max-image-preview:large, max-video-preview:-1\" \/>\n<link rel=\"canonical\" href=\"https:\/\/www.monteescalier.net\/france\/monte-escalier-nantes\/\" \/>\n<meta property=\"og:locale\" content=\"fr_FR\" \/>\n<meta property=\"og:type\" content=\"article\" \/>\n<meta property=\"og:title\" content=\"Monte escalier Nantes - Monte escalier\" \/>\n<meta property=\"og:description\" content=\"Toute notre gamme de monte-escaliers disponible sur Nantes. A la recherche d&#039;un monte-escalier ?\" \/>\n<meta property=\"og:url\" content=\"https:\/\/www.monteescalier.net\/france\/monte-escalier-nantes\/\" \/>\n<meta property=\"og:site_name\" content=\"Monte escalier\" \/>\n<meta property=\"article:modified_time\" content=\"2021-11-08T14:58:48+00:00\" \/>\n<meta name=\"twitter:card\" content=\"summary_large_image\" \/>\n<meta name=\"twitter:label1\" content=\"Dur\u00e9e de lecture estim\u00e9e\" \/>\n\t<meta name=\"twitter:data1\" content=\"3 minutes\" \/>\n<script type=\"application\/ld+json\" class=\"yoast-schema-graph\">{\"@context\":\"https:\/\/schema.org\",\"@graph\":[{\"@type\":\"WebPage\",\"@id\":\"https:\/\/www.monteescalier.net\/france\/monte-escalier-nantes\/\",\"url\":\"https:\/\/www.monteescalier.net\/france\/monte-escalier-nantes\/\",\"name\":\"Monte escalier Nantes - Monte escalier\",\"isPartOf\":{\"@id\":\"https:\/\/www.monteescalier.net\/france\/#website\"},\"datePublished\":\"2021-02-12T09:47:10+00:00\",\"dateModified\":\"2021-11-08T14:58:48+00:00\",\"description\":\"Toute notre gamme de monte-escaliers disponible sur Nantes. A la recherche d'un monte-escalier ?\",\"breadcrumb\":{\"@id\":\"https:\/\/www.monteescalier.net\/france\/monte-escalier-nantes\/#breadcrumb\"},\"inLanguage\":\"fr-FR\",\"potentialAction\":[{\"@type\":\"ReadAction\",\"target\":[\"https:\/\/www.monteescalier.net\/france\/monte-escalier-nantes\/\"]}]},{\"@type\":\"BreadcrumbList\",\"@id\":\"https:\/\/www.monteescalier.net\/france\/monte-escalier-nantes\/#breadcrumb\",\"itemListElement\":[{\"@type\":\"ListItem\",\"position\":1,\"name\":\"Accueil\",\"item\":\"https:\/\/www.monteescalier.net\/france\/\"},{\"@type\":\"ListItem\",\"position\":2,\"name\":\"Monte escalier Nantes\"}]},{\"@type\":\"WebSite\",\"@id\":\"https:\/\/www.monteescalier.net\/france\/#website\",\"url\":\"https:\/\/www.monteescalier.net\/france\/\",\"name\":\"Monte escalier\",\"description\":\"\",\"publisher\":{\"@id\":\"https:\/\/www.monteescalier.net\/france\/#organization\"},\"potentialAction\":[{\"@type\":\"SearchAction\",\"target\":{\"@type\":\"EntryPoint\",\"urlTemplate\":\"https:\/\/www.monteescalier.net\/france\/?s={search_term_string}\"},\"query-input\":{\"@type\":\"PropertyValueSpecification\",\"valueRequired\":true,\"valueName\":\"search_term_string\"}}],\"inLanguage\":\"fr-FR\"},{\"@type\":\"Organization\",\"@id\":\"https:\/\/www.monteescalier.net\/france\/#organization\",\"name\":\"monte-escalier.net\",\"url\":\"https:\/\/www.monteescalier.net\/france\/\",\"logo\":{\"@type\":\"ImageObject\",\"inLanguage\":\"fr-FR\",\"@id\":\"https:\/\/www.monteescalier.net\/france\/#\/schema\/logo\/image\/\",\"url\":\"https:\/\/www.monteescalier.net\/france\/wp-content\/uploads\/2016\/10\/4devis-mont-escalier-500-500.gif\",\"contentUrl\":\"https:\/\/www.monteescalier.net\/france\/wp-content\/uploads\/2016\/10\/4devis-mont-escalier-500-500.gif\",\"width\":500,\"height\":500,\"caption\":\"monte-escalier.net\"},\"image\":{\"@id\":\"https:\/\/www.monteescalier.net\/france\/#\/schema\/logo\/image\/\"}}]}<\/script>\n<!-- \/ Yoast SEO plugin. -->","yoast_head_json":{"title":"Monte escalier Nantes - Monte escalier","description":"Toute notre gamme de monte-escaliers disponible sur Nantes. A la recherche d'un monte-escalier ?","robots":{"index":"index","follow":"follow","max-snippet":"max-snippet:-1","max-image-preview":"max-image-preview:large","max-video-preview":"max-video-preview:-1"},"canonical":"https:\/\/www.monteescalier.net\/france\/monte-escalier-nantes\/","og_locale":"fr_FR","og_type":"article","og_title":"Monte escalier Nantes - Monte escalier","og_description":"Toute notre gamme de monte-escaliers disponible sur Nantes. A la recherche d'un monte-escalier ?","og_url":"https:\/\/www.monteescalier.net\/france\/monte-escalier-nantes\/","og_site_name":"Monte escalier","article_modified_time":"2021-11-08T14:58:48+00:00","twitter_card":"summary_large_image","twitter_misc":{"Dur\u00e9e de lecture estim\u00e9e":"3 minutes"},"schema":{"@context":"https:\/\/schema.org","@graph":[{"@type":"WebPage","@id":"https:\/\/www.monteescalier.net\/france\/monte-escalier-nantes\/","url":"https:\/\/www.monteescalier.net\/france\/monte-escalier-nantes\/","name":"Monte escalier Nantes - Monte escalier","isPartOf":{"@id":"https:\/\/www.monteescalier.net\/france\/#website"},"datePublished":"2021-02-12T09:47:10+00:00","dateModified":"2021-11-08T14:58:48+00:00","description":"Toute notre gamme de monte-escaliers disponible sur Nantes. A la recherche d'un monte-escalier ?","breadcrumb":{"@id":"https:\/\/www.monteescalier.net\/france\/monte-escalier-nantes\/#breadcrumb"},"inLanguage":"fr-FR","potentialAction":[{"@type":"ReadAction","target":["https:\/\/www.monteescalier.net\/france\/monte-escalier-nantes\/"]}]},{"@type":"BreadcrumbList","@id":"https:\/\/www.monteescalier.net\/france\/monte-escalier-nantes\/#breadcrumb","itemListElement":[{"@type":"ListItem","position":1,"name":"Accueil","item":"https:\/\/www.monteescalier.net\/france\/"},{"@type":"ListItem","position":2,"name":"Monte escalier Nantes"}]},{"@type":"WebSite","@id":"https:\/\/www.monteescalier.net\/france\/#website","url":"https:\/\/www.monteescalier.net\/france\/","name":"Monte escalier","description":"","publisher":{"@id":"https:\/\/www.monteescalier.net\/france\/#organization"},"potentialAction":[{"@type":"SearchAction","target":{"@type":"EntryPoint","urlTemplate":"https:\/\/www.monteescalier.net\/france\/?s={search_term_string}"},"query-input":{"@type":"PropertyValueSpecification","valueRequired":true,"valueName":"search_term_string"}}],"inLanguage":"fr-FR"},{"@type":"Organization","@id":"https:\/\/www.monteescalier.net\/france\/#organization","name":"monte-escalier.net","url":"https:\/\/www.monteescalier.net\/france\/","logo":{"@type":"ImageObject","inLanguage":"fr-FR","@id":"https:\/\/www.monteescalier.net\/france\/#\/schema\/logo\/image\/","url":"https:\/\/www.monteescalier.net\/france\/wp-content\/uploads\/2016\/10\/4devis-mont-escalier-500-500.gif","contentUrl":"https:\/\/www.monteescalier.net\/france\/wp-content\/uploads\/2016\/10\/4devis-mont-escalier-500-500.gif","width":500,"height":500,"caption":"monte-escalier.net"},"image":{"@id":"https:\/\/www.monteescalier.net\/france\/#\/schema\/logo\/image\/"}}]}},"_links":{"self":[{"href":"https:\/\/www.monteescalier.net\/france\/wp-json\/wp\/v2\/pages\/917","targetHints":{"allow":["GET"]}}],"collection":[{"href":"https:\/\/www.monteescalier.net\/france\/wp-json\/wp\/v2\/pages"}],"about":[{"href":"https:\/\/www.monteescalier.net\/france\/wp-json\/wp\/v2\/types\/page"}],"author":[{"embeddable":true,"href":"https:\/\/www.monteescalier.net\/france\/wp-json\/wp\/v2\/users\/1"}],"replies":[{"embeddable":true,"href":"https:\/\/www.monteescalier.net\/france\/wp-json\/wp\/v2\/comments?post=917"}],"version-history":[{"count":5,"href":"https:\/\/www.monteescalier.net\/france\/wp-json\/wp\/v2\/pages\/917\/revisions"}],"predecessor-version":[{"id":7321,"href":"https:\/\/www.monteescalier.net\/france\/wp-json\/wp\/v2\/pages\/917\/revisions\/7321"}],"wp:attachment":[{"href":"https:\/\/www.monteescalier.net\/france\/wp-json\/wp\/v2\/media?parent=917"}],"curies":[{"name":"wp","href":"https:\/\/api.w.org\/{rel}","templated":true}]}}