{"id":919,"date":"2021-09-26T10:47:10","date_gmt":"2021-09-26T09:47:10","guid":{"rendered":"https:\/\/www.monteescalier.net\/france\/?page_id=919"},"modified":"2021-11-08T16:08:44","modified_gmt":"2021-11-08T15:08:44","slug":"monte-escalier-montpellier","status":"publish","type":"page","link":"https:\/\/www.monteescalier.net\/france\/monte-escalier-montpellier\/","title":{"rendered":"Monte escalier Montpellier"},"content":{"rendered":"<h1>Trouver son installateur de monte escalier \u00e0 Montpellier<\/h1>\n<pre style=\"text-align: justify;\">Article actualis\u00e9 le 03\/11\/2016<\/pre>\n<div style=\"text-align: justify;\"><\/div>\n<div class=\"boite_texte\">\n<div style=\"text-align: justify;\">Vous\u00a0avez pris une grande d\u00e9cision, \u00e9quipez votre maison d&rsquo;un monte escalier. A Montpellier, vous n&rsquo;aurez pas de difficult\u00e9s \u00e0 trouver un installateur. Mais vous vous posez certainement un grand nombre de questions. A commencer par la principale. A qui allez-vous confier l&rsquo;installation de votre monte escalier \u00e0 Montpellier.<\/div>\n<\/div>\n<div style=\"text-align: justify;\"><\/div>\n<h2 style=\"text-align: justify;\">Le march\u00e9 du monte escalier \u00e0 Montpellier<\/h2>\n<div style=\"text-align: justify;\"><\/div>\n<div style=\"text-align: justify;\">On va trouver diff\u00e9rents types d&rsquo;installateurs de monte escalier \u00e0 Montpellier : des installateurs locaux qui n&rsquo;interviendront que sur Montpellier et son agglom\u00e9ration. Ils pr\u00e9sentent l&rsquo;avantage de la proximit\u00e9, ce qui peut \u00eatre un plus \u00e9tant donn\u00e9 qu&rsquo;aussi bien pour l&rsquo;installation que pour le service apr\u00e8s vente, un certain nombre de services sont des services de proximit\u00e9 (pensez au d\u00e9pannage par exemple). Vous trouverez \u00e9galement des installateurs dit r\u00e9gionaux : ils peuvent d\u00e9pendre d&rsquo;un r\u00e9seau de distribution national ou \u00eatre totalement autonomes. v\u00e9ritables PME du monte escalier, ils emploient n\u00e9cessairement des \u00e9quipes plus nombreuses et plus sp\u00e9cialis\u00e9es ( commerciaux, administratifs, installateurs, technniciens etc&#8230;). Enfin les grands r\u00e9seaux nationaux seront le 3\u00e8me type d&rsquo;acteurs du monte escalier que vous allez rencontrez: g\u00e9n\u00e9ralement ils maitrisent la totalit\u00e9 de la ch\u00e2ine qui va de la fabrication du monte escalier \u00e0 sa commercialisation en passant par son installation et le SAV. Il ne nous appartient pas de vous dire laquelle de ces structures type sera la plus \u00e0 m\u00eame de vous donner satisfaction car cela va fortement varier selon vos besoins et vos attentes.<\/div>\n<div class=\"boite_texte\">\n<h2>Nos recommandations pour votre monte escalier<\/h2>\n<p>Le conseil le plus important que nous pouvons vous donner c&rsquo;est de bien \u00e9tudier le march\u00e9. Et pour cela vous allez devoir faire appel \u00e0 plusieurs installateurs de monte escalier afin qu&rsquo;ils vous fassent des propositions que vous pourrez comparer : en clair il va vous falloir obtenir des devis pour l&rsquo;installation d&rsquo;un monte escalier chez vous \u00e0 Montpellier.<\/p>\n<h3>Pourquois plusieurs devis de monte escalier ?<\/h3>\n<div style=\"text-align: justify;\">Tout simplement, pour savoir si les prix que l&rsquo;on vous propose sont coh\u00e9rents mais aussi pour connaitre les diff\u00e9rences techniques, par exemple pourquoi certains installateurs vont vous proposer des mod\u00e8les monorail alors que d&rsquo;autres pr\u00e9coniseront des doubles rails. Vous avez int\u00e9r\u00eat d&rsquo;\u00e9couter plusieurs avis pour vous faire votre propre opinion. Mais comment obtenir ces devis et \u00e0 qui les demander?<\/div>\n<h3>la solution monteescalier.net<\/h3>\n<div style=\"text-align: justify;\">Nous ne sommes pas vendeurs, ni fabricants pas m\u00eame installateurs de monte escalier. Notre r\u00f4le est de mettre en relation ceux qui souhaitent s&rsquo;\u00e9quiper d&rsquo;un monte escalier et ceux qui souhaitent en vendre. Pour ce faire, nous avons r\u00e9alis\u00e9 dans chaque zone du territoire des listes de pr\u00e9selection des prestataires qui nous apparaissent comme les plus comp\u00e9tents et les plus performants. C&rsquo;est le cas \u00e0 Montpellier o\u00f9 nous pouvons vous mettre tr\u00e8s rapidement en contact avec 4 ou 5 installateurs que nous avons pl\u00e9biscit\u00e9s.<\/div>\n<h3>Fonctionnement du service aide \u00e0 l&rsquo;achat d&rsquo;un monte escalier<\/h3>\n<p>Pour obtenir vous aussi vos devis, c&rsquo;est tr\u00e8s facile : il \u00a0vous suffit de compl\u00e9ter le formulaire qui se trouve tout en haut de cette page. D\u00e8s que nous le recevrons, nous transmettrons vos coordonn\u00e9es \u00e0 notre pr\u00e9selection d&rsquo;installateurs sur Montpellier (et \u00e0 eux seuls ! pas \u00e0 d&rsquo;autres entreprises de d\u00e9marchage par exemple). Peu de temps apr\u00e8s ces installateurs prendront contact avec vous afin de r\u00e9aliser une \u00e9tude personnalis\u00e9e et une proposition chiffr\u00e9e qui seront pour vous absolument gratuites : aucun engagement ne vous sera d&rsquo;ailleurs demand\u00e9. \u00a0Si nos prestataires s\u00e9lectionn\u00e9s ne vous donnaient pas satisfaction, vous pourrez sans probl\u00e8me vous adresser \u00e0 quelqu&rsquo;un d&rsquo;autre, m\u00eame si nous ne doutons pas que ce ne sera pas le cas.<\/p>\n<h3>La demande de rappel par des pros<\/h3>\n<div style=\"text-align: justify;\">En mal de conseil ou de solution technique? Le monte escalier c&rsquo;est presque toujours du sur mesure, chaque escalier\u00a0est diff\u00e9rent et a ses propres sp\u00e9cificit\u00e9s: dimensions des march\u00e9s, nom de virages, largeur etc&#8230; Dans la tr\u00e8s grande majorit\u00e9 des cas l&rsquo;installation d&rsquo;un monte escalier est possible m\u00eame sur des escaliers assez \u00e9troits. Pour vous en assurer remplissez une demande de rappel (en notant au pr\u00e9alable les dimensions de votre escalier). Plusieurs installateurs vous rappelleront sans d\u00e9lai, pour discuter avec vous du type de monte escalier qui s&rsquo;adaptera le mieux \u00e0 votre\u00a0maison \u00e0 Montpellier.<\/div>\n<p>&nbsp;<\/p>\n<p>Ne perdez pas de temps\u00e0 faire \u00a0la chasse aux prestataires sans savoir s&rsquo;ils sont bons dans leur domaine : \u00a0laissez notre service de mise en relation faire le boulot\u00a0pour vous. C&rsquo;est int\u00e9gralement gratuit et cela vous permettra d&rsquo;\u00eatre mis tr\u00e8s rapidement en relation avec notre liste de professionnels du monte escalier de Montpellier et sa r\u00e9gion, sans efforts, ni contraintes&#8230; difficile de vous proposer mieux non?<\/p>\n<p>&nbsp;<\/p>\n<\/div>\n<div class=\"titre_liens\">A consulter aussi dans les autres villes\u00a0de l&rsquo;H\u00e9rault (34)<\/div>\n<div class=\"boite_liens\"><a href=\"https:\/\/www.monteescalier.net\/france\/monte-escalier-beziers\">Monte escalier B\u00e9ziers<\/a><br \/>\n<a href=\"https:\/\/www.monteescalier.net\/france\/monte-escalier-sete\">Monte escalier S\u00e8te<\/a><br \/>\n<a href=\"https:\/\/www.monteescalier.net\/france\/monte-escalier-lunel\">Monte escalier Lunel<\/a><br \/>\n<a href=\"https:\/\/www.monteescalier.net\/france\/monte-escalier-frontignan\">Monte escalier Frontignan<\/a><br \/>\n<a href=\"https:\/\/www.monteescalier.net\/france\/monte-escalier-agde\">Monte escalier Agde<\/a><\/div>\n","protected":false},"excerpt":{"rendered":"<p>Trouver son installateur de monte escalier \u00e0 Montpellier Article actualis\u00e9 le 03\/11\/2016 Vous\u00a0avez pris une grande d\u00e9cision, \u00e9quipez votre maison d&rsquo;un monte escalier. A Montpellier, vous n&rsquo;aurez pas de difficult\u00e9s \u00e0 trouver un installateur. Mais vous vous posez certainement un grand nombre de questions. A commencer par la principale. A qui allez-vous confier l&rsquo;installation de [&hellip;]<\/p>\n","protected":false},"author":1,"featured_media":0,"parent":0,"menu_order":0,"comment_status":"closed","ping_status":"open","template":"","meta":{"_monsterinsights_skip_tracking":false,"_monsterinsights_sitenote_active":false,"_monsterinsights_sitenote_note":"","_monsterinsights_sitenote_category":0,"footnotes":""},"class_list":["post-919","page","type-page","status-publish","hentry"],"yoast_head":"<!-- This site is optimized with the Yoast SEO plugin v26.3 - https:\/\/yoast.com\/wordpress\/plugins\/seo\/ -->\n<title>Monte escalier Montpellier - Monte escalier<\/title>\n<meta name=\"description\" content=\"Vous avez d\u00e9cidez d\u2019\u00e9quiper votre maison d&#039;un monte escalier a Montpellier, vous n&#039;aurez pas de difficult\u00e9s \u00e0 trouver un installateur gr\u00e2ce a nous.\" \/>\n<meta name=\"robots\" content=\"index, follow, max-snippet:-1, max-image-preview:large, max-video-preview:-1\" \/>\n<link rel=\"canonical\" href=\"https:\/\/www.monteescalier.net\/france\/monte-escalier-montpellier\/\" \/>\n<meta property=\"og:locale\" content=\"fr_FR\" \/>\n<meta property=\"og:type\" content=\"article\" \/>\n<meta property=\"og:title\" content=\"Monte escalier Montpellier - Monte escalier\" \/>\n<meta property=\"og:description\" content=\"Vous avez d\u00e9cidez d\u2019\u00e9quiper votre maison d&#039;un monte escalier a Montpellier, vous n&#039;aurez pas de difficult\u00e9s \u00e0 trouver un installateur gr\u00e2ce a nous.\" \/>\n<meta property=\"og:url\" content=\"https:\/\/www.monteescalier.net\/france\/monte-escalier-montpellier\/\" \/>\n<meta property=\"og:site_name\" content=\"Monte escalier\" \/>\n<meta property=\"article:modified_time\" content=\"2021-11-08T15:08:44+00:00\" \/>\n<meta name=\"twitter:card\" content=\"summary_large_image\" \/>\n<meta name=\"twitter:label1\" content=\"Dur\u00e9e de lecture estim\u00e9e\" \/>\n\t<meta name=\"twitter:data1\" content=\"4 minutes\" \/>\n<script type=\"application\/ld+json\" class=\"yoast-schema-graph\">{\"@context\":\"https:\/\/schema.org\",\"@graph\":[{\"@type\":\"WebPage\",\"@id\":\"https:\/\/www.monteescalier.net\/france\/monte-escalier-montpellier\/\",\"url\":\"https:\/\/www.monteescalier.net\/france\/monte-escalier-montpellier\/\",\"name\":\"Monte escalier Montpellier - Monte escalier\",\"isPartOf\":{\"@id\":\"https:\/\/www.monteescalier.net\/france\/#website\"},\"datePublished\":\"2021-09-26T09:47:10+00:00\",\"dateModified\":\"2021-11-08T15:08:44+00:00\",\"description\":\"Vous avez d\u00e9cidez d\u2019\u00e9quiper votre maison d'un monte escalier a Montpellier, vous n'aurez pas de difficult\u00e9s \u00e0 trouver un installateur gr\u00e2ce a nous.\",\"breadcrumb\":{\"@id\":\"https:\/\/www.monteescalier.net\/france\/monte-escalier-montpellier\/#breadcrumb\"},\"inLanguage\":\"fr-FR\",\"potentialAction\":[{\"@type\":\"ReadAction\",\"target\":[\"https:\/\/www.monteescalier.net\/france\/monte-escalier-montpellier\/\"]}]},{\"@type\":\"BreadcrumbList\",\"@id\":\"https:\/\/www.monteescalier.net\/france\/monte-escalier-montpellier\/#breadcrumb\",\"itemListElement\":[{\"@type\":\"ListItem\",\"position\":1,\"name\":\"Accueil\",\"item\":\"https:\/\/www.monteescalier.net\/france\/\"},{\"@type\":\"ListItem\",\"position\":2,\"name\":\"Monte escalier Montpellier\"}]},{\"@type\":\"WebSite\",\"@id\":\"https:\/\/www.monteescalier.net\/france\/#website\",\"url\":\"https:\/\/www.monteescalier.net\/france\/\",\"name\":\"Monte escalier\",\"description\":\"\",\"publisher\":{\"@id\":\"https:\/\/www.monteescalier.net\/france\/#organization\"},\"potentialAction\":[{\"@type\":\"SearchAction\",\"target\":{\"@type\":\"EntryPoint\",\"urlTemplate\":\"https:\/\/www.monteescalier.net\/france\/?s={search_term_string}\"},\"query-input\":{\"@type\":\"PropertyValueSpecification\",\"valueRequired\":true,\"valueName\":\"search_term_string\"}}],\"inLanguage\":\"fr-FR\"},{\"@type\":\"Organization\",\"@id\":\"https:\/\/www.monteescalier.net\/france\/#organization\",\"name\":\"monte-escalier.net\",\"url\":\"https:\/\/www.monteescalier.net\/france\/\",\"logo\":{\"@type\":\"ImageObject\",\"inLanguage\":\"fr-FR\",\"@id\":\"https:\/\/www.monteescalier.net\/france\/#\/schema\/logo\/image\/\",\"url\":\"https:\/\/www.monteescalier.net\/france\/wp-content\/uploads\/2016\/10\/4devis-mont-escalier-500-500.gif\",\"contentUrl\":\"https:\/\/www.monteescalier.net\/france\/wp-content\/uploads\/2016\/10\/4devis-mont-escalier-500-500.gif\",\"width\":500,\"height\":500,\"caption\":\"monte-escalier.net\"},\"image\":{\"@id\":\"https:\/\/www.monteescalier.net\/france\/#\/schema\/logo\/image\/\"}}]}<\/script>\n<!-- \/ Yoast SEO plugin. -->","yoast_head_json":{"title":"Monte escalier Montpellier - Monte escalier","description":"Vous avez d\u00e9cidez d\u2019\u00e9quiper votre maison d'un monte escalier a Montpellier, vous n'aurez pas de difficult\u00e9s \u00e0 trouver un installateur gr\u00e2ce a nous.","robots":{"index":"index","follow":"follow","max-snippet":"max-snippet:-1","max-image-preview":"max-image-preview:large","max-video-preview":"max-video-preview:-1"},"canonical":"https:\/\/www.monteescalier.net\/france\/monte-escalier-montpellier\/","og_locale":"fr_FR","og_type":"article","og_title":"Monte escalier Montpellier - Monte escalier","og_description":"Vous avez d\u00e9cidez d\u2019\u00e9quiper votre maison d'un monte escalier a Montpellier, vous n'aurez pas de difficult\u00e9s \u00e0 trouver un installateur gr\u00e2ce a nous.","og_url":"https:\/\/www.monteescalier.net\/france\/monte-escalier-montpellier\/","og_site_name":"Monte escalier","article_modified_time":"2021-11-08T15:08:44+00:00","twitter_card":"summary_large_image","twitter_misc":{"Dur\u00e9e de lecture estim\u00e9e":"4 minutes"},"schema":{"@context":"https:\/\/schema.org","@graph":[{"@type":"WebPage","@id":"https:\/\/www.monteescalier.net\/france\/monte-escalier-montpellier\/","url":"https:\/\/www.monteescalier.net\/france\/monte-escalier-montpellier\/","name":"Monte escalier Montpellier - Monte escalier","isPartOf":{"@id":"https:\/\/www.monteescalier.net\/france\/#website"},"datePublished":"2021-09-26T09:47:10+00:00","dateModified":"2021-11-08T15:08:44+00:00","description":"Vous avez d\u00e9cidez d\u2019\u00e9quiper votre maison d'un monte escalier a Montpellier, vous n'aurez pas de difficult\u00e9s \u00e0 trouver un installateur gr\u00e2ce a nous.","breadcrumb":{"@id":"https:\/\/www.monteescalier.net\/france\/monte-escalier-montpellier\/#breadcrumb"},"inLanguage":"fr-FR","potentialAction":[{"@type":"ReadAction","target":["https:\/\/www.monteescalier.net\/france\/monte-escalier-montpellier\/"]}]},{"@type":"BreadcrumbList","@id":"https:\/\/www.monteescalier.net\/france\/monte-escalier-montpellier\/#breadcrumb","itemListElement":[{"@type":"ListItem","position":1,"name":"Accueil","item":"https:\/\/www.monteescalier.net\/france\/"},{"@type":"ListItem","position":2,"name":"Monte escalier Montpellier"}]},{"@type":"WebSite","@id":"https:\/\/www.monteescalier.net\/france\/#website","url":"https:\/\/www.monteescalier.net\/france\/","name":"Monte escalier","description":"","publisher":{"@id":"https:\/\/www.monteescalier.net\/france\/#organization"},"potentialAction":[{"@type":"SearchAction","target":{"@type":"EntryPoint","urlTemplate":"https:\/\/www.monteescalier.net\/france\/?s={search_term_string}"},"query-input":{"@type":"PropertyValueSpecification","valueRequired":true,"valueName":"search_term_string"}}],"inLanguage":"fr-FR"},{"@type":"Organization","@id":"https:\/\/www.monteescalier.net\/france\/#organization","name":"monte-escalier.net","url":"https:\/\/www.monteescalier.net\/france\/","logo":{"@type":"ImageObject","inLanguage":"fr-FR","@id":"https:\/\/www.monteescalier.net\/france\/#\/schema\/logo\/image\/","url":"https:\/\/www.monteescalier.net\/france\/wp-content\/uploads\/2016\/10\/4devis-mont-escalier-500-500.gif","contentUrl":"https:\/\/www.monteescalier.net\/france\/wp-content\/uploads\/2016\/10\/4devis-mont-escalier-500-500.gif","width":500,"height":500,"caption":"monte-escalier.net"},"image":{"@id":"https:\/\/www.monteescalier.net\/france\/#\/schema\/logo\/image\/"}}]}},"_links":{"self":[{"href":"https:\/\/www.monteescalier.net\/france\/wp-json\/wp\/v2\/pages\/919","targetHints":{"allow":["GET"]}}],"collection":[{"href":"https:\/\/www.monteescalier.net\/france\/wp-json\/wp\/v2\/pages"}],"about":[{"href":"https:\/\/www.monteescalier.net\/france\/wp-json\/wp\/v2\/types\/page"}],"author":[{"embeddable":true,"href":"https:\/\/www.monteescalier.net\/france\/wp-json\/wp\/v2\/users\/1"}],"replies":[{"embeddable":true,"href":"https:\/\/www.monteescalier.net\/france\/wp-json\/wp\/v2\/comments?post=919"}],"version-history":[{"count":3,"href":"https:\/\/www.monteescalier.net\/france\/wp-json\/wp\/v2\/pages\/919\/revisions"}],"predecessor-version":[{"id":7329,"href":"https:\/\/www.monteescalier.net\/france\/wp-json\/wp\/v2\/pages\/919\/revisions\/7329"}],"wp:attachment":[{"href":"https:\/\/www.monteescalier.net\/france\/wp-json\/wp\/v2\/media?parent=919"}],"curies":[{"name":"wp","href":"https:\/\/api.w.org\/{rel}","templated":true}]}}