{"id":920,"date":"2021-02-26T10:47:10","date_gmt":"2021-02-26T09:47:10","guid":{"rendered":"https:\/\/www.monteescalier.net\/france\/?page_id=920"},"modified":"2021-11-08T16:33:25","modified_gmt":"2021-11-08T15:33:25","slug":"monte-escalier-bordeaux","status":"publish","type":"page","link":"https:\/\/www.monteescalier.net\/france\/monte-escalier-bordeaux\/","title":{"rendered":"Monte escalier Bordeaux"},"content":{"rendered":"<h1>Votre\u00a0monte escalier \u00e0 Bordeaux<\/h1>\n<pre style=\"text-align: justify;\"><em>Article mis \u00e0 jour le 2 novembre 2016<\/em><\/pre>\n<div style=\"text-align: justify;\"><\/div>\n<div class=\"boite_texte\">\n<div style=\"text-align: justify;\">Vous voulez faire installer un monte escalier dans votre maison \u00e0 Bordeaux ? nous allons vous donner quelques conseils, qui nous l&rsquo;esp\u00e9rons, vous permettront de choisir l&rsquo;installateur de monte escalier le plus int\u00e9ressant pour votre projet. En effet selon vos pr\u00e9-requis, le choix d&rsquo;un installeur plut\u00f4t qu&rsquo;un autre pourrait avoir une importance.<\/div>\n<h2>\u00a0Les installateurs de monte escalier \u00e0 Bordeaux<\/h2>\n<div style=\"text-align: justify;\">Comme dans toutes les grandes m\u00e9tropoles fran\u00e7aises vous n&rsquo;aurez aucun mal \u00e0 trouver des installateurs de monte escalier dans la r\u00e9gion Aquitaine et en particulier \u00e0 Bordeaux. Que ce soient des installateurs locaux avec des rayons d&rsquo;intervention assez courts (de l&rsquo;ordre de 50 km), des PME r\u00e9gionales qui peuvent travailler sur plusieurs d\u00e9partements alentours ou m\u00eame des enseignes nationales ou internationales qui vont jusqu&rsquo;\u00e0 g\u00e9rer l&rsquo;ensemble du processus, de la fabrication \u00e0 l&rsquo;installation, en passant par la vente et le service apr\u00e8s vente. Mais sur quel crit\u00e8re retenir un prestataire installateur de monte escalier?<\/div>\n<\/div>\n<div style=\"text-align: justify;\"><\/div>\n<div style=\"text-align: justify;\">Un choix sur le type de soci\u00e9t\u00e9 de monte escalier : certains d&rsquo;entre nous peuvent des id\u00e9es tr\u00e8s arr\u00eat\u00e9es sur cette question. Ainsi un client pourra consid\u00e9rer que seule une grande soci\u00e9t\u00e9 qui maitr\u00eese l&rsquo;ensemble des \u00e9tapes sera \u00e0 m\u00eame de lui fournir le meilleur service, alors qu&rsquo;un autre pourra consid\u00e9rer que le service de proximit\u00e9 assur\u00e9 par l&rsquo;installateur de monte escalier local est une vraie plus-value. Enfin entre les 2, \u00a0ceux qui consid\u00e9reront qu&rsquo;il faut un compromis entre les 2, suffisament proche pour assurer un service de qualit\u00e9 mais aussi suffisament important pour garantir une certaine perennit\u00e9 de l&rsquo;entreprise de monte escalier<\/div>\n<div style=\"text-align: justify;\"><\/div>\n<h2 style=\"text-align: justify;\">Le but de monteescalier.net<\/h2>\n<div style=\"text-align: justify;\"><\/div>\n<div class=\"boite_texte\">\n<div style=\"text-align: justify;\">Monteescalier.net n&rsquo;est pas installateur de monte escalier, Monteescalier.net n&rsquo;est pas un vendeur de monte escaliers et ne repr\u00e9sente aucune marque ou raison de distribution; nous sommes ind\u00e9pendants et notre r\u00f4le se limite \u00e0 vous mettre en contact avec les installateurs de votre r\u00e9gion pour vous offrir le choix de votre prestataire sur des crit\u00e8res objectifs. Ainsi, si votre seul crit\u00e8re est le prix d&rsquo;achat du monte escalier, nous pouvons vous \u00eatre utile ! Mais si vous recherchez en priorit\u00e9 de la comp\u00e9tence, de la qualit\u00e9 d&rsquo;accueil et de la relation avec le prestataire, nous sommes aussi en mesure de vous aider.<\/div>\n<h2>La prestation conseil monte escalier<\/h2>\n<div style=\"text-align: justify;\">En compl\u00e9tant sur cette page le formulaire de demande de devis qui se trouve en haut de cette page, vous allez \u00eatre mis en relation directe avec les installateurs que nous avons s\u00e9lectionn\u00e9 pour vous dans la r\u00e9gion de Bordeaux. Ainsi, un seul formulaire rempli, c&rsquo;est 2 garanties : d&rsquo;abord de recevoir 4 ou 5 propositions chiffr\u00e9es et personnalis\u00e9s pour l&rsquo;installation de votre monte escalier \u00e0 Bordeaux, mais aussi d&rsquo;avoir d\u00e9j\u00e0 une premi\u00e8re s\u00e9lection de prestataires reconnus pour leur s\u00e9rieux, leurs comp\u00e9tences et leurs tarifs comp\u00e9titifs.<\/div>\n<\/div>\n<div style=\"text-align: justify;\"><\/div>\n<h3 style=\"text-align: justify;\">Vous avez peut \u00eatre des questions relatives \u00e0 l&rsquo;installation de votre monte escalier ?<\/h3>\n<div class=\"boite_texte\">\n<div style=\"text-align: justify;\">Votre maison peut elle accueillir un monte escalier? Votre escalier est il assez large? Vous faut il un monte escalier droit ou un monte escalier tournant? Quelle marque, quel fauteuil choisir? Pour obtenir diff\u00e9rents avis sur ces questions, utilisez notre formulaire de rappel. Nos professionnels partenaires du monte escalier vous recontacteront tr\u00e8s vite !<\/div>\n<h3>Vous voulez de la documentation sur les monte escaliers ?<\/h3>\n<div style=\"text-align: justify;\">\n<p>Utilisez notre site monteescalier.net pour obtenir de la documentation gr\u00e2ce \u00e0 notre formulaire de demande de documentation. Nos partenaires, professionnels du monte escalier, qu&rsquo;ils soient fabricants, installateurs, ou revendeurs, vous feront parvenir les \u00a0informations\u00a0dont ils disposent sur les mod\u00e8les qu&rsquo;ils recommandent.<\/p>\n<\/div>\n<div style=\"text-align: justify;\">Centralisez vos demandes de devis, de rappel et de documentation sur les monte escalier gr\u00e2ce \u00e0 notre site enti\u00e8rement gratuit : un formulaire rempli c&rsquo;est \u00a0des contacts multiples avec les prestataires revendeurs de monte escalier \u00e0 Bordeaux et dans tout le d\u00e9partement. Si toutefois, les prestataires que nous avons pr\u00e9sent\u00e9s ne vous font pas de proposition int\u00e9ressante, libre \u00e0 vous d&rsquo;aller voir ailleurs. Une demande sur monteescalier.net ne vous engage pas. Nous vous demandons simplement d&rsquo;\u00eatre \u00e0 l&rsquo;\u00e9coute de leurs propositions car ils acceptent de jouer le jeu et d&rsquo;\u00eatre mis en concurrence.<\/div>\n<p>&nbsp;<\/p>\n<\/div>\n<div class=\"titre_liens\">Vous serez peut \u00eatre int\u00e9ress\u00e9s aussi par nos autres offres dans le d\u00e9partement de la Gironde<\/div>\n<div class=\"boite_liens\"><a href=\"https:\/\/www.monteescalier.net\/france\/monte-escalier-merignac\">Monte escalier M\u00e9rignac<\/a><br \/>\n<a href=\"https:\/\/www.monteescalier.net\/france\/monte-escalier-pessac\">Monte escalier Pessac<\/a><br \/>\n<a href=\"https:\/\/www.monteescalier.net\/france\/monte-escalier-talence\">Monte escalier Talence<\/a><br \/>\n<a href=\"https:\/\/www.monteescalier.net\/france\/monte-escalier-villenave-d-ornon\">Monte escalier Villenave-d&rsquo;Ornon<\/a><br \/>\n<a href=\"https:\/\/www.monteescalier.net\/france\/monte-escalier-saint-medard-en-jalles\">Monte escalier Saint-M\u00e9dard-en-Jalles<\/a><\/div>\n<div class=\"boite_liens\"><\/div>\n","protected":false},"excerpt":{"rendered":"<p>Votre\u00a0monte escalier \u00e0 Bordeaux Article mis \u00e0 jour le 2 novembre 2016 Vous voulez faire installer un monte escalier dans votre maison \u00e0 Bordeaux ? nous allons vous donner quelques conseils, qui nous l&rsquo;esp\u00e9rons, vous permettront de choisir l&rsquo;installateur de monte escalier le plus int\u00e9ressant pour votre projet. En effet selon vos pr\u00e9-requis, le choix [&hellip;]<\/p>\n","protected":false},"author":1,"featured_media":0,"parent":0,"menu_order":0,"comment_status":"closed","ping_status":"open","template":"template_ville_20.php","meta":{"_monsterinsights_skip_tracking":false,"_monsterinsights_sitenote_active":false,"_monsterinsights_sitenote_note":"","_monsterinsights_sitenote_category":0,"footnotes":""},"class_list":["post-920","page","type-page","status-publish","hentry"],"yoast_head":"<!-- This site is optimized with the Yoast SEO plugin v26.3 - https:\/\/yoast.com\/wordpress\/plugins\/seo\/ -->\n<title>Monte escalier Bordeaux - Monte escalier<\/title>\n<meta name=\"description\" content=\"Vous recherchez un monte-escalier pour votre domicile pr\u00e8s de Bordeaux ? Contactez d\u00e8s maintenant notre partenaire installateur le plus proche !\" \/>\n<meta name=\"robots\" content=\"index, follow, max-snippet:-1, max-image-preview:large, max-video-preview:-1\" \/>\n<link rel=\"canonical\" href=\"https:\/\/www.monteescalier.net\/france\/monte-escalier-bordeaux\/\" \/>\n<meta property=\"og:locale\" content=\"fr_FR\" \/>\n<meta property=\"og:type\" content=\"article\" \/>\n<meta property=\"og:title\" content=\"Monte escalier Bordeaux - Monte escalier\" \/>\n<meta property=\"og:description\" content=\"Vous recherchez un monte-escalier pour votre domicile pr\u00e8s de Bordeaux ? Contactez d\u00e8s maintenant notre partenaire installateur le plus proche !\" \/>\n<meta property=\"og:url\" content=\"https:\/\/www.monteescalier.net\/france\/monte-escalier-bordeaux\/\" \/>\n<meta property=\"og:site_name\" content=\"Monte escalier\" \/>\n<meta property=\"article:modified_time\" content=\"2021-11-08T15:33:25+00:00\" \/>\n<meta name=\"twitter:card\" content=\"summary_large_image\" \/>\n<meta name=\"twitter:label1\" content=\"Dur\u00e9e de lecture estim\u00e9e\" \/>\n\t<meta name=\"twitter:data1\" content=\"4 minutes\" \/>\n<script type=\"application\/ld+json\" class=\"yoast-schema-graph\">{\"@context\":\"https:\/\/schema.org\",\"@graph\":[{\"@type\":\"WebPage\",\"@id\":\"https:\/\/www.monteescalier.net\/france\/monte-escalier-bordeaux\/\",\"url\":\"https:\/\/www.monteescalier.net\/france\/monte-escalier-bordeaux\/\",\"name\":\"Monte escalier Bordeaux - Monte escalier\",\"isPartOf\":{\"@id\":\"https:\/\/www.monteescalier.net\/france\/#website\"},\"datePublished\":\"2021-02-26T09:47:10+00:00\",\"dateModified\":\"2021-11-08T15:33:25+00:00\",\"description\":\"Vous recherchez un monte-escalier pour votre domicile pr\u00e8s de Bordeaux ? Contactez d\u00e8s maintenant notre partenaire installateur le plus proche !\",\"breadcrumb\":{\"@id\":\"https:\/\/www.monteescalier.net\/france\/monte-escalier-bordeaux\/#breadcrumb\"},\"inLanguage\":\"fr-FR\",\"potentialAction\":[{\"@type\":\"ReadAction\",\"target\":[\"https:\/\/www.monteescalier.net\/france\/monte-escalier-bordeaux\/\"]}]},{\"@type\":\"BreadcrumbList\",\"@id\":\"https:\/\/www.monteescalier.net\/france\/monte-escalier-bordeaux\/#breadcrumb\",\"itemListElement\":[{\"@type\":\"ListItem\",\"position\":1,\"name\":\"Accueil\",\"item\":\"https:\/\/www.monteescalier.net\/france\/\"},{\"@type\":\"ListItem\",\"position\":2,\"name\":\"Monte escalier Bordeaux\"}]},{\"@type\":\"WebSite\",\"@id\":\"https:\/\/www.monteescalier.net\/france\/#website\",\"url\":\"https:\/\/www.monteescalier.net\/france\/\",\"name\":\"Monte escalier\",\"description\":\"\",\"publisher\":{\"@id\":\"https:\/\/www.monteescalier.net\/france\/#organization\"},\"potentialAction\":[{\"@type\":\"SearchAction\",\"target\":{\"@type\":\"EntryPoint\",\"urlTemplate\":\"https:\/\/www.monteescalier.net\/france\/?s={search_term_string}\"},\"query-input\":{\"@type\":\"PropertyValueSpecification\",\"valueRequired\":true,\"valueName\":\"search_term_string\"}}],\"inLanguage\":\"fr-FR\"},{\"@type\":\"Organization\",\"@id\":\"https:\/\/www.monteescalier.net\/france\/#organization\",\"name\":\"monte-escalier.net\",\"url\":\"https:\/\/www.monteescalier.net\/france\/\",\"logo\":{\"@type\":\"ImageObject\",\"inLanguage\":\"fr-FR\",\"@id\":\"https:\/\/www.monteescalier.net\/france\/#\/schema\/logo\/image\/\",\"url\":\"https:\/\/www.monteescalier.net\/france\/wp-content\/uploads\/2016\/10\/4devis-mont-escalier-500-500.gif\",\"contentUrl\":\"https:\/\/www.monteescalier.net\/france\/wp-content\/uploads\/2016\/10\/4devis-mont-escalier-500-500.gif\",\"width\":500,\"height\":500,\"caption\":\"monte-escalier.net\"},\"image\":{\"@id\":\"https:\/\/www.monteescalier.net\/france\/#\/schema\/logo\/image\/\"}}]}<\/script>\n<!-- \/ Yoast SEO plugin. -->","yoast_head_json":{"title":"Monte escalier Bordeaux - Monte escalier","description":"Vous recherchez un monte-escalier pour votre domicile pr\u00e8s de Bordeaux ? Contactez d\u00e8s maintenant notre partenaire installateur le plus proche !","robots":{"index":"index","follow":"follow","max-snippet":"max-snippet:-1","max-image-preview":"max-image-preview:large","max-video-preview":"max-video-preview:-1"},"canonical":"https:\/\/www.monteescalier.net\/france\/monte-escalier-bordeaux\/","og_locale":"fr_FR","og_type":"article","og_title":"Monte escalier Bordeaux - Monte escalier","og_description":"Vous recherchez un monte-escalier pour votre domicile pr\u00e8s de Bordeaux ? Contactez d\u00e8s maintenant notre partenaire installateur le plus proche !","og_url":"https:\/\/www.monteescalier.net\/france\/monte-escalier-bordeaux\/","og_site_name":"Monte escalier","article_modified_time":"2021-11-08T15:33:25+00:00","twitter_card":"summary_large_image","twitter_misc":{"Dur\u00e9e de lecture estim\u00e9e":"4 minutes"},"schema":{"@context":"https:\/\/schema.org","@graph":[{"@type":"WebPage","@id":"https:\/\/www.monteescalier.net\/france\/monte-escalier-bordeaux\/","url":"https:\/\/www.monteescalier.net\/france\/monte-escalier-bordeaux\/","name":"Monte escalier Bordeaux - Monte escalier","isPartOf":{"@id":"https:\/\/www.monteescalier.net\/france\/#website"},"datePublished":"2021-02-26T09:47:10+00:00","dateModified":"2021-11-08T15:33:25+00:00","description":"Vous recherchez un monte-escalier pour votre domicile pr\u00e8s de Bordeaux ? Contactez d\u00e8s maintenant notre partenaire installateur le plus proche !","breadcrumb":{"@id":"https:\/\/www.monteescalier.net\/france\/monte-escalier-bordeaux\/#breadcrumb"},"inLanguage":"fr-FR","potentialAction":[{"@type":"ReadAction","target":["https:\/\/www.monteescalier.net\/france\/monte-escalier-bordeaux\/"]}]},{"@type":"BreadcrumbList","@id":"https:\/\/www.monteescalier.net\/france\/monte-escalier-bordeaux\/#breadcrumb","itemListElement":[{"@type":"ListItem","position":1,"name":"Accueil","item":"https:\/\/www.monteescalier.net\/france\/"},{"@type":"ListItem","position":2,"name":"Monte escalier Bordeaux"}]},{"@type":"WebSite","@id":"https:\/\/www.monteescalier.net\/france\/#website","url":"https:\/\/www.monteescalier.net\/france\/","name":"Monte escalier","description":"","publisher":{"@id":"https:\/\/www.monteescalier.net\/france\/#organization"},"potentialAction":[{"@type":"SearchAction","target":{"@type":"EntryPoint","urlTemplate":"https:\/\/www.monteescalier.net\/france\/?s={search_term_string}"},"query-input":{"@type":"PropertyValueSpecification","valueRequired":true,"valueName":"search_term_string"}}],"inLanguage":"fr-FR"},{"@type":"Organization","@id":"https:\/\/www.monteescalier.net\/france\/#organization","name":"monte-escalier.net","url":"https:\/\/www.monteescalier.net\/france\/","logo":{"@type":"ImageObject","inLanguage":"fr-FR","@id":"https:\/\/www.monteescalier.net\/france\/#\/schema\/logo\/image\/","url":"https:\/\/www.monteescalier.net\/france\/wp-content\/uploads\/2016\/10\/4devis-mont-escalier-500-500.gif","contentUrl":"https:\/\/www.monteescalier.net\/france\/wp-content\/uploads\/2016\/10\/4devis-mont-escalier-500-500.gif","width":500,"height":500,"caption":"monte-escalier.net"},"image":{"@id":"https:\/\/www.monteescalier.net\/france\/#\/schema\/logo\/image\/"}}]}},"_links":{"self":[{"href":"https:\/\/www.monteescalier.net\/france\/wp-json\/wp\/v2\/pages\/920","targetHints":{"allow":["GET"]}}],"collection":[{"href":"https:\/\/www.monteescalier.net\/france\/wp-json\/wp\/v2\/pages"}],"about":[{"href":"https:\/\/www.monteescalier.net\/france\/wp-json\/wp\/v2\/types\/page"}],"author":[{"embeddable":true,"href":"https:\/\/www.monteescalier.net\/france\/wp-json\/wp\/v2\/users\/1"}],"replies":[{"embeddable":true,"href":"https:\/\/www.monteescalier.net\/france\/wp-json\/wp\/v2\/comments?post=920"}],"version-history":[{"count":4,"href":"https:\/\/www.monteescalier.net\/france\/wp-json\/wp\/v2\/pages\/920\/revisions"}],"predecessor-version":[{"id":7323,"href":"https:\/\/www.monteescalier.net\/france\/wp-json\/wp\/v2\/pages\/920\/revisions\/7323"}],"wp:attachment":[{"href":"https:\/\/www.monteescalier.net\/france\/wp-json\/wp\/v2\/media?parent=920"}],"curies":[{"name":"wp","href":"https:\/\/api.w.org\/{rel}","templated":true}]}}