{"id":922,"date":"2021-02-23T10:47:10","date_gmt":"2021-02-23T09:47:10","guid":{"rendered":"https:\/\/www.monteescalier.net\/france\/?page_id=922"},"modified":"2021-11-08T17:14:40","modified_gmt":"2021-11-08T16:14:40","slug":"monte-escalier-rennes","status":"publish","type":"page","link":"https:\/\/www.monteescalier.net\/france\/monte-escalier-rennes\/","title":{"rendered":"Monte escalier Rennes"},"content":{"rendered":"<h1>Des infos sur un monte escalier \u00e0 Rennes et dans toute la\u00a0Bretagne<\/h1>\n<div class=\"boite_texte\">\n<div style=\"text-align: justify;\">Vous souhaitez faire poser un monte escalier \u00e0 Rennes dans votre maison, rien de plus facile gr\u00e2ce \u00e0 monteescalier.net vous allez pouvoir comparer les prix des diff\u00e9rents prestataires, sans vous d\u00e9placer, ni m\u00eame avoir \u00e0 solliciter les vendeurs de monte escalier de la r\u00e9gion.<\/div>\n<p>&nbsp;<\/p>\n<div style=\"text-align: justify;\">\n<p>Le service de mis en relation de Monteescalier.net a en effet \u00e9t\u00e9 cr\u00e9\u00e9, pour vous permettre de recevoir gr\u00e2ce \u00e0 une seule demande, 4 propositions chiffr\u00e9es et d\u00e9taill\u00e9es pour l&rsquo;installation de votre monte escalier, avec des propositions \u00e9manant bien s\u00fbr de prestataires diff\u00e9rents, mis en situation de concurrence. \u00a0En vous mettant en rapport avec les vendeurs de monte escalier de Bretagne, nous savons que nous allons vous apporter un service tr\u00e8s utile qui va vous permettre \u00e0 la fois d&rsquo;affiner votre choix concernant votre mod\u00e8le monte escalier mais aussi d&rsquo;en obtenir le meilleur prix. Passer par notre site pour trouver votre installateur, c&rsquo;est la premi\u00e8re \u00e9tape d&rsquo;un achat r\u00e9ussi !<\/p>\n<\/div>\n<div style=\"text-align: justify;\">\n<p>Comment mieux comparer qu&rsquo;en examinant des propositions concr\u00e8tes ? Une seule demande de devis sur notre site et vous obtiendrez plusieurs devis de diff\u00e9rents prestataires vous proposant diff\u00e9rents mod\u00e8les de monte escalier. Il va de soi que cette prestation est gratuite et qu&rsquo;elle ne vous engage pas \u00e0 l&rsquo;achat : nous ne faisons pas non plus commerce de vos donn\u00e9es pour un autre usage que l&rsquo;installation d&rsquo;un monte escalier, nous communiquons \u00e0 notre s\u00e9lection d&rsquo;installateurs vos coordonn\u00e9es et le type de projet que vous avez mais \u00e7a s&rsquo;arr\u00eate l\u00e0 !<\/p>\n<\/div>\n<div style=\"text-align: justify;\">Si vous avez des questions sur l&rsquo;installation d&rsquo;un monte escalier, sur les prix des monte escalier, sur les diff\u00e9rents mod\u00e8les, utilisez de pr\u00e9ference le \u00a0formulaire de demande de rappel en bas de page, il vous permettra d&rsquo;obtenir des professionnels du monte escalier, des conseils adapt\u00e9s \u00e0 votre situation. N&rsquo;oubliez pas que ces conseils vous sont donn\u00e9s gratuitement par les installateurs que nous contactons pour vous. Merci d&rsquo;avance de bien les accueillir lorsqu&rsquo;ils vous appellent.<\/div>\n<p>&nbsp;<\/p>\n<div align=\"center\">\n<div id=\"attachment_6801\" style=\"width: 310px\" class=\"wp-caption aligncenter\"><a href=\"https:\/\/www.monteescalier.net\/france\/wp-content\/uploads\/2013\/09\/Rennes-palais-du-commerce.jpg\"><img loading=\"lazy\" decoding=\"async\" aria-describedby=\"caption-attachment-6801\" class=\"size-medium wp-image-6801\" src=\"https:\/\/www.monteescalier.net\/france\/wp-content\/uploads\/2013\/09\/Rennes-palais-du-commerce-300x225.jpg\" alt=\"Rennes, le palais du commerce. Photo de Guytou35\" width=\"300\" height=\"225\" srcset=\"https:\/\/www.monteescalier.net\/france\/wp-content\/uploads\/2013\/09\/Rennes-palais-du-commerce-300x225.jpg 300w, https:\/\/www.monteescalier.net\/france\/wp-content\/uploads\/2013\/09\/Rennes-palais-du-commerce.jpg 800w\" sizes=\"auto, (max-width: 300px) 100vw, 300px\" \/><\/a><p id=\"caption-attachment-6801\" class=\"wp-caption-text\">Rennes, le palais du commerce. Photo de <a href=\"http:\/\/commons.wikimedia.org\/wiki\/File:Palais_du_commerce,_La_Poste_et_France_Telecom,_Rennes,_France.jpg\" target=\"_blank\" rel=\"noopener noreferrer\">Guytou35<\/a><\/p><\/div>\n<\/div>\n<div style=\"text-align: justify;\">Plusieurs\u00a0de nos partenaires installateurs disposent de documentation sur les mod\u00e8les de monte escalier qu&rsquo;ils commercialisent. Ils peuvent vous les faire parvenir par courrier ou par email selon votre pr\u00e9f\u00e9rence. Pour les recevoir remplissez vite une demande de documentation sur notre site.<\/div>\n<p>&nbsp;<\/p>\n<div style=\"text-align: justify;\">\n<p>Sur monteescalier.net, pas de co\u00fbts et pas d&rsquo;engagements ! que vous contractiez ou non avec un de nos partenaires, nous ne vous facturerons rien pour notre service de mise en relation. Si vous trouvez votre prestataire gr\u00e2ce \u00e0 nous tant mieux pour vous, vous aurez incontestablement fait le bon choix. Si vous vous orientez finalement vers un prestataire que nous ne vous avons pas conseill\u00e9, c&rsquo;est votre choix et nous le respectons !<\/p>\n<\/div>\n<\/div>\n<div class=\"titre_liens\">Vous pourriez \u00e9galement \u00eatre int\u00e9ress\u00e9s par nos services dans les villes voisines de Rennes<\/div>\n<div class=\"boite_liens\"><a href=\"https:\/\/www.monteescalier.net\/france\/monte-escalier-saint-malo\">Monte escalier Saint-Malo<\/a><br \/>\n<a href=\"https:\/\/www.monteescalier.net\/france\/monte-escalier-fougeres\">Monte escalier Foug\u00e8res<\/a><br \/>\n<a href=\"https:\/\/www.monteescalier.net\/france\/monte-escalier-vitre\">Monte escalier Vitr\u00e9<\/a><br \/>\n<a href=\"https:\/\/www.monteescalier.net\/france\/monte-escalier-bruz\">Monte escalier Bruz<\/a><br \/>\n<a href=\"https:\/\/www.monteescalier.net\/france\/monte-escalier-cesson-sevigne\">Monte escalier Cesson-S\u00e9vign\u00e9<\/a><\/div>\n<div class=\"boite_liens\"><\/div>\n<div class=\"boite_liens\">Fiche mise \u00e0 jour le 28\/10\/2016<\/div>\n","protected":false},"excerpt":{"rendered":"<p>Des infos sur un monte escalier \u00e0 Rennes et dans toute la\u00a0Bretagne Vous souhaitez faire poser un monte escalier \u00e0 Rennes dans votre maison, rien de plus facile gr\u00e2ce \u00e0 monteescalier.net vous allez pouvoir comparer les prix des diff\u00e9rents prestataires, sans vous d\u00e9placer, ni m\u00eame avoir \u00e0 solliciter les vendeurs de monte escalier de la [&hellip;]<\/p>\n","protected":false},"author":1,"featured_media":0,"parent":0,"menu_order":0,"comment_status":"closed","ping_status":"open","template":"template_ville_17.php","meta":{"_monsterinsights_skip_tracking":false,"_monsterinsights_sitenote_active":false,"_monsterinsights_sitenote_note":"","_monsterinsights_sitenote_category":0,"footnotes":""},"class_list":["post-922","page","type-page","status-publish","hentry"],"yoast_head":"<!-- This site is optimized with the Yoast SEO plugin v26.3 - https:\/\/yoast.com\/wordpress\/plugins\/seo\/ -->\n<title>Monte escalier Rennes - Monte escalier<\/title>\n<meta name=\"description\" content=\"Monte-escalier sur-mesure \u00e0 Rennes en Ille-et-Vilaine (35) nos partenaires installeurs a votre disposition.\" \/>\n<meta name=\"robots\" content=\"index, follow, max-snippet:-1, max-image-preview:large, max-video-preview:-1\" \/>\n<link rel=\"canonical\" href=\"https:\/\/www.monteescalier.net\/france\/monte-escalier-rennes\/\" \/>\n<meta property=\"og:locale\" content=\"fr_FR\" \/>\n<meta property=\"og:type\" content=\"article\" \/>\n<meta property=\"og:title\" content=\"Monte escalier Rennes - Monte escalier\" \/>\n<meta property=\"og:description\" content=\"Monte-escalier sur-mesure \u00e0 Rennes en Ille-et-Vilaine (35) nos partenaires installeurs a votre disposition.\" \/>\n<meta property=\"og:url\" content=\"https:\/\/www.monteescalier.net\/france\/monte-escalier-rennes\/\" \/>\n<meta property=\"og:site_name\" content=\"Monte escalier\" \/>\n<meta property=\"article:modified_time\" content=\"2021-11-08T16:14:40+00:00\" \/>\n<meta property=\"og:image\" content=\"https:\/\/www.monteescalier.net\/france\/wp-content\/uploads\/2013\/09\/Rennes-palais-du-commerce-300x225.jpg\" \/>\n<meta name=\"twitter:card\" content=\"summary_large_image\" \/>\n<meta name=\"twitter:label1\" content=\"Dur\u00e9e de lecture estim\u00e9e\" \/>\n\t<meta name=\"twitter:data1\" content=\"3 minutes\" \/>\n<script type=\"application\/ld+json\" class=\"yoast-schema-graph\">{\"@context\":\"https:\/\/schema.org\",\"@graph\":[{\"@type\":\"WebPage\",\"@id\":\"https:\/\/www.monteescalier.net\/france\/monte-escalier-rennes\/\",\"url\":\"https:\/\/www.monteescalier.net\/france\/monte-escalier-rennes\/\",\"name\":\"Monte escalier Rennes - Monte escalier\",\"isPartOf\":{\"@id\":\"https:\/\/www.monteescalier.net\/france\/#website\"},\"primaryImageOfPage\":{\"@id\":\"https:\/\/www.monteescalier.net\/france\/monte-escalier-rennes\/#primaryimage\"},\"image\":{\"@id\":\"https:\/\/www.monteescalier.net\/france\/monte-escalier-rennes\/#primaryimage\"},\"thumbnailUrl\":\"https:\/\/www.monteescalier.net\/france\/wp-content\/uploads\/2013\/09\/Rennes-palais-du-commerce-300x225.jpg\",\"datePublished\":\"2021-02-23T09:47:10+00:00\",\"dateModified\":\"2021-11-08T16:14:40+00:00\",\"description\":\"Monte-escalier sur-mesure \u00e0 Rennes en Ille-et-Vilaine (35) nos partenaires installeurs a votre disposition.\",\"breadcrumb\":{\"@id\":\"https:\/\/www.monteescalier.net\/france\/monte-escalier-rennes\/#breadcrumb\"},\"inLanguage\":\"fr-FR\",\"potentialAction\":[{\"@type\":\"ReadAction\",\"target\":[\"https:\/\/www.monteescalier.net\/france\/monte-escalier-rennes\/\"]}]},{\"@type\":\"ImageObject\",\"inLanguage\":\"fr-FR\",\"@id\":\"https:\/\/www.monteescalier.net\/france\/monte-escalier-rennes\/#primaryimage\",\"url\":\"https:\/\/www.monteescalier.net\/france\/wp-content\/uploads\/2013\/09\/Rennes-palais-du-commerce.jpg\",\"contentUrl\":\"https:\/\/www.monteescalier.net\/france\/wp-content\/uploads\/2013\/09\/Rennes-palais-du-commerce.jpg\",\"width\":800,\"height\":600,\"caption\":\"Rennes, le palais du commerce. Photo de Guytou35\"},{\"@type\":\"BreadcrumbList\",\"@id\":\"https:\/\/www.monteescalier.net\/france\/monte-escalier-rennes\/#breadcrumb\",\"itemListElement\":[{\"@type\":\"ListItem\",\"position\":1,\"name\":\"Accueil\",\"item\":\"https:\/\/www.monteescalier.net\/france\/\"},{\"@type\":\"ListItem\",\"position\":2,\"name\":\"Monte escalier Rennes\"}]},{\"@type\":\"WebSite\",\"@id\":\"https:\/\/www.monteescalier.net\/france\/#website\",\"url\":\"https:\/\/www.monteescalier.net\/france\/\",\"name\":\"Monte escalier\",\"description\":\"\",\"publisher\":{\"@id\":\"https:\/\/www.monteescalier.net\/france\/#organization\"},\"potentialAction\":[{\"@type\":\"SearchAction\",\"target\":{\"@type\":\"EntryPoint\",\"urlTemplate\":\"https:\/\/www.monteescalier.net\/france\/?s={search_term_string}\"},\"query-input\":{\"@type\":\"PropertyValueSpecification\",\"valueRequired\":true,\"valueName\":\"search_term_string\"}}],\"inLanguage\":\"fr-FR\"},{\"@type\":\"Organization\",\"@id\":\"https:\/\/www.monteescalier.net\/france\/#organization\",\"name\":\"monte-escalier.net\",\"url\":\"https:\/\/www.monteescalier.net\/france\/\",\"logo\":{\"@type\":\"ImageObject\",\"inLanguage\":\"fr-FR\",\"@id\":\"https:\/\/www.monteescalier.net\/france\/#\/schema\/logo\/image\/\",\"url\":\"https:\/\/www.monteescalier.net\/france\/wp-content\/uploads\/2016\/10\/4devis-mont-escalier-500-500.gif\",\"contentUrl\":\"https:\/\/www.monteescalier.net\/france\/wp-content\/uploads\/2016\/10\/4devis-mont-escalier-500-500.gif\",\"width\":500,\"height\":500,\"caption\":\"monte-escalier.net\"},\"image\":{\"@id\":\"https:\/\/www.monteescalier.net\/france\/#\/schema\/logo\/image\/\"}}]}<\/script>\n<!-- \/ Yoast SEO plugin. -->","yoast_head_json":{"title":"Monte escalier Rennes - Monte escalier","description":"Monte-escalier sur-mesure \u00e0 Rennes en Ille-et-Vilaine (35) nos partenaires installeurs a votre disposition.","robots":{"index":"index","follow":"follow","max-snippet":"max-snippet:-1","max-image-preview":"max-image-preview:large","max-video-preview":"max-video-preview:-1"},"canonical":"https:\/\/www.monteescalier.net\/france\/monte-escalier-rennes\/","og_locale":"fr_FR","og_type":"article","og_title":"Monte escalier Rennes - Monte escalier","og_description":"Monte-escalier sur-mesure \u00e0 Rennes en Ille-et-Vilaine (35) nos partenaires installeurs a votre disposition.","og_url":"https:\/\/www.monteescalier.net\/france\/monte-escalier-rennes\/","og_site_name":"Monte escalier","article_modified_time":"2021-11-08T16:14:40+00:00","og_image":[{"url":"https:\/\/www.monteescalier.net\/france\/wp-content\/uploads\/2013\/09\/Rennes-palais-du-commerce-300x225.jpg","type":"","width":"","height":""}],"twitter_card":"summary_large_image","twitter_misc":{"Dur\u00e9e de lecture estim\u00e9e":"3 minutes"},"schema":{"@context":"https:\/\/schema.org","@graph":[{"@type":"WebPage","@id":"https:\/\/www.monteescalier.net\/france\/monte-escalier-rennes\/","url":"https:\/\/www.monteescalier.net\/france\/monte-escalier-rennes\/","name":"Monte escalier Rennes - Monte escalier","isPartOf":{"@id":"https:\/\/www.monteescalier.net\/france\/#website"},"primaryImageOfPage":{"@id":"https:\/\/www.monteescalier.net\/france\/monte-escalier-rennes\/#primaryimage"},"image":{"@id":"https:\/\/www.monteescalier.net\/france\/monte-escalier-rennes\/#primaryimage"},"thumbnailUrl":"https:\/\/www.monteescalier.net\/france\/wp-content\/uploads\/2013\/09\/Rennes-palais-du-commerce-300x225.jpg","datePublished":"2021-02-23T09:47:10+00:00","dateModified":"2021-11-08T16:14:40+00:00","description":"Monte-escalier sur-mesure \u00e0 Rennes en Ille-et-Vilaine (35) nos partenaires installeurs a votre disposition.","breadcrumb":{"@id":"https:\/\/www.monteescalier.net\/france\/monte-escalier-rennes\/#breadcrumb"},"inLanguage":"fr-FR","potentialAction":[{"@type":"ReadAction","target":["https:\/\/www.monteescalier.net\/france\/monte-escalier-rennes\/"]}]},{"@type":"ImageObject","inLanguage":"fr-FR","@id":"https:\/\/www.monteescalier.net\/france\/monte-escalier-rennes\/#primaryimage","url":"https:\/\/www.monteescalier.net\/france\/wp-content\/uploads\/2013\/09\/Rennes-palais-du-commerce.jpg","contentUrl":"https:\/\/www.monteescalier.net\/france\/wp-content\/uploads\/2013\/09\/Rennes-palais-du-commerce.jpg","width":800,"height":600,"caption":"Rennes, le palais du commerce. Photo de Guytou35"},{"@type":"BreadcrumbList","@id":"https:\/\/www.monteescalier.net\/france\/monte-escalier-rennes\/#breadcrumb","itemListElement":[{"@type":"ListItem","position":1,"name":"Accueil","item":"https:\/\/www.monteescalier.net\/france\/"},{"@type":"ListItem","position":2,"name":"Monte escalier Rennes"}]},{"@type":"WebSite","@id":"https:\/\/www.monteescalier.net\/france\/#website","url":"https:\/\/www.monteescalier.net\/france\/","name":"Monte escalier","description":"","publisher":{"@id":"https:\/\/www.monteescalier.net\/france\/#organization"},"potentialAction":[{"@type":"SearchAction","target":{"@type":"EntryPoint","urlTemplate":"https:\/\/www.monteescalier.net\/france\/?s={search_term_string}"},"query-input":{"@type":"PropertyValueSpecification","valueRequired":true,"valueName":"search_term_string"}}],"inLanguage":"fr-FR"},{"@type":"Organization","@id":"https:\/\/www.monteescalier.net\/france\/#organization","name":"monte-escalier.net","url":"https:\/\/www.monteescalier.net\/france\/","logo":{"@type":"ImageObject","inLanguage":"fr-FR","@id":"https:\/\/www.monteescalier.net\/france\/#\/schema\/logo\/image\/","url":"https:\/\/www.monteescalier.net\/france\/wp-content\/uploads\/2016\/10\/4devis-mont-escalier-500-500.gif","contentUrl":"https:\/\/www.monteescalier.net\/france\/wp-content\/uploads\/2016\/10\/4devis-mont-escalier-500-500.gif","width":500,"height":500,"caption":"monte-escalier.net"},"image":{"@id":"https:\/\/www.monteescalier.net\/france\/#\/schema\/logo\/image\/"}}]}},"_links":{"self":[{"href":"https:\/\/www.monteescalier.net\/france\/wp-json\/wp\/v2\/pages\/922","targetHints":{"allow":["GET"]}}],"collection":[{"href":"https:\/\/www.monteescalier.net\/france\/wp-json\/wp\/v2\/pages"}],"about":[{"href":"https:\/\/www.monteescalier.net\/france\/wp-json\/wp\/v2\/types\/page"}],"author":[{"embeddable":true,"href":"https:\/\/www.monteescalier.net\/france\/wp-json\/wp\/v2\/users\/1"}],"replies":[{"embeddable":true,"href":"https:\/\/www.monteescalier.net\/france\/wp-json\/wp\/v2\/comments?post=922"}],"version-history":[{"count":5,"href":"https:\/\/www.monteescalier.net\/france\/wp-json\/wp\/v2\/pages\/922\/revisions"}],"predecessor-version":[{"id":8330,"href":"https:\/\/www.monteescalier.net\/france\/wp-json\/wp\/v2\/pages\/922\/revisions\/8330"}],"wp:attachment":[{"href":"https:\/\/www.monteescalier.net\/france\/wp-json\/wp\/v2\/media?parent=922"}],"curies":[{"name":"wp","href":"https:\/\/api.w.org\/{rel}","templated":true}]}}