{"id":924,"date":"2021-01-26T10:47:10","date_gmt":"2021-01-26T09:47:10","guid":{"rendered":"https:\/\/www.monteescalier.net\/france\/?page_id=924"},"modified":"2021-11-08T17:33:29","modified_gmt":"2021-11-08T16:33:29","slug":"monte-escalier-le-havre","status":"publish","type":"page","link":"https:\/\/www.monteescalier.net\/france\/monte-escalier-le-havre\/","title":{"rendered":"Monte escalier au Havre"},"content":{"rendered":"<h1>Vous souhaitez \u00a0faire installer un monte escalier au Havre<\/h1>\n<div class=\"boite_texte\">\n<div style=\"text-align: justify;\">Vous souhaitez faire installer\u00a0un monte escalier au Havre, vous allez voir qu&rsquo; avec monteescalier.net les choses vont devenir beaucoup plus simples, et que vous allez en plus pouvoir b\u00e9n\u00e9ficier de tarifs avantageux.<\/div>\n<h2>\u00a0Comment r\u00e9duire le prix de votre monte escalier?<\/h2>\n<div style=\"text-align: justify;\">Nous allons vous aider \u00e0 faire des \u00e9conomies, ce n&rsquo;est pas si courant. Il n&rsquo;y a ni magie, ni entourloupe quelconque, juste du bon sens et une bonne m\u00e9thodologie : si vous vous adressez \u00e0 un seul installateur de monte escalier, comment saurez vous si ses tarifs sont int\u00e9ressants, ses prestations de qualit\u00e9 et conforme aux normes du march\u00e9 du monte escalier ? La r\u00e9ponse est \u00e9vidente, vous n&rsquo;avez aucun moyen de le savoir. Imaginez maintenant que vous receviez, chez vous, 4 ou 5 devis pour l&rsquo;installation de votre monte escalier. Ne pensez-vous pas que cela changerait tout au niveau de votre connaissance de la valeur et des prestations des uns et des autres? C&rsquo;est justement ce que propose le site monteescalier.net. Passer par notre site est en cons\u00e9quence l&rsquo;assurance de pouvoir \u00eatre mis en relation avec les vendeurs de monte escalier du Havre que nous avons s\u00e9lectionn\u00e9 pour vous.<\/div>\n<h2>\u00a0Comment \u00e7\u00e0 marche et combien \u00e7\u00e0 co\u00fbte ?<\/h2>\n<div style=\"text-align: justify;\">\n<p>C&rsquo;est s\u00fbrement les 2 questions que vous vous posez. Je pense que les r\u00e9ponses vont vous plaire : le fonctionnement est simple et totalement transparent; vous remplissez le formulaire en haut de cette page, puis nous communiquons vos coordonn\u00e9es aux installateurs de la r\u00e9gion, ils vous recontactent et vous proposent un devis gratuit. A partir de l\u00e0 notre mission est termin\u00e9e, vous faites affaire avec l&rsquo;un d&rsquo;entre eux ou non, c&rsquo;est votre choix. Et m\u00eame si nous vou conseillons vivement de travailler avec un prestataire de notre s\u00e9lection, vous \u00eates totalement libres d&rsquo;allez voir ailleurs.<\/p>\n<\/div>\n<div style=\"text-align: justify;\">Concernant l&rsquo;aspect financier \u00e7a va \u00eatre bref \u00e9galement : combien vous devez nous pour ce service ? Absolument rien, le co\u00fbt est pris en charge par les installateurs \u00e0 qui nous donnons vos coordonn\u00e9es. Attention nous ne les donnons qu&rsquo;\u00e0 eux et dans un but unique : vous fournir des devis pour votre monte escalier : nous ne faisons aucun autre usage de vos informations personnelles, c&rsquo;est tr\u00e8s important de le souligner.<\/div>\n<h2>\u00a0Nos autre services d\u00e9di\u00e9s au monte escalier<\/h2>\n<div style=\"text-align: justify;\">\n<p>Avant de passer commande d&rsquo;un monte escalier, vous d\u00e9sirez \u00e9changer au t\u00e9l\u00e9phone avec plusieurs experts. Dans ce cas, utilisez notre demande de rappel, et nos partenaires experts du monte escalier vous rappelleront dans les plus brefs d\u00e9lais pour discuter de votre projet et vous pourrez ainsi comparer les r\u00e9ponses qui vous auront \u00e9t\u00e9 faites par les diff\u00e9rents prestataires que nous vous avons recommand\u00e9s.<\/p>\n<\/div>\n<div style=\"text-align: justify;\">\n<p>Vous \u00eates perdus dans la multitude des marques et des mod\u00e8les de monte escalier, avec notre formulaire de documentation, vous allez pouvoir sortir la t\u00eate de l&rsquo;eau et obtenir un maximum d&rsquo;informations sur le mat\u00e9riel propos\u00e9 par nos partenaires vendeurs de monte escalier. Pr\u00e9cisez dans votre demande si vous d\u00e9sirez les recevoir par email au format \u00e9lectronique ou sur papier par courrier postal.<\/p>\n<\/div>\n<div style=\"text-align: justify;\">Rappel : Tous nos services sont totalement gratuits pour les candidats \u00e0 l&rsquo;achat d&rsquo;un\u00a0monte escalier. N&rsquo;h\u00e9sitez pas \u00e0 remplir un formulaire (en haut de cette page), et notez bien que c&rsquo;est \u00e9galement sans engagement.<\/div>\n<\/div>\n<p>&nbsp;<\/p>\n<div class=\"titre_liens\">Nos offres monte escalier \u00e0 proximit\u00e9 du Havre<\/div>\n<div class=\"boite_liens\"><a href=\"https:\/\/www.monteescalier.net\/france\/monte-escalier-rouen\">Monte escalier Rouen<\/a><br \/>\n<a href=\"https:\/\/www.monteescalier.net\/france\/monte-escalier-dieppe\">Monte escalier Dieppe<\/a><br \/>\n<a href=\"https:\/\/www.monteescalier.net\/france\/monte-escalier-sotteville-les-rouen\">Monte escalier Sotteville-l\u00e8s-Rouen<\/a><br \/>\n<a href=\"https:\/\/www.monteescalier.net\/france\/monte-escalier-saint-etienne-du-rouvray\">Monte escalier Saint-\u00c9tienne-du-Rouvray<\/a><br \/>\n<a href=\"https:\/\/www.monteescalier.net\/france\/monte-escalier-le-grand-quevilly\">Monte escalier Grand-Quevilly<\/a><\/div>\n<div class=\"boite_liens\"><\/div>\n<div class=\"boite_liens\">Fiche mise \u00e0 jour le 28 octobre 2016<\/div>\n","protected":false},"excerpt":{"rendered":"<p>Vous souhaitez \u00a0faire installer un monte escalier au Havre Vous souhaitez faire installer\u00a0un monte escalier au Havre, vous allez voir qu&rsquo; avec monteescalier.net les choses vont devenir beaucoup plus simples, et que vous allez en plus pouvoir b\u00e9n\u00e9ficier de tarifs avantageux. \u00a0Comment r\u00e9duire le prix de votre monte escalier? Nous allons vous aider \u00e0 faire [&hellip;]<\/p>\n","protected":false},"author":1,"featured_media":0,"parent":0,"menu_order":0,"comment_status":"closed","ping_status":"open","template":"template_ville_17.php","meta":{"_monsterinsights_skip_tracking":false,"_monsterinsights_sitenote_active":false,"_monsterinsights_sitenote_note":"","_monsterinsights_sitenote_category":0,"footnotes":""},"class_list":["post-924","page","type-page","status-publish","hentry"],"yoast_head":"<!-- This site is optimized with the Yoast SEO plugin v26.3 - https:\/\/yoast.com\/wordpress\/plugins\/seo\/ -->\n<title>Monte escalier au Havre - Monte escalier<\/title>\n<meta name=\"description\" content=\"Vous souhaitez acqu\u00e9rir un monte-escalier \u00e0 Le Havre ? Nos partenaires installateurs sont pr\u00e9sents pour vous renseigner !\" \/>\n<meta name=\"robots\" content=\"index, follow, max-snippet:-1, max-image-preview:large, max-video-preview:-1\" \/>\n<link rel=\"canonical\" href=\"https:\/\/www.monteescalier.net\/france\/monte-escalier-le-havre\/\" \/>\n<meta property=\"og:locale\" content=\"fr_FR\" \/>\n<meta property=\"og:type\" content=\"article\" \/>\n<meta property=\"og:title\" content=\"Monte escalier au Havre - Monte escalier\" \/>\n<meta property=\"og:description\" content=\"Vous souhaitez acqu\u00e9rir un monte-escalier \u00e0 Le Havre ? Nos partenaires installateurs sont pr\u00e9sents pour vous renseigner !\" \/>\n<meta property=\"og:url\" content=\"https:\/\/www.monteescalier.net\/france\/monte-escalier-le-havre\/\" \/>\n<meta property=\"og:site_name\" content=\"Monte escalier\" \/>\n<meta property=\"article:modified_time\" content=\"2021-11-08T16:33:29+00:00\" \/>\n<meta name=\"twitter:card\" content=\"summary_large_image\" \/>\n<meta name=\"twitter:label1\" content=\"Dur\u00e9e de lecture estim\u00e9e\" \/>\n\t<meta name=\"twitter:data1\" content=\"3 minutes\" \/>\n<script type=\"application\/ld+json\" class=\"yoast-schema-graph\">{\"@context\":\"https:\/\/schema.org\",\"@graph\":[{\"@type\":\"WebPage\",\"@id\":\"https:\/\/www.monteescalier.net\/france\/monte-escalier-le-havre\/\",\"url\":\"https:\/\/www.monteescalier.net\/france\/monte-escalier-le-havre\/\",\"name\":\"Monte escalier au Havre - Monte escalier\",\"isPartOf\":{\"@id\":\"https:\/\/www.monteescalier.net\/france\/#website\"},\"datePublished\":\"2021-01-26T09:47:10+00:00\",\"dateModified\":\"2021-11-08T16:33:29+00:00\",\"description\":\"Vous souhaitez acqu\u00e9rir un monte-escalier \u00e0 Le Havre ? Nos partenaires installateurs sont pr\u00e9sents pour vous renseigner !\",\"breadcrumb\":{\"@id\":\"https:\/\/www.monteescalier.net\/france\/monte-escalier-le-havre\/#breadcrumb\"},\"inLanguage\":\"fr-FR\",\"potentialAction\":[{\"@type\":\"ReadAction\",\"target\":[\"https:\/\/www.monteescalier.net\/france\/monte-escalier-le-havre\/\"]}]},{\"@type\":\"BreadcrumbList\",\"@id\":\"https:\/\/www.monteescalier.net\/france\/monte-escalier-le-havre\/#breadcrumb\",\"itemListElement\":[{\"@type\":\"ListItem\",\"position\":1,\"name\":\"Accueil\",\"item\":\"https:\/\/www.monteescalier.net\/france\/\"},{\"@type\":\"ListItem\",\"position\":2,\"name\":\"Monte escalier au Havre\"}]},{\"@type\":\"WebSite\",\"@id\":\"https:\/\/www.monteescalier.net\/france\/#website\",\"url\":\"https:\/\/www.monteescalier.net\/france\/\",\"name\":\"Monte escalier\",\"description\":\"\",\"publisher\":{\"@id\":\"https:\/\/www.monteescalier.net\/france\/#organization\"},\"potentialAction\":[{\"@type\":\"SearchAction\",\"target\":{\"@type\":\"EntryPoint\",\"urlTemplate\":\"https:\/\/www.monteescalier.net\/france\/?s={search_term_string}\"},\"query-input\":{\"@type\":\"PropertyValueSpecification\",\"valueRequired\":true,\"valueName\":\"search_term_string\"}}],\"inLanguage\":\"fr-FR\"},{\"@type\":\"Organization\",\"@id\":\"https:\/\/www.monteescalier.net\/france\/#organization\",\"name\":\"monte-escalier.net\",\"url\":\"https:\/\/www.monteescalier.net\/france\/\",\"logo\":{\"@type\":\"ImageObject\",\"inLanguage\":\"fr-FR\",\"@id\":\"https:\/\/www.monteescalier.net\/france\/#\/schema\/logo\/image\/\",\"url\":\"https:\/\/www.monteescalier.net\/france\/wp-content\/uploads\/2016\/10\/4devis-mont-escalier-500-500.gif\",\"contentUrl\":\"https:\/\/www.monteescalier.net\/france\/wp-content\/uploads\/2016\/10\/4devis-mont-escalier-500-500.gif\",\"width\":500,\"height\":500,\"caption\":\"monte-escalier.net\"},\"image\":{\"@id\":\"https:\/\/www.monteescalier.net\/france\/#\/schema\/logo\/image\/\"}}]}<\/script>\n<!-- \/ Yoast SEO plugin. -->","yoast_head_json":{"title":"Monte escalier au Havre - Monte escalier","description":"Vous souhaitez acqu\u00e9rir un monte-escalier \u00e0 Le Havre ? Nos partenaires installateurs sont pr\u00e9sents pour vous renseigner !","robots":{"index":"index","follow":"follow","max-snippet":"max-snippet:-1","max-image-preview":"max-image-preview:large","max-video-preview":"max-video-preview:-1"},"canonical":"https:\/\/www.monteescalier.net\/france\/monte-escalier-le-havre\/","og_locale":"fr_FR","og_type":"article","og_title":"Monte escalier au Havre - Monte escalier","og_description":"Vous souhaitez acqu\u00e9rir un monte-escalier \u00e0 Le Havre ? Nos partenaires installateurs sont pr\u00e9sents pour vous renseigner !","og_url":"https:\/\/www.monteescalier.net\/france\/monte-escalier-le-havre\/","og_site_name":"Monte escalier","article_modified_time":"2021-11-08T16:33:29+00:00","twitter_card":"summary_large_image","twitter_misc":{"Dur\u00e9e de lecture estim\u00e9e":"3 minutes"},"schema":{"@context":"https:\/\/schema.org","@graph":[{"@type":"WebPage","@id":"https:\/\/www.monteescalier.net\/france\/monte-escalier-le-havre\/","url":"https:\/\/www.monteescalier.net\/france\/monte-escalier-le-havre\/","name":"Monte escalier au Havre - Monte escalier","isPartOf":{"@id":"https:\/\/www.monteescalier.net\/france\/#website"},"datePublished":"2021-01-26T09:47:10+00:00","dateModified":"2021-11-08T16:33:29+00:00","description":"Vous souhaitez acqu\u00e9rir un monte-escalier \u00e0 Le Havre ? Nos partenaires installateurs sont pr\u00e9sents pour vous renseigner !","breadcrumb":{"@id":"https:\/\/www.monteescalier.net\/france\/monte-escalier-le-havre\/#breadcrumb"},"inLanguage":"fr-FR","potentialAction":[{"@type":"ReadAction","target":["https:\/\/www.monteescalier.net\/france\/monte-escalier-le-havre\/"]}]},{"@type":"BreadcrumbList","@id":"https:\/\/www.monteescalier.net\/france\/monte-escalier-le-havre\/#breadcrumb","itemListElement":[{"@type":"ListItem","position":1,"name":"Accueil","item":"https:\/\/www.monteescalier.net\/france\/"},{"@type":"ListItem","position":2,"name":"Monte escalier au Havre"}]},{"@type":"WebSite","@id":"https:\/\/www.monteescalier.net\/france\/#website","url":"https:\/\/www.monteescalier.net\/france\/","name":"Monte escalier","description":"","publisher":{"@id":"https:\/\/www.monteescalier.net\/france\/#organization"},"potentialAction":[{"@type":"SearchAction","target":{"@type":"EntryPoint","urlTemplate":"https:\/\/www.monteescalier.net\/france\/?s={search_term_string}"},"query-input":{"@type":"PropertyValueSpecification","valueRequired":true,"valueName":"search_term_string"}}],"inLanguage":"fr-FR"},{"@type":"Organization","@id":"https:\/\/www.monteescalier.net\/france\/#organization","name":"monte-escalier.net","url":"https:\/\/www.monteescalier.net\/france\/","logo":{"@type":"ImageObject","inLanguage":"fr-FR","@id":"https:\/\/www.monteescalier.net\/france\/#\/schema\/logo\/image\/","url":"https:\/\/www.monteescalier.net\/france\/wp-content\/uploads\/2016\/10\/4devis-mont-escalier-500-500.gif","contentUrl":"https:\/\/www.monteescalier.net\/france\/wp-content\/uploads\/2016\/10\/4devis-mont-escalier-500-500.gif","width":500,"height":500,"caption":"monte-escalier.net"},"image":{"@id":"https:\/\/www.monteescalier.net\/france\/#\/schema\/logo\/image\/"}}]}},"_links":{"self":[{"href":"https:\/\/www.monteescalier.net\/france\/wp-json\/wp\/v2\/pages\/924","targetHints":{"allow":["GET"]}}],"collection":[{"href":"https:\/\/www.monteescalier.net\/france\/wp-json\/wp\/v2\/pages"}],"about":[{"href":"https:\/\/www.monteescalier.net\/france\/wp-json\/wp\/v2\/types\/page"}],"author":[{"embeddable":true,"href":"https:\/\/www.monteescalier.net\/france\/wp-json\/wp\/v2\/users\/1"}],"replies":[{"embeddable":true,"href":"https:\/\/www.monteescalier.net\/france\/wp-json\/wp\/v2\/comments?post=924"}],"version-history":[{"count":4,"href":"https:\/\/www.monteescalier.net\/france\/wp-json\/wp\/v2\/pages\/924\/revisions"}],"predecessor-version":[{"id":7419,"href":"https:\/\/www.monteescalier.net\/france\/wp-json\/wp\/v2\/pages\/924\/revisions\/7419"}],"wp:attachment":[{"href":"https:\/\/www.monteescalier.net\/france\/wp-json\/wp\/v2\/media?parent=924"}],"curies":[{"name":"wp","href":"https:\/\/api.w.org\/{rel}","templated":true}]}}