{"id":925,"date":"2021-01-16T10:47:10","date_gmt":"2021-01-16T09:47:10","guid":{"rendered":"https:\/\/www.monteescalier.net\/france\/?page_id=925"},"modified":"2021-11-08T17:30:04","modified_gmt":"2021-11-08T16:30:04","slug":"monte-escalier-saint-etienne","status":"publish","type":"page","link":"https:\/\/www.monteescalier.net\/france\/monte-escalier-saint-etienne\/","title":{"rendered":"Monte escalier Saint-\u00c9tienne"},"content":{"rendered":"<h1>Ou acheter son monte escalier \u00e0 Saint-\u00c9tienne<\/h1>\n<div class=\"boite_texte\">\n<pre style=\"text-align: justify;\">Article publi\u00e9 le 03\/11\/2016<\/pre>\n<div style=\"text-align: justify;\"><\/div>\n<div style=\"text-align: justify;\">Vous voulez vous \u00e9quiper\u00a0d&rsquo;un monte escalier \u00e0 Saint-\u00c9tienne, dans votre maison, car vous ne voulez pas la quitter, bien que vous ayez de plus en plus de difficult\u00e9s \u00e0 monter \u00e0 l&rsquo;\u00e9tage. La solution du monte escalier est incontestablement le meilleur choix dans cette situation : il ne n\u00e9cessite pas d&rsquo;\u00e9normes travaux et aura l&rsquo;avantage de s&rsquo;adapter \u00e0 presque tous les types d&rsquo;escalier, y compris ceux qui sont assez \u00e9troits (70 cm de large exemple). Le monte escalier est confortable, s\u00e9curis\u00e9, et se fondra sans difficult\u00e9 dans votre int\u00e9rieur. Rien de plus facile donc a priori de s&rsquo;\u00e9quiper et de profiter \u00e0 nouveau de l&rsquo;ensemble de sa maison. \u00a0Monteescalier.net va maintenant vous donner tous les conseils utiles pour bien choisir votre prestataire installateur, et donc ne pas vous faire avoir !<\/div>\n<h2>\u00a0Beaucoup de mod\u00e8les, beaucoup d&rsquo;installateurs de monte escalier<\/h2>\n<p>Vous ne l&rsquo;avez peut-\u00eatre pas remarqu\u00e9 mais le march\u00e9 du monte escalier est en plein essor sur les quinze derni\u00e8res ann\u00e9es : la cons\u00e9quence est que le nombre d&rsquo;installateurs et \u00a0le nombre de mod\u00e8les propos\u00e9s par les diff\u00e9rentes marques n&rsquo;a \u00e9galement cess\u00e9 d&rsquo;augmenter. La cons\u00e9quence premi\u00e8re est qu&rsquo;il est aujourd&rsquo;hui un peu difficile de s&rsquo;y retrouver et de r\u00e9pondre \u00e0 une question simple : <em><strong>Chez qui dois-je acheter mon monte escalier ?<\/strong><\/em><\/p>\n<h2 style=\"text-align: justify;\">Pour bien choisir son monte escalier, il faut avoir le choix !<\/h2>\n<div style=\"text-align: justify;\">Cela peut para\u00eetre une lapalissade mais c&rsquo;est pourtant la stricte v\u00e9rit\u00e9 : si vous voulez faire les bons choix, il est imp\u00e9ratifs que vous ayez \u00e0 votre disposition plusieurs propositions, claires, nettes et pr\u00e9cises pour l&rsquo;installation d&rsquo;un monte escalier dans votre maison&#8230;et pas un prix \u00ab\u00a0\u00e0 partir de\u00a0\u00bb ou dans une fourchette de tant \u00e0 tant, ou\u00a0\u00bbne vous inqui\u00e9tez pas on verra \u00e7a plus tard\u00a0\u00bb. Monteescalier.net est justement l\u00e0 pour que vous n&rsquo;obteniez pas ce genre de r\u00e9ponses vagues ou impr\u00e9cises mais qu&rsquo;au contraire, les prestataires jouent carte sur table avec vous et vous fassent de vrais propositions qui les engage. Passer par notre site est ainsi l&rsquo;assurance de pouvoir \u00eatre mis en relation avec les principaux vendeurs de monte escalier de Saint-\u00c9tienne, ceux dont nous avons estim\u00e9, qu&rsquo;ils m\u00e9ritent de pouvoir vous faire une bonne proposition.<\/div>\n<h2>\u00a0Un formulaire rempli = 4 \/ 5 devis de monte escalier gratuitement<\/h2>\n<div style=\"text-align: justify;\">Comment mieux comparer qu&rsquo;en examinant des propositions concr\u00e8tes ? Une seule demande de devis sur notre site et vous obtiendrez plusieurs devis de diff\u00e9rents prestataires vous proposant diff\u00e9rents mod\u00e8les de monte escalier. En haut de cette page, vous trouverez notre formulaire unifi\u00e9 de demande de devis. Vous le remplissez, vous validez et nous transmettons, de suite, vos coordonn\u00e9es \u00e0 nos prestataires s\u00e9lectionn\u00e9s pour la qualit\u00e9 de leur travail, leur tr\u00e8s bons rapports qualit\u00e9 prix et aussi leur r\u00e9activit\u00e9. Vous constaterez tr\u00e8s vite, que les installateurs ne perdront pas de temps et pourront vous r\u00e9pondre tr\u00e8s rapidement.<\/div>\n<h2>\u00a0Pas de pi\u00e8ge, pas de frais, pas de blague<\/h2>\n<div style=\"text-align: justify;\"><\/div>\n<p>cela pourrait \u00eatre notre philosophie r\u00e9sum\u00e9e en ces 3 point:<\/p>\n<ul>\n<li>notre proposition est sans engagement : nous vous mettons en relation, nous ne vous for\u00e7ons en aucun cas \u00e0 travailler avec un prestataire m\u00eame si nous vous l&rsquo;avons recommand\u00e9 sur des crit\u00e8res objectifs = vous avez le droit d&rsquo;\u00eatre en d\u00e9saccord avec nous.<\/li>\n<li>notre service est totalement gratuit : vous n&rsquo;aurez rien \u00e0 nous verser m\u00eame si vous signez au final avec un installateur de monte escalier que nous vous avons vivement conseill\u00e9. \u00a0Nous ne toucherons pas non plus de commission du vendeur si vous lui achetez un monte escalier gr\u00e2ce \u00e0 nous<\/li>\n<li>On ne joue pas avec vos coordonn\u00e9es : vous nous les confier pour vous mettre en relation avec des vendeurs de monte escalier, et pour rien d&rsquo;autre : nous ne les vendrons pas, ni ne les c\u00e9derons pas pour aucun autre usage. Ce fichier de contact a d&rsquo;ailleurs fait l&rsquo;objet d&rsquo;une d\u00e9claration aupr\u00e8s de la CNIL.<\/li>\n<\/ul>\n<\/div>\n<div class=\"titre_liens\">A voir \u00e9galement pr\u00e8s de chez vous<\/div>\n<div class=\"boite_liens\"><a href=\"https:\/\/www.monteescalier.net\/france\/monte-escalier-roanne\">Monte escalier Roanne<\/a><br \/>\n<a href=\"https:\/\/www.monteescalier.net\/france\/monte-escalier-saint-chamond\">Monte escalier Saint-Chamond<\/a><br \/>\n<a href=\"https:\/\/www.monteescalier.net\/france\/monte-escalier-firminy\">Monte escalier Firminy<\/a><br \/>\n<a href=\"https:\/\/www.monteescalier.net\/france\/monte-escalier-montbrison\">Monte escalier Montbrison<\/a><br \/>\n<a href=\"https:\/\/www.monteescalier.net\/france\/monte-escalier-rive-de-gier\">Monte escalier Rive-de-Gier<\/a><\/div>\n","protected":false},"excerpt":{"rendered":"<p>Ou acheter son monte escalier \u00e0 Saint-\u00c9tienne Article publi\u00e9 le 03\/11\/2016 Vous voulez vous \u00e9quiper\u00a0d&rsquo;un monte escalier \u00e0 Saint-\u00c9tienne, dans votre maison, car vous ne voulez pas la quitter, bien que vous ayez de plus en plus de difficult\u00e9s \u00e0 monter \u00e0 l&rsquo;\u00e9tage. La solution du monte escalier est incontestablement le meilleur choix dans cette [&hellip;]<\/p>\n","protected":false},"author":1,"featured_media":0,"parent":0,"menu_order":0,"comment_status":"closed","ping_status":"open","template":"template_ville_1.php","meta":{"_monsterinsights_skip_tracking":false,"_monsterinsights_sitenote_active":false,"_monsterinsights_sitenote_note":"","_monsterinsights_sitenote_category":0,"footnotes":""},"class_list":["post-925","page","type-page","status-publish","hentry"],"yoast_head":"<!-- This site is optimized with the Yoast SEO plugin v26.3 - https:\/\/yoast.com\/wordpress\/plugins\/seo\/ -->\n<title>Monte escalier Saint-\u00c9tienne - Monte escalier<\/title>\n<meta name=\"description\" content=\"Adressez-vous \u00e0 un expert comp\u00e9tent et reconnu pour installer un monte-escalier \u00e0 Saint-Etienne.\" \/>\n<meta name=\"robots\" content=\"index, follow, max-snippet:-1, max-image-preview:large, max-video-preview:-1\" \/>\n<link rel=\"canonical\" href=\"https:\/\/www.monteescalier.net\/france\/monte-escalier-saint-etienne\/\" \/>\n<meta property=\"og:locale\" content=\"fr_FR\" \/>\n<meta property=\"og:type\" content=\"article\" \/>\n<meta property=\"og:title\" content=\"Monte escalier Saint-\u00c9tienne - Monte escalier\" \/>\n<meta property=\"og:description\" content=\"Adressez-vous \u00e0 un expert comp\u00e9tent et reconnu pour installer un monte-escalier \u00e0 Saint-Etienne.\" \/>\n<meta property=\"og:url\" content=\"https:\/\/www.monteescalier.net\/france\/monte-escalier-saint-etienne\/\" \/>\n<meta property=\"og:site_name\" content=\"Monte escalier\" \/>\n<meta property=\"article:modified_time\" content=\"2021-11-08T16:30:04+00:00\" \/>\n<meta name=\"twitter:card\" content=\"summary_large_image\" \/>\n<meta name=\"twitter:label1\" content=\"Dur\u00e9e de lecture estim\u00e9e\" \/>\n\t<meta name=\"twitter:data1\" content=\"3 minutes\" \/>\n<script type=\"application\/ld+json\" class=\"yoast-schema-graph\">{\"@context\":\"https:\/\/schema.org\",\"@graph\":[{\"@type\":\"WebPage\",\"@id\":\"https:\/\/www.monteescalier.net\/france\/monte-escalier-saint-etienne\/\",\"url\":\"https:\/\/www.monteescalier.net\/france\/monte-escalier-saint-etienne\/\",\"name\":\"Monte escalier Saint-\u00c9tienne - Monte escalier\",\"isPartOf\":{\"@id\":\"https:\/\/www.monteescalier.net\/france\/#website\"},\"datePublished\":\"2021-01-16T09:47:10+00:00\",\"dateModified\":\"2021-11-08T16:30:04+00:00\",\"description\":\"Adressez-vous \u00e0 un expert comp\u00e9tent et reconnu pour installer un monte-escalier \u00e0 Saint-Etienne.\",\"breadcrumb\":{\"@id\":\"https:\/\/www.monteescalier.net\/france\/monte-escalier-saint-etienne\/#breadcrumb\"},\"inLanguage\":\"fr-FR\",\"potentialAction\":[{\"@type\":\"ReadAction\",\"target\":[\"https:\/\/www.monteescalier.net\/france\/monte-escalier-saint-etienne\/\"]}]},{\"@type\":\"BreadcrumbList\",\"@id\":\"https:\/\/www.monteescalier.net\/france\/monte-escalier-saint-etienne\/#breadcrumb\",\"itemListElement\":[{\"@type\":\"ListItem\",\"position\":1,\"name\":\"Accueil\",\"item\":\"https:\/\/www.monteescalier.net\/france\/\"},{\"@type\":\"ListItem\",\"position\":2,\"name\":\"Monte escalier Saint-\u00c9tienne\"}]},{\"@type\":\"WebSite\",\"@id\":\"https:\/\/www.monteescalier.net\/france\/#website\",\"url\":\"https:\/\/www.monteescalier.net\/france\/\",\"name\":\"Monte escalier\",\"description\":\"\",\"publisher\":{\"@id\":\"https:\/\/www.monteescalier.net\/france\/#organization\"},\"potentialAction\":[{\"@type\":\"SearchAction\",\"target\":{\"@type\":\"EntryPoint\",\"urlTemplate\":\"https:\/\/www.monteescalier.net\/france\/?s={search_term_string}\"},\"query-input\":{\"@type\":\"PropertyValueSpecification\",\"valueRequired\":true,\"valueName\":\"search_term_string\"}}],\"inLanguage\":\"fr-FR\"},{\"@type\":\"Organization\",\"@id\":\"https:\/\/www.monteescalier.net\/france\/#organization\",\"name\":\"monte-escalier.net\",\"url\":\"https:\/\/www.monteescalier.net\/france\/\",\"logo\":{\"@type\":\"ImageObject\",\"inLanguage\":\"fr-FR\",\"@id\":\"https:\/\/www.monteescalier.net\/france\/#\/schema\/logo\/image\/\",\"url\":\"https:\/\/www.monteescalier.net\/france\/wp-content\/uploads\/2016\/10\/4devis-mont-escalier-500-500.gif\",\"contentUrl\":\"https:\/\/www.monteescalier.net\/france\/wp-content\/uploads\/2016\/10\/4devis-mont-escalier-500-500.gif\",\"width\":500,\"height\":500,\"caption\":\"monte-escalier.net\"},\"image\":{\"@id\":\"https:\/\/www.monteescalier.net\/france\/#\/schema\/logo\/image\/\"}}]}<\/script>\n<!-- \/ Yoast SEO plugin. -->","yoast_head_json":{"title":"Monte escalier Saint-\u00c9tienne - Monte escalier","description":"Adressez-vous \u00e0 un expert comp\u00e9tent et reconnu pour installer un monte-escalier \u00e0 Saint-Etienne.","robots":{"index":"index","follow":"follow","max-snippet":"max-snippet:-1","max-image-preview":"max-image-preview:large","max-video-preview":"max-video-preview:-1"},"canonical":"https:\/\/www.monteescalier.net\/france\/monte-escalier-saint-etienne\/","og_locale":"fr_FR","og_type":"article","og_title":"Monte escalier Saint-\u00c9tienne - Monte escalier","og_description":"Adressez-vous \u00e0 un expert comp\u00e9tent et reconnu pour installer un monte-escalier \u00e0 Saint-Etienne.","og_url":"https:\/\/www.monteescalier.net\/france\/monte-escalier-saint-etienne\/","og_site_name":"Monte escalier","article_modified_time":"2021-11-08T16:30:04+00:00","twitter_card":"summary_large_image","twitter_misc":{"Dur\u00e9e de lecture estim\u00e9e":"3 minutes"},"schema":{"@context":"https:\/\/schema.org","@graph":[{"@type":"WebPage","@id":"https:\/\/www.monteescalier.net\/france\/monte-escalier-saint-etienne\/","url":"https:\/\/www.monteescalier.net\/france\/monte-escalier-saint-etienne\/","name":"Monte escalier Saint-\u00c9tienne - Monte escalier","isPartOf":{"@id":"https:\/\/www.monteescalier.net\/france\/#website"},"datePublished":"2021-01-16T09:47:10+00:00","dateModified":"2021-11-08T16:30:04+00:00","description":"Adressez-vous \u00e0 un expert comp\u00e9tent et reconnu pour installer un monte-escalier \u00e0 Saint-Etienne.","breadcrumb":{"@id":"https:\/\/www.monteescalier.net\/france\/monte-escalier-saint-etienne\/#breadcrumb"},"inLanguage":"fr-FR","potentialAction":[{"@type":"ReadAction","target":["https:\/\/www.monteescalier.net\/france\/monte-escalier-saint-etienne\/"]}]},{"@type":"BreadcrumbList","@id":"https:\/\/www.monteescalier.net\/france\/monte-escalier-saint-etienne\/#breadcrumb","itemListElement":[{"@type":"ListItem","position":1,"name":"Accueil","item":"https:\/\/www.monteescalier.net\/france\/"},{"@type":"ListItem","position":2,"name":"Monte escalier Saint-\u00c9tienne"}]},{"@type":"WebSite","@id":"https:\/\/www.monteescalier.net\/france\/#website","url":"https:\/\/www.monteescalier.net\/france\/","name":"Monte escalier","description":"","publisher":{"@id":"https:\/\/www.monteescalier.net\/france\/#organization"},"potentialAction":[{"@type":"SearchAction","target":{"@type":"EntryPoint","urlTemplate":"https:\/\/www.monteescalier.net\/france\/?s={search_term_string}"},"query-input":{"@type":"PropertyValueSpecification","valueRequired":true,"valueName":"search_term_string"}}],"inLanguage":"fr-FR"},{"@type":"Organization","@id":"https:\/\/www.monteescalier.net\/france\/#organization","name":"monte-escalier.net","url":"https:\/\/www.monteescalier.net\/france\/","logo":{"@type":"ImageObject","inLanguage":"fr-FR","@id":"https:\/\/www.monteescalier.net\/france\/#\/schema\/logo\/image\/","url":"https:\/\/www.monteescalier.net\/france\/wp-content\/uploads\/2016\/10\/4devis-mont-escalier-500-500.gif","contentUrl":"https:\/\/www.monteescalier.net\/france\/wp-content\/uploads\/2016\/10\/4devis-mont-escalier-500-500.gif","width":500,"height":500,"caption":"monte-escalier.net"},"image":{"@id":"https:\/\/www.monteescalier.net\/france\/#\/schema\/logo\/image\/"}}]}},"_links":{"self":[{"href":"https:\/\/www.monteescalier.net\/france\/wp-json\/wp\/v2\/pages\/925","targetHints":{"allow":["GET"]}}],"collection":[{"href":"https:\/\/www.monteescalier.net\/france\/wp-json\/wp\/v2\/pages"}],"about":[{"href":"https:\/\/www.monteescalier.net\/france\/wp-json\/wp\/v2\/types\/page"}],"author":[{"embeddable":true,"href":"https:\/\/www.monteescalier.net\/france\/wp-json\/wp\/v2\/users\/1"}],"replies":[{"embeddable":true,"href":"https:\/\/www.monteescalier.net\/france\/wp-json\/wp\/v2\/comments?post=925"}],"version-history":[{"count":3,"href":"https:\/\/www.monteescalier.net\/france\/wp-json\/wp\/v2\/pages\/925\/revisions"}],"predecessor-version":[{"id":7333,"href":"https:\/\/www.monteescalier.net\/france\/wp-json\/wp\/v2\/pages\/925\/revisions\/7333"}],"wp:attachment":[{"href":"https:\/\/www.monteescalier.net\/france\/wp-json\/wp\/v2\/media?parent=925"}],"curies":[{"name":"wp","href":"https:\/\/api.w.org\/{rel}","templated":true}]}}