{"id":926,"date":"2021-02-26T10:47:10","date_gmt":"2021-02-26T09:47:10","guid":{"rendered":"https:\/\/www.monteescalier.net\/france\/?page_id=926"},"modified":"2021-11-08T17:39:48","modified_gmt":"2021-11-08T16:39:48","slug":"monte-escalier-toulon","status":"publish","type":"page","link":"https:\/\/www.monteescalier.net\/france\/monte-escalier-toulon\/","title":{"rendered":"Monte escalier Toulon"},"content":{"rendered":"<h1>Comparer les vendeurs de monte escalier \u00e0 Toulon<\/h1>\n<div class=\"boite_texte\">\n<div style=\"text-align: justify;\">Vous voulez faire installer\u00a0un monte escalier \u00e0 Toulon dans le Var? \u00a0Nous allons vous donner une m\u00e9thode infaillible et gratuite pour bien choisir votre installateur de monte escalier. Rassurez-vous, rien de compliqu\u00e9, ni de chronophage ! Vous aurez juste \u00e0 remplir un petit formulaire sur ce site (le formulaire qui se trouve en haut de cette page) et vous allez pouvoir tout comparer: prix, mat\u00e9riel, marques, et service apr\u00e8s vente des diff\u00e9rents prestataires varois.<\/div>\n<p>&nbsp;<\/p>\n<div style=\"text-align: justify;\">Nous connaissons les installateurs de monte escalier de votre r\u00e9gion et nous pouvons vous orienter tr\u00e8s rapidement vers ceux que nous consid\u00e9rons comme les plus aptes \u00e0 r\u00e9pondre \u00e0 vos besoins tout en \u00e9tant les plus \u00e9conomiques. Passer par notre site est en cons\u00e9quence l&rsquo;assurance de pouvoir \u00eatre mis en relation avec les vendeurs de monte escalier de Toulon et donc d&rsquo;obtenir les meilleures armes pour comparer.<\/div>\n<p>&nbsp;<\/p>\n<div style=\"text-align: justify;\">Comment, en effet, mieux comparer les prix des monte escalier, \u00a0qu&rsquo;en examinant des propositions concr\u00e8tes ? Une seule demande de devis sur notre site et vous obtiendrez plusieurs devis de diff\u00e9rents prestataires vous proposant diff\u00e9rents mod\u00e8les de monte escalier. C&rsquo;est aussi simple que cel\u00e0.<\/div>\n<p>&nbsp;<\/p>\n<div style=\"text-align: justify;\">Avoir des sp\u00e9cialistes du monte escalier au bout du fil pour discuter de votre projet, c&rsquo;est la vocation de la\u00a0demande de rappel. L\u00e0 encore, vous serez tr\u00e8s rapidement recontact\u00e9s par nos partenaires experts qui pourront r\u00e9pondre \u00e0 toutes vos questions relatives aux particularit\u00e9s de l&rsquo;installation de votre monte escalier. Vous aurez ainsi plusieurs avis et donc de meilleures chances de choisir \u00e0 la fois la solution la plus satisfaisante et la plus \u00e9conomique.<\/div>\n<p>&nbsp;<\/p>\n<div style=\"text-align: justify;\">Pour faire votre choix, vous pouvez aussi vouloir comparer les caract\u00e9ristiques d\u00e9taill\u00e9es des fauteuils monte escalier des diff\u00e9rentes marques disponibles \u00e0 la vente.le meilleur choix dans ce cas est de vous servir de notre formulaire de demande de documentation que vous trouverez \u00e9galement sur notre site. Par courriel ou par courrier traditionnel, vous recevrez gratuitement toutes les infos n\u00e9cessaires qui vous permettront de comparer \u00e0 t\u00eate repos\u00e9e les diff\u00e9rents mod\u00e8les de monte escalier. Attention, seuls les prestataires disposant de documentation pourront vous en envoyer, ce n&rsquo;est pas le cas de tous les installateurs de monte escalier avec lesquels nous travaillons.<\/div>\n<p>&nbsp;<\/p>\n<div style=\"text-align: justify;\">Pourquoi aller chercher ailleurs alors que tous nos services sont enti\u00e8rement gratuits. Nous avons fait le travail de pr\u00e9selection de votre installateur de \u00a0monte escalier \u00e0 Toulon, il ne vous reste plus qu&rsquo;\u00e0 faire votre choix muni de ces nouveaux \u00e9l\u00e9ments. Utilisez nos services ne vous co\u00fbtera rien et ne vous engagera \u00e0 rien&#8230; alors pourquoi y renoncer ! Laissez nous vos coordonn\u00e9es et testez nos services sans engagement.<\/div>\n<\/div>\n<p>&nbsp;<\/p>\n<div class=\"titre_liens\">A voir aussi \u00e0 proximit\u00e9 de Toulon<\/div>\n<div class=\"boite_liens\"><a href=\"https:\/\/www.monteescalier.net\/france\/monte-escalier-la-seyne-sur-mer\">Monte escalier Seyne-sur-Mer<\/a><br \/>\n<a href=\"https:\/\/www.monteescalier.net\/france\/monte-escalier-hyeres\">Monte escalier Hy\u00e8res<\/a><br \/>\n<a href=\"https:\/\/www.monteescalier.net\/france\/monte-escalier-frejus\">Monte escalier Fr\u00e9jus<\/a><br \/>\n<a href=\"https:\/\/www.monteescalier.net\/france\/monte-escalier-draguignan\">Monte escalier Draguignan<\/a><br \/>\n<a href=\"https:\/\/www.monteescalier.net\/france\/monte-escalier-six-fours-les-plages\">Monte escalier Six-Fours-les-Plages<\/a><\/div>\n<div class=\"boite_liens\"><\/div>\n<div class=\"boite_liens\">Article mis \u00e0 jour le 28\/10\/2016<\/div>\n","protected":false},"excerpt":{"rendered":"<p>Comparer les vendeurs de monte escalier \u00e0 Toulon Vous voulez faire installer\u00a0un monte escalier \u00e0 Toulon dans le Var? \u00a0Nous allons vous donner une m\u00e9thode infaillible et gratuite pour bien choisir votre installateur de monte escalier. Rassurez-vous, rien de compliqu\u00e9, ni de chronophage ! Vous aurez juste \u00e0 remplir un petit formulaire sur ce site [&hellip;]<\/p>\n","protected":false},"author":1,"featured_media":0,"parent":0,"menu_order":0,"comment_status":"closed","ping_status":"open","template":"template_ville_17.php","meta":{"_monsterinsights_skip_tracking":false,"_monsterinsights_sitenote_active":false,"_monsterinsights_sitenote_note":"","_monsterinsights_sitenote_category":0,"footnotes":""},"class_list":["post-926","page","type-page","status-publish","hentry"],"yoast_head":"<!-- This site is optimized with the Yoast SEO plugin v26.3 - https:\/\/yoast.com\/wordpress\/plugins\/seo\/ -->\n<title>Monte escalier Toulon - Monte escalier<\/title>\n<meta name=\"description\" content=\"Trouvez un partenaires installateurs pour r\u00e9aliser l&#039;installation de votre monte-escaliers \u00e0 Toulon\" \/>\n<meta name=\"robots\" content=\"index, follow, max-snippet:-1, max-image-preview:large, max-video-preview:-1\" \/>\n<link rel=\"canonical\" href=\"https:\/\/www.monteescalier.net\/france\/monte-escalier-toulon\/\" \/>\n<meta property=\"og:locale\" content=\"fr_FR\" \/>\n<meta property=\"og:type\" content=\"article\" \/>\n<meta property=\"og:title\" content=\"Monte escalier Toulon - Monte escalier\" \/>\n<meta property=\"og:description\" content=\"Trouvez un partenaires installateurs pour r\u00e9aliser l&#039;installation de votre monte-escaliers \u00e0 Toulon\" \/>\n<meta property=\"og:url\" content=\"https:\/\/www.monteescalier.net\/france\/monte-escalier-toulon\/\" \/>\n<meta property=\"og:site_name\" content=\"Monte escalier\" \/>\n<meta property=\"article:modified_time\" content=\"2021-11-08T16:39:48+00:00\" \/>\n<meta name=\"twitter:card\" content=\"summary_large_image\" \/>\n<meta name=\"twitter:label1\" content=\"Dur\u00e9e de lecture estim\u00e9e\" \/>\n\t<meta name=\"twitter:data1\" content=\"2 minutes\" \/>\n<script type=\"application\/ld+json\" class=\"yoast-schema-graph\">{\"@context\":\"https:\/\/schema.org\",\"@graph\":[{\"@type\":\"WebPage\",\"@id\":\"https:\/\/www.monteescalier.net\/france\/monte-escalier-toulon\/\",\"url\":\"https:\/\/www.monteescalier.net\/france\/monte-escalier-toulon\/\",\"name\":\"Monte escalier Toulon - Monte escalier\",\"isPartOf\":{\"@id\":\"https:\/\/www.monteescalier.net\/france\/#website\"},\"datePublished\":\"2021-02-26T09:47:10+00:00\",\"dateModified\":\"2021-11-08T16:39:48+00:00\",\"description\":\"Trouvez un partenaires installateurs pour r\u00e9aliser l'installation de votre monte-escaliers \u00e0 Toulon\",\"breadcrumb\":{\"@id\":\"https:\/\/www.monteescalier.net\/france\/monte-escalier-toulon\/#breadcrumb\"},\"inLanguage\":\"fr-FR\",\"potentialAction\":[{\"@type\":\"ReadAction\",\"target\":[\"https:\/\/www.monteescalier.net\/france\/monte-escalier-toulon\/\"]}]},{\"@type\":\"BreadcrumbList\",\"@id\":\"https:\/\/www.monteescalier.net\/france\/monte-escalier-toulon\/#breadcrumb\",\"itemListElement\":[{\"@type\":\"ListItem\",\"position\":1,\"name\":\"Accueil\",\"item\":\"https:\/\/www.monteescalier.net\/france\/\"},{\"@type\":\"ListItem\",\"position\":2,\"name\":\"Monte escalier Toulon\"}]},{\"@type\":\"WebSite\",\"@id\":\"https:\/\/www.monteescalier.net\/france\/#website\",\"url\":\"https:\/\/www.monteescalier.net\/france\/\",\"name\":\"Monte escalier\",\"description\":\"\",\"publisher\":{\"@id\":\"https:\/\/www.monteescalier.net\/france\/#organization\"},\"potentialAction\":[{\"@type\":\"SearchAction\",\"target\":{\"@type\":\"EntryPoint\",\"urlTemplate\":\"https:\/\/www.monteescalier.net\/france\/?s={search_term_string}\"},\"query-input\":{\"@type\":\"PropertyValueSpecification\",\"valueRequired\":true,\"valueName\":\"search_term_string\"}}],\"inLanguage\":\"fr-FR\"},{\"@type\":\"Organization\",\"@id\":\"https:\/\/www.monteescalier.net\/france\/#organization\",\"name\":\"monte-escalier.net\",\"url\":\"https:\/\/www.monteescalier.net\/france\/\",\"logo\":{\"@type\":\"ImageObject\",\"inLanguage\":\"fr-FR\",\"@id\":\"https:\/\/www.monteescalier.net\/france\/#\/schema\/logo\/image\/\",\"url\":\"https:\/\/www.monteescalier.net\/france\/wp-content\/uploads\/2016\/10\/4devis-mont-escalier-500-500.gif\",\"contentUrl\":\"https:\/\/www.monteescalier.net\/france\/wp-content\/uploads\/2016\/10\/4devis-mont-escalier-500-500.gif\",\"width\":500,\"height\":500,\"caption\":\"monte-escalier.net\"},\"image\":{\"@id\":\"https:\/\/www.monteescalier.net\/france\/#\/schema\/logo\/image\/\"}}]}<\/script>\n<!-- \/ Yoast SEO plugin. -->","yoast_head_json":{"title":"Monte escalier Toulon - Monte escalier","description":"Trouvez un partenaires installateurs pour r\u00e9aliser l'installation de votre monte-escaliers \u00e0 Toulon","robots":{"index":"index","follow":"follow","max-snippet":"max-snippet:-1","max-image-preview":"max-image-preview:large","max-video-preview":"max-video-preview:-1"},"canonical":"https:\/\/www.monteescalier.net\/france\/monte-escalier-toulon\/","og_locale":"fr_FR","og_type":"article","og_title":"Monte escalier Toulon - Monte escalier","og_description":"Trouvez un partenaires installateurs pour r\u00e9aliser l'installation de votre monte-escaliers \u00e0 Toulon","og_url":"https:\/\/www.monteescalier.net\/france\/monte-escalier-toulon\/","og_site_name":"Monte escalier","article_modified_time":"2021-11-08T16:39:48+00:00","twitter_card":"summary_large_image","twitter_misc":{"Dur\u00e9e de lecture estim\u00e9e":"2 minutes"},"schema":{"@context":"https:\/\/schema.org","@graph":[{"@type":"WebPage","@id":"https:\/\/www.monteescalier.net\/france\/monte-escalier-toulon\/","url":"https:\/\/www.monteescalier.net\/france\/monte-escalier-toulon\/","name":"Monte escalier Toulon - Monte escalier","isPartOf":{"@id":"https:\/\/www.monteescalier.net\/france\/#website"},"datePublished":"2021-02-26T09:47:10+00:00","dateModified":"2021-11-08T16:39:48+00:00","description":"Trouvez un partenaires installateurs pour r\u00e9aliser l'installation de votre monte-escaliers \u00e0 Toulon","breadcrumb":{"@id":"https:\/\/www.monteescalier.net\/france\/monte-escalier-toulon\/#breadcrumb"},"inLanguage":"fr-FR","potentialAction":[{"@type":"ReadAction","target":["https:\/\/www.monteescalier.net\/france\/monte-escalier-toulon\/"]}]},{"@type":"BreadcrumbList","@id":"https:\/\/www.monteescalier.net\/france\/monte-escalier-toulon\/#breadcrumb","itemListElement":[{"@type":"ListItem","position":1,"name":"Accueil","item":"https:\/\/www.monteescalier.net\/france\/"},{"@type":"ListItem","position":2,"name":"Monte escalier Toulon"}]},{"@type":"WebSite","@id":"https:\/\/www.monteescalier.net\/france\/#website","url":"https:\/\/www.monteescalier.net\/france\/","name":"Monte escalier","description":"","publisher":{"@id":"https:\/\/www.monteescalier.net\/france\/#organization"},"potentialAction":[{"@type":"SearchAction","target":{"@type":"EntryPoint","urlTemplate":"https:\/\/www.monteescalier.net\/france\/?s={search_term_string}"},"query-input":{"@type":"PropertyValueSpecification","valueRequired":true,"valueName":"search_term_string"}}],"inLanguage":"fr-FR"},{"@type":"Organization","@id":"https:\/\/www.monteescalier.net\/france\/#organization","name":"monte-escalier.net","url":"https:\/\/www.monteescalier.net\/france\/","logo":{"@type":"ImageObject","inLanguage":"fr-FR","@id":"https:\/\/www.monteescalier.net\/france\/#\/schema\/logo\/image\/","url":"https:\/\/www.monteescalier.net\/france\/wp-content\/uploads\/2016\/10\/4devis-mont-escalier-500-500.gif","contentUrl":"https:\/\/www.monteescalier.net\/france\/wp-content\/uploads\/2016\/10\/4devis-mont-escalier-500-500.gif","width":500,"height":500,"caption":"monte-escalier.net"},"image":{"@id":"https:\/\/www.monteescalier.net\/france\/#\/schema\/logo\/image\/"}}]}},"_links":{"self":[{"href":"https:\/\/www.monteescalier.net\/france\/wp-json\/wp\/v2\/pages\/926","targetHints":{"allow":["GET"]}}],"collection":[{"href":"https:\/\/www.monteescalier.net\/france\/wp-json\/wp\/v2\/pages"}],"about":[{"href":"https:\/\/www.monteescalier.net\/france\/wp-json\/wp\/v2\/types\/page"}],"author":[{"embeddable":true,"href":"https:\/\/www.monteescalier.net\/france\/wp-json\/wp\/v2\/users\/1"}],"replies":[{"embeddable":true,"href":"https:\/\/www.monteescalier.net\/france\/wp-json\/wp\/v2\/comments?post=926"}],"version-history":[{"count":3,"href":"https:\/\/www.monteescalier.net\/france\/wp-json\/wp\/v2\/pages\/926\/revisions"}],"predecessor-version":[{"id":7278,"href":"https:\/\/www.monteescalier.net\/france\/wp-json\/wp\/v2\/pages\/926\/revisions\/7278"}],"wp:attachment":[{"href":"https:\/\/www.monteescalier.net\/france\/wp-json\/wp\/v2\/media?parent=926"}],"curies":[{"name":"wp","href":"https:\/\/api.w.org\/{rel}","templated":true}]}}