{"id":927,"date":"2021-03-26T10:47:10","date_gmt":"2021-03-26T09:47:10","guid":{"rendered":"https:\/\/www.monteescalier.net\/france\/?page_id=927"},"modified":"2021-11-08T17:47:32","modified_gmt":"2021-11-08T16:47:32","slug":"monte-escalier-grenoble","status":"publish","type":"page","link":"https:\/\/www.monteescalier.net\/france\/monte-escalier-grenoble\/","title":{"rendered":"Monte escalier Grenoble"},"content":{"rendered":"<h1>Un monte escalier \u00e0 Grenoble<\/h1>\n<div class=\"boite_texte\">\n<div><\/div>\n<div>Trouver un installateur de monte escalier en Is\u00e8re, \u00e0 Grenoble en particulier n&rsquo;est pas tr\u00e8s compliqu\u00e9. De nombreuses entreprises, qui couvrent souvent toute la r\u00e9gion Rhone Alpes sont susceptibles d&rsquo;installer chez vous un monte escalier \u00e0 Grenoble. La question est de savoir, si vous avez pris la d\u00e9cision d&rsquo;en acheter, \u00e0 qui allez-vous vous adresser pour effectuer cet achat et cette installation de monte escalier. En effet, on installe pas soit m\u00eame son monte escalier, il est imp\u00e9ratif de passer par les services d&rsquo;un professionnel, \u00e0 moins que vous ne vouliez risquer de mettre en danger la ou les personnes qui vont utiliser ce monte escalier.<\/div>\n<h2>\u00a0Nos conseils d&rsquo;achat monte escalier<\/h2>\n<p style=\"text-align: justify;\">Ce sont des conseils de bon sens que nous allons vous donner : quand on veut acheter quelque chose il est n\u00e9cessaire de savoir qui le vend, \u00e0 quel prix avec quelles garanties, et qu&rsquo;est ce qui diff\u00e9rencie les produits vendus par les uns et les autres. Or, \u00e0 moins que vous ne soyez incollable sur le dossier des monte escalier, vous aurez sans doute bien du mal \u00e0 r\u00e9pondre \u00e0 ces questions avec la plus grande certitude.<\/p>\n<div>Monteescalier.net est un portail mettant en contact les acheteurs potentiels de monte escalier et les vendeurs de monte escalier. Passer par notre site est donc l&rsquo;assurance de pouvoir \u00eatre mis en relation avec les principaux vendeurs de monte escalier de Grenoble.<\/div>\n<\/div>\n<div style=\"text-align: justify;\"><\/div>\n<h3 style=\"text-align: justify;\">Conseil monte escalier n\u00b01 : bien s&rsquo;informer<\/h3>\n<div class=\"boite_texte\">\n<p style=\"text-align: justify;\">Avant d&rsquo;acheter un monte escalier, il faut faire connaissance avec le mat\u00e9riel : si les fonctions du monte escalier sont bien connues, il y a n\u00e9anmoins des diff\u00e9rences significatives entre les marques et au sein des marques entre les mod\u00e8les eux-m\u00eames : quelqu&rsquo;un doit vous expliquer ces diff\u00e9rences, pourquoi un monorail ici et un double rail l\u00e0, pourquoi un syst\u00e8me de pivotage de si\u00e8ge automatique ou manuel au d\u00e9part ou \u00e0 l&rsquo;arriv\u00e9e du si\u00e8ge monte escalier. Voil\u00e0 des questions auxquelles vous serez bient\u00f4t confront\u00e9s. Si vous vous renseignez aupr\u00e8s d&rsquo;un seul installateur, il est peu probable qu&rsquo;il soit compl\u00e8tement objectif sur les qualit\u00e9s et inconv\u00e9nients des monte escalier qu&rsquo;il commercialise par rapport \u00e0 ceux vendus par ses concurrents. Ce qui nous am\u00e8ne au conseil n\u00b02.<\/p>\n<\/div>\n<h3 style=\"text-align: justify;\">Conseil monte escalier n\u00b02 : bien comparer<\/h3>\n<div class=\"boite_texte\">\n<div style=\"text-align: justify;\">Comment mieux comparer qu&rsquo;en examinant des propositions concr\u00e8tes pour l&rsquo;installation de votre monte escalier \u00e0 Grenoble. Mais pour \u00e7\u00e0, il va vous falloir plusieurs devis et donc contacter plusieurs prestataires sans forc\u00e9ment savoir d&rsquo;ailleurs s&rsquo;ils sont s\u00e9rieux, comp\u00e9tents ou bon march\u00e9. C&rsquo;est pourquoi nous avons cr\u00e9\u00e9 le service de m\u00e9diation monteescalier.net : vous pouvez nous confier la recherche de votre prestataire en nous communiquant simplement vos coordonn\u00e9es gr\u00e2ce \u00e0 la demande de devis se trouvant en haut de cette page web. Une seule demande de devis sur notre site et vous obtiendrez plusieurs devis de diff\u00e9rents prestataires vous proposant diff\u00e9rents mod\u00e8les de monte escalier. Car ce que nous allons faire est tr\u00e8s simple : nous allons communiquer vos coordonn\u00e9es \u00e0 ceux que nous avons identifi\u00e9 comme des prestataires de qualit\u00e9 dans la r\u00e9gion grenobloise afin que ceux-ci vous recontactent rapidement pour vous faires des propositions pr\u00e9cises et chiffr\u00e9es pour l&rsquo;installation de votre monte escalier \u00e0 Grenoble.<\/div>\n<p>&nbsp;<\/p>\n<div style=\"text-align: justify;\">Ne faites plus la course aux prestataires et aux devis qui n&rsquo;arrivent pas , laissez notre r\u00e9seau professionnel\u00a0faire le travail pour vous. C&rsquo;est int\u00e9gralement gratuit et cela vous permettra d&rsquo;\u00eatre mis tr\u00e8s rapidement en relation avec notre liste de professionnels du monte escalier de Grenoble et sa r\u00e9gion, sans efforts, ni obligations. Et si vous n&rsquo;\u00eates pas satisfaits de nos services, vous pouvez \u00e0 tout moment d\u00e9cider de vous adresser ailleurs. Alors, comme des dizaines et des dizaines de clients l&rsquo;ont fait avant vous, laissez vous tenter par notre service. Nous sommes convaincus que vous trouverez gr\u00e2ce \u00e0 nous le monte escalier qu&rsquo;il vous faut, et de surcro\u00eet que vous le payerez \u00e0 son prix le plus juste.<\/div>\n<div style=\"text-align: justify;\"><\/div>\n<\/div>\n<div class=\"titre_liens\">Nos offres monte escalier \u00e0 proximit\u00e9 de Grenoble<\/div>\n<div class=\"boite_liens\"><a href=\"https:\/\/www.monteescalier.net\/france\/monte-escalier-echirolles\">Monte escalier \u00c9chirolles<\/a><br \/>\n<a href=\"https:\/\/www.monteescalier.net\/france\/monte-escalier-saint-martin-d-heres\">Monte escalier Saint-Martin-d&rsquo;H\u00e8res<\/a><br \/>\n<a href=\"https:\/\/www.monteescalier.net\/france\/monte-escalier-vienne-38\">Monte escalier Vienne<\/a><br \/>\n<a href=\"https:\/\/www.monteescalier.net\/france\/monte-escalier-bourgoin-jallieu\">Monte escalier Bourgoin-Jallieu<\/a><br \/>\n<a href=\"https:\/\/www.monteescalier.net\/france\/monte-escalier-fontaine\">Monte escalier Fontaine<\/a><\/div>\n","protected":false},"excerpt":{"rendered":"<p>Un monte escalier \u00e0 Grenoble Trouver un installateur de monte escalier en Is\u00e8re, \u00e0 Grenoble en particulier n&rsquo;est pas tr\u00e8s compliqu\u00e9. De nombreuses entreprises, qui couvrent souvent toute la r\u00e9gion Rhone Alpes sont susceptibles d&rsquo;installer chez vous un monte escalier \u00e0 Grenoble. La question est de savoir, si vous avez pris la d\u00e9cision d&rsquo;en acheter, [&hellip;]<\/p>\n","protected":false},"author":1,"featured_media":0,"parent":0,"menu_order":0,"comment_status":"closed","ping_status":"open","template":"template_ville_16.php","meta":{"_monsterinsights_skip_tracking":false,"_monsterinsights_sitenote_active":false,"_monsterinsights_sitenote_note":"","_monsterinsights_sitenote_category":0,"footnotes":""},"class_list":["post-927","page","type-page","status-publish","hentry"],"yoast_head":"<!-- This site is optimized with the Yoast SEO plugin v26.3 - https:\/\/yoast.com\/wordpress\/plugins\/seo\/ -->\n<title>Monte escalier Grenoble - Monte escalier<\/title>\n<meta name=\"description\" content=\"Trouvez une entreprise pour r\u00e9aliser l&#039;installation de votre monte-escaliers \u00e0 Grenoble.\" \/>\n<meta name=\"robots\" content=\"index, follow, max-snippet:-1, max-image-preview:large, max-video-preview:-1\" \/>\n<link rel=\"canonical\" href=\"https:\/\/www.monteescalier.net\/france\/monte-escalier-grenoble\/\" \/>\n<meta property=\"og:locale\" content=\"fr_FR\" \/>\n<meta property=\"og:type\" content=\"article\" \/>\n<meta property=\"og:title\" content=\"Monte escalier Grenoble - Monte escalier\" \/>\n<meta property=\"og:description\" content=\"Trouvez une entreprise pour r\u00e9aliser l&#039;installation de votre monte-escaliers \u00e0 Grenoble.\" \/>\n<meta property=\"og:url\" content=\"https:\/\/www.monteescalier.net\/france\/monte-escalier-grenoble\/\" \/>\n<meta property=\"og:site_name\" content=\"Monte escalier\" \/>\n<meta property=\"article:modified_time\" content=\"2021-11-08T16:47:32+00:00\" \/>\n<meta name=\"twitter:card\" content=\"summary_large_image\" \/>\n<meta name=\"twitter:label1\" content=\"Dur\u00e9e de lecture estim\u00e9e\" \/>\n\t<meta name=\"twitter:data1\" content=\"3 minutes\" \/>\n<script type=\"application\/ld+json\" class=\"yoast-schema-graph\">{\"@context\":\"https:\/\/schema.org\",\"@graph\":[{\"@type\":\"WebPage\",\"@id\":\"https:\/\/www.monteescalier.net\/france\/monte-escalier-grenoble\/\",\"url\":\"https:\/\/www.monteescalier.net\/france\/monte-escalier-grenoble\/\",\"name\":\"Monte escalier Grenoble - Monte escalier\",\"isPartOf\":{\"@id\":\"https:\/\/www.monteescalier.net\/france\/#website\"},\"datePublished\":\"2021-03-26T09:47:10+00:00\",\"dateModified\":\"2021-11-08T16:47:32+00:00\",\"description\":\"Trouvez une entreprise pour r\u00e9aliser l'installation de votre monte-escaliers \u00e0 Grenoble.\",\"breadcrumb\":{\"@id\":\"https:\/\/www.monteescalier.net\/france\/monte-escalier-grenoble\/#breadcrumb\"},\"inLanguage\":\"fr-FR\",\"potentialAction\":[{\"@type\":\"ReadAction\",\"target\":[\"https:\/\/www.monteescalier.net\/france\/monte-escalier-grenoble\/\"]}]},{\"@type\":\"BreadcrumbList\",\"@id\":\"https:\/\/www.monteescalier.net\/france\/monte-escalier-grenoble\/#breadcrumb\",\"itemListElement\":[{\"@type\":\"ListItem\",\"position\":1,\"name\":\"Accueil\",\"item\":\"https:\/\/www.monteescalier.net\/france\/\"},{\"@type\":\"ListItem\",\"position\":2,\"name\":\"Monte escalier Grenoble\"}]},{\"@type\":\"WebSite\",\"@id\":\"https:\/\/www.monteescalier.net\/france\/#website\",\"url\":\"https:\/\/www.monteescalier.net\/france\/\",\"name\":\"Monte escalier\",\"description\":\"\",\"publisher\":{\"@id\":\"https:\/\/www.monteescalier.net\/france\/#organization\"},\"potentialAction\":[{\"@type\":\"SearchAction\",\"target\":{\"@type\":\"EntryPoint\",\"urlTemplate\":\"https:\/\/www.monteescalier.net\/france\/?s={search_term_string}\"},\"query-input\":{\"@type\":\"PropertyValueSpecification\",\"valueRequired\":true,\"valueName\":\"search_term_string\"}}],\"inLanguage\":\"fr-FR\"},{\"@type\":\"Organization\",\"@id\":\"https:\/\/www.monteescalier.net\/france\/#organization\",\"name\":\"monte-escalier.net\",\"url\":\"https:\/\/www.monteescalier.net\/france\/\",\"logo\":{\"@type\":\"ImageObject\",\"inLanguage\":\"fr-FR\",\"@id\":\"https:\/\/www.monteescalier.net\/france\/#\/schema\/logo\/image\/\",\"url\":\"https:\/\/www.monteescalier.net\/france\/wp-content\/uploads\/2016\/10\/4devis-mont-escalier-500-500.gif\",\"contentUrl\":\"https:\/\/www.monteescalier.net\/france\/wp-content\/uploads\/2016\/10\/4devis-mont-escalier-500-500.gif\",\"width\":500,\"height\":500,\"caption\":\"monte-escalier.net\"},\"image\":{\"@id\":\"https:\/\/www.monteescalier.net\/france\/#\/schema\/logo\/image\/\"}}]}<\/script>\n<!-- \/ Yoast SEO plugin. -->","yoast_head_json":{"title":"Monte escalier Grenoble - Monte escalier","description":"Trouvez une entreprise pour r\u00e9aliser l'installation de votre monte-escaliers \u00e0 Grenoble.","robots":{"index":"index","follow":"follow","max-snippet":"max-snippet:-1","max-image-preview":"max-image-preview:large","max-video-preview":"max-video-preview:-1"},"canonical":"https:\/\/www.monteescalier.net\/france\/monte-escalier-grenoble\/","og_locale":"fr_FR","og_type":"article","og_title":"Monte escalier Grenoble - Monte escalier","og_description":"Trouvez une entreprise pour r\u00e9aliser l'installation de votre monte-escaliers \u00e0 Grenoble.","og_url":"https:\/\/www.monteescalier.net\/france\/monte-escalier-grenoble\/","og_site_name":"Monte escalier","article_modified_time":"2021-11-08T16:47:32+00:00","twitter_card":"summary_large_image","twitter_misc":{"Dur\u00e9e de lecture estim\u00e9e":"3 minutes"},"schema":{"@context":"https:\/\/schema.org","@graph":[{"@type":"WebPage","@id":"https:\/\/www.monteescalier.net\/france\/monte-escalier-grenoble\/","url":"https:\/\/www.monteescalier.net\/france\/monte-escalier-grenoble\/","name":"Monte escalier Grenoble - Monte escalier","isPartOf":{"@id":"https:\/\/www.monteescalier.net\/france\/#website"},"datePublished":"2021-03-26T09:47:10+00:00","dateModified":"2021-11-08T16:47:32+00:00","description":"Trouvez une entreprise pour r\u00e9aliser l'installation de votre monte-escaliers \u00e0 Grenoble.","breadcrumb":{"@id":"https:\/\/www.monteescalier.net\/france\/monte-escalier-grenoble\/#breadcrumb"},"inLanguage":"fr-FR","potentialAction":[{"@type":"ReadAction","target":["https:\/\/www.monteescalier.net\/france\/monte-escalier-grenoble\/"]}]},{"@type":"BreadcrumbList","@id":"https:\/\/www.monteescalier.net\/france\/monte-escalier-grenoble\/#breadcrumb","itemListElement":[{"@type":"ListItem","position":1,"name":"Accueil","item":"https:\/\/www.monteescalier.net\/france\/"},{"@type":"ListItem","position":2,"name":"Monte escalier Grenoble"}]},{"@type":"WebSite","@id":"https:\/\/www.monteescalier.net\/france\/#website","url":"https:\/\/www.monteescalier.net\/france\/","name":"Monte escalier","description":"","publisher":{"@id":"https:\/\/www.monteescalier.net\/france\/#organization"},"potentialAction":[{"@type":"SearchAction","target":{"@type":"EntryPoint","urlTemplate":"https:\/\/www.monteescalier.net\/france\/?s={search_term_string}"},"query-input":{"@type":"PropertyValueSpecification","valueRequired":true,"valueName":"search_term_string"}}],"inLanguage":"fr-FR"},{"@type":"Organization","@id":"https:\/\/www.monteescalier.net\/france\/#organization","name":"monte-escalier.net","url":"https:\/\/www.monteescalier.net\/france\/","logo":{"@type":"ImageObject","inLanguage":"fr-FR","@id":"https:\/\/www.monteescalier.net\/france\/#\/schema\/logo\/image\/","url":"https:\/\/www.monteescalier.net\/france\/wp-content\/uploads\/2016\/10\/4devis-mont-escalier-500-500.gif","contentUrl":"https:\/\/www.monteescalier.net\/france\/wp-content\/uploads\/2016\/10\/4devis-mont-escalier-500-500.gif","width":500,"height":500,"caption":"monte-escalier.net"},"image":{"@id":"https:\/\/www.monteescalier.net\/france\/#\/schema\/logo\/image\/"}}]}},"_links":{"self":[{"href":"https:\/\/www.monteescalier.net\/france\/wp-json\/wp\/v2\/pages\/927","targetHints":{"allow":["GET"]}}],"collection":[{"href":"https:\/\/www.monteescalier.net\/france\/wp-json\/wp\/v2\/pages"}],"about":[{"href":"https:\/\/www.monteescalier.net\/france\/wp-json\/wp\/v2\/types\/page"}],"author":[{"embeddable":true,"href":"https:\/\/www.monteescalier.net\/france\/wp-json\/wp\/v2\/users\/1"}],"replies":[{"embeddable":true,"href":"https:\/\/www.monteescalier.net\/france\/wp-json\/wp\/v2\/comments?post=927"}],"version-history":[{"count":4,"href":"https:\/\/www.monteescalier.net\/france\/wp-json\/wp\/v2\/pages\/927\/revisions"}],"predecessor-version":[{"id":7515,"href":"https:\/\/www.monteescalier.net\/france\/wp-json\/wp\/v2\/pages\/927\/revisions\/7515"}],"wp:attachment":[{"href":"https:\/\/www.monteescalier.net\/france\/wp-json\/wp\/v2\/media?parent=927"}],"curies":[{"name":"wp","href":"https:\/\/api.w.org\/{rel}","templated":true}]}}