{"id":928,"date":"2021-09-26T10:47:10","date_gmt":"2021-09-26T09:47:10","guid":{"rendered":"https:\/\/www.monteescalier.net\/france\/?page_id=928"},"modified":"2024-11-28T18:49:21","modified_gmt":"2024-11-28T17:49:21","slug":"monte-escalier-dijon","status":"publish","type":"page","link":"https:\/\/www.monteescalier.net\/france\/monte-escalier-dijon\/","title":{"rendered":"Monte escalier Dijon"},"content":{"rendered":"<h1>Quel installateur contacter pour poser un monte escalier \u00e0 Dijon en C\u00f4te d&rsquo;Or<\/h1>\n<div class=\"boite_texte\">\n<pre style=\"text-align: justify;\">M.A.J. le 05\/01\/2020<\/pre>\n<div style=\"text-align: justify;\"><\/div>\n<div style=\"text-align: justify;\">Vous d\u00e9sirez faire installer un monte escalier \u00e0 Dijon,\u00a0mais vous ne savez pas \u00e0 quel installateur de monte escalier vous adresser? Laissez-nous vous guider dans le choix tr\u00e8s important de votre installateur. D&rsquo;abord sachez que les installateurs de monte escalier ne manquent pas en Bourgogne. L&rsquo;offre est large aussi bien au niveau des mod\u00e8les propos\u00e9s que de ceux qui se proposent de vous les installer.<\/div>\n<h2>Vous aider \u00e0 trouver votre installateur de monte escalier \u00e0 Dijon<\/h2>\n<div style=\"text-align: justify;\">C&rsquo;est la mission que s&rsquo;est donn\u00e9 notre site <a href=\"https:\/\/www.monteescalier.net\">Monteescalier.net<\/a> : parce que nous avons d\u00e9j\u00e0 mis en relation des centaines d&rsquo;acheteurs avec des professionnels du monte escalier, nous avons une exp\u00e9rience unique en mati\u00e8re de mise en relation. Nous savons vers quels prestataires vous pouvez aller sans vous tromper et nous savons aussi vers chez qui il est pr\u00e9f\u00e9rable que vous n&rsquo;alliez pas achet\u00e9 votre monte escalier : ce n&rsquo;est que notre avis, certes, mais pensez \u00e0 ceux qui nous ont d\u00e9j\u00e0 fait confiance. Nous avons \u00e9tabli une s\u00e9lection de prestataires desservant le d\u00e9partement de la c\u00f4te d&rsquo;Or et Dijon et son agglom\u00e9ration en particulier et ce que nous vous proposons est simple : vous mettre en contact direct avec ces installateurs r\u00e9put\u00e9s sur la place de Dijon.<\/div>\n<h2>\u00a0Notre service d&rsquo;aide \u00e0 l&rsquo;achat de monte escalier<\/h2>\n<div style=\"text-align: justify;\">Comment mieux comparer qu&rsquo;en examinant des propositions concr\u00e8tes ? C&rsquo;est le principal service que nous vous proposons, et c&rsquo;est totalement gratuit. Que ce soit aujourd&rsquo;hui, demain ou une fois que vous aurez pass\u00e9 commande de votre monte escalier, \u00e0 aucun de ces moments nous ne vous facturerons quoi que ce soit : vous faites une\u00a0seule demande de devis sur notre site et vous obtiendrez plusieurs devis de diff\u00e9rents prestataires vous proposant diff\u00e9rents mod\u00e8les de monte escalier. Car nous allons imm\u00e9diatement communiquer votre besoin aux prestataires que nous avons s\u00e9lectionn\u00e9 en r\u00e9gion Bourgogne afin que ceux vous fassent parvenir chacun un devis et une \u00e9tude personnalis\u00e9e.<\/div>\n<h3>\u00a0La demande de rappel : tr\u00e8s pratique pour l&rsquo;avant vente !<\/h3>\n<div style=\"text-align: justify;\">Un seul formulaire \u00e0 compl\u00e9ter pour \u00eatre rappel\u00e9 par des professionnels du monte escalier, c&rsquo;est le deuxi\u00e8me service totalement gratuit que nous vous proposons avec la demande de rappel. C&rsquo;est la garantie d&rsquo;\u00eatre rappel\u00e9 tr\u00e8s vite par plusieurs installateurs de monte escalier qui pourront ainsi apporter des solutions individualis\u00e9es aux questions que vous vous posez certainement, en particulier les questions techniques : votre escalier est-il \u00ab\u00a0comptatible\u00a0\u00bb avec un monte escalier ? combien de temps durent les travaux? A quelles aides financi\u00e8res pouvez-vous pr\u00e9tendre? etc&#8230;<\/div>\n<h3>\u00a0Chez monteescalier.net : tout est gratuit !<\/h3>\n<p>Tous les services propos\u00e9s par ce site sont enti\u00e8rement gratuits et sans obligation d&rsquo;achat. Nous sommes un service de mise en relation. Vous serez mis en contact directement avec nos partenaires vendeurs de monte escalier et vous discuterez en direct avec eux. Vous \u00eates totalement libres de n\u00e9gocier et de signer ou pas avec un des prestataires avec lequel nous vous avons mis en relation.<\/p>\n<p>&nbsp;<\/p>\n<\/div>\n<div class=\"titre_liens\">Nos autres services de monte escalier autour de Dijon dans le d\u00e9partement de la C\u00f4te d&rsquo;Or<\/div>\n<div class=\"boite_liens\"><a href=\"https:\/\/www.monteescalier.net\/france\/monte-escalier-beaune\">Monte escalier Beaune<\/a><br \/>\n<a href=\"https:\/\/www.monteescalier.net\/france\/monte-escalier-chenove\">Monte escalier Chen\u00f4ve<\/a><br \/>\n<a href=\"https:\/\/www.monteescalier.net\/france\/monte-escalier-talant\">Monte escalier Talant<\/a><br \/>\n<a href=\"https:\/\/www.monteescalier.net\/france\/monte-escalier-chevigny-saint-sauveur\">Monte escalier Chevigny-Saint-Sauveur<\/a><br \/>\n<a href=\"https:\/\/www.monteescalier.net\/france\/monte-escalier-quetigny\">Monte escalier Quetigny<\/a><\/div>\n","protected":false},"excerpt":{"rendered":"<p>Quel installateur contacter pour poser un monte escalier \u00e0 Dijon en C\u00f4te d&rsquo;Or M.A.J. le 05\/01\/2020 Vous d\u00e9sirez faire installer un monte escalier \u00e0 Dijon,\u00a0mais vous ne savez pas \u00e0 quel installateur de monte escalier vous adresser? Laissez-nous vous guider dans le choix tr\u00e8s important de votre installateur. D&rsquo;abord sachez que les installateurs de monte [&hellip;]<\/p>\n","protected":false},"author":1,"featured_media":0,"parent":0,"menu_order":0,"comment_status":"closed","ping_status":"open","template":"template_ville_20.php","meta":{"_monsterinsights_skip_tracking":false,"_monsterinsights_sitenote_active":false,"_monsterinsights_sitenote_note":"","_monsterinsights_sitenote_category":0,"footnotes":""},"class_list":["post-928","page","type-page","status-publish","hentry"],"yoast_head":"<!-- This site is optimized with the Yoast SEO plugin v26.3 - https:\/\/yoast.com\/wordpress\/plugins\/seo\/ -->\n<title>Monte escalier Dijon - Monte escalier<\/title>\n<meta name=\"description\" content=\"Trouvez un partenaires installeurs comp\u00e9tent pour r\u00e9aliser l&#039;installation de votre monte-escaliers \u00e0 Dijon\" \/>\n<meta name=\"robots\" content=\"index, follow, max-snippet:-1, max-image-preview:large, max-video-preview:-1\" \/>\n<link rel=\"canonical\" href=\"https:\/\/www.monteescalier.net\/france\/monte-escalier-dijon\/\" \/>\n<meta property=\"og:locale\" content=\"fr_FR\" \/>\n<meta property=\"og:type\" content=\"article\" \/>\n<meta property=\"og:title\" content=\"Monte escalier Dijon - Monte escalier\" \/>\n<meta property=\"og:description\" content=\"Trouvez un partenaires installeurs comp\u00e9tent pour r\u00e9aliser l&#039;installation de votre monte-escaliers \u00e0 Dijon\" \/>\n<meta property=\"og:url\" content=\"https:\/\/www.monteescalier.net\/france\/monte-escalier-dijon\/\" \/>\n<meta property=\"og:site_name\" content=\"Monte escalier\" \/>\n<meta property=\"article:modified_time\" content=\"2024-11-28T17:49:21+00:00\" \/>\n<meta name=\"twitter:card\" content=\"summary_large_image\" \/>\n<meta name=\"twitter:label1\" content=\"Dur\u00e9e de lecture estim\u00e9e\" \/>\n\t<meta name=\"twitter:data1\" content=\"3 minutes\" \/>\n<script type=\"application\/ld+json\" class=\"yoast-schema-graph\">{\"@context\":\"https:\/\/schema.org\",\"@graph\":[{\"@type\":\"WebPage\",\"@id\":\"https:\/\/www.monteescalier.net\/france\/monte-escalier-dijon\/\",\"url\":\"https:\/\/www.monteescalier.net\/france\/monte-escalier-dijon\/\",\"name\":\"Monte escalier Dijon - Monte escalier\",\"isPartOf\":{\"@id\":\"https:\/\/www.monteescalier.net\/france\/#website\"},\"datePublished\":\"2021-09-26T09:47:10+00:00\",\"dateModified\":\"2024-11-28T17:49:21+00:00\",\"description\":\"Trouvez un partenaires installeurs comp\u00e9tent pour r\u00e9aliser l'installation de votre monte-escaliers \u00e0 Dijon\",\"breadcrumb\":{\"@id\":\"https:\/\/www.monteescalier.net\/france\/monte-escalier-dijon\/#breadcrumb\"},\"inLanguage\":\"fr-FR\",\"potentialAction\":[{\"@type\":\"ReadAction\",\"target\":[\"https:\/\/www.monteescalier.net\/france\/monte-escalier-dijon\/\"]}]},{\"@type\":\"BreadcrumbList\",\"@id\":\"https:\/\/www.monteescalier.net\/france\/monte-escalier-dijon\/#breadcrumb\",\"itemListElement\":[{\"@type\":\"ListItem\",\"position\":1,\"name\":\"Accueil\",\"item\":\"https:\/\/www.monteescalier.net\/france\/\"},{\"@type\":\"ListItem\",\"position\":2,\"name\":\"Monte escalier Dijon\"}]},{\"@type\":\"WebSite\",\"@id\":\"https:\/\/www.monteescalier.net\/france\/#website\",\"url\":\"https:\/\/www.monteescalier.net\/france\/\",\"name\":\"Monte escalier\",\"description\":\"\",\"publisher\":{\"@id\":\"https:\/\/www.monteescalier.net\/france\/#organization\"},\"potentialAction\":[{\"@type\":\"SearchAction\",\"target\":{\"@type\":\"EntryPoint\",\"urlTemplate\":\"https:\/\/www.monteescalier.net\/france\/?s={search_term_string}\"},\"query-input\":{\"@type\":\"PropertyValueSpecification\",\"valueRequired\":true,\"valueName\":\"search_term_string\"}}],\"inLanguage\":\"fr-FR\"},{\"@type\":\"Organization\",\"@id\":\"https:\/\/www.monteescalier.net\/france\/#organization\",\"name\":\"monte-escalier.net\",\"url\":\"https:\/\/www.monteescalier.net\/france\/\",\"logo\":{\"@type\":\"ImageObject\",\"inLanguage\":\"fr-FR\",\"@id\":\"https:\/\/www.monteescalier.net\/france\/#\/schema\/logo\/image\/\",\"url\":\"https:\/\/www.monteescalier.net\/france\/wp-content\/uploads\/2016\/10\/4devis-mont-escalier-500-500.gif\",\"contentUrl\":\"https:\/\/www.monteescalier.net\/france\/wp-content\/uploads\/2016\/10\/4devis-mont-escalier-500-500.gif\",\"width\":500,\"height\":500,\"caption\":\"monte-escalier.net\"},\"image\":{\"@id\":\"https:\/\/www.monteescalier.net\/france\/#\/schema\/logo\/image\/\"}}]}<\/script>\n<!-- \/ Yoast SEO plugin. -->","yoast_head_json":{"title":"Monte escalier Dijon - Monte escalier","description":"Trouvez un partenaires installeurs comp\u00e9tent pour r\u00e9aliser l'installation de votre monte-escaliers \u00e0 Dijon","robots":{"index":"index","follow":"follow","max-snippet":"max-snippet:-1","max-image-preview":"max-image-preview:large","max-video-preview":"max-video-preview:-1"},"canonical":"https:\/\/www.monteescalier.net\/france\/monte-escalier-dijon\/","og_locale":"fr_FR","og_type":"article","og_title":"Monte escalier Dijon - Monte escalier","og_description":"Trouvez un partenaires installeurs comp\u00e9tent pour r\u00e9aliser l'installation de votre monte-escaliers \u00e0 Dijon","og_url":"https:\/\/www.monteescalier.net\/france\/monte-escalier-dijon\/","og_site_name":"Monte escalier","article_modified_time":"2024-11-28T17:49:21+00:00","twitter_card":"summary_large_image","twitter_misc":{"Dur\u00e9e de lecture estim\u00e9e":"3 minutes"},"schema":{"@context":"https:\/\/schema.org","@graph":[{"@type":"WebPage","@id":"https:\/\/www.monteescalier.net\/france\/monte-escalier-dijon\/","url":"https:\/\/www.monteescalier.net\/france\/monte-escalier-dijon\/","name":"Monte escalier Dijon - Monte escalier","isPartOf":{"@id":"https:\/\/www.monteescalier.net\/france\/#website"},"datePublished":"2021-09-26T09:47:10+00:00","dateModified":"2024-11-28T17:49:21+00:00","description":"Trouvez un partenaires installeurs comp\u00e9tent pour r\u00e9aliser l'installation de votre monte-escaliers \u00e0 Dijon","breadcrumb":{"@id":"https:\/\/www.monteescalier.net\/france\/monte-escalier-dijon\/#breadcrumb"},"inLanguage":"fr-FR","potentialAction":[{"@type":"ReadAction","target":["https:\/\/www.monteescalier.net\/france\/monte-escalier-dijon\/"]}]},{"@type":"BreadcrumbList","@id":"https:\/\/www.monteescalier.net\/france\/monte-escalier-dijon\/#breadcrumb","itemListElement":[{"@type":"ListItem","position":1,"name":"Accueil","item":"https:\/\/www.monteescalier.net\/france\/"},{"@type":"ListItem","position":2,"name":"Monte escalier Dijon"}]},{"@type":"WebSite","@id":"https:\/\/www.monteescalier.net\/france\/#website","url":"https:\/\/www.monteescalier.net\/france\/","name":"Monte escalier","description":"","publisher":{"@id":"https:\/\/www.monteescalier.net\/france\/#organization"},"potentialAction":[{"@type":"SearchAction","target":{"@type":"EntryPoint","urlTemplate":"https:\/\/www.monteescalier.net\/france\/?s={search_term_string}"},"query-input":{"@type":"PropertyValueSpecification","valueRequired":true,"valueName":"search_term_string"}}],"inLanguage":"fr-FR"},{"@type":"Organization","@id":"https:\/\/www.monteescalier.net\/france\/#organization","name":"monte-escalier.net","url":"https:\/\/www.monteescalier.net\/france\/","logo":{"@type":"ImageObject","inLanguage":"fr-FR","@id":"https:\/\/www.monteescalier.net\/france\/#\/schema\/logo\/image\/","url":"https:\/\/www.monteescalier.net\/france\/wp-content\/uploads\/2016\/10\/4devis-mont-escalier-500-500.gif","contentUrl":"https:\/\/www.monteescalier.net\/france\/wp-content\/uploads\/2016\/10\/4devis-mont-escalier-500-500.gif","width":500,"height":500,"caption":"monte-escalier.net"},"image":{"@id":"https:\/\/www.monteescalier.net\/france\/#\/schema\/logo\/image\/"}}]}},"_links":{"self":[{"href":"https:\/\/www.monteescalier.net\/france\/wp-json\/wp\/v2\/pages\/928","targetHints":{"allow":["GET"]}}],"collection":[{"href":"https:\/\/www.monteescalier.net\/france\/wp-json\/wp\/v2\/pages"}],"about":[{"href":"https:\/\/www.monteescalier.net\/france\/wp-json\/wp\/v2\/types\/page"}],"author":[{"embeddable":true,"href":"https:\/\/www.monteescalier.net\/france\/wp-json\/wp\/v2\/users\/1"}],"replies":[{"embeddable":true,"href":"https:\/\/www.monteescalier.net\/france\/wp-json\/wp\/v2\/comments?post=928"}],"version-history":[{"count":8,"href":"https:\/\/www.monteescalier.net\/france\/wp-json\/wp\/v2\/pages\/928\/revisions"}],"predecessor-version":[{"id":8759,"href":"https:\/\/www.monteescalier.net\/france\/wp-json\/wp\/v2\/pages\/928\/revisions\/8759"}],"wp:attachment":[{"href":"https:\/\/www.monteescalier.net\/france\/wp-json\/wp\/v2\/media?parent=928"}],"curies":[{"name":"wp","href":"https:\/\/api.w.org\/{rel}","templated":true}]}}