{"id":93,"date":"2024-02-15T10:28:22","date_gmt":"2024-02-15T09:28:22","guid":{"rendered":"https:\/\/www.monteescalier.net\/monteescalier\/?page_id=93"},"modified":"2024-05-15T17:02:05","modified_gmt":"2024-05-15T16:02:05","slug":"monte-escalier-sarthe","status":"publish","type":"page","link":"https:\/\/www.monteescalier.net\/france\/monte-escalier-sarthe\/","title":{"rendered":"Monte escalier Sarthe, Le Mans"},"content":{"rendered":"<div class='content-column one_half'><div style=\"padding-right:19px;\"><h1>Faire installer un monte escalier dans la Sarthe<\/h1>\n<p><b>Des experts partenaires dans votre d\u00e9partement :<\/b><br \/>\n<a href=\"https:\/\/www.monteescalier.net\/france\/monte-escalier-le-mans\/\">Le monte escalier \u00e0 Le Mans<\/a><br \/>\n<a href=\"https:\/\/www.monteescalier.net\/france\/monte-escalier-mamers\/\">Le monte escalier \u00e0 Mamers<\/a><br \/>\n<a href=\"https:\/\/www.monteescalier.net\/france\/monte-escalier-la-fleche\/\">Le monte escalier \u00e0 La Fl\u00e8che<\/a><\/p>\n<p style=\"text-align: justify;\">Comment trouver le meilleur installateur de monte escalier dans la Sarthe. Avec monteescalier.net c&rsquo;est facile! Remplissez un de nos formulaires de contact et vous serez mis en relation avec les meilleurs revendeurs et fabricants de monte escaliers susceptibles d&rsquo;intervenir dans le d\u00e9partement de la Sarthe, du Mans \u00e0 la Fl\u00e8che en passant par Sabl\u00e9 sur Sarthe ou encore Alonnes.<br \/>\nAcheter un monte escalier n&rsquo;est pas une d\u00e9cision facile \u00e0 prendre. Vous avez besoin d&rsquo;un maximum d&rsquo;informations et de conseils d&rsquo;experts pour faire le bon choix du prestataire et du mod\u00e8le de monte escalier le plus adapt\u00e9 \u00e0 votre logement et \u00e0 votre budget.<\/p>\n<p style=\"text-align: justify;\">Avec monteescalier.net, des revendeurs r\u00e9put\u00e9s de monte escalier r\u00e9pondront \u00e0 toutes vos questions sur votre future installation de monte escalier : d&rsquo;un projet simple, un monte escalier droit, dans une r\u00e9sidence disposant d&rsquo;une bonne largeur d&rsquo;escalier \u00e0 un projet plus complexe, par exemple un monte escalier tournant sur plusieurs paliers avec franchissement de seuils, nos experts partenaires pourront vous guider dans vos choix et vous proposer les mod\u00e8les les plus fiables et les plus performants.<\/p>\n<p style=\"text-align: justify;\">Une seule demande vous permettra d&rsquo;obtenir plusieurs devis totalement gratuits et bien entendu sans engagement de votre part. Vous voulez \u00e9tudier diff\u00e9rentes possibilit\u00e9s et mod\u00e8les, n&rsquo;h\u00e9sitez pas \u00e0 faire une demande de documentation sur les monte escaliers. Elle vous sera exp\u00e9di\u00e9e par mail ou par courrier postal si telle est votre pr\u00e9f\u00e9rence.<\/p>\n<p style=\"text-align: justify;\">Avec monteescalier.net, vous ne recevrez d&rsquo;offres, que de prestataires pouvant intervenir dans l&rsquo;int\u00e9gralit\u00e9 du d\u00e9partement aussi bien \u00e0 Savign\u00e9-L&rsquo;Eveque, Mulsanne, Mamers et La Fert\u00e9 Bernard, ou encore Chang\u00e9, Coulaines, Arnage, Parign\u00e9-L&rsquo;Ev\u00e8que ou Ecommoy&#8230;nos partenaires vendeurs de monte escalier interviennent dans toutes les communes du d\u00e9partement de la Sarthe.<\/p>\n<p style=\"text-align: justify;\">A vous de faire le bon choix et de s\u00e9lectionner parmi les prestataires que nous vous recommandons, celui qui saura vous installer au meilleur prix le monte escalier le plus adapt\u00e9 \u00e0 votre habitation.<\/p>\n<p>&nbsp;<\/p>\n<div class=\"bouton\">Cliquez ici pour obtenir des devis gratuitement<\/div><\/div><\/div><div class='content-column one_half last_column'><a href=\"https:\/\/www.monteescalier.net\/devis-gratuit.php\" target=\"_blank\" rel=\"noopener noreferrer\"><img loading=\"lazy\" decoding=\"async\" class=\"alignnone size-full img_region\" src=\"https:\/\/www.monteescalier.net\/france\/wp-content\/uploads\/2014\/10\/4devis-monte-escalier-photo-490.png\" alt=\"Sarthe monte escalier\" width=\"507\" height=\"485\" \/><\/a><br \/>\n<img loading=\"lazy\" decoding=\"async\" class=\"alignnone size-full img_region_2\" src=\"https:\/\/www.monteescalier.net\/france\/wp-content\/uploads\/2013\/07\/sarthe.jpg\" alt=\"les monte escalier dans la Sarthe\" width=\"507\" height=\"485\" \/><\/div><div class='clear_column'><\/div><\/p>\n","protected":false},"excerpt":{"rendered":"","protected":false},"author":1,"featured_media":0,"parent":0,"menu_order":0,"comment_status":"open","ping_status":"closed","template":"template5.php","meta":{"_monsterinsights_skip_tracking":false,"_monsterinsights_sitenote_active":false,"_monsterinsights_sitenote_note":"","_monsterinsights_sitenote_category":0,"footnotes":""},"class_list":["post-93","page","type-page","status-publish","hentry"],"yoast_head":"<!-- This site is optimized with the Yoast SEO plugin v26.3 - https:\/\/yoast.com\/wordpress\/plugins\/seo\/ -->\n<title>Monte escalier Sarthe, Le Mans - Monte escalier<\/title>\n<meta name=\"description\" content=\"D\u00e9couvrez notre gamme de monte-escaliers sur Le Mans, Mamers, La Fl\u00e8che et Sarthe\" \/>\n<meta name=\"robots\" content=\"index, follow, max-snippet:-1, max-image-preview:large, max-video-preview:-1\" \/>\n<link rel=\"canonical\" href=\"https:\/\/www.monteescalier.net\/france\/monte-escalier-sarthe\/\" \/>\n<meta property=\"og:locale\" content=\"fr_FR\" \/>\n<meta property=\"og:type\" content=\"article\" \/>\n<meta property=\"og:title\" content=\"Monte escalier Sarthe, Le Mans - Monte escalier\" \/>\n<meta property=\"og:description\" content=\"D\u00e9couvrez notre gamme de monte-escaliers sur Le Mans, Mamers, La Fl\u00e8che et Sarthe\" \/>\n<meta property=\"og:url\" content=\"https:\/\/www.monteescalier.net\/france\/monte-escalier-sarthe\/\" \/>\n<meta property=\"og:site_name\" content=\"Monte escalier\" \/>\n<meta property=\"article:modified_time\" content=\"2024-05-15T16:02:05+00:00\" \/>\n<meta property=\"og:image\" content=\"https:\/\/www.monteescalier.net\/france\/wp-content\/uploads\/2014\/10\/4devis-monte-escalier-photo-490.png\" \/>\n<meta name=\"twitter:card\" content=\"summary_large_image\" \/>\n<meta name=\"twitter:label1\" content=\"Dur\u00e9e de lecture estim\u00e9e\" \/>\n\t<meta name=\"twitter:data1\" content=\"2 minutes\" \/>\n<script type=\"application\/ld+json\" class=\"yoast-schema-graph\">{\"@context\":\"https:\/\/schema.org\",\"@graph\":[{\"@type\":\"WebPage\",\"@id\":\"https:\/\/www.monteescalier.net\/france\/monte-escalier-sarthe\/\",\"url\":\"https:\/\/www.monteescalier.net\/france\/monte-escalier-sarthe\/\",\"name\":\"Monte escalier Sarthe, Le Mans - Monte escalier\",\"isPartOf\":{\"@id\":\"https:\/\/www.monteescalier.net\/france\/#website\"},\"primaryImageOfPage\":{\"@id\":\"https:\/\/www.monteescalier.net\/france\/monte-escalier-sarthe\/#primaryimage\"},\"image\":{\"@id\":\"https:\/\/www.monteescalier.net\/france\/monte-escalier-sarthe\/#primaryimage\"},\"thumbnailUrl\":\"https:\/\/www.monteescalier.net\/france\/wp-content\/uploads\/2014\/10\/4devis-monte-escalier-photo-490.png\",\"datePublished\":\"2024-02-15T09:28:22+00:00\",\"dateModified\":\"2024-05-15T16:02:05+00:00\",\"description\":\"D\u00e9couvrez notre gamme de monte-escaliers sur Le Mans, Mamers, La Fl\u00e8che et Sarthe\",\"breadcrumb\":{\"@id\":\"https:\/\/www.monteescalier.net\/france\/monte-escalier-sarthe\/#breadcrumb\"},\"inLanguage\":\"fr-FR\",\"potentialAction\":[{\"@type\":\"ReadAction\",\"target\":[\"https:\/\/www.monteescalier.net\/france\/monte-escalier-sarthe\/\"]}]},{\"@type\":\"ImageObject\",\"inLanguage\":\"fr-FR\",\"@id\":\"https:\/\/www.monteescalier.net\/france\/monte-escalier-sarthe\/#primaryimage\",\"url\":\"https:\/\/www.monteescalier.net\/france\/wp-content\/uploads\/2014\/10\/4devis-monte-escalier-photo-490.png\",\"contentUrl\":\"https:\/\/www.monteescalier.net\/france\/wp-content\/uploads\/2014\/10\/4devis-monte-escalier-photo-490.png\",\"width\":490,\"height\":267},{\"@type\":\"BreadcrumbList\",\"@id\":\"https:\/\/www.monteescalier.net\/france\/monte-escalier-sarthe\/#breadcrumb\",\"itemListElement\":[{\"@type\":\"ListItem\",\"position\":1,\"name\":\"Accueil\",\"item\":\"https:\/\/www.monteescalier.net\/france\/\"},{\"@type\":\"ListItem\",\"position\":2,\"name\":\"Monte escalier Sarthe, Le Mans\"}]},{\"@type\":\"WebSite\",\"@id\":\"https:\/\/www.monteescalier.net\/france\/#website\",\"url\":\"https:\/\/www.monteescalier.net\/france\/\",\"name\":\"Monte escalier\",\"description\":\"\",\"publisher\":{\"@id\":\"https:\/\/www.monteescalier.net\/france\/#organization\"},\"potentialAction\":[{\"@type\":\"SearchAction\",\"target\":{\"@type\":\"EntryPoint\",\"urlTemplate\":\"https:\/\/www.monteescalier.net\/france\/?s={search_term_string}\"},\"query-input\":{\"@type\":\"PropertyValueSpecification\",\"valueRequired\":true,\"valueName\":\"search_term_string\"}}],\"inLanguage\":\"fr-FR\"},{\"@type\":\"Organization\",\"@id\":\"https:\/\/www.monteescalier.net\/france\/#organization\",\"name\":\"monte-escalier.net\",\"url\":\"https:\/\/www.monteescalier.net\/france\/\",\"logo\":{\"@type\":\"ImageObject\",\"inLanguage\":\"fr-FR\",\"@id\":\"https:\/\/www.monteescalier.net\/france\/#\/schema\/logo\/image\/\",\"url\":\"https:\/\/www.monteescalier.net\/france\/wp-content\/uploads\/2016\/10\/4devis-mont-escalier-500-500.gif\",\"contentUrl\":\"https:\/\/www.monteescalier.net\/france\/wp-content\/uploads\/2016\/10\/4devis-mont-escalier-500-500.gif\",\"width\":500,\"height\":500,\"caption\":\"monte-escalier.net\"},\"image\":{\"@id\":\"https:\/\/www.monteescalier.net\/france\/#\/schema\/logo\/image\/\"}}]}<\/script>\n<!-- \/ Yoast SEO plugin. -->","yoast_head_json":{"title":"Monte escalier Sarthe, Le Mans - Monte escalier","description":"D\u00e9couvrez notre gamme de monte-escaliers sur Le Mans, Mamers, La Fl\u00e8che et Sarthe","robots":{"index":"index","follow":"follow","max-snippet":"max-snippet:-1","max-image-preview":"max-image-preview:large","max-video-preview":"max-video-preview:-1"},"canonical":"https:\/\/www.monteescalier.net\/france\/monte-escalier-sarthe\/","og_locale":"fr_FR","og_type":"article","og_title":"Monte escalier Sarthe, Le Mans - Monte escalier","og_description":"D\u00e9couvrez notre gamme de monte-escaliers sur Le Mans, Mamers, La Fl\u00e8che et Sarthe","og_url":"https:\/\/www.monteescalier.net\/france\/monte-escalier-sarthe\/","og_site_name":"Monte escalier","article_modified_time":"2024-05-15T16:02:05+00:00","og_image":[{"url":"https:\/\/www.monteescalier.net\/france\/wp-content\/uploads\/2014\/10\/4devis-monte-escalier-photo-490.png","type":"","width":"","height":""}],"twitter_card":"summary_large_image","twitter_misc":{"Dur\u00e9e de lecture estim\u00e9e":"2 minutes"},"schema":{"@context":"https:\/\/schema.org","@graph":[{"@type":"WebPage","@id":"https:\/\/www.monteescalier.net\/france\/monte-escalier-sarthe\/","url":"https:\/\/www.monteescalier.net\/france\/monte-escalier-sarthe\/","name":"Monte escalier Sarthe, Le Mans - Monte escalier","isPartOf":{"@id":"https:\/\/www.monteescalier.net\/france\/#website"},"primaryImageOfPage":{"@id":"https:\/\/www.monteescalier.net\/france\/monte-escalier-sarthe\/#primaryimage"},"image":{"@id":"https:\/\/www.monteescalier.net\/france\/monte-escalier-sarthe\/#primaryimage"},"thumbnailUrl":"https:\/\/www.monteescalier.net\/france\/wp-content\/uploads\/2014\/10\/4devis-monte-escalier-photo-490.png","datePublished":"2024-02-15T09:28:22+00:00","dateModified":"2024-05-15T16:02:05+00:00","description":"D\u00e9couvrez notre gamme de monte-escaliers sur Le Mans, Mamers, La Fl\u00e8che et Sarthe","breadcrumb":{"@id":"https:\/\/www.monteescalier.net\/france\/monte-escalier-sarthe\/#breadcrumb"},"inLanguage":"fr-FR","potentialAction":[{"@type":"ReadAction","target":["https:\/\/www.monteescalier.net\/france\/monte-escalier-sarthe\/"]}]},{"@type":"ImageObject","inLanguage":"fr-FR","@id":"https:\/\/www.monteescalier.net\/france\/monte-escalier-sarthe\/#primaryimage","url":"https:\/\/www.monteescalier.net\/france\/wp-content\/uploads\/2014\/10\/4devis-monte-escalier-photo-490.png","contentUrl":"https:\/\/www.monteescalier.net\/france\/wp-content\/uploads\/2014\/10\/4devis-monte-escalier-photo-490.png","width":490,"height":267},{"@type":"BreadcrumbList","@id":"https:\/\/www.monteescalier.net\/france\/monte-escalier-sarthe\/#breadcrumb","itemListElement":[{"@type":"ListItem","position":1,"name":"Accueil","item":"https:\/\/www.monteescalier.net\/france\/"},{"@type":"ListItem","position":2,"name":"Monte escalier Sarthe, Le Mans"}]},{"@type":"WebSite","@id":"https:\/\/www.monteescalier.net\/france\/#website","url":"https:\/\/www.monteescalier.net\/france\/","name":"Monte escalier","description":"","publisher":{"@id":"https:\/\/www.monteescalier.net\/france\/#organization"},"potentialAction":[{"@type":"SearchAction","target":{"@type":"EntryPoint","urlTemplate":"https:\/\/www.monteescalier.net\/france\/?s={search_term_string}"},"query-input":{"@type":"PropertyValueSpecification","valueRequired":true,"valueName":"search_term_string"}}],"inLanguage":"fr-FR"},{"@type":"Organization","@id":"https:\/\/www.monteescalier.net\/france\/#organization","name":"monte-escalier.net","url":"https:\/\/www.monteescalier.net\/france\/","logo":{"@type":"ImageObject","inLanguage":"fr-FR","@id":"https:\/\/www.monteescalier.net\/france\/#\/schema\/logo\/image\/","url":"https:\/\/www.monteescalier.net\/france\/wp-content\/uploads\/2016\/10\/4devis-mont-escalier-500-500.gif","contentUrl":"https:\/\/www.monteescalier.net\/france\/wp-content\/uploads\/2016\/10\/4devis-mont-escalier-500-500.gif","width":500,"height":500,"caption":"monte-escalier.net"},"image":{"@id":"https:\/\/www.monteescalier.net\/france\/#\/schema\/logo\/image\/"}}]}},"_links":{"self":[{"href":"https:\/\/www.monteescalier.net\/france\/wp-json\/wp\/v2\/pages\/93","targetHints":{"allow":["GET"]}}],"collection":[{"href":"https:\/\/www.monteescalier.net\/france\/wp-json\/wp\/v2\/pages"}],"about":[{"href":"https:\/\/www.monteescalier.net\/france\/wp-json\/wp\/v2\/types\/page"}],"author":[{"embeddable":true,"href":"https:\/\/www.monteescalier.net\/france\/wp-json\/wp\/v2\/users\/1"}],"replies":[{"embeddable":true,"href":"https:\/\/www.monteescalier.net\/france\/wp-json\/wp\/v2\/comments?post=93"}],"version-history":[{"count":8,"href":"https:\/\/www.monteescalier.net\/france\/wp-json\/wp\/v2\/pages\/93\/revisions"}],"predecessor-version":[{"id":9128,"href":"https:\/\/www.monteescalier.net\/france\/wp-json\/wp\/v2\/pages\/93\/revisions\/9128"}],"wp:attachment":[{"href":"https:\/\/www.monteescalier.net\/france\/wp-json\/wp\/v2\/media?parent=93"}],"curies":[{"name":"wp","href":"https:\/\/api.w.org\/{rel}","templated":true}]}}