{"id":930,"date":"2021-02-26T10:47:10","date_gmt":"2021-02-26T09:47:10","guid":{"rendered":"https:\/\/www.monteescalier.net\/france\/?page_id=930"},"modified":"2021-11-09T11:21:07","modified_gmt":"2021-11-09T10:21:07","slug":"monte-escalier-le-mans","status":"publish","type":"page","link":"https:\/\/www.monteescalier.net\/france\/monte-escalier-le-mans\/","title":{"rendered":"Monte escalier Le Mans"},"content":{"rendered":"<h1>Choisir son monte escalier au\u00a0Mans<\/h1>\n<div class=\"boite_texte\">\n<pre style=\"text-align: justify;\">Cet article a \u00e9t\u00e9 actualis\u00e9 le 03\/11\/2016<\/pre>\n<div style=\"text-align: justify;\"><\/div>\n<div style=\"text-align: justify;\">Vous souhaitez \u00e9quiper votre habitation d&rsquo;un monte escalier. Vous avez fait le bon choix. En mati\u00e8re de solution d&rsquo;accessibilit\u00e9, c&rsquo;est sans aucun doute la mailleure solution pour rendre sa maison facile \u00e0 vivre mais quand on \u00e9prouve des difficult\u00e9s \u00e0 se d\u00e9placer ou lorsque l&rsquo;on a par exemple des probl\u00e8mes d&rsquo;\u00e9quilibre et de vertige. Trouver un installateur de monte escalier au Mans ne sera pas tr\u00e8s difficile. Comme dans toutes les grandes villes, on trouve de nombreux professionnels capables d&rsquo;installer ce type d&rsquo;\u00e9quipement, soit via des r\u00e9seaux de distribution, soit en tant que repr\u00e9sentant de grandes marques nationales, soit aupr\u00e8s d&rsquo;artisans qui commercialisent librement les mod\u00e8les de leur choix (le plus souvent des marques anglaises de monte escalier, du mat\u00e9riel fiable et performant.<\/div>\n<h2>\u00a0Comment faire son choix entre les diff\u00e9rents installateurs de monte escalier<\/h2>\n<div style=\"text-align: justify;\">Cette profusion d&rsquo;offres ne doit pas vous faire peur. Il va simplement falloir vous organiser afin de faire les meilleurs choix, et si possible, sur des crit\u00e8res objectifs tels que la qualit\u00e9 du service, la qualit\u00e9 du conseil, le rapport qualit\u00e9 prix et le niveau de garantie. Mais il reste imp\u00e9ratif dans tous les cas, de demander \u00e0 plusieurs prestataires de vous faire une offre pr\u00e9cise. C&rsquo;est justement le r\u00f4le de monteescalier.net d&rsquo;essayer de vous faciliter ce travail de s\u00e9lection, en vous \u00e9vitant d&rsquo;aller \u00e0 la p\u00eache aux prestataires et aux devis gratuits, bref, en vous d\u00e9chargeant de la t\u00e2che de pr\u00e9selectionner les installateurs de monte escalier au Mans.<\/div>\n<div style=\"text-align: justify;\"><\/div>\n<div style=\"text-align: justify;\">Monteescalier.net est un portail mettant en rapport les acheteurs de monte escalier et les vendeurs de monte escalier. A ce titre, nous avons une grande exp\u00e9rience, puisque nous avons d\u00e9j\u00e0 mis en relation avec succ\u00e8s des centaines de clients avec les installateurs de monte escalier \u00e0 la fois au Mans mais bien s\u00fbr aussi dans toute la France.<\/div>\n<div style=\"text-align: justify;\">Pour choisir votre revendeur de monte escalier au Mans, le plus facile est de pouvoir disposer de plusieurs devis \u00e9manant de diff\u00e9rentes soci\u00e9t\u00e9s. C&rsquo;est justement ce que nous vous proposons, mais en plus nous pr\u00e9selectionnons les entreprises qui vont vous r\u00e9pondre afin que vous ne crouliez pas sous les demandes. Remplissez une demande de devis et nos partenaires vous feront chacun leur meilleure offre pour votre monte escalier au Mans.<\/div>\n<p>&nbsp;<\/p>\n<div align=\"center\">\n<div id=\"attachment_6806\" style=\"width: 310px\" class=\"wp-caption aligncenter\"><a href=\"https:\/\/www.monteescalier.net\/france\/wp-content\/uploads\/2013\/09\/lemans-lacathedrale.jpg\"><img loading=\"lazy\" decoding=\"async\" aria-describedby=\"caption-attachment-6806\" class=\"size-medium wp-image-6806\" src=\"https:\/\/www.monteescalier.net\/france\/wp-content\/uploads\/2013\/09\/lemans-lacathedrale-300x199.jpg\" alt=\"La Cath\u00e9drale du Mans\" width=\"300\" height=\"199\" srcset=\"https:\/\/www.monteescalier.net\/france\/wp-content\/uploads\/2013\/09\/lemans-lacathedrale-300x199.jpg 300w, https:\/\/www.monteescalier.net\/france\/wp-content\/uploads\/2013\/09\/lemans-lacathedrale-1024x680.jpg 1024w, https:\/\/www.monteescalier.net\/france\/wp-content\/uploads\/2013\/09\/lemans-lacathedrale.jpg 1280w\" sizes=\"auto, (max-width: 300px) 100vw, 300px\" \/><\/a><p id=\"caption-attachment-6806\" class=\"wp-caption-text\">La Cath\u00e9drale du Mans<\/p><\/div>\n<\/div>\n<div style=\"text-align: justify;\">Vous avez des questions sur l&rsquo;installation d&rsquo;un monte escalier, sur le co\u00fbt des monte escalier, sur les diff\u00e9rents mod\u00e8les, utilisez notre formulaire de demande de rappel et les professionnels du monte escalier vous rappelleront dans des d\u00e9lais tr\u00e8s courts.<\/div>\n<p>&nbsp;<\/p>\n<div style=\"text-align: justify;\">Demande de doc, demande de devis, demande de rappel sont des services totalement gratuits sur monteescalier.net, pas de co\u00fbt cach\u00e9s, pas d&rsquo;obligations. Vos demandes sont aussit\u00f4t transmises \u00e0 nos prestataires partenaires desservant la ville du Mans et la r\u00e9gion Pays de Loire. Libre \u00e0 vous de signer avec celui de votre choix, ou aucun d&rsquo;entre eux si leurs propositions ne vous conviennent pas.<\/div>\n<p>&nbsp;<\/p>\n<\/div>\n<div class=\"titre_liens\">Retrouvez les services monteescalier.net dans d&rsquo;autres villes du d\u00e9partement de la Sarthe<\/div>\n<div class=\"boite_liens\"><a href=\"https:\/\/www.monteescalier.net\/france\/monte-escalier-la-fleche\">Monte escalier La Fl\u00e8che<\/a><br \/>\n<a href=\"https:\/\/www.monteescalier.net\/france\/monte-escalier-sable-sur-sarthe\">Monte escalier Sabl\u00e9-sur-Sarthe<\/a><br \/>\n<a href=\"https:\/\/www.monteescalier.net\/france\/monte-escalier-allonnes\">Monte escalier Allonnes<\/a><br \/>\n<a href=\"https:\/\/www.monteescalier.net\/france\/monte-escalier-la-ferte-bernard\">Monte escalier La Fert\u00e9-Bernard<\/a><br \/>\n<a href=\"https:\/\/www.monteescalier.net\/france\/monte-escalier-coulaines\">Monte escalier Coulaines<\/a><\/div>\n","protected":false},"excerpt":{"rendered":"<p>Choisir son monte escalier au\u00a0Mans Cet article a \u00e9t\u00e9 actualis\u00e9 le 03\/11\/2016 Vous souhaitez \u00e9quiper votre habitation d&rsquo;un monte escalier. Vous avez fait le bon choix. En mati\u00e8re de solution d&rsquo;accessibilit\u00e9, c&rsquo;est sans aucun doute la mailleure solution pour rendre sa maison facile \u00e0 vivre mais quand on \u00e9prouve des difficult\u00e9s \u00e0 se d\u00e9placer ou [&hellip;]<\/p>\n","protected":false},"author":1,"featured_media":0,"parent":0,"menu_order":0,"comment_status":"closed","ping_status":"open","template":"","meta":{"_monsterinsights_skip_tracking":false,"_monsterinsights_sitenote_active":false,"_monsterinsights_sitenote_note":"","_monsterinsights_sitenote_category":0,"footnotes":""},"class_list":["post-930","page","type-page","status-publish","hentry"],"yoast_head":"<!-- This site is optimized with the Yoast SEO plugin v26.3 - https:\/\/yoast.com\/wordpress\/plugins\/seo\/ -->\n<title>Monte escalier Le Mans - Monte escalier<\/title>\n<meta name=\"description\" content=\"Trouvez un de nos partenaires installeurs pour r\u00e9aliser l&#039;installation de votre monte-escaliers \u00e0 Le Mans .\" \/>\n<meta name=\"robots\" content=\"index, follow, max-snippet:-1, max-image-preview:large, max-video-preview:-1\" \/>\n<link rel=\"canonical\" href=\"https:\/\/www.monteescalier.net\/france\/monte-escalier-le-mans\/\" \/>\n<meta property=\"og:locale\" content=\"fr_FR\" \/>\n<meta property=\"og:type\" content=\"article\" \/>\n<meta property=\"og:title\" content=\"Monte escalier Le Mans - Monte escalier\" \/>\n<meta property=\"og:description\" content=\"Trouvez un de nos partenaires installeurs pour r\u00e9aliser l&#039;installation de votre monte-escaliers \u00e0 Le Mans .\" \/>\n<meta property=\"og:url\" content=\"https:\/\/www.monteescalier.net\/france\/monte-escalier-le-mans\/\" \/>\n<meta property=\"og:site_name\" content=\"Monte escalier\" \/>\n<meta property=\"article:modified_time\" content=\"2021-11-09T10:21:07+00:00\" \/>\n<meta property=\"og:image\" content=\"https:\/\/www.monteescalier.net\/france\/wp-content\/uploads\/2013\/09\/lemans-lacathedrale-300x199.jpg\" \/>\n<meta name=\"twitter:card\" content=\"summary_large_image\" \/>\n<meta name=\"twitter:label1\" content=\"Dur\u00e9e de lecture estim\u00e9e\" \/>\n\t<meta name=\"twitter:data1\" content=\"3 minutes\" \/>\n<script type=\"application\/ld+json\" class=\"yoast-schema-graph\">{\"@context\":\"https:\/\/schema.org\",\"@graph\":[{\"@type\":\"WebPage\",\"@id\":\"https:\/\/www.monteescalier.net\/france\/monte-escalier-le-mans\/\",\"url\":\"https:\/\/www.monteescalier.net\/france\/monte-escalier-le-mans\/\",\"name\":\"Monte escalier Le Mans - Monte escalier\",\"isPartOf\":{\"@id\":\"https:\/\/www.monteescalier.net\/france\/#website\"},\"primaryImageOfPage\":{\"@id\":\"https:\/\/www.monteescalier.net\/france\/monte-escalier-le-mans\/#primaryimage\"},\"image\":{\"@id\":\"https:\/\/www.monteescalier.net\/france\/monte-escalier-le-mans\/#primaryimage\"},\"thumbnailUrl\":\"https:\/\/www.monteescalier.net\/france\/wp-content\/uploads\/2013\/09\/lemans-lacathedrale-300x199.jpg\",\"datePublished\":\"2021-02-26T09:47:10+00:00\",\"dateModified\":\"2021-11-09T10:21:07+00:00\",\"description\":\"Trouvez un de nos partenaires installeurs pour r\u00e9aliser l'installation de votre monte-escaliers \u00e0 Le Mans .\",\"breadcrumb\":{\"@id\":\"https:\/\/www.monteescalier.net\/france\/monte-escalier-le-mans\/#breadcrumb\"},\"inLanguage\":\"fr-FR\",\"potentialAction\":[{\"@type\":\"ReadAction\",\"target\":[\"https:\/\/www.monteescalier.net\/france\/monte-escalier-le-mans\/\"]}]},{\"@type\":\"ImageObject\",\"inLanguage\":\"fr-FR\",\"@id\":\"https:\/\/www.monteescalier.net\/france\/monte-escalier-le-mans\/#primaryimage\",\"url\":\"https:\/\/www.monteescalier.net\/france\/wp-content\/uploads\/2013\/09\/lemans-lacathedrale.jpg\",\"contentUrl\":\"https:\/\/www.monteescalier.net\/france\/wp-content\/uploads\/2013\/09\/lemans-lacathedrale.jpg\",\"width\":1280,\"height\":850,\"caption\":\"La Cath\u00e9drale du Mans\"},{\"@type\":\"BreadcrumbList\",\"@id\":\"https:\/\/www.monteescalier.net\/france\/monte-escalier-le-mans\/#breadcrumb\",\"itemListElement\":[{\"@type\":\"ListItem\",\"position\":1,\"name\":\"Accueil\",\"item\":\"https:\/\/www.monteescalier.net\/france\/\"},{\"@type\":\"ListItem\",\"position\":2,\"name\":\"Monte escalier Le Mans\"}]},{\"@type\":\"WebSite\",\"@id\":\"https:\/\/www.monteescalier.net\/france\/#website\",\"url\":\"https:\/\/www.monteescalier.net\/france\/\",\"name\":\"Monte escalier\",\"description\":\"\",\"publisher\":{\"@id\":\"https:\/\/www.monteescalier.net\/france\/#organization\"},\"potentialAction\":[{\"@type\":\"SearchAction\",\"target\":{\"@type\":\"EntryPoint\",\"urlTemplate\":\"https:\/\/www.monteescalier.net\/france\/?s={search_term_string}\"},\"query-input\":{\"@type\":\"PropertyValueSpecification\",\"valueRequired\":true,\"valueName\":\"search_term_string\"}}],\"inLanguage\":\"fr-FR\"},{\"@type\":\"Organization\",\"@id\":\"https:\/\/www.monteescalier.net\/france\/#organization\",\"name\":\"monte-escalier.net\",\"url\":\"https:\/\/www.monteescalier.net\/france\/\",\"logo\":{\"@type\":\"ImageObject\",\"inLanguage\":\"fr-FR\",\"@id\":\"https:\/\/www.monteescalier.net\/france\/#\/schema\/logo\/image\/\",\"url\":\"https:\/\/www.monteescalier.net\/france\/wp-content\/uploads\/2016\/10\/4devis-mont-escalier-500-500.gif\",\"contentUrl\":\"https:\/\/www.monteescalier.net\/france\/wp-content\/uploads\/2016\/10\/4devis-mont-escalier-500-500.gif\",\"width\":500,\"height\":500,\"caption\":\"monte-escalier.net\"},\"image\":{\"@id\":\"https:\/\/www.monteescalier.net\/france\/#\/schema\/logo\/image\/\"}}]}<\/script>\n<!-- \/ Yoast SEO plugin. -->","yoast_head_json":{"title":"Monte escalier Le Mans - Monte escalier","description":"Trouvez un de nos partenaires installeurs pour r\u00e9aliser l'installation de votre monte-escaliers \u00e0 Le Mans .","robots":{"index":"index","follow":"follow","max-snippet":"max-snippet:-1","max-image-preview":"max-image-preview:large","max-video-preview":"max-video-preview:-1"},"canonical":"https:\/\/www.monteescalier.net\/france\/monte-escalier-le-mans\/","og_locale":"fr_FR","og_type":"article","og_title":"Monte escalier Le Mans - Monte escalier","og_description":"Trouvez un de nos partenaires installeurs pour r\u00e9aliser l'installation de votre monte-escaliers \u00e0 Le Mans .","og_url":"https:\/\/www.monteescalier.net\/france\/monte-escalier-le-mans\/","og_site_name":"Monte escalier","article_modified_time":"2021-11-09T10:21:07+00:00","og_image":[{"url":"https:\/\/www.monteescalier.net\/france\/wp-content\/uploads\/2013\/09\/lemans-lacathedrale-300x199.jpg","type":"","width":"","height":""}],"twitter_card":"summary_large_image","twitter_misc":{"Dur\u00e9e de lecture estim\u00e9e":"3 minutes"},"schema":{"@context":"https:\/\/schema.org","@graph":[{"@type":"WebPage","@id":"https:\/\/www.monteescalier.net\/france\/monte-escalier-le-mans\/","url":"https:\/\/www.monteescalier.net\/france\/monte-escalier-le-mans\/","name":"Monte escalier Le Mans - Monte escalier","isPartOf":{"@id":"https:\/\/www.monteescalier.net\/france\/#website"},"primaryImageOfPage":{"@id":"https:\/\/www.monteescalier.net\/france\/monte-escalier-le-mans\/#primaryimage"},"image":{"@id":"https:\/\/www.monteescalier.net\/france\/monte-escalier-le-mans\/#primaryimage"},"thumbnailUrl":"https:\/\/www.monteescalier.net\/france\/wp-content\/uploads\/2013\/09\/lemans-lacathedrale-300x199.jpg","datePublished":"2021-02-26T09:47:10+00:00","dateModified":"2021-11-09T10:21:07+00:00","description":"Trouvez un de nos partenaires installeurs pour r\u00e9aliser l'installation de votre monte-escaliers \u00e0 Le Mans .","breadcrumb":{"@id":"https:\/\/www.monteescalier.net\/france\/monte-escalier-le-mans\/#breadcrumb"},"inLanguage":"fr-FR","potentialAction":[{"@type":"ReadAction","target":["https:\/\/www.monteescalier.net\/france\/monte-escalier-le-mans\/"]}]},{"@type":"ImageObject","inLanguage":"fr-FR","@id":"https:\/\/www.monteescalier.net\/france\/monte-escalier-le-mans\/#primaryimage","url":"https:\/\/www.monteescalier.net\/france\/wp-content\/uploads\/2013\/09\/lemans-lacathedrale.jpg","contentUrl":"https:\/\/www.monteescalier.net\/france\/wp-content\/uploads\/2013\/09\/lemans-lacathedrale.jpg","width":1280,"height":850,"caption":"La Cath\u00e9drale du Mans"},{"@type":"BreadcrumbList","@id":"https:\/\/www.monteescalier.net\/france\/monte-escalier-le-mans\/#breadcrumb","itemListElement":[{"@type":"ListItem","position":1,"name":"Accueil","item":"https:\/\/www.monteescalier.net\/france\/"},{"@type":"ListItem","position":2,"name":"Monte escalier Le Mans"}]},{"@type":"WebSite","@id":"https:\/\/www.monteescalier.net\/france\/#website","url":"https:\/\/www.monteescalier.net\/france\/","name":"Monte escalier","description":"","publisher":{"@id":"https:\/\/www.monteescalier.net\/france\/#organization"},"potentialAction":[{"@type":"SearchAction","target":{"@type":"EntryPoint","urlTemplate":"https:\/\/www.monteescalier.net\/france\/?s={search_term_string}"},"query-input":{"@type":"PropertyValueSpecification","valueRequired":true,"valueName":"search_term_string"}}],"inLanguage":"fr-FR"},{"@type":"Organization","@id":"https:\/\/www.monteescalier.net\/france\/#organization","name":"monte-escalier.net","url":"https:\/\/www.monteescalier.net\/france\/","logo":{"@type":"ImageObject","inLanguage":"fr-FR","@id":"https:\/\/www.monteescalier.net\/france\/#\/schema\/logo\/image\/","url":"https:\/\/www.monteescalier.net\/france\/wp-content\/uploads\/2016\/10\/4devis-mont-escalier-500-500.gif","contentUrl":"https:\/\/www.monteescalier.net\/france\/wp-content\/uploads\/2016\/10\/4devis-mont-escalier-500-500.gif","width":500,"height":500,"caption":"monte-escalier.net"},"image":{"@id":"https:\/\/www.monteescalier.net\/france\/#\/schema\/logo\/image\/"}}]}},"_links":{"self":[{"href":"https:\/\/www.monteescalier.net\/france\/wp-json\/wp\/v2\/pages\/930","targetHints":{"allow":["GET"]}}],"collection":[{"href":"https:\/\/www.monteescalier.net\/france\/wp-json\/wp\/v2\/pages"}],"about":[{"href":"https:\/\/www.monteescalier.net\/france\/wp-json\/wp\/v2\/types\/page"}],"author":[{"embeddable":true,"href":"https:\/\/www.monteescalier.net\/france\/wp-json\/wp\/v2\/users\/1"}],"replies":[{"embeddable":true,"href":"https:\/\/www.monteescalier.net\/france\/wp-json\/wp\/v2\/comments?post=930"}],"version-history":[{"count":6,"href":"https:\/\/www.monteescalier.net\/france\/wp-json\/wp\/v2\/pages\/930\/revisions"}],"predecessor-version":[{"id":7335,"href":"https:\/\/www.monteescalier.net\/france\/wp-json\/wp\/v2\/pages\/930\/revisions\/7335"}],"wp:attachment":[{"href":"https:\/\/www.monteescalier.net\/france\/wp-json\/wp\/v2\/media?parent=930"}],"curies":[{"name":"wp","href":"https:\/\/api.w.org\/{rel}","templated":true}]}}