{"id":931,"date":"2021-05-14T10:47:10","date_gmt":"2021-05-14T09:47:10","guid":{"rendered":"https:\/\/www.monteescalier.net\/france\/?page_id=931"},"modified":"2021-11-09T11:13:21","modified_gmt":"2021-11-09T10:13:21","slug":"monte-escalier-aix-en-provence","status":"publish","type":"page","link":"https:\/\/www.monteescalier.net\/france\/monte-escalier-aix-en-provence\/","title":{"rendered":"Monte escalier Aix-en-Provence"},"content":{"rendered":"<h1>Acheter votre monte escalier \u00e0 Aix-en-Provence<\/h1>\n<div class=\"boite_texte\">\n<div style=\"text-align: justify;\">Vous souhaitez acheter pour\u00a0votre maison un monte escalier \u00e0 Aix-en-Provence, mais vous ne savez probablement \u00e0 qui vous adresser, trop de prestataires, peu d&rsquo;informations, un mat\u00e9riel que vous connaissez mal, les raisons peuvent \u00eatre nombreuses ! Rassurez-vous nous avons exactement ce qu&rsquo;il vous faut pour vous permettre de trouver le meilleur prestataire, installateur de monte escalier, et au meilleur prix, s&rsquo;il vous pla\u00eet ! Nous allons tout simplement vous mettre\u00a0en contact avec notre s\u00e9lection d&rsquo;installateurs de monte escalier dans votre r\u00e9gion. En quelques clics, et un formulaire rempli sur ce site (le formulaire juste en haut de cette page en encore <a href=\"https:\/\/www.monteescalier.net\/devis-gratuit.php\">celui-ci<\/a>) vous allez pouvoir recevoir gratuitement 4 devis pour votre installation de monte escalier.<\/div>\n<div style=\"text-align: justify;\"><\/div>\n<div style=\"text-align: justify;\">Profitez-en d\u00e8s maintenant&#8230;surtout que, comme vous allez le voir, c&rsquo;est absolument sans engagement !<\/div>\n<h2>Comment \u00e7a fonctionne pour mon monte escalier?<\/h2>\n<div style=\"text-align: justify;\">Notre site\u00a0met en contact les candidats \u00e0 l&rsquo;achat d&rsquo;un monte escalier et les vendeurs et installateurs de monte escalier. Nous ne faisons que vous mettre en relation. Vos coordonn\u00e9es ne sont pas conserv\u00e9es ni utilis\u00e9es pour tout autre usage : <strong>nous vous le garantissons<\/strong> !<\/div>\n<div style=\"text-align: justify;\"><\/div>\n<div style=\"text-align: justify;\">\n<p>Vous vous en doutez, pour choisir votre vendeur de monte escalier \u00e0 Aix-en-Provence, le plus simple est de pouvoir disposer de plusieurs devis \u00e9manant de diff\u00e9rentes soci\u00e9t\u00e9s. C&rsquo;est justement ce que nous vous proposons. Remplissez une demande de devis et nos partenaires vous feront chacun leur meilleure offre pour votre monte escalier \u00e0 Aix-en-Provence. Nous avons s\u00e9lectionn\u00e9 pour vous des prestataires diff\u00e9rents, dont nous savons qu&rsquo;ils peuvent vous donner satisfaction. Vous pourrez ainsi tranquillement comparer leurs offres et, le cas \u00e9ch\u00e9ant adapter votre demande ou vos souhaits en fonction des propositions de prix qui vous seront faites.<\/p>\n<\/div>\n<div style=\"text-align: justify;\">Votre d\u00e9cision d&rsquo;achat est prise, mais vous souhaitez\u00a0dialoguer au pr\u00e9alable avec les professionnels du monte escalier \u00e0\u00a0Aix. Une seule demande de rappel sur notre site (en bas de cette page) et ils vous rappelleront gratuitement pour r\u00e9pondre \u00e0 toutes vos questions.<\/div>\n<h2>\u00a0Les crit\u00e8res du choix d&rsquo;un monte escalier<\/h2>\n<div style=\"text-align: justify;\">Il n&rsquo;y a pas d&rsquo;appareil miracle qui combine toutes les qualit\u00e9s requises et pas le moindre inconv\u00e9nient. Pourquoi? parce que chaque projet monte escalier est diff\u00e9rent, parce que chaque escalier est diff\u00e9rent. Vos souhaits ne sont pas forc\u00e9ment les m\u00eames que votre voisin, ni vos contraintes d&rsquo;ailleurs. Pour certains le prix sera le crit\u00e8re d\u00e9terminant, pour d&rsquo;autres ce sera certaines options comme par exemple le pivotement automatique du si\u00e8ge pour descendre plus facilement de son monte escalier, ou encore son aspect et sa discr\u00e9tion, qui en feront un simple \u00e9l\u00e9ment se fondant dans le d\u00e9cor de votre maison. Pensez tout de m\u00eame, quels que soient vos crit\u00e8res \u00e0 la dur\u00e9e de la garantie et aux d\u00e9lais d&rsquo;intervention en cas de panne (service 24\/24 ? \u00a07 jours sur 7 ?)<\/div>\n<p>&nbsp;<\/p>\n<div style=\"text-align: justify;\">Avec notre site, pas de co\u00fbt et pas d&rsquo;engagements ! que vous signiez ou non avec un de nos partenaires, nous ne vous facturerons rien pour notre service de mise en relation. Si vous trouvez votre prestataire gr\u00e2ce \u00e0 nous tant mieux pour vous, alors testez nous ! Remplissez vite le formulaire en haut de cette page ou cliquez ici pour un <a href=\"https:\/\/www.monteescalier.net\/devis-gratuit.php\">acc\u00e8s direct<\/a>.<\/div>\n<\/div>\n<p>&nbsp;<\/p>\n<div class=\"titre_liens\">Nos autres offres de monte escalier dans votre secteur<\/div>\n<div class=\"boite_liens\"><a href=\"https:\/\/www.monteescalier.net\/france\/monte-escalier-arles\">Monte escalier Arles<\/a><br \/>\n<a href=\"https:\/\/www.monteescalier.net\/france\/monte-escalier-martigues\">Monte escalier Martigues<\/a><br \/>\n<a href=\"https:\/\/www.monteescalier.net\/france\/monte-escalier-aubagne\">Monte escalier Aubagne<\/a><br \/>\n<a href=\"https:\/\/www.monteescalier.net\/france\/monte-escalier-istres\">Monte escalier Istres<\/a><br \/>\n<a href=\"https:\/\/www.monteescalier.net\/france\/monte-escalier-salon-de-provence\">Monte escalier Salon-de-Provence<\/a><\/div>\n<div class=\"boite_liens\"><\/div>\n<div class=\"boite_liens\">Page actualis\u00e9e le 24\/10\/2016<\/div>\n","protected":false},"excerpt":{"rendered":"<p>Acheter votre monte escalier \u00e0 Aix-en-Provence Vous souhaitez acheter pour\u00a0votre maison un monte escalier \u00e0 Aix-en-Provence, mais vous ne savez probablement \u00e0 qui vous adresser, trop de prestataires, peu d&rsquo;informations, un mat\u00e9riel que vous connaissez mal, les raisons peuvent \u00eatre nombreuses ! Rassurez-vous nous avons exactement ce qu&rsquo;il vous faut pour vous permettre de trouver [&hellip;]<\/p>\n","protected":false},"author":1,"featured_media":0,"parent":0,"menu_order":0,"comment_status":"closed","ping_status":"open","template":"template_ville_17.php","meta":{"_monsterinsights_skip_tracking":false,"_monsterinsights_sitenote_active":false,"_monsterinsights_sitenote_note":"","_monsterinsights_sitenote_category":0,"footnotes":""},"class_list":["post-931","page","type-page","status-publish","hentry"],"yoast_head":"<!-- This site is optimized with the Yoast SEO plugin v26.3 - https:\/\/yoast.com\/wordpress\/plugins\/seo\/ -->\n<title>Monte escalier Aix-en-Provence - Monte escalier<\/title>\n<meta name=\"description\" content=\"Venez d\u00e9couvrir notre meilleur gamme de monte-escaliers \u00e0 Aix-en-Provence\" \/>\n<meta name=\"robots\" content=\"index, follow, max-snippet:-1, max-image-preview:large, max-video-preview:-1\" \/>\n<link rel=\"canonical\" href=\"https:\/\/www.monteescalier.net\/france\/monte-escalier-aix-en-provence\/\" \/>\n<meta property=\"og:locale\" content=\"fr_FR\" \/>\n<meta property=\"og:type\" content=\"article\" \/>\n<meta property=\"og:title\" content=\"Monte escalier Aix-en-Provence - Monte escalier\" \/>\n<meta property=\"og:description\" content=\"Venez d\u00e9couvrir notre meilleur gamme de monte-escaliers \u00e0 Aix-en-Provence\" \/>\n<meta property=\"og:url\" content=\"https:\/\/www.monteescalier.net\/france\/monte-escalier-aix-en-provence\/\" \/>\n<meta property=\"og:site_name\" content=\"Monte escalier\" \/>\n<meta property=\"article:modified_time\" content=\"2021-11-09T10:13:21+00:00\" \/>\n<meta name=\"twitter:card\" content=\"summary_large_image\" \/>\n<meta name=\"twitter:label1\" content=\"Dur\u00e9e de lecture estim\u00e9e\" \/>\n\t<meta name=\"twitter:data1\" content=\"3 minutes\" \/>\n<script type=\"application\/ld+json\" class=\"yoast-schema-graph\">{\"@context\":\"https:\/\/schema.org\",\"@graph\":[{\"@type\":\"WebPage\",\"@id\":\"https:\/\/www.monteescalier.net\/france\/monte-escalier-aix-en-provence\/\",\"url\":\"https:\/\/www.monteescalier.net\/france\/monte-escalier-aix-en-provence\/\",\"name\":\"Monte escalier Aix-en-Provence - Monte escalier\",\"isPartOf\":{\"@id\":\"https:\/\/www.monteescalier.net\/france\/#website\"},\"datePublished\":\"2021-05-14T09:47:10+00:00\",\"dateModified\":\"2021-11-09T10:13:21+00:00\",\"description\":\"Venez d\u00e9couvrir notre meilleur gamme de monte-escaliers \u00e0 Aix-en-Provence\",\"breadcrumb\":{\"@id\":\"https:\/\/www.monteescalier.net\/france\/monte-escalier-aix-en-provence\/#breadcrumb\"},\"inLanguage\":\"fr-FR\",\"potentialAction\":[{\"@type\":\"ReadAction\",\"target\":[\"https:\/\/www.monteescalier.net\/france\/monte-escalier-aix-en-provence\/\"]}]},{\"@type\":\"BreadcrumbList\",\"@id\":\"https:\/\/www.monteescalier.net\/france\/monte-escalier-aix-en-provence\/#breadcrumb\",\"itemListElement\":[{\"@type\":\"ListItem\",\"position\":1,\"name\":\"Accueil\",\"item\":\"https:\/\/www.monteescalier.net\/france\/\"},{\"@type\":\"ListItem\",\"position\":2,\"name\":\"Monte escalier Aix-en-Provence\"}]},{\"@type\":\"WebSite\",\"@id\":\"https:\/\/www.monteescalier.net\/france\/#website\",\"url\":\"https:\/\/www.monteescalier.net\/france\/\",\"name\":\"Monte escalier\",\"description\":\"\",\"publisher\":{\"@id\":\"https:\/\/www.monteescalier.net\/france\/#organization\"},\"potentialAction\":[{\"@type\":\"SearchAction\",\"target\":{\"@type\":\"EntryPoint\",\"urlTemplate\":\"https:\/\/www.monteescalier.net\/france\/?s={search_term_string}\"},\"query-input\":{\"@type\":\"PropertyValueSpecification\",\"valueRequired\":true,\"valueName\":\"search_term_string\"}}],\"inLanguage\":\"fr-FR\"},{\"@type\":\"Organization\",\"@id\":\"https:\/\/www.monteescalier.net\/france\/#organization\",\"name\":\"monte-escalier.net\",\"url\":\"https:\/\/www.monteescalier.net\/france\/\",\"logo\":{\"@type\":\"ImageObject\",\"inLanguage\":\"fr-FR\",\"@id\":\"https:\/\/www.monteescalier.net\/france\/#\/schema\/logo\/image\/\",\"url\":\"https:\/\/www.monteescalier.net\/france\/wp-content\/uploads\/2016\/10\/4devis-mont-escalier-500-500.gif\",\"contentUrl\":\"https:\/\/www.monteescalier.net\/france\/wp-content\/uploads\/2016\/10\/4devis-mont-escalier-500-500.gif\",\"width\":500,\"height\":500,\"caption\":\"monte-escalier.net\"},\"image\":{\"@id\":\"https:\/\/www.monteescalier.net\/france\/#\/schema\/logo\/image\/\"}}]}<\/script>\n<!-- \/ Yoast SEO plugin. -->","yoast_head_json":{"title":"Monte escalier Aix-en-Provence - Monte escalier","description":"Venez d\u00e9couvrir notre meilleur gamme de monte-escaliers \u00e0 Aix-en-Provence","robots":{"index":"index","follow":"follow","max-snippet":"max-snippet:-1","max-image-preview":"max-image-preview:large","max-video-preview":"max-video-preview:-1"},"canonical":"https:\/\/www.monteescalier.net\/france\/monte-escalier-aix-en-provence\/","og_locale":"fr_FR","og_type":"article","og_title":"Monte escalier Aix-en-Provence - Monte escalier","og_description":"Venez d\u00e9couvrir notre meilleur gamme de monte-escaliers \u00e0 Aix-en-Provence","og_url":"https:\/\/www.monteescalier.net\/france\/monte-escalier-aix-en-provence\/","og_site_name":"Monte escalier","article_modified_time":"2021-11-09T10:13:21+00:00","twitter_card":"summary_large_image","twitter_misc":{"Dur\u00e9e de lecture estim\u00e9e":"3 minutes"},"schema":{"@context":"https:\/\/schema.org","@graph":[{"@type":"WebPage","@id":"https:\/\/www.monteescalier.net\/france\/monte-escalier-aix-en-provence\/","url":"https:\/\/www.monteescalier.net\/france\/monte-escalier-aix-en-provence\/","name":"Monte escalier Aix-en-Provence - Monte escalier","isPartOf":{"@id":"https:\/\/www.monteescalier.net\/france\/#website"},"datePublished":"2021-05-14T09:47:10+00:00","dateModified":"2021-11-09T10:13:21+00:00","description":"Venez d\u00e9couvrir notre meilleur gamme de monte-escaliers \u00e0 Aix-en-Provence","breadcrumb":{"@id":"https:\/\/www.monteescalier.net\/france\/monte-escalier-aix-en-provence\/#breadcrumb"},"inLanguage":"fr-FR","potentialAction":[{"@type":"ReadAction","target":["https:\/\/www.monteescalier.net\/france\/monte-escalier-aix-en-provence\/"]}]},{"@type":"BreadcrumbList","@id":"https:\/\/www.monteescalier.net\/france\/monte-escalier-aix-en-provence\/#breadcrumb","itemListElement":[{"@type":"ListItem","position":1,"name":"Accueil","item":"https:\/\/www.monteescalier.net\/france\/"},{"@type":"ListItem","position":2,"name":"Monte escalier Aix-en-Provence"}]},{"@type":"WebSite","@id":"https:\/\/www.monteescalier.net\/france\/#website","url":"https:\/\/www.monteescalier.net\/france\/","name":"Monte escalier","description":"","publisher":{"@id":"https:\/\/www.monteescalier.net\/france\/#organization"},"potentialAction":[{"@type":"SearchAction","target":{"@type":"EntryPoint","urlTemplate":"https:\/\/www.monteescalier.net\/france\/?s={search_term_string}"},"query-input":{"@type":"PropertyValueSpecification","valueRequired":true,"valueName":"search_term_string"}}],"inLanguage":"fr-FR"},{"@type":"Organization","@id":"https:\/\/www.monteescalier.net\/france\/#organization","name":"monte-escalier.net","url":"https:\/\/www.monteescalier.net\/france\/","logo":{"@type":"ImageObject","inLanguage":"fr-FR","@id":"https:\/\/www.monteescalier.net\/france\/#\/schema\/logo\/image\/","url":"https:\/\/www.monteescalier.net\/france\/wp-content\/uploads\/2016\/10\/4devis-mont-escalier-500-500.gif","contentUrl":"https:\/\/www.monteescalier.net\/france\/wp-content\/uploads\/2016\/10\/4devis-mont-escalier-500-500.gif","width":500,"height":500,"caption":"monte-escalier.net"},"image":{"@id":"https:\/\/www.monteescalier.net\/france\/#\/schema\/logo\/image\/"}}]}},"_links":{"self":[{"href":"https:\/\/www.monteescalier.net\/france\/wp-json\/wp\/v2\/pages\/931","targetHints":{"allow":["GET"]}}],"collection":[{"href":"https:\/\/www.monteescalier.net\/france\/wp-json\/wp\/v2\/pages"}],"about":[{"href":"https:\/\/www.monteescalier.net\/france\/wp-json\/wp\/v2\/types\/page"}],"author":[{"embeddable":true,"href":"https:\/\/www.monteescalier.net\/france\/wp-json\/wp\/v2\/users\/1"}],"replies":[{"embeddable":true,"href":"https:\/\/www.monteescalier.net\/france\/wp-json\/wp\/v2\/comments?post=931"}],"version-history":[{"count":5,"href":"https:\/\/www.monteescalier.net\/france\/wp-json\/wp\/v2\/pages\/931\/revisions"}],"predecessor-version":[{"id":7279,"href":"https:\/\/www.monteescalier.net\/france\/wp-json\/wp\/v2\/pages\/931\/revisions\/7279"}],"wp:attachment":[{"href":"https:\/\/www.monteescalier.net\/france\/wp-json\/wp\/v2\/media?parent=931"}],"curies":[{"name":"wp","href":"https:\/\/api.w.org\/{rel}","templated":true}]}}