{"id":932,"date":"2021-04-12T10:47:10","date_gmt":"2021-04-12T09:47:10","guid":{"rendered":"https:\/\/www.monteescalier.net\/france\/?page_id=932"},"modified":"2021-11-09T11:42:18","modified_gmt":"2021-11-09T10:42:18","slug":"monte-escalier-brest","status":"publish","type":"page","link":"https:\/\/www.monteescalier.net\/france\/monte-escalier-brest\/","title":{"rendered":"Monte escalier Brest"},"content":{"rendered":"<h1>Monte escalier \u00e0 Brest<\/h1>\n<div class=\"boite_texte\">\n<div style=\"text-align: justify;\">\n<p>Les personnes qui prennent la d\u00e9cision d&rsquo;acheter un monte escalier \u00e0 Brest ou plus g\u00e9n\u00e9ralement en Bretagne sont souvent un peu perdues quant au choix des mod\u00e8les, des marques et m\u00eame du choix de l&rsquo;installateur. Il faut dire que ce n&rsquo;est pas un achat r\u00e9gulier et qu&rsquo;on ach\u00e8te rarement plusieurs monte escalier dans sa vie. \u00a0Sans vouloir vous mettre la pression, il s&rsquo;agit donc quand m\u00eame de ne pas se rater et de faire le bon choix au premier coup !<\/p>\n<\/div>\n<\/div>\n<h2 style=\"text-align: justify;\"><strong>Pourquoi passer par monteescalier.net ?<\/strong><\/h2>\n<div class=\"boite_texte\">\n<div style=\"text-align: justify;\">Monteescalier.net est un portail de mise en relation entre\u00a0les potentiels acqu\u00e9reurs de monte escalier et les vendeurs de monte escalier. Gr\u00e2ce \u00e0 ce service de mise en relation vous gagnez du temps, et probablement de l&rsquo;argent, voici pourquoi :<\/div>\n<\/div>\n<p>&#8211; le service est gratuit : aucun risque pour vous de d\u00e9penser quelque somme d&rsquo;argent que ce soit. La gratuit\u00e9 du service de mise en relation est totalement gratuite pour les acheteurs, et ce, m\u00eame si au final vous ne faites pas affaire avec l&rsquo;un des prestataires que nous vous avons pr\u00e9sent\u00e9s.<\/p>\n<div style=\"text-align: justify;\">\n<p>&#8211; le service est sans obligation d&rsquo;achat : aucune des offres pr\u00e9sent\u00e9e par un de nos partenaires ne vous convient ? M\u00eame si \u00e7\u00e0 nous para\u00eet improbable, nous acceptons votre choix et vous restez libres \u00e0 tout moment de vous orienter vers une solution que nous ne vous avons pas recommand\u00e9.<\/p>\n<\/div>\n<div style=\"text-align: justify;\">\n<p>&#8211; Nous avons une grande exp\u00e9rience : des centaines d&rsquo;acheteurs ont suivi nos conseils et sont aujourd&rsquo;hui tr\u00e8s contents de nous avoir fait confiance.<\/p>\n<\/div>\n<div style=\"text-align: justify;\">&#8211; Notre service est simple, sans co\u00fbt cach\u00e9 et favorise une saine concurrence : vous remplissez un formulaire de demande de devis; quelques jours plus tard vous aurez au moins 4 devis pour votre installation de monte escalier et donc toutes les infos pour faire un choix, et un bon choix ! Pour choisir votre revendeur de monte escalier \u00e0 Brest, le plus facile est de pouvoir disposer de plusieurs devis \u00e9manant de diff\u00e9rentes soci\u00e9t\u00e9. C&rsquo;est justement ce que nous vous proposons. Remplissez une demande de devis et nos partenaires vous feront chacun leur meilleure offre pour votre monte escalier \u00e0 Brest.<\/div>\n<div class=\"boite_texte\">\n<h2><strong>Les installateurs de monte escalier partenaires<\/strong><\/h2>\n<p style=\"text-align: justify;\">Monteescalier.net travaille partout en France avec de nombreux installateurs de monte escalier. C&rsquo;est notre carnet d&rsquo;adresses que nous mettons \u00e0 votre disposition. Nous ne sommes mari\u00e9s avec personne, totalement ind\u00e9pendants, et n&rsquo;avons pas d&rsquo;int\u00e9r\u00eat \u00e0 vous orienter vers un prestataire plut\u00f4t qu&rsquo;un autre. Vous ne prenez donc qu&rsquo;un seul risque en nous faisant confiance : celui de faire des \u00e9conomies sur votre monte escalier.<\/p>\n<h2>Les crit\u00e8res de choix de votre monte escalier<\/h2>\n<p style=\"text-align: justify;\">Tous les monte escalier pr\u00e9sentent des caract\u00e9ristiques communes, il existe une norme europ\u00e9enne qui pr\u00e9cise notamment tous les pr\u00e9 requis relatifs \u00e0 la s\u00e9curit\u00e9 ou \u00e0 la vitesse de ces appareils. Cependant des diff\u00e9rences sensibles peuvent exister entre les mod\u00e8les, qui peuvent concerner l&rsquo;esth\u00e9tique, l&rsquo;encombrement, ou encore l&rsquo;autonomie des batteries.<\/p>\n<p style=\"text-align: justify;\">Au del\u00e0 de ces choix, vous devez \u00eatre tr\u00e8s attentifs aux services et garanties fournis : s&rsquo;agissant d&rsquo;une installation sur mesure d&rsquo;un appareil \u00e9lectro m\u00e9canique, la qualit\u00e9 de service doit \u00eatre au c\u0153ur de \u00a0votre r\u00e9flexion. Regardez bien aussi les dur\u00e9es de garantie qui peuvent varier de 1 \u00e0 5 ans, la diff\u00e9rence est donc \u00e9norme.<\/p>\n<p>Que fait-on maintenant ?<\/p>\n<p>Il ne vous reste plus qu&rsquo;\u00e0 compl\u00e9ter le formulaire en haut de cette page <a href=\"https:\/\/www.monteescalier.net\/devis-gratuit.php\">ou en cliquant ici<\/a> : les installateurs de votre r\u00e9gion vous rappelleront tr\u00e8s vite pour \u00e9tudier avec vous votre projet.<\/p>\n<div style=\"text-align: justify;\"><\/div>\n<\/div>\n<div class=\"titre_liens\">Nos autres offres de services pour les achats de monte escalier dans votre d\u00e9partement:<\/div>\n<div class=\"boite_liens\"><a href=\"https:\/\/www.monteescalier.net\/france\/monte-escalier-quimper\">Monte escalier Quimper<\/a><br \/>\n<a href=\"https:\/\/www.monteescalier.net\/france\/monte-escalier-concarneau\">Monte escalier Concarneau<\/a><br \/>\n<a href=\"https:\/\/www.monteescalier.net\/france\/monte-escalier-morlaix\">Monte escalier Morlaix<\/a><br \/>\n<a href=\"https:\/\/www.monteescalier.net\/france\/monte-escalier-douarnenez\">Monte escalier Douarnenez<\/a><br \/>\n<a href=\"https:\/\/www.monteescalier.net\/france\/monte-escalier-landerneau\">Monte escalier Landerneau<\/a><\/div>\n<div class=\"boite_liens\"><\/div>\n<div class=\"boite_liens\">Fiche mise \u00e0 jour le 24\/10\/2016<\/div>\n","protected":false},"excerpt":{"rendered":"<p>Monte escalier \u00e0 Brest Les personnes qui prennent la d\u00e9cision d&rsquo;acheter un monte escalier \u00e0 Brest ou plus g\u00e9n\u00e9ralement en Bretagne sont souvent un peu perdues quant au choix des mod\u00e8les, des marques et m\u00eame du choix de l&rsquo;installateur. Il faut dire que ce n&rsquo;est pas un achat r\u00e9gulier et qu&rsquo;on ach\u00e8te rarement plusieurs monte [&hellip;]<\/p>\n","protected":false},"author":1,"featured_media":0,"parent":0,"menu_order":0,"comment_status":"closed","ping_status":"open","template":"template_ville_16.php","meta":{"_monsterinsights_skip_tracking":false,"_monsterinsights_sitenote_active":false,"_monsterinsights_sitenote_note":"","_monsterinsights_sitenote_category":0,"footnotes":""},"class_list":["post-932","page","type-page","status-publish","hentry"],"yoast_head":"<!-- This site is optimized with the Yoast SEO plugin v26.3 - https:\/\/yoast.com\/wordpress\/plugins\/seo\/ -->\n<title>Monte escalier Brest - Monte escalier<\/title>\n<meta name=\"description\" content=\"O\u00f9 Acheter votre monte escalier dans le Finist\u00e8re ? Des solutions proche de chez vous : Monte escalier Brest\" \/>\n<meta name=\"robots\" content=\"index, follow, max-snippet:-1, max-image-preview:large, max-video-preview:-1\" \/>\n<link rel=\"canonical\" href=\"https:\/\/www.monteescalier.net\/france\/monte-escalier-brest\/\" \/>\n<meta property=\"og:locale\" content=\"fr_FR\" \/>\n<meta property=\"og:type\" content=\"article\" \/>\n<meta property=\"og:title\" content=\"Monte escalier Brest - Monte escalier\" \/>\n<meta property=\"og:description\" content=\"O\u00f9 Acheter votre monte escalier dans le Finist\u00e8re ? Des solutions proche de chez vous : Monte escalier Brest\" \/>\n<meta property=\"og:url\" content=\"https:\/\/www.monteescalier.net\/france\/monte-escalier-brest\/\" \/>\n<meta property=\"og:site_name\" content=\"Monte escalier\" \/>\n<meta property=\"article:modified_time\" content=\"2021-11-09T10:42:18+00:00\" \/>\n<meta name=\"twitter:card\" content=\"summary_large_image\" \/>\n<meta name=\"twitter:label1\" content=\"Dur\u00e9e de lecture estim\u00e9e\" \/>\n\t<meta name=\"twitter:data1\" content=\"3 minutes\" \/>\n<script type=\"application\/ld+json\" class=\"yoast-schema-graph\">{\"@context\":\"https:\/\/schema.org\",\"@graph\":[{\"@type\":\"WebPage\",\"@id\":\"https:\/\/www.monteescalier.net\/france\/monte-escalier-brest\/\",\"url\":\"https:\/\/www.monteescalier.net\/france\/monte-escalier-brest\/\",\"name\":\"Monte escalier Brest - Monte escalier\",\"isPartOf\":{\"@id\":\"https:\/\/www.monteescalier.net\/france\/#website\"},\"datePublished\":\"2021-04-12T09:47:10+00:00\",\"dateModified\":\"2021-11-09T10:42:18+00:00\",\"description\":\"O\u00f9 Acheter votre monte escalier dans le Finist\u00e8re ? Des solutions proche de chez vous : Monte escalier Brest\",\"breadcrumb\":{\"@id\":\"https:\/\/www.monteescalier.net\/france\/monte-escalier-brest\/#breadcrumb\"},\"inLanguage\":\"fr-FR\",\"potentialAction\":[{\"@type\":\"ReadAction\",\"target\":[\"https:\/\/www.monteescalier.net\/france\/monte-escalier-brest\/\"]}]},{\"@type\":\"BreadcrumbList\",\"@id\":\"https:\/\/www.monteescalier.net\/france\/monte-escalier-brest\/#breadcrumb\",\"itemListElement\":[{\"@type\":\"ListItem\",\"position\":1,\"name\":\"Accueil\",\"item\":\"https:\/\/www.monteescalier.net\/france\/\"},{\"@type\":\"ListItem\",\"position\":2,\"name\":\"Monte escalier Brest\"}]},{\"@type\":\"WebSite\",\"@id\":\"https:\/\/www.monteescalier.net\/france\/#website\",\"url\":\"https:\/\/www.monteescalier.net\/france\/\",\"name\":\"Monte escalier\",\"description\":\"\",\"publisher\":{\"@id\":\"https:\/\/www.monteescalier.net\/france\/#organization\"},\"potentialAction\":[{\"@type\":\"SearchAction\",\"target\":{\"@type\":\"EntryPoint\",\"urlTemplate\":\"https:\/\/www.monteescalier.net\/france\/?s={search_term_string}\"},\"query-input\":{\"@type\":\"PropertyValueSpecification\",\"valueRequired\":true,\"valueName\":\"search_term_string\"}}],\"inLanguage\":\"fr-FR\"},{\"@type\":\"Organization\",\"@id\":\"https:\/\/www.monteescalier.net\/france\/#organization\",\"name\":\"monte-escalier.net\",\"url\":\"https:\/\/www.monteescalier.net\/france\/\",\"logo\":{\"@type\":\"ImageObject\",\"inLanguage\":\"fr-FR\",\"@id\":\"https:\/\/www.monteescalier.net\/france\/#\/schema\/logo\/image\/\",\"url\":\"https:\/\/www.monteescalier.net\/france\/wp-content\/uploads\/2016\/10\/4devis-mont-escalier-500-500.gif\",\"contentUrl\":\"https:\/\/www.monteescalier.net\/france\/wp-content\/uploads\/2016\/10\/4devis-mont-escalier-500-500.gif\",\"width\":500,\"height\":500,\"caption\":\"monte-escalier.net\"},\"image\":{\"@id\":\"https:\/\/www.monteescalier.net\/france\/#\/schema\/logo\/image\/\"}}]}<\/script>\n<!-- \/ Yoast SEO plugin. -->","yoast_head_json":{"title":"Monte escalier Brest - Monte escalier","description":"O\u00f9 Acheter votre monte escalier dans le Finist\u00e8re ? Des solutions proche de chez vous : Monte escalier Brest","robots":{"index":"index","follow":"follow","max-snippet":"max-snippet:-1","max-image-preview":"max-image-preview:large","max-video-preview":"max-video-preview:-1"},"canonical":"https:\/\/www.monteescalier.net\/france\/monte-escalier-brest\/","og_locale":"fr_FR","og_type":"article","og_title":"Monte escalier Brest - Monte escalier","og_description":"O\u00f9 Acheter votre monte escalier dans le Finist\u00e8re ? Des solutions proche de chez vous : Monte escalier Brest","og_url":"https:\/\/www.monteescalier.net\/france\/monte-escalier-brest\/","og_site_name":"Monte escalier","article_modified_time":"2021-11-09T10:42:18+00:00","twitter_card":"summary_large_image","twitter_misc":{"Dur\u00e9e de lecture estim\u00e9e":"3 minutes"},"schema":{"@context":"https:\/\/schema.org","@graph":[{"@type":"WebPage","@id":"https:\/\/www.monteescalier.net\/france\/monte-escalier-brest\/","url":"https:\/\/www.monteescalier.net\/france\/monte-escalier-brest\/","name":"Monte escalier Brest - Monte escalier","isPartOf":{"@id":"https:\/\/www.monteescalier.net\/france\/#website"},"datePublished":"2021-04-12T09:47:10+00:00","dateModified":"2021-11-09T10:42:18+00:00","description":"O\u00f9 Acheter votre monte escalier dans le Finist\u00e8re ? Des solutions proche de chez vous : Monte escalier Brest","breadcrumb":{"@id":"https:\/\/www.monteescalier.net\/france\/monte-escalier-brest\/#breadcrumb"},"inLanguage":"fr-FR","potentialAction":[{"@type":"ReadAction","target":["https:\/\/www.monteescalier.net\/france\/monte-escalier-brest\/"]}]},{"@type":"BreadcrumbList","@id":"https:\/\/www.monteescalier.net\/france\/monte-escalier-brest\/#breadcrumb","itemListElement":[{"@type":"ListItem","position":1,"name":"Accueil","item":"https:\/\/www.monteescalier.net\/france\/"},{"@type":"ListItem","position":2,"name":"Monte escalier Brest"}]},{"@type":"WebSite","@id":"https:\/\/www.monteescalier.net\/france\/#website","url":"https:\/\/www.monteescalier.net\/france\/","name":"Monte escalier","description":"","publisher":{"@id":"https:\/\/www.monteescalier.net\/france\/#organization"},"potentialAction":[{"@type":"SearchAction","target":{"@type":"EntryPoint","urlTemplate":"https:\/\/www.monteescalier.net\/france\/?s={search_term_string}"},"query-input":{"@type":"PropertyValueSpecification","valueRequired":true,"valueName":"search_term_string"}}],"inLanguage":"fr-FR"},{"@type":"Organization","@id":"https:\/\/www.monteescalier.net\/france\/#organization","name":"monte-escalier.net","url":"https:\/\/www.monteescalier.net\/france\/","logo":{"@type":"ImageObject","inLanguage":"fr-FR","@id":"https:\/\/www.monteescalier.net\/france\/#\/schema\/logo\/image\/","url":"https:\/\/www.monteescalier.net\/france\/wp-content\/uploads\/2016\/10\/4devis-mont-escalier-500-500.gif","contentUrl":"https:\/\/www.monteescalier.net\/france\/wp-content\/uploads\/2016\/10\/4devis-mont-escalier-500-500.gif","width":500,"height":500,"caption":"monte-escalier.net"},"image":{"@id":"https:\/\/www.monteescalier.net\/france\/#\/schema\/logo\/image\/"}}]}},"_links":{"self":[{"href":"https:\/\/www.monteescalier.net\/france\/wp-json\/wp\/v2\/pages\/932","targetHints":{"allow":["GET"]}}],"collection":[{"href":"https:\/\/www.monteescalier.net\/france\/wp-json\/wp\/v2\/pages"}],"about":[{"href":"https:\/\/www.monteescalier.net\/france\/wp-json\/wp\/v2\/types\/page"}],"author":[{"embeddable":true,"href":"https:\/\/www.monteescalier.net\/france\/wp-json\/wp\/v2\/users\/1"}],"replies":[{"embeddable":true,"href":"https:\/\/www.monteescalier.net\/france\/wp-json\/wp\/v2\/comments?post=932"}],"version-history":[{"count":6,"href":"https:\/\/www.monteescalier.net\/france\/wp-json\/wp\/v2\/pages\/932\/revisions"}],"predecessor-version":[{"id":8301,"href":"https:\/\/www.monteescalier.net\/france\/wp-json\/wp\/v2\/pages\/932\/revisions\/8301"}],"wp:attachment":[{"href":"https:\/\/www.monteescalier.net\/france\/wp-json\/wp\/v2\/media?parent=932"}],"curies":[{"name":"wp","href":"https:\/\/api.w.org\/{rel}","templated":true}]}}