{"id":936,"date":"2021-02-26T10:47:11","date_gmt":"2021-02-26T09:47:11","guid":{"rendered":"https:\/\/www.monteescalier.net\/france\/?page_id=936"},"modified":"2021-11-09T11:31:05","modified_gmt":"2021-11-09T10:31:05","slug":"monte-escalier-clermont-ferrand","status":"publish","type":"page","link":"https:\/\/www.monteescalier.net\/france\/monte-escalier-clermont-ferrand\/","title":{"rendered":"Monte escalier Clermont-Ferrand"},"content":{"rendered":"<h1>Vous voulez acheter\u00a0un monte escalier \u00e0 Clermont-Ferrand ?<\/h1>\n<div class=\"boite_texte\">\n<div style=\"text-align: justify;\">un article publi\u00e9 le 03\/08\/2017<\/div>\n<div style=\"text-align: justify;\"><\/div>\n<div style=\"text-align: justify;\">Monter les escaliers est devenu trop p\u00e9nible? Vous souffrez de vertiges? Le monte escalier est la meilleur solution pour continuer \u00e0 profiter de sa maison sans prendre de risques inutiles. Malheureusement, peu de gens le savent, mais une grosse part des accidents domestiques a lieu dans les escaliers. Et ils occasionnent souvent des fractures et des blessures graves. Dans ce contexte l&rsquo;achat d&rsquo;un monte escalier n&rsquo;est pas un luxe. C&rsquo;est \u00e9videmment un produit co\u00fbteux mais sachez que notamment avec les aides de l&rsquo;ANAH (agence nationale pour l&rsquo;habitat) une partie du co\u00fbt peut \u00eatre prise en charge : jusqu&rsquo;\u00e0 50% pour les plus modestes et jusqu&rsquo;\u00e0 35% pour les revenus modestes : renseignez vous <a href=\"http:\/\/www.anah.fr\/proprietaires\/proprietaires-occupants\/anticiper-pour-bien-vieillir-chez-vous\/\">directement aupr\u00e8s de l&rsquo;ANAH<\/a> c&rsquo;est important !<\/div>\n<h2>\u00a0Ou acheter son monte escalier \u00e0 Clermont Ferrand ?<\/h2>\n<div style=\"text-align: justify;\">Vous n&rsquo;aurez aucune difficult\u00e9 \u00e0 trouver un installateur dans une grande ville comme Clermont. Mais la question qui se pose plut\u00f4t est : \u00ab\u00a0<em>A qui dois-je faire confiance pour l&rsquo;installation de mon monte escalier?<\/em> \u00ab\u00a0. Et c&rsquo;est justement \u00e0 cette question que nous allons essayer d&rsquo;apporter sinon des r\u00e9ponses, du moins des \u00e9l\u00e9ments d&rsquo;appr\u00e9ciation qui vous permettront de faire les bons choix.<\/div>\n<div style=\"text-align: justify;\"><\/div>\n<div style=\"text-align: justify;\">Monteescalier.net est un site qui met en relation les acheteur\u00a0de monte escalier et les vendeurs de monte escalier. C&rsquo;est pourquoi nous avons une grande exp\u00e9rience de ce march\u00e9 du monte escalier car plusieurs dizaines, et centaines de personnes ont pu acheter un monte escalier par notre interm\u00e9diaire : une remarque liminaire d&rsquo;importance : nous ne vendons pas de monte escalier et nous ne d\u00e9pendons d&rsquo;aucun vendeur ou installateur, nous ne facturons pas non plus nos services aux acheteurs que vous \u00eates, ni n&rsquo;encaissons de commission en cas de vente. Bref nous sommes ind\u00e9pendants et libres et c&rsquo;est dans doute \u00e7\u00e0 qui doit vous motiver \u00e0 nous faire confiance pour vous pr\u00e9senter ceux que nous estimons \u00eatre les meilleurs vendeurs de monte escalier de Clermont Ferrand.<\/div>\n<div style=\"text-align: justify;\"><\/div>\n<div style=\"text-align: justify;\">Pour choisir votre revendeur de monte escalier \u00e0 Clermont-Ferrand, le plus simple est de pouvoir disposer de plusieurs devis de plusieurs\u00a0soci\u00e9t\u00e9s. C&rsquo;est justement ce que nous vous proposons. Remplissez une demande de devis et nos partenaires vous feront chacun leur meilleure offre pour votre monte escalier \u00e0 Clermont-Ferrand. Le formulaire \u00e0 remplir se trouve en haut de cette page. Gr\u00e2ce \u00e0 ce formulaire unique, nous allons communiquer votre demande aux vendeurs que nous avons choisi dans la r\u00e9gion pour leur professionnalisme, leur rigueur, la qualit\u00e9 de leur services et bien s\u00fbr leurs prix !<\/div>\n<p>Dans quelques jours au plus tard, ils vous contacteront pour vous offrir leurs services, au premier desquels figurera une \u00e9tude personnalis\u00e9e et chiffr\u00e9e pour l&rsquo;installation d&rsquo;un monte escalier \u00e0 votre domicile.<\/p>\n<div style=\"text-align: justify;\">\n<p>Un seul formulaire \u00e0 compl\u00e9ter pour \u00eatre rappel\u00e9 par des professionnels du monte escalier, c&rsquo;est le deuxi\u00e8me service totalement gratuit que nous vous proposons avec la demande de rappel. C&rsquo;est la garantie d&rsquo;\u00eatre rappel\u00e9 tr\u00e8s vite par plusieurs installateurs de monte escalier qui pourront ainsi vous proposer une r\u00e9ponse individualis\u00e9e aux questions que vous vous posez certainement, qu&rsquo;elles soient techniques, financi\u00e8res ou relatives par exemple aux garanties propos\u00e9es.<\/p>\n<\/div>\n<div style=\"text-align: justify;\">Pour vous familiariser avec les mod\u00e8les de monte escalier n&rsquo;h\u00e9sitez pas \u00e0 faire une demande de documentation, via notre formulaire de de demande de documentation, vous recevrez ainsi par la poste ou par courrier \u00e9lectronique des \u00e9claircissements tr\u00e8s utiles sur les diff\u00e9rents mod\u00e8les de monte escalier disponibles \u00e0 la vente \u00e0 Clermont-Ferrand.<\/div>\n<p>&nbsp;<\/p>\n<\/div>\n<div class=\"titre_liens\">Consultez \u00e9galement toutes nos autres offres de monte escalier en Auvergne<\/div>\n<div class=\"boite_liens\"><a href=\"https:\/\/www.monteescalier.net\/france\/monte-escalier-cournon-d-auvergne\">Monte escalier Cournon-d&rsquo;Auvergne<\/a><br \/>\n<a href=\"https:\/\/www.monteescalier.net\/france\/monte-escalier-riom\">Monte escalier Riom<\/a><br \/>\n<a href=\"https:\/\/www.monteescalier.net\/france\/monte-escalier-chamalieres\">Monte escalier Chamali\u00e8res<\/a><br \/>\n<a href=\"https:\/\/www.monteescalier.net\/france\/monte-escalier-issoire\">Monte escalier Issoire<\/a><br \/>\n<a href=\"https:\/\/www.monteescalier.net\/france\/monte-escalier-thiers\">Monte escalier Thiers<\/a><\/div>\n<div>MAJ: 26\/09\/18<\/div>\n","protected":false},"excerpt":{"rendered":"<p>Vous voulez acheter\u00a0un monte escalier \u00e0 Clermont-Ferrand ? un article publi\u00e9 le 03\/08\/2017 Monter les escaliers est devenu trop p\u00e9nible? Vous souffrez de vertiges? Le monte escalier est la meilleur solution pour continuer \u00e0 profiter de sa maison sans prendre de risques inutiles. Malheureusement, peu de gens le savent, mais une grosse part des accidents [&hellip;]<\/p>\n","protected":false},"author":1,"featured_media":0,"parent":0,"menu_order":0,"comment_status":"closed","ping_status":"open","template":"template_ville_16.php","meta":{"_monsterinsights_skip_tracking":false,"_monsterinsights_sitenote_active":false,"_monsterinsights_sitenote_note":"","_monsterinsights_sitenote_category":0,"footnotes":""},"class_list":["post-936","page","type-page","status-publish","hentry"],"yoast_head":"<!-- This site is optimized with the Yoast SEO plugin v26.3 - https:\/\/yoast.com\/wordpress\/plugins\/seo\/ -->\n<title>Monte escalier Clermont-Ferrand - Monte escalier<\/title>\n<meta name=\"description\" content=\"Acheter un monte escalier a Clermont-Ferrand. Soyez en relation avec des revendeurs proche de chez vous\" \/>\n<meta name=\"robots\" content=\"index, follow, max-snippet:-1, max-image-preview:large, max-video-preview:-1\" \/>\n<link rel=\"canonical\" href=\"https:\/\/www.monteescalier.net\/france\/monte-escalier-clermont-ferrand\/\" \/>\n<meta property=\"og:locale\" content=\"fr_FR\" \/>\n<meta property=\"og:type\" content=\"article\" \/>\n<meta property=\"og:title\" content=\"Monte escalier Clermont-Ferrand - Monte escalier\" \/>\n<meta property=\"og:description\" content=\"Acheter un monte escalier a Clermont-Ferrand. Soyez en relation avec des revendeurs proche de chez vous\" \/>\n<meta property=\"og:url\" content=\"https:\/\/www.monteescalier.net\/france\/monte-escalier-clermont-ferrand\/\" \/>\n<meta property=\"og:site_name\" content=\"Monte escalier\" \/>\n<meta property=\"article:modified_time\" content=\"2021-11-09T10:31:05+00:00\" \/>\n<meta name=\"twitter:card\" content=\"summary_large_image\" \/>\n<meta name=\"twitter:label1\" content=\"Dur\u00e9e de lecture estim\u00e9e\" \/>\n\t<meta name=\"twitter:data1\" content=\"3 minutes\" \/>\n<script type=\"application\/ld+json\" class=\"yoast-schema-graph\">{\"@context\":\"https:\/\/schema.org\",\"@graph\":[{\"@type\":\"WebPage\",\"@id\":\"https:\/\/www.monteescalier.net\/france\/monte-escalier-clermont-ferrand\/\",\"url\":\"https:\/\/www.monteescalier.net\/france\/monte-escalier-clermont-ferrand\/\",\"name\":\"Monte escalier Clermont-Ferrand - Monte escalier\",\"isPartOf\":{\"@id\":\"https:\/\/www.monteescalier.net\/france\/#website\"},\"datePublished\":\"2021-02-26T09:47:11+00:00\",\"dateModified\":\"2021-11-09T10:31:05+00:00\",\"description\":\"Acheter un monte escalier a Clermont-Ferrand. Soyez en relation avec des revendeurs proche de chez vous\",\"breadcrumb\":{\"@id\":\"https:\/\/www.monteescalier.net\/france\/monte-escalier-clermont-ferrand\/#breadcrumb\"},\"inLanguage\":\"fr-FR\",\"potentialAction\":[{\"@type\":\"ReadAction\",\"target\":[\"https:\/\/www.monteescalier.net\/france\/monte-escalier-clermont-ferrand\/\"]}]},{\"@type\":\"BreadcrumbList\",\"@id\":\"https:\/\/www.monteescalier.net\/france\/monte-escalier-clermont-ferrand\/#breadcrumb\",\"itemListElement\":[{\"@type\":\"ListItem\",\"position\":1,\"name\":\"Accueil\",\"item\":\"https:\/\/www.monteescalier.net\/france\/\"},{\"@type\":\"ListItem\",\"position\":2,\"name\":\"Monte escalier Clermont-Ferrand\"}]},{\"@type\":\"WebSite\",\"@id\":\"https:\/\/www.monteescalier.net\/france\/#website\",\"url\":\"https:\/\/www.monteescalier.net\/france\/\",\"name\":\"Monte escalier\",\"description\":\"\",\"publisher\":{\"@id\":\"https:\/\/www.monteescalier.net\/france\/#organization\"},\"potentialAction\":[{\"@type\":\"SearchAction\",\"target\":{\"@type\":\"EntryPoint\",\"urlTemplate\":\"https:\/\/www.monteescalier.net\/france\/?s={search_term_string}\"},\"query-input\":{\"@type\":\"PropertyValueSpecification\",\"valueRequired\":true,\"valueName\":\"search_term_string\"}}],\"inLanguage\":\"fr-FR\"},{\"@type\":\"Organization\",\"@id\":\"https:\/\/www.monteescalier.net\/france\/#organization\",\"name\":\"monte-escalier.net\",\"url\":\"https:\/\/www.monteescalier.net\/france\/\",\"logo\":{\"@type\":\"ImageObject\",\"inLanguage\":\"fr-FR\",\"@id\":\"https:\/\/www.monteescalier.net\/france\/#\/schema\/logo\/image\/\",\"url\":\"https:\/\/www.monteescalier.net\/france\/wp-content\/uploads\/2016\/10\/4devis-mont-escalier-500-500.gif\",\"contentUrl\":\"https:\/\/www.monteescalier.net\/france\/wp-content\/uploads\/2016\/10\/4devis-mont-escalier-500-500.gif\",\"width\":500,\"height\":500,\"caption\":\"monte-escalier.net\"},\"image\":{\"@id\":\"https:\/\/www.monteescalier.net\/france\/#\/schema\/logo\/image\/\"}}]}<\/script>\n<!-- \/ Yoast SEO plugin. -->","yoast_head_json":{"title":"Monte escalier Clermont-Ferrand - Monte escalier","description":"Acheter un monte escalier a Clermont-Ferrand. Soyez en relation avec des revendeurs proche de chez vous","robots":{"index":"index","follow":"follow","max-snippet":"max-snippet:-1","max-image-preview":"max-image-preview:large","max-video-preview":"max-video-preview:-1"},"canonical":"https:\/\/www.monteescalier.net\/france\/monte-escalier-clermont-ferrand\/","og_locale":"fr_FR","og_type":"article","og_title":"Monte escalier Clermont-Ferrand - Monte escalier","og_description":"Acheter un monte escalier a Clermont-Ferrand. Soyez en relation avec des revendeurs proche de chez vous","og_url":"https:\/\/www.monteescalier.net\/france\/monte-escalier-clermont-ferrand\/","og_site_name":"Monte escalier","article_modified_time":"2021-11-09T10:31:05+00:00","twitter_card":"summary_large_image","twitter_misc":{"Dur\u00e9e de lecture estim\u00e9e":"3 minutes"},"schema":{"@context":"https:\/\/schema.org","@graph":[{"@type":"WebPage","@id":"https:\/\/www.monteescalier.net\/france\/monte-escalier-clermont-ferrand\/","url":"https:\/\/www.monteescalier.net\/france\/monte-escalier-clermont-ferrand\/","name":"Monte escalier Clermont-Ferrand - Monte escalier","isPartOf":{"@id":"https:\/\/www.monteescalier.net\/france\/#website"},"datePublished":"2021-02-26T09:47:11+00:00","dateModified":"2021-11-09T10:31:05+00:00","description":"Acheter un monte escalier a Clermont-Ferrand. Soyez en relation avec des revendeurs proche de chez vous","breadcrumb":{"@id":"https:\/\/www.monteescalier.net\/france\/monte-escalier-clermont-ferrand\/#breadcrumb"},"inLanguage":"fr-FR","potentialAction":[{"@type":"ReadAction","target":["https:\/\/www.monteescalier.net\/france\/monte-escalier-clermont-ferrand\/"]}]},{"@type":"BreadcrumbList","@id":"https:\/\/www.monteescalier.net\/france\/monte-escalier-clermont-ferrand\/#breadcrumb","itemListElement":[{"@type":"ListItem","position":1,"name":"Accueil","item":"https:\/\/www.monteescalier.net\/france\/"},{"@type":"ListItem","position":2,"name":"Monte escalier Clermont-Ferrand"}]},{"@type":"WebSite","@id":"https:\/\/www.monteescalier.net\/france\/#website","url":"https:\/\/www.monteescalier.net\/france\/","name":"Monte escalier","description":"","publisher":{"@id":"https:\/\/www.monteescalier.net\/france\/#organization"},"potentialAction":[{"@type":"SearchAction","target":{"@type":"EntryPoint","urlTemplate":"https:\/\/www.monteescalier.net\/france\/?s={search_term_string}"},"query-input":{"@type":"PropertyValueSpecification","valueRequired":true,"valueName":"search_term_string"}}],"inLanguage":"fr-FR"},{"@type":"Organization","@id":"https:\/\/www.monteescalier.net\/france\/#organization","name":"monte-escalier.net","url":"https:\/\/www.monteescalier.net\/france\/","logo":{"@type":"ImageObject","inLanguage":"fr-FR","@id":"https:\/\/www.monteescalier.net\/france\/#\/schema\/logo\/image\/","url":"https:\/\/www.monteescalier.net\/france\/wp-content\/uploads\/2016\/10\/4devis-mont-escalier-500-500.gif","contentUrl":"https:\/\/www.monteescalier.net\/france\/wp-content\/uploads\/2016\/10\/4devis-mont-escalier-500-500.gif","width":500,"height":500,"caption":"monte-escalier.net"},"image":{"@id":"https:\/\/www.monteescalier.net\/france\/#\/schema\/logo\/image\/"}}]}},"_links":{"self":[{"href":"https:\/\/www.monteescalier.net\/france\/wp-json\/wp\/v2\/pages\/936","targetHints":{"allow":["GET"]}}],"collection":[{"href":"https:\/\/www.monteescalier.net\/france\/wp-json\/wp\/v2\/pages"}],"about":[{"href":"https:\/\/www.monteescalier.net\/france\/wp-json\/wp\/v2\/types\/page"}],"author":[{"embeddable":true,"href":"https:\/\/www.monteescalier.net\/france\/wp-json\/wp\/v2\/users\/1"}],"replies":[{"embeddable":true,"href":"https:\/\/www.monteescalier.net\/france\/wp-json\/wp\/v2\/comments?post=936"}],"version-history":[{"count":6,"href":"https:\/\/www.monteescalier.net\/france\/wp-json\/wp\/v2\/pages\/936\/revisions"}],"predecessor-version":[{"id":8172,"href":"https:\/\/www.monteescalier.net\/france\/wp-json\/wp\/v2\/pages\/936\/revisions\/8172"}],"wp:attachment":[{"href":"https:\/\/www.monteescalier.net\/france\/wp-json\/wp\/v2\/media?parent=936"}],"curies":[{"name":"wp","href":"https:\/\/api.w.org\/{rel}","templated":true}]}}