{"id":937,"date":"2021-09-26T10:47:11","date_gmt":"2021-09-26T09:47:11","guid":{"rendered":"https:\/\/www.monteescalier.net\/france\/?page_id=937"},"modified":"2021-11-09T11:46:54","modified_gmt":"2021-11-09T10:46:54","slug":"monte-escalier-tours","status":"publish","type":"page","link":"https:\/\/www.monteescalier.net\/france\/monte-escalier-tours\/","title":{"rendered":"Monte escalier Tours"},"content":{"rendered":"<h1>Acheter un monte escalier \u00e0 Tours<\/h1>\n<div class=\"boite_texte\">\n<div style=\"text-align: justify;\">\n<p>Article du 08\/11\/2016<\/p>\n<\/div>\n<div style=\"text-align: justify;\"><\/div>\n<div style=\"text-align: justify;\">Pour acheter un\u00a0monte escalier \u00e0 Tours, rien de plus facile en apparence ! Vous trouverez sans peine un installateur dans le d\u00e9partement\u00a0 d&rsquo;Indre et Loire. Mais comment saurez-vous si vous avez r\u00e9alis\u00e9 un bon achat, aupr\u00e8s d&rsquo;un prestataire de qualit\u00e9, perenne, et qui vous assurera dans la dur\u00e9e des prestations de maintenance qui garantiront le bon fonctionnement permanent de votre monte escalier. Si vous partez au hasard, vous n&rsquo;aurez bien s\u00fbr aucune certitude.<\/div>\n<h2>\u00a0Pour bien acheter, comparez les monte escalier !<\/h2>\n<div style=\"text-align: justify;\">Le seul moyen de se faire une id\u00e9e pr\u00e9cise dans ce domaine restde d&rsquo;obtenir des devis pour une installation \u00e0 votre domicile. Monteescalier.net est un portail mettant en relation les acheteurs de monte escalier qui souhaitent obtenir des devis de monte escalier et les vendeurs de monte escalier, qui souhaitent leur en proposer ! \u00a0Vous \u00eates donc \u00e0 l&rsquo;endroit id\u00e9al pour \u00eatre mis en contact avec les principaux vendeurs de monte escalier sur\u00a0Tours.<\/div>\n<p style=\"text-align: justify;\">En remplissant simplement la demande de devis qui figure en haut de cette page, vous serez en quelques heures mis en contact avec 4 ou 5 prestataires installateurs de la r\u00e9gion que nous avons s\u00e9lectionn\u00e9 pour vous. Et nous ne les avons pas choisis au hasard : Prix, choix, services clients, qualit\u00e9 de l&rsquo;accueuil, garanties \u00e9tendues et service apr\u00e8s vente irr\u00e9prochables, c&rsquo;est ce que nous exigeons des installateurs de monte escalier qui souhaitent travailler avec vous.<\/p>\n<div style=\"text-align: justify;\">\n<p>Le monte escalier c&rsquo;est toujours une installation\u00a0sur mesure, chaque escalier a ses caract\u00e9ristiques et ses dimensions sp\u00e9cifiques. Les professionnels doivent \u00e9valuer et \u00e9tudier la meilleure solution technique pour installer votre monte escalier. En comparant leur proposition vous verrez sans doute des diff\u00e9rences notables qui vous permettront d&rsquo;effectuer un choix, qui, nous en sommes convaincus, vous donnera pleine et compl\u00e8te satisfaction.<\/p>\n<\/div>\n<div style=\"text-align: justify;\">\n<p>Pour faire votre choix, vous pouvez aussi vouloir comparer les caract\u00e9ristiques d\u00e9taill\u00e9es des si\u00e8ges\u00a0monte escalier vendus par notre s\u00e9lection d&rsquo;installateurs. Bien entendu nous allons vous mettre en relation avec des installateurs commercialisant un large \u00e9ventail de marques et de mod\u00e8les afin de vous offrir un choix maximal.<\/p>\n<\/div>\n<div style=\"text-align: justify;\">Tous les services propos\u00e9s par ce site sont enti\u00e8rement gratuits et sans obligation d&rsquo;achat. Nous sommes un service de mise en relation. Vous serez mis en contact directement avec nos partenaires vendeurs de monte escalier et vous n\u00e9gocierez directement avec eux. Vous \u00eates totalement libres de n\u00e9gocier et de signer ou pas avec un des prestataires avec lequel nous vous avons mis en relation : nous ne prenons pas de commission sur la vente, nous ne vendons pas vos coordonn\u00e9es pour d&rsquo;autres projets, nous vous laissons tranquilles une fois vous avoir pr\u00e9sent\u00e9 les prestataires. Bref, nous sommes un service de mise en relation, rien de plus&#8230;mais rien de moins !<\/div>\n<p>&nbsp;<\/p>\n<\/div>\n<div class=\"titre_liens\">Voir aussi nos offres dans les villes voisines d&rsquo;Indre et Loire<\/div>\n<p>&nbsp;<\/p>\n<div class=\"boite_liens\"><a href=\"https:\/\/www.monteescalier.net\/france\/monte-escalier-joue-les-tours\">Monte escalier Jou\u00e9-l\u00e8s-Tours<\/a><br \/>\n<a href=\"https:\/\/www.monteescalier.net\/france\/monte-escalier-saint-cyr-sur-loire\">Monte escalier Saint-Cyr-sur-Loire<\/a><br \/>\n<a href=\"https:\/\/www.monteescalier.net\/france\/monte-escalier-saint-pierre-des-corps\">Monte escalier Saint-Pierre-des-Corps<\/a><br \/>\n<a href=\"https:\/\/www.monteescalier.net\/france\/monte-escalier-saint-avertin\">Monte escalier Saint-Avertin<\/a><br \/>\n<a href=\"https:\/\/www.monteescalier.net\/france\/monte-escalier-amboise\">Monte escalier Amboise<\/a><\/div>\n","protected":false},"excerpt":{"rendered":"<p>Acheter un monte escalier \u00e0 Tours Article du 08\/11\/2016 Pour acheter un\u00a0monte escalier \u00e0 Tours, rien de plus facile en apparence ! Vous trouverez sans peine un installateur dans le d\u00e9partement\u00a0 d&rsquo;Indre et Loire. Mais comment saurez-vous si vous avez r\u00e9alis\u00e9 un bon achat, aupr\u00e8s d&rsquo;un prestataire de qualit\u00e9, perenne, et qui vous assurera dans [&hellip;]<\/p>\n","protected":false},"author":1,"featured_media":0,"parent":0,"menu_order":0,"comment_status":"closed","ping_status":"open","template":"template_ville_16.php","meta":{"_monsterinsights_skip_tracking":false,"_monsterinsights_sitenote_active":false,"_monsterinsights_sitenote_note":"","_monsterinsights_sitenote_category":0,"footnotes":""},"class_list":["post-937","page","type-page","status-publish","hentry"],"yoast_head":"<!-- This site is optimized with the Yoast SEO plugin v26.3 - https:\/\/yoast.com\/wordpress\/plugins\/seo\/ -->\n<title>Monte escalier Tours - Monte escalier<\/title>\n<meta name=\"description\" content=\"Les monte escaliers s&#039;adaptent \u00e0 toutes les contraintes d&#039;utilisation : Nos partenaires installeurs sur Tours\" \/>\n<meta name=\"robots\" content=\"index, follow, max-snippet:-1, max-image-preview:large, max-video-preview:-1\" \/>\n<link rel=\"canonical\" href=\"https:\/\/www.monteescalier.net\/france\/monte-escalier-tours\/\" \/>\n<meta property=\"og:locale\" content=\"fr_FR\" \/>\n<meta property=\"og:type\" content=\"article\" \/>\n<meta property=\"og:title\" content=\"Monte escalier Tours - Monte escalier\" \/>\n<meta property=\"og:description\" content=\"Les monte escaliers s&#039;adaptent \u00e0 toutes les contraintes d&#039;utilisation : Nos partenaires installeurs sur Tours\" \/>\n<meta property=\"og:url\" content=\"https:\/\/www.monteescalier.net\/france\/monte-escalier-tours\/\" \/>\n<meta property=\"og:site_name\" content=\"Monte escalier\" \/>\n<meta property=\"article:modified_time\" content=\"2021-11-09T10:46:54+00:00\" \/>\n<meta name=\"twitter:card\" content=\"summary_large_image\" \/>\n<meta name=\"twitter:label1\" content=\"Dur\u00e9e de lecture estim\u00e9e\" \/>\n\t<meta name=\"twitter:data1\" content=\"3 minutes\" \/>\n<script type=\"application\/ld+json\" class=\"yoast-schema-graph\">{\"@context\":\"https:\/\/schema.org\",\"@graph\":[{\"@type\":\"WebPage\",\"@id\":\"https:\/\/www.monteescalier.net\/france\/monte-escalier-tours\/\",\"url\":\"https:\/\/www.monteescalier.net\/france\/monte-escalier-tours\/\",\"name\":\"Monte escalier Tours - Monte escalier\",\"isPartOf\":{\"@id\":\"https:\/\/www.monteescalier.net\/france\/#website\"},\"datePublished\":\"2021-09-26T09:47:11+00:00\",\"dateModified\":\"2021-11-09T10:46:54+00:00\",\"description\":\"Les monte escaliers s'adaptent \u00e0 toutes les contraintes d'utilisation : Nos partenaires installeurs sur Tours\",\"breadcrumb\":{\"@id\":\"https:\/\/www.monteescalier.net\/france\/monte-escalier-tours\/#breadcrumb\"},\"inLanguage\":\"fr-FR\",\"potentialAction\":[{\"@type\":\"ReadAction\",\"target\":[\"https:\/\/www.monteescalier.net\/france\/monte-escalier-tours\/\"]}]},{\"@type\":\"BreadcrumbList\",\"@id\":\"https:\/\/www.monteescalier.net\/france\/monte-escalier-tours\/#breadcrumb\",\"itemListElement\":[{\"@type\":\"ListItem\",\"position\":1,\"name\":\"Accueil\",\"item\":\"https:\/\/www.monteescalier.net\/france\/\"},{\"@type\":\"ListItem\",\"position\":2,\"name\":\"Monte escalier Tours\"}]},{\"@type\":\"WebSite\",\"@id\":\"https:\/\/www.monteescalier.net\/france\/#website\",\"url\":\"https:\/\/www.monteescalier.net\/france\/\",\"name\":\"Monte escalier\",\"description\":\"\",\"publisher\":{\"@id\":\"https:\/\/www.monteescalier.net\/france\/#organization\"},\"potentialAction\":[{\"@type\":\"SearchAction\",\"target\":{\"@type\":\"EntryPoint\",\"urlTemplate\":\"https:\/\/www.monteescalier.net\/france\/?s={search_term_string}\"},\"query-input\":{\"@type\":\"PropertyValueSpecification\",\"valueRequired\":true,\"valueName\":\"search_term_string\"}}],\"inLanguage\":\"fr-FR\"},{\"@type\":\"Organization\",\"@id\":\"https:\/\/www.monteescalier.net\/france\/#organization\",\"name\":\"monte-escalier.net\",\"url\":\"https:\/\/www.monteescalier.net\/france\/\",\"logo\":{\"@type\":\"ImageObject\",\"inLanguage\":\"fr-FR\",\"@id\":\"https:\/\/www.monteescalier.net\/france\/#\/schema\/logo\/image\/\",\"url\":\"https:\/\/www.monteescalier.net\/france\/wp-content\/uploads\/2016\/10\/4devis-mont-escalier-500-500.gif\",\"contentUrl\":\"https:\/\/www.monteescalier.net\/france\/wp-content\/uploads\/2016\/10\/4devis-mont-escalier-500-500.gif\",\"width\":500,\"height\":500,\"caption\":\"monte-escalier.net\"},\"image\":{\"@id\":\"https:\/\/www.monteescalier.net\/france\/#\/schema\/logo\/image\/\"}}]}<\/script>\n<!-- \/ Yoast SEO plugin. -->","yoast_head_json":{"title":"Monte escalier Tours - Monte escalier","description":"Les monte escaliers s'adaptent \u00e0 toutes les contraintes d'utilisation : Nos partenaires installeurs sur Tours","robots":{"index":"index","follow":"follow","max-snippet":"max-snippet:-1","max-image-preview":"max-image-preview:large","max-video-preview":"max-video-preview:-1"},"canonical":"https:\/\/www.monteescalier.net\/france\/monte-escalier-tours\/","og_locale":"fr_FR","og_type":"article","og_title":"Monte escalier Tours - Monte escalier","og_description":"Les monte escaliers s'adaptent \u00e0 toutes les contraintes d'utilisation : Nos partenaires installeurs sur Tours","og_url":"https:\/\/www.monteescalier.net\/france\/monte-escalier-tours\/","og_site_name":"Monte escalier","article_modified_time":"2021-11-09T10:46:54+00:00","twitter_card":"summary_large_image","twitter_misc":{"Dur\u00e9e de lecture estim\u00e9e":"3 minutes"},"schema":{"@context":"https:\/\/schema.org","@graph":[{"@type":"WebPage","@id":"https:\/\/www.monteescalier.net\/france\/monte-escalier-tours\/","url":"https:\/\/www.monteescalier.net\/france\/monte-escalier-tours\/","name":"Monte escalier Tours - Monte escalier","isPartOf":{"@id":"https:\/\/www.monteescalier.net\/france\/#website"},"datePublished":"2021-09-26T09:47:11+00:00","dateModified":"2021-11-09T10:46:54+00:00","description":"Les monte escaliers s'adaptent \u00e0 toutes les contraintes d'utilisation : Nos partenaires installeurs sur Tours","breadcrumb":{"@id":"https:\/\/www.monteescalier.net\/france\/monte-escalier-tours\/#breadcrumb"},"inLanguage":"fr-FR","potentialAction":[{"@type":"ReadAction","target":["https:\/\/www.monteescalier.net\/france\/monte-escalier-tours\/"]}]},{"@type":"BreadcrumbList","@id":"https:\/\/www.monteescalier.net\/france\/monte-escalier-tours\/#breadcrumb","itemListElement":[{"@type":"ListItem","position":1,"name":"Accueil","item":"https:\/\/www.monteescalier.net\/france\/"},{"@type":"ListItem","position":2,"name":"Monte escalier Tours"}]},{"@type":"WebSite","@id":"https:\/\/www.monteescalier.net\/france\/#website","url":"https:\/\/www.monteescalier.net\/france\/","name":"Monte escalier","description":"","publisher":{"@id":"https:\/\/www.monteescalier.net\/france\/#organization"},"potentialAction":[{"@type":"SearchAction","target":{"@type":"EntryPoint","urlTemplate":"https:\/\/www.monteescalier.net\/france\/?s={search_term_string}"},"query-input":{"@type":"PropertyValueSpecification","valueRequired":true,"valueName":"search_term_string"}}],"inLanguage":"fr-FR"},{"@type":"Organization","@id":"https:\/\/www.monteescalier.net\/france\/#organization","name":"monte-escalier.net","url":"https:\/\/www.monteescalier.net\/france\/","logo":{"@type":"ImageObject","inLanguage":"fr-FR","@id":"https:\/\/www.monteescalier.net\/france\/#\/schema\/logo\/image\/","url":"https:\/\/www.monteescalier.net\/france\/wp-content\/uploads\/2016\/10\/4devis-mont-escalier-500-500.gif","contentUrl":"https:\/\/www.monteescalier.net\/france\/wp-content\/uploads\/2016\/10\/4devis-mont-escalier-500-500.gif","width":500,"height":500,"caption":"monte-escalier.net"},"image":{"@id":"https:\/\/www.monteescalier.net\/france\/#\/schema\/logo\/image\/"}}]}},"_links":{"self":[{"href":"https:\/\/www.monteescalier.net\/france\/wp-json\/wp\/v2\/pages\/937","targetHints":{"allow":["GET"]}}],"collection":[{"href":"https:\/\/www.monteescalier.net\/france\/wp-json\/wp\/v2\/pages"}],"about":[{"href":"https:\/\/www.monteescalier.net\/france\/wp-json\/wp\/v2\/types\/page"}],"author":[{"embeddable":true,"href":"https:\/\/www.monteescalier.net\/france\/wp-json\/wp\/v2\/users\/1"}],"replies":[{"embeddable":true,"href":"https:\/\/www.monteescalier.net\/france\/wp-json\/wp\/v2\/comments?post=937"}],"version-history":[{"count":6,"href":"https:\/\/www.monteescalier.net\/france\/wp-json\/wp\/v2\/pages\/937\/revisions"}],"predecessor-version":[{"id":7424,"href":"https:\/\/www.monteescalier.net\/france\/wp-json\/wp\/v2\/pages\/937\/revisions\/7424"}],"wp:attachment":[{"href":"https:\/\/www.monteescalier.net\/france\/wp-json\/wp\/v2\/media?parent=937"}],"curies":[{"name":"wp","href":"https:\/\/api.w.org\/{rel}","templated":true}]}}