{"id":938,"date":"2021-02-26T10:47:11","date_gmt":"2021-02-26T09:47:11","guid":{"rendered":"https:\/\/www.monteescalier.net\/france\/?page_id=938"},"modified":"2021-11-09T12:02:04","modified_gmt":"2021-11-09T11:02:04","slug":"monte-escalier-amiens","status":"publish","type":"page","link":"https:\/\/www.monteescalier.net\/france\/monte-escalier-amiens\/","title":{"rendered":"Monte escalier Amiens"},"content":{"rendered":"<h1>Un monte escalier \u00e0 Amiens<\/h1>\n<pre style=\"text-align: justify;\">Mis \u00e0 jour le 03\/11\/2019<\/pre>\n<div style=\"text-align: justify;\"><\/div>\n<div class=\"boite_texte\">\n<div style=\"text-align: justify;\">Vous allez vous\u00a0\u00e9quiper d&rsquo;un monte escalier \u00e0 Amiens, mais comment faire le bon choix parmi la multitude des marques, des mod\u00e8les et des installateurs? La solution\u00a0passe par notre site monteescalier.net : un\u00a0site qui vous permet d&rsquo;\u00eatre mis directement en communication avec les prestataires qui comptent dans votre d\u00e9partement, un petit formulaire de contact \u00e0 remplir, \u00e7a suffit pour obtenir tr\u00e8s vite 4 ou 5 devis gratuits de monte escalier.<\/div>\n<p>&nbsp;<\/p>\n<div style=\"text-align: justify;\">Inutile de chercher et d&rsquo;appeler tous les revendeurs de monte escalier d&rsquo;Amiens. En compl\u00e9tant une demande de devis sur notre site, vous recevrez gratuitement plusieurs propositions des professionnels de votre r\u00e9gion, sans vous d\u00e9placer. Vous n&rsquo;aurez plus qu&rsquo;\u00e0 choisir la meilleure offre. Quoi de plus simple, en effet de comparer ce qui est comparable c&rsquo;est \u00e0 dire des propositions qui concerne directement votre maison et le monte escalier que vous voulez y faire installer : vous allez tout de suite voir outre le prix (tr\u00e8s important, j&rsquo;en conviens), le niveau de garantie ( 1 an, 2 ans, 5 ans, plus ?), les horaires d&rsquo;ouverture et d&rsquo;intervention du service apr\u00e8s vente (pratique quand on ne veut pas rester coinc\u00e9 un week-end par exemple)<\/div>\n<p>&nbsp;<\/p>\n<div align=\"center\">\n<div id=\"attachment_6764\" style=\"width: 330px\" class=\"wp-caption aligncenter\"><a href=\"https:\/\/www.monteescalier.net\/france\/wp-content\/uploads\/2014\/11\/amiens-pont-de-dodane.jpg\"><img loading=\"lazy\" decoding=\"async\" aria-describedby=\"caption-attachment-6764\" class=\"size-medium wp-image-6764\" src=\"https:\/\/www.monteescalier.net\/france\/wp-content\/uploads\/2014\/11\/amiens-pont-de-dodane.jpg\" alt=\"Amiens, Le pont de la Dodane. Photo M.T. Hebert &amp; J.R. Thibault\" width=\"320\" height=\"180\" \/><\/a><p id=\"caption-attachment-6764\" class=\"wp-caption-text\">Amiens, Pont de la Dodane. Photo <a href=\"https:\/\/www.flickr.com\/photos\/jrthibault\/\" target=\"_blank\" rel=\"noopener noreferrer\">M.T. Hebert &amp; J.R. Thibault<\/a><\/p><\/div>\n<\/div>\n<div style=\"text-align: justify;\">Vous avez des questions sur l&rsquo;installation d&rsquo;un monte escalier, sur les tarifs des monte escalier, sur les diff\u00e9rents mod\u00e8les, utilisez notre formulaire de demande de rappel et les professionnels du monte escalier de Picardie vous rappelleront rapidement pour vous proposer leurs solutions techniques et pourquoi ils pr\u00e9conisent tel mat\u00e9riel plut\u00f4t qu&rsquo;un autre. Des conseils de pro multipli\u00e9s par 4 ou 5, \u00e7a vaut le coup non?<\/div>\n<div style=\"text-align: justify;\">\n<p>Combien va vous co\u00fbter notre service de mise en relation ? roulement de tambour&#8230;.RIEN !\u00a0alors o\u00f9 est le pi\u00e8ge ? Il n&rsquo;y en a aucun, notre offre est totalement sans engagement. Si les propositions de nos partenaires ne vous conviennent pas, vous restez totalement libre d&rsquo;aller voir ailleurs !<\/p>\n<\/div>\n<\/div>\n<div class=\"titre_liens\">A voir aussi les revendeurs de monte escalier \u00e0 proximit\u00e9 d&rsquo;Amiens<\/div>\n<div class=\"boite_liens\"><a href=\"https:\/\/www.monteescalier.net\/france\/monte-escalier-abbeville\">Monte escalier Abbeville<\/a><br \/>\n<a href=\"https:\/\/www.monteescalier.net\/france\/monte-escalier-albert\">Monte escalier Albert<\/a><br \/>\n<a href=\"https:\/\/www.monteescalier.net\/france\/monte-escalier-peronne\">Monte escalier P\u00e9ronne<\/a><br \/>\n<a href=\"https:\/\/www.monteescalier.net\/france\/monte-escalier-doullens\">Monte escalier Doullens<\/a><br \/>\n<a href=\"https:\/\/www.monteescalier.net\/france\/monte-escalier-corbie\">Monte escalier Corbie<\/a><\/div>\n","protected":false},"excerpt":{"rendered":"<p>Un monte escalier \u00e0 Amiens Mis \u00e0 jour le 03\/11\/2019 Vous allez vous\u00a0\u00e9quiper d&rsquo;un monte escalier \u00e0 Amiens, mais comment faire le bon choix parmi la multitude des marques, des mod\u00e8les et des installateurs? La solution\u00a0passe par notre site monteescalier.net : un\u00a0site qui vous permet d&rsquo;\u00eatre mis directement en communication avec les prestataires qui comptent [&hellip;]<\/p>\n","protected":false},"author":1,"featured_media":0,"parent":0,"menu_order":0,"comment_status":"closed","ping_status":"open","template":"template_ville_16.php","meta":{"_monsterinsights_skip_tracking":false,"_monsterinsights_sitenote_active":false,"_monsterinsights_sitenote_note":"","_monsterinsights_sitenote_category":0,"footnotes":""},"class_list":["post-938","page","type-page","status-publish","hentry"],"yoast_head":"<!-- This site is optimized with the Yoast SEO plugin v26.3 - https:\/\/yoast.com\/wordpress\/plugins\/seo\/ -->\n<title>Monte escalier Amiens - Monte escalier<\/title>\n<meta name=\"description\" content=\"Pour faire la pose de votre monte-escalier en toute confiance \u00e0 Amiens, contactez un partenaires installeurs honn\u00eate et confirm\u00e9\" \/>\n<meta name=\"robots\" content=\"index, follow, max-snippet:-1, max-image-preview:large, max-video-preview:-1\" \/>\n<link rel=\"canonical\" href=\"https:\/\/www.monteescalier.net\/france\/monte-escalier-amiens\/\" \/>\n<meta property=\"og:locale\" content=\"fr_FR\" \/>\n<meta property=\"og:type\" content=\"article\" \/>\n<meta property=\"og:title\" content=\"Monte escalier Amiens - Monte escalier\" \/>\n<meta property=\"og:description\" content=\"Pour faire la pose de votre monte-escalier en toute confiance \u00e0 Amiens, contactez un partenaires installeurs honn\u00eate et confirm\u00e9\" \/>\n<meta property=\"og:url\" content=\"https:\/\/www.monteescalier.net\/france\/monte-escalier-amiens\/\" \/>\n<meta property=\"og:site_name\" content=\"Monte escalier\" \/>\n<meta property=\"article:modified_time\" content=\"2021-11-09T11:02:04+00:00\" \/>\n<meta property=\"og:image\" content=\"https:\/\/www.monteescalier.net\/france\/wp-content\/uploads\/2014\/11\/amiens-pont-de-dodane.jpg\" \/>\n<meta name=\"twitter:card\" content=\"summary_large_image\" \/>\n<meta name=\"twitter:label1\" content=\"Dur\u00e9e de lecture estim\u00e9e\" \/>\n\t<meta name=\"twitter:data1\" content=\"2 minutes\" \/>\n<script type=\"application\/ld+json\" class=\"yoast-schema-graph\">{\"@context\":\"https:\/\/schema.org\",\"@graph\":[{\"@type\":\"WebPage\",\"@id\":\"https:\/\/www.monteescalier.net\/france\/monte-escalier-amiens\/\",\"url\":\"https:\/\/www.monteescalier.net\/france\/monte-escalier-amiens\/\",\"name\":\"Monte escalier Amiens - Monte escalier\",\"isPartOf\":{\"@id\":\"https:\/\/www.monteescalier.net\/france\/#website\"},\"primaryImageOfPage\":{\"@id\":\"https:\/\/www.monteescalier.net\/france\/monte-escalier-amiens\/#primaryimage\"},\"image\":{\"@id\":\"https:\/\/www.monteescalier.net\/france\/monte-escalier-amiens\/#primaryimage\"},\"thumbnailUrl\":\"https:\/\/www.monteescalier.net\/france\/wp-content\/uploads\/2014\/11\/amiens-pont-de-dodane.jpg\",\"datePublished\":\"2021-02-26T09:47:11+00:00\",\"dateModified\":\"2021-11-09T11:02:04+00:00\",\"description\":\"Pour faire la pose de votre monte-escalier en toute confiance \u00e0 Amiens, contactez un partenaires installeurs honn\u00eate et confirm\u00e9\",\"breadcrumb\":{\"@id\":\"https:\/\/www.monteescalier.net\/france\/monte-escalier-amiens\/#breadcrumb\"},\"inLanguage\":\"fr-FR\",\"potentialAction\":[{\"@type\":\"ReadAction\",\"target\":[\"https:\/\/www.monteescalier.net\/france\/monte-escalier-amiens\/\"]}]},{\"@type\":\"ImageObject\",\"inLanguage\":\"fr-FR\",\"@id\":\"https:\/\/www.monteescalier.net\/france\/monte-escalier-amiens\/#primaryimage\",\"url\":\"https:\/\/www.monteescalier.net\/france\/wp-content\/uploads\/2014\/11\/amiens-pont-de-dodane.jpg\",\"contentUrl\":\"https:\/\/www.monteescalier.net\/france\/wp-content\/uploads\/2014\/11\/amiens-pont-de-dodane.jpg\",\"width\":640,\"height\":359},{\"@type\":\"BreadcrumbList\",\"@id\":\"https:\/\/www.monteescalier.net\/france\/monte-escalier-amiens\/#breadcrumb\",\"itemListElement\":[{\"@type\":\"ListItem\",\"position\":1,\"name\":\"Accueil\",\"item\":\"https:\/\/www.monteescalier.net\/france\/\"},{\"@type\":\"ListItem\",\"position\":2,\"name\":\"Monte escalier Amiens\"}]},{\"@type\":\"WebSite\",\"@id\":\"https:\/\/www.monteescalier.net\/france\/#website\",\"url\":\"https:\/\/www.monteescalier.net\/france\/\",\"name\":\"Monte escalier\",\"description\":\"\",\"publisher\":{\"@id\":\"https:\/\/www.monteescalier.net\/france\/#organization\"},\"potentialAction\":[{\"@type\":\"SearchAction\",\"target\":{\"@type\":\"EntryPoint\",\"urlTemplate\":\"https:\/\/www.monteescalier.net\/france\/?s={search_term_string}\"},\"query-input\":{\"@type\":\"PropertyValueSpecification\",\"valueRequired\":true,\"valueName\":\"search_term_string\"}}],\"inLanguage\":\"fr-FR\"},{\"@type\":\"Organization\",\"@id\":\"https:\/\/www.monteescalier.net\/france\/#organization\",\"name\":\"monte-escalier.net\",\"url\":\"https:\/\/www.monteescalier.net\/france\/\",\"logo\":{\"@type\":\"ImageObject\",\"inLanguage\":\"fr-FR\",\"@id\":\"https:\/\/www.monteescalier.net\/france\/#\/schema\/logo\/image\/\",\"url\":\"https:\/\/www.monteescalier.net\/france\/wp-content\/uploads\/2016\/10\/4devis-mont-escalier-500-500.gif\",\"contentUrl\":\"https:\/\/www.monteescalier.net\/france\/wp-content\/uploads\/2016\/10\/4devis-mont-escalier-500-500.gif\",\"width\":500,\"height\":500,\"caption\":\"monte-escalier.net\"},\"image\":{\"@id\":\"https:\/\/www.monteescalier.net\/france\/#\/schema\/logo\/image\/\"}}]}<\/script>\n<!-- \/ Yoast SEO plugin. -->","yoast_head_json":{"title":"Monte escalier Amiens - Monte escalier","description":"Pour faire la pose de votre monte-escalier en toute confiance \u00e0 Amiens, contactez un partenaires installeurs honn\u00eate et confirm\u00e9","robots":{"index":"index","follow":"follow","max-snippet":"max-snippet:-1","max-image-preview":"max-image-preview:large","max-video-preview":"max-video-preview:-1"},"canonical":"https:\/\/www.monteescalier.net\/france\/monte-escalier-amiens\/","og_locale":"fr_FR","og_type":"article","og_title":"Monte escalier Amiens - Monte escalier","og_description":"Pour faire la pose de votre monte-escalier en toute confiance \u00e0 Amiens, contactez un partenaires installeurs honn\u00eate et confirm\u00e9","og_url":"https:\/\/www.monteescalier.net\/france\/monte-escalier-amiens\/","og_site_name":"Monte escalier","article_modified_time":"2021-11-09T11:02:04+00:00","og_image":[{"url":"https:\/\/www.monteescalier.net\/france\/wp-content\/uploads\/2014\/11\/amiens-pont-de-dodane.jpg","type":"","width":"","height":""}],"twitter_card":"summary_large_image","twitter_misc":{"Dur\u00e9e de lecture estim\u00e9e":"2 minutes"},"schema":{"@context":"https:\/\/schema.org","@graph":[{"@type":"WebPage","@id":"https:\/\/www.monteescalier.net\/france\/monte-escalier-amiens\/","url":"https:\/\/www.monteescalier.net\/france\/monte-escalier-amiens\/","name":"Monte escalier Amiens - Monte escalier","isPartOf":{"@id":"https:\/\/www.monteescalier.net\/france\/#website"},"primaryImageOfPage":{"@id":"https:\/\/www.monteescalier.net\/france\/monte-escalier-amiens\/#primaryimage"},"image":{"@id":"https:\/\/www.monteescalier.net\/france\/monte-escalier-amiens\/#primaryimage"},"thumbnailUrl":"https:\/\/www.monteescalier.net\/france\/wp-content\/uploads\/2014\/11\/amiens-pont-de-dodane.jpg","datePublished":"2021-02-26T09:47:11+00:00","dateModified":"2021-11-09T11:02:04+00:00","description":"Pour faire la pose de votre monte-escalier en toute confiance \u00e0 Amiens, contactez un partenaires installeurs honn\u00eate et confirm\u00e9","breadcrumb":{"@id":"https:\/\/www.monteescalier.net\/france\/monte-escalier-amiens\/#breadcrumb"},"inLanguage":"fr-FR","potentialAction":[{"@type":"ReadAction","target":["https:\/\/www.monteescalier.net\/france\/monte-escalier-amiens\/"]}]},{"@type":"ImageObject","inLanguage":"fr-FR","@id":"https:\/\/www.monteescalier.net\/france\/monte-escalier-amiens\/#primaryimage","url":"https:\/\/www.monteescalier.net\/france\/wp-content\/uploads\/2014\/11\/amiens-pont-de-dodane.jpg","contentUrl":"https:\/\/www.monteescalier.net\/france\/wp-content\/uploads\/2014\/11\/amiens-pont-de-dodane.jpg","width":640,"height":359},{"@type":"BreadcrumbList","@id":"https:\/\/www.monteescalier.net\/france\/monte-escalier-amiens\/#breadcrumb","itemListElement":[{"@type":"ListItem","position":1,"name":"Accueil","item":"https:\/\/www.monteescalier.net\/france\/"},{"@type":"ListItem","position":2,"name":"Monte escalier Amiens"}]},{"@type":"WebSite","@id":"https:\/\/www.monteescalier.net\/france\/#website","url":"https:\/\/www.monteescalier.net\/france\/","name":"Monte escalier","description":"","publisher":{"@id":"https:\/\/www.monteescalier.net\/france\/#organization"},"potentialAction":[{"@type":"SearchAction","target":{"@type":"EntryPoint","urlTemplate":"https:\/\/www.monteescalier.net\/france\/?s={search_term_string}"},"query-input":{"@type":"PropertyValueSpecification","valueRequired":true,"valueName":"search_term_string"}}],"inLanguage":"fr-FR"},{"@type":"Organization","@id":"https:\/\/www.monteescalier.net\/france\/#organization","name":"monte-escalier.net","url":"https:\/\/www.monteescalier.net\/france\/","logo":{"@type":"ImageObject","inLanguage":"fr-FR","@id":"https:\/\/www.monteescalier.net\/france\/#\/schema\/logo\/image\/","url":"https:\/\/www.monteescalier.net\/france\/wp-content\/uploads\/2016\/10\/4devis-mont-escalier-500-500.gif","contentUrl":"https:\/\/www.monteescalier.net\/france\/wp-content\/uploads\/2016\/10\/4devis-mont-escalier-500-500.gif","width":500,"height":500,"caption":"monte-escalier.net"},"image":{"@id":"https:\/\/www.monteescalier.net\/france\/#\/schema\/logo\/image\/"}}]}},"_links":{"self":[{"href":"https:\/\/www.monteescalier.net\/france\/wp-json\/wp\/v2\/pages\/938","targetHints":{"allow":["GET"]}}],"collection":[{"href":"https:\/\/www.monteescalier.net\/france\/wp-json\/wp\/v2\/pages"}],"about":[{"href":"https:\/\/www.monteescalier.net\/france\/wp-json\/wp\/v2\/types\/page"}],"author":[{"embeddable":true,"href":"https:\/\/www.monteescalier.net\/france\/wp-json\/wp\/v2\/users\/1"}],"replies":[{"embeddable":true,"href":"https:\/\/www.monteescalier.net\/france\/wp-json\/wp\/v2\/comments?post=938"}],"version-history":[{"count":9,"href":"https:\/\/www.monteescalier.net\/france\/wp-json\/wp\/v2\/pages\/938\/revisions"}],"predecessor-version":[{"id":8755,"href":"https:\/\/www.monteescalier.net\/france\/wp-json\/wp\/v2\/pages\/938\/revisions\/8755"}],"wp:attachment":[{"href":"https:\/\/www.monteescalier.net\/france\/wp-json\/wp\/v2\/media?parent=938"}],"curies":[{"name":"wp","href":"https:\/\/api.w.org\/{rel}","templated":true}]}}