{"id":941,"date":"2021-05-26T10:47:11","date_gmt":"2021-05-26T09:47:11","guid":{"rendered":"https:\/\/www.monteescalier.net\/france\/?page_id=941"},"modified":"2021-11-09T12:50:02","modified_gmt":"2021-11-09T11:50:02","slug":"monte-escalier-perpignan","status":"publish","type":"page","link":"https:\/\/www.monteescalier.net\/france\/monte-escalier-perpignan\/","title":{"rendered":"Monte escalier Perpignan"},"content":{"rendered":"<h1>Acheter son\u00a0monte escalier \u00e0 Perpignan<\/h1>\n<div class=\"boite_texte\">\n<pre style=\"text-align: justify;\">article mis \u00e0 jour le 16\/11\/2016<\/pre>\n<div style=\"text-align: justify;\"><\/div>\n<div style=\"text-align: justify;\">Vous voulez \u00e9quiper\u00a0d&rsquo;un monte escalier votre maison \u00e0 Perpignan. Cela vous permettra d&rsquo;acc\u00e9der sans risques et sans effort \u00e0 votre \u00e9tage aussi bien en montant qu&rsquo;en descendant. Comme vous le savez certainement un monte escalier se compose d&rsquo;un rail simple ou double qui se fixe sur le c\u00f4t\u00e9 de l&rsquo;escalier et sur lequel on va faire coulisser un fauteuil monte escalier \u00e9quip\u00e9 d&rsquo;une manette de contr\u00f4le. L&rsquo;ensemble \u00e9tant aliment\u00e9 \u00e9lectriquement pour asurer le mouvement, le plus souvent \u00e0 l&rsquo;aide de batteries qui se recharchent automatiquement quand vous n&rsquo;utilisez pas l&rsquo;appareil. Si tous les monte escalier correspondent \u00e0 cette d\u00e9finition, il n&rsquo;en ai pas moins vrai que chaque marque, voire chaque mod\u00e8le \u00e0 ses sp\u00e9cificit\u00e9s : certains par exemple vont privil\u00e9gier les espaces les plus \u00e9troits (exemple un escalier de 70cm de large seulement), d&rsquo;autres vont permettre \u00a0aux plus gros gabarits de les utiliser (l\u00e0 ou les mod\u00e8les standard s&rsquo;arreteront \u00e0 un poids maximum autour de 100 Kg), d&rsquo;autres enfin pourront avoir des options de personnalisation sur la couleur du si\u00e8ge ou encore avec des syst\u00e8mes de pivotement automatique en fin de cycle au niveau des paliers pour faciliter la mont\u00e9e et la descente du monte escalier par l&rsquo;utilisateur.<\/div>\n<h2>\u00a0Quel installateur de monte escalier contacter \u00e0 Perpignan?<\/h2>\n<div style=\"text-align: justify;\">\n<p>Vous l&rsquo;avez compris, s&rsquo;y retrouver dans la profusion des marques et des mod\u00e8les de monte escalier \u00e0 Perpignan n&rsquo;est pas un probl\u00e8me des plus simples \u00e0 r\u00e9soudre&#8230;sauf si on vous donne un petit coup de main ! Monteescalier.net est un portail vous mettant en relation avec\u00a0\u00a0les vendeurs de monte escalier de votre r\u00e9gion. En utilisant nos services, vous vous garantissez non seulement d&rsquo;obtenir une s\u00e9lection d\u00e9j\u00e0 faite de prestataires (ind\u00e9pendants les uns des autres) mais aussi d&rsquo;obtenir de chacun d&rsquo;eux une proposition chiffr\u00e9e pour l&rsquo;installation de votre monte escalier.<\/p>\n<\/div>\n<div style=\"text-align: justify;\">D\u00e8s lors, il ne vous sera pas utile de \u00a0chercher et d&rsquo;appeler tous les renvendeurs de monte escalier de Perpignan. En compl\u00e9tant une demande de devis sur notre site (formulaire en haut de cette page), vous recevrez gratuitement plusieurs propositions des professionnels du monte escalier de votre region, sans vous d\u00e9placer. Vous n&rsquo;aurez plus qu&rsquo;\u00e0 choisir la meilleure proposition parmi toutes celles que vous recevrez. Comme pr\u00e9cis\u00e9 plus haut, il ne s&rsquo;agit pas de vous pr\u00e9senter \u00e0 tout le monde mais uniquement aux installateurs de monte escalier travaillant dans la r\u00e9gion qui nous ont convaincu de la qualit\u00e9 de leurs services, de leurs mat\u00e9riels, de leurs prestations et bien s\u00fbr de leur prix.<\/div>\n<p>La demande de rappel pour les monte escaliers<\/p>\n<div style=\"text-align: justify;\">Chaque installation de monte escalier \u00e9tant sp\u00e9cifique, vous pouvez \u00eatre amen\u00e9 \u00e0 vouloir dialoguer avec de v\u00e9ritables experts, professionnels de l&rsquo;installation de monte escalier \u00e0 Perpignan. Pour vous faciliter la t\u00e2che, utilisez <a href=\"https:\/\/www.monteescalier.net\/demande-de-rappel.php\">notre service de demande de rappel<\/a>, un formulaire avec vos coordonn\u00e9es \u00e0 remplir et vous serez tr\u00e8s vite rappel\u00e9s par nos partenaire dans votre d\u00e9partement.<\/div>\n<p>&nbsp;<\/p>\n<div style=\"text-align: justify;\">Nos revendeurs de monte escalier partenaires peuvent \u00e9galement vous faire parvenir de la documentation sur les diff\u00e9rents mod\u00e8les de monte escalier qu&rsquo;ils commercialisent, que ce soit par courrier ou par email. Essayez la <a href=\"https:\/\/www.monteescalier.net\/demande-de-documentation.php\">demande de documentation<\/a><\/div>\n<p>&nbsp;<\/p>\n<div style=\"text-align: justify;\">Avec notre site, pas de co\u00fbt et pas d&rsquo;engagements ! que vous trouviez un accord ou non avec un de nos partenaires installateurs , nous ne vous facturerons rien pour notre service de mise en relation. Si vous trouvez votre prestataire gr\u00e2ce \u00e0 nous tant mieux pour vous, alors testez nous !<\/div>\n<p>&nbsp;<\/p>\n<\/div>\n<div class=\"titre_liens\">A c\u00f4t\u00e9 de chez vous nous travaillons aussi sur les communes suivantes<\/div>\n<div class=\"boite_liens\"><a href=\"https:\/\/www.monteescalier.net\/france\/monte-escalier-canet-en-roussillon\">Monte escalier Canet-en-Roussillon<\/a><br \/>\n<a href=\"https:\/\/www.monteescalier.net\/france\/monte-escalier-saint-esteve\">Monte escalier Saint-Est\u00e8ve<\/a><br \/>\n<a href=\"https:\/\/www.monteescalier.net\/france\/monte-escalier-saint-cyprien\">Monte escalier Saint-Cyprien<\/a><br \/>\n<a href=\"https:\/\/www.monteescalier.net\/france\/monte-escalier-argeles-sur-mer\">Monte escalier Argel\u00e8s-sur-Mer<\/a><br \/>\n<a href=\"https:\/\/www.monteescalier.net\/france\/monte-escalier-cabestany\">Monte escalier Cabestany<\/a><\/div>\n","protected":false},"excerpt":{"rendered":"<p>Acheter son\u00a0monte escalier \u00e0 Perpignan article mis \u00e0 jour le 16\/11\/2016 Vous voulez \u00e9quiper\u00a0d&rsquo;un monte escalier votre maison \u00e0 Perpignan. Cela vous permettra d&rsquo;acc\u00e9der sans risques et sans effort \u00e0 votre \u00e9tage aussi bien en montant qu&rsquo;en descendant. Comme vous le savez certainement un monte escalier se compose d&rsquo;un rail simple ou double qui se [&hellip;]<\/p>\n","protected":false},"author":1,"featured_media":0,"parent":0,"menu_order":0,"comment_status":"closed","ping_status":"open","template":"template_ville_15.php","meta":{"_monsterinsights_skip_tracking":false,"_monsterinsights_sitenote_active":false,"_monsterinsights_sitenote_note":"","_monsterinsights_sitenote_category":0,"footnotes":""},"class_list":["post-941","page","type-page","status-publish","hentry"],"yoast_head":"<!-- This site is optimized with the Yoast SEO plugin v26.3 - https:\/\/yoast.com\/wordpress\/plugins\/seo\/ -->\n<title>Monte escalier Perpignan - Monte escalier<\/title>\n<meta name=\"description\" content=\"Monte-escaliers sur Perpignan, nos partenaires installeur a votre disposition .\" \/>\n<meta name=\"robots\" content=\"index, follow, max-snippet:-1, max-image-preview:large, max-video-preview:-1\" \/>\n<link rel=\"canonical\" href=\"https:\/\/www.monteescalier.net\/france\/monte-escalier-perpignan\/\" \/>\n<meta property=\"og:locale\" content=\"fr_FR\" \/>\n<meta property=\"og:type\" content=\"article\" \/>\n<meta property=\"og:title\" content=\"Monte escalier Perpignan - Monte escalier\" \/>\n<meta property=\"og:description\" content=\"Monte-escaliers sur Perpignan, nos partenaires installeur a votre disposition .\" \/>\n<meta property=\"og:url\" content=\"https:\/\/www.monteescalier.net\/france\/monte-escalier-perpignan\/\" \/>\n<meta property=\"og:site_name\" content=\"Monte escalier\" \/>\n<meta property=\"article:modified_time\" content=\"2021-11-09T11:50:02+00:00\" \/>\n<meta name=\"twitter:card\" content=\"summary_large_image\" \/>\n<meta name=\"twitter:label1\" content=\"Dur\u00e9e de lecture estim\u00e9e\" \/>\n\t<meta name=\"twitter:data1\" content=\"3 minutes\" \/>\n<script type=\"application\/ld+json\" class=\"yoast-schema-graph\">{\"@context\":\"https:\/\/schema.org\",\"@graph\":[{\"@type\":\"WebPage\",\"@id\":\"https:\/\/www.monteescalier.net\/france\/monte-escalier-perpignan\/\",\"url\":\"https:\/\/www.monteescalier.net\/france\/monte-escalier-perpignan\/\",\"name\":\"Monte escalier Perpignan - Monte escalier\",\"isPartOf\":{\"@id\":\"https:\/\/www.monteescalier.net\/france\/#website\"},\"datePublished\":\"2021-05-26T09:47:11+00:00\",\"dateModified\":\"2021-11-09T11:50:02+00:00\",\"description\":\"Monte-escaliers sur Perpignan, nos partenaires installeur a votre disposition .\",\"breadcrumb\":{\"@id\":\"https:\/\/www.monteescalier.net\/france\/monte-escalier-perpignan\/#breadcrumb\"},\"inLanguage\":\"fr-FR\",\"potentialAction\":[{\"@type\":\"ReadAction\",\"target\":[\"https:\/\/www.monteescalier.net\/france\/monte-escalier-perpignan\/\"]}]},{\"@type\":\"BreadcrumbList\",\"@id\":\"https:\/\/www.monteescalier.net\/france\/monte-escalier-perpignan\/#breadcrumb\",\"itemListElement\":[{\"@type\":\"ListItem\",\"position\":1,\"name\":\"Accueil\",\"item\":\"https:\/\/www.monteescalier.net\/france\/\"},{\"@type\":\"ListItem\",\"position\":2,\"name\":\"Monte escalier Perpignan\"}]},{\"@type\":\"WebSite\",\"@id\":\"https:\/\/www.monteescalier.net\/france\/#website\",\"url\":\"https:\/\/www.monteescalier.net\/france\/\",\"name\":\"Monte escalier\",\"description\":\"\",\"publisher\":{\"@id\":\"https:\/\/www.monteescalier.net\/france\/#organization\"},\"potentialAction\":[{\"@type\":\"SearchAction\",\"target\":{\"@type\":\"EntryPoint\",\"urlTemplate\":\"https:\/\/www.monteescalier.net\/france\/?s={search_term_string}\"},\"query-input\":{\"@type\":\"PropertyValueSpecification\",\"valueRequired\":true,\"valueName\":\"search_term_string\"}}],\"inLanguage\":\"fr-FR\"},{\"@type\":\"Organization\",\"@id\":\"https:\/\/www.monteescalier.net\/france\/#organization\",\"name\":\"monte-escalier.net\",\"url\":\"https:\/\/www.monteescalier.net\/france\/\",\"logo\":{\"@type\":\"ImageObject\",\"inLanguage\":\"fr-FR\",\"@id\":\"https:\/\/www.monteescalier.net\/france\/#\/schema\/logo\/image\/\",\"url\":\"https:\/\/www.monteescalier.net\/france\/wp-content\/uploads\/2016\/10\/4devis-mont-escalier-500-500.gif\",\"contentUrl\":\"https:\/\/www.monteescalier.net\/france\/wp-content\/uploads\/2016\/10\/4devis-mont-escalier-500-500.gif\",\"width\":500,\"height\":500,\"caption\":\"monte-escalier.net\"},\"image\":{\"@id\":\"https:\/\/www.monteescalier.net\/france\/#\/schema\/logo\/image\/\"}}]}<\/script>\n<!-- \/ Yoast SEO plugin. -->","yoast_head_json":{"title":"Monte escalier Perpignan - Monte escalier","description":"Monte-escaliers sur Perpignan, nos partenaires installeur a votre disposition .","robots":{"index":"index","follow":"follow","max-snippet":"max-snippet:-1","max-image-preview":"max-image-preview:large","max-video-preview":"max-video-preview:-1"},"canonical":"https:\/\/www.monteescalier.net\/france\/monte-escalier-perpignan\/","og_locale":"fr_FR","og_type":"article","og_title":"Monte escalier Perpignan - Monte escalier","og_description":"Monte-escaliers sur Perpignan, nos partenaires installeur a votre disposition .","og_url":"https:\/\/www.monteescalier.net\/france\/monte-escalier-perpignan\/","og_site_name":"Monte escalier","article_modified_time":"2021-11-09T11:50:02+00:00","twitter_card":"summary_large_image","twitter_misc":{"Dur\u00e9e de lecture estim\u00e9e":"3 minutes"},"schema":{"@context":"https:\/\/schema.org","@graph":[{"@type":"WebPage","@id":"https:\/\/www.monteescalier.net\/france\/monte-escalier-perpignan\/","url":"https:\/\/www.monteescalier.net\/france\/monte-escalier-perpignan\/","name":"Monte escalier Perpignan - Monte escalier","isPartOf":{"@id":"https:\/\/www.monteescalier.net\/france\/#website"},"datePublished":"2021-05-26T09:47:11+00:00","dateModified":"2021-11-09T11:50:02+00:00","description":"Monte-escaliers sur Perpignan, nos partenaires installeur a votre disposition .","breadcrumb":{"@id":"https:\/\/www.monteescalier.net\/france\/monte-escalier-perpignan\/#breadcrumb"},"inLanguage":"fr-FR","potentialAction":[{"@type":"ReadAction","target":["https:\/\/www.monteescalier.net\/france\/monte-escalier-perpignan\/"]}]},{"@type":"BreadcrumbList","@id":"https:\/\/www.monteescalier.net\/france\/monte-escalier-perpignan\/#breadcrumb","itemListElement":[{"@type":"ListItem","position":1,"name":"Accueil","item":"https:\/\/www.monteescalier.net\/france\/"},{"@type":"ListItem","position":2,"name":"Monte escalier Perpignan"}]},{"@type":"WebSite","@id":"https:\/\/www.monteescalier.net\/france\/#website","url":"https:\/\/www.monteescalier.net\/france\/","name":"Monte escalier","description":"","publisher":{"@id":"https:\/\/www.monteescalier.net\/france\/#organization"},"potentialAction":[{"@type":"SearchAction","target":{"@type":"EntryPoint","urlTemplate":"https:\/\/www.monteescalier.net\/france\/?s={search_term_string}"},"query-input":{"@type":"PropertyValueSpecification","valueRequired":true,"valueName":"search_term_string"}}],"inLanguage":"fr-FR"},{"@type":"Organization","@id":"https:\/\/www.monteescalier.net\/france\/#organization","name":"monte-escalier.net","url":"https:\/\/www.monteescalier.net\/france\/","logo":{"@type":"ImageObject","inLanguage":"fr-FR","@id":"https:\/\/www.monteescalier.net\/france\/#\/schema\/logo\/image\/","url":"https:\/\/www.monteescalier.net\/france\/wp-content\/uploads\/2016\/10\/4devis-mont-escalier-500-500.gif","contentUrl":"https:\/\/www.monteescalier.net\/france\/wp-content\/uploads\/2016\/10\/4devis-mont-escalier-500-500.gif","width":500,"height":500,"caption":"monte-escalier.net"},"image":{"@id":"https:\/\/www.monteescalier.net\/france\/#\/schema\/logo\/image\/"}}]}},"_links":{"self":[{"href":"https:\/\/www.monteescalier.net\/france\/wp-json\/wp\/v2\/pages\/941","targetHints":{"allow":["GET"]}}],"collection":[{"href":"https:\/\/www.monteescalier.net\/france\/wp-json\/wp\/v2\/pages"}],"about":[{"href":"https:\/\/www.monteescalier.net\/france\/wp-json\/wp\/v2\/types\/page"}],"author":[{"embeddable":true,"href":"https:\/\/www.monteescalier.net\/france\/wp-json\/wp\/v2\/users\/1"}],"replies":[{"embeddable":true,"href":"https:\/\/www.monteescalier.net\/france\/wp-json\/wp\/v2\/comments?post=941"}],"version-history":[{"count":4,"href":"https:\/\/www.monteescalier.net\/france\/wp-json\/wp\/v2\/pages\/941\/revisions"}],"predecessor-version":[{"id":7429,"href":"https:\/\/www.monteescalier.net\/france\/wp-json\/wp\/v2\/pages\/941\/revisions\/7429"}],"wp:attachment":[{"href":"https:\/\/www.monteescalier.net\/france\/wp-json\/wp\/v2\/media?parent=941"}],"curies":[{"name":"wp","href":"https:\/\/api.w.org\/{rel}","templated":true}]}}