{"id":943,"date":"2021-02-26T10:47:11","date_gmt":"2021-02-26T09:47:11","guid":{"rendered":"https:\/\/www.monteescalier.net\/france\/?page_id=943"},"modified":"2021-11-09T12:59:23","modified_gmt":"2021-11-09T11:59:23","slug":"monte-escalier-boulogne-billancourt","status":"publish","type":"page","link":"https:\/\/www.monteescalier.net\/france\/monte-escalier-boulogne-billancourt\/","title":{"rendered":"Monte escalier Boulogne-Billancourt"},"content":{"rendered":"<h1>Plusieurs devis de monte escalier \u00e0 Boulogne-Billancourt<\/h1>\n<div class=\"boite_texte\">\n<pre style=\"text-align: justify;\">Mis \u00e0 jour le 23\/11\/2016<\/pre>\n<div style=\"text-align: justify;\"><\/div>\n<div style=\"text-align: justify;\">Vous avez besoin\u00a0faire installer un monte escalier \u00e0 Boulogne-Billancourt, rassurez-vous, m\u00eame si vous n&rsquo;y connaissez rien, il est toujours possible d&rsquo;obtenir un tr\u00e8s bon prix pour votre monte escalier. Il suffit de suivre nos conseils et d&rsquo;utiliser nos outils totalement gratuits.<\/div>\n<h2>\u00a0Comment s\u00e9lectionner son installateur ?<\/h2>\n<div style=\"text-align: justify;\">Vous pouvez faire votre choix au \u00ab\u00a0doigt mouill\u00e9\u00a0\u00bb en laissant votre chance d\u00e9cider&#8230;Mais la, nous ne garantissons rien ! Vous pouvez aussi faire une \u00e9tude du march\u00e9 du monte escalier \u00e0 Boulogne et en d\u00e9duire qui, pour votre maison vous propose le meilleur prix \u00e0 qualit\u00e9 et options \u00e9quivalentes. C&rsquo;est dans cette 2\u00e8me voie que nous vous recommandons de vous diriger.<\/div>\n<\/div>\n<div style=\"text-align: justify;\"><\/div>\n<div style=\"text-align: justify;\">Cela ne vous enchante s\u00fbrement d&rsquo;aller demander des devis de monte escalier \u00e0 tous les prestataires de la r\u00e9gion parisienne, sans savoir ceux qui donneront suite, ou ceux qui sont r\u00e9put\u00e9s pour la qualit\u00e9 de leurs prestations. C&rsquo;est l\u00e0 que nous pouvons vous aider. Nous avons une grande exp\u00e9rience dans ce domaine car nous avons d\u00e9j\u00e0 orient\u00e9 de nombreux acheteurs vers des installateur de monte escalier parisiens. Nous avons une liste de prestataires en r\u00e9gion parisienne dont nous savons qu&rsquo;ils sont comp\u00e9titifs en prix, dont les clients sont en tr\u00e8s grande majorit\u00e9 tr\u00e8s satisfaits des prestations et nous pouvons vous mettre en contact avec eux en quelques clics.<\/div>\n<div style=\"text-align: justify;\"><\/div>\n<h2 style=\"text-align: justify;\">Comment recevoir plusieurs devis de monte escalier ?<\/h2>\n<div class=\"boite_texte\">\n<div style=\"text-align: justify;\">Vous allez voir que ce n&rsquo;est pas tr\u00e8s contraignant : remplissez simplement le formulaire qui se trouve en haut de cette page et vous recevrez dans les heures qui suivent l&rsquo;appel des diff\u00e9rents prestataires que nous avons s\u00e9lectionn\u00e9s. Pas d&rsquo;interm\u00e9diaire, pas de commission, pas d&rsquo;obligation d&rsquo;achat et pas de revente de vos coordonn\u00e9es \u00e0 d&rsquo;autres fins ! Voici les 4 r\u00e8gles auxquelles nous nous astreignons. Nous ne vous demandons qu&rsquo;une chose en \u00e9change. R\u00e9servez un bon accueil aux prestataires qui vont vous contacter car ils acceptent de jouer le jeu de la concurrence et de la transparence.<\/div>\n<div style=\"text-align: justify;\"><\/div>\n<div style=\"text-align: justify;\">Inutile donc de chercher \u00e0 appeler tous les revendeurs de monte escalier de Boulogne-Billancourt. En compl\u00e9tant une seule demande de devis sur notre site, vous serez d\u00e9j\u00e0 en contact avec une s\u00e9lection de grande qualit\u00e9 avec laquelle il sera plus facile de faire votre choix. Et si, pour une raison que nous pourrions nous expliquer, vous ne trouviez pas votre installateur de monte escalier parmi ceux que nous vous avons pr\u00e9sent\u00e9, vous restez totalement libres de vous renseigner par ailleurs et de conclure avec un autre installateur. Ne touchant pas de commissions sur les ventes, nous ne vous en voudrons pas pour \u00e7a. Mais dans ce cas n&rsquo;h\u00e9sitez pas \u00e0 nous contacter si vous voulez nous faire part de votre ressenti vis \u00e0 vis de tel ou tel prestataire.<\/div>\n<p>&nbsp;<\/p>\n<p>Liens utiles vers nos offres monte escalier dans les communes du 92 (Hauts de Seine)<\/p>\n<\/div>\n<div class=\"boite_liens\"><a href=\"https:\/\/www.monteescalier.net\/france\/monte-escalier-nanterre\">Monte escalier Nanterre<\/a><br \/>\n<a href=\"https:\/\/www.monteescalier.net\/france\/monte-escalier-courbevoie\">Monte escalier Courbevoie<\/a><br \/>\n<a href=\"https:\/\/www.monteescalier.net\/france\/monte-escalier-colombes\">Monte escalier Colombes<\/a><br \/>\n<a href=\"https:\/\/www.monteescalier.net\/france\/monte-escalier-asnieres-sur-seine\">Monte escalier Asni\u00e8res-sur-Seine<\/a><br \/>\n<a href=\"https:\/\/www.monteescalier.net\/france\/monte-escalier-rueil-malmaison\">Monte escalier Rueil-Malmaison<\/a><\/div>\n","protected":false},"excerpt":{"rendered":"<p>Plusieurs devis de monte escalier \u00e0 Boulogne-Billancourt Mis \u00e0 jour le 23\/11\/2016 Vous avez besoin\u00a0faire installer un monte escalier \u00e0 Boulogne-Billancourt, rassurez-vous, m\u00eame si vous n&rsquo;y connaissez rien, il est toujours possible d&rsquo;obtenir un tr\u00e8s bon prix pour votre monte escalier. Il suffit de suivre nos conseils et d&rsquo;utiliser nos outils totalement gratuits. \u00a0Comment s\u00e9lectionner [&hellip;]<\/p>\n","protected":false},"author":1,"featured_media":0,"parent":0,"menu_order":0,"comment_status":"closed","ping_status":"open","template":"template_ville_4.php","meta":{"_monsterinsights_skip_tracking":false,"_monsterinsights_sitenote_active":false,"_monsterinsights_sitenote_note":"","_monsterinsights_sitenote_category":0,"footnotes":""},"class_list":["post-943","page","type-page","status-publish","hentry"],"yoast_head":"<!-- This site is optimized with the Yoast SEO plugin v26.3 - https:\/\/yoast.com\/wordpress\/plugins\/seo\/ -->\n<title>Monte escalier Boulogne-Billancourt - Monte escalier<\/title>\n<meta name=\"description\" content=\"Vous avez besoin faire installer un monte escalier \u00e0 Boulogne-Billancourt ? Vous pouvez compter sur nos partenaires installeur qualifi\u00e9 .\" \/>\n<meta name=\"robots\" content=\"index, follow, max-snippet:-1, max-image-preview:large, max-video-preview:-1\" \/>\n<link rel=\"canonical\" href=\"https:\/\/www.monteescalier.net\/france\/monte-escalier-boulogne-billancourt\/\" \/>\n<meta property=\"og:locale\" content=\"fr_FR\" \/>\n<meta property=\"og:type\" content=\"article\" \/>\n<meta property=\"og:title\" content=\"Monte escalier Boulogne-Billancourt - Monte escalier\" \/>\n<meta property=\"og:description\" content=\"Vous avez besoin faire installer un monte escalier \u00e0 Boulogne-Billancourt ? Vous pouvez compter sur nos partenaires installeur qualifi\u00e9 .\" \/>\n<meta property=\"og:url\" content=\"https:\/\/www.monteescalier.net\/france\/monte-escalier-boulogne-billancourt\/\" \/>\n<meta property=\"og:site_name\" content=\"Monte escalier\" \/>\n<meta property=\"article:modified_time\" content=\"2021-11-09T11:59:23+00:00\" \/>\n<meta name=\"twitter:card\" content=\"summary_large_image\" \/>\n<meta name=\"twitter:label1\" content=\"Dur\u00e9e de lecture estim\u00e9e\" \/>\n\t<meta name=\"twitter:data1\" content=\"3 minutes\" \/>\n<script type=\"application\/ld+json\" class=\"yoast-schema-graph\">{\"@context\":\"https:\/\/schema.org\",\"@graph\":[{\"@type\":\"WebPage\",\"@id\":\"https:\/\/www.monteescalier.net\/france\/monte-escalier-boulogne-billancourt\/\",\"url\":\"https:\/\/www.monteescalier.net\/france\/monte-escalier-boulogne-billancourt\/\",\"name\":\"Monte escalier Boulogne-Billancourt - Monte escalier\",\"isPartOf\":{\"@id\":\"https:\/\/www.monteescalier.net\/france\/#website\"},\"datePublished\":\"2021-02-26T09:47:11+00:00\",\"dateModified\":\"2021-11-09T11:59:23+00:00\",\"description\":\"Vous avez besoin faire installer un monte escalier \u00e0 Boulogne-Billancourt ? Vous pouvez compter sur nos partenaires installeur qualifi\u00e9 .\",\"breadcrumb\":{\"@id\":\"https:\/\/www.monteescalier.net\/france\/monte-escalier-boulogne-billancourt\/#breadcrumb\"},\"inLanguage\":\"fr-FR\",\"potentialAction\":[{\"@type\":\"ReadAction\",\"target\":[\"https:\/\/www.monteescalier.net\/france\/monte-escalier-boulogne-billancourt\/\"]}]},{\"@type\":\"BreadcrumbList\",\"@id\":\"https:\/\/www.monteescalier.net\/france\/monte-escalier-boulogne-billancourt\/#breadcrumb\",\"itemListElement\":[{\"@type\":\"ListItem\",\"position\":1,\"name\":\"Accueil\",\"item\":\"https:\/\/www.monteescalier.net\/france\/\"},{\"@type\":\"ListItem\",\"position\":2,\"name\":\"Monte escalier Boulogne-Billancourt\"}]},{\"@type\":\"WebSite\",\"@id\":\"https:\/\/www.monteescalier.net\/france\/#website\",\"url\":\"https:\/\/www.monteescalier.net\/france\/\",\"name\":\"Monte escalier\",\"description\":\"\",\"publisher\":{\"@id\":\"https:\/\/www.monteescalier.net\/france\/#organization\"},\"potentialAction\":[{\"@type\":\"SearchAction\",\"target\":{\"@type\":\"EntryPoint\",\"urlTemplate\":\"https:\/\/www.monteescalier.net\/france\/?s={search_term_string}\"},\"query-input\":{\"@type\":\"PropertyValueSpecification\",\"valueRequired\":true,\"valueName\":\"search_term_string\"}}],\"inLanguage\":\"fr-FR\"},{\"@type\":\"Organization\",\"@id\":\"https:\/\/www.monteescalier.net\/france\/#organization\",\"name\":\"monte-escalier.net\",\"url\":\"https:\/\/www.monteescalier.net\/france\/\",\"logo\":{\"@type\":\"ImageObject\",\"inLanguage\":\"fr-FR\",\"@id\":\"https:\/\/www.monteescalier.net\/france\/#\/schema\/logo\/image\/\",\"url\":\"https:\/\/www.monteescalier.net\/france\/wp-content\/uploads\/2016\/10\/4devis-mont-escalier-500-500.gif\",\"contentUrl\":\"https:\/\/www.monteescalier.net\/france\/wp-content\/uploads\/2016\/10\/4devis-mont-escalier-500-500.gif\",\"width\":500,\"height\":500,\"caption\":\"monte-escalier.net\"},\"image\":{\"@id\":\"https:\/\/www.monteescalier.net\/france\/#\/schema\/logo\/image\/\"}}]}<\/script>\n<!-- \/ Yoast SEO plugin. -->","yoast_head_json":{"title":"Monte escalier Boulogne-Billancourt - Monte escalier","description":"Vous avez besoin faire installer un monte escalier \u00e0 Boulogne-Billancourt ? Vous pouvez compter sur nos partenaires installeur qualifi\u00e9 .","robots":{"index":"index","follow":"follow","max-snippet":"max-snippet:-1","max-image-preview":"max-image-preview:large","max-video-preview":"max-video-preview:-1"},"canonical":"https:\/\/www.monteescalier.net\/france\/monte-escalier-boulogne-billancourt\/","og_locale":"fr_FR","og_type":"article","og_title":"Monte escalier Boulogne-Billancourt - Monte escalier","og_description":"Vous avez besoin faire installer un monte escalier \u00e0 Boulogne-Billancourt ? Vous pouvez compter sur nos partenaires installeur qualifi\u00e9 .","og_url":"https:\/\/www.monteescalier.net\/france\/monte-escalier-boulogne-billancourt\/","og_site_name":"Monte escalier","article_modified_time":"2021-11-09T11:59:23+00:00","twitter_card":"summary_large_image","twitter_misc":{"Dur\u00e9e de lecture estim\u00e9e":"3 minutes"},"schema":{"@context":"https:\/\/schema.org","@graph":[{"@type":"WebPage","@id":"https:\/\/www.monteescalier.net\/france\/monte-escalier-boulogne-billancourt\/","url":"https:\/\/www.monteescalier.net\/france\/monte-escalier-boulogne-billancourt\/","name":"Monte escalier Boulogne-Billancourt - Monte escalier","isPartOf":{"@id":"https:\/\/www.monteescalier.net\/france\/#website"},"datePublished":"2021-02-26T09:47:11+00:00","dateModified":"2021-11-09T11:59:23+00:00","description":"Vous avez besoin faire installer un monte escalier \u00e0 Boulogne-Billancourt ? Vous pouvez compter sur nos partenaires installeur qualifi\u00e9 .","breadcrumb":{"@id":"https:\/\/www.monteescalier.net\/france\/monte-escalier-boulogne-billancourt\/#breadcrumb"},"inLanguage":"fr-FR","potentialAction":[{"@type":"ReadAction","target":["https:\/\/www.monteescalier.net\/france\/monte-escalier-boulogne-billancourt\/"]}]},{"@type":"BreadcrumbList","@id":"https:\/\/www.monteescalier.net\/france\/monte-escalier-boulogne-billancourt\/#breadcrumb","itemListElement":[{"@type":"ListItem","position":1,"name":"Accueil","item":"https:\/\/www.monteescalier.net\/france\/"},{"@type":"ListItem","position":2,"name":"Monte escalier Boulogne-Billancourt"}]},{"@type":"WebSite","@id":"https:\/\/www.monteescalier.net\/france\/#website","url":"https:\/\/www.monteescalier.net\/france\/","name":"Monte escalier","description":"","publisher":{"@id":"https:\/\/www.monteescalier.net\/france\/#organization"},"potentialAction":[{"@type":"SearchAction","target":{"@type":"EntryPoint","urlTemplate":"https:\/\/www.monteescalier.net\/france\/?s={search_term_string}"},"query-input":{"@type":"PropertyValueSpecification","valueRequired":true,"valueName":"search_term_string"}}],"inLanguage":"fr-FR"},{"@type":"Organization","@id":"https:\/\/www.monteescalier.net\/france\/#organization","name":"monte-escalier.net","url":"https:\/\/www.monteescalier.net\/france\/","logo":{"@type":"ImageObject","inLanguage":"fr-FR","@id":"https:\/\/www.monteescalier.net\/france\/#\/schema\/logo\/image\/","url":"https:\/\/www.monteescalier.net\/france\/wp-content\/uploads\/2016\/10\/4devis-mont-escalier-500-500.gif","contentUrl":"https:\/\/www.monteescalier.net\/france\/wp-content\/uploads\/2016\/10\/4devis-mont-escalier-500-500.gif","width":500,"height":500,"caption":"monte-escalier.net"},"image":{"@id":"https:\/\/www.monteescalier.net\/france\/#\/schema\/logo\/image\/"}}]}},"_links":{"self":[{"href":"https:\/\/www.monteescalier.net\/france\/wp-json\/wp\/v2\/pages\/943","targetHints":{"allow":["GET"]}}],"collection":[{"href":"https:\/\/www.monteescalier.net\/france\/wp-json\/wp\/v2\/pages"}],"about":[{"href":"https:\/\/www.monteescalier.net\/france\/wp-json\/wp\/v2\/types\/page"}],"author":[{"embeddable":true,"href":"https:\/\/www.monteescalier.net\/france\/wp-json\/wp\/v2\/users\/1"}],"replies":[{"embeddable":true,"href":"https:\/\/www.monteescalier.net\/france\/wp-json\/wp\/v2\/comments?post=943"}],"version-history":[{"count":3,"href":"https:\/\/www.monteescalier.net\/france\/wp-json\/wp\/v2\/pages\/943\/revisions"}],"predecessor-version":[{"id":7359,"href":"https:\/\/www.monteescalier.net\/france\/wp-json\/wp\/v2\/pages\/943\/revisions\/7359"}],"wp:attachment":[{"href":"https:\/\/www.monteescalier.net\/france\/wp-json\/wp\/v2\/media?parent=943"}],"curies":[{"name":"wp","href":"https:\/\/api.w.org\/{rel}","templated":true}]}}