{"id":944,"date":"2021-03-26T10:47:11","date_gmt":"2021-03-26T09:47:11","guid":{"rendered":"https:\/\/www.monteescalier.net\/france\/?page_id=944"},"modified":"2021-11-09T15:14:02","modified_gmt":"2021-11-09T14:14:02","slug":"monte-escalier-mulhouse","status":"publish","type":"page","link":"https:\/\/www.monteescalier.net\/france\/monte-escalier-mulhouse\/","title":{"rendered":"Monte escalier Mulhouse"},"content":{"rendered":"<h1>Votre Monte escalier \u00e0 Mulhouse<\/h1>\n<div class=\"boite_texte\">\n<div style=\"text-align: justify;\">Une fois la d\u00e9cision prise d&rsquo;acheter un monte escalier, il faut se pencher sur le choix du mod\u00e8le et de la marque du monte escalier ainsi que sur le nom de l&rsquo;installateur. Si vous avez fait une recherche rapide sur les installateurs de monte escalier \u00e0 Mulhouse, vous avez pu constater que plusieurs prestataires proposent la vente et l&rsquo;installation de monte escalier en r\u00e9gion Alsace. Mais vous \u00eates certainement peu au fait des qualit\u00e9s et des d\u00e9fauts de ces entreprises, comment elles sont positionn\u00e9s au niveau des prix, quelle est leur r\u00e9activit\u00e9 en cas de panne et plus g\u00e9n\u00e9ralement quelle est la qualit\u00e9 de leur prestation. Nous pouvons vous aider \u00e0 faire le tri entre les diff\u00e9rentes offres et donc \u00e0 faciliter votre d\u00e9cision sur le choix de votre partenaire monte escalier.<\/div>\n<h2>\u00a0Comparer et choisir votre installateur de monte escalier<\/h2>\n<div style=\"text-align: justify;\">Monteescalier.net\u00a0vous permet de centraliser vos demandes concernant les monte escalier. Nous avons \u00e9tabli pour chaque d\u00e9partement des listes de prestataires que nous avons s\u00e9lectionn\u00e9 sur leur r\u00e9putation, la comp\u00e9tivit\u00e9 de leurs tarifs, les marques distribu\u00e9es, la qualit\u00e9 et la r\u00e9activit\u00e9 de leur service apr\u00e8s vente. Nous vous proposons de vous mettre en relation avec notre top 5 des installateurs alsaciens. Pour cela, aucune d\u00e9marche \u00e0 effectuer, ni contrat \u00e0 signer. Il vous suffit de remplir une demande de devis (en haut de cette page) et nous nous chargeons de l&rsquo;acheminer aux prestataires installateurs. D\u00e8s reception de votre demande, ils ne manqueront pas de vous appeler pour vous proposer d&rsquo;\u00e9tudier votre projet et vous proposer, CHACUN, un devis d\u00e9taill\u00e9 conforme aux sp\u00e9cificit\u00e9s de votre installation.<\/div>\n<\/div>\n<div style=\"text-align: justify;\"><\/div>\n<div style=\"text-align: justify;\">En effet, en mati\u00e8re de monte escalier, on est toujours dans une situation de sur mesure car le monte escalier va se greffer sur votre escalier, sous la forme d&rsquo;un rail simple ou double qui va longer l&rsquo;escalier existant : le nombre de marches, leur hauteur, le nombre de paliers, de courbes va donc n\u00e9cessiter une adaptation au moins au niveau de l&rsquo;installation. Il vous faut donc absolument des devis qui tiennent compte de ces contraintes et non de simples estimations sur la base d&rsquo;une \u00ab\u00a0installation type\u00a0\u00bb<\/div>\n<div style=\"text-align: justify;\"><\/div>\n<h2 style=\"text-align: justify;\">Les engagements monteescalier.net<\/h2>\n<div style=\"text-align: justify;\">&#8211; nous ne vendons pas vos coordonn\u00e9es pour d&rsquo;autres projets : devis de monte escalier, rien d&rsquo;autre !<\/div>\n<div style=\"text-align: justify;\">&#8211; nous ne prenons pas de commissions sur les ventes<\/div>\n<div style=\"text-align: justify;\">&#8211; nous ne d\u00e9pendons pas d&rsquo;un fabricant, d&rsquo;un distributeur ou d&rsquo;un r\u00e9seau de distribution de monte escalier : INDEPENDANCE et IMPARTIALITE<\/div>\n<div style=\"text-align: justify;\">&#8211; nous ne faisons signer aucun engagement d&rsquo;achat \u00e0 ceux qui utilisent nos services<\/div>\n<div style=\"text-align: justify;\">&#8211; nous ne faisons rien payer aux acheteurs ou potentiels acqu\u00e9reurs de monte escalier ( pas de frais de dossier, pas d&rsquo;indemnit\u00e9 d&rsquo;aucune sorte)<\/div>\n<div style=\"text-align: justify;\"><\/div>\n<div class=\"boite_texte\">\n<div style=\"text-align: justify;\">Inutile de chercher et d&rsquo;appeler tous les renvendeurs de monte escalier de Mulhouse. En compl\u00e9tant une demande de devis sur notre site, vous recevrez gratuitement plusieurs propositions des professionnels de votre region, sans vous d\u00e9placer. Vous n&rsquo;aurez plus qu&rsquo;\u00e0 choisir la meilleure offre. Et c&rsquo;est vous qui d\u00e9cidez <em><strong>quelle est la meilleure offre de monte escalier<\/strong><\/em>.<\/div>\n<p>&nbsp;<\/p>\n<p style=\"text-align: justify;\">Pour faire votre choix, vous pouvez aussi vouloir comparer les caract\u00e9ristiques d\u00e9taill\u00e9es des fauteuils monte escalier des diff\u00e9rentes marques disponibles \u00e0 la vente.\u00a0Vous pouvez pour cela de vous servir de notre formulaire de demande de documentation que <a href=\"https:\/\/www.monteescalier.net\/demande-de-documentation.php\">vous trouverez ici<\/a> . Par courriel , vous recevrez gratuitement toutes les infos n\u00e9cessaires \u00a0sur les mod\u00e8les vendus par les prestataires s\u00e9lectionn\u00e9s en r\u00e9gion Alsace, qui vous permettront de comparer \u00e0 t\u00eate repos\u00e9e les diff\u00e9rents mod\u00e8les de monte escalier.<\/p>\n<p>&nbsp;<\/p>\n<div style=\"text-align: justify;\">Ne faites plus la chasse aux prestataires, laissez notre service de mise en relation faire le travail pour vous. C&rsquo;est int\u00e9gralement gratuit et cela vous permettra d&rsquo;\u00eatre mis tr\u00e8s rapidement en relation avec notre liste de professionnels du monte escalier sur\u00a0Mulhouse et son agglom\u00e9ration, sans efforts, ni contraintes&#8230; difficile de vous proposer mieux non?<\/div>\n<\/div>\n<p>&nbsp;<\/p>\n<div class=\"titre_liens\">Vous serez peut \u00eatre int\u00e9ress\u00e9s aussi par nos autres offres dans le d\u00e9partement du Haut Rhin (68).<\/div>\n<div class=\"boite_liens\"><a href=\"https:\/\/www.monteescalier.net\/france\/monte-escalier-colmar\">Monte escalier Colmar<\/a><br \/>\n<a href=\"https:\/\/www.monteescalier.net\/france\/monte-escalier-saint-louis\">Monte escalier Saint-Louis<\/a><br \/>\n<a href=\"https:\/\/www.monteescalier.net\/france\/monte-escalier-illzach\">Monte escalier Illzach<\/a><br \/>\n<a href=\"https:\/\/www.monteescalier.net\/france\/monte-escalier-wittenheim\">Monte escalier Wittenheim<\/a><br \/>\n<a href=\"https:\/\/www.monteescalier.net\/france\/monte-escalier-kingersheim\">Monte escalier Kingersheim<\/a><\/div>\n<div class=\"boite_liens\"><\/div>\n<div class=\"boite_liens\">M.A.J : 10\/11\/2016<\/div>\n","protected":false},"excerpt":{"rendered":"<p>Votre Monte escalier \u00e0 Mulhouse Une fois la d\u00e9cision prise d&rsquo;acheter un monte escalier, il faut se pencher sur le choix du mod\u00e8le et de la marque du monte escalier ainsi que sur le nom de l&rsquo;installateur. Si vous avez fait une recherche rapide sur les installateurs de monte escalier \u00e0 Mulhouse, vous avez pu [&hellip;]<\/p>\n","protected":false},"author":1,"featured_media":0,"parent":0,"menu_order":0,"comment_status":"closed","ping_status":"open","template":"template_ville_18.php","meta":{"_monsterinsights_skip_tracking":false,"_monsterinsights_sitenote_active":false,"_monsterinsights_sitenote_note":"","_monsterinsights_sitenote_category":0,"footnotes":""},"class_list":["post-944","page","type-page","status-publish","hentry"],"yoast_head":"<!-- This site is optimized with the Yoast SEO plugin v26.3 - https:\/\/yoast.com\/wordpress\/plugins\/seo\/ -->\n<title>Monte escalier Mulhouse - Monte escalier<\/title>\n<meta name=\"description\" content=\"Mulhouse : Montez et descendez vos escaliers sans difficult\u00e9 : \u00e9quipez votre maison d&#039;un monte-escalier.\" \/>\n<meta name=\"robots\" content=\"index, follow, max-snippet:-1, max-image-preview:large, max-video-preview:-1\" \/>\n<link rel=\"canonical\" href=\"https:\/\/www.monteescalier.net\/france\/monte-escalier-mulhouse\/\" \/>\n<meta property=\"og:locale\" content=\"fr_FR\" \/>\n<meta property=\"og:type\" content=\"article\" \/>\n<meta property=\"og:title\" content=\"Monte escalier Mulhouse - Monte escalier\" \/>\n<meta property=\"og:description\" content=\"Mulhouse : Montez et descendez vos escaliers sans difficult\u00e9 : \u00e9quipez votre maison d&#039;un monte-escalier.\" \/>\n<meta property=\"og:url\" content=\"https:\/\/www.monteescalier.net\/france\/monte-escalier-mulhouse\/\" \/>\n<meta property=\"og:site_name\" content=\"Monte escalier\" \/>\n<meta property=\"article:modified_time\" content=\"2021-11-09T14:14:02+00:00\" \/>\n<meta name=\"twitter:card\" content=\"summary_large_image\" \/>\n<meta name=\"twitter:label1\" content=\"Dur\u00e9e de lecture estim\u00e9e\" \/>\n\t<meta name=\"twitter:data1\" content=\"4 minutes\" \/>\n<script type=\"application\/ld+json\" class=\"yoast-schema-graph\">{\"@context\":\"https:\/\/schema.org\",\"@graph\":[{\"@type\":\"WebPage\",\"@id\":\"https:\/\/www.monteescalier.net\/france\/monte-escalier-mulhouse\/\",\"url\":\"https:\/\/www.monteescalier.net\/france\/monte-escalier-mulhouse\/\",\"name\":\"Monte escalier Mulhouse - Monte escalier\",\"isPartOf\":{\"@id\":\"https:\/\/www.monteescalier.net\/france\/#website\"},\"datePublished\":\"2021-03-26T09:47:11+00:00\",\"dateModified\":\"2021-11-09T14:14:02+00:00\",\"description\":\"Mulhouse : Montez et descendez vos escaliers sans difficult\u00e9 : \u00e9quipez votre maison d'un monte-escalier.\",\"breadcrumb\":{\"@id\":\"https:\/\/www.monteescalier.net\/france\/monte-escalier-mulhouse\/#breadcrumb\"},\"inLanguage\":\"fr-FR\",\"potentialAction\":[{\"@type\":\"ReadAction\",\"target\":[\"https:\/\/www.monteescalier.net\/france\/monte-escalier-mulhouse\/\"]}]},{\"@type\":\"BreadcrumbList\",\"@id\":\"https:\/\/www.monteescalier.net\/france\/monte-escalier-mulhouse\/#breadcrumb\",\"itemListElement\":[{\"@type\":\"ListItem\",\"position\":1,\"name\":\"Accueil\",\"item\":\"https:\/\/www.monteescalier.net\/france\/\"},{\"@type\":\"ListItem\",\"position\":2,\"name\":\"Monte escalier Mulhouse\"}]},{\"@type\":\"WebSite\",\"@id\":\"https:\/\/www.monteescalier.net\/france\/#website\",\"url\":\"https:\/\/www.monteescalier.net\/france\/\",\"name\":\"Monte escalier\",\"description\":\"\",\"publisher\":{\"@id\":\"https:\/\/www.monteescalier.net\/france\/#organization\"},\"potentialAction\":[{\"@type\":\"SearchAction\",\"target\":{\"@type\":\"EntryPoint\",\"urlTemplate\":\"https:\/\/www.monteescalier.net\/france\/?s={search_term_string}\"},\"query-input\":{\"@type\":\"PropertyValueSpecification\",\"valueRequired\":true,\"valueName\":\"search_term_string\"}}],\"inLanguage\":\"fr-FR\"},{\"@type\":\"Organization\",\"@id\":\"https:\/\/www.monteescalier.net\/france\/#organization\",\"name\":\"monte-escalier.net\",\"url\":\"https:\/\/www.monteescalier.net\/france\/\",\"logo\":{\"@type\":\"ImageObject\",\"inLanguage\":\"fr-FR\",\"@id\":\"https:\/\/www.monteescalier.net\/france\/#\/schema\/logo\/image\/\",\"url\":\"https:\/\/www.monteescalier.net\/france\/wp-content\/uploads\/2016\/10\/4devis-mont-escalier-500-500.gif\",\"contentUrl\":\"https:\/\/www.monteescalier.net\/france\/wp-content\/uploads\/2016\/10\/4devis-mont-escalier-500-500.gif\",\"width\":500,\"height\":500,\"caption\":\"monte-escalier.net\"},\"image\":{\"@id\":\"https:\/\/www.monteescalier.net\/france\/#\/schema\/logo\/image\/\"}}]}<\/script>\n<!-- \/ Yoast SEO plugin. -->","yoast_head_json":{"title":"Monte escalier Mulhouse - Monte escalier","description":"Mulhouse : Montez et descendez vos escaliers sans difficult\u00e9 : \u00e9quipez votre maison d'un monte-escalier.","robots":{"index":"index","follow":"follow","max-snippet":"max-snippet:-1","max-image-preview":"max-image-preview:large","max-video-preview":"max-video-preview:-1"},"canonical":"https:\/\/www.monteescalier.net\/france\/monte-escalier-mulhouse\/","og_locale":"fr_FR","og_type":"article","og_title":"Monte escalier Mulhouse - Monte escalier","og_description":"Mulhouse : Montez et descendez vos escaliers sans difficult\u00e9 : \u00e9quipez votre maison d'un monte-escalier.","og_url":"https:\/\/www.monteescalier.net\/france\/monte-escalier-mulhouse\/","og_site_name":"Monte escalier","article_modified_time":"2021-11-09T14:14:02+00:00","twitter_card":"summary_large_image","twitter_misc":{"Dur\u00e9e de lecture estim\u00e9e":"4 minutes"},"schema":{"@context":"https:\/\/schema.org","@graph":[{"@type":"WebPage","@id":"https:\/\/www.monteescalier.net\/france\/monte-escalier-mulhouse\/","url":"https:\/\/www.monteescalier.net\/france\/monte-escalier-mulhouse\/","name":"Monte escalier Mulhouse - Monte escalier","isPartOf":{"@id":"https:\/\/www.monteescalier.net\/france\/#website"},"datePublished":"2021-03-26T09:47:11+00:00","dateModified":"2021-11-09T14:14:02+00:00","description":"Mulhouse : Montez et descendez vos escaliers sans difficult\u00e9 : \u00e9quipez votre maison d'un monte-escalier.","breadcrumb":{"@id":"https:\/\/www.monteescalier.net\/france\/monte-escalier-mulhouse\/#breadcrumb"},"inLanguage":"fr-FR","potentialAction":[{"@type":"ReadAction","target":["https:\/\/www.monteescalier.net\/france\/monte-escalier-mulhouse\/"]}]},{"@type":"BreadcrumbList","@id":"https:\/\/www.monteescalier.net\/france\/monte-escalier-mulhouse\/#breadcrumb","itemListElement":[{"@type":"ListItem","position":1,"name":"Accueil","item":"https:\/\/www.monteescalier.net\/france\/"},{"@type":"ListItem","position":2,"name":"Monte escalier Mulhouse"}]},{"@type":"WebSite","@id":"https:\/\/www.monteescalier.net\/france\/#website","url":"https:\/\/www.monteescalier.net\/france\/","name":"Monte escalier","description":"","publisher":{"@id":"https:\/\/www.monteescalier.net\/france\/#organization"},"potentialAction":[{"@type":"SearchAction","target":{"@type":"EntryPoint","urlTemplate":"https:\/\/www.monteescalier.net\/france\/?s={search_term_string}"},"query-input":{"@type":"PropertyValueSpecification","valueRequired":true,"valueName":"search_term_string"}}],"inLanguage":"fr-FR"},{"@type":"Organization","@id":"https:\/\/www.monteescalier.net\/france\/#organization","name":"monte-escalier.net","url":"https:\/\/www.monteescalier.net\/france\/","logo":{"@type":"ImageObject","inLanguage":"fr-FR","@id":"https:\/\/www.monteescalier.net\/france\/#\/schema\/logo\/image\/","url":"https:\/\/www.monteescalier.net\/france\/wp-content\/uploads\/2016\/10\/4devis-mont-escalier-500-500.gif","contentUrl":"https:\/\/www.monteescalier.net\/france\/wp-content\/uploads\/2016\/10\/4devis-mont-escalier-500-500.gif","width":500,"height":500,"caption":"monte-escalier.net"},"image":{"@id":"https:\/\/www.monteescalier.net\/france\/#\/schema\/logo\/image\/"}}]}},"_links":{"self":[{"href":"https:\/\/www.monteescalier.net\/france\/wp-json\/wp\/v2\/pages\/944","targetHints":{"allow":["GET"]}}],"collection":[{"href":"https:\/\/www.monteescalier.net\/france\/wp-json\/wp\/v2\/pages"}],"about":[{"href":"https:\/\/www.monteescalier.net\/france\/wp-json\/wp\/v2\/types\/page"}],"author":[{"embeddable":true,"href":"https:\/\/www.monteescalier.net\/france\/wp-json\/wp\/v2\/users\/1"}],"replies":[{"embeddable":true,"href":"https:\/\/www.monteescalier.net\/france\/wp-json\/wp\/v2\/comments?post=944"}],"version-history":[{"count":3,"href":"https:\/\/www.monteescalier.net\/france\/wp-json\/wp\/v2\/pages\/944\/revisions"}],"predecessor-version":[{"id":7353,"href":"https:\/\/www.monteescalier.net\/france\/wp-json\/wp\/v2\/pages\/944\/revisions\/7353"}],"wp:attachment":[{"href":"https:\/\/www.monteescalier.net\/france\/wp-json\/wp\/v2\/media?parent=944"}],"curies":[{"name":"wp","href":"https:\/\/api.w.org\/{rel}","templated":true}]}}