{"id":945,"date":"2021-09-25T10:47:11","date_gmt":"2021-09-25T09:47:11","guid":{"rendered":"https:\/\/www.monteescalier.net\/france\/?page_id=945"},"modified":"2021-11-09T15:42:31","modified_gmt":"2021-11-09T14:42:31","slug":"monte-escalier-caen","status":"publish","type":"page","link":"https:\/\/www.monteescalier.net\/france\/monte-escalier-caen\/","title":{"rendered":"Monte escalier Caen"},"content":{"rendered":"<h1>Chez qui\u00a0acheter son monte escalier \u00e0 Caen ?<\/h1>\n<div class=\"boite_texte\">\n<div>Si vous \u00eates en train de faire des recherches pour faire installer un monte escalier \u00e0 Caen, dans votre r\u00e9sidence principale ou secondaire, c&rsquo;est s\u00fbrement une des questions importantes que vous vous posez. En effet, si la question de faire installer un monte escalier est une \u00e9vidence pour bon nombre de bonnes personnes qui souhaitent profiter de TOUTE leur maison sans pour autant prendre le risque de tomber dans l&rsquo;escalier et de se faire mal, le choix de l&rsquo;installateur et de la marque du monte escalier n&rsquo;est pas aussi \u00e9vident, car ce ne sont pas les installateurs ni les mod\u00e8les de monte escalier qui manquent sur le march\u00e9 ! C&rsquo;est pourquoi nous avons d\u00e9cid\u00e9 de mettre en place des outils pour vous aider \u00e0 y voir plus clair&#8230;mais rassurez-vous, au final il n&rsquo;y a que vous qui d\u00e9ciderez et sur la base de vos propres crit\u00e8res et de vos r\u00e9els besoins objectif.<\/div>\n<h2>\u00a0Qui sommes nous, que faisons nous pour les acheteurs de monte escalier ?<\/h2>\n<div style=\"text-align: justify;\">Nous sommes un site de conseil, pas un site de vente : nous n&rsquo;avons pas de monte escalier \u00e0 vous vendre, nous n&rsquo;appartenons pas \u00e0 une enseigne ni \u00e0 un r\u00e9seau de distributeurs. Alors, quelle l\u00e9gitimit\u00e9 avons nous pour vous conseiller en mati\u00e8re d&rsquo;achat de monte escalier : tout simplement nous avons d\u00e9j\u00e0 aid\u00e9 plusieurs centaines d&rsquo;acheteurs \u00e0 trouver leur installateur de monte escalier et nous en sommes tr\u00e8s fiers. C&rsquo;est pourquoi nous vous invitons, vous aussi, \u00e0 rejoindre notre communaut\u00e9 et \u00e0 b\u00e9n\u00e9ficier de notre carnet d&rsquo;adresse. Les modalit\u00e9s pour rejoindre la communaut\u00e9 Monteescalier.net sont extr\u00eamement simples : il suffit d&rsquo;effectuer sur notre site une <a href=\"https:\/\/www.monteescalier.net\/devis-gratuit.php\">demande de devis<\/a>, une <a href=\"https:\/\/www.monteescalier.net\/demande-de-rappel.php\">demande de rappel<\/a> ou une <a href=\"https:\/\/www.monteescalier.net\/demande-de-documentation.php\">demande de documentation<\/a> sur les monte escalier, et vous serez imm\u00e9diatement mis en relation avec notre r\u00e9seau d&rsquo;installateurs ind\u00e9pendants de monte escalier, que vous pourrez mettre en concurrence, comparer et \u00ab\u00a0challenger\u00a0\u00bb afin de trouver le monte escalier qui s&rsquo;adaptera parfaitement \u00e0 votre escalier existant, sans d\u00e9figurer votre maison \u00e0 laquelle, nous l&rsquo;imaginons, vous tenez !<\/div>\n<h2>\u00a0Une demande de devis pour un monte escalier = 5 devis !<\/h2>\n<div style=\"text-align: justify;\">Inutile de chercher et d&rsquo;appeler tous les revendeurs de monte escalier de Caen. En compl\u00e9tant une demande de devis sur notre site, vous recevrez gratuitement plusieurs propositions des professionnels de Normandie, sans vous d\u00e9placer. Vous n&rsquo;aurez plus qu&rsquo;\u00e0 choisir la meilleure offre parmi celles propos\u00e9es par notre s\u00e9lection ou, si aucune d&rsquo;elle ne vous convient (m\u00eame si nous en doutons) vous adresser ailleurs. Nous ne touchons pas d&rsquo;argent sur les ventes r\u00e9alis\u00e9es par notre entremise, nous sommes totalement ind\u00e9pendants et votre demande ne vous engagera qu&rsquo;\u00e0 une chose : \u00e9coutez les propositions que vous feront nos partenaires installateurs : ils le m\u00e9ritent car ils acceptent de jouer le jeu de la mise en concurrence.<\/div>\n<p>&nbsp;<\/p>\n<div align=\"center\">\n<div id=\"attachment_6781\" style=\"width: 310px\" class=\"wp-caption aligncenter\"><a href=\"https:\/\/www.monteescalier.net\/france\/wp-content\/uploads\/2013\/09\/caen-centre-ville.jpg\"><img loading=\"lazy\" decoding=\"async\" aria-describedby=\"caption-attachment-6781\" class=\"size-medium wp-image-6781\" src=\"https:\/\/www.monteescalier.net\/france\/wp-content\/uploads\/2013\/09\/caen-centre-ville-300x199.jpg\" alt=\"Centre-Ville de Caen. Photo de G. Zarforoushan \" width=\"300\" height=\"199\" srcset=\"https:\/\/www.monteescalier.net\/france\/wp-content\/uploads\/2013\/09\/caen-centre-ville-300x199.jpg 300w, https:\/\/www.monteescalier.net\/france\/wp-content\/uploads\/2013\/09\/caen-centre-ville.jpg 640w\" sizes=\"auto, (max-width: 300px) 100vw, 300px\" \/><\/a><p id=\"caption-attachment-6781\" class=\"wp-caption-text\">Centre-Ville de Caen. Photo de <a href=\"https:\/\/www.flickr.com\/photos\/gaetan_z\/\" target=\"_blank\" rel=\"noopener noreferrer\">G. Zarforoushan<br \/><\/a><\/p><\/div>\n<\/div>\n<div style=\"text-align: justify;\">Le monte escalier c&rsquo;est presque toujours du sur mesure, chaque maison est diff\u00e9rente et a ses propres sp\u00e9cificit\u00e9s en particulier au niveau de son escalier. Dans la tr\u00e8s grande majorit\u00e9 des cas l&rsquo;installation du monte escalier est possible chez vous m\u00eame si votre escalier n&rsquo;est pas tr\u00e8s large ou comporte un ou plusieurs paliers. Pour vous assurer\u00a0de la faisabilit\u00e9 de l&rsquo;installation, remplissez une demande de rappel (en notant au pr\u00e9alable les dimensions de votre escalier). Plusieurs installateurs vous rappelleront sans d\u00e9lai, pour discuter avec vous du type de monte escalier qui s&rsquo;adaptera le mieux \u00e0 votre escalier.<\/div>\n<p>&nbsp;<\/p>\n<div style=\"text-align: justify;\"><\/div>\n<div style=\"text-align: justify;\">N&rsquo;allez pas chercher ailleurs alors que tous nos services sont enti\u00e8rement gratuits. Nous avons fait le travail de pr\u00e9selection de votre prestataire monte escalier en\u00a0Normandie. Utilisez nos services ne vous co\u00fbtera rien et ne vous engagera \u00e0 rien&#8230; alors pourquoi y renoncer ! Laissez nous vos coordonn\u00e9es et testez nos services sans engagement et oui.<\/div>\n<p>&nbsp;<\/p>\n<\/div>\n<div class=\"titre_liens\">Pas tr\u00e8s loin de chez vous, nos services sont \u00e9galement disponibles ici :<\/div>\n<p>&nbsp;<\/p>\n<div class=\"boite_liens\"><a href=\"https:\/\/www.monteescalier.net\/france\/monte-escalier-herouville-saint-clair\">Monte escalier H\u00e9rouville-Saint-Clair<\/a><br \/>\n<a href=\"https:\/\/www.monteescalier.net\/france\/monte-escalier-lisieux\">Monte escalier Lisieux<\/a><br \/>\n<a href=\"https:\/\/www.monteescalier.net\/france\/monte-escalier-bayeux\">Monte escalier Bayeux<\/a><br \/>\n<a href=\"https:\/\/www.monteescalier.net\/france\/monte-escalier-vire\">Monte escalier Vire<\/a><br \/>\n<a href=\"https:\/\/www.monteescalier.net\/france\/monte-escalier-ifs\">Monte escalier Ifs<\/a><\/div>\n<div class=\"boite_liens\"><\/div>\n<div class=\"boite_liens\">Date de l&rsquo;article 25\/09\/2018<\/div>\n","protected":false},"excerpt":{"rendered":"<p>Chez qui\u00a0acheter son monte escalier \u00e0 Caen ? Si vous \u00eates en train de faire des recherches pour faire installer un monte escalier \u00e0 Caen, dans votre r\u00e9sidence principale ou secondaire, c&rsquo;est s\u00fbrement une des questions importantes que vous vous posez. En effet, si la question de faire installer un monte escalier est une \u00e9vidence [&hellip;]<\/p>\n","protected":false},"author":1,"featured_media":0,"parent":0,"menu_order":0,"comment_status":"closed","ping_status":"open","template":"template_ville_4.php","meta":{"_monsterinsights_skip_tracking":false,"_monsterinsights_sitenote_active":false,"_monsterinsights_sitenote_note":"","_monsterinsights_sitenote_category":0,"footnotes":""},"class_list":["post-945","page","type-page","status-publish","hentry"],"yoast_head":"<!-- This site is optimized with the Yoast SEO plugin v26.3 - https:\/\/yoast.com\/wordpress\/plugins\/seo\/ -->\n<title>Monte escalier Caen - Monte escalier<\/title>\n<meta name=\"description\" content=\"Trouvez une entreprise pour r\u00e9aliser l&#039;installation de votre monte-escaliers \u00e0 Caen gr\u00e2ce a nos partenaires installeurs comp\u00e9tant .\" \/>\n<meta name=\"robots\" content=\"index, follow, max-snippet:-1, max-image-preview:large, max-video-preview:-1\" \/>\n<link rel=\"canonical\" href=\"https:\/\/www.monteescalier.net\/france\/monte-escalier-caen\/\" \/>\n<meta property=\"og:locale\" content=\"fr_FR\" \/>\n<meta property=\"og:type\" content=\"article\" \/>\n<meta property=\"og:title\" content=\"Monte escalier Caen - Monte escalier\" \/>\n<meta property=\"og:description\" content=\"Trouvez une entreprise pour r\u00e9aliser l&#039;installation de votre monte-escaliers \u00e0 Caen gr\u00e2ce a nos partenaires installeurs comp\u00e9tant .\" \/>\n<meta property=\"og:url\" content=\"https:\/\/www.monteescalier.net\/france\/monte-escalier-caen\/\" \/>\n<meta property=\"og:site_name\" content=\"Monte escalier\" \/>\n<meta property=\"article:modified_time\" content=\"2021-11-09T14:42:31+00:00\" \/>\n<meta property=\"og:image\" content=\"https:\/\/www.monteescalier.net\/france\/wp-content\/uploads\/2013\/09\/caen-centre-ville-300x199.jpg\" \/>\n<meta name=\"twitter:card\" content=\"summary_large_image\" \/>\n<meta name=\"twitter:label1\" content=\"Dur\u00e9e de lecture estim\u00e9e\" \/>\n\t<meta name=\"twitter:data1\" content=\"3 minutes\" \/>\n<script type=\"application\/ld+json\" class=\"yoast-schema-graph\">{\"@context\":\"https:\/\/schema.org\",\"@graph\":[{\"@type\":\"WebPage\",\"@id\":\"https:\/\/www.monteescalier.net\/france\/monte-escalier-caen\/\",\"url\":\"https:\/\/www.monteescalier.net\/france\/monte-escalier-caen\/\",\"name\":\"Monte escalier Caen - Monte escalier\",\"isPartOf\":{\"@id\":\"https:\/\/www.monteescalier.net\/france\/#website\"},\"primaryImageOfPage\":{\"@id\":\"https:\/\/www.monteescalier.net\/france\/monte-escalier-caen\/#primaryimage\"},\"image\":{\"@id\":\"https:\/\/www.monteescalier.net\/france\/monte-escalier-caen\/#primaryimage\"},\"thumbnailUrl\":\"https:\/\/www.monteescalier.net\/france\/wp-content\/uploads\/2013\/09\/caen-centre-ville-300x199.jpg\",\"datePublished\":\"2021-09-25T09:47:11+00:00\",\"dateModified\":\"2021-11-09T14:42:31+00:00\",\"description\":\"Trouvez une entreprise pour r\u00e9aliser l'installation de votre monte-escaliers \u00e0 Caen gr\u00e2ce a nos partenaires installeurs comp\u00e9tant .\",\"breadcrumb\":{\"@id\":\"https:\/\/www.monteescalier.net\/france\/monte-escalier-caen\/#breadcrumb\"},\"inLanguage\":\"fr-FR\",\"potentialAction\":[{\"@type\":\"ReadAction\",\"target\":[\"https:\/\/www.monteescalier.net\/france\/monte-escalier-caen\/\"]}]},{\"@type\":\"ImageObject\",\"inLanguage\":\"fr-FR\",\"@id\":\"https:\/\/www.monteescalier.net\/france\/monte-escalier-caen\/#primaryimage\",\"url\":\"https:\/\/www.monteescalier.net\/france\/wp-content\/uploads\/2013\/09\/caen-centre-ville.jpg\",\"contentUrl\":\"https:\/\/www.monteescalier.net\/france\/wp-content\/uploads\/2013\/09\/caen-centre-ville.jpg\",\"width\":640,\"height\":425,\"caption\":\"Centre-Ville de Caen. Photo de G. Zarforoushan\"},{\"@type\":\"BreadcrumbList\",\"@id\":\"https:\/\/www.monteescalier.net\/france\/monte-escalier-caen\/#breadcrumb\",\"itemListElement\":[{\"@type\":\"ListItem\",\"position\":1,\"name\":\"Accueil\",\"item\":\"https:\/\/www.monteescalier.net\/france\/\"},{\"@type\":\"ListItem\",\"position\":2,\"name\":\"Monte escalier Caen\"}]},{\"@type\":\"WebSite\",\"@id\":\"https:\/\/www.monteescalier.net\/france\/#website\",\"url\":\"https:\/\/www.monteescalier.net\/france\/\",\"name\":\"Monte escalier\",\"description\":\"\",\"publisher\":{\"@id\":\"https:\/\/www.monteescalier.net\/france\/#organization\"},\"potentialAction\":[{\"@type\":\"SearchAction\",\"target\":{\"@type\":\"EntryPoint\",\"urlTemplate\":\"https:\/\/www.monteescalier.net\/france\/?s={search_term_string}\"},\"query-input\":{\"@type\":\"PropertyValueSpecification\",\"valueRequired\":true,\"valueName\":\"search_term_string\"}}],\"inLanguage\":\"fr-FR\"},{\"@type\":\"Organization\",\"@id\":\"https:\/\/www.monteescalier.net\/france\/#organization\",\"name\":\"monte-escalier.net\",\"url\":\"https:\/\/www.monteescalier.net\/france\/\",\"logo\":{\"@type\":\"ImageObject\",\"inLanguage\":\"fr-FR\",\"@id\":\"https:\/\/www.monteescalier.net\/france\/#\/schema\/logo\/image\/\",\"url\":\"https:\/\/www.monteescalier.net\/france\/wp-content\/uploads\/2016\/10\/4devis-mont-escalier-500-500.gif\",\"contentUrl\":\"https:\/\/www.monteescalier.net\/france\/wp-content\/uploads\/2016\/10\/4devis-mont-escalier-500-500.gif\",\"width\":500,\"height\":500,\"caption\":\"monte-escalier.net\"},\"image\":{\"@id\":\"https:\/\/www.monteescalier.net\/france\/#\/schema\/logo\/image\/\"}}]}<\/script>\n<!-- \/ Yoast SEO plugin. -->","yoast_head_json":{"title":"Monte escalier Caen - Monte escalier","description":"Trouvez une entreprise pour r\u00e9aliser l'installation de votre monte-escaliers \u00e0 Caen gr\u00e2ce a nos partenaires installeurs comp\u00e9tant .","robots":{"index":"index","follow":"follow","max-snippet":"max-snippet:-1","max-image-preview":"max-image-preview:large","max-video-preview":"max-video-preview:-1"},"canonical":"https:\/\/www.monteescalier.net\/france\/monte-escalier-caen\/","og_locale":"fr_FR","og_type":"article","og_title":"Monte escalier Caen - Monte escalier","og_description":"Trouvez une entreprise pour r\u00e9aliser l'installation de votre monte-escaliers \u00e0 Caen gr\u00e2ce a nos partenaires installeurs comp\u00e9tant .","og_url":"https:\/\/www.monteescalier.net\/france\/monte-escalier-caen\/","og_site_name":"Monte escalier","article_modified_time":"2021-11-09T14:42:31+00:00","og_image":[{"url":"https:\/\/www.monteescalier.net\/france\/wp-content\/uploads\/2013\/09\/caen-centre-ville-300x199.jpg","type":"","width":"","height":""}],"twitter_card":"summary_large_image","twitter_misc":{"Dur\u00e9e de lecture estim\u00e9e":"3 minutes"},"schema":{"@context":"https:\/\/schema.org","@graph":[{"@type":"WebPage","@id":"https:\/\/www.monteescalier.net\/france\/monte-escalier-caen\/","url":"https:\/\/www.monteescalier.net\/france\/monte-escalier-caen\/","name":"Monte escalier Caen - Monte escalier","isPartOf":{"@id":"https:\/\/www.monteescalier.net\/france\/#website"},"primaryImageOfPage":{"@id":"https:\/\/www.monteescalier.net\/france\/monte-escalier-caen\/#primaryimage"},"image":{"@id":"https:\/\/www.monteescalier.net\/france\/monte-escalier-caen\/#primaryimage"},"thumbnailUrl":"https:\/\/www.monteescalier.net\/france\/wp-content\/uploads\/2013\/09\/caen-centre-ville-300x199.jpg","datePublished":"2021-09-25T09:47:11+00:00","dateModified":"2021-11-09T14:42:31+00:00","description":"Trouvez une entreprise pour r\u00e9aliser l'installation de votre monte-escaliers \u00e0 Caen gr\u00e2ce a nos partenaires installeurs comp\u00e9tant .","breadcrumb":{"@id":"https:\/\/www.monteescalier.net\/france\/monte-escalier-caen\/#breadcrumb"},"inLanguage":"fr-FR","potentialAction":[{"@type":"ReadAction","target":["https:\/\/www.monteescalier.net\/france\/monte-escalier-caen\/"]}]},{"@type":"ImageObject","inLanguage":"fr-FR","@id":"https:\/\/www.monteescalier.net\/france\/monte-escalier-caen\/#primaryimage","url":"https:\/\/www.monteescalier.net\/france\/wp-content\/uploads\/2013\/09\/caen-centre-ville.jpg","contentUrl":"https:\/\/www.monteescalier.net\/france\/wp-content\/uploads\/2013\/09\/caen-centre-ville.jpg","width":640,"height":425,"caption":"Centre-Ville de Caen. Photo de G. Zarforoushan"},{"@type":"BreadcrumbList","@id":"https:\/\/www.monteescalier.net\/france\/monte-escalier-caen\/#breadcrumb","itemListElement":[{"@type":"ListItem","position":1,"name":"Accueil","item":"https:\/\/www.monteescalier.net\/france\/"},{"@type":"ListItem","position":2,"name":"Monte escalier Caen"}]},{"@type":"WebSite","@id":"https:\/\/www.monteescalier.net\/france\/#website","url":"https:\/\/www.monteescalier.net\/france\/","name":"Monte escalier","description":"","publisher":{"@id":"https:\/\/www.monteescalier.net\/france\/#organization"},"potentialAction":[{"@type":"SearchAction","target":{"@type":"EntryPoint","urlTemplate":"https:\/\/www.monteescalier.net\/france\/?s={search_term_string}"},"query-input":{"@type":"PropertyValueSpecification","valueRequired":true,"valueName":"search_term_string"}}],"inLanguage":"fr-FR"},{"@type":"Organization","@id":"https:\/\/www.monteescalier.net\/france\/#organization","name":"monte-escalier.net","url":"https:\/\/www.monteescalier.net\/france\/","logo":{"@type":"ImageObject","inLanguage":"fr-FR","@id":"https:\/\/www.monteescalier.net\/france\/#\/schema\/logo\/image\/","url":"https:\/\/www.monteescalier.net\/france\/wp-content\/uploads\/2016\/10\/4devis-mont-escalier-500-500.gif","contentUrl":"https:\/\/www.monteescalier.net\/france\/wp-content\/uploads\/2016\/10\/4devis-mont-escalier-500-500.gif","width":500,"height":500,"caption":"monte-escalier.net"},"image":{"@id":"https:\/\/www.monteescalier.net\/france\/#\/schema\/logo\/image\/"}}]}},"_links":{"self":[{"href":"https:\/\/www.monteescalier.net\/france\/wp-json\/wp\/v2\/pages\/945","targetHints":{"allow":["GET"]}}],"collection":[{"href":"https:\/\/www.monteescalier.net\/france\/wp-json\/wp\/v2\/pages"}],"about":[{"href":"https:\/\/www.monteescalier.net\/france\/wp-json\/wp\/v2\/types\/page"}],"author":[{"embeddable":true,"href":"https:\/\/www.monteescalier.net\/france\/wp-json\/wp\/v2\/users\/1"}],"replies":[{"embeddable":true,"href":"https:\/\/www.monteescalier.net\/france\/wp-json\/wp\/v2\/comments?post=945"}],"version-history":[{"count":9,"href":"https:\/\/www.monteescalier.net\/france\/wp-json\/wp\/v2\/pages\/945\/revisions"}],"predecessor-version":[{"id":8261,"href":"https:\/\/www.monteescalier.net\/france\/wp-json\/wp\/v2\/pages\/945\/revisions\/8261"}],"wp:attachment":[{"href":"https:\/\/www.monteescalier.net\/france\/wp-json\/wp\/v2\/media?parent=945"}],"curies":[{"name":"wp","href":"https:\/\/api.w.org\/{rel}","templated":true}]}}