{"id":946,"date":"2021-02-26T10:47:11","date_gmt":"2021-02-26T09:47:11","guid":{"rendered":"https:\/\/www.monteescalier.net\/france\/?page_id=946"},"modified":"2021-11-09T15:06:09","modified_gmt":"2021-11-09T14:06:09","slug":"monte-escalier-rouen","status":"publish","type":"page","link":"https:\/\/www.monteescalier.net\/france\/monte-escalier-rouen\/","title":{"rendered":"Monte escalier Rouen"},"content":{"rendered":"<h1>Comparez les offres de monte escalier \u00e0 Rouen<\/h1>\n<div class=\"boite_texte\">\n<pre style=\"text-align: justify;\">Article mis \u00e0 jour le 15\/11\/2016<\/pre>\n<div style=\"text-align: justify;\"><\/div>\n<div style=\"text-align: justify;\">Vous voulez faire installer un monte escalier \u00e0 Rouen,\u00a0dans votre maison. Question, \u00e0 quel installateur allez vous faire appel ? Une grande marque qui distribue au niveau national que vous aurez vu dans une pub t\u00e9l\u00e9vis\u00e9e? C&rsquo;est une solution : mais \u00eates-vous s\u00fbr que c&rsquo;est bien la proposition la plus \u00e9conomique et la plus adapt\u00e9e \u00e0 votre besoin? Vous pouvez \u00e9galement vous tourner vers une enseigne r\u00e9gionale qui commercialise des monte escalier dans tout l&rsquo;Ouest de la France. Ou encore choisir un installateur de monte escalier local, sp\u00e9cialiste de la mobilit\u00e9 sur la seule ville de Rouen. Il n&rsquo;y a pas r\u00e9ellement de mauvaise solution (sauf si vous tombez sur un installateur de monte escalier ind\u00e9licat). Le meilleur moyen d&rsquo;en avoir le coeur net \u00a0est encore d&rsquo;obtenir plusieurs devis afin de comparer les prix des monte escalier, mais aussi les services fournis, et les garanties propos\u00e9es. Mais \u00e0 qui s&rsquo;adresser ? au hasard ? Je ne vous le conseille pas.<\/div>\n<h2>\u00a0Faire appel \u00e0 un professionnel qui conna\u00eet les installateur de monte escalier<\/h2>\n<p>Depuis plusieurs ann\u00e9es Monteescalier.net \u00a0conseille les acheteurs de monte escalier pour les orienter vers les meilleurs prestataires. Quelle est notre m\u00e9thode et quels sont les raisons de notre succ\u00e8s. Vous allez voir que nous proposons des solutions extr\u00eamement simples dont vous allez avoir du mal \u00e0 vous passer pour choisir votre installateur de monte escalier \u00e0 Rouen.<\/p>\n<h3>4 devis de monte escalier tout de suite !<\/h3>\n<p>C&rsquo;est la premi\u00e8re promesse que nous tiendrons : nous avons s\u00e9lectionn\u00e9 plusieurs prestataires installateurs de monte escalier dans la r\u00e9gion et ils recevront vos coordonn\u00e9es d\u00e8s que vous aurez fait une demande de devis (en haut \u00e0 droit de cette page) et pourront donc chacun vous faire une offre pour votre monte escalier dans les d\u00e9lais les plus brefs.<\/p>\n<h3>Une s\u00e9lection d&rsquo;installateurs de monte escalier sur mesure<\/h3>\n<div style=\"text-align: justify;\">Nous ne choisissons pas les installateurs de monte escalier au hasard : nous ne sommes pas vendeurs, ni installateurs, et donc totalement ind\u00e9pendants. Nous faisons notre s\u00e9lection sur des crit\u00e8res objectifs en retenant des prestataires qui ont su convaincre les acheteurs de monte escalier de la r\u00e9gion, par des prix attractifs, un service commercial impeccable et une disponibilit\u00e9 sur le service apr\u00e8s vente irr\u00e9prochable. Peu de chance donc que vous soyez d\u00e9\u00e7us par les prestations de nos installateurs de monte escalier sur Rouen et sa p\u00e9riph\u00e9rie !<\/div>\n<p>&nbsp;<\/p>\n<div align=\"center\">\n<div id=\"attachment_6771\" style=\"width: 310px\" class=\"wp-caption aligncenter\"><a href=\"https:\/\/www.monteescalier.net\/france\/wp-content\/uploads\/2014\/11\/ville-de-rouen.jpg\"><img loading=\"lazy\" decoding=\"async\" aria-describedby=\"caption-attachment-6771\" class=\"size-medium wp-image-6771\" src=\"https:\/\/www.monteescalier.net\/france\/wp-content\/uploads\/2014\/11\/ville-de-rouen-300x209.jpg\" alt=\"Ville de Rouen. Photo Daniel R. Blume\" width=\"300\" height=\"209\" srcset=\"https:\/\/www.monteescalier.net\/france\/wp-content\/uploads\/2014\/11\/ville-de-rouen-300x209.jpg 300w, https:\/\/www.monteescalier.net\/france\/wp-content\/uploads\/2014\/11\/ville-de-rouen.jpg 640w\" sizes=\"auto, (max-width: 300px) 100vw, 300px\" \/><\/a><p id=\"caption-attachment-6771\" class=\"wp-caption-text\">Ville de Rouen. Photo <a href=\"https:\/\/www.flickr.com\/photos\/drb62\/\" target=\"_blank\" rel=\"noopener noreferrer\">Daniel R. Blume<\/a><\/p><\/div>\n<\/div>\n<h3 style=\"text-align: justify;\">Pas de co\u00fbt, pas d&rsquo;obligation<\/h3>\n<div style=\"text-align: justify;\">Le fait de travailler avec nous ne vous conf\u00e8re aucune obligation, si ce n&rsquo;est la politesse d\u00fbe aux installateur de monte escalier qui vont vous d\u00e9marcher : ce sont de bons prestataires qui jouent le jeu, merci donc de leur r\u00e9server le meilleur accueil. Pour le reste vous n&rsquo;\u00eates aucunement engag\u00e9s vis \u00e0 vis de nous : si, au final, m\u00eame si c&rsquo;est tr\u00e8s improbable, vous ne trouvez pas votre monte escalier chez un des professionnels du monte escalier que nous avons recommand\u00e9, vous \u00eates totalement libres d&rsquo;aller chercher ailleurs et de conclure avec un autre. Par ailleurs \u00a0nous ne prenons aucune commission sur les ventes r\u00e9alis\u00e9es. Peu importe chez qui vous achetez \u00e7a ne change rien pour ce qui nous concerne.<\/div>\n<div style=\"text-align: justify;\"><\/div>\n<p>&nbsp;<\/p>\n<div style=\"text-align: justify;\">\n<p>Pour vous familiariser avec les mod\u00e8les de monte escalier n&rsquo;h\u00e9sitez pas \u00e0 faire une demande de documentation, via notre formulaire de de demande de documentation, vous recevrez ainsi par courrier \u00e9lectronique des renseignements d\u00e9taill\u00e9es\u00a0sur les diff\u00e9rents mod\u00e8les de monte escalier disponibles \u00e0 la vente \u00e0 Rouen via notre s\u00e9lection d&rsquo;installateurs.<\/p>\n<\/div>\n<div style=\"text-align: justify;\">Centralisez vos demandes de devis sur les monte escalier gr\u00e2ce \u00e0 notre site enti\u00e8rement gratuit : un formulaire rempli = des contacts directs\u00a0avec les prestataires revendeurs de monte escalier \u00e0 Rouen et dans toute la Seine Maritime.<\/div>\n<p>&nbsp;<\/p>\n<\/div>\n<div class=\"titre_liens\">Nos offres monte escalier \u00e0 proximit\u00e9 de Rouen<\/div>\n<div class=\"boite_liens\"><a href=\"https:\/\/www.monteescalier.net\/france\/monte-escalier-dieppe\">Monte escalier Dieppe<\/a><br \/>\n<a href=\"https:\/\/www.monteescalier.net\/france\/monte-escalier-sotteville-les-rouen\">Monte escalier Sotteville-l\u00e8s-Rouen<\/a><br \/>\n<a href=\"https:\/\/www.monteescalier.net\/france\/monte-escalier-saint-etienne-du-rouvray\">Monte escalier Saint-\u00c9tienne-du-Rouvray<\/a><br \/>\n<a href=\"https:\/\/www.monteescalier.net\/france\/monte-escalier-le-grand-quevilly\">Monte escalier Grand-Quevilly<\/a><br \/>\n<a href=\"https:\/\/www.monteescalier.net\/france\/monte-escalier-le-petit-quevilly\">Monte escalier Petit-Quevilly<\/a><\/div>\n","protected":false},"excerpt":{"rendered":"<p>Comparez les offres de monte escalier \u00e0 Rouen Article mis \u00e0 jour le 15\/11\/2016 Vous voulez faire installer un monte escalier \u00e0 Rouen,\u00a0dans votre maison. Question, \u00e0 quel installateur allez vous faire appel ? Une grande marque qui distribue au niveau national que vous aurez vu dans une pub t\u00e9l\u00e9vis\u00e9e? C&rsquo;est une solution : mais [&hellip;]<\/p>\n","protected":false},"author":1,"featured_media":0,"parent":0,"menu_order":0,"comment_status":"closed","ping_status":"open","template":"template_ville_16.php","meta":{"_monsterinsights_skip_tracking":false,"_monsterinsights_sitenote_active":false,"_monsterinsights_sitenote_note":"","_monsterinsights_sitenote_category":0,"footnotes":""},"class_list":["post-946","page","type-page","status-publish","hentry"],"yoast_head":"<!-- This site is optimized with the Yoast SEO plugin v26.3 - https:\/\/yoast.com\/wordpress\/plugins\/seo\/ -->\n<title>Monte escalier Rouen - Monte escalier<\/title>\n<meta name=\"description\" content=\"Monte escalier \u00e0 Rouen : Trouvez un professionnel en quelques clics.\" \/>\n<meta name=\"robots\" content=\"index, follow, max-snippet:-1, max-image-preview:large, max-video-preview:-1\" \/>\n<link rel=\"canonical\" href=\"https:\/\/www.monteescalier.net\/france\/monte-escalier-rouen\/\" \/>\n<meta property=\"og:locale\" content=\"fr_FR\" \/>\n<meta property=\"og:type\" content=\"article\" \/>\n<meta property=\"og:title\" content=\"Monte escalier Rouen - Monte escalier\" \/>\n<meta property=\"og:description\" content=\"Monte escalier \u00e0 Rouen : Trouvez un professionnel en quelques clics.\" \/>\n<meta property=\"og:url\" content=\"https:\/\/www.monteescalier.net\/france\/monte-escalier-rouen\/\" \/>\n<meta property=\"og:site_name\" content=\"Monte escalier\" \/>\n<meta property=\"article:modified_time\" content=\"2021-11-09T14:06:09+00:00\" \/>\n<meta property=\"og:image\" content=\"https:\/\/www.monteescalier.net\/france\/wp-content\/uploads\/2014\/11\/ville-de-rouen-300x209.jpg\" \/>\n<meta name=\"twitter:card\" content=\"summary_large_image\" \/>\n<meta name=\"twitter:label1\" content=\"Dur\u00e9e de lecture estim\u00e9e\" \/>\n\t<meta name=\"twitter:data1\" content=\"3 minutes\" \/>\n<script type=\"application\/ld+json\" class=\"yoast-schema-graph\">{\"@context\":\"https:\/\/schema.org\",\"@graph\":[{\"@type\":\"WebPage\",\"@id\":\"https:\/\/www.monteescalier.net\/france\/monte-escalier-rouen\/\",\"url\":\"https:\/\/www.monteescalier.net\/france\/monte-escalier-rouen\/\",\"name\":\"Monte escalier Rouen - Monte escalier\",\"isPartOf\":{\"@id\":\"https:\/\/www.monteescalier.net\/france\/#website\"},\"primaryImageOfPage\":{\"@id\":\"https:\/\/www.monteescalier.net\/france\/monte-escalier-rouen\/#primaryimage\"},\"image\":{\"@id\":\"https:\/\/www.monteescalier.net\/france\/monte-escalier-rouen\/#primaryimage\"},\"thumbnailUrl\":\"https:\/\/www.monteescalier.net\/france\/wp-content\/uploads\/2014\/11\/ville-de-rouen-300x209.jpg\",\"datePublished\":\"2021-02-26T09:47:11+00:00\",\"dateModified\":\"2021-11-09T14:06:09+00:00\",\"description\":\"Monte escalier \u00e0 Rouen : Trouvez un professionnel en quelques clics.\",\"breadcrumb\":{\"@id\":\"https:\/\/www.monteescalier.net\/france\/monte-escalier-rouen\/#breadcrumb\"},\"inLanguage\":\"fr-FR\",\"potentialAction\":[{\"@type\":\"ReadAction\",\"target\":[\"https:\/\/www.monteescalier.net\/france\/monte-escalier-rouen\/\"]}]},{\"@type\":\"ImageObject\",\"inLanguage\":\"fr-FR\",\"@id\":\"https:\/\/www.monteescalier.net\/france\/monte-escalier-rouen\/#primaryimage\",\"url\":\"https:\/\/www.monteescalier.net\/france\/wp-content\/uploads\/2014\/11\/ville-de-rouen.jpg\",\"contentUrl\":\"https:\/\/www.monteescalier.net\/france\/wp-content\/uploads\/2014\/11\/ville-de-rouen.jpg\",\"width\":640,\"height\":446,\"caption\":\"Ville de Rouen. Photo Daniel R. Blume\"},{\"@type\":\"BreadcrumbList\",\"@id\":\"https:\/\/www.monteescalier.net\/france\/monte-escalier-rouen\/#breadcrumb\",\"itemListElement\":[{\"@type\":\"ListItem\",\"position\":1,\"name\":\"Accueil\",\"item\":\"https:\/\/www.monteescalier.net\/france\/\"},{\"@type\":\"ListItem\",\"position\":2,\"name\":\"Monte escalier Rouen\"}]},{\"@type\":\"WebSite\",\"@id\":\"https:\/\/www.monteescalier.net\/france\/#website\",\"url\":\"https:\/\/www.monteescalier.net\/france\/\",\"name\":\"Monte escalier\",\"description\":\"\",\"publisher\":{\"@id\":\"https:\/\/www.monteescalier.net\/france\/#organization\"},\"potentialAction\":[{\"@type\":\"SearchAction\",\"target\":{\"@type\":\"EntryPoint\",\"urlTemplate\":\"https:\/\/www.monteescalier.net\/france\/?s={search_term_string}\"},\"query-input\":{\"@type\":\"PropertyValueSpecification\",\"valueRequired\":true,\"valueName\":\"search_term_string\"}}],\"inLanguage\":\"fr-FR\"},{\"@type\":\"Organization\",\"@id\":\"https:\/\/www.monteescalier.net\/france\/#organization\",\"name\":\"monte-escalier.net\",\"url\":\"https:\/\/www.monteescalier.net\/france\/\",\"logo\":{\"@type\":\"ImageObject\",\"inLanguage\":\"fr-FR\",\"@id\":\"https:\/\/www.monteescalier.net\/france\/#\/schema\/logo\/image\/\",\"url\":\"https:\/\/www.monteescalier.net\/france\/wp-content\/uploads\/2016\/10\/4devis-mont-escalier-500-500.gif\",\"contentUrl\":\"https:\/\/www.monteescalier.net\/france\/wp-content\/uploads\/2016\/10\/4devis-mont-escalier-500-500.gif\",\"width\":500,\"height\":500,\"caption\":\"monte-escalier.net\"},\"image\":{\"@id\":\"https:\/\/www.monteescalier.net\/france\/#\/schema\/logo\/image\/\"}}]}<\/script>\n<!-- \/ Yoast SEO plugin. -->","yoast_head_json":{"title":"Monte escalier Rouen - Monte escalier","description":"Monte escalier \u00e0 Rouen : Trouvez un professionnel en quelques clics.","robots":{"index":"index","follow":"follow","max-snippet":"max-snippet:-1","max-image-preview":"max-image-preview:large","max-video-preview":"max-video-preview:-1"},"canonical":"https:\/\/www.monteescalier.net\/france\/monte-escalier-rouen\/","og_locale":"fr_FR","og_type":"article","og_title":"Monte escalier Rouen - Monte escalier","og_description":"Monte escalier \u00e0 Rouen : Trouvez un professionnel en quelques clics.","og_url":"https:\/\/www.monteescalier.net\/france\/monte-escalier-rouen\/","og_site_name":"Monte escalier","article_modified_time":"2021-11-09T14:06:09+00:00","og_image":[{"url":"https:\/\/www.monteescalier.net\/france\/wp-content\/uploads\/2014\/11\/ville-de-rouen-300x209.jpg","type":"","width":"","height":""}],"twitter_card":"summary_large_image","twitter_misc":{"Dur\u00e9e de lecture estim\u00e9e":"3 minutes"},"schema":{"@context":"https:\/\/schema.org","@graph":[{"@type":"WebPage","@id":"https:\/\/www.monteescalier.net\/france\/monte-escalier-rouen\/","url":"https:\/\/www.monteescalier.net\/france\/monte-escalier-rouen\/","name":"Monte escalier Rouen - Monte escalier","isPartOf":{"@id":"https:\/\/www.monteescalier.net\/france\/#website"},"primaryImageOfPage":{"@id":"https:\/\/www.monteescalier.net\/france\/monte-escalier-rouen\/#primaryimage"},"image":{"@id":"https:\/\/www.monteescalier.net\/france\/monte-escalier-rouen\/#primaryimage"},"thumbnailUrl":"https:\/\/www.monteescalier.net\/france\/wp-content\/uploads\/2014\/11\/ville-de-rouen-300x209.jpg","datePublished":"2021-02-26T09:47:11+00:00","dateModified":"2021-11-09T14:06:09+00:00","description":"Monte escalier \u00e0 Rouen : Trouvez un professionnel en quelques clics.","breadcrumb":{"@id":"https:\/\/www.monteescalier.net\/france\/monte-escalier-rouen\/#breadcrumb"},"inLanguage":"fr-FR","potentialAction":[{"@type":"ReadAction","target":["https:\/\/www.monteescalier.net\/france\/monte-escalier-rouen\/"]}]},{"@type":"ImageObject","inLanguage":"fr-FR","@id":"https:\/\/www.monteescalier.net\/france\/monte-escalier-rouen\/#primaryimage","url":"https:\/\/www.monteescalier.net\/france\/wp-content\/uploads\/2014\/11\/ville-de-rouen.jpg","contentUrl":"https:\/\/www.monteescalier.net\/france\/wp-content\/uploads\/2014\/11\/ville-de-rouen.jpg","width":640,"height":446,"caption":"Ville de Rouen. Photo Daniel R. Blume"},{"@type":"BreadcrumbList","@id":"https:\/\/www.monteescalier.net\/france\/monte-escalier-rouen\/#breadcrumb","itemListElement":[{"@type":"ListItem","position":1,"name":"Accueil","item":"https:\/\/www.monteescalier.net\/france\/"},{"@type":"ListItem","position":2,"name":"Monte escalier Rouen"}]},{"@type":"WebSite","@id":"https:\/\/www.monteescalier.net\/france\/#website","url":"https:\/\/www.monteescalier.net\/france\/","name":"Monte escalier","description":"","publisher":{"@id":"https:\/\/www.monteescalier.net\/france\/#organization"},"potentialAction":[{"@type":"SearchAction","target":{"@type":"EntryPoint","urlTemplate":"https:\/\/www.monteescalier.net\/france\/?s={search_term_string}"},"query-input":{"@type":"PropertyValueSpecification","valueRequired":true,"valueName":"search_term_string"}}],"inLanguage":"fr-FR"},{"@type":"Organization","@id":"https:\/\/www.monteescalier.net\/france\/#organization","name":"monte-escalier.net","url":"https:\/\/www.monteescalier.net\/france\/","logo":{"@type":"ImageObject","inLanguage":"fr-FR","@id":"https:\/\/www.monteescalier.net\/france\/#\/schema\/logo\/image\/","url":"https:\/\/www.monteescalier.net\/france\/wp-content\/uploads\/2016\/10\/4devis-mont-escalier-500-500.gif","contentUrl":"https:\/\/www.monteescalier.net\/france\/wp-content\/uploads\/2016\/10\/4devis-mont-escalier-500-500.gif","width":500,"height":500,"caption":"monte-escalier.net"},"image":{"@id":"https:\/\/www.monteescalier.net\/france\/#\/schema\/logo\/image\/"}}]}},"_links":{"self":[{"href":"https:\/\/www.monteescalier.net\/france\/wp-json\/wp\/v2\/pages\/946","targetHints":{"allow":["GET"]}}],"collection":[{"href":"https:\/\/www.monteescalier.net\/france\/wp-json\/wp\/v2\/pages"}],"about":[{"href":"https:\/\/www.monteescalier.net\/france\/wp-json\/wp\/v2\/types\/page"}],"author":[{"embeddable":true,"href":"https:\/\/www.monteescalier.net\/france\/wp-json\/wp\/v2\/users\/1"}],"replies":[{"embeddable":true,"href":"https:\/\/www.monteescalier.net\/france\/wp-json\/wp\/v2\/comments?post=946"}],"version-history":[{"count":6,"href":"https:\/\/www.monteescalier.net\/france\/wp-json\/wp\/v2\/pages\/946\/revisions"}],"predecessor-version":[{"id":8478,"href":"https:\/\/www.monteescalier.net\/france\/wp-json\/wp\/v2\/pages\/946\/revisions\/8478"}],"wp:attachment":[{"href":"https:\/\/www.monteescalier.net\/france\/wp-json\/wp\/v2\/media?parent=946"}],"curies":[{"name":"wp","href":"https:\/\/api.w.org\/{rel}","templated":true}]}}