{"id":949,"date":"2021-09-24T10:47:11","date_gmt":"2021-09-24T09:47:11","guid":{"rendered":"https:\/\/www.monteescalier.net\/france\/?page_id=949"},"modified":"2021-11-09T15:02:50","modified_gmt":"2021-11-09T14:02:50","slug":"monte-escalier-argenteuil","status":"publish","type":"page","link":"https:\/\/www.monteescalier.net\/france\/monte-escalier-argenteuil\/","title":{"rendered":"Monte escalier Argenteuil"},"content":{"rendered":"<h1>Comment bien choisir son installateur de monte escalier \u00e0 Argenteuil dans le Val d&rsquo;Oise?<\/h1>\n<div class=\"boite_texte\">\n<div style=\"text-align: justify;\">Vous avez pris la d\u00e9cision de faire installer\u00a0un monte escalier \u00e0 Argenteuil, dans votre maison, il vous reste une \u00e9tape importante, le choix de l&rsquo;installateur. Face \u00e0 la profusion des installateurs de monte escalier en r\u00e9gion parisienne, comment faire le bon choix?\u00a0Avec monteescalier.net vous allez pouvoir choisir entre plusieurs prestataires pr\u00e9selectionn\u00e9s par nos soins pour leurs prix comp\u00e9titifs, leur qualit\u00e9 de service et leur disponibilit\u00e9.<\/div>\n<p>&nbsp;<\/p>\n<div style=\"text-align: justify;\">Monteescalier.net est une plateforme ind\u00e9pendant mettant en rapport les acheteurs de monte escalier et les vendeurs. \u00a0Sans commission, frais de dossiers, ou indemnit\u00e9 quelconque, nous mettons notre exp\u00e9rience \u00e0 votre service pour que vous trouviez rapidement l&rsquo;installateur de monte escalier qui vous convient.\u00a0En utilisant notre site, vous vous donnerez les meilleurs atouts pour trouver le prestataire id\u00e9al. Comment? Tout simplement en \u00e9tant \u00a0mis en relation avec les principaux vendeurs de monte escalier de r\u00e9gion parisienne, et du Val D&rsquo;Oise en particulier.<\/div>\n<p>&nbsp;<\/p>\n<div style=\"text-align: justify;\">\n<p>Vous souhaitez\u00a0recevoir plusieurs devis de monte escalier pour votre maison\u00a0\u00e0 Argenteuil, vous n&rsquo;avez qu&rsquo;une demande \u00e0 faire sur ce site (le formulaire est en haut de cette page) et vous en recevrez tr\u00e8s rapidement entre 4\u00a0et 5 devis diff\u00e9rents. Nous contactons pour vous les professionnels de Argenteuil, et devinez quoi ?\u00a0Non seulement c&rsquo;est gratuit, mais encore sans engagement !<\/p>\n<p>Nous ne vous demandons qu&rsquo;une seule chose : bien recevoir notre s\u00e9lection de vendeurs : ils acceptent les r\u00e8gles du jeu et la mise en concurrence donc le moins que vous pouvez faire c&rsquo;est simplement de bien les accueillir et de les laisser vous faire un proposition all\u00e9chante ! Vous ne le regretterez pas.<\/p>\n<\/div>\n<div style=\"text-align: justify;\">Chaque installation de monte escalier \u00e9tant sp\u00e9cifique, vous pouvez \u00eatre amen\u00e9 \u00e0 vouloir dialoguer avec de v\u00e9ritables experts, professionnels de l&rsquo;installation de monte escalier \u00e0 Argenteuil avant de prendre une d\u00e9cision d\u00e9finitive . Pour vous faciliter la t\u00e2che, utilisez notre service de demande de rappel, un formulaire avec vos coordonn\u00e9es \u00e0 remplir et vous serez tr\u00e8s vite rappel\u00e9s par nos partenaires travaillant dans le Val d&rsquo;Oise.<\/div>\n<p>&nbsp;<\/p>\n<div style=\"text-align: justify;\">\n<p>Quel mod\u00e8le de monte escalier choisir ? Pour vous aider \u00e0 r\u00e9pondre \u00e0 cette question, aidez vous avec de la documentation gratuite sur les monte escaliers. Nos partenaires revendeurs peuvent, en effet, vous faire parvenir de la documentation sur les mod\u00e8les qu&rsquo;ils proposent \u00e0 la vente et qui vous permettront sans doute d&rsquo;\u00e9tablir une pr\u00e9selection entre les diff\u00e9rents mod\u00e8les que vous pourriez faire poser chez vous.<\/p>\n<\/div>\n<div style=\"text-align: justify;\">Vous pensez toujours\u00a0que nous allons vous faire payer ces services&#8230;et bien non ! Tous nos services de mise en relation avec notre s\u00e9lection de vendeurs de monte escalier en r\u00e9gion parisienne sont enti\u00e8rement gratuits et vous n&rsquo;\u00eates en aucun cas oblig\u00e9 d&rsquo;acheter quoi que ce soit aupr\u00e8s des revendeurs que nous vous conseillons. Si \u00e7a ne vous convient pas du tout (ce dont nous doutons tant nous avons confiance en nos prestataires s\u00e9lectionn\u00e9s), vous pouvez tr\u00e8s acheter ailleurs, sans p\u00e9nalit\u00e9 aucune.<\/div>\n<p>&nbsp;<\/p>\n<\/div>\n<div class=\"titre_liens\">D\u00e9couvrez aussi nos services de proximit\u00e9 dans les villes ci-dessous :<\/div>\n<p>&nbsp;<\/p>\n<div class=\"boite_liens\"><a href=\"https:\/\/www.monteescalier.net\/france\/monte-escalier-sarcelles\">Monte escalier Sarcelles<\/a><br \/>\n<a href=\"https:\/\/www.monteescalier.net\/france\/monte-escalier-cergy\">Monte escalier Cergy<\/a><br \/>\n<a href=\"https:\/\/www.monteescalier.net\/france\/monte-escalier-garges-les-gonesse\">Monte escalier Garges-l\u00e8s-Gonesse<\/a><br \/>\n<a href=\"https:\/\/www.monteescalier.net\/france\/monte-escalier-franconville\">Monte escalier Franconville<\/a><br \/>\n<a href=\"https:\/\/www.monteescalier.net\/france\/monte-escalier-goussainville\">Monte escalier Goussainville<\/a><\/div>\n<div class=\"boite_liens\"><\/div>\n<div class=\"boite_liens\">Fiche \u00e0 jour au 24\/09\/2018<\/div>\n","protected":false},"excerpt":{"rendered":"<p>Comment bien choisir son installateur de monte escalier \u00e0 Argenteuil dans le Val d&rsquo;Oise? Vous avez pris la d\u00e9cision de faire installer\u00a0un monte escalier \u00e0 Argenteuil, dans votre maison, il vous reste une \u00e9tape importante, le choix de l&rsquo;installateur. Face \u00e0 la profusion des installateurs de monte escalier en r\u00e9gion parisienne, comment faire le bon [&hellip;]<\/p>\n","protected":false},"author":1,"featured_media":0,"parent":0,"menu_order":0,"comment_status":"closed","ping_status":"closed","template":"template_ville_17.php","meta":{"_monsterinsights_skip_tracking":false,"_monsterinsights_sitenote_active":false,"_monsterinsights_sitenote_note":"","_monsterinsights_sitenote_category":0,"footnotes":""},"class_list":["post-949","page","type-page","status-publish","hentry"],"yoast_head":"<!-- This site is optimized with the Yoast SEO plugin v26.3 - https:\/\/yoast.com\/wordpress\/plugins\/seo\/ -->\n<title>Monte escalier Argenteuil - Monte escalier<\/title>\n<meta name=\"description\" content=\"Argenteuil : Trouvez le meilleur prix pour l&#039;installation d&#039;un monte-escalier monte personne.\" \/>\n<meta name=\"robots\" content=\"index, follow, max-snippet:-1, max-image-preview:large, max-video-preview:-1\" \/>\n<link rel=\"canonical\" href=\"https:\/\/www.monteescalier.net\/france\/monte-escalier-argenteuil\/\" \/>\n<meta property=\"og:locale\" content=\"fr_FR\" \/>\n<meta property=\"og:type\" content=\"article\" \/>\n<meta property=\"og:title\" content=\"Monte escalier Argenteuil - Monte escalier\" \/>\n<meta property=\"og:description\" content=\"Argenteuil : Trouvez le meilleur prix pour l&#039;installation d&#039;un monte-escalier monte personne.\" \/>\n<meta property=\"og:url\" content=\"https:\/\/www.monteescalier.net\/france\/monte-escalier-argenteuil\/\" \/>\n<meta property=\"og:site_name\" content=\"Monte escalier\" \/>\n<meta property=\"article:modified_time\" content=\"2021-11-09T14:02:50+00:00\" \/>\n<meta name=\"twitter:card\" content=\"summary_large_image\" \/>\n<meta name=\"twitter:label1\" content=\"Dur\u00e9e de lecture estim\u00e9e\" \/>\n\t<meta name=\"twitter:data1\" content=\"3 minutes\" \/>\n<script type=\"application\/ld+json\" class=\"yoast-schema-graph\">{\"@context\":\"https:\/\/schema.org\",\"@graph\":[{\"@type\":\"WebPage\",\"@id\":\"https:\/\/www.monteescalier.net\/france\/monte-escalier-argenteuil\/\",\"url\":\"https:\/\/www.monteescalier.net\/france\/monte-escalier-argenteuil\/\",\"name\":\"Monte escalier Argenteuil - Monte escalier\",\"isPartOf\":{\"@id\":\"https:\/\/www.monteescalier.net\/france\/#website\"},\"datePublished\":\"2021-09-24T09:47:11+00:00\",\"dateModified\":\"2021-11-09T14:02:50+00:00\",\"description\":\"Argenteuil : Trouvez le meilleur prix pour l'installation d'un monte-escalier monte personne.\",\"breadcrumb\":{\"@id\":\"https:\/\/www.monteescalier.net\/france\/monte-escalier-argenteuil\/#breadcrumb\"},\"inLanguage\":\"fr-FR\",\"potentialAction\":[{\"@type\":\"ReadAction\",\"target\":[\"https:\/\/www.monteescalier.net\/france\/monte-escalier-argenteuil\/\"]}]},{\"@type\":\"BreadcrumbList\",\"@id\":\"https:\/\/www.monteescalier.net\/france\/monte-escalier-argenteuil\/#breadcrumb\",\"itemListElement\":[{\"@type\":\"ListItem\",\"position\":1,\"name\":\"Accueil\",\"item\":\"https:\/\/www.monteescalier.net\/france\/\"},{\"@type\":\"ListItem\",\"position\":2,\"name\":\"Monte escalier Argenteuil\"}]},{\"@type\":\"WebSite\",\"@id\":\"https:\/\/www.monteescalier.net\/france\/#website\",\"url\":\"https:\/\/www.monteescalier.net\/france\/\",\"name\":\"Monte escalier\",\"description\":\"\",\"publisher\":{\"@id\":\"https:\/\/www.monteescalier.net\/france\/#organization\"},\"potentialAction\":[{\"@type\":\"SearchAction\",\"target\":{\"@type\":\"EntryPoint\",\"urlTemplate\":\"https:\/\/www.monteescalier.net\/france\/?s={search_term_string}\"},\"query-input\":{\"@type\":\"PropertyValueSpecification\",\"valueRequired\":true,\"valueName\":\"search_term_string\"}}],\"inLanguage\":\"fr-FR\"},{\"@type\":\"Organization\",\"@id\":\"https:\/\/www.monteescalier.net\/france\/#organization\",\"name\":\"monte-escalier.net\",\"url\":\"https:\/\/www.monteescalier.net\/france\/\",\"logo\":{\"@type\":\"ImageObject\",\"inLanguage\":\"fr-FR\",\"@id\":\"https:\/\/www.monteescalier.net\/france\/#\/schema\/logo\/image\/\",\"url\":\"https:\/\/www.monteescalier.net\/france\/wp-content\/uploads\/2016\/10\/4devis-mont-escalier-500-500.gif\",\"contentUrl\":\"https:\/\/www.monteescalier.net\/france\/wp-content\/uploads\/2016\/10\/4devis-mont-escalier-500-500.gif\",\"width\":500,\"height\":500,\"caption\":\"monte-escalier.net\"},\"image\":{\"@id\":\"https:\/\/www.monteescalier.net\/france\/#\/schema\/logo\/image\/\"}}]}<\/script>\n<!-- \/ Yoast SEO plugin. -->","yoast_head_json":{"title":"Monte escalier Argenteuil - Monte escalier","description":"Argenteuil : Trouvez le meilleur prix pour l'installation d'un monte-escalier monte personne.","robots":{"index":"index","follow":"follow","max-snippet":"max-snippet:-1","max-image-preview":"max-image-preview:large","max-video-preview":"max-video-preview:-1"},"canonical":"https:\/\/www.monteescalier.net\/france\/monte-escalier-argenteuil\/","og_locale":"fr_FR","og_type":"article","og_title":"Monte escalier Argenteuil - Monte escalier","og_description":"Argenteuil : Trouvez le meilleur prix pour l'installation d'un monte-escalier monte personne.","og_url":"https:\/\/www.monteescalier.net\/france\/monte-escalier-argenteuil\/","og_site_name":"Monte escalier","article_modified_time":"2021-11-09T14:02:50+00:00","twitter_card":"summary_large_image","twitter_misc":{"Dur\u00e9e de lecture estim\u00e9e":"3 minutes"},"schema":{"@context":"https:\/\/schema.org","@graph":[{"@type":"WebPage","@id":"https:\/\/www.monteescalier.net\/france\/monte-escalier-argenteuil\/","url":"https:\/\/www.monteescalier.net\/france\/monte-escalier-argenteuil\/","name":"Monte escalier Argenteuil - Monte escalier","isPartOf":{"@id":"https:\/\/www.monteescalier.net\/france\/#website"},"datePublished":"2021-09-24T09:47:11+00:00","dateModified":"2021-11-09T14:02:50+00:00","description":"Argenteuil : Trouvez le meilleur prix pour l'installation d'un monte-escalier monte personne.","breadcrumb":{"@id":"https:\/\/www.monteescalier.net\/france\/monte-escalier-argenteuil\/#breadcrumb"},"inLanguage":"fr-FR","potentialAction":[{"@type":"ReadAction","target":["https:\/\/www.monteescalier.net\/france\/monte-escalier-argenteuil\/"]}]},{"@type":"BreadcrumbList","@id":"https:\/\/www.monteescalier.net\/france\/monte-escalier-argenteuil\/#breadcrumb","itemListElement":[{"@type":"ListItem","position":1,"name":"Accueil","item":"https:\/\/www.monteescalier.net\/france\/"},{"@type":"ListItem","position":2,"name":"Monte escalier Argenteuil"}]},{"@type":"WebSite","@id":"https:\/\/www.monteescalier.net\/france\/#website","url":"https:\/\/www.monteescalier.net\/france\/","name":"Monte escalier","description":"","publisher":{"@id":"https:\/\/www.monteescalier.net\/france\/#organization"},"potentialAction":[{"@type":"SearchAction","target":{"@type":"EntryPoint","urlTemplate":"https:\/\/www.monteescalier.net\/france\/?s={search_term_string}"},"query-input":{"@type":"PropertyValueSpecification","valueRequired":true,"valueName":"search_term_string"}}],"inLanguage":"fr-FR"},{"@type":"Organization","@id":"https:\/\/www.monteescalier.net\/france\/#organization","name":"monte-escalier.net","url":"https:\/\/www.monteescalier.net\/france\/","logo":{"@type":"ImageObject","inLanguage":"fr-FR","@id":"https:\/\/www.monteescalier.net\/france\/#\/schema\/logo\/image\/","url":"https:\/\/www.monteescalier.net\/france\/wp-content\/uploads\/2016\/10\/4devis-mont-escalier-500-500.gif","contentUrl":"https:\/\/www.monteescalier.net\/france\/wp-content\/uploads\/2016\/10\/4devis-mont-escalier-500-500.gif","width":500,"height":500,"caption":"monte-escalier.net"},"image":{"@id":"https:\/\/www.monteescalier.net\/france\/#\/schema\/logo\/image\/"}}]}},"_links":{"self":[{"href":"https:\/\/www.monteescalier.net\/france\/wp-json\/wp\/v2\/pages\/949","targetHints":{"allow":["GET"]}}],"collection":[{"href":"https:\/\/www.monteescalier.net\/france\/wp-json\/wp\/v2\/pages"}],"about":[{"href":"https:\/\/www.monteescalier.net\/france\/wp-json\/wp\/v2\/types\/page"}],"author":[{"embeddable":true,"href":"https:\/\/www.monteescalier.net\/france\/wp-json\/wp\/v2\/users\/1"}],"replies":[{"embeddable":true,"href":"https:\/\/www.monteescalier.net\/france\/wp-json\/wp\/v2\/comments?post=949"}],"version-history":[{"count":7,"href":"https:\/\/www.monteescalier.net\/france\/wp-json\/wp\/v2\/pages\/949\/revisions"}],"predecessor-version":[{"id":8073,"href":"https:\/\/www.monteescalier.net\/france\/wp-json\/wp\/v2\/pages\/949\/revisions\/8073"}],"wp:attachment":[{"href":"https:\/\/www.monteescalier.net\/france\/wp-json\/wp\/v2\/media?parent=949"}],"curies":[{"name":"wp","href":"https:\/\/api.w.org\/{rel}","templated":true}]}}