{"id":95,"date":"2024-01-16T10:31:00","date_gmt":"2024-01-16T09:31:00","guid":{"rendered":"https:\/\/www.monteescalier.net\/monteescalier\/?page_id=95"},"modified":"2024-05-15T17:03:57","modified_gmt":"2024-05-15T16:03:57","slug":"monte-escalier-deux-sevres","status":"publish","type":"page","link":"https:\/\/www.monteescalier.net\/france\/monte-escalier-deux-sevres\/","title":{"rendered":"Monte escalier Deux S\u00e8vres, Niort"},"content":{"rendered":"<div class='content-column one_half'><div style=\"padding-right:19px;\"><h1>Votre\u00a0monte escalier dans les Deux S\u00e8vres<\/h1>\n<p><b>Trouver des installateurs pr\u00e8s de chez vous :<\/b><br \/>\n<a href=\"https:\/\/www.monteescalier.net\/france\/monte-escalier-niort\">Monte escalier \u00e0 Niort<\/a><br \/>\n<a href=\"https:\/\/www.monteescalier.net\/france\/monte-escalier-parthenay\/\">Monte escalier \u00e0 Parthenay<\/a><br \/>\n<a href=\"https:\/\/www.monteescalier.net\/france\/monte-escalier-bressuire\/\">Monte escalier \u00e0 Bressuire<\/a><\/p>\n<p style=\"text-align: justify;\">Se procurer un monte-escaliers est un investissement : le prix est assez important et la probl\u00e9matique de l&rsquo;installation rend cet achat un peu plus compliqu\u00e9. C&rsquo;est pourquoi il est important de disposer d&rsquo;un maximum d&rsquo;informations et de plusieurs devis pour faire le bon choix.<\/p>\n<p style=\"text-align: justify;\">En r\u00e9gions, il est parfois difficile de trouver les bons interlocuteurs sur ce march\u00e9, mais heureusement notre site monteescalier.net peut vous aider \u00e0 trouver le bon prestataire monte escalier dans les Deux S\u00e8vres.<\/p>\n<p style=\"text-align: justify;\">En remplissant une seule demande de devis sur notre site, vous serez tr\u00e8s rapidement contact\u00e9s par notre s\u00e9lection d&rsquo;installateurs, fabricants et vendeurs de monte escalier op\u00e9rant sur tout le d\u00e9partement des Deux S\u00e8vres.<\/p>\n<p style=\"text-align: justify;\">Pourquoi comparer les revendeurs et installateurs de monte escalier ? Parce que tous ne proposent pas les m\u00eames produits, ni les m\u00eames garanties : une \u00e9tude approfondie des prestations de chacun vous permettra de voir quel est celui qui sera \u00e0 m\u00eame de vous proposer le meilleur rapport qualit\u00e9 prix et la meilleure qualit\u00e9 de service.<\/p>\n<p style=\"text-align: justify;\">Donc, que votre projet de monte escalier soit sur Niort , Thouars, Parthenay ou Bressuire ou dans une autre ville des Deux S\u00e8vres comme Cerizay, Echir\u00e9, Chauray, La Cr\u00e8che, Maul\u00e9on, Saint Maixent l&rsquo;Ecole ou Nueil les Aubiers, faites directement une demande de devis, de documentation ou de rappel sur cette page et pr\u00e9parez ainsi au mieux votre achat, et tout \u00e7a gratuitement et sans engagement.<\/p>\n<p>&nbsp;<\/p>\n<div class=\"bouton\">Cliquez ici pour obtenir des devis gratuitement<\/div><\/div><\/div><div class='content-column one_half last_column'><a href=\"https:\/\/www.monteescalier.net\/devis-gratuit.php\" target=\"_blank\" rel=\"noopener noreferrer\"><img loading=\"lazy\" decoding=\"async\" class=\"alignnone size-full img_region\" src=\"https:\/\/www.monteescalier.net\/france\/wp-content\/uploads\/2014\/10\/4devis-monte-escalier-photo-490.png\" alt=\"Deux S\u00e8vres\" width=\"507\" height=\"485\" \/><\/a><br \/>\n<img loading=\"lazy\" decoding=\"async\" class=\"alignnone size-full img_region_2\" src=\"https:\/\/www.monteescalier.net\/france\/wp-content\/uploads\/2013\/07\/deuxsevres.jpg\" alt=\"monte escalier deux sevres\" width=\"507\" height=\"485\" \/><\/div><div class='clear_column'><\/div><\/p>\n","protected":false},"excerpt":{"rendered":"","protected":false},"author":1,"featured_media":0,"parent":0,"menu_order":0,"comment_status":"open","ping_status":"closed","template":"template1.php","meta":{"_monsterinsights_skip_tracking":false,"_monsterinsights_sitenote_active":false,"_monsterinsights_sitenote_note":"","_monsterinsights_sitenote_category":0,"footnotes":""},"class_list":["post-95","page","type-page","status-publish","hentry"],"yoast_head":"<!-- This site is optimized with the Yoast SEO plugin v26.3 - https:\/\/yoast.com\/wordpress\/plugins\/seo\/ -->\n<title>Monte escalier Deux S\u00e8vres, Niort - Monte escalier<\/title>\n<meta name=\"description\" content=\"Nos monte escalier \u00e0 Deux S\u00e8vres proposer par nos partenaires installeurs : Niort, Parthenay, Bressuire.\" \/>\n<meta name=\"robots\" content=\"index, follow, max-snippet:-1, max-image-preview:large, max-video-preview:-1\" \/>\n<link rel=\"canonical\" href=\"https:\/\/www.monteescalier.net\/france\/monte-escalier-deux-sevres\/\" \/>\n<meta property=\"og:locale\" content=\"fr_FR\" \/>\n<meta property=\"og:type\" content=\"article\" \/>\n<meta property=\"og:title\" content=\"Monte escalier Deux S\u00e8vres, Niort - Monte escalier\" \/>\n<meta property=\"og:description\" content=\"Nos monte escalier \u00e0 Deux S\u00e8vres proposer par nos partenaires installeurs : Niort, Parthenay, Bressuire.\" \/>\n<meta property=\"og:url\" content=\"https:\/\/www.monteescalier.net\/france\/monte-escalier-deux-sevres\/\" \/>\n<meta property=\"og:site_name\" content=\"Monte escalier\" \/>\n<meta property=\"article:modified_time\" content=\"2024-05-15T16:03:57+00:00\" \/>\n<meta property=\"og:image\" content=\"https:\/\/www.monteescalier.net\/france\/wp-content\/uploads\/2014\/10\/4devis-monte-escalier-photo-490.png\" \/>\n<meta name=\"twitter:card\" content=\"summary_large_image\" \/>\n<meta name=\"twitter:label1\" content=\"Dur\u00e9e de lecture estim\u00e9e\" \/>\n\t<meta name=\"twitter:data1\" content=\"1 minute\" \/>\n<script type=\"application\/ld+json\" class=\"yoast-schema-graph\">{\"@context\":\"https:\/\/schema.org\",\"@graph\":[{\"@type\":\"WebPage\",\"@id\":\"https:\/\/www.monteescalier.net\/france\/monte-escalier-deux-sevres\/\",\"url\":\"https:\/\/www.monteescalier.net\/france\/monte-escalier-deux-sevres\/\",\"name\":\"Monte escalier Deux S\u00e8vres, Niort - Monte escalier\",\"isPartOf\":{\"@id\":\"https:\/\/www.monteescalier.net\/france\/#website\"},\"primaryImageOfPage\":{\"@id\":\"https:\/\/www.monteescalier.net\/france\/monte-escalier-deux-sevres\/#primaryimage\"},\"image\":{\"@id\":\"https:\/\/www.monteescalier.net\/france\/monte-escalier-deux-sevres\/#primaryimage\"},\"thumbnailUrl\":\"https:\/\/www.monteescalier.net\/france\/wp-content\/uploads\/2014\/10\/4devis-monte-escalier-photo-490.png\",\"datePublished\":\"2024-01-16T09:31:00+00:00\",\"dateModified\":\"2024-05-15T16:03:57+00:00\",\"description\":\"Nos monte escalier \u00e0 Deux S\u00e8vres proposer par nos partenaires installeurs : Niort, Parthenay, Bressuire.\",\"breadcrumb\":{\"@id\":\"https:\/\/www.monteescalier.net\/france\/monte-escalier-deux-sevres\/#breadcrumb\"},\"inLanguage\":\"fr-FR\",\"potentialAction\":[{\"@type\":\"ReadAction\",\"target\":[\"https:\/\/www.monteescalier.net\/france\/monte-escalier-deux-sevres\/\"]}]},{\"@type\":\"ImageObject\",\"inLanguage\":\"fr-FR\",\"@id\":\"https:\/\/www.monteescalier.net\/france\/monte-escalier-deux-sevres\/#primaryimage\",\"url\":\"https:\/\/www.monteescalier.net\/france\/wp-content\/uploads\/2014\/10\/4devis-monte-escalier-photo-490.png\",\"contentUrl\":\"https:\/\/www.monteescalier.net\/france\/wp-content\/uploads\/2014\/10\/4devis-monte-escalier-photo-490.png\",\"width\":490,\"height\":267},{\"@type\":\"BreadcrumbList\",\"@id\":\"https:\/\/www.monteescalier.net\/france\/monte-escalier-deux-sevres\/#breadcrumb\",\"itemListElement\":[{\"@type\":\"ListItem\",\"position\":1,\"name\":\"Accueil\",\"item\":\"https:\/\/www.monteescalier.net\/france\/\"},{\"@type\":\"ListItem\",\"position\":2,\"name\":\"Monte escalier Deux S\u00e8vres, Niort\"}]},{\"@type\":\"WebSite\",\"@id\":\"https:\/\/www.monteescalier.net\/france\/#website\",\"url\":\"https:\/\/www.monteescalier.net\/france\/\",\"name\":\"Monte escalier\",\"description\":\"\",\"publisher\":{\"@id\":\"https:\/\/www.monteescalier.net\/france\/#organization\"},\"potentialAction\":[{\"@type\":\"SearchAction\",\"target\":{\"@type\":\"EntryPoint\",\"urlTemplate\":\"https:\/\/www.monteescalier.net\/france\/?s={search_term_string}\"},\"query-input\":{\"@type\":\"PropertyValueSpecification\",\"valueRequired\":true,\"valueName\":\"search_term_string\"}}],\"inLanguage\":\"fr-FR\"},{\"@type\":\"Organization\",\"@id\":\"https:\/\/www.monteescalier.net\/france\/#organization\",\"name\":\"monte-escalier.net\",\"url\":\"https:\/\/www.monteescalier.net\/france\/\",\"logo\":{\"@type\":\"ImageObject\",\"inLanguage\":\"fr-FR\",\"@id\":\"https:\/\/www.monteescalier.net\/france\/#\/schema\/logo\/image\/\",\"url\":\"https:\/\/www.monteescalier.net\/france\/wp-content\/uploads\/2016\/10\/4devis-mont-escalier-500-500.gif\",\"contentUrl\":\"https:\/\/www.monteescalier.net\/france\/wp-content\/uploads\/2016\/10\/4devis-mont-escalier-500-500.gif\",\"width\":500,\"height\":500,\"caption\":\"monte-escalier.net\"},\"image\":{\"@id\":\"https:\/\/www.monteescalier.net\/france\/#\/schema\/logo\/image\/\"}}]}<\/script>\n<!-- \/ Yoast SEO plugin. -->","yoast_head_json":{"title":"Monte escalier Deux S\u00e8vres, Niort - Monte escalier","description":"Nos monte escalier \u00e0 Deux S\u00e8vres proposer par nos partenaires installeurs : Niort, Parthenay, Bressuire.","robots":{"index":"index","follow":"follow","max-snippet":"max-snippet:-1","max-image-preview":"max-image-preview:large","max-video-preview":"max-video-preview:-1"},"canonical":"https:\/\/www.monteescalier.net\/france\/monte-escalier-deux-sevres\/","og_locale":"fr_FR","og_type":"article","og_title":"Monte escalier Deux S\u00e8vres, Niort - Monte escalier","og_description":"Nos monte escalier \u00e0 Deux S\u00e8vres proposer par nos partenaires installeurs : Niort, Parthenay, Bressuire.","og_url":"https:\/\/www.monteescalier.net\/france\/monte-escalier-deux-sevres\/","og_site_name":"Monte escalier","article_modified_time":"2024-05-15T16:03:57+00:00","og_image":[{"url":"https:\/\/www.monteescalier.net\/france\/wp-content\/uploads\/2014\/10\/4devis-monte-escalier-photo-490.png","type":"","width":"","height":""}],"twitter_card":"summary_large_image","twitter_misc":{"Dur\u00e9e de lecture estim\u00e9e":"1 minute"},"schema":{"@context":"https:\/\/schema.org","@graph":[{"@type":"WebPage","@id":"https:\/\/www.monteescalier.net\/france\/monte-escalier-deux-sevres\/","url":"https:\/\/www.monteescalier.net\/france\/monte-escalier-deux-sevres\/","name":"Monte escalier Deux S\u00e8vres, Niort - Monte escalier","isPartOf":{"@id":"https:\/\/www.monteescalier.net\/france\/#website"},"primaryImageOfPage":{"@id":"https:\/\/www.monteescalier.net\/france\/monte-escalier-deux-sevres\/#primaryimage"},"image":{"@id":"https:\/\/www.monteescalier.net\/france\/monte-escalier-deux-sevres\/#primaryimage"},"thumbnailUrl":"https:\/\/www.monteescalier.net\/france\/wp-content\/uploads\/2014\/10\/4devis-monte-escalier-photo-490.png","datePublished":"2024-01-16T09:31:00+00:00","dateModified":"2024-05-15T16:03:57+00:00","description":"Nos monte escalier \u00e0 Deux S\u00e8vres proposer par nos partenaires installeurs : Niort, Parthenay, Bressuire.","breadcrumb":{"@id":"https:\/\/www.monteescalier.net\/france\/monte-escalier-deux-sevres\/#breadcrumb"},"inLanguage":"fr-FR","potentialAction":[{"@type":"ReadAction","target":["https:\/\/www.monteescalier.net\/france\/monte-escalier-deux-sevres\/"]}]},{"@type":"ImageObject","inLanguage":"fr-FR","@id":"https:\/\/www.monteescalier.net\/france\/monte-escalier-deux-sevres\/#primaryimage","url":"https:\/\/www.monteescalier.net\/france\/wp-content\/uploads\/2014\/10\/4devis-monte-escalier-photo-490.png","contentUrl":"https:\/\/www.monteescalier.net\/france\/wp-content\/uploads\/2014\/10\/4devis-monte-escalier-photo-490.png","width":490,"height":267},{"@type":"BreadcrumbList","@id":"https:\/\/www.monteescalier.net\/france\/monte-escalier-deux-sevres\/#breadcrumb","itemListElement":[{"@type":"ListItem","position":1,"name":"Accueil","item":"https:\/\/www.monteescalier.net\/france\/"},{"@type":"ListItem","position":2,"name":"Monte escalier Deux S\u00e8vres, Niort"}]},{"@type":"WebSite","@id":"https:\/\/www.monteescalier.net\/france\/#website","url":"https:\/\/www.monteescalier.net\/france\/","name":"Monte escalier","description":"","publisher":{"@id":"https:\/\/www.monteescalier.net\/france\/#organization"},"potentialAction":[{"@type":"SearchAction","target":{"@type":"EntryPoint","urlTemplate":"https:\/\/www.monteescalier.net\/france\/?s={search_term_string}"},"query-input":{"@type":"PropertyValueSpecification","valueRequired":true,"valueName":"search_term_string"}}],"inLanguage":"fr-FR"},{"@type":"Organization","@id":"https:\/\/www.monteescalier.net\/france\/#organization","name":"monte-escalier.net","url":"https:\/\/www.monteescalier.net\/france\/","logo":{"@type":"ImageObject","inLanguage":"fr-FR","@id":"https:\/\/www.monteescalier.net\/france\/#\/schema\/logo\/image\/","url":"https:\/\/www.monteescalier.net\/france\/wp-content\/uploads\/2016\/10\/4devis-mont-escalier-500-500.gif","contentUrl":"https:\/\/www.monteescalier.net\/france\/wp-content\/uploads\/2016\/10\/4devis-mont-escalier-500-500.gif","width":500,"height":500,"caption":"monte-escalier.net"},"image":{"@id":"https:\/\/www.monteescalier.net\/france\/#\/schema\/logo\/image\/"}}]}},"_links":{"self":[{"href":"https:\/\/www.monteescalier.net\/france\/wp-json\/wp\/v2\/pages\/95","targetHints":{"allow":["GET"]}}],"collection":[{"href":"https:\/\/www.monteescalier.net\/france\/wp-json\/wp\/v2\/pages"}],"about":[{"href":"https:\/\/www.monteescalier.net\/france\/wp-json\/wp\/v2\/types\/page"}],"author":[{"embeddable":true,"href":"https:\/\/www.monteescalier.net\/france\/wp-json\/wp\/v2\/users\/1"}],"replies":[{"embeddable":true,"href":"https:\/\/www.monteescalier.net\/france\/wp-json\/wp\/v2\/comments?post=95"}],"version-history":[{"count":8,"href":"https:\/\/www.monteescalier.net\/france\/wp-json\/wp\/v2\/pages\/95\/revisions"}],"predecessor-version":[{"id":9133,"href":"https:\/\/www.monteescalier.net\/france\/wp-json\/wp\/v2\/pages\/95\/revisions\/9133"}],"wp:attachment":[{"href":"https:\/\/www.monteescalier.net\/france\/wp-json\/wp\/v2\/media?parent=95"}],"curies":[{"name":"wp","href":"https:\/\/api.w.org\/{rel}","templated":true}]}}