{"id":950,"date":"2021-09-24T11:40:11","date_gmt":"2021-09-24T10:40:11","guid":{"rendered":"https:\/\/www.monteescalier.net\/france\/?page_id=950"},"modified":"2021-11-09T15:17:25","modified_gmt":"2021-11-09T14:17:25","slug":"monte-escalier-montreuil","status":"publish","type":"page","link":"https:\/\/www.monteescalier.net\/france\/monte-escalier-montreuil\/","title":{"rendered":"Monte escalier Montreuil"},"content":{"rendered":"<h1>Bien choisir son monte escalier \u00e0 Montreuil (93)<\/h1>\n<div class=\"boite_texte\">\n<div style=\"text-align: justify;\">Vous souhaiter faire poser un monte escalier \u00e0 Montreuil, monteescalier.net va vous aider \u00e0 trouver votre installateur en vous mettant en contact direct avec plusieurs prestataires de confiance. Avantage : vous n&rsquo;aurez qu&rsquo;une seule demande \u00e0 faire (en remplissant le formulaire ci-dessus). 2\u00e8me avantage, ce sont des prestataires que nous avons s\u00e9lectionn\u00e9s pour leur s\u00e9rieux et la qualit\u00e9 de leur prestations nous les faisons confiance mais aussi pour leurs prix. Choisir l&rsquo;un d&rsquo;eux c&rsquo;est l&rsquo;assurance de faire un bon achat.<\/div>\n<p>&nbsp;<\/p>\n<div style=\"text-align: justify;\">Monteescalier.net est un syst\u00e8me\u00a0mettant en relation les acheteur\u00a0de monte escalier que vous \u00eates, et les vendeurs de la r\u00e9gion parisienne. En faisant appel \u00e0 nos services, vous vous offrez toutes les chances de bien r\u00e9ussir votre achat de monte escalier en \u00e9tant assur\u00e9 de\u00a0pouvoir \u00eatre mis en relation avec les principaux vendeurs de monte escalier d&rsquo;Ile de France, ceux qui, \u00e0 nos yeux proposent les meilleurs rapport qualit\u00e9 prix pour votre monte escalier.<\/div>\n<h2>Comment fonctionne le service monteescalier.net ?<\/h2>\n<div style=\"text-align: justify;\">\n<p>Vous voulez recevoir plusieurs devis de monte escalier pour l&rsquo;escalier de votre maison\u00a0de Montreuil, vous n&rsquo;avez qu&rsquo;une demande \u00e0 faire sur ce site et vous recevrez tr\u00e8s rapidement entre 3 et 5 devis diff\u00e9rents. Nous contactons pour vous les professionnels de la r\u00e9gion, et devinez quoi ? Pour vous c&rsquo;est gratuit ! Aucun co\u00fbt, pas de commission, pas de participation de votre part. Nous avons d\u00e9j\u00e0 mis en relation des dizaines d&rsquo;acheteurs en r\u00e9gion parisienne rien que depuis le d\u00e9but de l&rsquo;ann\u00e9e. Ne prenez pas de risques et profitez de notre exp\u00e9rience !<\/p>\n<\/div>\n<div style=\"text-align: justify;\">Votre maison\u00a0peut elle vraiment accueillir un monte escalier? Votre escalier est il assez large? Vous faut il un monte escalier droit ou un monte escalier tournant? Quelle marque, quel fauteuil choisir? Si vous vous posez ce type de questions, nous vous recommandons d&rsquo;utiliser notre service de demande de rappel : le principe est le m\u00eame et devrait au final d\u00e9boucher sur une proposition commerciale de la part de nos partenaires installateurs: \u00a0Obtenez diff\u00e9rents avis sur ces questions, utilisez <a href=\"https:\/\/www.monteescalier.net\/demande-de-rappel.php\">notre formulaire de rappel<\/a>. Nos professionnels partenaires du monte escalier vous recontacteront tr\u00e8s vite !<\/div>\n<p>&nbsp;<\/p>\n<div>Nos revendeurs partenaires peuvent \u00e9galement vous faire parvenir de la documentation sur les diff\u00e9rents mod\u00e8les de monte escalier qu&rsquo;ils commercialisent, que ce soit par courrier ou par email.<\/div>\n<p>&nbsp;<\/p>\n<div style=\"text-align: justify;\">Pourquoi aller chercher ailleurs alors que tous nos services sont enti\u00e8rement gratuits. Nous avons fait le travail de pr\u00e9selection de votre prestataire monte escalier \u00e0 Montreuil. Utilisez nos services ne vous co\u00fbtera rien et ne vous engagera \u00e0 rien&#8230; alors pourquoi ne pas tenter le coup ! Laissez nous vos coordonn\u00e9es et testez nos services sans engagement.<\/div>\n<\/div>\n<p>&nbsp;<\/p>\n<div class=\"titre_liens\">Retrouvez les services monteescalier.net dans d&rsquo;autres villes de Seine Saint Denis (93)<\/div>\n<div class=\"boite_liens\"><a href=\"https:\/\/www.monteescalier.net\/france\/monte-escalier-aulnay-sous-bois\">Monte escalier Aulnay-sous-Bois<\/a><br \/>\n<a href=\"https:\/\/www.monteescalier.net\/france\/monte-escalier-aubervilliers\">Monte escalier Aubervilliers<\/a><br \/>\n<a href=\"https:\/\/www.monteescalier.net\/france\/monte-escalier-drancy\">Monte escalier Drancy<\/a><br \/>\n<a href=\"https:\/\/www.monteescalier.net\/france\/monte-escalier-noisy-le-grand\">Monte escalier Noisy-le-Grand<\/a><br \/>\n<a href=\"https:\/\/www.monteescalier.net\/france\/monte-escalier-bondy\">Monte escalier Bondy<\/a><\/div>\n<div class=\"boite_liens\"><\/div>\n<div><\/div>\n<div class=\"boite_liens\">Fiche mis \u00e0 jour au 23\/09\/2018<\/div>\n","protected":false},"excerpt":{"rendered":"<p>Bien choisir son monte escalier \u00e0 Montreuil (93) Vous souhaiter faire poser un monte escalier \u00e0 Montreuil, monteescalier.net va vous aider \u00e0 trouver votre installateur en vous mettant en contact direct avec plusieurs prestataires de confiance. Avantage : vous n&rsquo;aurez qu&rsquo;une seule demande \u00e0 faire (en remplissant le formulaire ci-dessus). 2\u00e8me avantage, ce sont des [&hellip;]<\/p>\n","protected":false},"author":1,"featured_media":0,"parent":0,"menu_order":0,"comment_status":"closed","ping_status":"open","template":"template_ville_1.php","meta":{"_monsterinsights_skip_tracking":false,"_monsterinsights_sitenote_active":false,"_monsterinsights_sitenote_note":"","_monsterinsights_sitenote_category":0,"footnotes":""},"class_list":["post-950","page","type-page","status-publish","hentry"],"yoast_head":"<!-- This site is optimized with the Yoast SEO plugin v26.3 - https:\/\/yoast.com\/wordpress\/plugins\/seo\/ -->\n<title>Monte escalier Montreuil - Monte escalier<\/title>\n<meta name=\"description\" content=\"A Montreuil, si vous trouvez que franchir un niveau devient une \u00e9preuve difficile, il faut envisager l&#039;installation d&#039;un monte-escalier.\" \/>\n<meta name=\"robots\" content=\"index, follow, max-snippet:-1, max-image-preview:large, max-video-preview:-1\" \/>\n<link rel=\"canonical\" href=\"https:\/\/www.monteescalier.net\/france\/monte-escalier-montreuil\/\" \/>\n<meta property=\"og:locale\" content=\"fr_FR\" \/>\n<meta property=\"og:type\" content=\"article\" \/>\n<meta property=\"og:title\" content=\"Monte escalier Montreuil - Monte escalier\" \/>\n<meta property=\"og:description\" content=\"A Montreuil, si vous trouvez que franchir un niveau devient une \u00e9preuve difficile, il faut envisager l&#039;installation d&#039;un monte-escalier.\" \/>\n<meta property=\"og:url\" content=\"https:\/\/www.monteescalier.net\/france\/monte-escalier-montreuil\/\" \/>\n<meta property=\"og:site_name\" content=\"Monte escalier\" \/>\n<meta property=\"article:modified_time\" content=\"2021-11-09T14:17:25+00:00\" \/>\n<meta name=\"twitter:card\" content=\"summary_large_image\" \/>\n<meta name=\"twitter:label1\" content=\"Dur\u00e9e de lecture estim\u00e9e\" \/>\n\t<meta name=\"twitter:data1\" content=\"2 minutes\" \/>\n<script type=\"application\/ld+json\" class=\"yoast-schema-graph\">{\"@context\":\"https:\/\/schema.org\",\"@graph\":[{\"@type\":\"WebPage\",\"@id\":\"https:\/\/www.monteescalier.net\/france\/monte-escalier-montreuil\/\",\"url\":\"https:\/\/www.monteescalier.net\/france\/monte-escalier-montreuil\/\",\"name\":\"Monte escalier Montreuil - Monte escalier\",\"isPartOf\":{\"@id\":\"https:\/\/www.monteescalier.net\/france\/#website\"},\"datePublished\":\"2021-09-24T10:40:11+00:00\",\"dateModified\":\"2021-11-09T14:17:25+00:00\",\"description\":\"A Montreuil, si vous trouvez que franchir un niveau devient une \u00e9preuve difficile, il faut envisager l'installation d'un monte-escalier.\",\"breadcrumb\":{\"@id\":\"https:\/\/www.monteescalier.net\/france\/monte-escalier-montreuil\/#breadcrumb\"},\"inLanguage\":\"fr-FR\",\"potentialAction\":[{\"@type\":\"ReadAction\",\"target\":[\"https:\/\/www.monteescalier.net\/france\/monte-escalier-montreuil\/\"]}]},{\"@type\":\"BreadcrumbList\",\"@id\":\"https:\/\/www.monteescalier.net\/france\/monte-escalier-montreuil\/#breadcrumb\",\"itemListElement\":[{\"@type\":\"ListItem\",\"position\":1,\"name\":\"Accueil\",\"item\":\"https:\/\/www.monteescalier.net\/france\/\"},{\"@type\":\"ListItem\",\"position\":2,\"name\":\"Monte escalier Montreuil\"}]},{\"@type\":\"WebSite\",\"@id\":\"https:\/\/www.monteescalier.net\/france\/#website\",\"url\":\"https:\/\/www.monteescalier.net\/france\/\",\"name\":\"Monte escalier\",\"description\":\"\",\"publisher\":{\"@id\":\"https:\/\/www.monteescalier.net\/france\/#organization\"},\"potentialAction\":[{\"@type\":\"SearchAction\",\"target\":{\"@type\":\"EntryPoint\",\"urlTemplate\":\"https:\/\/www.monteescalier.net\/france\/?s={search_term_string}\"},\"query-input\":{\"@type\":\"PropertyValueSpecification\",\"valueRequired\":true,\"valueName\":\"search_term_string\"}}],\"inLanguage\":\"fr-FR\"},{\"@type\":\"Organization\",\"@id\":\"https:\/\/www.monteescalier.net\/france\/#organization\",\"name\":\"monte-escalier.net\",\"url\":\"https:\/\/www.monteescalier.net\/france\/\",\"logo\":{\"@type\":\"ImageObject\",\"inLanguage\":\"fr-FR\",\"@id\":\"https:\/\/www.monteescalier.net\/france\/#\/schema\/logo\/image\/\",\"url\":\"https:\/\/www.monteescalier.net\/france\/wp-content\/uploads\/2016\/10\/4devis-mont-escalier-500-500.gif\",\"contentUrl\":\"https:\/\/www.monteescalier.net\/france\/wp-content\/uploads\/2016\/10\/4devis-mont-escalier-500-500.gif\",\"width\":500,\"height\":500,\"caption\":\"monte-escalier.net\"},\"image\":{\"@id\":\"https:\/\/www.monteescalier.net\/france\/#\/schema\/logo\/image\/\"}}]}<\/script>\n<!-- \/ Yoast SEO plugin. -->","yoast_head_json":{"title":"Monte escalier Montreuil - Monte escalier","description":"A Montreuil, si vous trouvez que franchir un niveau devient une \u00e9preuve difficile, il faut envisager l'installation d'un monte-escalier.","robots":{"index":"index","follow":"follow","max-snippet":"max-snippet:-1","max-image-preview":"max-image-preview:large","max-video-preview":"max-video-preview:-1"},"canonical":"https:\/\/www.monteescalier.net\/france\/monte-escalier-montreuil\/","og_locale":"fr_FR","og_type":"article","og_title":"Monte escalier Montreuil - Monte escalier","og_description":"A Montreuil, si vous trouvez que franchir un niveau devient une \u00e9preuve difficile, il faut envisager l'installation d'un monte-escalier.","og_url":"https:\/\/www.monteescalier.net\/france\/monte-escalier-montreuil\/","og_site_name":"Monte escalier","article_modified_time":"2021-11-09T14:17:25+00:00","twitter_card":"summary_large_image","twitter_misc":{"Dur\u00e9e de lecture estim\u00e9e":"2 minutes"},"schema":{"@context":"https:\/\/schema.org","@graph":[{"@type":"WebPage","@id":"https:\/\/www.monteescalier.net\/france\/monte-escalier-montreuil\/","url":"https:\/\/www.monteescalier.net\/france\/monte-escalier-montreuil\/","name":"Monte escalier Montreuil - Monte escalier","isPartOf":{"@id":"https:\/\/www.monteescalier.net\/france\/#website"},"datePublished":"2021-09-24T10:40:11+00:00","dateModified":"2021-11-09T14:17:25+00:00","description":"A Montreuil, si vous trouvez que franchir un niveau devient une \u00e9preuve difficile, il faut envisager l'installation d'un monte-escalier.","breadcrumb":{"@id":"https:\/\/www.monteescalier.net\/france\/monte-escalier-montreuil\/#breadcrumb"},"inLanguage":"fr-FR","potentialAction":[{"@type":"ReadAction","target":["https:\/\/www.monteescalier.net\/france\/monte-escalier-montreuil\/"]}]},{"@type":"BreadcrumbList","@id":"https:\/\/www.monteescalier.net\/france\/monte-escalier-montreuil\/#breadcrumb","itemListElement":[{"@type":"ListItem","position":1,"name":"Accueil","item":"https:\/\/www.monteescalier.net\/france\/"},{"@type":"ListItem","position":2,"name":"Monte escalier Montreuil"}]},{"@type":"WebSite","@id":"https:\/\/www.monteescalier.net\/france\/#website","url":"https:\/\/www.monteescalier.net\/france\/","name":"Monte escalier","description":"","publisher":{"@id":"https:\/\/www.monteescalier.net\/france\/#organization"},"potentialAction":[{"@type":"SearchAction","target":{"@type":"EntryPoint","urlTemplate":"https:\/\/www.monteescalier.net\/france\/?s={search_term_string}"},"query-input":{"@type":"PropertyValueSpecification","valueRequired":true,"valueName":"search_term_string"}}],"inLanguage":"fr-FR"},{"@type":"Organization","@id":"https:\/\/www.monteescalier.net\/france\/#organization","name":"monte-escalier.net","url":"https:\/\/www.monteescalier.net\/france\/","logo":{"@type":"ImageObject","inLanguage":"fr-FR","@id":"https:\/\/www.monteescalier.net\/france\/#\/schema\/logo\/image\/","url":"https:\/\/www.monteescalier.net\/france\/wp-content\/uploads\/2016\/10\/4devis-mont-escalier-500-500.gif","contentUrl":"https:\/\/www.monteescalier.net\/france\/wp-content\/uploads\/2016\/10\/4devis-mont-escalier-500-500.gif","width":500,"height":500,"caption":"monte-escalier.net"},"image":{"@id":"https:\/\/www.monteescalier.net\/france\/#\/schema\/logo\/image\/"}}]}},"_links":{"self":[{"href":"https:\/\/www.monteescalier.net\/france\/wp-json\/wp\/v2\/pages\/950","targetHints":{"allow":["GET"]}}],"collection":[{"href":"https:\/\/www.monteescalier.net\/france\/wp-json\/wp\/v2\/pages"}],"about":[{"href":"https:\/\/www.monteescalier.net\/france\/wp-json\/wp\/v2\/types\/page"}],"author":[{"embeddable":true,"href":"https:\/\/www.monteescalier.net\/france\/wp-json\/wp\/v2\/users\/1"}],"replies":[{"embeddable":true,"href":"https:\/\/www.monteescalier.net\/france\/wp-json\/wp\/v2\/comments?post=950"}],"version-history":[{"count":11,"href":"https:\/\/www.monteescalier.net\/france\/wp-json\/wp\/v2\/pages\/950\/revisions"}],"predecessor-version":[{"id":6350,"href":"https:\/\/www.monteescalier.net\/france\/wp-json\/wp\/v2\/pages\/950\/revisions\/6350"}],"wp:attachment":[{"href":"https:\/\/www.monteescalier.net\/france\/wp-json\/wp\/v2\/media?parent=950"}],"curies":[{"name":"wp","href":"https:\/\/api.w.org\/{rel}","templated":true}]}}