{"id":951,"date":"2021-02-26T10:47:11","date_gmt":"2021-02-26T09:47:11","guid":{"rendered":"https:\/\/www.monteescalier.net\/france\/?page_id=951"},"modified":"2021-11-09T15:56:36","modified_gmt":"2021-11-09T14:56:36","slug":"monte-escalier-roubaix","status":"publish","type":"page","link":"https:\/\/www.monteescalier.net\/france\/monte-escalier-roubaix\/","title":{"rendered":"Monte escalier Roubaix"},"content":{"rendered":"<h1>Bien choisir son monte escalier \u00e0 Roubaix<\/h1>\n<div class=\"boite_texte\">\n<div style=\"text-align: justify;\">\n<p>Vous avez besoin d&rsquo;un monte escalier \u00e0 Roubaix, monteescalier.net va vous aider \u00e0 trouver votre installateur en toute ind\u00e9pendance : \u00a0vous allez avoir 4 devis gratuits en ne faisant qu&rsquo;une seule demande sur ce site. Pr\u00e9cision importante, vos coordonn\u00e9es personnelles ne seront pas utilis\u00e9es pour un autre but que de vous mettre en rapport avec les vendeurs de monte escalier de la r\u00e9gion.<\/p>\n<\/div>\n<div style=\"text-align: justify;\">\n<p>Monteescalier.net est un site qui met en \u00a0contact les acheteurs de monte escalier et les entreprises qui se proposent de vous les installer. Nous pratiquons une s\u00e9lection rigoureuse des prestataires afin de vous \u00e9viter toute mauvaise surprise. Pour autant nous vous donnerons un \u00e9ventail de choix des plus larges: en passant\u00a0par notre site vous aurez\u00a0l&rsquo;assurance de pouvoir \u00eatre mis en relation avec les principaux vendeurs de monte escalier de Roubaix, mais aussi les plus comp\u00e9titifs.<\/p>\n<\/div>\n<div style=\"text-align: justify;\">\n<p>Vous voulez recevoir plusieurs devis de monte escalier pour votre maison\u00a0\u00e0 Roubaix, vous n&rsquo;avez qu&rsquo;une demande \u00e0 faire sur ce site et vous en recevrez tr\u00e8s rapidement entre 3 et 5 devis diff\u00e9rents. Nous contactons pour vous les professionnels de Roubaix, et devinez quoi ? Pour vous c&rsquo;est gratuit ! Nous ne prenons ni commissions, ni frais de dossier : la mise en relation est directe, et vous d\u00e9ciderez en toute transparence&#8230;nous ne prenons pas non plus de commission sur les ventes !<\/p>\n<\/div>\n<div style=\"text-align: justify;\">L&rsquo;installation d&rsquo;un monte escalier est une op\u00e9ration tr\u00e8s technique qui n\u00e9cessite une pr\u00e9paration minutieuse et ainsi garantir votre s\u00e9curit\u00e9 sur le fauteuil monte escalier. Il est en cons\u00e9quence normal que vous vous posiez des questions sur cette installation. Pour lever vos inqui\u00e9tudes, nous vous proposons de remplir une demande de rappel afin que nos partenaires experts puissent vous rappeler et vous donner par t\u00e9l\u00e9phone leurs avis respectifs sur la mise en place de votre monte escalier.<\/div>\n<p>&nbsp;<\/p>\n<div style=\"text-align: justify;\">\n<p>La majorit\u00e9 des nos partenaires installateurs disposent de documentation sur les mod\u00e8les de monte escalier qu&rsquo;ils commercialisent. Ils peuvent vous les faire parvenir par \u00a0email selon votre pr\u00e9f\u00e9rence. Pour les recevoir remplissez vite une demande de documentation sur notre site. Attention \u00e0 bien compl\u00e9ter le formulaire, les demandes incompl\u00e8tes sont en g\u00e9n\u00e9ral ignor\u00e9es par les installateurs.<\/p>\n<\/div>\n<div style=\"text-align: justify;\">Ne faites plus la chasse aux prestataires, laissez notre service de mise en relation faire le job pour vous. C&rsquo;est int\u00e9gralement gratuit et cela vous permettra d&rsquo;\u00eatre mis tr\u00e8s rapidement en relation avec notre liste de professionnels du monte escalier de Roubaix et sa r\u00e9gion, sans efforts, ni contraintes&#8230; difficile de vous proposer mieux non?<\/div>\n<\/div>\n<p>&nbsp;<\/p>\n<div class=\"titre_liens\">Retrouvez les services monteescalier.net dans d&rsquo;autres villes du d\u00e9partement du Nord<\/div>\n<p>&nbsp;<\/p>\n<div class=\"boite_liens\"><a href=\"https:\/\/www.monteescalier.net\/france\/monte-escalier-dunkerque\">Monte escalier Dunkerque<\/a><br \/>\n<a href=\"https:\/\/www.monteescalier.net\/france\/monte-escalier-tourcoing\">Monte escalier Tourcoing<\/a><br \/>\n<a href=\"https:\/\/www.monteescalier.net\/france\/monte-escalier-villeneuve-d-ascq\">Monte escalier Villeneuve-d&rsquo;Ascq<\/a><br \/>\n<a href=\"https:\/\/www.monteescalier.net\/france\/monte-escalier-valenciennes\">Monte escalier Valenciennes<\/a><br \/>\n<a href=\"https:\/\/www.monteescalier.net\/france\/monte-escalier-douai\">Monte escalier Douai<\/a><\/div>\n<div class=\"boite_liens\"><\/div>\n<div class=\"boite_liens\">MAJ : 27\/11\/2016<\/div>\n","protected":false},"excerpt":{"rendered":"<p>Bien choisir son monte escalier \u00e0 Roubaix Vous avez besoin d&rsquo;un monte escalier \u00e0 Roubaix, monteescalier.net va vous aider \u00e0 trouver votre installateur en toute ind\u00e9pendance : \u00a0vous allez avoir 4 devis gratuits en ne faisant qu&rsquo;une seule demande sur ce site. Pr\u00e9cision importante, vos coordonn\u00e9es personnelles ne seront pas utilis\u00e9es pour un autre but [&hellip;]<\/p>\n","protected":false},"author":1,"featured_media":0,"parent":0,"menu_order":0,"comment_status":"closed","ping_status":"open","template":"template_ville_15.php","meta":{"_monsterinsights_skip_tracking":false,"_monsterinsights_sitenote_active":false,"_monsterinsights_sitenote_note":"","_monsterinsights_sitenote_category":0,"footnotes":""},"class_list":["post-951","page","type-page","status-publish","hentry"],"yoast_head":"<!-- This site is optimized with the Yoast SEO plugin v26.3 - https:\/\/yoast.com\/wordpress\/plugins\/seo\/ -->\n<title>Monte escalier Roubaix - Monte escalier<\/title>\n<meta name=\"description\" content=\"Pour effectuer la pose de votre monte-escalier en toute confiance \u00e0 Roubaix, faites appel \u00e0 un de nos installateur honn\u00eate et confirm\u00e9.\" \/>\n<meta name=\"robots\" content=\"index, follow, max-snippet:-1, max-image-preview:large, max-video-preview:-1\" \/>\n<link rel=\"canonical\" href=\"https:\/\/www.monteescalier.net\/france\/monte-escalier-roubaix\/\" \/>\n<meta property=\"og:locale\" content=\"fr_FR\" \/>\n<meta property=\"og:type\" content=\"article\" \/>\n<meta property=\"og:title\" content=\"Monte escalier Roubaix - Monte escalier\" \/>\n<meta property=\"og:description\" content=\"Pour effectuer la pose de votre monte-escalier en toute confiance \u00e0 Roubaix, faites appel \u00e0 un de nos installateur honn\u00eate et confirm\u00e9.\" \/>\n<meta property=\"og:url\" content=\"https:\/\/www.monteescalier.net\/france\/monte-escalier-roubaix\/\" \/>\n<meta property=\"og:site_name\" content=\"Monte escalier\" \/>\n<meta property=\"article:modified_time\" content=\"2021-11-09T14:56:36+00:00\" \/>\n<meta name=\"twitter:card\" content=\"summary_large_image\" \/>\n<meta name=\"twitter:label1\" content=\"Dur\u00e9e de lecture estim\u00e9e\" \/>\n\t<meta name=\"twitter:data1\" content=\"2 minutes\" \/>\n<script type=\"application\/ld+json\" class=\"yoast-schema-graph\">{\"@context\":\"https:\/\/schema.org\",\"@graph\":[{\"@type\":\"WebPage\",\"@id\":\"https:\/\/www.monteescalier.net\/france\/monte-escalier-roubaix\/\",\"url\":\"https:\/\/www.monteescalier.net\/france\/monte-escalier-roubaix\/\",\"name\":\"Monte escalier Roubaix - Monte escalier\",\"isPartOf\":{\"@id\":\"https:\/\/www.monteescalier.net\/france\/#website\"},\"datePublished\":\"2021-02-26T09:47:11+00:00\",\"dateModified\":\"2021-11-09T14:56:36+00:00\",\"description\":\"Pour effectuer la pose de votre monte-escalier en toute confiance \u00e0 Roubaix, faites appel \u00e0 un de nos installateur honn\u00eate et confirm\u00e9.\",\"breadcrumb\":{\"@id\":\"https:\/\/www.monteescalier.net\/france\/monte-escalier-roubaix\/#breadcrumb\"},\"inLanguage\":\"fr-FR\",\"potentialAction\":[{\"@type\":\"ReadAction\",\"target\":[\"https:\/\/www.monteescalier.net\/france\/monte-escalier-roubaix\/\"]}]},{\"@type\":\"BreadcrumbList\",\"@id\":\"https:\/\/www.monteescalier.net\/france\/monte-escalier-roubaix\/#breadcrumb\",\"itemListElement\":[{\"@type\":\"ListItem\",\"position\":1,\"name\":\"Accueil\",\"item\":\"https:\/\/www.monteescalier.net\/france\/\"},{\"@type\":\"ListItem\",\"position\":2,\"name\":\"Monte escalier Roubaix\"}]},{\"@type\":\"WebSite\",\"@id\":\"https:\/\/www.monteescalier.net\/france\/#website\",\"url\":\"https:\/\/www.monteescalier.net\/france\/\",\"name\":\"Monte escalier\",\"description\":\"\",\"publisher\":{\"@id\":\"https:\/\/www.monteescalier.net\/france\/#organization\"},\"potentialAction\":[{\"@type\":\"SearchAction\",\"target\":{\"@type\":\"EntryPoint\",\"urlTemplate\":\"https:\/\/www.monteescalier.net\/france\/?s={search_term_string}\"},\"query-input\":{\"@type\":\"PropertyValueSpecification\",\"valueRequired\":true,\"valueName\":\"search_term_string\"}}],\"inLanguage\":\"fr-FR\"},{\"@type\":\"Organization\",\"@id\":\"https:\/\/www.monteescalier.net\/france\/#organization\",\"name\":\"monte-escalier.net\",\"url\":\"https:\/\/www.monteescalier.net\/france\/\",\"logo\":{\"@type\":\"ImageObject\",\"inLanguage\":\"fr-FR\",\"@id\":\"https:\/\/www.monteescalier.net\/france\/#\/schema\/logo\/image\/\",\"url\":\"https:\/\/www.monteescalier.net\/france\/wp-content\/uploads\/2016\/10\/4devis-mont-escalier-500-500.gif\",\"contentUrl\":\"https:\/\/www.monteescalier.net\/france\/wp-content\/uploads\/2016\/10\/4devis-mont-escalier-500-500.gif\",\"width\":500,\"height\":500,\"caption\":\"monte-escalier.net\"},\"image\":{\"@id\":\"https:\/\/www.monteescalier.net\/france\/#\/schema\/logo\/image\/\"}}]}<\/script>\n<!-- \/ Yoast SEO plugin. -->","yoast_head_json":{"title":"Monte escalier Roubaix - Monte escalier","description":"Pour effectuer la pose de votre monte-escalier en toute confiance \u00e0 Roubaix, faites appel \u00e0 un de nos installateur honn\u00eate et confirm\u00e9.","robots":{"index":"index","follow":"follow","max-snippet":"max-snippet:-1","max-image-preview":"max-image-preview:large","max-video-preview":"max-video-preview:-1"},"canonical":"https:\/\/www.monteescalier.net\/france\/monte-escalier-roubaix\/","og_locale":"fr_FR","og_type":"article","og_title":"Monte escalier Roubaix - Monte escalier","og_description":"Pour effectuer la pose de votre monte-escalier en toute confiance \u00e0 Roubaix, faites appel \u00e0 un de nos installateur honn\u00eate et confirm\u00e9.","og_url":"https:\/\/www.monteescalier.net\/france\/monte-escalier-roubaix\/","og_site_name":"Monte escalier","article_modified_time":"2021-11-09T14:56:36+00:00","twitter_card":"summary_large_image","twitter_misc":{"Dur\u00e9e de lecture estim\u00e9e":"2 minutes"},"schema":{"@context":"https:\/\/schema.org","@graph":[{"@type":"WebPage","@id":"https:\/\/www.monteescalier.net\/france\/monte-escalier-roubaix\/","url":"https:\/\/www.monteescalier.net\/france\/monte-escalier-roubaix\/","name":"Monte escalier Roubaix - Monte escalier","isPartOf":{"@id":"https:\/\/www.monteescalier.net\/france\/#website"},"datePublished":"2021-02-26T09:47:11+00:00","dateModified":"2021-11-09T14:56:36+00:00","description":"Pour effectuer la pose de votre monte-escalier en toute confiance \u00e0 Roubaix, faites appel \u00e0 un de nos installateur honn\u00eate et confirm\u00e9.","breadcrumb":{"@id":"https:\/\/www.monteescalier.net\/france\/monte-escalier-roubaix\/#breadcrumb"},"inLanguage":"fr-FR","potentialAction":[{"@type":"ReadAction","target":["https:\/\/www.monteescalier.net\/france\/monte-escalier-roubaix\/"]}]},{"@type":"BreadcrumbList","@id":"https:\/\/www.monteescalier.net\/france\/monte-escalier-roubaix\/#breadcrumb","itemListElement":[{"@type":"ListItem","position":1,"name":"Accueil","item":"https:\/\/www.monteescalier.net\/france\/"},{"@type":"ListItem","position":2,"name":"Monte escalier Roubaix"}]},{"@type":"WebSite","@id":"https:\/\/www.monteescalier.net\/france\/#website","url":"https:\/\/www.monteescalier.net\/france\/","name":"Monte escalier","description":"","publisher":{"@id":"https:\/\/www.monteescalier.net\/france\/#organization"},"potentialAction":[{"@type":"SearchAction","target":{"@type":"EntryPoint","urlTemplate":"https:\/\/www.monteescalier.net\/france\/?s={search_term_string}"},"query-input":{"@type":"PropertyValueSpecification","valueRequired":true,"valueName":"search_term_string"}}],"inLanguage":"fr-FR"},{"@type":"Organization","@id":"https:\/\/www.monteescalier.net\/france\/#organization","name":"monte-escalier.net","url":"https:\/\/www.monteescalier.net\/france\/","logo":{"@type":"ImageObject","inLanguage":"fr-FR","@id":"https:\/\/www.monteescalier.net\/france\/#\/schema\/logo\/image\/","url":"https:\/\/www.monteescalier.net\/france\/wp-content\/uploads\/2016\/10\/4devis-mont-escalier-500-500.gif","contentUrl":"https:\/\/www.monteescalier.net\/france\/wp-content\/uploads\/2016\/10\/4devis-mont-escalier-500-500.gif","width":500,"height":500,"caption":"monte-escalier.net"},"image":{"@id":"https:\/\/www.monteescalier.net\/france\/#\/schema\/logo\/image\/"}}]}},"_links":{"self":[{"href":"https:\/\/www.monteescalier.net\/france\/wp-json\/wp\/v2\/pages\/951","targetHints":{"allow":["GET"]}}],"collection":[{"href":"https:\/\/www.monteescalier.net\/france\/wp-json\/wp\/v2\/pages"}],"about":[{"href":"https:\/\/www.monteescalier.net\/france\/wp-json\/wp\/v2\/types\/page"}],"author":[{"embeddable":true,"href":"https:\/\/www.monteescalier.net\/france\/wp-json\/wp\/v2\/users\/1"}],"replies":[{"embeddable":true,"href":"https:\/\/www.monteescalier.net\/france\/wp-json\/wp\/v2\/comments?post=951"}],"version-history":[{"count":5,"href":"https:\/\/www.monteescalier.net\/france\/wp-json\/wp\/v2\/pages\/951\/revisions"}],"predecessor-version":[{"id":7476,"href":"https:\/\/www.monteescalier.net\/france\/wp-json\/wp\/v2\/pages\/951\/revisions\/7476"}],"wp:attachment":[{"href":"https:\/\/www.monteescalier.net\/france\/wp-json\/wp\/v2\/media?parent=951"}],"curies":[{"name":"wp","href":"https:\/\/api.w.org\/{rel}","templated":true}]}}