{"id":952,"date":"2021-02-04T10:47:11","date_gmt":"2021-02-04T09:47:11","guid":{"rendered":"https:\/\/www.monteescalier.net\/france\/?page_id=952"},"modified":"2021-11-09T16:32:15","modified_gmt":"2021-11-09T15:32:15","slug":"monte-escalier-dunkerque","status":"publish","type":"page","link":"https:\/\/www.monteescalier.net\/france\/monte-escalier-dunkerque\/","title":{"rendered":"Monte escalier Dunkerque"},"content":{"rendered":"<h1>Des devis gratuits pour un monte escalier \u00e0 Dunkerque<\/h1>\n<div class=\"boite_texte\">\n<div style=\"text-align: justify;\">\n<p>Vous d\u00e9sirez faire poser un monte escalier \u00e0 Dunkerque, afin de pouvoir acc\u00e9der \u00e0 votre \u00e9tage tranquillement et en toute s\u00e9curit\u00e9 et vous avez raison. Il vous reste \u00e0 trouver un installateur de monte escalier qualifi\u00e9 qui assurera l&rsquo;installation. Nous pouvons vous aider \u00e0 choisir votre installateur, non pas en choisissant \u00e0 votre place, mais en vous donnant acc\u00e8s \u00e0 notre s\u00e9lection d&rsquo;installateurs de monte escaliers sur Dunkerque et sa r\u00e9gion.<\/p>\n<\/div>\n<div style=\"text-align: justify;\">Nous sommes\u00a0un portail permettant de mise en relation entre\u00a0acheteurs et vendeurs de monte escalier. En remplissant une demande sur nos site vous serez mis en relation avec les \u00a0vendeurs de monte escalier de Dunkerque que nous consid\u00e9rons comme les plus qualifi\u00e9s pour installer votre monte escalier.<\/div>\n<h2>\u00a0Une demande sur monteescalier.net : 4 ou 5 devis pour votre monte escalier<\/h2>\n<div style=\"text-align: justify;\">Avoir acc\u00e8s \u00e0 plusieurs propositions, c&rsquo;est mieux pour prendre la bonne d\u00e9cision. C&rsquo;est pourquoi, en entrant simplement vos coordonn\u00e9es sur ce site en haut de cette pafe, nous vous proposerons gratuitement 3, 4, voire 5 devis pour l&rsquo;installation de votre monte escalier \u00e0 Dunkerque.<\/div>\n<h2>\u00a0Faites vous rappeler pour votre monte escalier<\/h2>\n<div style=\"text-align: justify;\">Vous avez des questions sur l&rsquo;installation d&rsquo;un monte escalier, sur les prix des monte escalier, sur les diff\u00e9rents mod\u00e8les, utilisez notre <a href=\"https:\/\/www.monteescalier.net\/demande-de-rappel.php\">formulaire de demande de rappel<\/a> et les professionnels du monte escalier vous rappelleront dans des d\u00e9lais tr\u00e8s courts.<\/div>\n<h2>\u00a0Des brochures d&rsquo;information sur les monte escalier ?<\/h2>\n<div style=\"text-align: justify;\">Recevoir\u00a0de la documentation sur les monte escalier directement depuis chez vous sans vous d\u00e9placer c&rsquo;est possible et m\u00eame gratuit. Remplissez simplement un formulaire de demande de documentation et vous recevrez par par email, toutes les documentations sur les types de produits vendus par les installateurs\u00a0de monte escalier que nous avons s\u00e9lectionn\u00e9s pour vous.<\/div>\n<p>&nbsp;<\/p>\n<div>Avec monteescalier.net, pas de mauvaise surprise en vue : nous ne facturons absolument rien et vous ne prenez aucun engagement en faisant une demande sur notre site: les devis, documentation et rappel sont gratuits ! Tous nos partenaires vendeurs de monte escalier sur Dunkerque s&rsquo;y engagent. Testez-nous, vous ne le regretterez pas.<\/div>\n<p>&nbsp;<\/p>\n<\/div>\n<div class=\"titre_liens\">Dans la r\u00e9gion de Dunkerque nous proposons \u00e9galement nos services \u00e0 :<\/div>\n<p>&nbsp;<\/p>\n<div class=\"boite_liens\"><a href=\"https:\/\/www.monteescalier.net\/france\/monte-escalier-tourcoing\">Monte escalier Tourcoing<\/a><br \/>\n<a href=\"https:\/\/www.monteescalier.net\/france\/monte-escalier-villeneuve-d-ascq\">Monte escalier Villeneuve-d&rsquo;Ascq<\/a><br \/>\n<a href=\"https:\/\/www.monteescalier.net\/france\/monte-escalier-valenciennes\">Monte escalier Valenciennes<\/a><br \/>\n<a href=\"https:\/\/www.monteescalier.net\/france\/monte-escalier-douai\">Monte escalier Douai<\/a><br \/>\n<a href=\"https:\/\/www.monteescalier.net\/france\/monte-escalier-wattrelos\">Monte escalier Wattrelos<\/a><\/div>\n<div class=\"boite_liens\"><\/div>\n<div class=\"boite_liens\">Article republi\u00e9 le 01\/12\/2016<\/div>\n","protected":false},"excerpt":{"rendered":"<p>Des devis gratuits pour un monte escalier \u00e0 Dunkerque Vous d\u00e9sirez faire poser un monte escalier \u00e0 Dunkerque, afin de pouvoir acc\u00e9der \u00e0 votre \u00e9tage tranquillement et en toute s\u00e9curit\u00e9 et vous avez raison. Il vous reste \u00e0 trouver un installateur de monte escalier qualifi\u00e9 qui assurera l&rsquo;installation. Nous pouvons vous aider \u00e0 choisir votre [&hellip;]<\/p>\n","protected":false},"author":1,"featured_media":0,"parent":0,"menu_order":0,"comment_status":"closed","ping_status":"open","template":"template_ville_4.php","meta":{"_monsterinsights_skip_tracking":false,"_monsterinsights_sitenote_active":false,"_monsterinsights_sitenote_note":"","_monsterinsights_sitenote_category":0,"footnotes":""},"class_list":["post-952","page","type-page","status-publish","hentry"],"yoast_head":"<!-- This site is optimized with the Yoast SEO plugin v26.3 - https:\/\/yoast.com\/wordpress\/plugins\/seo\/ -->\n<title>Monte escalier Dunkerque - Monte escalier<\/title>\n<meta name=\"description\" content=\"Pour faire la pose de votre monte-escalier en toute confiance \u00e0 Dunkerque, faites appel \u00e0 un installateur honn\u00eate et confirm\u00e9.\" \/>\n<meta name=\"robots\" content=\"index, follow, max-snippet:-1, max-image-preview:large, max-video-preview:-1\" \/>\n<link rel=\"canonical\" href=\"https:\/\/www.monteescalier.net\/france\/monte-escalier-dunkerque\/\" \/>\n<meta property=\"og:locale\" content=\"fr_FR\" \/>\n<meta property=\"og:type\" content=\"article\" \/>\n<meta property=\"og:title\" content=\"Monte escalier Dunkerque - Monte escalier\" \/>\n<meta property=\"og:description\" content=\"Pour faire la pose de votre monte-escalier en toute confiance \u00e0 Dunkerque, faites appel \u00e0 un installateur honn\u00eate et confirm\u00e9.\" \/>\n<meta property=\"og:url\" content=\"https:\/\/www.monteescalier.net\/france\/monte-escalier-dunkerque\/\" \/>\n<meta property=\"og:site_name\" content=\"Monte escalier\" \/>\n<meta property=\"article:modified_time\" content=\"2021-11-09T15:32:15+00:00\" \/>\n<meta name=\"twitter:card\" content=\"summary_large_image\" \/>\n<meta name=\"twitter:label1\" content=\"Dur\u00e9e de lecture estim\u00e9e\" \/>\n\t<meta name=\"twitter:data1\" content=\"2 minutes\" \/>\n<script type=\"application\/ld+json\" class=\"yoast-schema-graph\">{\"@context\":\"https:\/\/schema.org\",\"@graph\":[{\"@type\":\"WebPage\",\"@id\":\"https:\/\/www.monteescalier.net\/france\/monte-escalier-dunkerque\/\",\"url\":\"https:\/\/www.monteescalier.net\/france\/monte-escalier-dunkerque\/\",\"name\":\"Monte escalier Dunkerque - Monte escalier\",\"isPartOf\":{\"@id\":\"https:\/\/www.monteescalier.net\/france\/#website\"},\"datePublished\":\"2021-02-04T09:47:11+00:00\",\"dateModified\":\"2021-11-09T15:32:15+00:00\",\"description\":\"Pour faire la pose de votre monte-escalier en toute confiance \u00e0 Dunkerque, faites appel \u00e0 un installateur honn\u00eate et confirm\u00e9.\",\"breadcrumb\":{\"@id\":\"https:\/\/www.monteescalier.net\/france\/monte-escalier-dunkerque\/#breadcrumb\"},\"inLanguage\":\"fr-FR\",\"potentialAction\":[{\"@type\":\"ReadAction\",\"target\":[\"https:\/\/www.monteescalier.net\/france\/monte-escalier-dunkerque\/\"]}]},{\"@type\":\"BreadcrumbList\",\"@id\":\"https:\/\/www.monteescalier.net\/france\/monte-escalier-dunkerque\/#breadcrumb\",\"itemListElement\":[{\"@type\":\"ListItem\",\"position\":1,\"name\":\"Accueil\",\"item\":\"https:\/\/www.monteescalier.net\/france\/\"},{\"@type\":\"ListItem\",\"position\":2,\"name\":\"Monte escalier Dunkerque\"}]},{\"@type\":\"WebSite\",\"@id\":\"https:\/\/www.monteescalier.net\/france\/#website\",\"url\":\"https:\/\/www.monteescalier.net\/france\/\",\"name\":\"Monte escalier\",\"description\":\"\",\"publisher\":{\"@id\":\"https:\/\/www.monteescalier.net\/france\/#organization\"},\"potentialAction\":[{\"@type\":\"SearchAction\",\"target\":{\"@type\":\"EntryPoint\",\"urlTemplate\":\"https:\/\/www.monteescalier.net\/france\/?s={search_term_string}\"},\"query-input\":{\"@type\":\"PropertyValueSpecification\",\"valueRequired\":true,\"valueName\":\"search_term_string\"}}],\"inLanguage\":\"fr-FR\"},{\"@type\":\"Organization\",\"@id\":\"https:\/\/www.monteescalier.net\/france\/#organization\",\"name\":\"monte-escalier.net\",\"url\":\"https:\/\/www.monteescalier.net\/france\/\",\"logo\":{\"@type\":\"ImageObject\",\"inLanguage\":\"fr-FR\",\"@id\":\"https:\/\/www.monteescalier.net\/france\/#\/schema\/logo\/image\/\",\"url\":\"https:\/\/www.monteescalier.net\/france\/wp-content\/uploads\/2016\/10\/4devis-mont-escalier-500-500.gif\",\"contentUrl\":\"https:\/\/www.monteescalier.net\/france\/wp-content\/uploads\/2016\/10\/4devis-mont-escalier-500-500.gif\",\"width\":500,\"height\":500,\"caption\":\"monte-escalier.net\"},\"image\":{\"@id\":\"https:\/\/www.monteescalier.net\/france\/#\/schema\/logo\/image\/\"}}]}<\/script>\n<!-- \/ Yoast SEO plugin. -->","yoast_head_json":{"title":"Monte escalier Dunkerque - Monte escalier","description":"Pour faire la pose de votre monte-escalier en toute confiance \u00e0 Dunkerque, faites appel \u00e0 un installateur honn\u00eate et confirm\u00e9.","robots":{"index":"index","follow":"follow","max-snippet":"max-snippet:-1","max-image-preview":"max-image-preview:large","max-video-preview":"max-video-preview:-1"},"canonical":"https:\/\/www.monteescalier.net\/france\/monte-escalier-dunkerque\/","og_locale":"fr_FR","og_type":"article","og_title":"Monte escalier Dunkerque - Monte escalier","og_description":"Pour faire la pose de votre monte-escalier en toute confiance \u00e0 Dunkerque, faites appel \u00e0 un installateur honn\u00eate et confirm\u00e9.","og_url":"https:\/\/www.monteescalier.net\/france\/monte-escalier-dunkerque\/","og_site_name":"Monte escalier","article_modified_time":"2021-11-09T15:32:15+00:00","twitter_card":"summary_large_image","twitter_misc":{"Dur\u00e9e de lecture estim\u00e9e":"2 minutes"},"schema":{"@context":"https:\/\/schema.org","@graph":[{"@type":"WebPage","@id":"https:\/\/www.monteescalier.net\/france\/monte-escalier-dunkerque\/","url":"https:\/\/www.monteescalier.net\/france\/monte-escalier-dunkerque\/","name":"Monte escalier Dunkerque - Monte escalier","isPartOf":{"@id":"https:\/\/www.monteescalier.net\/france\/#website"},"datePublished":"2021-02-04T09:47:11+00:00","dateModified":"2021-11-09T15:32:15+00:00","description":"Pour faire la pose de votre monte-escalier en toute confiance \u00e0 Dunkerque, faites appel \u00e0 un installateur honn\u00eate et confirm\u00e9.","breadcrumb":{"@id":"https:\/\/www.monteescalier.net\/france\/monte-escalier-dunkerque\/#breadcrumb"},"inLanguage":"fr-FR","potentialAction":[{"@type":"ReadAction","target":["https:\/\/www.monteescalier.net\/france\/monte-escalier-dunkerque\/"]}]},{"@type":"BreadcrumbList","@id":"https:\/\/www.monteescalier.net\/france\/monte-escalier-dunkerque\/#breadcrumb","itemListElement":[{"@type":"ListItem","position":1,"name":"Accueil","item":"https:\/\/www.monteescalier.net\/france\/"},{"@type":"ListItem","position":2,"name":"Monte escalier Dunkerque"}]},{"@type":"WebSite","@id":"https:\/\/www.monteescalier.net\/france\/#website","url":"https:\/\/www.monteescalier.net\/france\/","name":"Monte escalier","description":"","publisher":{"@id":"https:\/\/www.monteescalier.net\/france\/#organization"},"potentialAction":[{"@type":"SearchAction","target":{"@type":"EntryPoint","urlTemplate":"https:\/\/www.monteescalier.net\/france\/?s={search_term_string}"},"query-input":{"@type":"PropertyValueSpecification","valueRequired":true,"valueName":"search_term_string"}}],"inLanguage":"fr-FR"},{"@type":"Organization","@id":"https:\/\/www.monteescalier.net\/france\/#organization","name":"monte-escalier.net","url":"https:\/\/www.monteescalier.net\/france\/","logo":{"@type":"ImageObject","inLanguage":"fr-FR","@id":"https:\/\/www.monteescalier.net\/france\/#\/schema\/logo\/image\/","url":"https:\/\/www.monteescalier.net\/france\/wp-content\/uploads\/2016\/10\/4devis-mont-escalier-500-500.gif","contentUrl":"https:\/\/www.monteescalier.net\/france\/wp-content\/uploads\/2016\/10\/4devis-mont-escalier-500-500.gif","width":500,"height":500,"caption":"monte-escalier.net"},"image":{"@id":"https:\/\/www.monteescalier.net\/france\/#\/schema\/logo\/image\/"}}]}},"_links":{"self":[{"href":"https:\/\/www.monteescalier.net\/france\/wp-json\/wp\/v2\/pages\/952","targetHints":{"allow":["GET"]}}],"collection":[{"href":"https:\/\/www.monteescalier.net\/france\/wp-json\/wp\/v2\/pages"}],"about":[{"href":"https:\/\/www.monteescalier.net\/france\/wp-json\/wp\/v2\/types\/page"}],"author":[{"embeddable":true,"href":"https:\/\/www.monteescalier.net\/france\/wp-json\/wp\/v2\/users\/1"}],"replies":[{"embeddable":true,"href":"https:\/\/www.monteescalier.net\/france\/wp-json\/wp\/v2\/comments?post=952"}],"version-history":[{"count":4,"href":"https:\/\/www.monteescalier.net\/france\/wp-json\/wp\/v2\/pages\/952\/revisions"}],"predecessor-version":[{"id":8405,"href":"https:\/\/www.monteescalier.net\/france\/wp-json\/wp\/v2\/pages\/952\/revisions\/8405"}],"wp:attachment":[{"href":"https:\/\/www.monteescalier.net\/france\/wp-json\/wp\/v2\/media?parent=952"}],"curies":[{"name":"wp","href":"https:\/\/api.w.org\/{rel}","templated":true}]}}