{"id":953,"date":"2021-02-05T10:47:11","date_gmt":"2021-02-05T09:47:11","guid":{"rendered":"https:\/\/www.monteescalier.net\/france\/?page_id=953"},"modified":"2021-11-09T15:53:37","modified_gmt":"2021-11-09T14:53:37","slug":"monte-escalier-tourcoing","status":"publish","type":"page","link":"https:\/\/www.monteescalier.net\/france\/monte-escalier-tourcoing\/","title":{"rendered":"Monte escalier Tourcoing"},"content":{"rendered":"<h1>Votre Monte escalier \u00e0 Tourcoing \u00a0: \u00a04 devis en un clic<\/h1>\n<div class=\"boite_texte\">\n<div style=\"text-align: justify;\">Mise \u00e0 jour : 29\/08\/2017<\/div>\n<div style=\"text-align: justify;\"><\/div>\n<div style=\"text-align: justify;\">Vous souhaitez faire installer un monte escalier \u00e0 Tourcoing dans votre maison \u00e0 \u00e9tage, l&rsquo;op\u00e9ration ne pr\u00e9sente pas de difficult\u00e9s et gr\u00e2ce \u00e0 monteescalier.net le choix entre les prestataires va \u00eatre facilit\u00e9 en vous fournissant plusieurs devis (au moins 4).<\/div>\n<div style=\"text-align: justify;\">\n<p>Monteescalier.net vous met en relation avec les \u00a0vendeurs de monte escalier. Utilisez nos services\u00a0et vous pourrez \u00eatre\u00a0\u00eatre mis en relation avec les principaux vendeurs de monte escalier de Tourcoing et de la r\u00e9gion Nord. Plus de concurrence entre prestataires signifiera pour vous des prix \u00e0 la baisse, et des services \u00e0 la hausse.<\/p>\n<\/div>\n<div style=\"text-align: justify;\">\n<p>Avoir acc\u00e8s \u00e0 plusieurs propositions, c&rsquo;est mieux pour prendre la bonne d\u00e9cision. C&rsquo;est pourquoi, en entrant simplement vos coordonn\u00e9es sur ce site, nous vous proposerons gratuitement 3, 4, voire 5 devis pour l&rsquo;installation de votre monte escalier \u00e0 Tourcoing.<\/p>\n<\/div>\n<div style=\"text-align: justify;\">\n<p>Votre d\u00e9cision d&rsquo;achat n&rsquo;est pas encore tout \u00e0 fait prise, vous avez des doutes, vous pr\u00e9f\u00e9rez dialoguer au pr\u00e9alable avec des professionnels du monte escalier dans votre secteur. Une seule demande de rappel sur notre site et ils vous rappelleront gratuitement pour r\u00e9pondre \u00e0 toutes vos questions, techniques, financi\u00e8res ou commerciales.<\/p>\n<\/div>\n<div style=\"text-align: justify;\">Vous voulez choisir son mod\u00e8le de monte escalier directement depuis chez vous\u00a0? C&rsquo;est possible avec monteescalier.net. Remplissez directement un formulaire de <a href=\"https:\/\/www.monteescalier.net\/demande-de-documentation.php\">demande de documentation<\/a> sur notre site et vous recevrez toute la documentation n\u00e9cessaire sur les mod\u00e8les de monte escalier commercialis\u00e9s par nos professionnels partenaires.<\/div>\n<p>&nbsp;<\/p>\n<div>Centralisez vos demandes sur les monte escalier gr\u00e2ce \u00e0 notre site enti\u00e8rement gratuit : un formulaire rempli = des contacts multiples avec les prestataires revendeurs de monte escalier \u00e0 Tourcoing et plus g\u00e9n\u00e9ralement la grande agglom\u00e9ration lilloise. Si toutefois, les prestataires que nous avons pr\u00e9sent\u00e9s ne vous font pas de proposition suffisamment \u00a0int\u00e9ressante, libre \u00e0 vous d&rsquo;aller voir ailleurs. Une demande sur monteescalier.net ne vous engage absolument pas.<\/div>\n<p>&nbsp;<\/p>\n<\/div>\n<div class=\"titre_liens\">Vous habitez une autre ville dans le d\u00e9partement ? Regardez les liens suivants<\/div>\n<p>&nbsp;<\/p>\n<div class=\"boite_liens\"><a href=\"https:\/\/www.monteescalier.net\/france\/monte-escalier-villeneuve-d-ascq\">Monte escalier Villeneuve-d&rsquo;Ascq<\/a><br \/>\n<a href=\"https:\/\/www.monteescalier.net\/france\/monte-escalier-valenciennes\">Monte escalier Valenciennes<\/a><br \/>\n<a href=\"https:\/\/www.monteescalier.net\/france\/monte-escalier-douai\">Monte escalier Douai<\/a><br \/>\n<a href=\"https:\/\/www.monteescalier.net\/france\/monte-escalier-wattrelos\">Monte escalier Wattrelos<\/a><br \/>\n<a href=\"https:\/\/www.monteescalier.net\/france\/monte-escalier-marcq-en-baroeul\">Monte escalier Marcq-en-Bar\u009cul<\/a><\/div>\n","protected":false},"excerpt":{"rendered":"<p>Votre Monte escalier \u00e0 Tourcoing \u00a0: \u00a04 devis en un clic Mise \u00e0 jour : 29\/08\/2017 Vous souhaitez faire installer un monte escalier \u00e0 Tourcoing dans votre maison \u00e0 \u00e9tage, l&rsquo;op\u00e9ration ne pr\u00e9sente pas de difficult\u00e9s et gr\u00e2ce \u00e0 monteescalier.net le choix entre les prestataires va \u00eatre facilit\u00e9 en vous fournissant plusieurs devis (au moins [&hellip;]<\/p>\n","protected":false},"author":1,"featured_media":0,"parent":0,"menu_order":0,"comment_status":"closed","ping_status":"open","template":"template_ville_18.php","meta":{"_monsterinsights_skip_tracking":false,"_monsterinsights_sitenote_active":false,"_monsterinsights_sitenote_note":"","_monsterinsights_sitenote_category":0,"footnotes":""},"class_list":["post-953","page","type-page","status-publish","hentry"],"yoast_head":"<!-- This site is optimized with the Yoast SEO plugin v26.3 - https:\/\/yoast.com\/wordpress\/plugins\/seo\/ -->\n<title>Monte escalier Tourcoing - Monte escalier<\/title>\n<meta name=\"description\" content=\"Tourcoing : Si le monte-escalier s&#039;av\u00e8re simple \u00e0 employer et tr\u00e8s commode, son application l&#039;est nettement moins.\" \/>\n<meta name=\"robots\" content=\"index, follow, max-snippet:-1, max-image-preview:large, max-video-preview:-1\" \/>\n<link rel=\"canonical\" href=\"https:\/\/www.monteescalier.net\/france\/monte-escalier-tourcoing\/\" \/>\n<meta property=\"og:locale\" content=\"fr_FR\" \/>\n<meta property=\"og:type\" content=\"article\" \/>\n<meta property=\"og:title\" content=\"Monte escalier Tourcoing - Monte escalier\" \/>\n<meta property=\"og:description\" content=\"Tourcoing : Si le monte-escalier s&#039;av\u00e8re simple \u00e0 employer et tr\u00e8s commode, son application l&#039;est nettement moins.\" \/>\n<meta property=\"og:url\" content=\"https:\/\/www.monteescalier.net\/france\/monte-escalier-tourcoing\/\" \/>\n<meta property=\"og:site_name\" content=\"Monte escalier\" \/>\n<meta property=\"article:modified_time\" content=\"2021-11-09T14:53:37+00:00\" \/>\n<meta name=\"twitter:card\" content=\"summary_large_image\" \/>\n<meta name=\"twitter:label1\" content=\"Dur\u00e9e de lecture estim\u00e9e\" \/>\n\t<meta name=\"twitter:data1\" content=\"2 minutes\" \/>\n<script type=\"application\/ld+json\" class=\"yoast-schema-graph\">{\"@context\":\"https:\/\/schema.org\",\"@graph\":[{\"@type\":\"WebPage\",\"@id\":\"https:\/\/www.monteescalier.net\/france\/monte-escalier-tourcoing\/\",\"url\":\"https:\/\/www.monteescalier.net\/france\/monte-escalier-tourcoing\/\",\"name\":\"Monte escalier Tourcoing - Monte escalier\",\"isPartOf\":{\"@id\":\"https:\/\/www.monteescalier.net\/france\/#website\"},\"datePublished\":\"2021-02-05T09:47:11+00:00\",\"dateModified\":\"2021-11-09T14:53:37+00:00\",\"description\":\"Tourcoing : Si le monte-escalier s'av\u00e8re simple \u00e0 employer et tr\u00e8s commode, son application l'est nettement moins.\",\"breadcrumb\":{\"@id\":\"https:\/\/www.monteescalier.net\/france\/monte-escalier-tourcoing\/#breadcrumb\"},\"inLanguage\":\"fr-FR\",\"potentialAction\":[{\"@type\":\"ReadAction\",\"target\":[\"https:\/\/www.monteescalier.net\/france\/monte-escalier-tourcoing\/\"]}]},{\"@type\":\"BreadcrumbList\",\"@id\":\"https:\/\/www.monteescalier.net\/france\/monte-escalier-tourcoing\/#breadcrumb\",\"itemListElement\":[{\"@type\":\"ListItem\",\"position\":1,\"name\":\"Accueil\",\"item\":\"https:\/\/www.monteescalier.net\/france\/\"},{\"@type\":\"ListItem\",\"position\":2,\"name\":\"Monte escalier Tourcoing\"}]},{\"@type\":\"WebSite\",\"@id\":\"https:\/\/www.monteescalier.net\/france\/#website\",\"url\":\"https:\/\/www.monteescalier.net\/france\/\",\"name\":\"Monte escalier\",\"description\":\"\",\"publisher\":{\"@id\":\"https:\/\/www.monteescalier.net\/france\/#organization\"},\"potentialAction\":[{\"@type\":\"SearchAction\",\"target\":{\"@type\":\"EntryPoint\",\"urlTemplate\":\"https:\/\/www.monteescalier.net\/france\/?s={search_term_string}\"},\"query-input\":{\"@type\":\"PropertyValueSpecification\",\"valueRequired\":true,\"valueName\":\"search_term_string\"}}],\"inLanguage\":\"fr-FR\"},{\"@type\":\"Organization\",\"@id\":\"https:\/\/www.monteescalier.net\/france\/#organization\",\"name\":\"monte-escalier.net\",\"url\":\"https:\/\/www.monteescalier.net\/france\/\",\"logo\":{\"@type\":\"ImageObject\",\"inLanguage\":\"fr-FR\",\"@id\":\"https:\/\/www.monteescalier.net\/france\/#\/schema\/logo\/image\/\",\"url\":\"https:\/\/www.monteescalier.net\/france\/wp-content\/uploads\/2016\/10\/4devis-mont-escalier-500-500.gif\",\"contentUrl\":\"https:\/\/www.monteescalier.net\/france\/wp-content\/uploads\/2016\/10\/4devis-mont-escalier-500-500.gif\",\"width\":500,\"height\":500,\"caption\":\"monte-escalier.net\"},\"image\":{\"@id\":\"https:\/\/www.monteescalier.net\/france\/#\/schema\/logo\/image\/\"}}]}<\/script>\n<!-- \/ Yoast SEO plugin. -->","yoast_head_json":{"title":"Monte escalier Tourcoing - Monte escalier","description":"Tourcoing : Si le monte-escalier s'av\u00e8re simple \u00e0 employer et tr\u00e8s commode, son application l'est nettement moins.","robots":{"index":"index","follow":"follow","max-snippet":"max-snippet:-1","max-image-preview":"max-image-preview:large","max-video-preview":"max-video-preview:-1"},"canonical":"https:\/\/www.monteescalier.net\/france\/monte-escalier-tourcoing\/","og_locale":"fr_FR","og_type":"article","og_title":"Monte escalier Tourcoing - Monte escalier","og_description":"Tourcoing : Si le monte-escalier s'av\u00e8re simple \u00e0 employer et tr\u00e8s commode, son application l'est nettement moins.","og_url":"https:\/\/www.monteescalier.net\/france\/monte-escalier-tourcoing\/","og_site_name":"Monte escalier","article_modified_time":"2021-11-09T14:53:37+00:00","twitter_card":"summary_large_image","twitter_misc":{"Dur\u00e9e de lecture estim\u00e9e":"2 minutes"},"schema":{"@context":"https:\/\/schema.org","@graph":[{"@type":"WebPage","@id":"https:\/\/www.monteescalier.net\/france\/monte-escalier-tourcoing\/","url":"https:\/\/www.monteescalier.net\/france\/monte-escalier-tourcoing\/","name":"Monte escalier Tourcoing - Monte escalier","isPartOf":{"@id":"https:\/\/www.monteescalier.net\/france\/#website"},"datePublished":"2021-02-05T09:47:11+00:00","dateModified":"2021-11-09T14:53:37+00:00","description":"Tourcoing : Si le monte-escalier s'av\u00e8re simple \u00e0 employer et tr\u00e8s commode, son application l'est nettement moins.","breadcrumb":{"@id":"https:\/\/www.monteescalier.net\/france\/monte-escalier-tourcoing\/#breadcrumb"},"inLanguage":"fr-FR","potentialAction":[{"@type":"ReadAction","target":["https:\/\/www.monteescalier.net\/france\/monte-escalier-tourcoing\/"]}]},{"@type":"BreadcrumbList","@id":"https:\/\/www.monteescalier.net\/france\/monte-escalier-tourcoing\/#breadcrumb","itemListElement":[{"@type":"ListItem","position":1,"name":"Accueil","item":"https:\/\/www.monteescalier.net\/france\/"},{"@type":"ListItem","position":2,"name":"Monte escalier Tourcoing"}]},{"@type":"WebSite","@id":"https:\/\/www.monteescalier.net\/france\/#website","url":"https:\/\/www.monteescalier.net\/france\/","name":"Monte escalier","description":"","publisher":{"@id":"https:\/\/www.monteescalier.net\/france\/#organization"},"potentialAction":[{"@type":"SearchAction","target":{"@type":"EntryPoint","urlTemplate":"https:\/\/www.monteescalier.net\/france\/?s={search_term_string}"},"query-input":{"@type":"PropertyValueSpecification","valueRequired":true,"valueName":"search_term_string"}}],"inLanguage":"fr-FR"},{"@type":"Organization","@id":"https:\/\/www.monteescalier.net\/france\/#organization","name":"monte-escalier.net","url":"https:\/\/www.monteescalier.net\/france\/","logo":{"@type":"ImageObject","inLanguage":"fr-FR","@id":"https:\/\/www.monteescalier.net\/france\/#\/schema\/logo\/image\/","url":"https:\/\/www.monteescalier.net\/france\/wp-content\/uploads\/2016\/10\/4devis-mont-escalier-500-500.gif","contentUrl":"https:\/\/www.monteescalier.net\/france\/wp-content\/uploads\/2016\/10\/4devis-mont-escalier-500-500.gif","width":500,"height":500,"caption":"monte-escalier.net"},"image":{"@id":"https:\/\/www.monteescalier.net\/france\/#\/schema\/logo\/image\/"}}]}},"_links":{"self":[{"href":"https:\/\/www.monteescalier.net\/france\/wp-json\/wp\/v2\/pages\/953","targetHints":{"allow":["GET"]}}],"collection":[{"href":"https:\/\/www.monteescalier.net\/france\/wp-json\/wp\/v2\/pages"}],"about":[{"href":"https:\/\/www.monteescalier.net\/france\/wp-json\/wp\/v2\/types\/page"}],"author":[{"embeddable":true,"href":"https:\/\/www.monteescalier.net\/france\/wp-json\/wp\/v2\/users\/1"}],"replies":[{"embeddable":true,"href":"https:\/\/www.monteescalier.net\/france\/wp-json\/wp\/v2\/comments?post=953"}],"version-history":[{"count":5,"href":"https:\/\/www.monteescalier.net\/france\/wp-json\/wp\/v2\/pages\/953\/revisions"}],"predecessor-version":[{"id":8406,"href":"https:\/\/www.monteescalier.net\/france\/wp-json\/wp\/v2\/pages\/953\/revisions\/8406"}],"wp:attachment":[{"href":"https:\/\/www.monteescalier.net\/france\/wp-json\/wp\/v2\/media?parent=953"}],"curies":[{"name":"wp","href":"https:\/\/api.w.org\/{rel}","templated":true}]}}