{"id":954,"date":"2021-02-26T10:47:11","date_gmt":"2021-02-26T09:47:11","guid":{"rendered":"https:\/\/www.monteescalier.net\/france\/?page_id=954"},"modified":"2021-11-09T16:11:41","modified_gmt":"2021-11-09T15:11:41","slug":"monte-escalier-avignon","status":"publish","type":"page","link":"https:\/\/www.monteescalier.net\/france\/monte-escalier-avignon\/","title":{"rendered":"Monte escalier Avignon"},"content":{"rendered":"<h1>Vous voulez des\u00a0devis de monte escalier en Avignon ?<\/h1>\n<div class=\"boite_texte\">\n<div style=\"text-align: justify;\">Vous d\u00e9sirez faire installer un monte escalier en Avignon, avec monteescalier.net, vous avez trouv\u00e9 un alli\u00e9 de choix qui va permettre d&rsquo;obtenir le meilleur prix et les meilleurs services en mettant en concurrence les installateurs de monte escalier en r\u00e9gion PACA.<\/div>\n<p>&nbsp;<\/p>\n<div style=\"text-align: justify;\">\n<p>Nous sommes un site\u00a0mettant en relation les \u00a0acheteurs de monte escalier et les vendeurs de monte escalier dans le Var. Concr\u00e8tement, si vous utilisez nos services gratuits, nous allons vous permettre d&rsquo;obtenir plusieurs devis en une seule demande et ainsi pouvoir comparer r\u00e9ellement les diff\u00e9rents installateurs et les services qu&rsquo;ils proposent. Au final, nul doute que vous obtiendrez de meilleures conditions que si vous en aviez contact\u00e9 un seul au hasard.<\/p>\n<\/div>\n<div style=\"text-align: justify;\">\n<p>Avoir acc\u00e8s \u00e0 plusieurs propositions, c&rsquo;est mieux pour prendre la bonne d\u00e9cision. C&rsquo;est pourquoi, en entrant simplement vos coordonn\u00e9es sur ce site dans le formulaire en haut de cette page , les installateurs s\u00e9lectionn\u00e9s vous enverront\u00a0gratuitement un\u00a0devis chacun pour l&rsquo;installation de votre monte escalier dans votre maison \u00e0 Avignon.<\/p>\n<\/div>\n<div style=\"text-align: justify;\">\n<p>Avant de passer commande d&rsquo;un monte escalier, vous pouvez avoir besoin de discuter de votre projet monte escalier \u00a0au t\u00e9l\u00e9phone avec des experts. Dans ce cas, utilisez de pr\u00e9f\u00e9rence notre <a href=\"https:\/\/www.monteescalier.net\/demande-de-rappel.php\">demande de rappel<\/a>, et nos partenaires experts du monte escalier vous rappelleront dans les plus brefs d\u00e9lais pour discuter avec vous de votre projet et vous proposer aussi bien des solutions techniques que des solutions de financement par exemple.<\/p>\n<\/div>\n<div style=\"text-align: justify;\">Quel mod\u00e8le de monte escalier choisir ? Quelle marque? \u00a0Difficile de r\u00e9pondre \u00e0 cette question sans conna\u00eetre les marques et mod\u00e8les , aidez vous avec de la documentation gratuite sur les monte escaliers. Nos partenaires revendeurs peuvent, en effet, vous faire parvenir par email \u00a0de la documentation sur les mod\u00e8les qu&rsquo;ils proposent \u00e0 la vente et qui vous permettront sans doute d&rsquo;\u00e9tablir une pr\u00e9selection entre les diff\u00e9rents mod\u00e8les que vous pourriez faire poser chez vous.<\/div>\n<p>&nbsp;<\/p>\n<div style=\"text-align: justify;\">Pourquoi aller chercher ailleurs alors que tous nos services sont enti\u00e8rement gratuits. Nous avons fait le travail de pr\u00e9selection de votre\u00a0installateur de monte escalier \u00e0 Avignon. Utilisez nos services ne vous co\u00fbtera rien et ne vous engagera \u00e0 rien&#8230; alors pourquoi ne pas tenter le coup ! Laissez nous vos coordonn\u00e9es et testez nos services sans engagement.<\/div>\n<\/div>\n<p>&nbsp;<\/p>\n<div class=\"titre_liens\">D\u00e9couvrez aussi nos offres monte escalier \u00e0 proximit\u00e9 d&rsquo;Avignon<\/div>\n<p>&nbsp;<\/p>\n<div class=\"boite_liens\"><a href=\"https:\/\/www.monteescalier.net\/france\/monte-escalier-orange\">Monte escalier Orange<\/a><br \/>\n<a href=\"https:\/\/www.monteescalier.net\/france\/monte-escalier-carpentras\">Monte escalier Carpentras<\/a><br \/>\n<a href=\"https:\/\/www.monteescalier.net\/france\/monte-escalier-cavaillon\">Monte escalier Cavaillon<\/a><br \/>\n<a href=\"https:\/\/www.monteescalier.net\/france\/monte-escalier-l-isle-sur-la-sorgue\">Monte escalier Isle-sur-la-Sorgue<\/a><br \/>\n<a href=\"https:\/\/www.monteescalier.net\/france\/monte-escalier-pertuis\">Monte escalier Pertuis<\/a><\/div>\n<div class=\"boite_liens\"><\/div>\n<div class=\"boite_liens\">MAJ 28\/11\/2016<\/div>\n","protected":false},"excerpt":{"rendered":"<p>Vous voulez des\u00a0devis de monte escalier en Avignon ? Vous d\u00e9sirez faire installer un monte escalier en Avignon, avec monteescalier.net, vous avez trouv\u00e9 un alli\u00e9 de choix qui va permettre d&rsquo;obtenir le meilleur prix et les meilleurs services en mettant en concurrence les installateurs de monte escalier en r\u00e9gion PACA. &nbsp; Nous sommes un site\u00a0mettant [&hellip;]<\/p>\n","protected":false},"author":1,"featured_media":0,"parent":0,"menu_order":0,"comment_status":"closed","ping_status":"open","template":"template_ville_16.php","meta":{"_monsterinsights_skip_tracking":false,"_monsterinsights_sitenote_active":false,"_monsterinsights_sitenote_note":"","_monsterinsights_sitenote_category":0,"footnotes":""},"class_list":["post-954","page","type-page","status-publish","hentry"],"yoast_head":"<!-- This site is optimized with the Yoast SEO plugin v26.3 - https:\/\/yoast.com\/wordpress\/plugins\/seo\/ -->\n<title>Monte escalier Avignon - Monte escalier<\/title>\n<meta name=\"description\" content=\"Monte escalier \u00e0 Avignon : Trouvez un professionnel en quelques clics.\" \/>\n<meta name=\"robots\" content=\"index, follow, max-snippet:-1, max-image-preview:large, max-video-preview:-1\" \/>\n<link rel=\"canonical\" href=\"https:\/\/www.monteescalier.net\/france\/monte-escalier-avignon\/\" \/>\n<meta property=\"og:locale\" content=\"fr_FR\" \/>\n<meta property=\"og:type\" content=\"article\" \/>\n<meta property=\"og:title\" content=\"Monte escalier Avignon - Monte escalier\" \/>\n<meta property=\"og:description\" content=\"Monte escalier \u00e0 Avignon : Trouvez un professionnel en quelques clics.\" \/>\n<meta property=\"og:url\" content=\"https:\/\/www.monteescalier.net\/france\/monte-escalier-avignon\/\" \/>\n<meta property=\"og:site_name\" content=\"Monte escalier\" \/>\n<meta property=\"article:modified_time\" content=\"2021-11-09T15:11:41+00:00\" \/>\n<meta name=\"twitter:card\" content=\"summary_large_image\" \/>\n<meta name=\"twitter:label1\" content=\"Dur\u00e9e de lecture estim\u00e9e\" \/>\n\t<meta name=\"twitter:data1\" content=\"2 minutes\" \/>\n<script type=\"application\/ld+json\" class=\"yoast-schema-graph\">{\"@context\":\"https:\/\/schema.org\",\"@graph\":[{\"@type\":\"WebPage\",\"@id\":\"https:\/\/www.monteescalier.net\/france\/monte-escalier-avignon\/\",\"url\":\"https:\/\/www.monteescalier.net\/france\/monte-escalier-avignon\/\",\"name\":\"Monte escalier Avignon - Monte escalier\",\"isPartOf\":{\"@id\":\"https:\/\/www.monteescalier.net\/france\/#website\"},\"datePublished\":\"2021-02-26T09:47:11+00:00\",\"dateModified\":\"2021-11-09T15:11:41+00:00\",\"description\":\"Monte escalier \u00e0 Avignon : Trouvez un professionnel en quelques clics.\",\"breadcrumb\":{\"@id\":\"https:\/\/www.monteescalier.net\/france\/monte-escalier-avignon\/#breadcrumb\"},\"inLanguage\":\"fr-FR\",\"potentialAction\":[{\"@type\":\"ReadAction\",\"target\":[\"https:\/\/www.monteescalier.net\/france\/monte-escalier-avignon\/\"]}]},{\"@type\":\"BreadcrumbList\",\"@id\":\"https:\/\/www.monteescalier.net\/france\/monte-escalier-avignon\/#breadcrumb\",\"itemListElement\":[{\"@type\":\"ListItem\",\"position\":1,\"name\":\"Accueil\",\"item\":\"https:\/\/www.monteescalier.net\/france\/\"},{\"@type\":\"ListItem\",\"position\":2,\"name\":\"Monte escalier Avignon\"}]},{\"@type\":\"WebSite\",\"@id\":\"https:\/\/www.monteescalier.net\/france\/#website\",\"url\":\"https:\/\/www.monteescalier.net\/france\/\",\"name\":\"Monte escalier\",\"description\":\"\",\"publisher\":{\"@id\":\"https:\/\/www.monteescalier.net\/france\/#organization\"},\"potentialAction\":[{\"@type\":\"SearchAction\",\"target\":{\"@type\":\"EntryPoint\",\"urlTemplate\":\"https:\/\/www.monteescalier.net\/france\/?s={search_term_string}\"},\"query-input\":{\"@type\":\"PropertyValueSpecification\",\"valueRequired\":true,\"valueName\":\"search_term_string\"}}],\"inLanguage\":\"fr-FR\"},{\"@type\":\"Organization\",\"@id\":\"https:\/\/www.monteescalier.net\/france\/#organization\",\"name\":\"monte-escalier.net\",\"url\":\"https:\/\/www.monteescalier.net\/france\/\",\"logo\":{\"@type\":\"ImageObject\",\"inLanguage\":\"fr-FR\",\"@id\":\"https:\/\/www.monteescalier.net\/france\/#\/schema\/logo\/image\/\",\"url\":\"https:\/\/www.monteescalier.net\/france\/wp-content\/uploads\/2016\/10\/4devis-mont-escalier-500-500.gif\",\"contentUrl\":\"https:\/\/www.monteescalier.net\/france\/wp-content\/uploads\/2016\/10\/4devis-mont-escalier-500-500.gif\",\"width\":500,\"height\":500,\"caption\":\"monte-escalier.net\"},\"image\":{\"@id\":\"https:\/\/www.monteescalier.net\/france\/#\/schema\/logo\/image\/\"}}]}<\/script>\n<!-- \/ Yoast SEO plugin. -->","yoast_head_json":{"title":"Monte escalier Avignon - Monte escalier","description":"Monte escalier \u00e0 Avignon : Trouvez un professionnel en quelques clics.","robots":{"index":"index","follow":"follow","max-snippet":"max-snippet:-1","max-image-preview":"max-image-preview:large","max-video-preview":"max-video-preview:-1"},"canonical":"https:\/\/www.monteescalier.net\/france\/monte-escalier-avignon\/","og_locale":"fr_FR","og_type":"article","og_title":"Monte escalier Avignon - Monte escalier","og_description":"Monte escalier \u00e0 Avignon : Trouvez un professionnel en quelques clics.","og_url":"https:\/\/www.monteescalier.net\/france\/monte-escalier-avignon\/","og_site_name":"Monte escalier","article_modified_time":"2021-11-09T15:11:41+00:00","twitter_card":"summary_large_image","twitter_misc":{"Dur\u00e9e de lecture estim\u00e9e":"2 minutes"},"schema":{"@context":"https:\/\/schema.org","@graph":[{"@type":"WebPage","@id":"https:\/\/www.monteescalier.net\/france\/monte-escalier-avignon\/","url":"https:\/\/www.monteescalier.net\/france\/monte-escalier-avignon\/","name":"Monte escalier Avignon - Monte escalier","isPartOf":{"@id":"https:\/\/www.monteescalier.net\/france\/#website"},"datePublished":"2021-02-26T09:47:11+00:00","dateModified":"2021-11-09T15:11:41+00:00","description":"Monte escalier \u00e0 Avignon : Trouvez un professionnel en quelques clics.","breadcrumb":{"@id":"https:\/\/www.monteescalier.net\/france\/monte-escalier-avignon\/#breadcrumb"},"inLanguage":"fr-FR","potentialAction":[{"@type":"ReadAction","target":["https:\/\/www.monteescalier.net\/france\/monte-escalier-avignon\/"]}]},{"@type":"BreadcrumbList","@id":"https:\/\/www.monteescalier.net\/france\/monte-escalier-avignon\/#breadcrumb","itemListElement":[{"@type":"ListItem","position":1,"name":"Accueil","item":"https:\/\/www.monteescalier.net\/france\/"},{"@type":"ListItem","position":2,"name":"Monte escalier Avignon"}]},{"@type":"WebSite","@id":"https:\/\/www.monteescalier.net\/france\/#website","url":"https:\/\/www.monteescalier.net\/france\/","name":"Monte escalier","description":"","publisher":{"@id":"https:\/\/www.monteescalier.net\/france\/#organization"},"potentialAction":[{"@type":"SearchAction","target":{"@type":"EntryPoint","urlTemplate":"https:\/\/www.monteescalier.net\/france\/?s={search_term_string}"},"query-input":{"@type":"PropertyValueSpecification","valueRequired":true,"valueName":"search_term_string"}}],"inLanguage":"fr-FR"},{"@type":"Organization","@id":"https:\/\/www.monteescalier.net\/france\/#organization","name":"monte-escalier.net","url":"https:\/\/www.monteescalier.net\/france\/","logo":{"@type":"ImageObject","inLanguage":"fr-FR","@id":"https:\/\/www.monteescalier.net\/france\/#\/schema\/logo\/image\/","url":"https:\/\/www.monteescalier.net\/france\/wp-content\/uploads\/2016\/10\/4devis-mont-escalier-500-500.gif","contentUrl":"https:\/\/www.monteescalier.net\/france\/wp-content\/uploads\/2016\/10\/4devis-mont-escalier-500-500.gif","width":500,"height":500,"caption":"monte-escalier.net"},"image":{"@id":"https:\/\/www.monteescalier.net\/france\/#\/schema\/logo\/image\/"}}]}},"_links":{"self":[{"href":"https:\/\/www.monteescalier.net\/france\/wp-json\/wp\/v2\/pages\/954","targetHints":{"allow":["GET"]}}],"collection":[{"href":"https:\/\/www.monteescalier.net\/france\/wp-json\/wp\/v2\/pages"}],"about":[{"href":"https:\/\/www.monteescalier.net\/france\/wp-json\/wp\/v2\/types\/page"}],"author":[{"embeddable":true,"href":"https:\/\/www.monteescalier.net\/france\/wp-json\/wp\/v2\/users\/1"}],"replies":[{"embeddable":true,"href":"https:\/\/www.monteescalier.net\/france\/wp-json\/wp\/v2\/comments?post=954"}],"version-history":[{"count":6,"href":"https:\/\/www.monteescalier.net\/france\/wp-json\/wp\/v2\/pages\/954\/revisions"}],"predecessor-version":[{"id":7887,"href":"https:\/\/www.monteescalier.net\/france\/wp-json\/wp\/v2\/pages\/954\/revisions\/7887"}],"wp:attachment":[{"href":"https:\/\/www.monteescalier.net\/france\/wp-json\/wp\/v2\/media?parent=954"}],"curies":[{"name":"wp","href":"https:\/\/api.w.org\/{rel}","templated":true}]}}