{"id":956,"date":"2021-03-26T10:47:11","date_gmt":"2021-03-26T09:47:11","guid":{"rendered":"https:\/\/www.monteescalier.net\/france\/?page_id=956"},"modified":"2021-11-09T16:39:28","modified_gmt":"2021-11-09T15:39:28","slug":"monte-escalier-poitiers","status":"publish","type":"page","link":"https:\/\/www.monteescalier.net\/france\/monte-escalier-poitiers\/","title":{"rendered":"Monte escalier Poitiers"},"content":{"rendered":"<h1>Les vendeurs de monte escalier \u00e0 Poitiers<\/h1>\n<div class=\"boite_texte\">\n<div style=\"text-align: justify;\">Vous voulez faire installer\u00a0un monte escalier \u00e0 Poitiers, \u00a0monteescalier.net\u00a0vous propose de vous faciliter la t\u00e2che en faisant pour vous les d\u00e9marches pour trouver plusieurs installateurs dans la Vienne et les mettre en concurrence.<\/div>\n<h2>Mettre les installateurs de monte escalier en concurrence ?<\/h2>\n<div style=\"text-align: justify;\">\n<p>Un monte escalier est un investissement cons\u00e9quent. Il est donc logique que vous vous int\u00e9rrogiez sur le vrai prix d&rsquo;un monte escalier. Un prix qui sera conforme \u00e0 la r\u00e9alit\u00e9 du march\u00e9. Monteescalier.net est un portail permettant de mettre en contact les acqu\u00e9reurs potentiels de monte escalier et les vendeurs professionnels. Plus exactement nous faisons un travail de pr\u00e9selection, en vous orientant uniquement sur ceux que nous estimons les plus \u00e0 m\u00eames de vous fournir une prestation de qualit\u00e9. Nous ne sommes li\u00e9s \u00e0 aucune marque, ni r\u00e9seau de distribution et sommes donc ind\u00e9pendants. Une fois mis en contact avec les installateurs, ce sera \u00e0 vous de g\u00e9rer la suite : ils vous proposeront des devis que vous pourrez comparez et vous pourrez d\u00e9cider qui est le mieux plac\u00e9 pour installer votre monte escalier \u00e0 Poitiers.<\/p>\n<\/div>\n<div style=\"text-align: justify;\">Avoir acc\u00e8s \u00e0 plusieurs propositions, c&rsquo;est mieux pour prendre la bonne d\u00e9cision. C&rsquo;est pourquoi, en entrant simplement vos coordonn\u00e9es sur ce site dans le formulaire situ\u00e9 en haut de cette page, nous vous proposerons gratuitement 3, 4, voire 5 devis pour l&rsquo;installation de votre monte escalier \u00e0 Poitiers.<\/div>\n<p>&nbsp;<\/p>\n<div style=\"text-align: justify;\">Votre maison\u00a0peut elle accueillir un monte escalier? Votre escalier est il assez large? Vous orientez-vous vers un mod\u00e8le monorail ou double rail? Vous avez plusieurs paliers dans votre escalier? Vous faut il un monte escalier droit ou un monte escalier tournant? Quelle marque, quel fauteuil choisir? Pour obtenir diff\u00e9rents avis sur ces questions, utilisez <a href=\"https:\/\/www.monteescalier.net\/demande-de-rappel.php\">notre fomulaire de rappel<\/a>. Nos professionnels partenaires du monte escalier vous recontacteront tr\u00e8s vite !<\/div>\n<p>&nbsp;<\/p>\n<div style=\"text-align: justify;\">Tous les services propos\u00e9s par ce site sont enti\u00e8rement gratuits et sans obligation d&rsquo;achat. Nous sommes un service de mise en relation. Vous serez mis en contact directement avec nos partenaires vendeurs de monte escalier et vous discuterez en direct avec eux. Vous \u00eates totalement libres de n\u00e9gocier et de signer ou pas avec un des prestataires avec lequel nous vous avons mis en relation. Nous pensons que vous avez tout int\u00e9r\u00eat \u00e0 choisir un prestataire que nous vous avons recommand\u00e9, mais vous \u00eates au final, le seul juge.<\/div>\n<p>&nbsp;<\/p>\n<\/div>\n<div class=\"titre_liens\">Dans la r\u00e9gion nous proposons \u00e9galement nos services \u00e0 :<\/div>\n<p>&nbsp;<\/p>\n<div class=\"boite_liens\"><a href=\"https:\/\/www.monteescalier.net\/france\/monte-escalier-chatellerault\">Monte escalier Ch\u00e2tellerault<\/a><br \/>\n<a href=\"https:\/\/www.monteescalier.net\/france\/monte-escalier-buxerolles\">Monte escalier Buxerolles<\/a><br \/>\n<a href=\"https:\/\/www.monteescalier.net\/france\/monte-escalier-loudun\">Monte escalier Loudun<\/a><br \/>\n<a href=\"https:\/\/www.monteescalier.net\/france\/monte-escalier-saint-benoit\">Monte escalier Saint-Beno\u00eet<\/a><br \/>\n<a href=\"https:\/\/www.monteescalier.net\/france\/monte-escalier-chauvigny\">Monte escalier Chauvigny<\/a><\/div>\n<div class=\"boite_liens\"><\/div>\n<div class=\"boite_liens\">Fiche \u00e0 jour au 30\/11\/2016<\/div>\n","protected":false},"excerpt":{"rendered":"<p>Les vendeurs de monte escalier \u00e0 Poitiers Vous voulez faire installer\u00a0un monte escalier \u00e0 Poitiers, \u00a0monteescalier.net\u00a0vous propose de vous faciliter la t\u00e2che en faisant pour vous les d\u00e9marches pour trouver plusieurs installateurs dans la Vienne et les mettre en concurrence. Mettre les installateurs de monte escalier en concurrence ? Un monte escalier est un investissement [&hellip;]<\/p>\n","protected":false},"author":1,"featured_media":0,"parent":0,"menu_order":0,"comment_status":"closed","ping_status":"open","template":"template_ville_4.php","meta":{"_monsterinsights_skip_tracking":false,"_monsterinsights_sitenote_active":false,"_monsterinsights_sitenote_note":"","_monsterinsights_sitenote_category":0,"footnotes":""},"class_list":["post-956","page","type-page","status-publish","hentry"],"yoast_head":"<!-- This site is optimized with the Yoast SEO plugin v26.3 - https:\/\/yoast.com\/wordpress\/plugins\/seo\/ -->\n<title>Monte escalier Poitiers - Monte escalier<\/title>\n<meta name=\"description\" content=\"Trouvez une entreprise pour r\u00e9aliser l&#039;installation de votre monte-escaliers \u00e0 Poitiers .\" \/>\n<meta name=\"robots\" content=\"index, follow, max-snippet:-1, max-image-preview:large, max-video-preview:-1\" \/>\n<link rel=\"canonical\" href=\"https:\/\/www.monteescalier.net\/france\/monte-escalier-poitiers\/\" \/>\n<meta property=\"og:locale\" content=\"fr_FR\" \/>\n<meta property=\"og:type\" content=\"article\" \/>\n<meta property=\"og:title\" content=\"Monte escalier Poitiers - Monte escalier\" \/>\n<meta property=\"og:description\" content=\"Trouvez une entreprise pour r\u00e9aliser l&#039;installation de votre monte-escaliers \u00e0 Poitiers .\" \/>\n<meta property=\"og:url\" content=\"https:\/\/www.monteescalier.net\/france\/monte-escalier-poitiers\/\" \/>\n<meta property=\"og:site_name\" content=\"Monte escalier\" \/>\n<meta property=\"article:modified_time\" content=\"2021-11-09T15:39:28+00:00\" \/>\n<meta name=\"twitter:card\" content=\"summary_large_image\" \/>\n<meta name=\"twitter:label1\" content=\"Dur\u00e9e de lecture estim\u00e9e\" \/>\n\t<meta name=\"twitter:data1\" content=\"2 minutes\" \/>\n<script type=\"application\/ld+json\" class=\"yoast-schema-graph\">{\"@context\":\"https:\/\/schema.org\",\"@graph\":[{\"@type\":\"WebPage\",\"@id\":\"https:\/\/www.monteescalier.net\/france\/monte-escalier-poitiers\/\",\"url\":\"https:\/\/www.monteescalier.net\/france\/monte-escalier-poitiers\/\",\"name\":\"Monte escalier Poitiers - Monte escalier\",\"isPartOf\":{\"@id\":\"https:\/\/www.monteescalier.net\/france\/#website\"},\"datePublished\":\"2021-03-26T09:47:11+00:00\",\"dateModified\":\"2021-11-09T15:39:28+00:00\",\"description\":\"Trouvez une entreprise pour r\u00e9aliser l'installation de votre monte-escaliers \u00e0 Poitiers .\",\"breadcrumb\":{\"@id\":\"https:\/\/www.monteescalier.net\/france\/monte-escalier-poitiers\/#breadcrumb\"},\"inLanguage\":\"fr-FR\",\"potentialAction\":[{\"@type\":\"ReadAction\",\"target\":[\"https:\/\/www.monteescalier.net\/france\/monte-escalier-poitiers\/\"]}]},{\"@type\":\"BreadcrumbList\",\"@id\":\"https:\/\/www.monteescalier.net\/france\/monte-escalier-poitiers\/#breadcrumb\",\"itemListElement\":[{\"@type\":\"ListItem\",\"position\":1,\"name\":\"Accueil\",\"item\":\"https:\/\/www.monteescalier.net\/france\/\"},{\"@type\":\"ListItem\",\"position\":2,\"name\":\"Monte escalier Poitiers\"}]},{\"@type\":\"WebSite\",\"@id\":\"https:\/\/www.monteescalier.net\/france\/#website\",\"url\":\"https:\/\/www.monteescalier.net\/france\/\",\"name\":\"Monte escalier\",\"description\":\"\",\"publisher\":{\"@id\":\"https:\/\/www.monteescalier.net\/france\/#organization\"},\"potentialAction\":[{\"@type\":\"SearchAction\",\"target\":{\"@type\":\"EntryPoint\",\"urlTemplate\":\"https:\/\/www.monteescalier.net\/france\/?s={search_term_string}\"},\"query-input\":{\"@type\":\"PropertyValueSpecification\",\"valueRequired\":true,\"valueName\":\"search_term_string\"}}],\"inLanguage\":\"fr-FR\"},{\"@type\":\"Organization\",\"@id\":\"https:\/\/www.monteescalier.net\/france\/#organization\",\"name\":\"monte-escalier.net\",\"url\":\"https:\/\/www.monteescalier.net\/france\/\",\"logo\":{\"@type\":\"ImageObject\",\"inLanguage\":\"fr-FR\",\"@id\":\"https:\/\/www.monteescalier.net\/france\/#\/schema\/logo\/image\/\",\"url\":\"https:\/\/www.monteescalier.net\/france\/wp-content\/uploads\/2016\/10\/4devis-mont-escalier-500-500.gif\",\"contentUrl\":\"https:\/\/www.monteescalier.net\/france\/wp-content\/uploads\/2016\/10\/4devis-mont-escalier-500-500.gif\",\"width\":500,\"height\":500,\"caption\":\"monte-escalier.net\"},\"image\":{\"@id\":\"https:\/\/www.monteescalier.net\/france\/#\/schema\/logo\/image\/\"}}]}<\/script>\n<!-- \/ Yoast SEO plugin. -->","yoast_head_json":{"title":"Monte escalier Poitiers - Monte escalier","description":"Trouvez une entreprise pour r\u00e9aliser l'installation de votre monte-escaliers \u00e0 Poitiers .","robots":{"index":"index","follow":"follow","max-snippet":"max-snippet:-1","max-image-preview":"max-image-preview:large","max-video-preview":"max-video-preview:-1"},"canonical":"https:\/\/www.monteescalier.net\/france\/monte-escalier-poitiers\/","og_locale":"fr_FR","og_type":"article","og_title":"Monte escalier Poitiers - Monte escalier","og_description":"Trouvez une entreprise pour r\u00e9aliser l'installation de votre monte-escaliers \u00e0 Poitiers .","og_url":"https:\/\/www.monteescalier.net\/france\/monte-escalier-poitiers\/","og_site_name":"Monte escalier","article_modified_time":"2021-11-09T15:39:28+00:00","twitter_card":"summary_large_image","twitter_misc":{"Dur\u00e9e de lecture estim\u00e9e":"2 minutes"},"schema":{"@context":"https:\/\/schema.org","@graph":[{"@type":"WebPage","@id":"https:\/\/www.monteescalier.net\/france\/monte-escalier-poitiers\/","url":"https:\/\/www.monteescalier.net\/france\/monte-escalier-poitiers\/","name":"Monte escalier Poitiers - Monte escalier","isPartOf":{"@id":"https:\/\/www.monteescalier.net\/france\/#website"},"datePublished":"2021-03-26T09:47:11+00:00","dateModified":"2021-11-09T15:39:28+00:00","description":"Trouvez une entreprise pour r\u00e9aliser l'installation de votre monte-escaliers \u00e0 Poitiers .","breadcrumb":{"@id":"https:\/\/www.monteescalier.net\/france\/monte-escalier-poitiers\/#breadcrumb"},"inLanguage":"fr-FR","potentialAction":[{"@type":"ReadAction","target":["https:\/\/www.monteescalier.net\/france\/monte-escalier-poitiers\/"]}]},{"@type":"BreadcrumbList","@id":"https:\/\/www.monteescalier.net\/france\/monte-escalier-poitiers\/#breadcrumb","itemListElement":[{"@type":"ListItem","position":1,"name":"Accueil","item":"https:\/\/www.monteescalier.net\/france\/"},{"@type":"ListItem","position":2,"name":"Monte escalier Poitiers"}]},{"@type":"WebSite","@id":"https:\/\/www.monteescalier.net\/france\/#website","url":"https:\/\/www.monteescalier.net\/france\/","name":"Monte escalier","description":"","publisher":{"@id":"https:\/\/www.monteescalier.net\/france\/#organization"},"potentialAction":[{"@type":"SearchAction","target":{"@type":"EntryPoint","urlTemplate":"https:\/\/www.monteescalier.net\/france\/?s={search_term_string}"},"query-input":{"@type":"PropertyValueSpecification","valueRequired":true,"valueName":"search_term_string"}}],"inLanguage":"fr-FR"},{"@type":"Organization","@id":"https:\/\/www.monteescalier.net\/france\/#organization","name":"monte-escalier.net","url":"https:\/\/www.monteescalier.net\/france\/","logo":{"@type":"ImageObject","inLanguage":"fr-FR","@id":"https:\/\/www.monteescalier.net\/france\/#\/schema\/logo\/image\/","url":"https:\/\/www.monteescalier.net\/france\/wp-content\/uploads\/2016\/10\/4devis-mont-escalier-500-500.gif","contentUrl":"https:\/\/www.monteescalier.net\/france\/wp-content\/uploads\/2016\/10\/4devis-mont-escalier-500-500.gif","width":500,"height":500,"caption":"monte-escalier.net"},"image":{"@id":"https:\/\/www.monteescalier.net\/france\/#\/schema\/logo\/image\/"}}]}},"_links":{"self":[{"href":"https:\/\/www.monteescalier.net\/france\/wp-json\/wp\/v2\/pages\/956","targetHints":{"allow":["GET"]}}],"collection":[{"href":"https:\/\/www.monteescalier.net\/france\/wp-json\/wp\/v2\/pages"}],"about":[{"href":"https:\/\/www.monteescalier.net\/france\/wp-json\/wp\/v2\/types\/page"}],"author":[{"embeddable":true,"href":"https:\/\/www.monteescalier.net\/france\/wp-json\/wp\/v2\/users\/1"}],"replies":[{"embeddable":true,"href":"https:\/\/www.monteescalier.net\/france\/wp-json\/wp\/v2\/comments?post=956"}],"version-history":[{"count":6,"href":"https:\/\/www.monteescalier.net\/france\/wp-json\/wp\/v2\/pages\/956\/revisions"}],"predecessor-version":[{"id":8536,"href":"https:\/\/www.monteescalier.net\/france\/wp-json\/wp\/v2\/pages\/956\/revisions\/8536"}],"wp:attachment":[{"href":"https:\/\/www.monteescalier.net\/france\/wp-json\/wp\/v2\/media?parent=956"}],"curies":[{"name":"wp","href":"https:\/\/api.w.org\/{rel}","templated":true}]}}