{"id":957,"date":"2021-09-24T10:47:11","date_gmt":"2021-09-24T09:47:11","guid":{"rendered":"https:\/\/www.monteescalier.net\/france\/?page_id=957"},"modified":"2024-11-29T13:41:38","modified_gmt":"2024-11-29T12:41:38","slug":"monte-escalier-creteil","status":"publish","type":"page","link":"https:\/\/www.monteescalier.net\/france\/monte-escalier-creteil\/","title":{"rendered":"Monte escalier Cr\u00e9teil"},"content":{"rendered":"<h1>Choisir un installateur parmi les vendeurs de monte escalier \u00e0 Cr\u00e9teil<\/h1>\n<div class=\"boite_texte\">\n<div style=\"text-align: justify;\">Vous voulez faire \u00e9quiper votre maison\u00a0d&rsquo;un monte escalier \u00e0 Cr\u00e9teil, c&rsquo;est \u00e0 coup s\u00fbr un bon investissement qui vous prot\u00e9gera contre les chutes dans les escaliers et vous permettra d&rsquo;y rester le plus longtemps possible. Reste \u00e0 trouver quelqu&rsquo;un pour vous l&rsquo;installer. Oubliez votre voisin, ou votre fils bricoleur&#8230;Un monte escalier c&rsquo;est s\u00e9rieux, votre s\u00e9curit\u00e9 est en jeu, vous devez passer par les services d&rsquo;un professionnel du monte escalier pour l&rsquo;achat comme pour l&rsquo;installation.<\/div>\n<h2>\u00a0Quel installateur de <a href=\"https:\/\/www.monteescalier.net\">monte escalier<\/a> choisir?<\/h2>\n<div>Nous connaissons les installateurs de monte escalier dans le Val de Marne et dans toute la r\u00e9gion parisienne. Nous avons d\u00e9j\u00e0 conseill\u00e9 plusieurs dizaines d&rsquo;acheteurs et les avons mis en contact avec ceux que nous consid\u00e9rons comme les plus performants aussi bien en prix qu&rsquo;en qualit\u00e9. Comment fonctionnons-nous ?<\/div>\n<\/div>\n<div><\/div>\n<div>&#8211; Tout d&rsquo;abord, nous ne sommes pas des interm\u00e9diaires, nous ne prenons ni commission, ni frais de dossier. Rien !<\/div>\n<div><\/div>\n<div>&#8211; Ensuite nous ne d\u00e9pendons de personne : ni d&rsquo;une marque ni d&rsquo;un r\u00e9seau de distribution de monte escalier<\/div>\n<div><\/div>\n<div>&#8211; Enfin nous pr\u00e9s\u00e9lectionnons pour nos visiteurs 4 ou 5 installateurs : un \u00e9ventail suffisant selon nous pour vous permettre de faire un bon choix<\/div>\n<div><\/div>\n<div class=\"boite_texte\">\n<div style=\"text-align: justify;\">\n<p>Avoir acc\u00e8s \u00e0 plusieurs propositions, c&rsquo;est mieux pour prendre la bonne d\u00e9cision. C&rsquo;est pourquoi, en entrant simplement vos coordonn\u00e9es sur ce site dans ce <a href=\"https:\/\/www.monteescalier.net\/devis-gratuit.php\">formulaire de demande de devis de monte escalier<\/a>, nous vous proposerons gratuitement 3, 4, voire 5 devis pour l&rsquo;installation de votre monte escalier \u00e0 Cr\u00e9teil.<\/p>\n<\/div>\n<div style=\"text-align: justify;\">\n<p>L&rsquo;installation d&rsquo;un monte escalier est une op\u00e9ration tr\u00e8s technique qui n\u00e9cessite une pr\u00e9paration minutieuse et ainsi garantir votre s\u00e9curit\u00e9 sur le fauteuil monte escalier. Il est ainsi normal que vous vous posiez des questions sur cette installation. Pour lever vos interrogations, nous vous proposons de remplir une demande de rappel afin que nos partenaires experts puissent vous rappeler et vous donner par t\u00e9l\u00e9phone leurs avis respectifs sur la mise en place de votre monte escalier.<\/p>\n<\/div>\n<div style=\"text-align: justify;\">\n<p>Nos revendeurs partenaires peuvent \u00e9galement vous faire parvenir de la documentation sur les diff\u00e9rents mod\u00e8les de monte escalier qu&rsquo;ils commercialisent, directement par email : attention cependant, ils ne r\u00e9pondent qu&rsquo;aux demandes compl\u00e8tes avec adresse, t\u00e9l\u00e9phone et bien s\u00fbr email.<\/p>\n<\/div>\n<div style=\"text-align: justify;\">Vous pensez certainement que nous allons vous faire payer ces services&#8230;et bien non ! Tous nos services de mise en relation avec notre s\u00e9lection de vendeurs de monte escalier \u00e0 Cr\u00e9teil sont enti\u00e8rement gratuits et vous n&rsquo;\u00eates en aucun cas forc\u00e9 d&rsquo;acheter quoi que ce soit aupr\u00e8s des revendeurs que nous vous conseillons.<\/div>\n<p>&nbsp;<\/p>\n<\/div>\n<div class=\"titre_liens\">A voir aussi \u00e0 proximit\u00e9 de Cr\u00e9teil et dans tout le Val de Marne<\/div>\n<div class=\"boite_liens\"><a href=\"https:\/\/www.monteescalier.net\/france\/monte-escalier-vitry-sur-seine\">Monte escalier Vitry-sur-Seine<\/a><br \/>\n<a href=\"https:\/\/www.monteescalier.net\/france\/monte-escalier-saint-maur-des-fosses\">Monte escalier Saint-Maur-des-Foss\u00e9s<\/a><br \/>\n<a href=\"https:\/\/www.monteescalier.net\/france\/monte-escalier-champigny-sur-marne\">Monte escalier Champigny-sur-Marne<\/a><br \/>\n<a href=\"https:\/\/www.monteescalier.net\/france\/monte-escalier-ivry-sur-seine\">Monte escalier Ivry-sur-Seine<\/a><br \/>\n<a href=\"https:\/\/www.monteescalier.net\/france\/monte-escalier-villejuif\">Monte escalier Villejuif<\/a><\/div>\n<div class=\"boite_liens\"><\/div>\n<div class=\"boite_liens\">Fiche \u00e0 jour le 24\/09\/2018<\/div>\n","protected":false},"excerpt":{"rendered":"<p>Choisir un installateur parmi les vendeurs de monte escalier \u00e0 Cr\u00e9teil Vous voulez faire \u00e9quiper votre maison\u00a0d&rsquo;un monte escalier \u00e0 Cr\u00e9teil, c&rsquo;est \u00e0 coup s\u00fbr un bon investissement qui vous prot\u00e9gera contre les chutes dans les escaliers et vous permettra d&rsquo;y rester le plus longtemps possible. Reste \u00e0 trouver quelqu&rsquo;un pour vous l&rsquo;installer. Oubliez votre [&hellip;]<\/p>\n","protected":false},"author":1,"featured_media":0,"parent":0,"menu_order":0,"comment_status":"closed","ping_status":"closed","template":"template_ville_20.php","meta":{"_monsterinsights_skip_tracking":false,"_monsterinsights_sitenote_active":false,"_monsterinsights_sitenote_note":"","_monsterinsights_sitenote_category":0,"footnotes":""},"class_list":["post-957","page","type-page","status-publish","hentry"],"yoast_head":"<!-- This site is optimized with the Yoast SEO plugin v26.3 - https:\/\/yoast.com\/wordpress\/plugins\/seo\/ -->\n<title>Monte escalier Cr\u00e9teil - Monte escalier<\/title>\n<meta name=\"description\" content=\"D\u00e8s lors que vous \u00e9prouvez des ennuis pour prendre les escaliers, songez \u00e0 la pose d&#039;un monte-escalier \u00e9lectrique \u00e0 Cr\u00e9teil\" \/>\n<meta name=\"robots\" content=\"index, follow, max-snippet:-1, max-image-preview:large, max-video-preview:-1\" \/>\n<link rel=\"canonical\" href=\"https:\/\/www.monteescalier.net\/france\/monte-escalier-creteil\/\" \/>\n<meta property=\"og:locale\" content=\"fr_FR\" \/>\n<meta property=\"og:type\" content=\"article\" \/>\n<meta property=\"og:title\" content=\"Monte escalier Cr\u00e9teil - Monte escalier\" \/>\n<meta property=\"og:description\" content=\"D\u00e8s lors que vous \u00e9prouvez des ennuis pour prendre les escaliers, songez \u00e0 la pose d&#039;un monte-escalier \u00e9lectrique \u00e0 Cr\u00e9teil\" \/>\n<meta property=\"og:url\" content=\"https:\/\/www.monteescalier.net\/france\/monte-escalier-creteil\/\" \/>\n<meta property=\"og:site_name\" content=\"Monte escalier\" \/>\n<meta property=\"article:modified_time\" content=\"2024-11-29T12:41:38+00:00\" \/>\n<meta name=\"twitter:card\" content=\"summary_large_image\" \/>\n<meta name=\"twitter:label1\" content=\"Dur\u00e9e de lecture estim\u00e9e\" \/>\n\t<meta name=\"twitter:data1\" content=\"3 minutes\" \/>\n<script type=\"application\/ld+json\" class=\"yoast-schema-graph\">{\"@context\":\"https:\/\/schema.org\",\"@graph\":[{\"@type\":\"WebPage\",\"@id\":\"https:\/\/www.monteescalier.net\/france\/monte-escalier-creteil\/\",\"url\":\"https:\/\/www.monteescalier.net\/france\/monte-escalier-creteil\/\",\"name\":\"Monte escalier Cr\u00e9teil - Monte escalier\",\"isPartOf\":{\"@id\":\"https:\/\/www.monteescalier.net\/france\/#website\"},\"datePublished\":\"2021-09-24T09:47:11+00:00\",\"dateModified\":\"2024-11-29T12:41:38+00:00\",\"description\":\"D\u00e8s lors que vous \u00e9prouvez des ennuis pour prendre les escaliers, songez \u00e0 la pose d'un monte-escalier \u00e9lectrique \u00e0 Cr\u00e9teil\",\"breadcrumb\":{\"@id\":\"https:\/\/www.monteescalier.net\/france\/monte-escalier-creteil\/#breadcrumb\"},\"inLanguage\":\"fr-FR\",\"potentialAction\":[{\"@type\":\"ReadAction\",\"target\":[\"https:\/\/www.monteescalier.net\/france\/monte-escalier-creteil\/\"]}]},{\"@type\":\"BreadcrumbList\",\"@id\":\"https:\/\/www.monteescalier.net\/france\/monte-escalier-creteil\/#breadcrumb\",\"itemListElement\":[{\"@type\":\"ListItem\",\"position\":1,\"name\":\"Accueil\",\"item\":\"https:\/\/www.monteescalier.net\/france\/\"},{\"@type\":\"ListItem\",\"position\":2,\"name\":\"Monte escalier Cr\u00e9teil\"}]},{\"@type\":\"WebSite\",\"@id\":\"https:\/\/www.monteescalier.net\/france\/#website\",\"url\":\"https:\/\/www.monteescalier.net\/france\/\",\"name\":\"Monte escalier\",\"description\":\"\",\"publisher\":{\"@id\":\"https:\/\/www.monteescalier.net\/france\/#organization\"},\"potentialAction\":[{\"@type\":\"SearchAction\",\"target\":{\"@type\":\"EntryPoint\",\"urlTemplate\":\"https:\/\/www.monteescalier.net\/france\/?s={search_term_string}\"},\"query-input\":{\"@type\":\"PropertyValueSpecification\",\"valueRequired\":true,\"valueName\":\"search_term_string\"}}],\"inLanguage\":\"fr-FR\"},{\"@type\":\"Organization\",\"@id\":\"https:\/\/www.monteescalier.net\/france\/#organization\",\"name\":\"monte-escalier.net\",\"url\":\"https:\/\/www.monteescalier.net\/france\/\",\"logo\":{\"@type\":\"ImageObject\",\"inLanguage\":\"fr-FR\",\"@id\":\"https:\/\/www.monteescalier.net\/france\/#\/schema\/logo\/image\/\",\"url\":\"https:\/\/www.monteescalier.net\/france\/wp-content\/uploads\/2016\/10\/4devis-mont-escalier-500-500.gif\",\"contentUrl\":\"https:\/\/www.monteescalier.net\/france\/wp-content\/uploads\/2016\/10\/4devis-mont-escalier-500-500.gif\",\"width\":500,\"height\":500,\"caption\":\"monte-escalier.net\"},\"image\":{\"@id\":\"https:\/\/www.monteescalier.net\/france\/#\/schema\/logo\/image\/\"}}]}<\/script>\n<!-- \/ Yoast SEO plugin. -->","yoast_head_json":{"title":"Monte escalier Cr\u00e9teil - Monte escalier","description":"D\u00e8s lors que vous \u00e9prouvez des ennuis pour prendre les escaliers, songez \u00e0 la pose d'un monte-escalier \u00e9lectrique \u00e0 Cr\u00e9teil","robots":{"index":"index","follow":"follow","max-snippet":"max-snippet:-1","max-image-preview":"max-image-preview:large","max-video-preview":"max-video-preview:-1"},"canonical":"https:\/\/www.monteescalier.net\/france\/monte-escalier-creteil\/","og_locale":"fr_FR","og_type":"article","og_title":"Monte escalier Cr\u00e9teil - Monte escalier","og_description":"D\u00e8s lors que vous \u00e9prouvez des ennuis pour prendre les escaliers, songez \u00e0 la pose d'un monte-escalier \u00e9lectrique \u00e0 Cr\u00e9teil","og_url":"https:\/\/www.monteescalier.net\/france\/monte-escalier-creteil\/","og_site_name":"Monte escalier","article_modified_time":"2024-11-29T12:41:38+00:00","twitter_card":"summary_large_image","twitter_misc":{"Dur\u00e9e de lecture estim\u00e9e":"3 minutes"},"schema":{"@context":"https:\/\/schema.org","@graph":[{"@type":"WebPage","@id":"https:\/\/www.monteescalier.net\/france\/monte-escalier-creteil\/","url":"https:\/\/www.monteescalier.net\/france\/monte-escalier-creteil\/","name":"Monte escalier Cr\u00e9teil - Monte escalier","isPartOf":{"@id":"https:\/\/www.monteescalier.net\/france\/#website"},"datePublished":"2021-09-24T09:47:11+00:00","dateModified":"2024-11-29T12:41:38+00:00","description":"D\u00e8s lors que vous \u00e9prouvez des ennuis pour prendre les escaliers, songez \u00e0 la pose d'un monte-escalier \u00e9lectrique \u00e0 Cr\u00e9teil","breadcrumb":{"@id":"https:\/\/www.monteescalier.net\/france\/monte-escalier-creteil\/#breadcrumb"},"inLanguage":"fr-FR","potentialAction":[{"@type":"ReadAction","target":["https:\/\/www.monteescalier.net\/france\/monte-escalier-creteil\/"]}]},{"@type":"BreadcrumbList","@id":"https:\/\/www.monteescalier.net\/france\/monte-escalier-creteil\/#breadcrumb","itemListElement":[{"@type":"ListItem","position":1,"name":"Accueil","item":"https:\/\/www.monteescalier.net\/france\/"},{"@type":"ListItem","position":2,"name":"Monte escalier Cr\u00e9teil"}]},{"@type":"WebSite","@id":"https:\/\/www.monteescalier.net\/france\/#website","url":"https:\/\/www.monteescalier.net\/france\/","name":"Monte escalier","description":"","publisher":{"@id":"https:\/\/www.monteescalier.net\/france\/#organization"},"potentialAction":[{"@type":"SearchAction","target":{"@type":"EntryPoint","urlTemplate":"https:\/\/www.monteescalier.net\/france\/?s={search_term_string}"},"query-input":{"@type":"PropertyValueSpecification","valueRequired":true,"valueName":"search_term_string"}}],"inLanguage":"fr-FR"},{"@type":"Organization","@id":"https:\/\/www.monteescalier.net\/france\/#organization","name":"monte-escalier.net","url":"https:\/\/www.monteescalier.net\/france\/","logo":{"@type":"ImageObject","inLanguage":"fr-FR","@id":"https:\/\/www.monteescalier.net\/france\/#\/schema\/logo\/image\/","url":"https:\/\/www.monteescalier.net\/france\/wp-content\/uploads\/2016\/10\/4devis-mont-escalier-500-500.gif","contentUrl":"https:\/\/www.monteescalier.net\/france\/wp-content\/uploads\/2016\/10\/4devis-mont-escalier-500-500.gif","width":500,"height":500,"caption":"monte-escalier.net"},"image":{"@id":"https:\/\/www.monteescalier.net\/france\/#\/schema\/logo\/image\/"}}]}},"_links":{"self":[{"href":"https:\/\/www.monteescalier.net\/france\/wp-json\/wp\/v2\/pages\/957","targetHints":{"allow":["GET"]}}],"collection":[{"href":"https:\/\/www.monteescalier.net\/france\/wp-json\/wp\/v2\/pages"}],"about":[{"href":"https:\/\/www.monteescalier.net\/france\/wp-json\/wp\/v2\/types\/page"}],"author":[{"embeddable":true,"href":"https:\/\/www.monteescalier.net\/france\/wp-json\/wp\/v2\/users\/1"}],"replies":[{"embeddable":true,"href":"https:\/\/www.monteescalier.net\/france\/wp-json\/wp\/v2\/comments?post=957"}],"version-history":[{"count":8,"href":"https:\/\/www.monteescalier.net\/france\/wp-json\/wp\/v2\/pages\/957\/revisions"}],"predecessor-version":[{"id":9301,"href":"https:\/\/www.monteescalier.net\/france\/wp-json\/wp\/v2\/pages\/957\/revisions\/9301"}],"wp:attachment":[{"href":"https:\/\/www.monteescalier.net\/france\/wp-json\/wp\/v2\/media?parent=957"}],"curies":[{"name":"wp","href":"https:\/\/api.w.org\/{rel}","templated":true}]}}