{"id":960,"date":"2021-09-24T10:47:11","date_gmt":"2021-09-24T09:47:11","guid":{"rendered":"https:\/\/www.monteescalier.net\/france\/?page_id=960"},"modified":"2021-11-09T16:07:01","modified_gmt":"2021-11-09T15:07:01","slug":"monte-escalier-vitry-sur-seine","status":"publish","type":"page","link":"https:\/\/www.monteescalier.net\/france\/monte-escalier-vitry-sur-seine\/","title":{"rendered":"Monte escalier Vitry-sur-Seine"},"content":{"rendered":"<h1>4 Devis de monte escalier \u00e0 Vitry-sur-Seine<\/h1>\n<div class=\"boite_texte\">\n<div style=\"text-align: justify;\">Vous aimerez faire poser dans votre maison un monte escalier \u00e0 Vitry-sur-Seine,\u00a0vous \u00eates au bon endroit : nous ne sommes pas installateurs mais nous allons vous aider \u00e0 trouver votre installateur de monte escalier : en vous permettant de trouver \u00e0 la fois le meilleur prix, mais aussi les meilleurs services.<\/div>\n<h2>\u00a0Qui sommes nous?<\/h2>\n<div style=\"text-align: justify;\">Monteescalier.net est un portail mettant en contact les acheteurs potentiels de monte escalier et les vendeurs de monte escalier. Passer par notre site est en cons\u00e9quence l&rsquo;assurance de pouvoir \u00eatre mis en relation avec les principaux vendeurs de monte escalier de Vitry-sur-Seine.<\/div>\n<h2>\u00a0<strong>Nos services monte escalier<\/strong><\/h2>\n<div style=\"text-align: justify;\">Le premier service que nous vous proposons gratuitement est la demande de devis gratuit. Et ce n&rsquo;est pas un devis que vous recevrez en remplissant un formulaire sur notre site mais 4 ou 5 propositions fermes \u00e9manant de professionnels du monte escalier de Vitry-sur-Seine et de toute la r\u00e9gion parisienne.<\/div>\n<div>Avant de passer commande d&rsquo;un monte escalier, vous devriez prendre plusieurs avis d&rsquo;experts . Dans ce cas, utilisez notre demande de rappel est la solution id\u00e9ale : elle vous permettra de discuter concr\u00e8tement de votre projet monte escalier avec des experts du monte escalier que nous avons s\u00e9lectionn\u00e9 pour leur grande comp\u00e9tence et la qualit\u00e9 de leur service client.<\/div>\n<p>&nbsp;<\/p>\n<div style=\"text-align: justify;\">Pour vous familiariser avec les mod\u00e8les de monte escalier n&rsquo;h\u00e9sitez pas \u00e0 faire une demande de documentation, via notre formulaire de de demande de documentation, vous recevrez ainsi par la poste ou par courrier \u00e9lectronique des renseignements pr\u00e9cis sur les diff\u00e9rents mod\u00e8les de monte escalier vendus par les diff\u00e9rents installateurs avec lesquels vous allez \u00eatre mis en contact. Sachez qu&rsquo;il existe plusieurs marques et donc de nombreux mod\u00e8les de monte escalier. Le mieux avant de prendre une d\u00e9cision d\u00e9finitive est de bien se renseigner sur les diff\u00e9rences qui peuvent exister entre les diff\u00e9rents fauteuils monte escalier.<\/div>\n<h2 style=\"text-align: justify;\">Les engagements monteescalier.net<\/h2>\n<div style=\"text-align: justify;\">Avec monteescalier.net, pas de mauvaise surprise en vue : nous ne facturons absolument rien et vous ne prenez aucun engagement en faisant une demande sur notre site: les devis, documentation et rappel sont gratuits ! Tous nos partenaires vendeurs de monte escalier sur Vitry-sur-Seine s&rsquo;y engagent. Testez-nous, vous ne le regretterez pas que vous soyez habitants de Vitry sur Seine, d&rsquo;Ivry, Charenton ou encore Maisons Alfort, remplissez simplement le formulaire en haut de cette page et attendez les appels.<\/div>\n<\/div>\n<p>&nbsp;<\/p>\n<div class=\"titre_liens\">A consulter aussi dans le secteur de Vitry sur Seine<\/div>\n<div class=\"boite_liens\"><a href=\"https:\/\/www.monteescalier.net\/france\/monte-escalier-saint-maur-des-fosses\">Monte escalier Saint-Maur-des-Foss\u00e9s<\/a><br \/>\n<a href=\"https:\/\/www.monteescalier.net\/france\/monte-escalier-champigny-sur-marne\">Monte escalier Champigny-sur-Marne<\/a><br \/>\n<a href=\"https:\/\/www.monteescalier.net\/france\/monte-escalier-ivry-sur-seine\">Monte escalier Ivry-sur-Seine<\/a><br \/>\n<a href=\"https:\/\/www.monteescalier.net\/france\/monte-escalier-villejuif\">Monte escalier Villejuif<\/a><br \/>\n<a href=\"https:\/\/www.monteescalier.net\/france\/monte-escalier-maisons-alfort\">Monte escalier Maisons-Alfort<\/a><\/div>\n<div>MAJ: 24\/09\/18<\/div>\n","protected":false},"excerpt":{"rendered":"<p>4 Devis de monte escalier \u00e0 Vitry-sur-Seine Vous aimerez faire poser dans votre maison un monte escalier \u00e0 Vitry-sur-Seine,\u00a0vous \u00eates au bon endroit : nous ne sommes pas installateurs mais nous allons vous aider \u00e0 trouver votre installateur de monte escalier : en vous permettant de trouver \u00e0 la fois le meilleur prix, mais aussi [&hellip;]<\/p>\n","protected":false},"author":1,"featured_media":0,"parent":0,"menu_order":0,"comment_status":"closed","ping_status":"closed","template":"template_ville_12.php","meta":{"_monsterinsights_skip_tracking":false,"_monsterinsights_sitenote_active":false,"_monsterinsights_sitenote_note":"","_monsterinsights_sitenote_category":0,"footnotes":""},"class_list":["post-960","page","type-page","status-publish","hentry"],"yoast_head":"<!-- This site is optimized with the Yoast SEO plugin v26.3 - https:\/\/yoast.com\/wordpress\/plugins\/seo\/ -->\n<title>Monte escalier Vitry-sur-Seine - Monte escalier<\/title>\n<meta name=\"description\" content=\"A Vitry-sur-Seine, un monte-escalier est l&#039;outil capital pour les personnes qui s&#039;\u00e9puisent \u00e0 monter des escaliers.\" \/>\n<meta name=\"robots\" content=\"index, follow, max-snippet:-1, max-image-preview:large, max-video-preview:-1\" \/>\n<link rel=\"canonical\" href=\"https:\/\/www.monteescalier.net\/france\/monte-escalier-vitry-sur-seine\/\" \/>\n<meta property=\"og:locale\" content=\"fr_FR\" \/>\n<meta property=\"og:type\" content=\"article\" \/>\n<meta property=\"og:title\" content=\"Monte escalier Vitry-sur-Seine - Monte escalier\" \/>\n<meta property=\"og:description\" content=\"A Vitry-sur-Seine, un monte-escalier est l&#039;outil capital pour les personnes qui s&#039;\u00e9puisent \u00e0 monter des escaliers.\" \/>\n<meta property=\"og:url\" content=\"https:\/\/www.monteescalier.net\/france\/monte-escalier-vitry-sur-seine\/\" \/>\n<meta property=\"og:site_name\" content=\"Monte escalier\" \/>\n<meta property=\"article:modified_time\" content=\"2021-11-09T15:07:01+00:00\" \/>\n<meta name=\"twitter:card\" content=\"summary_large_image\" \/>\n<meta name=\"twitter:label1\" content=\"Dur\u00e9e de lecture estim\u00e9e\" \/>\n\t<meta name=\"twitter:data1\" content=\"2 minutes\" \/>\n<script type=\"application\/ld+json\" class=\"yoast-schema-graph\">{\"@context\":\"https:\/\/schema.org\",\"@graph\":[{\"@type\":\"WebPage\",\"@id\":\"https:\/\/www.monteescalier.net\/france\/monte-escalier-vitry-sur-seine\/\",\"url\":\"https:\/\/www.monteescalier.net\/france\/monte-escalier-vitry-sur-seine\/\",\"name\":\"Monte escalier Vitry-sur-Seine - Monte escalier\",\"isPartOf\":{\"@id\":\"https:\/\/www.monteescalier.net\/france\/#website\"},\"datePublished\":\"2021-09-24T09:47:11+00:00\",\"dateModified\":\"2021-11-09T15:07:01+00:00\",\"description\":\"A Vitry-sur-Seine, un monte-escalier est l'outil capital pour les personnes qui s'\u00e9puisent \u00e0 monter des escaliers.\",\"breadcrumb\":{\"@id\":\"https:\/\/www.monteescalier.net\/france\/monte-escalier-vitry-sur-seine\/#breadcrumb\"},\"inLanguage\":\"fr-FR\",\"potentialAction\":[{\"@type\":\"ReadAction\",\"target\":[\"https:\/\/www.monteescalier.net\/france\/monte-escalier-vitry-sur-seine\/\"]}]},{\"@type\":\"BreadcrumbList\",\"@id\":\"https:\/\/www.monteescalier.net\/france\/monte-escalier-vitry-sur-seine\/#breadcrumb\",\"itemListElement\":[{\"@type\":\"ListItem\",\"position\":1,\"name\":\"Accueil\",\"item\":\"https:\/\/www.monteescalier.net\/france\/\"},{\"@type\":\"ListItem\",\"position\":2,\"name\":\"Monte escalier Vitry-sur-Seine\"}]},{\"@type\":\"WebSite\",\"@id\":\"https:\/\/www.monteescalier.net\/france\/#website\",\"url\":\"https:\/\/www.monteescalier.net\/france\/\",\"name\":\"Monte escalier\",\"description\":\"\",\"publisher\":{\"@id\":\"https:\/\/www.monteescalier.net\/france\/#organization\"},\"potentialAction\":[{\"@type\":\"SearchAction\",\"target\":{\"@type\":\"EntryPoint\",\"urlTemplate\":\"https:\/\/www.monteescalier.net\/france\/?s={search_term_string}\"},\"query-input\":{\"@type\":\"PropertyValueSpecification\",\"valueRequired\":true,\"valueName\":\"search_term_string\"}}],\"inLanguage\":\"fr-FR\"},{\"@type\":\"Organization\",\"@id\":\"https:\/\/www.monteescalier.net\/france\/#organization\",\"name\":\"monte-escalier.net\",\"url\":\"https:\/\/www.monteescalier.net\/france\/\",\"logo\":{\"@type\":\"ImageObject\",\"inLanguage\":\"fr-FR\",\"@id\":\"https:\/\/www.monteescalier.net\/france\/#\/schema\/logo\/image\/\",\"url\":\"https:\/\/www.monteescalier.net\/france\/wp-content\/uploads\/2016\/10\/4devis-mont-escalier-500-500.gif\",\"contentUrl\":\"https:\/\/www.monteescalier.net\/france\/wp-content\/uploads\/2016\/10\/4devis-mont-escalier-500-500.gif\",\"width\":500,\"height\":500,\"caption\":\"monte-escalier.net\"},\"image\":{\"@id\":\"https:\/\/www.monteescalier.net\/france\/#\/schema\/logo\/image\/\"}}]}<\/script>\n<!-- \/ Yoast SEO plugin. -->","yoast_head_json":{"title":"Monte escalier Vitry-sur-Seine - Monte escalier","description":"A Vitry-sur-Seine, un monte-escalier est l'outil capital pour les personnes qui s'\u00e9puisent \u00e0 monter des escaliers.","robots":{"index":"index","follow":"follow","max-snippet":"max-snippet:-1","max-image-preview":"max-image-preview:large","max-video-preview":"max-video-preview:-1"},"canonical":"https:\/\/www.monteescalier.net\/france\/monte-escalier-vitry-sur-seine\/","og_locale":"fr_FR","og_type":"article","og_title":"Monte escalier Vitry-sur-Seine - Monte escalier","og_description":"A Vitry-sur-Seine, un monte-escalier est l'outil capital pour les personnes qui s'\u00e9puisent \u00e0 monter des escaliers.","og_url":"https:\/\/www.monteescalier.net\/france\/monte-escalier-vitry-sur-seine\/","og_site_name":"Monte escalier","article_modified_time":"2021-11-09T15:07:01+00:00","twitter_card":"summary_large_image","twitter_misc":{"Dur\u00e9e de lecture estim\u00e9e":"2 minutes"},"schema":{"@context":"https:\/\/schema.org","@graph":[{"@type":"WebPage","@id":"https:\/\/www.monteescalier.net\/france\/monte-escalier-vitry-sur-seine\/","url":"https:\/\/www.monteescalier.net\/france\/monte-escalier-vitry-sur-seine\/","name":"Monte escalier Vitry-sur-Seine - Monte escalier","isPartOf":{"@id":"https:\/\/www.monteescalier.net\/france\/#website"},"datePublished":"2021-09-24T09:47:11+00:00","dateModified":"2021-11-09T15:07:01+00:00","description":"A Vitry-sur-Seine, un monte-escalier est l'outil capital pour les personnes qui s'\u00e9puisent \u00e0 monter des escaliers.","breadcrumb":{"@id":"https:\/\/www.monteescalier.net\/france\/monte-escalier-vitry-sur-seine\/#breadcrumb"},"inLanguage":"fr-FR","potentialAction":[{"@type":"ReadAction","target":["https:\/\/www.monteescalier.net\/france\/monte-escalier-vitry-sur-seine\/"]}]},{"@type":"BreadcrumbList","@id":"https:\/\/www.monteescalier.net\/france\/monte-escalier-vitry-sur-seine\/#breadcrumb","itemListElement":[{"@type":"ListItem","position":1,"name":"Accueil","item":"https:\/\/www.monteescalier.net\/france\/"},{"@type":"ListItem","position":2,"name":"Monte escalier Vitry-sur-Seine"}]},{"@type":"WebSite","@id":"https:\/\/www.monteescalier.net\/france\/#website","url":"https:\/\/www.monteescalier.net\/france\/","name":"Monte escalier","description":"","publisher":{"@id":"https:\/\/www.monteescalier.net\/france\/#organization"},"potentialAction":[{"@type":"SearchAction","target":{"@type":"EntryPoint","urlTemplate":"https:\/\/www.monteescalier.net\/france\/?s={search_term_string}"},"query-input":{"@type":"PropertyValueSpecification","valueRequired":true,"valueName":"search_term_string"}}],"inLanguage":"fr-FR"},{"@type":"Organization","@id":"https:\/\/www.monteescalier.net\/france\/#organization","name":"monte-escalier.net","url":"https:\/\/www.monteescalier.net\/france\/","logo":{"@type":"ImageObject","inLanguage":"fr-FR","@id":"https:\/\/www.monteescalier.net\/france\/#\/schema\/logo\/image\/","url":"https:\/\/www.monteescalier.net\/france\/wp-content\/uploads\/2016\/10\/4devis-mont-escalier-500-500.gif","contentUrl":"https:\/\/www.monteescalier.net\/france\/wp-content\/uploads\/2016\/10\/4devis-mont-escalier-500-500.gif","width":500,"height":500,"caption":"monte-escalier.net"},"image":{"@id":"https:\/\/www.monteescalier.net\/france\/#\/schema\/logo\/image\/"}}]}},"_links":{"self":[{"href":"https:\/\/www.monteescalier.net\/france\/wp-json\/wp\/v2\/pages\/960","targetHints":{"allow":["GET"]}}],"collection":[{"href":"https:\/\/www.monteescalier.net\/france\/wp-json\/wp\/v2\/pages"}],"about":[{"href":"https:\/\/www.monteescalier.net\/france\/wp-json\/wp\/v2\/types\/page"}],"author":[{"embeddable":true,"href":"https:\/\/www.monteescalier.net\/france\/wp-json\/wp\/v2\/users\/1"}],"replies":[{"embeddable":true,"href":"https:\/\/www.monteescalier.net\/france\/wp-json\/wp\/v2\/comments?post=960"}],"version-history":[{"count":6,"href":"https:\/\/www.monteescalier.net\/france\/wp-json\/wp\/v2\/pages\/960\/revisions"}],"predecessor-version":[{"id":8121,"href":"https:\/\/www.monteescalier.net\/france\/wp-json\/wp\/v2\/pages\/960\/revisions\/8121"}],"wp:attachment":[{"href":"https:\/\/www.monteescalier.net\/france\/wp-json\/wp\/v2\/media?parent=960"}],"curies":[{"name":"wp","href":"https:\/\/api.w.org\/{rel}","templated":true}]}}