{"id":962,"date":"2021-09-24T10:47:11","date_gmt":"2021-09-24T09:47:11","guid":{"rendered":"https:\/\/www.monteescalier.net\/france\/?page_id=962"},"modified":"2021-11-09T17:01:58","modified_gmt":"2021-11-09T16:01:58","slug":"monte-escalier-colombes","status":"publish","type":"page","link":"https:\/\/www.monteescalier.net\/france\/monte-escalier-colombes\/","title":{"rendered":"Monte escalier Colombes"},"content":{"rendered":"<h1>Votre <a href=\"https:\/\/www.monteescalier.net\">Monte escalier<\/a> \u00e0 Colombes<\/h1>\n<div class=\"boite_texte\">\n<div style=\"text-align: justify;\">\n<p>Vous voulez vous \u00e9quiper\u00a0d&rsquo;un monte escalier \u00e0 Colombes, gr\u00e2ce \u00e0 monteescalier.net, nous allons vous expliquer comment obtenir au moins 4 devis gratuits en ne renseignant qu&rsquo;une seule demande en renseignant simplement le formulaire ci dessus.<\/p>\n<\/div>\n<div style=\"text-align: justify;\">Nous sommes un \u00a0portail de mis en relation permettant de vous mettre en relation avec \u00a0les vendeurs de monte escalier les plus s\u00e9rieux de la\u00a0 r\u00e9gion parisienne. Passer par notre site, ne vous mettra pas en contact avec tous (ils sont trop nombreux et par forc\u00e9ment tous tr\u00e8s comp\u00e9titifs. C&rsquo;est pourquoi nous avons fait une s\u00e9lection dont nous aimerions vous faire profiter.<\/div>\n<h3><em>1 demande = 5 devis de monte escalier<\/em><\/h3>\n<div style=\"text-align: justify;\">Le premier service que nous vous proposons donc \u00a0gratuitement est la demande de devis gratuit. Et ce n&rsquo;est pas un devis que vous recevrez en remplissant un formulaire sur notre site mais 4 ou 5 propositions fermes \u00e9manant de professionnels du monte escalier de Colombes.<\/div>\n<p>&nbsp;<\/p>\n<div style=\"text-align: justify;\">Votre escalier\u00a0peut-il accueillir un monte escalier? Votre escalier est il assez large? Vous faut il un monte escalier droit ou un monte escalier tournant? un monorail, un double rail? Quelle marque, quel fauteuil choisir? Pour obtenir diff\u00e9rents avis sur ces questions, utilisez notre <a href=\"https:\/\/www.monteescalier.net\/demande-de-rappel.php\">fomulaire de rappel<\/a>. Nos professionnels partenaires du monte escalier vous recontacteront tr\u00e8s vite !<\/div>\n<p>&nbsp;<\/p>\n<div style=\"text-align: justify;\">\n<p>Consulter des brochures de pr\u00e9sentation produits peut vous aider \u00e0 faire une s\u00e9lection parmi les mod\u00e8les de monte escalier. Nos partenaires peuvent mettre \u00e0 votre disposition des brochures au format \u00e9lectronique (PDF). Le formulaire de demande de documentation sur ce site vous permettra d&rsquo;acc\u00e9der gratuitement \u00e0 ce service. Attention cependant les prestataires n&rsquo;honorent que les demandes compl\u00e8tes avec nom, adresse, email et t\u00e9l\u00e9phone. Par contre, en ce qui nous concerne nous vous garantisson que nous n&rsquo;utiliserons pas vos donn\u00e9es pour un autre projet que votre devis de monte escalier.<\/p>\n<\/div>\n<div style=\"text-align: justify;\">Ne faites plus la chasse aux prestataires, laissez notre service de mise en relation pr\u00e9parer le terrain pour vous. C&rsquo;est int\u00e9gralement gratuit et cela vous permettra d&rsquo;\u00eatre mis tr\u00e8s rapidement en relation avec notre liste de professionnels du monte escalier de Colombes et sa r\u00e9gion, sans efforts, ni contraintes&#8230; difficile de vous proposer mieux non?<\/div>\n<\/div>\n<p>&nbsp;<\/p>\n<div class=\"titre_liens\">D\u00e9couvrez aussi nos offres monte escalier \u00e0 proximit\u00e9 de Colombes (92)<\/div>\n<p>&nbsp;<\/p>\n<div class=\"boite_liens\"><a href=\"https:\/\/www.monteescalier.net\/france\/monte-escalier-asnieres-sur-seine\">Monte escalier Asni\u00e8res-sur-Seine<\/a><br \/>\n<a href=\"https:\/\/www.monteescalier.net\/france\/monte-escalier-rueil-malmaison\">Monte escalier Rueil-Malmaison<\/a><br \/>\n<a href=\"https:\/\/www.monteescalier.net\/france\/monte-escalier-issy-les-moulineaux\">Monte escalier Issy-les-Moulineaux<\/a><br \/>\n<a href=\"https:\/\/www.monteescalier.net\/france\/monte-escalier-levallois-perret\">Monte escalier Levallois-Perret<\/a><br \/>\n<a href=\"https:\/\/www.monteescalier.net\/france\/monte-escalier-antony\">Monte escalier Antony<\/a><\/div>\n<div>MAJ: 24\/09\/18<\/div>\n","protected":false},"excerpt":{"rendered":"<p>Votre Monte escalier \u00e0 Colombes Vous voulez vous \u00e9quiper\u00a0d&rsquo;un monte escalier \u00e0 Colombes, gr\u00e2ce \u00e0 monteescalier.net, nous allons vous expliquer comment obtenir au moins 4 devis gratuits en ne renseignant qu&rsquo;une seule demande en renseignant simplement le formulaire ci dessus. Nous sommes un \u00a0portail de mis en relation permettant de vous mettre en relation avec [&hellip;]<\/p>\n","protected":false},"author":1,"featured_media":0,"parent":0,"menu_order":0,"comment_status":"closed","ping_status":"open","template":"template_ville_1.php","meta":{"_monsterinsights_skip_tracking":false,"_monsterinsights_sitenote_active":false,"_monsterinsights_sitenote_note":"","_monsterinsights_sitenote_category":0,"footnotes":""},"class_list":["post-962","page","type-page","status-publish","hentry"],"yoast_head":"<!-- This site is optimized with the Yoast SEO plugin v26.3 - https:\/\/yoast.com\/wordpress\/plugins\/seo\/ -->\n<title>Monte escalier Colombes - Monte escalier<\/title>\n<meta name=\"description\" content=\"Trouvez votre monte-escaliers a Colombes gr\u00e2ce a nos partenaire installeurs disponible h24.\" \/>\n<meta name=\"robots\" content=\"index, follow, max-snippet:-1, max-image-preview:large, max-video-preview:-1\" \/>\n<link rel=\"canonical\" href=\"https:\/\/www.monteescalier.net\/france\/monte-escalier-colombes\/\" \/>\n<meta property=\"og:locale\" content=\"fr_FR\" \/>\n<meta property=\"og:type\" content=\"article\" \/>\n<meta property=\"og:title\" content=\"Monte escalier Colombes - Monte escalier\" \/>\n<meta property=\"og:description\" content=\"Trouvez votre monte-escaliers a Colombes gr\u00e2ce a nos partenaire installeurs disponible h24.\" \/>\n<meta property=\"og:url\" content=\"https:\/\/www.monteescalier.net\/france\/monte-escalier-colombes\/\" \/>\n<meta property=\"og:site_name\" content=\"Monte escalier\" \/>\n<meta property=\"article:modified_time\" content=\"2021-11-09T16:01:58+00:00\" \/>\n<meta name=\"twitter:card\" content=\"summary_large_image\" \/>\n<meta name=\"twitter:label1\" content=\"Dur\u00e9e de lecture estim\u00e9e\" \/>\n\t<meta name=\"twitter:data1\" content=\"2 minutes\" \/>\n<script type=\"application\/ld+json\" class=\"yoast-schema-graph\">{\"@context\":\"https:\/\/schema.org\",\"@graph\":[{\"@type\":\"WebPage\",\"@id\":\"https:\/\/www.monteescalier.net\/france\/monte-escalier-colombes\/\",\"url\":\"https:\/\/www.monteescalier.net\/france\/monte-escalier-colombes\/\",\"name\":\"Monte escalier Colombes - Monte escalier\",\"isPartOf\":{\"@id\":\"https:\/\/www.monteescalier.net\/france\/#website\"},\"datePublished\":\"2021-09-24T09:47:11+00:00\",\"dateModified\":\"2021-11-09T16:01:58+00:00\",\"description\":\"Trouvez votre monte-escaliers a Colombes gr\u00e2ce a nos partenaire installeurs disponible h24.\",\"breadcrumb\":{\"@id\":\"https:\/\/www.monteescalier.net\/france\/monte-escalier-colombes\/#breadcrumb\"},\"inLanguage\":\"fr-FR\",\"potentialAction\":[{\"@type\":\"ReadAction\",\"target\":[\"https:\/\/www.monteescalier.net\/france\/monte-escalier-colombes\/\"]}]},{\"@type\":\"BreadcrumbList\",\"@id\":\"https:\/\/www.monteescalier.net\/france\/monte-escalier-colombes\/#breadcrumb\",\"itemListElement\":[{\"@type\":\"ListItem\",\"position\":1,\"name\":\"Accueil\",\"item\":\"https:\/\/www.monteescalier.net\/france\/\"},{\"@type\":\"ListItem\",\"position\":2,\"name\":\"Monte escalier Colombes\"}]},{\"@type\":\"WebSite\",\"@id\":\"https:\/\/www.monteescalier.net\/france\/#website\",\"url\":\"https:\/\/www.monteescalier.net\/france\/\",\"name\":\"Monte escalier\",\"description\":\"\",\"publisher\":{\"@id\":\"https:\/\/www.monteescalier.net\/france\/#organization\"},\"potentialAction\":[{\"@type\":\"SearchAction\",\"target\":{\"@type\":\"EntryPoint\",\"urlTemplate\":\"https:\/\/www.monteescalier.net\/france\/?s={search_term_string}\"},\"query-input\":{\"@type\":\"PropertyValueSpecification\",\"valueRequired\":true,\"valueName\":\"search_term_string\"}}],\"inLanguage\":\"fr-FR\"},{\"@type\":\"Organization\",\"@id\":\"https:\/\/www.monteescalier.net\/france\/#organization\",\"name\":\"monte-escalier.net\",\"url\":\"https:\/\/www.monteescalier.net\/france\/\",\"logo\":{\"@type\":\"ImageObject\",\"inLanguage\":\"fr-FR\",\"@id\":\"https:\/\/www.monteescalier.net\/france\/#\/schema\/logo\/image\/\",\"url\":\"https:\/\/www.monteescalier.net\/france\/wp-content\/uploads\/2016\/10\/4devis-mont-escalier-500-500.gif\",\"contentUrl\":\"https:\/\/www.monteescalier.net\/france\/wp-content\/uploads\/2016\/10\/4devis-mont-escalier-500-500.gif\",\"width\":500,\"height\":500,\"caption\":\"monte-escalier.net\"},\"image\":{\"@id\":\"https:\/\/www.monteescalier.net\/france\/#\/schema\/logo\/image\/\"}}]}<\/script>\n<!-- \/ Yoast SEO plugin. -->","yoast_head_json":{"title":"Monte escalier Colombes - Monte escalier","description":"Trouvez votre monte-escaliers a Colombes gr\u00e2ce a nos partenaire installeurs disponible h24.","robots":{"index":"index","follow":"follow","max-snippet":"max-snippet:-1","max-image-preview":"max-image-preview:large","max-video-preview":"max-video-preview:-1"},"canonical":"https:\/\/www.monteescalier.net\/france\/monte-escalier-colombes\/","og_locale":"fr_FR","og_type":"article","og_title":"Monte escalier Colombes - Monte escalier","og_description":"Trouvez votre monte-escaliers a Colombes gr\u00e2ce a nos partenaire installeurs disponible h24.","og_url":"https:\/\/www.monteescalier.net\/france\/monte-escalier-colombes\/","og_site_name":"Monte escalier","article_modified_time":"2021-11-09T16:01:58+00:00","twitter_card":"summary_large_image","twitter_misc":{"Dur\u00e9e de lecture estim\u00e9e":"2 minutes"},"schema":{"@context":"https:\/\/schema.org","@graph":[{"@type":"WebPage","@id":"https:\/\/www.monteescalier.net\/france\/monte-escalier-colombes\/","url":"https:\/\/www.monteescalier.net\/france\/monte-escalier-colombes\/","name":"Monte escalier Colombes - Monte escalier","isPartOf":{"@id":"https:\/\/www.monteescalier.net\/france\/#website"},"datePublished":"2021-09-24T09:47:11+00:00","dateModified":"2021-11-09T16:01:58+00:00","description":"Trouvez votre monte-escaliers a Colombes gr\u00e2ce a nos partenaire installeurs disponible h24.","breadcrumb":{"@id":"https:\/\/www.monteescalier.net\/france\/monte-escalier-colombes\/#breadcrumb"},"inLanguage":"fr-FR","potentialAction":[{"@type":"ReadAction","target":["https:\/\/www.monteescalier.net\/france\/monte-escalier-colombes\/"]}]},{"@type":"BreadcrumbList","@id":"https:\/\/www.monteescalier.net\/france\/monte-escalier-colombes\/#breadcrumb","itemListElement":[{"@type":"ListItem","position":1,"name":"Accueil","item":"https:\/\/www.monteescalier.net\/france\/"},{"@type":"ListItem","position":2,"name":"Monte escalier Colombes"}]},{"@type":"WebSite","@id":"https:\/\/www.monteescalier.net\/france\/#website","url":"https:\/\/www.monteescalier.net\/france\/","name":"Monte escalier","description":"","publisher":{"@id":"https:\/\/www.monteescalier.net\/france\/#organization"},"potentialAction":[{"@type":"SearchAction","target":{"@type":"EntryPoint","urlTemplate":"https:\/\/www.monteescalier.net\/france\/?s={search_term_string}"},"query-input":{"@type":"PropertyValueSpecification","valueRequired":true,"valueName":"search_term_string"}}],"inLanguage":"fr-FR"},{"@type":"Organization","@id":"https:\/\/www.monteescalier.net\/france\/#organization","name":"monte-escalier.net","url":"https:\/\/www.monteescalier.net\/france\/","logo":{"@type":"ImageObject","inLanguage":"fr-FR","@id":"https:\/\/www.monteescalier.net\/france\/#\/schema\/logo\/image\/","url":"https:\/\/www.monteescalier.net\/france\/wp-content\/uploads\/2016\/10\/4devis-mont-escalier-500-500.gif","contentUrl":"https:\/\/www.monteescalier.net\/france\/wp-content\/uploads\/2016\/10\/4devis-mont-escalier-500-500.gif","width":500,"height":500,"caption":"monte-escalier.net"},"image":{"@id":"https:\/\/www.monteescalier.net\/france\/#\/schema\/logo\/image\/"}}]}},"_links":{"self":[{"href":"https:\/\/www.monteescalier.net\/france\/wp-json\/wp\/v2\/pages\/962","targetHints":{"allow":["GET"]}}],"collection":[{"href":"https:\/\/www.monteescalier.net\/france\/wp-json\/wp\/v2\/pages"}],"about":[{"href":"https:\/\/www.monteescalier.net\/france\/wp-json\/wp\/v2\/types\/page"}],"author":[{"embeddable":true,"href":"https:\/\/www.monteescalier.net\/france\/wp-json\/wp\/v2\/users\/1"}],"replies":[{"embeddable":true,"href":"https:\/\/www.monteescalier.net\/france\/wp-json\/wp\/v2\/comments?post=962"}],"version-history":[{"count":5,"href":"https:\/\/www.monteescalier.net\/france\/wp-json\/wp\/v2\/pages\/962\/revisions"}],"predecessor-version":[{"id":8083,"href":"https:\/\/www.monteescalier.net\/france\/wp-json\/wp\/v2\/pages\/962\/revisions\/8083"}],"wp:attachment":[{"href":"https:\/\/www.monteescalier.net\/france\/wp-json\/wp\/v2\/media?parent=962"}],"curies":[{"name":"wp","href":"https:\/\/api.w.org\/{rel}","templated":true}]}}