{"id":968,"date":"2019-09-26T10:47:11","date_gmt":"2019-09-26T09:47:11","guid":{"rendered":"https:\/\/www.monteescalier.net\/france\/?page_id=968"},"modified":"2020-01-16T17:55:44","modified_gmt":"2020-01-16T16:55:44","slug":"monte-escalier-saint-maur-des-fosses","status":"publish","type":"page","link":"https:\/\/www.monteescalier.net\/france\/monte-escalier-saint-maur-des-fosses\/","title":{"rendered":"Monte escalier Saint-Maur-des-Foss\u00e9s"},"content":{"rendered":"<h1>Ou acheter\u00a0son monte escalier \u00e0 Saint-Maur-des-Foss\u00e9s<\/h1>\n<div class=\"boite_texte\">\n<div style=\"text-align: justify;\">Vous voulez faire installer\u00a0un monte escalier \u00e0 Saint-Maur-des-Foss\u00e9s, facile avec monteescalier.net ! vous allez recevoir plusieurs devis en ne faisant qu&rsquo;une seule demande. On s&rsquo;occupe de tout, et gratuitement en plus !<\/div>\n<p>&nbsp;<\/p>\n<div style=\"text-align: justify;\">Nous sommes\u00a0un portail mettant en relation les candidats \u00e0 l&rsquo;achat de monte escalier et les vendeurs de monte escalier. Passer par notre site est ainsi l&rsquo;assurance de pouvoir \u00eatre mis en relation avec une tr\u00e8s int\u00e9ressante s\u00e9lection de\u00a0vendeurs de monte escalier de Saint-Maur-des-Foss\u00e9s. Faites confiance \u00e0 notre exp\u00e9rience, nous allons vous pr\u00e9senter des professionnels qui sont en mesure de vous donner compl\u00e8te satisfaction dans l&rsquo;acquisition de votre monte escalier.<\/div>\n<p>&nbsp;<\/p>\n<div style=\"text-align: justify;\">\n<p>Vous n&rsquo;avez pas de temps \u00e0 perdre \u00e0 chercher les adresses et t\u00e9l\u00e9phones de tous les revendeurs de monte escalier pouvant vous installer un monte escalier \u00e0 Saint-Maur-des-Foss\u00e9s, alors laissez-nous faire et remplissez simplement un formulaire de devis en ligne et nos professionnels partenaires seront tr\u00e8s heureux de pouvoir vous en proposer chacun un : car pour faire un choix, il faut avoir le choix ! Et ce choix sera d&rsquo;autant plus facile si tous les prestataires font un devis sur la m\u00eame installation, la votre ! Vous avez certainement d\u00e9j\u00e0 \u00e9t\u00e9 confront\u00e9s au probl\u00e8me des artisans que vous n&rsquo;arrivez pas \u00e0 mettre en concurrence. Avec notre formule de mise en concurrence, cela n&rsquo;arrivera pas. Tous les prestataires s\u00e9lectionn\u00e9s connaissent la r\u00e8gle du jeu et ont tout int\u00e9r\u00eat \u00e0 vous faire leur meilleure offre.<\/p>\n<\/div>\n<div style=\"text-align: justify;\">Votre logement peut elle accueillir un monte escalier? Votre escalier est il assez large? Vous faut il un monte escalier droit ou un monte escalier tournant? Quelle marque, quel fauteuil choisir? Pour obtenir diff\u00e9rents avis sur ces questions, utilisez notre formulaire de demande de rappel. Nos professionnels partenaires du monte escalier vous recontacteront tr\u00e8s vite !<\/div>\n<p>&nbsp;<\/p>\n<div style=\"text-align: justify;\">Vous \u00eates perdus dans la multitude des marques et des mod\u00e8les de monte escalier, utilisez notre formulaire de documentation pour obtenir un maximum d&rsquo;informations sur le mat\u00e9riel propos\u00e9 par nos partenaires vendeurs de monte escalier. Pr\u00e9cisez dans votre demande si vous voulez les recevoir par email au format \u00e9lectronique ou sur papier par courrier postal.<\/div>\n<p>&nbsp;<\/p>\n<div style=\"text-align: justify;\">Vous pensez certainement que nous allons vous faire payer ces services&#8230;et bien non ! Tous nos services de mise en relation avec notre s\u00e9lection de vendeurs de monte escalier \u00e0 Saint-Maur-des-Foss\u00e9s sont enti\u00e8rement gratuits et vous n&rsquo;\u00eates en aucun cas oblig\u00e9 d&rsquo;acheter quoi que ce soit aupr\u00e8s des revendeurs que nous vous conseillons. Vous pourrez aller acheter ailleurs si vous le voulez et sans nous verser quelque d\u00e9dommagement que ce soit. Mais je vous assure que nous allons vous mettre en relation avec les meilleurs installateurs de monte escalier de la r\u00e9gion parisienne. Plusieurs centaines de personnes nous ont d\u00e9j\u00e0 fait confiance&#8230;ne croyez pas que c&rsquo;est un hasard ! alors compl\u00e9tez vite le formulaire de demande de devis de monte escalier en haut de cette page.<\/div>\n<\/div>\n<p>&nbsp;<\/p>\n<div class=\"titre_liens\">Voir aussi nos offres dans les villes voisines du Val de Marne<\/div>\n<p>&nbsp;<\/p>\n<div class=\"boite_liens\"><a href=\"https:\/\/www.monteescalier.net\/france\/monte-escalier-champigny-sur-marne\">Monte escalier Champigny-sur-Marne<\/a><br \/>\n<a href=\"https:\/\/www.monteescalier.net\/france\/monte-escalier-ivry-sur-seine\">Monte escalier Ivry-sur-Seine<\/a><br \/>\n<a href=\"https:\/\/www.monteescalier.net\/france\/monte-escalier-villejuif\">Monte escalier Villejuif<\/a><br \/>\n<a href=\"https:\/\/www.monteescalier.net\/france\/monte-escalier-maisons-alfort\">Monte escalier Maisons-Alfort<\/a><br \/>\n<a href=\"https:\/\/www.monteescalier.net\/france\/monte-escalier-fontenay-sous-bois\">Monte escalier Fontenay-sous-Bois<\/a><\/div>\n","protected":false},"excerpt":{"rendered":"<p>Ou acheter\u00a0son monte escalier \u00e0 Saint-Maur-des-Foss\u00e9s Vous voulez faire installer\u00a0un monte escalier \u00e0 Saint-Maur-des-Foss\u00e9s, facile avec monteescalier.net ! vous allez recevoir plusieurs devis en ne faisant qu&rsquo;une seule demande. On s&rsquo;occupe de tout, et gratuitement en plus ! &nbsp; Nous sommes\u00a0un portail mettant en relation les candidats \u00e0 l&rsquo;achat de monte escalier et les vendeurs [&hellip;]<\/p>\n","protected":false},"author":1,"featured_media":0,"parent":0,"menu_order":0,"comment_status":"closed","ping_status":"open","template":"template_ville_12.php","meta":{"_monsterinsights_skip_tracking":false,"_monsterinsights_sitenote_active":false,"_monsterinsights_sitenote_note":"","_monsterinsights_sitenote_category":0,"footnotes":""},"class_list":["post-968","page","type-page","status-publish","hentry"],"yoast_head":"<!-- This site is optimized with the Yoast SEO plugin v26.3 - https:\/\/yoast.com\/wordpress\/plugins\/seo\/ -->\n<title>Monte escalier Saint-Maur-des-Foss\u00e9s - Monte escalier<\/title>\n<meta name=\"robots\" content=\"index, follow, max-snippet:-1, max-image-preview:large, max-video-preview:-1\" \/>\n<link rel=\"canonical\" href=\"https:\/\/www.monteescalier.net\/france\/monte-escalier-saint-maur-des-fosses\/\" \/>\n<meta property=\"og:locale\" content=\"fr_FR\" \/>\n<meta property=\"og:type\" content=\"article\" \/>\n<meta property=\"og:title\" content=\"Monte escalier Saint-Maur-des-Foss\u00e9s - Monte escalier\" \/>\n<meta property=\"og:description\" content=\"Ou acheter\u00a0son monte escalier \u00e0 Saint-Maur-des-Foss\u00e9s Vous voulez faire installer\u00a0un monte escalier \u00e0 Saint-Maur-des-Foss\u00e9s, facile avec monteescalier.net ! vous allez recevoir plusieurs devis en ne faisant qu&rsquo;une seule demande. On s&rsquo;occupe de tout, et gratuitement en plus ! &nbsp; Nous sommes\u00a0un portail mettant en relation les candidats \u00e0 l&rsquo;achat de monte escalier et les vendeurs [&hellip;]\" \/>\n<meta property=\"og:url\" content=\"https:\/\/www.monteescalier.net\/france\/monte-escalier-saint-maur-des-fosses\/\" \/>\n<meta property=\"og:site_name\" content=\"Monte escalier\" \/>\n<meta property=\"article:modified_time\" content=\"2020-01-16T16:55:44+00:00\" \/>\n<meta name=\"twitter:card\" content=\"summary_large_image\" \/>\n<meta name=\"twitter:label1\" content=\"Dur\u00e9e de lecture estim\u00e9e\" \/>\n\t<meta name=\"twitter:data1\" content=\"3 minutes\" \/>\n<script type=\"application\/ld+json\" class=\"yoast-schema-graph\">{\"@context\":\"https:\/\/schema.org\",\"@graph\":[{\"@type\":\"WebPage\",\"@id\":\"https:\/\/www.monteescalier.net\/france\/monte-escalier-saint-maur-des-fosses\/\",\"url\":\"https:\/\/www.monteescalier.net\/france\/monte-escalier-saint-maur-des-fosses\/\",\"name\":\"Monte escalier Saint-Maur-des-Foss\u00e9s - Monte escalier\",\"isPartOf\":{\"@id\":\"https:\/\/www.monteescalier.net\/france\/#website\"},\"datePublished\":\"2019-09-26T09:47:11+00:00\",\"dateModified\":\"2020-01-16T16:55:44+00:00\",\"breadcrumb\":{\"@id\":\"https:\/\/www.monteescalier.net\/france\/monte-escalier-saint-maur-des-fosses\/#breadcrumb\"},\"inLanguage\":\"fr-FR\",\"potentialAction\":[{\"@type\":\"ReadAction\",\"target\":[\"https:\/\/www.monteescalier.net\/france\/monte-escalier-saint-maur-des-fosses\/\"]}]},{\"@type\":\"BreadcrumbList\",\"@id\":\"https:\/\/www.monteescalier.net\/france\/monte-escalier-saint-maur-des-fosses\/#breadcrumb\",\"itemListElement\":[{\"@type\":\"ListItem\",\"position\":1,\"name\":\"Accueil\",\"item\":\"https:\/\/www.monteescalier.net\/france\/\"},{\"@type\":\"ListItem\",\"position\":2,\"name\":\"Monte escalier Saint-Maur-des-Foss\u00e9s\"}]},{\"@type\":\"WebSite\",\"@id\":\"https:\/\/www.monteescalier.net\/france\/#website\",\"url\":\"https:\/\/www.monteescalier.net\/france\/\",\"name\":\"Monte escalier\",\"description\":\"\",\"publisher\":{\"@id\":\"https:\/\/www.monteescalier.net\/france\/#organization\"},\"potentialAction\":[{\"@type\":\"SearchAction\",\"target\":{\"@type\":\"EntryPoint\",\"urlTemplate\":\"https:\/\/www.monteescalier.net\/france\/?s={search_term_string}\"},\"query-input\":{\"@type\":\"PropertyValueSpecification\",\"valueRequired\":true,\"valueName\":\"search_term_string\"}}],\"inLanguage\":\"fr-FR\"},{\"@type\":\"Organization\",\"@id\":\"https:\/\/www.monteescalier.net\/france\/#organization\",\"name\":\"monte-escalier.net\",\"url\":\"https:\/\/www.monteescalier.net\/france\/\",\"logo\":{\"@type\":\"ImageObject\",\"inLanguage\":\"fr-FR\",\"@id\":\"https:\/\/www.monteescalier.net\/france\/#\/schema\/logo\/image\/\",\"url\":\"https:\/\/www.monteescalier.net\/france\/wp-content\/uploads\/2016\/10\/4devis-mont-escalier-500-500.gif\",\"contentUrl\":\"https:\/\/www.monteescalier.net\/france\/wp-content\/uploads\/2016\/10\/4devis-mont-escalier-500-500.gif\",\"width\":500,\"height\":500,\"caption\":\"monte-escalier.net\"},\"image\":{\"@id\":\"https:\/\/www.monteescalier.net\/france\/#\/schema\/logo\/image\/\"}}]}<\/script>\n<!-- \/ Yoast SEO plugin. -->","yoast_head_json":{"title":"Monte escalier Saint-Maur-des-Foss\u00e9s - Monte escalier","robots":{"index":"index","follow":"follow","max-snippet":"max-snippet:-1","max-image-preview":"max-image-preview:large","max-video-preview":"max-video-preview:-1"},"canonical":"https:\/\/www.monteescalier.net\/france\/monte-escalier-saint-maur-des-fosses\/","og_locale":"fr_FR","og_type":"article","og_title":"Monte escalier Saint-Maur-des-Foss\u00e9s - Monte escalier","og_description":"Ou acheter\u00a0son monte escalier \u00e0 Saint-Maur-des-Foss\u00e9s Vous voulez faire installer\u00a0un monte escalier \u00e0 Saint-Maur-des-Foss\u00e9s, facile avec monteescalier.net ! vous allez recevoir plusieurs devis en ne faisant qu&rsquo;une seule demande. On s&rsquo;occupe de tout, et gratuitement en plus ! &nbsp; Nous sommes\u00a0un portail mettant en relation les candidats \u00e0 l&rsquo;achat de monte escalier et les vendeurs [&hellip;]","og_url":"https:\/\/www.monteescalier.net\/france\/monte-escalier-saint-maur-des-fosses\/","og_site_name":"Monte escalier","article_modified_time":"2020-01-16T16:55:44+00:00","twitter_card":"summary_large_image","twitter_misc":{"Dur\u00e9e de lecture estim\u00e9e":"3 minutes"},"schema":{"@context":"https:\/\/schema.org","@graph":[{"@type":"WebPage","@id":"https:\/\/www.monteescalier.net\/france\/monte-escalier-saint-maur-des-fosses\/","url":"https:\/\/www.monteescalier.net\/france\/monte-escalier-saint-maur-des-fosses\/","name":"Monte escalier Saint-Maur-des-Foss\u00e9s - Monte escalier","isPartOf":{"@id":"https:\/\/www.monteescalier.net\/france\/#website"},"datePublished":"2019-09-26T09:47:11+00:00","dateModified":"2020-01-16T16:55:44+00:00","breadcrumb":{"@id":"https:\/\/www.monteescalier.net\/france\/monte-escalier-saint-maur-des-fosses\/#breadcrumb"},"inLanguage":"fr-FR","potentialAction":[{"@type":"ReadAction","target":["https:\/\/www.monteescalier.net\/france\/monte-escalier-saint-maur-des-fosses\/"]}]},{"@type":"BreadcrumbList","@id":"https:\/\/www.monteescalier.net\/france\/monte-escalier-saint-maur-des-fosses\/#breadcrumb","itemListElement":[{"@type":"ListItem","position":1,"name":"Accueil","item":"https:\/\/www.monteescalier.net\/france\/"},{"@type":"ListItem","position":2,"name":"Monte escalier Saint-Maur-des-Foss\u00e9s"}]},{"@type":"WebSite","@id":"https:\/\/www.monteescalier.net\/france\/#website","url":"https:\/\/www.monteescalier.net\/france\/","name":"Monte escalier","description":"","publisher":{"@id":"https:\/\/www.monteescalier.net\/france\/#organization"},"potentialAction":[{"@type":"SearchAction","target":{"@type":"EntryPoint","urlTemplate":"https:\/\/www.monteescalier.net\/france\/?s={search_term_string}"},"query-input":{"@type":"PropertyValueSpecification","valueRequired":true,"valueName":"search_term_string"}}],"inLanguage":"fr-FR"},{"@type":"Organization","@id":"https:\/\/www.monteescalier.net\/france\/#organization","name":"monte-escalier.net","url":"https:\/\/www.monteescalier.net\/france\/","logo":{"@type":"ImageObject","inLanguage":"fr-FR","@id":"https:\/\/www.monteescalier.net\/france\/#\/schema\/logo\/image\/","url":"https:\/\/www.monteescalier.net\/france\/wp-content\/uploads\/2016\/10\/4devis-mont-escalier-500-500.gif","contentUrl":"https:\/\/www.monteescalier.net\/france\/wp-content\/uploads\/2016\/10\/4devis-mont-escalier-500-500.gif","width":500,"height":500,"caption":"monte-escalier.net"},"image":{"@id":"https:\/\/www.monteescalier.net\/france\/#\/schema\/logo\/image\/"}}]}},"_links":{"self":[{"href":"https:\/\/www.monteescalier.net\/france\/wp-json\/wp\/v2\/pages\/968","targetHints":{"allow":["GET"]}}],"collection":[{"href":"https:\/\/www.monteescalier.net\/france\/wp-json\/wp\/v2\/pages"}],"about":[{"href":"https:\/\/www.monteescalier.net\/france\/wp-json\/wp\/v2\/types\/page"}],"author":[{"embeddable":true,"href":"https:\/\/www.monteescalier.net\/france\/wp-json\/wp\/v2\/users\/1"}],"replies":[{"embeddable":true,"href":"https:\/\/www.monteescalier.net\/france\/wp-json\/wp\/v2\/comments?post=968"}],"version-history":[{"count":4,"href":"https:\/\/www.monteescalier.net\/france\/wp-json\/wp\/v2\/pages\/968\/revisions"}],"predecessor-version":[{"id":8612,"href":"https:\/\/www.monteescalier.net\/france\/wp-json\/wp\/v2\/pages\/968\/revisions\/8612"}],"wp:attachment":[{"href":"https:\/\/www.monteescalier.net\/france\/wp-json\/wp\/v2\/media?parent=968"}],"curies":[{"name":"wp","href":"https:\/\/api.w.org\/{rel}","templated":true}]}}