{"id":969,"date":"2021-07-18T10:47:11","date_gmt":"2021-07-18T09:47:11","guid":{"rendered":"https:\/\/www.monteescalier.net\/france\/?page_id=969"},"modified":"2021-11-09T17:39:57","modified_gmt":"2021-11-09T16:39:57","slug":"monte-escalier-champigny-sur-marne","status":"publish","type":"page","link":"https:\/\/www.monteescalier.net\/france\/monte-escalier-champigny-sur-marne\/","title":{"rendered":"Monte escalier Champigny-sur-Marne"},"content":{"rendered":"<h1>Acheter un monte escalier \u00e0 Champigny-sur-Marne<\/h1>\n<div class=\"boite_texte\">\n<div style=\"text-align: justify;\">Vous souhaitez vous \u00e9quiper\u00a0d&rsquo;un monte escalier \u00e0 Champigny-sur-Marne, monteescalier.net peut vous aider \u00e0 choisir votre prestataire en stimulant la concurrence et en vous facilitant la s\u00e9lection de votre installateur donc gagner en efficacit\u00e9.<\/div>\n<h2>Plusieurs devis de monte escalier pour faire baisser les prix<\/h2>\n<div style=\"text-align: justify;\">\n<p>Monteescalier.net est un portail mettant en contact les candidats \u00e0 l&rsquo;achat d&rsquo;un monte escalier et les professionnels d&rsquo;Ile de France qui peuvent vous installer un monte escalier dans le Val de Marne. Etre mis en relation avec\u00a0ceux que nous consid\u00e9rons comme les installateurs de monte escalier les plus performants de la r\u00e9gion parisienne, voil\u00e0 ce que nous vous proposons, en quelques clics, simplement en compl\u00e9tant un seul formulaire de demande. Nous ne vous orienterons pas vers 50 installateurs mais seulement 4 ou 5 qui vous permettront d&rsquo;obtenir gratuitement autant de devis de monte escalier de soci\u00e9t\u00e9s diff\u00e9rentes aussi bien par la taille que par les marques de monte escalier qu&rsquo;elles proposent. Un point commun cependant, tous ces devis concerneront pr\u00e9cisemment votre maison et votre escalier : un moyen vraiment tr\u00e8s simple donc, de savoir quel est exactement le prix que vous allez payer votre monte escalier, et pas une simple estimation ou un \u00ab\u00a0\u00e0 partir de\u00a0\u00bb.<\/p>\n<\/div>\n<div style=\"text-align: justify;\">Vous manquez de temps pour chercher tous les revendeurs de monte escalier travaillant sur Champigny pour choisir le meilleur, sachez que nous pouvons le faire pour vous. Remplissez simplement un formulaire de devis en ligne et nos professionnels partenaires seront tr\u00e8s heureux de pouvoir vous en proposer chacun un : car pour faire un choix, il faut avoir le choix !<\/div>\n<h2>Des questions sur votre monte escalier : la demande de rappel monte escalier !<\/h2>\n<div style=\"text-align: justify;\">L&rsquo;installation d&rsquo;un monte escalier est une op\u00e9ration plut\u00f4t\u00a0technique qui n\u00e9cessite une pr\u00e9paration minutieuse et ainsi garantir votre s\u00e9curit\u00e9 sur le fauteuil monte escalier. Il est donc normal que vous vous posiez des questions sur cette installation. Pour lever vos inqui\u00e9tudes, nous vous proposons de remplir une <a href=\"https:\/\/www.monteescalier.net\/demande-de-rappel.php\">demande de rappel<\/a> afin que nos partenaires experts puissent vous rappeler et vous donner par t\u00e9l\u00e9phone leurs avis respectifs sur la mise en place de votre monte escalier.<\/div>\n<h2>Besoin de documentation sur les monte escalier ?<\/h2>\n<div style=\"text-align: justify;\">Lire\u00a0des brochures de pr\u00e9sentation produits peut vous aider \u00e0 faire voter choix\u00a0parmi les mod\u00e8les de monte escalier. Nos partenaires peuvent mettre \u00e0 votre disposition des brochures \u00e9lectroniques, qu&rsquo;ils peuvent vous transmettre rapidement par email. Le <a href=\"https:\/\/www.monteescalier.net\/demande-de-documentation.php\">formulaire de demande de documentation<\/a> sur ce site vous permettra d&rsquo;acc\u00e9der gratuitement \u00e0 ce service (attention la plupart des installateurs ne r\u00e9pondent qu&rsquo;aux demandes compl\u00e8tes avec adresse, t\u00e9l\u00e9phone et bien s\u00fbr email)<\/div>\n<h2>Conditons d&rsquo;utilisation du service monteescalier.net<\/h2>\n<div style=\"text-align: justify;\">Tous les services propos\u00e9s par ce site sont enti\u00e8rement gratuits et sans obligation d&rsquo;achat. Nous sommes un service de mise en relation. Vous serez mis en contact directement avec nos partenaires vendeurs de monte escalier et vous traiterez directement avec eux. Vous \u00eates totalement libres de n\u00e9gocier et de signer ou pas avec un des prestataires avec lequel nous vous avons mis en relation. Par ailleurs nous ne revendons pas vos coordonn\u00e9es pour d&rsquo;autres projets qu&rsquo;un monte escalier.<\/div>\n<p>&nbsp;<\/p>\n<\/div>\n<div class=\"titre_liens\">Nous sommes \u00e9galement pr\u00e9sent dans les communes suivantes :<\/div>\n<p>&nbsp;<\/p>\n<div class=\"boite_liens\"><a href=\"https:\/\/www.monteescalier.net\/france\/monte-escalier-ivry-sur-seine\">Monte escalier Ivry-sur-Seine<\/a><br \/>\n<a href=\"https:\/\/www.monteescalier.net\/france\/monte-escalier-villejuif\">Monte escalier Villejuif<\/a><br \/>\n<a href=\"https:\/\/www.monteescalier.net\/france\/monte-escalier-maisons-alfort\">Monte escalier Maisons-Alfort<\/a><br \/>\n<a href=\"https:\/\/www.monteescalier.net\/france\/monte-escalier-fontenay-sous-bois\">Monte escalier Fontenay-sous-Bois<\/a><br \/>\n<a href=\"https:\/\/www.monteescalier.net\/france\/monte-escalier-vincennes\">Monte escalier Vincennes<\/a><\/div>\n<div class=\"boite_liens\"><\/div>\n<div class=\"boite_liens\">MAJ: 24\/09\/2018<\/div>\n","protected":false},"excerpt":{"rendered":"<p>Acheter un monte escalier \u00e0 Champigny-sur-Marne Vous souhaitez vous \u00e9quiper\u00a0d&rsquo;un monte escalier \u00e0 Champigny-sur-Marne, monteescalier.net peut vous aider \u00e0 choisir votre prestataire en stimulant la concurrence et en vous facilitant la s\u00e9lection de votre installateur donc gagner en efficacit\u00e9. Plusieurs devis de monte escalier pour faire baisser les prix Monteescalier.net est un portail mettant en [&hellip;]<\/p>\n","protected":false},"author":1,"featured_media":0,"parent":0,"menu_order":0,"comment_status":"closed","ping_status":"closed","template":"template_ville_15.php","meta":{"_monsterinsights_skip_tracking":false,"_monsterinsights_sitenote_active":false,"_monsterinsights_sitenote_note":"","_monsterinsights_sitenote_category":0,"footnotes":""},"class_list":["post-969","page","type-page","status-publish","hentry"],"yoast_head":"<!-- This site is optimized with the Yoast SEO plugin v26.3 - https:\/\/yoast.com\/wordpress\/plugins\/seo\/ -->\n<title>Monte escalier Champigny-sur-Marne - Monte escalier<\/title>\n<meta name=\"description\" content=\"A Champigny-sur-Marne, un monte-escalier est l&#039;outil capital pour les personnes qui s&#039;\u00e9puisent \u00e0 monter des escaliers.\" \/>\n<meta name=\"robots\" content=\"index, follow, max-snippet:-1, max-image-preview:large, max-video-preview:-1\" \/>\n<link rel=\"canonical\" href=\"https:\/\/www.monteescalier.net\/france\/monte-escalier-champigny-sur-marne\/\" \/>\n<meta property=\"og:locale\" content=\"fr_FR\" \/>\n<meta property=\"og:type\" content=\"article\" \/>\n<meta property=\"og:title\" content=\"Monte escalier Champigny-sur-Marne - Monte escalier\" \/>\n<meta property=\"og:description\" content=\"A Champigny-sur-Marne, un monte-escalier est l&#039;outil capital pour les personnes qui s&#039;\u00e9puisent \u00e0 monter des escaliers.\" \/>\n<meta property=\"og:url\" content=\"https:\/\/www.monteescalier.net\/france\/monte-escalier-champigny-sur-marne\/\" \/>\n<meta property=\"og:site_name\" content=\"Monte escalier\" \/>\n<meta property=\"article:modified_time\" content=\"2021-11-09T16:39:57+00:00\" \/>\n<meta name=\"twitter:card\" content=\"summary_large_image\" \/>\n<meta name=\"twitter:label1\" content=\"Dur\u00e9e de lecture estim\u00e9e\" \/>\n\t<meta name=\"twitter:data1\" content=\"3 minutes\" \/>\n<script type=\"application\/ld+json\" class=\"yoast-schema-graph\">{\"@context\":\"https:\/\/schema.org\",\"@graph\":[{\"@type\":\"WebPage\",\"@id\":\"https:\/\/www.monteescalier.net\/france\/monte-escalier-champigny-sur-marne\/\",\"url\":\"https:\/\/www.monteescalier.net\/france\/monte-escalier-champigny-sur-marne\/\",\"name\":\"Monte escalier Champigny-sur-Marne - Monte escalier\",\"isPartOf\":{\"@id\":\"https:\/\/www.monteescalier.net\/france\/#website\"},\"datePublished\":\"2021-07-18T09:47:11+00:00\",\"dateModified\":\"2021-11-09T16:39:57+00:00\",\"description\":\"A Champigny-sur-Marne, un monte-escalier est l'outil capital pour les personnes qui s'\u00e9puisent \u00e0 monter des escaliers.\",\"breadcrumb\":{\"@id\":\"https:\/\/www.monteescalier.net\/france\/monte-escalier-champigny-sur-marne\/#breadcrumb\"},\"inLanguage\":\"fr-FR\",\"potentialAction\":[{\"@type\":\"ReadAction\",\"target\":[\"https:\/\/www.monteescalier.net\/france\/monte-escalier-champigny-sur-marne\/\"]}]},{\"@type\":\"BreadcrumbList\",\"@id\":\"https:\/\/www.monteescalier.net\/france\/monte-escalier-champigny-sur-marne\/#breadcrumb\",\"itemListElement\":[{\"@type\":\"ListItem\",\"position\":1,\"name\":\"Accueil\",\"item\":\"https:\/\/www.monteescalier.net\/france\/\"},{\"@type\":\"ListItem\",\"position\":2,\"name\":\"Monte escalier Champigny-sur-Marne\"}]},{\"@type\":\"WebSite\",\"@id\":\"https:\/\/www.monteescalier.net\/france\/#website\",\"url\":\"https:\/\/www.monteescalier.net\/france\/\",\"name\":\"Monte escalier\",\"description\":\"\",\"publisher\":{\"@id\":\"https:\/\/www.monteescalier.net\/france\/#organization\"},\"potentialAction\":[{\"@type\":\"SearchAction\",\"target\":{\"@type\":\"EntryPoint\",\"urlTemplate\":\"https:\/\/www.monteescalier.net\/france\/?s={search_term_string}\"},\"query-input\":{\"@type\":\"PropertyValueSpecification\",\"valueRequired\":true,\"valueName\":\"search_term_string\"}}],\"inLanguage\":\"fr-FR\"},{\"@type\":\"Organization\",\"@id\":\"https:\/\/www.monteescalier.net\/france\/#organization\",\"name\":\"monte-escalier.net\",\"url\":\"https:\/\/www.monteescalier.net\/france\/\",\"logo\":{\"@type\":\"ImageObject\",\"inLanguage\":\"fr-FR\",\"@id\":\"https:\/\/www.monteescalier.net\/france\/#\/schema\/logo\/image\/\",\"url\":\"https:\/\/www.monteescalier.net\/france\/wp-content\/uploads\/2016\/10\/4devis-mont-escalier-500-500.gif\",\"contentUrl\":\"https:\/\/www.monteescalier.net\/france\/wp-content\/uploads\/2016\/10\/4devis-mont-escalier-500-500.gif\",\"width\":500,\"height\":500,\"caption\":\"monte-escalier.net\"},\"image\":{\"@id\":\"https:\/\/www.monteescalier.net\/france\/#\/schema\/logo\/image\/\"}}]}<\/script>\n<!-- \/ Yoast SEO plugin. -->","yoast_head_json":{"title":"Monte escalier Champigny-sur-Marne - Monte escalier","description":"A Champigny-sur-Marne, un monte-escalier est l'outil capital pour les personnes qui s'\u00e9puisent \u00e0 monter des escaliers.","robots":{"index":"index","follow":"follow","max-snippet":"max-snippet:-1","max-image-preview":"max-image-preview:large","max-video-preview":"max-video-preview:-1"},"canonical":"https:\/\/www.monteescalier.net\/france\/monte-escalier-champigny-sur-marne\/","og_locale":"fr_FR","og_type":"article","og_title":"Monte escalier Champigny-sur-Marne - Monte escalier","og_description":"A Champigny-sur-Marne, un monte-escalier est l'outil capital pour les personnes qui s'\u00e9puisent \u00e0 monter des escaliers.","og_url":"https:\/\/www.monteescalier.net\/france\/monte-escalier-champigny-sur-marne\/","og_site_name":"Monte escalier","article_modified_time":"2021-11-09T16:39:57+00:00","twitter_card":"summary_large_image","twitter_misc":{"Dur\u00e9e de lecture estim\u00e9e":"3 minutes"},"schema":{"@context":"https:\/\/schema.org","@graph":[{"@type":"WebPage","@id":"https:\/\/www.monteescalier.net\/france\/monte-escalier-champigny-sur-marne\/","url":"https:\/\/www.monteescalier.net\/france\/monte-escalier-champigny-sur-marne\/","name":"Monte escalier Champigny-sur-Marne - Monte escalier","isPartOf":{"@id":"https:\/\/www.monteescalier.net\/france\/#website"},"datePublished":"2021-07-18T09:47:11+00:00","dateModified":"2021-11-09T16:39:57+00:00","description":"A Champigny-sur-Marne, un monte-escalier est l'outil capital pour les personnes qui s'\u00e9puisent \u00e0 monter des escaliers.","breadcrumb":{"@id":"https:\/\/www.monteescalier.net\/france\/monte-escalier-champigny-sur-marne\/#breadcrumb"},"inLanguage":"fr-FR","potentialAction":[{"@type":"ReadAction","target":["https:\/\/www.monteescalier.net\/france\/monte-escalier-champigny-sur-marne\/"]}]},{"@type":"BreadcrumbList","@id":"https:\/\/www.monteescalier.net\/france\/monte-escalier-champigny-sur-marne\/#breadcrumb","itemListElement":[{"@type":"ListItem","position":1,"name":"Accueil","item":"https:\/\/www.monteescalier.net\/france\/"},{"@type":"ListItem","position":2,"name":"Monte escalier Champigny-sur-Marne"}]},{"@type":"WebSite","@id":"https:\/\/www.monteescalier.net\/france\/#website","url":"https:\/\/www.monteescalier.net\/france\/","name":"Monte escalier","description":"","publisher":{"@id":"https:\/\/www.monteescalier.net\/france\/#organization"},"potentialAction":[{"@type":"SearchAction","target":{"@type":"EntryPoint","urlTemplate":"https:\/\/www.monteescalier.net\/france\/?s={search_term_string}"},"query-input":{"@type":"PropertyValueSpecification","valueRequired":true,"valueName":"search_term_string"}}],"inLanguage":"fr-FR"},{"@type":"Organization","@id":"https:\/\/www.monteescalier.net\/france\/#organization","name":"monte-escalier.net","url":"https:\/\/www.monteescalier.net\/france\/","logo":{"@type":"ImageObject","inLanguage":"fr-FR","@id":"https:\/\/www.monteescalier.net\/france\/#\/schema\/logo\/image\/","url":"https:\/\/www.monteescalier.net\/france\/wp-content\/uploads\/2016\/10\/4devis-mont-escalier-500-500.gif","contentUrl":"https:\/\/www.monteescalier.net\/france\/wp-content\/uploads\/2016\/10\/4devis-mont-escalier-500-500.gif","width":500,"height":500,"caption":"monte-escalier.net"},"image":{"@id":"https:\/\/www.monteescalier.net\/france\/#\/schema\/logo\/image\/"}}]}},"_links":{"self":[{"href":"https:\/\/www.monteescalier.net\/france\/wp-json\/wp\/v2\/pages\/969","targetHints":{"allow":["GET"]}}],"collection":[{"href":"https:\/\/www.monteescalier.net\/france\/wp-json\/wp\/v2\/pages"}],"about":[{"href":"https:\/\/www.monteescalier.net\/france\/wp-json\/wp\/v2\/types\/page"}],"author":[{"embeddable":true,"href":"https:\/\/www.monteescalier.net\/france\/wp-json\/wp\/v2\/users\/1"}],"replies":[{"embeddable":true,"href":"https:\/\/www.monteescalier.net\/france\/wp-json\/wp\/v2\/comments?post=969"}],"version-history":[{"count":5,"href":"https:\/\/www.monteescalier.net\/france\/wp-json\/wp\/v2\/pages\/969\/revisions"}],"predecessor-version":[{"id":8082,"href":"https:\/\/www.monteescalier.net\/france\/wp-json\/wp\/v2\/pages\/969\/revisions\/8082"}],"wp:attachment":[{"href":"https:\/\/www.monteescalier.net\/france\/wp-json\/wp\/v2\/media?parent=969"}],"curies":[{"name":"wp","href":"https:\/\/api.w.org\/{rel}","templated":true}]}}