{"id":97,"date":"2024-01-16T10:32:42","date_gmt":"2024-01-16T09:32:42","guid":{"rendered":"https:\/\/www.monteescalier.net\/monteescalier\/?page_id=97"},"modified":"2024-05-15T16:16:09","modified_gmt":"2024-05-15T15:16:09","slug":"monte-escalier-charente-maritime","status":"publish","type":"page","link":"https:\/\/www.monteescalier.net\/france\/monte-escalier-charente-maritime\/","title":{"rendered":"Monte escalier La Rochelle, Charente Maritime"},"content":{"rendered":"<div class='content-column one_half'><div style=\"padding-right:19px;\"><h1>Bien Choisir son installateur de monte escalier en Charente Maritime<\/h1>\n<p><b>Des installateurs dans votre d\u00e9partement :<\/b><br \/>\n<a href=\"https:\/\/www.monteescalier.net\/france\/monte-escalier-la-rochelle\/\">Monte escaliers vers La Rochelle<\/a><br \/>\n<a href=\"https:\/\/www.monteescalier.net\/france\/monte-escalier-rochefort\/\">Monte escaliers vers Rochefort<\/a><br \/>\n<a href=\"https:\/\/www.monteescalier.net\/france\/monte-escalier-jonzac\/\">Monte escaliers vers Jonzac<\/a><\/p>\n<p style=\"text-align: justify;\">En Poitou Charente comme ailleurs, on peut faire installer un monte escalier pour limiter au maximum sa d\u00e9pendance aux autres lorsque l&rsquo;on a besoin d\u2019assistance . C&rsquo;est un appareillage assez lourd qui doit imp\u00e9rativement \u00eatre install\u00e9 par un professionnel.<\/p>\n<p style=\"text-align: justify;\">Notre site vous propose de vous mettre en rapport avec les meilleurs experts du monte escalier en Charente Maritime et vous permettre de choisir librement votre solution monte escalier pour votre logement situ\u00e9 \u00e0 La Rochelle, Aytr\u00e9, Saintes, Royan, Rochefort et bien s\u00fbr dans toutes les communes du d\u00e9partement de Saint Georges de Didonne \u00e0 Marennes, de Tonnay Charente \u00e0 Surg\u00e8res, de Lagord \u00e0 Dompierre sur Mer et de Saint Pierre d&rsquo;Ol\u00e9ron \u00e0 Lagord ou P\u00e9rigny.<\/p>\n<p style=\"text-align: justify;\">Disposer de plusieurs devis de monte escalier c&rsquo;est la garantie d&rsquo;obtenir le meilleur prix parmi un large \u00e9ventail de produits et services propos\u00e9s par nos diff\u00e9rents experts du monte escalier en Charente Maritime. Mais attention, v\u00e9rifiez bien aussi les services fournis, et en particulier les conditions de garantie et le S.A.V car en cas de panne vous aurez besoin d&rsquo;une prise en charge tr\u00e8s rapide et, si possible, sans frais !<\/p>\n<p style=\"text-align: justify;\">N&rsquo;h\u00e9sitez donc pas \u00e0 remplir un formulaire de demande de devis, c&rsquo;est gratuit et sans engagement, tout comme les demandes de doc et de rappel qui vous permettront d&rsquo;obtenir des informations d\u00e9taill\u00e9es sur les diff\u00e9rents vendeurs de monte escalier dans votre d\u00e9partement.<\/p>\n<p>&nbsp;<\/p>\n<div class=\"bouton\">Cliquez ici pour obtenir des devis gratuitement<\/div><\/div><\/div><div class='content-column one_half last_column'><a href=\"https:\/\/www.monteescalier.net\/devis-gratuit.php\" target=\"_blank\" rel=\"noopener noreferrer\"><img loading=\"lazy\" decoding=\"async\" class=\"alignnone size-full img_region\" src=\"https:\/\/www.monteescalier.net\/france\/wp-content\/uploads\/2014\/10\/4devis-monte-escalier-photo-490.png\" alt=\"monte escalier en charente maritime\" width=\"507\" height=\"485\" \/><\/a><br \/>\n<img loading=\"lazy\" decoding=\"async\" class=\"alignnone size-full img_region_2\" src=\"https:\/\/www.monteescalier.net\/france\/wp-content\/uploads\/2013\/07\/charentemaritime.jpg\" alt=\"charente maritime\" width=\"507\" height=\"485\" \/><\/div><div class='clear_column'><\/div><\/p>\n","protected":false},"excerpt":{"rendered":"","protected":false},"author":1,"featured_media":0,"parent":0,"menu_order":0,"comment_status":"open","ping_status":"closed","template":"template4.php","meta":{"_monsterinsights_skip_tracking":false,"_monsterinsights_sitenote_active":false,"_monsterinsights_sitenote_note":"","_monsterinsights_sitenote_category":0,"footnotes":""},"class_list":["post-97","page","type-page","status-publish","hentry"],"yoast_head":"<!-- This site is optimized with the Yoast SEO plugin v26.3 - https:\/\/yoast.com\/wordpress\/plugins\/seo\/ -->\n<title>Monte escalier La Rochelle, Charente Maritime - Monte escalier<\/title>\n<meta name=\"description\" content=\"Nos monte-escaliers en Charente Maritime : La Rochelle, Rochefort Jonzac.\" \/>\n<meta name=\"robots\" content=\"index, follow, max-snippet:-1, max-image-preview:large, max-video-preview:-1\" \/>\n<link rel=\"canonical\" href=\"https:\/\/www.monteescalier.net\/france\/monte-escalier-charente-maritime\/\" \/>\n<meta property=\"og:locale\" content=\"fr_FR\" \/>\n<meta property=\"og:type\" content=\"article\" \/>\n<meta property=\"og:title\" content=\"Monte escalier La Rochelle, Charente Maritime - Monte escalier\" \/>\n<meta property=\"og:description\" content=\"Nos monte-escaliers en Charente Maritime : La Rochelle, Rochefort Jonzac.\" \/>\n<meta property=\"og:url\" content=\"https:\/\/www.monteescalier.net\/france\/monte-escalier-charente-maritime\/\" \/>\n<meta property=\"og:site_name\" content=\"Monte escalier\" \/>\n<meta property=\"article:modified_time\" content=\"2024-05-15T15:16:09+00:00\" \/>\n<meta property=\"og:image\" content=\"https:\/\/www.monteescalier.net\/france\/wp-content\/uploads\/2014\/10\/4devis-monte-escalier-photo-490.png\" \/>\n<meta name=\"twitter:card\" content=\"summary_large_image\" \/>\n<meta name=\"twitter:label1\" content=\"Dur\u00e9e de lecture estim\u00e9e\" \/>\n\t<meta name=\"twitter:data1\" content=\"2 minutes\" \/>\n<script type=\"application\/ld+json\" class=\"yoast-schema-graph\">{\"@context\":\"https:\/\/schema.org\",\"@graph\":[{\"@type\":\"WebPage\",\"@id\":\"https:\/\/www.monteescalier.net\/france\/monte-escalier-charente-maritime\/\",\"url\":\"https:\/\/www.monteescalier.net\/france\/monte-escalier-charente-maritime\/\",\"name\":\"Monte escalier La Rochelle, Charente Maritime - Monte escalier\",\"isPartOf\":{\"@id\":\"https:\/\/www.monteescalier.net\/france\/#website\"},\"primaryImageOfPage\":{\"@id\":\"https:\/\/www.monteescalier.net\/france\/monte-escalier-charente-maritime\/#primaryimage\"},\"image\":{\"@id\":\"https:\/\/www.monteescalier.net\/france\/monte-escalier-charente-maritime\/#primaryimage\"},\"thumbnailUrl\":\"https:\/\/www.monteescalier.net\/france\/wp-content\/uploads\/2014\/10\/4devis-monte-escalier-photo-490.png\",\"datePublished\":\"2024-01-16T09:32:42+00:00\",\"dateModified\":\"2024-05-15T15:16:09+00:00\",\"description\":\"Nos monte-escaliers en Charente Maritime : La Rochelle, Rochefort Jonzac.\",\"breadcrumb\":{\"@id\":\"https:\/\/www.monteescalier.net\/france\/monte-escalier-charente-maritime\/#breadcrumb\"},\"inLanguage\":\"fr-FR\",\"potentialAction\":[{\"@type\":\"ReadAction\",\"target\":[\"https:\/\/www.monteescalier.net\/france\/monte-escalier-charente-maritime\/\"]}]},{\"@type\":\"ImageObject\",\"inLanguage\":\"fr-FR\",\"@id\":\"https:\/\/www.monteescalier.net\/france\/monte-escalier-charente-maritime\/#primaryimage\",\"url\":\"https:\/\/www.monteescalier.net\/france\/wp-content\/uploads\/2014\/10\/4devis-monte-escalier-photo-490.png\",\"contentUrl\":\"https:\/\/www.monteescalier.net\/france\/wp-content\/uploads\/2014\/10\/4devis-monte-escalier-photo-490.png\",\"width\":490,\"height\":267},{\"@type\":\"BreadcrumbList\",\"@id\":\"https:\/\/www.monteescalier.net\/france\/monte-escalier-charente-maritime\/#breadcrumb\",\"itemListElement\":[{\"@type\":\"ListItem\",\"position\":1,\"name\":\"Accueil\",\"item\":\"https:\/\/www.monteescalier.net\/france\/\"},{\"@type\":\"ListItem\",\"position\":2,\"name\":\"Monte escalier La Rochelle, Charente Maritime\"}]},{\"@type\":\"WebSite\",\"@id\":\"https:\/\/www.monteescalier.net\/france\/#website\",\"url\":\"https:\/\/www.monteescalier.net\/france\/\",\"name\":\"Monte escalier\",\"description\":\"\",\"publisher\":{\"@id\":\"https:\/\/www.monteescalier.net\/france\/#organization\"},\"potentialAction\":[{\"@type\":\"SearchAction\",\"target\":{\"@type\":\"EntryPoint\",\"urlTemplate\":\"https:\/\/www.monteescalier.net\/france\/?s={search_term_string}\"},\"query-input\":{\"@type\":\"PropertyValueSpecification\",\"valueRequired\":true,\"valueName\":\"search_term_string\"}}],\"inLanguage\":\"fr-FR\"},{\"@type\":\"Organization\",\"@id\":\"https:\/\/www.monteescalier.net\/france\/#organization\",\"name\":\"monte-escalier.net\",\"url\":\"https:\/\/www.monteescalier.net\/france\/\",\"logo\":{\"@type\":\"ImageObject\",\"inLanguage\":\"fr-FR\",\"@id\":\"https:\/\/www.monteescalier.net\/france\/#\/schema\/logo\/image\/\",\"url\":\"https:\/\/www.monteescalier.net\/france\/wp-content\/uploads\/2016\/10\/4devis-mont-escalier-500-500.gif\",\"contentUrl\":\"https:\/\/www.monteescalier.net\/france\/wp-content\/uploads\/2016\/10\/4devis-mont-escalier-500-500.gif\",\"width\":500,\"height\":500,\"caption\":\"monte-escalier.net\"},\"image\":{\"@id\":\"https:\/\/www.monteescalier.net\/france\/#\/schema\/logo\/image\/\"}}]}<\/script>\n<!-- \/ Yoast SEO plugin. -->","yoast_head_json":{"title":"Monte escalier La Rochelle, Charente Maritime - Monte escalier","description":"Nos monte-escaliers en Charente Maritime : La Rochelle, Rochefort Jonzac.","robots":{"index":"index","follow":"follow","max-snippet":"max-snippet:-1","max-image-preview":"max-image-preview:large","max-video-preview":"max-video-preview:-1"},"canonical":"https:\/\/www.monteescalier.net\/france\/monte-escalier-charente-maritime\/","og_locale":"fr_FR","og_type":"article","og_title":"Monte escalier La Rochelle, Charente Maritime - Monte escalier","og_description":"Nos monte-escaliers en Charente Maritime : La Rochelle, Rochefort Jonzac.","og_url":"https:\/\/www.monteescalier.net\/france\/monte-escalier-charente-maritime\/","og_site_name":"Monte escalier","article_modified_time":"2024-05-15T15:16:09+00:00","og_image":[{"url":"https:\/\/www.monteescalier.net\/france\/wp-content\/uploads\/2014\/10\/4devis-monte-escalier-photo-490.png","type":"","width":"","height":""}],"twitter_card":"summary_large_image","twitter_misc":{"Dur\u00e9e de lecture estim\u00e9e":"2 minutes"},"schema":{"@context":"https:\/\/schema.org","@graph":[{"@type":"WebPage","@id":"https:\/\/www.monteescalier.net\/france\/monte-escalier-charente-maritime\/","url":"https:\/\/www.monteescalier.net\/france\/monte-escalier-charente-maritime\/","name":"Monte escalier La Rochelle, Charente Maritime - Monte escalier","isPartOf":{"@id":"https:\/\/www.monteescalier.net\/france\/#website"},"primaryImageOfPage":{"@id":"https:\/\/www.monteescalier.net\/france\/monte-escalier-charente-maritime\/#primaryimage"},"image":{"@id":"https:\/\/www.monteescalier.net\/france\/monte-escalier-charente-maritime\/#primaryimage"},"thumbnailUrl":"https:\/\/www.monteescalier.net\/france\/wp-content\/uploads\/2014\/10\/4devis-monte-escalier-photo-490.png","datePublished":"2024-01-16T09:32:42+00:00","dateModified":"2024-05-15T15:16:09+00:00","description":"Nos monte-escaliers en Charente Maritime : La Rochelle, Rochefort Jonzac.","breadcrumb":{"@id":"https:\/\/www.monteescalier.net\/france\/monte-escalier-charente-maritime\/#breadcrumb"},"inLanguage":"fr-FR","potentialAction":[{"@type":"ReadAction","target":["https:\/\/www.monteescalier.net\/france\/monte-escalier-charente-maritime\/"]}]},{"@type":"ImageObject","inLanguage":"fr-FR","@id":"https:\/\/www.monteescalier.net\/france\/monte-escalier-charente-maritime\/#primaryimage","url":"https:\/\/www.monteescalier.net\/france\/wp-content\/uploads\/2014\/10\/4devis-monte-escalier-photo-490.png","contentUrl":"https:\/\/www.monteescalier.net\/france\/wp-content\/uploads\/2014\/10\/4devis-monte-escalier-photo-490.png","width":490,"height":267},{"@type":"BreadcrumbList","@id":"https:\/\/www.monteescalier.net\/france\/monte-escalier-charente-maritime\/#breadcrumb","itemListElement":[{"@type":"ListItem","position":1,"name":"Accueil","item":"https:\/\/www.monteescalier.net\/france\/"},{"@type":"ListItem","position":2,"name":"Monte escalier La Rochelle, Charente Maritime"}]},{"@type":"WebSite","@id":"https:\/\/www.monteescalier.net\/france\/#website","url":"https:\/\/www.monteescalier.net\/france\/","name":"Monte escalier","description":"","publisher":{"@id":"https:\/\/www.monteescalier.net\/france\/#organization"},"potentialAction":[{"@type":"SearchAction","target":{"@type":"EntryPoint","urlTemplate":"https:\/\/www.monteescalier.net\/france\/?s={search_term_string}"},"query-input":{"@type":"PropertyValueSpecification","valueRequired":true,"valueName":"search_term_string"}}],"inLanguage":"fr-FR"},{"@type":"Organization","@id":"https:\/\/www.monteescalier.net\/france\/#organization","name":"monte-escalier.net","url":"https:\/\/www.monteescalier.net\/france\/","logo":{"@type":"ImageObject","inLanguage":"fr-FR","@id":"https:\/\/www.monteescalier.net\/france\/#\/schema\/logo\/image\/","url":"https:\/\/www.monteescalier.net\/france\/wp-content\/uploads\/2016\/10\/4devis-mont-escalier-500-500.gif","contentUrl":"https:\/\/www.monteescalier.net\/france\/wp-content\/uploads\/2016\/10\/4devis-mont-escalier-500-500.gif","width":500,"height":500,"caption":"monte-escalier.net"},"image":{"@id":"https:\/\/www.monteescalier.net\/france\/#\/schema\/logo\/image\/"}}]}},"_links":{"self":[{"href":"https:\/\/www.monteescalier.net\/france\/wp-json\/wp\/v2\/pages\/97","targetHints":{"allow":["GET"]}}],"collection":[{"href":"https:\/\/www.monteescalier.net\/france\/wp-json\/wp\/v2\/pages"}],"about":[{"href":"https:\/\/www.monteescalier.net\/france\/wp-json\/wp\/v2\/types\/page"}],"author":[{"embeddable":true,"href":"https:\/\/www.monteescalier.net\/france\/wp-json\/wp\/v2\/users\/1"}],"replies":[{"embeddable":true,"href":"https:\/\/www.monteescalier.net\/france\/wp-json\/wp\/v2\/comments?post=97"}],"version-history":[{"count":9,"href":"https:\/\/www.monteescalier.net\/france\/wp-json\/wp\/v2\/pages\/97\/revisions"}],"predecessor-version":[{"id":9070,"href":"https:\/\/www.monteescalier.net\/france\/wp-json\/wp\/v2\/pages\/97\/revisions\/9070"}],"wp:attachment":[{"href":"https:\/\/www.monteescalier.net\/france\/wp-json\/wp\/v2\/media?parent=97"}],"curies":[{"name":"wp","href":"https:\/\/api.w.org\/{rel}","templated":true}]}}