{"id":971,"date":"2021-02-26T10:47:11","date_gmt":"2021-02-26T09:47:11","guid":{"rendered":"https:\/\/www.monteescalier.net\/france\/?page_id=971"},"modified":"2021-11-09T16:48:06","modified_gmt":"2021-11-09T15:48:06","slug":"monte-escalier-aubervilliers","status":"publish","type":"page","link":"https:\/\/www.monteescalier.net\/france\/monte-escalier-aubervilliers\/","title":{"rendered":"Monte escalier Aubervilliers"},"content":{"rendered":"<h1>\u00a04 Devis gratuits pour un monte escalier \u00e0 Aubervilliers<\/h1>\n<div class=\"boite_texte\">\n<div style=\"text-align: justify;\">\n<p>Vous voulez faire installer un monte escalier \u00e0 Aubervilliers ? Nous pouvons vous mettre en \u00a0relation directe avec\u00a04 installateurs en \u00cele de France et ainsi vous permettre d&rsquo;avoir des outils de comparaison fiables pour choisir votre installateur.<\/p>\n<\/div>\n<div style=\"text-align: justify;\">Depuis plus de 5 ans nous mettons en contact les acheteurs\u00a0de monte escalier avec\u00a0les vendeurs de leur r\u00e9gion. Nous ne le faisons pas au hasard. Nous s\u00e9lectionnons avec soin et en toute ind\u00e9pendance ceux qui, selon nous, offrent les meilleures garanties pour vous installer chez vous, votre monte escalier. Ind\u00e9pendants des marques et des r\u00e9seaux de monte escalier, nous ne sommes pas non plus commissionn\u00e9s sur les ventes; une raison de plus pour nous faire confiance, non?<\/div>\n<p>&nbsp;<\/p>\n<div style=\"text-align: justify;\">Pour obtenir 4 ou 5 devis pour votre monte escalier \u00e0 Aubervilliers, c&rsquo;est tr\u00e8s facile, remplissez le formulaire en haut de cette page et vous obtiendrez la la premi\u00e8re prestation totalement gratuite que nous pouvons vous proposer. Ce service est donc gratuit et sans obligation d&rsquo;achat, laissez nous vos coordonn\u00e9es dans notre formulaire de demande de devis et vous serez recontact\u00e9s tr\u00e8s prochainement par les professionnels du monte escalier sur Aubervilliers que nous recommandons.<\/div>\n<p>&nbsp;<\/p>\n<div style=\"text-align: justify;\">Aider \u00e0 la r\u00e9ussite de votre projet d&rsquo;achat de monte escalier sans vous d\u00e9placer, mais en vous donnant les explications n\u00e9cessaires \u00e0 la finalisation de votre projet, c&rsquo;est ce que notre site vous propose via notre formulaire de demande de rappel (formulaire au bas de cette page). Une fois compl\u00e9t\u00e9 avec vos coordonn\u00e9es, nos experts du monte escalier sur Aubervilliers et plus g\u00e9n\u00e9ralement dans toute l&rsquo;\u00eele de France, vous rappelleront tr\u00e8s vite pour \u00e9changer avec vous sur votre futur monte escalier.<\/div>\n<p>&nbsp;<\/p>\n<div style=\"text-align: justify;\">Beaucoup de nos partenaires installateurs disposent de documentation sur les mod\u00e8les de monte escalier qu&rsquo;ils commercialisent. Ils peuvent vous les faire parvenir par courriel si vous leur fournissez vos coordonn\u00e9es compl\u00e8tes (adresse, tel, email). Pour les recevoir <a href=\"https:\/\/www.monteescalier.net\/demande-de-documentation.php\">remplissez vite une demande de documentation <\/a>sur notre site.<\/div>\n<p>&nbsp;<\/p>\n<div style=\"text-align: justify;\">Avec monteescalier.net, pas de mauvaise surprise en vue : nous ne facturons absolument rien et vous ne prenez aucun engagement en faisant une demande sur notre site: les devis, documentation et rappel sont gratuits ! Tous nos partenaires vendeurs de monte escalier sur Aubervilliers s&rsquo;y engagent. Testez-nous, vous ne le regretterez pas.<\/div>\n<\/div>\n<p>&nbsp;<\/p>\n<div class=\"titre_liens\">monteescalier.net est \u00e9galement disponible dans les villes suivantes<\/div>\n<p>&nbsp;<\/p>\n<div class=\"boite_liens\"><a href=\"https:\/\/www.monteescalier.net\/france\/monte-escalier-drancy\">Monte escalier Drancy<\/a><br \/>\n<a href=\"https:\/\/www.monteescalier.net\/france\/monte-escalier-noisy-le-grand\">Monte escalier Noisy-le-Grand<\/a><br \/>\n<a href=\"https:\/\/www.monteescalier.net\/france\/monte-escalier-bondy\">Monte escalier Bondy<\/a><br \/>\n<a href=\"https:\/\/www.monteescalier.net\/france\/monte-escalier-pantin\">Monte escalier Pantin<\/a><br \/>\n<a href=\"https:\/\/www.monteescalier.net\/france\/monte-escalier-epinay-sur-seine\">Monte escalier \u00c9pinay-sur-Seine<\/a><\/div>\n<div class=\"boite_liens\"><\/div>\n<div class=\"boite_liens\">02\/12\/2016<\/div>\n","protected":false},"excerpt":{"rendered":"<p>\u00a04 Devis gratuits pour un monte escalier \u00e0 Aubervilliers Vous voulez faire installer un monte escalier \u00e0 Aubervilliers ? Nous pouvons vous mettre en \u00a0relation directe avec\u00a04 installateurs en \u00cele de France et ainsi vous permettre d&rsquo;avoir des outils de comparaison fiables pour choisir votre installateur. Depuis plus de 5 ans nous mettons en contact [&hellip;]<\/p>\n","protected":false},"author":1,"featured_media":0,"parent":0,"menu_order":0,"comment_status":"closed","ping_status":"open","template":"template_ville_16.php","meta":{"_monsterinsights_skip_tracking":false,"_monsterinsights_sitenote_active":false,"_monsterinsights_sitenote_note":"","_monsterinsights_sitenote_category":0,"footnotes":""},"class_list":["post-971","page","type-page","status-publish","hentry"],"yoast_head":"<!-- This site is optimized with the Yoast SEO plugin v26.3 - https:\/\/yoast.com\/wordpress\/plugins\/seo\/ -->\n<title>Monte escalier Aubervilliers - Monte escalier<\/title>\n<meta name=\"description\" content=\"Monte escalier \u00e0 Aubervilliers : Trouvez un professionnel en quelques clics .\" \/>\n<meta name=\"robots\" content=\"index, follow, max-snippet:-1, max-image-preview:large, max-video-preview:-1\" \/>\n<link rel=\"canonical\" href=\"https:\/\/www.monteescalier.net\/france\/monte-escalier-aubervilliers\/\" \/>\n<meta property=\"og:locale\" content=\"fr_FR\" \/>\n<meta property=\"og:type\" content=\"article\" \/>\n<meta property=\"og:title\" content=\"Monte escalier Aubervilliers - Monte escalier\" \/>\n<meta property=\"og:description\" content=\"Monte escalier \u00e0 Aubervilliers : Trouvez un professionnel en quelques clics .\" \/>\n<meta property=\"og:url\" content=\"https:\/\/www.monteescalier.net\/france\/monte-escalier-aubervilliers\/\" \/>\n<meta property=\"og:site_name\" content=\"Monte escalier\" \/>\n<meta property=\"article:modified_time\" content=\"2021-11-09T15:48:06+00:00\" \/>\n<meta name=\"twitter:card\" content=\"summary_large_image\" \/>\n<meta name=\"twitter:label1\" content=\"Dur\u00e9e de lecture estim\u00e9e\" \/>\n\t<meta name=\"twitter:data1\" content=\"2 minutes\" \/>\n<script type=\"application\/ld+json\" class=\"yoast-schema-graph\">{\"@context\":\"https:\/\/schema.org\",\"@graph\":[{\"@type\":\"WebPage\",\"@id\":\"https:\/\/www.monteescalier.net\/france\/monte-escalier-aubervilliers\/\",\"url\":\"https:\/\/www.monteescalier.net\/france\/monte-escalier-aubervilliers\/\",\"name\":\"Monte escalier Aubervilliers - Monte escalier\",\"isPartOf\":{\"@id\":\"https:\/\/www.monteescalier.net\/france\/#website\"},\"datePublished\":\"2021-02-26T09:47:11+00:00\",\"dateModified\":\"2021-11-09T15:48:06+00:00\",\"description\":\"Monte escalier \u00e0 Aubervilliers : Trouvez un professionnel en quelques clics .\",\"breadcrumb\":{\"@id\":\"https:\/\/www.monteescalier.net\/france\/monte-escalier-aubervilliers\/#breadcrumb\"},\"inLanguage\":\"fr-FR\",\"potentialAction\":[{\"@type\":\"ReadAction\",\"target\":[\"https:\/\/www.monteescalier.net\/france\/monte-escalier-aubervilliers\/\"]}]},{\"@type\":\"BreadcrumbList\",\"@id\":\"https:\/\/www.monteescalier.net\/france\/monte-escalier-aubervilliers\/#breadcrumb\",\"itemListElement\":[{\"@type\":\"ListItem\",\"position\":1,\"name\":\"Accueil\",\"item\":\"https:\/\/www.monteescalier.net\/france\/\"},{\"@type\":\"ListItem\",\"position\":2,\"name\":\"Monte escalier Aubervilliers\"}]},{\"@type\":\"WebSite\",\"@id\":\"https:\/\/www.monteescalier.net\/france\/#website\",\"url\":\"https:\/\/www.monteescalier.net\/france\/\",\"name\":\"Monte escalier\",\"description\":\"\",\"publisher\":{\"@id\":\"https:\/\/www.monteescalier.net\/france\/#organization\"},\"potentialAction\":[{\"@type\":\"SearchAction\",\"target\":{\"@type\":\"EntryPoint\",\"urlTemplate\":\"https:\/\/www.monteescalier.net\/france\/?s={search_term_string}\"},\"query-input\":{\"@type\":\"PropertyValueSpecification\",\"valueRequired\":true,\"valueName\":\"search_term_string\"}}],\"inLanguage\":\"fr-FR\"},{\"@type\":\"Organization\",\"@id\":\"https:\/\/www.monteescalier.net\/france\/#organization\",\"name\":\"monte-escalier.net\",\"url\":\"https:\/\/www.monteescalier.net\/france\/\",\"logo\":{\"@type\":\"ImageObject\",\"inLanguage\":\"fr-FR\",\"@id\":\"https:\/\/www.monteescalier.net\/france\/#\/schema\/logo\/image\/\",\"url\":\"https:\/\/www.monteescalier.net\/france\/wp-content\/uploads\/2016\/10\/4devis-mont-escalier-500-500.gif\",\"contentUrl\":\"https:\/\/www.monteescalier.net\/france\/wp-content\/uploads\/2016\/10\/4devis-mont-escalier-500-500.gif\",\"width\":500,\"height\":500,\"caption\":\"monte-escalier.net\"},\"image\":{\"@id\":\"https:\/\/www.monteescalier.net\/france\/#\/schema\/logo\/image\/\"}}]}<\/script>\n<!-- \/ Yoast SEO plugin. -->","yoast_head_json":{"title":"Monte escalier Aubervilliers - Monte escalier","description":"Monte escalier \u00e0 Aubervilliers : Trouvez un professionnel en quelques clics .","robots":{"index":"index","follow":"follow","max-snippet":"max-snippet:-1","max-image-preview":"max-image-preview:large","max-video-preview":"max-video-preview:-1"},"canonical":"https:\/\/www.monteescalier.net\/france\/monte-escalier-aubervilliers\/","og_locale":"fr_FR","og_type":"article","og_title":"Monte escalier Aubervilliers - Monte escalier","og_description":"Monte escalier \u00e0 Aubervilliers : Trouvez un professionnel en quelques clics .","og_url":"https:\/\/www.monteescalier.net\/france\/monte-escalier-aubervilliers\/","og_site_name":"Monte escalier","article_modified_time":"2021-11-09T15:48:06+00:00","twitter_card":"summary_large_image","twitter_misc":{"Dur\u00e9e de lecture estim\u00e9e":"2 minutes"},"schema":{"@context":"https:\/\/schema.org","@graph":[{"@type":"WebPage","@id":"https:\/\/www.monteescalier.net\/france\/monte-escalier-aubervilliers\/","url":"https:\/\/www.monteescalier.net\/france\/monte-escalier-aubervilliers\/","name":"Monte escalier Aubervilliers - Monte escalier","isPartOf":{"@id":"https:\/\/www.monteescalier.net\/france\/#website"},"datePublished":"2021-02-26T09:47:11+00:00","dateModified":"2021-11-09T15:48:06+00:00","description":"Monte escalier \u00e0 Aubervilliers : Trouvez un professionnel en quelques clics .","breadcrumb":{"@id":"https:\/\/www.monteescalier.net\/france\/monte-escalier-aubervilliers\/#breadcrumb"},"inLanguage":"fr-FR","potentialAction":[{"@type":"ReadAction","target":["https:\/\/www.monteescalier.net\/france\/monte-escalier-aubervilliers\/"]}]},{"@type":"BreadcrumbList","@id":"https:\/\/www.monteescalier.net\/france\/monte-escalier-aubervilliers\/#breadcrumb","itemListElement":[{"@type":"ListItem","position":1,"name":"Accueil","item":"https:\/\/www.monteescalier.net\/france\/"},{"@type":"ListItem","position":2,"name":"Monte escalier Aubervilliers"}]},{"@type":"WebSite","@id":"https:\/\/www.monteescalier.net\/france\/#website","url":"https:\/\/www.monteescalier.net\/france\/","name":"Monte escalier","description":"","publisher":{"@id":"https:\/\/www.monteescalier.net\/france\/#organization"},"potentialAction":[{"@type":"SearchAction","target":{"@type":"EntryPoint","urlTemplate":"https:\/\/www.monteescalier.net\/france\/?s={search_term_string}"},"query-input":{"@type":"PropertyValueSpecification","valueRequired":true,"valueName":"search_term_string"}}],"inLanguage":"fr-FR"},{"@type":"Organization","@id":"https:\/\/www.monteescalier.net\/france\/#organization","name":"monte-escalier.net","url":"https:\/\/www.monteescalier.net\/france\/","logo":{"@type":"ImageObject","inLanguage":"fr-FR","@id":"https:\/\/www.monteescalier.net\/france\/#\/schema\/logo\/image\/","url":"https:\/\/www.monteescalier.net\/france\/wp-content\/uploads\/2016\/10\/4devis-mont-escalier-500-500.gif","contentUrl":"https:\/\/www.monteescalier.net\/france\/wp-content\/uploads\/2016\/10\/4devis-mont-escalier-500-500.gif","width":500,"height":500,"caption":"monte-escalier.net"},"image":{"@id":"https:\/\/www.monteescalier.net\/france\/#\/schema\/logo\/image\/"}}]}},"_links":{"self":[{"href":"https:\/\/www.monteescalier.net\/france\/wp-json\/wp\/v2\/pages\/971","targetHints":{"allow":["GET"]}}],"collection":[{"href":"https:\/\/www.monteescalier.net\/france\/wp-json\/wp\/v2\/pages"}],"about":[{"href":"https:\/\/www.monteescalier.net\/france\/wp-json\/wp\/v2\/types\/page"}],"author":[{"embeddable":true,"href":"https:\/\/www.monteescalier.net\/france\/wp-json\/wp\/v2\/users\/1"}],"replies":[{"embeddable":true,"href":"https:\/\/www.monteescalier.net\/france\/wp-json\/wp\/v2\/comments?post=971"}],"version-history":[{"count":4,"href":"https:\/\/www.monteescalier.net\/france\/wp-json\/wp\/v2\/pages\/971\/revisions"}],"predecessor-version":[{"id":7493,"href":"https:\/\/www.monteescalier.net\/france\/wp-json\/wp\/v2\/pages\/971\/revisions\/7493"}],"wp:attachment":[{"href":"https:\/\/www.monteescalier.net\/france\/wp-json\/wp\/v2\/media?parent=971"}],"curies":[{"name":"wp","href":"https:\/\/api.w.org\/{rel}","templated":true}]}}