{"id":973,"date":"2021-05-25T10:47:11","date_gmt":"2021-05-25T09:47:11","guid":{"rendered":"https:\/\/www.monteescalier.net\/france\/?page_id=973"},"modified":"2021-11-09T17:48:33","modified_gmt":"2021-11-09T16:48:33","slug":"monte-escalier-beziers","status":"publish","type":"page","link":"https:\/\/www.monteescalier.net\/france\/monte-escalier-beziers\/","title":{"rendered":"Monte escalier B\u00e9ziers"},"content":{"rendered":"<h1>Acheter\u00a0un monte escalier \u00e0 B\u00e9ziers<\/h1>\n<div class=\"boite_texte\">\n<div style=\"text-align: justify;\">Vous voulez faire installer un monte escalier \u00e0 B\u00e9ziers, monteescalier.net va vous y aider en vous permettant de recevoir\u00a0plusieurs propositions \u00e9manant des installateurs travaillant dans H\u00e9rault que nous avons s\u00e9lectionn\u00e9 pour vous.<\/div>\n<p>&nbsp;<\/p>\n<div style=\"text-align: justify;\">Monteescalier.net est un portail mettant en relation les acheteuret les vendeurs de monte escalier. Remplir une demande sur notre site, c&rsquo;est s&rsquo;assurer\u00a0de pouvoir \u00eatre mis en relation avec les principaux vendeurs de monte escalier de B\u00e9ziers, des prestataires s\u00e9lectionn\u00e9s qui sauront vous faire des propositions int\u00e9ressantes pour votre monte escalier.<\/div>\n<p>&nbsp;<\/p>\n<div style=\"text-align: justify;\">Obtenir 4 ou 5 devis pour votre monte escalier \u00e0 B\u00e9ziers, c&rsquo;est la premi\u00e8re prestation totalement gratuite que nous sommes en mesure de vous proposer. Pour profiter de ce service gratuit et sans obligation d&rsquo;achat, laissez nous vos coordonn\u00e9es dans notre formulaire de demande de devis et vous serez recontact\u00e9s tr\u00e8s prochainement par les professionnels du monte escalier sur B\u00e9ziers et sur tout l&rsquo;H\u00e9rault.<\/div>\n<p>&nbsp;<\/p>\n<div style=\"text-align: justify;\">Le monte escalier c&rsquo;est presque exclusivement\u00a0du sur mesure, car \u00e7a doit s&rsquo;adapter \u00e0 votre escalier et chaque escalier\u00a0est diff\u00e9rent et a ses propres sp\u00e9cificit\u00e9s. Dans la tr\u00e8s grande majorit\u00e9 des cas l&rsquo;installation du monte escalier est possible chez vous, m\u00eame si votre escalier est \u00e9troit ou qu&rsquo;il fait plusieurs virages. Pour vous en assurer remplissez une demande de rappel (en notant au pr\u00e9alable les dimensions de votre escalier). Plusieurs installateurs vous rappelleront sans d\u00e9lai, pour discuter avec vous du type de monte escalier qui s&rsquo;adaptera le mieux \u00e0 votre maison \u00e0 B\u00e9ziers.<\/div>\n<p>&nbsp;<\/p>\n<div style=\"text-align: justify;\">Quel mod\u00e8le de monte escalier choisir ? Pour vous aider \u00e0 r\u00e9pondre \u00e0 cette question, aidez vous avec de la documentation gratuite sur les monte escaliers. Nos partenaires revendeurs peuvent, en effet, vous faire parvenir de la documentation sur les mod\u00e8les qu&rsquo;ils proposent \u00e0 la vente et qui vous permettront sans doute d&rsquo;\u00e9tablir une pr\u00e9selection entre les diff\u00e9rents mod\u00e8les que vous pourriez faire poser chez vous.<\/div>\n<p>&nbsp;<\/p>\n<div style=\"text-align: justify;\">Combien vont vous co\u00fbter nos services de mise en relation ? R\u00e9ponse, z\u00e9ro euro,&#8230; alors o\u00f9 est le pi\u00e8ge ? Il n&rsquo;y en a aucun, notre offre est totalement sans engagement. Si les propositions de nos partenaires ne vous conviennent pas, vous restez totalement libre d&rsquo;aller voir ailleurs ! Nous n&rsquo;avons rien \u00e0 vous vendre, nous prenons pas de com&rsquo; sur le ventes&#8230;bref vous pouvez nous faire confiance pour vous mettre en relation avec les vendeurs&#8230;apr\u00e8s ce sera \u00e0 vous de jouer.<\/div>\n<\/div>\n<div style=\"text-align: justify;\"><\/div>\n<div style=\"text-align: justify;\">P.S. : Nous ne revendons pas vos donn\u00e9es pour un autre projet que celui de l&rsquo;installation de votre monte escalier !<\/div>\n<p>&nbsp;<\/p>\n<div class=\"titre_liens\">Vous habitez une autre ville du d\u00e9partement de l&rsquo;H\u00e9rault ? Regardez les liens suivants<\/div>\n<p>&nbsp;<\/p>\n<div class=\"boite_liens\"><a href=\"https:\/\/www.monteescalier.net\/france\/monte-escalier-sete\">Monte escalier S\u00e8te<\/a><br \/>\n<a href=\"https:\/\/www.monteescalier.net\/france\/monte-escalier-lunel\">Monte escalier Lunel<\/a><br \/>\n<a href=\"https:\/\/www.monteescalier.net\/france\/monte-escalier-frontignan\">Monte escalier Frontignan<\/a><br \/>\n<a href=\"https:\/\/www.monteescalier.net\/france\/monte-escalier-agde\">Monte escalier Agde<\/a><br \/>\n<a href=\"https:\/\/www.monteescalier.net\/france\/monte-escalier-lattes\">Monte escalier Lattes<\/a><\/div>\n","protected":false},"excerpt":{"rendered":"<p>Acheter\u00a0un monte escalier \u00e0 B\u00e9ziers Vous voulez faire installer un monte escalier \u00e0 B\u00e9ziers, monteescalier.net va vous y aider en vous permettant de recevoir\u00a0plusieurs propositions \u00e9manant des installateurs travaillant dans H\u00e9rault que nous avons s\u00e9lectionn\u00e9 pour vous. &nbsp; Monteescalier.net est un portail mettant en relation les acheteuret les vendeurs de monte escalier. Remplir une demande [&hellip;]<\/p>\n","protected":false},"author":1,"featured_media":0,"parent":0,"menu_order":0,"comment_status":"closed","ping_status":"open","template":"template_ville_18.php","meta":{"_monsterinsights_skip_tracking":false,"_monsterinsights_sitenote_active":false,"_monsterinsights_sitenote_note":"","_monsterinsights_sitenote_category":0,"footnotes":""},"class_list":["post-973","page","type-page","status-publish","hentry"],"yoast_head":"<!-- This site is optimized with the Yoast SEO plugin v26.3 - https:\/\/yoast.com\/wordpress\/plugins\/seo\/ -->\n<title>Monte escalier B\u00e9ziers - Monte escalier<\/title>\n<meta name=\"description\" content=\"Besoin d&#039;un monte escalier \u00e0 B\u00e9ziers ? Nous pouvons vous aider.\" \/>\n<meta name=\"robots\" content=\"index, follow, max-snippet:-1, max-image-preview:large, max-video-preview:-1\" \/>\n<link rel=\"canonical\" href=\"https:\/\/www.monteescalier.net\/france\/monte-escalier-beziers\/\" \/>\n<meta property=\"og:locale\" content=\"fr_FR\" \/>\n<meta property=\"og:type\" content=\"article\" \/>\n<meta property=\"og:title\" content=\"Monte escalier B\u00e9ziers - Monte escalier\" \/>\n<meta property=\"og:description\" content=\"Besoin d&#039;un monte escalier \u00e0 B\u00e9ziers ? Nous pouvons vous aider.\" \/>\n<meta property=\"og:url\" content=\"https:\/\/www.monteescalier.net\/france\/monte-escalier-beziers\/\" \/>\n<meta property=\"og:site_name\" content=\"Monte escalier\" \/>\n<meta property=\"article:modified_time\" content=\"2021-11-09T16:48:33+00:00\" \/>\n<meta name=\"twitter:card\" content=\"summary_large_image\" \/>\n<meta name=\"twitter:label1\" content=\"Dur\u00e9e de lecture estim\u00e9e\" \/>\n\t<meta name=\"twitter:data1\" content=\"2 minutes\" \/>\n<script type=\"application\/ld+json\" class=\"yoast-schema-graph\">{\"@context\":\"https:\/\/schema.org\",\"@graph\":[{\"@type\":\"WebPage\",\"@id\":\"https:\/\/www.monteescalier.net\/france\/monte-escalier-beziers\/\",\"url\":\"https:\/\/www.monteescalier.net\/france\/monte-escalier-beziers\/\",\"name\":\"Monte escalier B\u00e9ziers - Monte escalier\",\"isPartOf\":{\"@id\":\"https:\/\/www.monteescalier.net\/france\/#website\"},\"datePublished\":\"2021-05-25T09:47:11+00:00\",\"dateModified\":\"2021-11-09T16:48:33+00:00\",\"description\":\"Besoin d'un monte escalier \u00e0 B\u00e9ziers ? Nous pouvons vous aider.\",\"breadcrumb\":{\"@id\":\"https:\/\/www.monteescalier.net\/france\/monte-escalier-beziers\/#breadcrumb\"},\"inLanguage\":\"fr-FR\",\"potentialAction\":[{\"@type\":\"ReadAction\",\"target\":[\"https:\/\/www.monteescalier.net\/france\/monte-escalier-beziers\/\"]}]},{\"@type\":\"BreadcrumbList\",\"@id\":\"https:\/\/www.monteescalier.net\/france\/monte-escalier-beziers\/#breadcrumb\",\"itemListElement\":[{\"@type\":\"ListItem\",\"position\":1,\"name\":\"Accueil\",\"item\":\"https:\/\/www.monteescalier.net\/france\/\"},{\"@type\":\"ListItem\",\"position\":2,\"name\":\"Monte escalier B\u00e9ziers\"}]},{\"@type\":\"WebSite\",\"@id\":\"https:\/\/www.monteescalier.net\/france\/#website\",\"url\":\"https:\/\/www.monteescalier.net\/france\/\",\"name\":\"Monte escalier\",\"description\":\"\",\"publisher\":{\"@id\":\"https:\/\/www.monteescalier.net\/france\/#organization\"},\"potentialAction\":[{\"@type\":\"SearchAction\",\"target\":{\"@type\":\"EntryPoint\",\"urlTemplate\":\"https:\/\/www.monteescalier.net\/france\/?s={search_term_string}\"},\"query-input\":{\"@type\":\"PropertyValueSpecification\",\"valueRequired\":true,\"valueName\":\"search_term_string\"}}],\"inLanguage\":\"fr-FR\"},{\"@type\":\"Organization\",\"@id\":\"https:\/\/www.monteescalier.net\/france\/#organization\",\"name\":\"monte-escalier.net\",\"url\":\"https:\/\/www.monteescalier.net\/france\/\",\"logo\":{\"@type\":\"ImageObject\",\"inLanguage\":\"fr-FR\",\"@id\":\"https:\/\/www.monteescalier.net\/france\/#\/schema\/logo\/image\/\",\"url\":\"https:\/\/www.monteescalier.net\/france\/wp-content\/uploads\/2016\/10\/4devis-mont-escalier-500-500.gif\",\"contentUrl\":\"https:\/\/www.monteescalier.net\/france\/wp-content\/uploads\/2016\/10\/4devis-mont-escalier-500-500.gif\",\"width\":500,\"height\":500,\"caption\":\"monte-escalier.net\"},\"image\":{\"@id\":\"https:\/\/www.monteescalier.net\/france\/#\/schema\/logo\/image\/\"}}]}<\/script>\n<!-- \/ Yoast SEO plugin. -->","yoast_head_json":{"title":"Monte escalier B\u00e9ziers - Monte escalier","description":"Besoin d'un monte escalier \u00e0 B\u00e9ziers ? Nous pouvons vous aider.","robots":{"index":"index","follow":"follow","max-snippet":"max-snippet:-1","max-image-preview":"max-image-preview:large","max-video-preview":"max-video-preview:-1"},"canonical":"https:\/\/www.monteescalier.net\/france\/monte-escalier-beziers\/","og_locale":"fr_FR","og_type":"article","og_title":"Monte escalier B\u00e9ziers - Monte escalier","og_description":"Besoin d'un monte escalier \u00e0 B\u00e9ziers ? Nous pouvons vous aider.","og_url":"https:\/\/www.monteescalier.net\/france\/monte-escalier-beziers\/","og_site_name":"Monte escalier","article_modified_time":"2021-11-09T16:48:33+00:00","twitter_card":"summary_large_image","twitter_misc":{"Dur\u00e9e de lecture estim\u00e9e":"2 minutes"},"schema":{"@context":"https:\/\/schema.org","@graph":[{"@type":"WebPage","@id":"https:\/\/www.monteescalier.net\/france\/monte-escalier-beziers\/","url":"https:\/\/www.monteescalier.net\/france\/monte-escalier-beziers\/","name":"Monte escalier B\u00e9ziers - Monte escalier","isPartOf":{"@id":"https:\/\/www.monteescalier.net\/france\/#website"},"datePublished":"2021-05-25T09:47:11+00:00","dateModified":"2021-11-09T16:48:33+00:00","description":"Besoin d'un monte escalier \u00e0 B\u00e9ziers ? Nous pouvons vous aider.","breadcrumb":{"@id":"https:\/\/www.monteescalier.net\/france\/monte-escalier-beziers\/#breadcrumb"},"inLanguage":"fr-FR","potentialAction":[{"@type":"ReadAction","target":["https:\/\/www.monteescalier.net\/france\/monte-escalier-beziers\/"]}]},{"@type":"BreadcrumbList","@id":"https:\/\/www.monteescalier.net\/france\/monte-escalier-beziers\/#breadcrumb","itemListElement":[{"@type":"ListItem","position":1,"name":"Accueil","item":"https:\/\/www.monteescalier.net\/france\/"},{"@type":"ListItem","position":2,"name":"Monte escalier B\u00e9ziers"}]},{"@type":"WebSite","@id":"https:\/\/www.monteescalier.net\/france\/#website","url":"https:\/\/www.monteescalier.net\/france\/","name":"Monte escalier","description":"","publisher":{"@id":"https:\/\/www.monteescalier.net\/france\/#organization"},"potentialAction":[{"@type":"SearchAction","target":{"@type":"EntryPoint","urlTemplate":"https:\/\/www.monteescalier.net\/france\/?s={search_term_string}"},"query-input":{"@type":"PropertyValueSpecification","valueRequired":true,"valueName":"search_term_string"}}],"inLanguage":"fr-FR"},{"@type":"Organization","@id":"https:\/\/www.monteescalier.net\/france\/#organization","name":"monte-escalier.net","url":"https:\/\/www.monteescalier.net\/france\/","logo":{"@type":"ImageObject","inLanguage":"fr-FR","@id":"https:\/\/www.monteescalier.net\/france\/#\/schema\/logo\/image\/","url":"https:\/\/www.monteescalier.net\/france\/wp-content\/uploads\/2016\/10\/4devis-mont-escalier-500-500.gif","contentUrl":"https:\/\/www.monteescalier.net\/france\/wp-content\/uploads\/2016\/10\/4devis-mont-escalier-500-500.gif","width":500,"height":500,"caption":"monte-escalier.net"},"image":{"@id":"https:\/\/www.monteescalier.net\/france\/#\/schema\/logo\/image\/"}}]}},"_links":{"self":[{"href":"https:\/\/www.monteescalier.net\/france\/wp-json\/wp\/v2\/pages\/973","targetHints":{"allow":["GET"]}}],"collection":[{"href":"https:\/\/www.monteescalier.net\/france\/wp-json\/wp\/v2\/pages"}],"about":[{"href":"https:\/\/www.monteescalier.net\/france\/wp-json\/wp\/v2\/types\/page"}],"author":[{"embeddable":true,"href":"https:\/\/www.monteescalier.net\/france\/wp-json\/wp\/v2\/users\/1"}],"replies":[{"embeddable":true,"href":"https:\/\/www.monteescalier.net\/france\/wp-json\/wp\/v2\/comments?post=973"}],"version-history":[{"count":3,"href":"https:\/\/www.monteescalier.net\/france\/wp-json\/wp\/v2\/pages\/973\/revisions"}],"predecessor-version":[{"id":7475,"href":"https:\/\/www.monteescalier.net\/france\/wp-json\/wp\/v2\/pages\/973\/revisions\/7475"}],"wp:attachment":[{"href":"https:\/\/www.monteescalier.net\/france\/wp-json\/wp\/v2\/media?parent=973"}],"curies":[{"name":"wp","href":"https:\/\/api.w.org\/{rel}","templated":true}]}}