{"id":975,"date":"2019-04-25T10:47:11","date_gmt":"2019-04-25T09:47:11","guid":{"rendered":"https:\/\/www.monteescalier.net\/france\/?page_id=975"},"modified":"2020-01-15T15:30:31","modified_gmt":"2020-01-15T14:30:31","slug":"monte-escalier-saint-nazaire","status":"publish","type":"page","link":"https:\/\/www.monteescalier.net\/france\/monte-escalier-saint-nazaire\/","title":{"rendered":"Monte escalier Saint-Nazaire"},"content":{"rendered":"<h1>\u00a04 Devis de monte escalier \u00e0 Saint-Nazaire<\/h1>\n<div class=\"boite_texte\">\n<div style=\"text-align: justify;\">Vous voulez vous faire installer\u00a0un monte escalier \u00e0 Saint-Nazaire dans votre maison, avec l&rsquo;aide de\u00a0monteescalier.net vous allez voir qu&rsquo;il est possible de faire jouer la concurrence et d&rsquo;obtenir plus pour moins cher en comparant les prestations et les prix des installateurs de monte escalier de votre r\u00e9gion .<\/div>\n<p>&nbsp;<\/p>\n<div style=\"text-align: justify;\">Monteescalier.net est une plateforme mettant en contact\u00a0les acheteurs et les vendeurs de monte escalier de Saint Nazaire. Passer par notre site est ainsi l&rsquo;assurance de pouvoir \u00eatre mis en relation avec les principaux vendeurs de monte escalier de Saint-Nazaire et de toute la Loire Atlantique.<\/div>\n<p>&nbsp;<\/p>\n<div style=\"text-align: justify;\">Obtenir 4 ou 5 devis pour votre monte escalier \u00e0 Saint-Nazaire, c&rsquo;est la premi\u00e8re proposition\u00a0totalement gratuite que nous sommes en mesure de vous faire. Pour profiter de ce service gratuit et sans obligation d&rsquo;achat, laissez nous vos coordonn\u00e9es dans <a href=\"https:\/\/www.monteescalier.net\/devis-gratuit.php\">notre formulaire de demande de devis<\/a> et vous serez recontact\u00e9s tr\u00e8s prochainement par les professionnels du monte escalier de l&rsquo;ouest de la France qui peuvent travailler sur Saint Nazaire.<\/div>\n<p>&nbsp;<\/p>\n<div style=\"text-align: justify;\">L&rsquo;installation d&rsquo;un monte escalier est une op\u00e9ration assez\u00a0technique qui n\u00e9cessite une pr\u00e9paration minutieuse pour garantir votre s\u00e9curit\u00e9 sur le fauteuil monte escalier. Il est donc normal que vous vous posiez des questions sur cette installation. Pour lever vos h\u00e9sitations, nous vous proposons de remplir une demande de rappel afin que nos partenaires experts puissent vous rappeler et vous donner par t\u00e9l\u00e9phone leurs avis respectifs sur l&rsquo;installation\u00a0de votre monte escalier.<\/div>\n<p>&nbsp;<\/p>\n<div style=\"text-align: justify;\">Pour faire votre choix, vous pouvez aussi vouloir comparer les caract\u00e9ristiques d\u00e9taill\u00e9es des fauteuils monte escalier des diff\u00e9rentes marques disponibles \u00e0 la vente.le meilleur choix dans ce cas est de vous servir de notre formulaire de demande de documentation que vous trouverez sur notre site. Par courriel, vous recevrez gratuitement toutes les infos n\u00e9cessaires qui vous permettront de comparer \u00e0 t\u00eate repos\u00e9e les diff\u00e9rents mod\u00e8les de monte escalier. Remplissez bien toutes les informations, adresse, email , t\u00e9l\u00e9phone pour \u00eatre s\u00fbr d&rsquo;obtenir une r\u00e9ponse \u00a0!<\/div>\n<p>&nbsp;<\/p>\n<div>Demande de doc, demande de devis, demande de rappel sont des services totalement gratuits sur monteescalier.net, pas de co\u00fbt cach\u00e9s, pas d&rsquo;obligations. Vos demandes sont directement transmises \u00e0 nos prestataires partenaires desservant la ville de Saint-Nazaire et sa r\u00e9gion. Libre \u00e0 vous de signer avec celui de votre choix, ou aucun d&rsquo;entre eux si leurs propositions ne vous conviennent pas.<\/div>\n<p>&nbsp;<\/p>\n<\/div>\n<div class=\"titre_liens\">Voir aussi nos offres dans les villes voisines de Loire Atlantique<\/div>\n<p>&nbsp;<\/p>\n<div class=\"boite_liens\"><a href=\"https:\/\/www.monteescalier.net\/france\/monte-escalier-saint-herblain\">Monte escalier Saint-Herblain<\/a><br \/>\n<a href=\"https:\/\/www.monteescalier.net\/france\/monte-escalier-reze\">Monte escalier Rez\u00e9<\/a><br \/>\n<a href=\"https:\/\/www.monteescalier.net\/france\/monte-escalier-saint-sebastien-sur-loire\">Monte escalier Saint-S\u00e9bastien-sur-Loire<\/a><br \/>\n<a href=\"https:\/\/www.monteescalier.net\/france\/monte-escalier-orvault\">Monte escalier Orvault<\/a><br \/>\n<a href=\"https:\/\/www.monteescalier.net\/france\/monte-escalier-vertou\">Monte escalier Vertou<\/a><\/div>\n","protected":false},"excerpt":{"rendered":"<p>\u00a04 Devis de monte escalier \u00e0 Saint-Nazaire Vous voulez vous faire installer\u00a0un monte escalier \u00e0 Saint-Nazaire dans votre maison, avec l&rsquo;aide de\u00a0monteescalier.net vous allez voir qu&rsquo;il est possible de faire jouer la concurrence et d&rsquo;obtenir plus pour moins cher en comparant les prestations et les prix des installateurs de monte escalier de votre r\u00e9gion . [&hellip;]<\/p>\n","protected":false},"author":1,"featured_media":0,"parent":0,"menu_order":0,"comment_status":"closed","ping_status":"open","template":"template_ville_4.php","meta":{"_monsterinsights_skip_tracking":false,"_monsterinsights_sitenote_active":false,"_monsterinsights_sitenote_note":"","_monsterinsights_sitenote_category":0,"footnotes":""},"class_list":["post-975","page","type-page","status-publish","hentry"],"yoast_head":"<!-- This site is optimized with the Yoast SEO plugin v26.3 - https:\/\/yoast.com\/wordpress\/plugins\/seo\/ -->\n<title>Monte escalier Saint-Nazaire - Monte escalier<\/title>\n<meta name=\"robots\" content=\"index, follow, max-snippet:-1, max-image-preview:large, max-video-preview:-1\" \/>\n<link rel=\"canonical\" href=\"https:\/\/www.monteescalier.net\/france\/monte-escalier-saint-nazaire\/\" \/>\n<meta property=\"og:locale\" content=\"fr_FR\" \/>\n<meta property=\"og:type\" content=\"article\" \/>\n<meta property=\"og:title\" content=\"Monte escalier Saint-Nazaire - Monte escalier\" \/>\n<meta property=\"og:description\" content=\"\u00a04 Devis de monte escalier \u00e0 Saint-Nazaire Vous voulez vous faire installer\u00a0un monte escalier \u00e0 Saint-Nazaire dans votre maison, avec l&rsquo;aide de\u00a0monteescalier.net vous allez voir qu&rsquo;il est possible de faire jouer la concurrence et d&rsquo;obtenir plus pour moins cher en comparant les prestations et les prix des installateurs de monte escalier de votre r\u00e9gion . [&hellip;]\" \/>\n<meta property=\"og:url\" content=\"https:\/\/www.monteescalier.net\/france\/monte-escalier-saint-nazaire\/\" \/>\n<meta property=\"og:site_name\" content=\"Monte escalier\" \/>\n<meta property=\"article:modified_time\" content=\"2020-01-15T14:30:31+00:00\" \/>\n<meta name=\"twitter:card\" content=\"summary_large_image\" \/>\n<meta name=\"twitter:label1\" content=\"Dur\u00e9e de lecture estim\u00e9e\" \/>\n\t<meta name=\"twitter:data1\" content=\"2 minutes\" \/>\n<script type=\"application\/ld+json\" class=\"yoast-schema-graph\">{\"@context\":\"https:\/\/schema.org\",\"@graph\":[{\"@type\":\"WebPage\",\"@id\":\"https:\/\/www.monteescalier.net\/france\/monte-escalier-saint-nazaire\/\",\"url\":\"https:\/\/www.monteescalier.net\/france\/monte-escalier-saint-nazaire\/\",\"name\":\"Monte escalier Saint-Nazaire - Monte escalier\",\"isPartOf\":{\"@id\":\"https:\/\/www.monteescalier.net\/france\/#website\"},\"datePublished\":\"2019-04-25T09:47:11+00:00\",\"dateModified\":\"2020-01-15T14:30:31+00:00\",\"breadcrumb\":{\"@id\":\"https:\/\/www.monteescalier.net\/france\/monte-escalier-saint-nazaire\/#breadcrumb\"},\"inLanguage\":\"fr-FR\",\"potentialAction\":[{\"@type\":\"ReadAction\",\"target\":[\"https:\/\/www.monteescalier.net\/france\/monte-escalier-saint-nazaire\/\"]}]},{\"@type\":\"BreadcrumbList\",\"@id\":\"https:\/\/www.monteescalier.net\/france\/monte-escalier-saint-nazaire\/#breadcrumb\",\"itemListElement\":[{\"@type\":\"ListItem\",\"position\":1,\"name\":\"Accueil\",\"item\":\"https:\/\/www.monteescalier.net\/france\/\"},{\"@type\":\"ListItem\",\"position\":2,\"name\":\"Monte escalier Saint-Nazaire\"}]},{\"@type\":\"WebSite\",\"@id\":\"https:\/\/www.monteescalier.net\/france\/#website\",\"url\":\"https:\/\/www.monteescalier.net\/france\/\",\"name\":\"Monte escalier\",\"description\":\"\",\"publisher\":{\"@id\":\"https:\/\/www.monteescalier.net\/france\/#organization\"},\"potentialAction\":[{\"@type\":\"SearchAction\",\"target\":{\"@type\":\"EntryPoint\",\"urlTemplate\":\"https:\/\/www.monteescalier.net\/france\/?s={search_term_string}\"},\"query-input\":{\"@type\":\"PropertyValueSpecification\",\"valueRequired\":true,\"valueName\":\"search_term_string\"}}],\"inLanguage\":\"fr-FR\"},{\"@type\":\"Organization\",\"@id\":\"https:\/\/www.monteescalier.net\/france\/#organization\",\"name\":\"monte-escalier.net\",\"url\":\"https:\/\/www.monteescalier.net\/france\/\",\"logo\":{\"@type\":\"ImageObject\",\"inLanguage\":\"fr-FR\",\"@id\":\"https:\/\/www.monteescalier.net\/france\/#\/schema\/logo\/image\/\",\"url\":\"https:\/\/www.monteescalier.net\/france\/wp-content\/uploads\/2016\/10\/4devis-mont-escalier-500-500.gif\",\"contentUrl\":\"https:\/\/www.monteescalier.net\/france\/wp-content\/uploads\/2016\/10\/4devis-mont-escalier-500-500.gif\",\"width\":500,\"height\":500,\"caption\":\"monte-escalier.net\"},\"image\":{\"@id\":\"https:\/\/www.monteescalier.net\/france\/#\/schema\/logo\/image\/\"}}]}<\/script>\n<!-- \/ Yoast SEO plugin. -->","yoast_head_json":{"title":"Monte escalier Saint-Nazaire - Monte escalier","robots":{"index":"index","follow":"follow","max-snippet":"max-snippet:-1","max-image-preview":"max-image-preview:large","max-video-preview":"max-video-preview:-1"},"canonical":"https:\/\/www.monteescalier.net\/france\/monte-escalier-saint-nazaire\/","og_locale":"fr_FR","og_type":"article","og_title":"Monte escalier Saint-Nazaire - Monte escalier","og_description":"\u00a04 Devis de monte escalier \u00e0 Saint-Nazaire Vous voulez vous faire installer\u00a0un monte escalier \u00e0 Saint-Nazaire dans votre maison, avec l&rsquo;aide de\u00a0monteescalier.net vous allez voir qu&rsquo;il est possible de faire jouer la concurrence et d&rsquo;obtenir plus pour moins cher en comparant les prestations et les prix des installateurs de monte escalier de votre r\u00e9gion . [&hellip;]","og_url":"https:\/\/www.monteescalier.net\/france\/monte-escalier-saint-nazaire\/","og_site_name":"Monte escalier","article_modified_time":"2020-01-15T14:30:31+00:00","twitter_card":"summary_large_image","twitter_misc":{"Dur\u00e9e de lecture estim\u00e9e":"2 minutes"},"schema":{"@context":"https:\/\/schema.org","@graph":[{"@type":"WebPage","@id":"https:\/\/www.monteescalier.net\/france\/monte-escalier-saint-nazaire\/","url":"https:\/\/www.monteescalier.net\/france\/monte-escalier-saint-nazaire\/","name":"Monte escalier Saint-Nazaire - Monte escalier","isPartOf":{"@id":"https:\/\/www.monteescalier.net\/france\/#website"},"datePublished":"2019-04-25T09:47:11+00:00","dateModified":"2020-01-15T14:30:31+00:00","breadcrumb":{"@id":"https:\/\/www.monteescalier.net\/france\/monte-escalier-saint-nazaire\/#breadcrumb"},"inLanguage":"fr-FR","potentialAction":[{"@type":"ReadAction","target":["https:\/\/www.monteescalier.net\/france\/monte-escalier-saint-nazaire\/"]}]},{"@type":"BreadcrumbList","@id":"https:\/\/www.monteescalier.net\/france\/monte-escalier-saint-nazaire\/#breadcrumb","itemListElement":[{"@type":"ListItem","position":1,"name":"Accueil","item":"https:\/\/www.monteescalier.net\/france\/"},{"@type":"ListItem","position":2,"name":"Monte escalier Saint-Nazaire"}]},{"@type":"WebSite","@id":"https:\/\/www.monteescalier.net\/france\/#website","url":"https:\/\/www.monteescalier.net\/france\/","name":"Monte escalier","description":"","publisher":{"@id":"https:\/\/www.monteescalier.net\/france\/#organization"},"potentialAction":[{"@type":"SearchAction","target":{"@type":"EntryPoint","urlTemplate":"https:\/\/www.monteescalier.net\/france\/?s={search_term_string}"},"query-input":{"@type":"PropertyValueSpecification","valueRequired":true,"valueName":"search_term_string"}}],"inLanguage":"fr-FR"},{"@type":"Organization","@id":"https:\/\/www.monteescalier.net\/france\/#organization","name":"monte-escalier.net","url":"https:\/\/www.monteescalier.net\/france\/","logo":{"@type":"ImageObject","inLanguage":"fr-FR","@id":"https:\/\/www.monteescalier.net\/france\/#\/schema\/logo\/image\/","url":"https:\/\/www.monteescalier.net\/france\/wp-content\/uploads\/2016\/10\/4devis-mont-escalier-500-500.gif","contentUrl":"https:\/\/www.monteescalier.net\/france\/wp-content\/uploads\/2016\/10\/4devis-mont-escalier-500-500.gif","width":500,"height":500,"caption":"monte-escalier.net"},"image":{"@id":"https:\/\/www.monteescalier.net\/france\/#\/schema\/logo\/image\/"}}]}},"_links":{"self":[{"href":"https:\/\/www.monteescalier.net\/france\/wp-json\/wp\/v2\/pages\/975","targetHints":{"allow":["GET"]}}],"collection":[{"href":"https:\/\/www.monteescalier.net\/france\/wp-json\/wp\/v2\/pages"}],"about":[{"href":"https:\/\/www.monteescalier.net\/france\/wp-json\/wp\/v2\/types\/page"}],"author":[{"embeddable":true,"href":"https:\/\/www.monteescalier.net\/france\/wp-json\/wp\/v2\/users\/1"}],"replies":[{"embeddable":true,"href":"https:\/\/www.monteescalier.net\/france\/wp-json\/wp\/v2\/comments?post=975"}],"version-history":[{"count":3,"href":"https:\/\/www.monteescalier.net\/france\/wp-json\/wp\/v2\/pages\/975\/revisions"}],"predecessor-version":[{"id":7486,"href":"https:\/\/www.monteescalier.net\/france\/wp-json\/wp\/v2\/pages\/975\/revisions\/7486"}],"wp:attachment":[{"href":"https:\/\/www.monteescalier.net\/france\/wp-json\/wp\/v2\/media?parent=975"}],"curies":[{"name":"wp","href":"https:\/\/api.w.org\/{rel}","templated":true}]}}