{"id":977,"date":"2021-09-24T10:47:11","date_gmt":"2021-09-24T09:47:11","guid":{"rendered":"https:\/\/www.monteescalier.net\/france\/?page_id=977"},"modified":"2021-11-10T10:19:20","modified_gmt":"2021-11-10T09:19:20","slug":"monte-escalier-drancy","status":"publish","type":"page","link":"https:\/\/www.monteescalier.net\/france\/monte-escalier-drancy\/","title":{"rendered":"Monte escalier Drancy"},"content":{"rendered":"<h1>Vous recherchez un monte escalier \u00e0 Drancy (93)<\/h1>\n<div class=\"boite_texte\">\n<div style=\"text-align: justify;\">Votre d\u00e9cision est prise : il vous faut\u00a0un monte escalier \u00e0 Drancy dans votre maison. C&rsquo;est un achat important qui implique une r\u00e9flexion dans le choix du mod\u00e8le, de la marque et de l&rsquo;installateur de monte escalier. Monteescalier.net va vous simplifier la d\u00e9cision en \u00a0vous mettant\u00a0en relation avec notre s\u00e9lection d&rsquo;installateurs et revendeurs que nous avons choisis\u00a0pour vous en \u00cele de France.<\/div>\n<p>&nbsp;<\/p>\n<div style=\"text-align: justify;\">Nous oeuvrons depuis plusieurs ann\u00e9es pour mettre en relation les acqu\u00e9reurs potentiels de monte escalier et les vendeurs de la r\u00e9gion parisienne. Des dizaines d&rsquo;acquereurs ont trouv\u00e9 leur installateur par notre interm\u00e9diaire. Parce que nous sommes ind\u00e9pendants des marques et des r\u00e9seaux, parce que nous ne prenons ni frais ni commission sur le prix que vous allez payer, vous pouvez nous faire confiance pour vous mettre en contact avec lesvendeurs de monte escalier de la r\u00e9gion qui sauront vous satisfaire par leurs prix et leurs prestations haut de gamme.<\/div>\n<p>&nbsp;<\/p>\n<div style=\"text-align: justify;\">A quoi bon multipliez les demandes \u00e0 droite et \u00e0 gauche, alors que nous vous proposons gratuitement de centraliser votre demande aupr\u00e8s des professionnels du monte escalier de Drancy. Saisissez vite vos coordonn\u00e9es dans notre formulaire de demande de devis (en haut de cet article) et vous recevrez leurs propositions rapidement chez vous.<\/div>\n<div style=\"text-align: justify;\">Faire aboutir votre projet d&rsquo;achat de monte escalier sans vous d\u00e9placer, c&rsquo;est ce que notre site vous propose via notre formulaire de demande de rappel. Une fois compl\u00e9t\u00e9 avec vos coordonn\u00e9es, nos experts du monte escalier desservant Drancy, vous rappelleront tr\u00e8s vite pour \u00e9changer avec vous sur votre futur monte escalier.<\/div>\n<p>&nbsp;<\/p>\n<div style=\"text-align: justify;\">Vous \u00eates d\u00e9passe dans la multitude des marques et des mod\u00e8les de monte escalier, utilisez notre formulaire de documentation pour obtenir un maximum d&rsquo;informations sur le mat\u00e9riel vendu par nos partenaires vendeurs de monte escalier. Pr\u00e9cisez dans votre demande toutes vos coordonn\u00e9es pour recevoir par email au format \u00e9lectronique les documentations sur les mod\u00e8les propos\u00e9s par les installateurs que nous recommandons.<\/div>\n<p>&nbsp;<\/p>\n<div style=\"text-align: justify;\">Centralisez vos demandes sur les monte escalier gr\u00e2ce \u00e0 notre site enti\u00e8rement gratuit : un formulaire rempli = des contacts multiples avec les prestataires revendeurs de monte escalier \u00e0 Drancy et dans tout le d\u00e9partement. Si toutefois, les prestataires que nous avons pr\u00e9sent\u00e9s ne vous font pas de proposition int\u00e9ressante, libre \u00e0 vous d&rsquo;aller voir ailleurs. Une demande sur monteescalier.net ne vous engage absolument pas.<\/div>\n<p>&nbsp;<\/p>\n<\/div>\n<div class=\"titre_liens\">A c\u00f4t\u00e9 de chez vous nous travaillons aussi sur les communes suivantes d&rsquo;\u00eele de France<\/div>\n<p>&nbsp;<\/p>\n<div class=\"boite_liens\"><a href=\"https:\/\/www.monteescalier.net\/france\/monte-escalier-noisy-le-grand\">Monte escalier Noisy-le-Grand<\/a><br \/>\n<a href=\"https:\/\/www.monteescalier.net\/france\/monte-escalier-bondy\">Monte escalier Bondy<\/a><br \/>\n<a href=\"https:\/\/www.monteescalier.net\/france\/monte-escalier-pantin\">Monte escalier Pantin<\/a><br \/>\n<a href=\"https:\/\/www.monteescalier.net\/france\/monte-escalier-epinay-sur-seine\">Monte escalier \u00c9pinay-sur-Seine<\/a><br \/>\n<a href=\"https:\/\/www.monteescalier.net\/france\/monte-escalier-sevran\">Monte escalier Sevran<\/a><\/div>\n<div>MAJ: 24\/09\/18<\/div>\n","protected":false},"excerpt":{"rendered":"<p>Vous recherchez un monte escalier \u00e0 Drancy (93) Votre d\u00e9cision est prise : il vous faut\u00a0un monte escalier \u00e0 Drancy dans votre maison. C&rsquo;est un achat important qui implique une r\u00e9flexion dans le choix du mod\u00e8le, de la marque et de l&rsquo;installateur de monte escalier. Monteescalier.net va vous simplifier la d\u00e9cision en \u00a0vous mettant\u00a0en relation [&hellip;]<\/p>\n","protected":false},"author":1,"featured_media":0,"parent":0,"menu_order":0,"comment_status":"closed","ping_status":"closed","template":"template_ville_15.php","meta":{"_monsterinsights_skip_tracking":false,"_monsterinsights_sitenote_active":false,"_monsterinsights_sitenote_note":"","_monsterinsights_sitenote_category":0,"footnotes":""},"class_list":["post-977","page","type-page","status-publish","hentry"],"yoast_head":"<!-- This site is optimized with the Yoast SEO plugin v26.3 - https:\/\/yoast.com\/wordpress\/plugins\/seo\/ -->\n<title>Monte escalier Drancy - Monte escalier<\/title>\n<meta name=\"description\" content=\"Vous recherchez un monte-escalier \u00e0 Drancy - Retrouvez toutes les informations et conditions d&#039;achat aupr\u00e8s de nos partenaires en \u00cele-de-France.\" \/>\n<meta name=\"robots\" content=\"index, follow, max-snippet:-1, max-image-preview:large, max-video-preview:-1\" \/>\n<link rel=\"canonical\" href=\"https:\/\/www.monteescalier.net\/france\/monte-escalier-drancy\/\" \/>\n<meta property=\"og:locale\" content=\"fr_FR\" \/>\n<meta property=\"og:type\" content=\"article\" \/>\n<meta property=\"og:title\" content=\"Monte escalier Drancy - Monte escalier\" \/>\n<meta property=\"og:description\" content=\"Vous recherchez un monte-escalier \u00e0 Drancy - Retrouvez toutes les informations et conditions d&#039;achat aupr\u00e8s de nos partenaires en \u00cele-de-France.\" \/>\n<meta property=\"og:url\" content=\"https:\/\/www.monteescalier.net\/france\/monte-escalier-drancy\/\" \/>\n<meta property=\"og:site_name\" content=\"Monte escalier\" \/>\n<meta property=\"article:modified_time\" content=\"2021-11-10T09:19:20+00:00\" \/>\n<meta name=\"twitter:card\" content=\"summary_large_image\" \/>\n<meta name=\"twitter:label1\" content=\"Dur\u00e9e de lecture estim\u00e9e\" \/>\n\t<meta name=\"twitter:data1\" content=\"2 minutes\" \/>\n<script type=\"application\/ld+json\" class=\"yoast-schema-graph\">{\"@context\":\"https:\/\/schema.org\",\"@graph\":[{\"@type\":\"WebPage\",\"@id\":\"https:\/\/www.monteescalier.net\/france\/monte-escalier-drancy\/\",\"url\":\"https:\/\/www.monteescalier.net\/france\/monte-escalier-drancy\/\",\"name\":\"Monte escalier Drancy - Monte escalier\",\"isPartOf\":{\"@id\":\"https:\/\/www.monteescalier.net\/france\/#website\"},\"datePublished\":\"2021-09-24T09:47:11+00:00\",\"dateModified\":\"2021-11-10T09:19:20+00:00\",\"description\":\"Vous recherchez un monte-escalier \u00e0 Drancy - Retrouvez toutes les informations et conditions d'achat aupr\u00e8s de nos partenaires en \u00cele-de-France.\",\"breadcrumb\":{\"@id\":\"https:\/\/www.monteescalier.net\/france\/monte-escalier-drancy\/#breadcrumb\"},\"inLanguage\":\"fr-FR\",\"potentialAction\":[{\"@type\":\"ReadAction\",\"target\":[\"https:\/\/www.monteescalier.net\/france\/monte-escalier-drancy\/\"]}]},{\"@type\":\"BreadcrumbList\",\"@id\":\"https:\/\/www.monteescalier.net\/france\/monte-escalier-drancy\/#breadcrumb\",\"itemListElement\":[{\"@type\":\"ListItem\",\"position\":1,\"name\":\"Accueil\",\"item\":\"https:\/\/www.monteescalier.net\/france\/\"},{\"@type\":\"ListItem\",\"position\":2,\"name\":\"Monte escalier Drancy\"}]},{\"@type\":\"WebSite\",\"@id\":\"https:\/\/www.monteescalier.net\/france\/#website\",\"url\":\"https:\/\/www.monteescalier.net\/france\/\",\"name\":\"Monte escalier\",\"description\":\"\",\"publisher\":{\"@id\":\"https:\/\/www.monteescalier.net\/france\/#organization\"},\"potentialAction\":[{\"@type\":\"SearchAction\",\"target\":{\"@type\":\"EntryPoint\",\"urlTemplate\":\"https:\/\/www.monteescalier.net\/france\/?s={search_term_string}\"},\"query-input\":{\"@type\":\"PropertyValueSpecification\",\"valueRequired\":true,\"valueName\":\"search_term_string\"}}],\"inLanguage\":\"fr-FR\"},{\"@type\":\"Organization\",\"@id\":\"https:\/\/www.monteescalier.net\/france\/#organization\",\"name\":\"monte-escalier.net\",\"url\":\"https:\/\/www.monteescalier.net\/france\/\",\"logo\":{\"@type\":\"ImageObject\",\"inLanguage\":\"fr-FR\",\"@id\":\"https:\/\/www.monteescalier.net\/france\/#\/schema\/logo\/image\/\",\"url\":\"https:\/\/www.monteescalier.net\/france\/wp-content\/uploads\/2016\/10\/4devis-mont-escalier-500-500.gif\",\"contentUrl\":\"https:\/\/www.monteescalier.net\/france\/wp-content\/uploads\/2016\/10\/4devis-mont-escalier-500-500.gif\",\"width\":500,\"height\":500,\"caption\":\"monte-escalier.net\"},\"image\":{\"@id\":\"https:\/\/www.monteescalier.net\/france\/#\/schema\/logo\/image\/\"}}]}<\/script>\n<!-- \/ Yoast SEO plugin. -->","yoast_head_json":{"title":"Monte escalier Drancy - Monte escalier","description":"Vous recherchez un monte-escalier \u00e0 Drancy - Retrouvez toutes les informations et conditions d'achat aupr\u00e8s de nos partenaires en \u00cele-de-France.","robots":{"index":"index","follow":"follow","max-snippet":"max-snippet:-1","max-image-preview":"max-image-preview:large","max-video-preview":"max-video-preview:-1"},"canonical":"https:\/\/www.monteescalier.net\/france\/monte-escalier-drancy\/","og_locale":"fr_FR","og_type":"article","og_title":"Monte escalier Drancy - Monte escalier","og_description":"Vous recherchez un monte-escalier \u00e0 Drancy - Retrouvez toutes les informations et conditions d'achat aupr\u00e8s de nos partenaires en \u00cele-de-France.","og_url":"https:\/\/www.monteescalier.net\/france\/monte-escalier-drancy\/","og_site_name":"Monte escalier","article_modified_time":"2021-11-10T09:19:20+00:00","twitter_card":"summary_large_image","twitter_misc":{"Dur\u00e9e de lecture estim\u00e9e":"2 minutes"},"schema":{"@context":"https:\/\/schema.org","@graph":[{"@type":"WebPage","@id":"https:\/\/www.monteescalier.net\/france\/monte-escalier-drancy\/","url":"https:\/\/www.monteescalier.net\/france\/monte-escalier-drancy\/","name":"Monte escalier Drancy - Monte escalier","isPartOf":{"@id":"https:\/\/www.monteescalier.net\/france\/#website"},"datePublished":"2021-09-24T09:47:11+00:00","dateModified":"2021-11-10T09:19:20+00:00","description":"Vous recherchez un monte-escalier \u00e0 Drancy - Retrouvez toutes les informations et conditions d'achat aupr\u00e8s de nos partenaires en \u00cele-de-France.","breadcrumb":{"@id":"https:\/\/www.monteescalier.net\/france\/monte-escalier-drancy\/#breadcrumb"},"inLanguage":"fr-FR","potentialAction":[{"@type":"ReadAction","target":["https:\/\/www.monteescalier.net\/france\/monte-escalier-drancy\/"]}]},{"@type":"BreadcrumbList","@id":"https:\/\/www.monteescalier.net\/france\/monte-escalier-drancy\/#breadcrumb","itemListElement":[{"@type":"ListItem","position":1,"name":"Accueil","item":"https:\/\/www.monteescalier.net\/france\/"},{"@type":"ListItem","position":2,"name":"Monte escalier Drancy"}]},{"@type":"WebSite","@id":"https:\/\/www.monteescalier.net\/france\/#website","url":"https:\/\/www.monteescalier.net\/france\/","name":"Monte escalier","description":"","publisher":{"@id":"https:\/\/www.monteescalier.net\/france\/#organization"},"potentialAction":[{"@type":"SearchAction","target":{"@type":"EntryPoint","urlTemplate":"https:\/\/www.monteescalier.net\/france\/?s={search_term_string}"},"query-input":{"@type":"PropertyValueSpecification","valueRequired":true,"valueName":"search_term_string"}}],"inLanguage":"fr-FR"},{"@type":"Organization","@id":"https:\/\/www.monteescalier.net\/france\/#organization","name":"monte-escalier.net","url":"https:\/\/www.monteescalier.net\/france\/","logo":{"@type":"ImageObject","inLanguage":"fr-FR","@id":"https:\/\/www.monteescalier.net\/france\/#\/schema\/logo\/image\/","url":"https:\/\/www.monteescalier.net\/france\/wp-content\/uploads\/2016\/10\/4devis-mont-escalier-500-500.gif","contentUrl":"https:\/\/www.monteescalier.net\/france\/wp-content\/uploads\/2016\/10\/4devis-mont-escalier-500-500.gif","width":500,"height":500,"caption":"monte-escalier.net"},"image":{"@id":"https:\/\/www.monteescalier.net\/france\/#\/schema\/logo\/image\/"}}]}},"_links":{"self":[{"href":"https:\/\/www.monteescalier.net\/france\/wp-json\/wp\/v2\/pages\/977","targetHints":{"allow":["GET"]}}],"collection":[{"href":"https:\/\/www.monteescalier.net\/france\/wp-json\/wp\/v2\/pages"}],"about":[{"href":"https:\/\/www.monteescalier.net\/france\/wp-json\/wp\/v2\/types\/page"}],"author":[{"embeddable":true,"href":"https:\/\/www.monteescalier.net\/france\/wp-json\/wp\/v2\/users\/1"}],"replies":[{"embeddable":true,"href":"https:\/\/www.monteescalier.net\/france\/wp-json\/wp\/v2\/comments?post=977"}],"version-history":[{"count":8,"href":"https:\/\/www.monteescalier.net\/france\/wp-json\/wp\/v2\/pages\/977\/revisions"}],"predecessor-version":[{"id":8088,"href":"https:\/\/www.monteescalier.net\/france\/wp-json\/wp\/v2\/pages\/977\/revisions\/8088"}],"wp:attachment":[{"href":"https:\/\/www.monteescalier.net\/france\/wp-json\/wp\/v2\/media?parent=977"}],"curies":[{"name":"wp","href":"https:\/\/api.w.org\/{rel}","templated":true}]}}